{"id":16181,"date":"2025-10-20T13:52:52","date_gmt":"2025-10-20T10:52:52","guid":{"rendered":"https:\/\/idakorea.ee\/?post_type=product&#038;p=16181"},"modified":"2026-02-11T18:25:31","modified_gmt":"2026-02-11T16:25:31","slug":"skin1004-madagascar-centella-cream","status":"publish","type":"product","link":"https:\/\/idakorea.ee\/fi\/product\/skin1004-madagascar-centella-cream\/","title":{"rendered":"Ravitseva voide SKIN1004 Madagaskarin Centella-voide, 75ml"},"content":{"rendered":"<p data-start=\"0\" data-end=\"147\"><strong data-start=\"0\" data-end=\"38\">SKIN1004 Madagascar Centella Cream<\/strong> Kosteuttaa ja ravitsee ihoa palauttaen kosteustasapainon ja poistaen kuivuutta, hilseily\u00e4 ja kirist\u00e4v\u00e4n tunteen.<\/p>\n<p data-start=\"149\" data-end=\"350\">Voide tasoittaa ja pehment\u00e4\u00e4 ihoa, edist\u00e4\u00e4 pienten haavojen ja mikrovaurioiden paranemista sek\u00e4 vahvistaa hydrolipidisuojaa, joka pit\u00e4\u00e4 kosteuden epidermiksess\u00e4 ja suojaa ihoa haitallisilta aineilta.<\/p>\n<p data-start=\"352\" data-end=\"570\">\u00d6ljy-vedess\u00e4-teknologia, joka kapseloi \u00f6ljyhiukkaset vesimikrokapseleihin, antaa voiteelle tihe\u00e4n ja silkkisen koostumuksen ja varmistaa aktiivisten ainesosien syv\u00e4n imeytymisen. Tuote imeytyy t\u00e4ydellisesti eik\u00e4 j\u00e4t\u00e4 tahmeaa kerrosta.<\/p>\n<p data-start=\"572\" data-end=\"918\">P\u00e4\u00e4asiallinen vaikuttava aine on Centella Asiatica 9.8% -uute, jolla on rauhoittava ja uudistava vaikutus. Uute on saatu Madagaskarin ekologisesti puhtaalla alueella kasvatetuista kasveista. Centella Asiatica lievitt\u00e4\u00e4 \u00e4rsytyst\u00e4 ja punoitusta, vahvistaa kapillaarien sein\u00e4mi\u00e4, auttaa v\u00e4hent\u00e4m\u00e4\u00e4n kapillaariverkostoa ja torjuu couperosaa.<\/p>\n<p data-start=\"920\" data-end=\"948\"><strong data-start=\"920\" data-end=\"946\">Muita vaikuttavia aineita:<\/strong><\/p>\n<ul data-start=\"949\" data-end=\"1888\">\n<li data-start=\"949\" data-end=\"1135\">\n<p data-start=\"951\" data-end=\"1135\"><strong data-start=\"951\" data-end=\"1029\">TECA-kompleksi (asiatikosidi, madekassiinihappo, aasialainen happo, madekassosidi)<\/strong> \u2013 sis\u00e4lt\u00e4\u00e4 nelj\u00e4\u00e4 Centella-johdannaista, jotka korjaavat vaurioitunutta ihoa, vahvistavat ja ravitsevat sit\u00e4.<\/p>\n<\/li>\n<li data-start=\"1136\" data-end=\"1245\">\n<p data-start=\"1138\" data-end=\"1245\"><strong data-start=\"1138\" data-end=\"1150\">Skvala<\/strong> sill\u00e4 on antioksidanttinen vaikutus, se hidastaa ik\u00e4\u00e4ntymisen merkkej\u00e4 ja tukee solujen aineenvaihduntaa.<\/p>\n<\/li>\n<li data-start=\"1246\" data-end=\"1416\">\n<p data-start=\"1248\" data-end=\"1416\"><strong data-start=\"1248\" data-end=\"1280\">Niasiiniamidi (B3-vitamiini)<\/strong> s\u00e4\u00e4telee talin erityst\u00e4, v\u00e4hent\u00e4\u00e4 rasvaista kiiltoa, vaalentaa pigmenttimuutoksia, stimuloi kollageenin tuotantoa ja parantaa ihon kimmoisuutta.<\/p>\n<\/li>\n<li data-start=\"1417\" data-end=\"1559\">\n<p data-start=\"1419\" data-end=\"1559\"><strong data-start=\"1419\" data-end=\"1446\">Pantenoli (B5-vitamiini)<\/strong> nopeuttaa paranemista, rauhoittaa \u00e4rsytyst\u00e4 ja kutinaa, vahvistaa ihon suojakerrosta ja v\u00e4hent\u00e4\u00e4 kosteuden haihtumista.<\/p>\n<\/li>\n<li data-start=\"1560\" data-end=\"1694\">\n<p data-start=\"1562\" data-end=\"1694\"><strong data-start=\"1562\" data-end=\"1577\">Keramidit<\/strong> vahvistaa hydrolipidikerrosta, poistaa kuivuutta ja hilseily\u00e4 sek\u00e4 v\u00e4hent\u00e4\u00e4 herkkyytt\u00e4 ulkoisille tekij\u00f6ille.<\/p>\n<\/li>\n<li data-start=\"1695\" data-end=\"1796\">\n<p data-start=\"1697\" data-end=\"1796\"><strong data-start=\"1697\" data-end=\"1714\">Macadamia\u00f6ljy<\/strong> ravitsee ihoa, rikastuttaa sit\u00e4 vitamiineilla ja rasvahapoilla, pehment\u00e4\u00e4 sit\u00e4 ja imeytyy hyvin.<\/p>\n<\/li>\n<li data-start=\"1797\" data-end=\"1888\">\n<p data-start=\"1799\" data-end=\"1888\"><strong data-start=\"1799\" data-end=\"1811\">Sheavoi<\/strong> poistaa hilseily\u00e4, ehk\u00e4isee ennenaikaista ik\u00e4\u00e4ntymist\u00e4, ravitsee ja silottaa ihoa.<\/p>\n<\/li>\n<\/ul>\n<p data-start=\"1890\" data-end=\"1922\">Sopii kaikille ihotyypeille.<\/p>\n<p data-start=\"1924\" data-end=\"2053\" data-is-last-node=\"\" data-is-only-node=\"\"><strong data-start=\"1924\" data-end=\"1939\">K\u00e4ytt\u00f6:<\/strong> Puhdistuksen, kasvoveden ja seerumin j\u00e4lkeen levit\u00e4 voide kasvoillesi ja levit\u00e4 sit\u00e4 hell\u00e4varaisesti hierontalinjoja pitkin.<\/p>","protected":false},"excerpt":{"rendered":"<p>SKIN1004 Madagaskarin Centella-voide kosteuttaa ja ravitsee ihoa palauttaen kosteustasapainon ja poistaen kuivuutta, hilseily\u00e4 ja kireyden tunnetta. Voide tasoittaa ja pehment\u00e4\u00e4 ihoa, edist\u00e4\u00e4 pienten haavojen ja mikrovaurioiden paranemista sek\u00e4 vahvistaa hydrolipidikerrosta, joka pit\u00e4\u00e4 kosteuden epidermiksess\u00e4 ja suojaa ihoa haitallisilta aineilta. \u00d6ljy-vedess\u00e4-teknologia, joka kapseloi \u00f6ljyhiukkasia vesimikrokapseleihin, antaa voiteelle tihe\u00e4n ja silkkisen koostumuksen ja\u2026<\/p>","protected":false},"featured_media":16182,"comment_status":"open","ping_status":"closed","template":"","meta":{"_uf_show_specific_survey":0,"_uf_disable_surveys":false,"_bst_post_transparent":"default","_bst_post_title":"","_bst_post_layout":"default","_bst_post_sidebar_id":"","_bst_post_content_style":"default","_bst_post_vertical_padding":"default","_bst_post_feature":"","_bst_post_feature_position":"","_bst_post_header":false,"_bst_post_footer":false},"pwb-brand":[186],"product_brand":[],"product_cat":[92,96],"product_tag":[568,976,1004,1003],"class_list":{"0":"post-16181","1":"product","2":"type-product","3":"status-publish","4":"has-post-thumbnail","6":"pwb-brand-skin1004","7":"product_cat-nagu","8":"product_cat-naokreemid","9":"product_tag-korea","10":"product_tag-kreem","11":"product_tag-toitev","12":"product_tag-tsentella","14":"first","15":"instock","16":"sale","17":"shipping-taxable","18":"purchasable","19":"product-type-simple","20":"entry","21":"content-bg","22":"loop-entry"},"supplier_id":null,"supplier_sku":"","barcode":null,"atum_controlled":true,"out_stock_date":null,"out_stock_threshold":null,"inheritable":false,"inbound_stock":0,"stock_on_hold":0,"sold_today":0,"sales_last_days":0,"out_stock_days":0,"lost_sales":0,"has_location":false,"update_date":"2026-04-14T00:05:05","atum_locations":[],"atum_stock_status":"instock","restock_status":false,"low_stock_amount":"","sales_update_date":"2026-04-14T00:05:05","calc_backorders":null,"yoast_head":"<!-- This site is optimized with the Yoast SEO plugin v27.2 - https:\/\/yoast.com\/product\/yoast-seo-wordpress\/ -->\n<title>SKIN1004 Madagascar Centella Cream - IDA.KOREA<\/title>\n<meta name=\"description\" content=\"Kreem silub ja pehmendab nahka, soodustab v\u00e4ikeste haavade ja mikrokahjustuste paranemist ning tugevdab h\u00fcdrolipiidset barj\u00e4\u00e4ri. - Kiire tarne!\" \/>\n<meta name=\"robots\" content=\"index, follow, max-snippet:-1, max-image-preview:large, max-video-preview:-1\" \/>\n<link rel=\"canonical\" href=\"https:\/\/idakorea.ee\/fi\/product\/skin1004-madagascar-centella-cream\/\" \/>\n<meta property=\"og:locale\" content=\"fi_FI\" \/>\n<meta property=\"og:type\" content=\"article\" \/>\n<meta property=\"og:title\" content=\"SKIN1004 Madagascar Centella Cream - IDA.KOREA\" \/>\n<meta property=\"og:description\" content=\"Kreem silub ja pehmendab nahka, soodustab v\u00e4ikeste haavade ja mikrokahjustuste paranemist ning tugevdab h\u00fcdrolipiidset barj\u00e4\u00e4ri. - Kiire tarne!\" \/>\n<meta property=\"og:url\" content=\"https:\/\/idakorea.ee\/fi\/product\/skin1004-madagascar-centella-cream\/\" \/>\n<meta property=\"og:site_name\" content=\"IDA.KOREA\" \/>\n<meta property=\"article:modified_time\" content=\"2026-02-11T16:25:31+00:00\" \/>\n<meta property=\"og:image\" content=\"https:\/\/idakorea.ee\/wp-content\/uploads\/2025\/10\/skin1004-madagascar-centella-cream-idakorea.jpg\" \/>\n\t<meta property=\"og:image:width\" content=\"520\" \/>\n\t<meta property=\"og:image:height\" content=\"520\" \/>\n\t<meta property=\"og:image:type\" content=\"image\/jpeg\" \/>\n<meta name=\"twitter:card\" content=\"summary_large_image\" \/>\n<meta name=\"twitter:label1\" content=\"Arvioitu lukuaika\" \/>\n\t<meta name=\"twitter:data1\" content=\"2 minuuttia\" \/>\n<script type=\"application\/ld+json\" class=\"yoast-schema-graph\">{\"@context\":\"https:\/\/schema.org\",\"@graph\":[{\"@type\":\"WebPage\",\"@id\":\"https:\/\/idakorea.ee\/product\/skin1004-madagascar-centella-cream\/\",\"url\":\"https:\/\/idakorea.ee\/product\/skin1004-madagascar-centella-cream\/\",\"name\":\"SKIN1004 Madagascar Centella Cream - IDA.KOREA\",\"isPartOf\":{\"@id\":\"https:\/\/idakorea.ee\/#website\"},\"primaryImageOfPage\":{\"@id\":\"https:\/\/idakorea.ee\/product\/skin1004-madagascar-centella-cream\/#primaryimage\"},\"image\":{\"@id\":\"https:\/\/idakorea.ee\/product\/skin1004-madagascar-centella-cream\/#primaryimage\"},\"thumbnailUrl\":\"https:\/\/idakorea.ee\/wp-content\/uploads\/2025\/10\/skin1004-madagascar-centella-cream-idakorea.jpg\",\"datePublished\":\"2025-10-20T10:52:52+00:00\",\"dateModified\":\"2026-02-11T16:25:31+00:00\",\"description\":\"Kreem silub ja pehmendab nahka, soodustab v\u00e4ikeste haavade ja mikrokahjustuste paranemist ning tugevdab h\u00fcdrolipiidset barj\u00e4\u00e4ri. - Kiire tarne!\",\"breadcrumb\":{\"@id\":\"https:\/\/idakorea.ee\/product\/skin1004-madagascar-centella-cream\/#breadcrumb\"},\"inLanguage\":\"fi\",\"potentialAction\":[{\"@type\":\"ReadAction\",\"target\":[\"https:\/\/idakorea.ee\/product\/skin1004-madagascar-centella-cream\/\"]}]},{\"@type\":\"ImageObject\",\"inLanguage\":\"fi\",\"@id\":\"https:\/\/idakorea.ee\/product\/skin1004-madagascar-centella-cream\/#primaryimage\",\"url\":\"https:\/\/idakorea.ee\/wp-content\/uploads\/2025\/10\/skin1004-madagascar-centella-cream-idakorea.jpg\",\"contentUrl\":\"https:\/\/idakorea.ee\/wp-content\/uploads\/2025\/10\/skin1004-madagascar-centella-cream-idakorea.jpg\",\"width\":520,\"height\":520},{\"@type\":\"BreadcrumbList\",\"@id\":\"https:\/\/idakorea.ee\/product\/skin1004-madagascar-centella-cream\/#breadcrumb\",\"itemListElement\":[{\"@type\":\"ListItem\",\"position\":1,\"name\":\"\u0413\u043b\u0430\u0432\u043d\u0430\u044f \u0441\u0442\u0440\u0430\u043d\u0438\u0446\u0430\",\"item\":\"https:\/\/idakorea.ee\/\"},{\"@type\":\"ListItem\",\"position\":2,\"name\":\"Shop\",\"item\":\"https:\/\/idakorea.ee\/shop-2\/\"},{\"@type\":\"ListItem\",\"position\":3,\"name\":\"Toitev kreem SKIN1004 Madagascar Centella Cream, 75ml\"}]},{\"@type\":\"WebSite\",\"@id\":\"https:\/\/idakorea.ee\/#website\",\"url\":\"https:\/\/idakorea.ee\/\",\"name\":\"IDA.KOREA\",\"description\":\"Korea kosmeetika e-pood\",\"publisher\":{\"@id\":\"https:\/\/idakorea.ee\/#organization\"},\"alternateName\":\"Beauty Shop\",\"potentialAction\":[{\"@type\":\"SearchAction\",\"target\":{\"@type\":\"EntryPoint\",\"urlTemplate\":\"https:\/\/idakorea.ee\/?s={search_term_string}\"},\"query-input\":{\"@type\":\"PropertyValueSpecification\",\"valueRequired\":true,\"valueName\":\"search_term_string\"}}],\"inLanguage\":\"fi\"},{\"@type\":\"Organization\",\"@id\":\"https:\/\/idakorea.ee\/#organization\",\"name\":\"IDA.KOREA\",\"url\":\"https:\/\/idakorea.ee\/\",\"logo\":{\"@type\":\"ImageObject\",\"inLanguage\":\"fi\",\"@id\":\"https:\/\/idakorea.ee\/#\/schema\/logo\/image\/\",\"url\":\"https:\/\/idakorea.ee\/wp-content\/uploads\/2024\/05\/cropped-korea3.png\",\"contentUrl\":\"https:\/\/idakorea.ee\/wp-content\/uploads\/2024\/05\/cropped-korea3.png\",\"width\":688,\"height\":126,\"caption\":\"IDA.KOREA\"},\"image\":{\"@id\":\"https:\/\/idakorea.ee\/#\/schema\/logo\/image\/\"},\"sameAs\":[\"https:\/\/www.instagram.com\/ida.korea\/\"]}]}<\/script>\n<!-- \/ Yoast SEO plugin. -->","yoast_head_json":{"title":"SKIN1004 Madagaskarin Centella-voide - EAST.KOREA","description":"Voide silottaa ja pehment\u00e4\u00e4 ihoa, edist\u00e4\u00e4 pienten haavojen ja mikrovaurioiden paranemista ja vahvistaa hydrolipidisuojaa. - Nopea toimitus!","robots":{"index":"index","follow":"follow","max-snippet":"max-snippet:-1","max-image-preview":"max-image-preview:large","max-video-preview":"max-video-preview:-1"},"canonical":"https:\/\/idakorea.ee\/fi\/product\/skin1004-madagascar-centella-cream\/","og_locale":"fi_FI","og_type":"article","og_title":"SKIN1004 Madagascar Centella Cream - IDA.KOREA","og_description":"Kreem silub ja pehmendab nahka, soodustab v\u00e4ikeste haavade ja mikrokahjustuste paranemist ning tugevdab h\u00fcdrolipiidset barj\u00e4\u00e4ri. - Kiire tarne!","og_url":"https:\/\/idakorea.ee\/fi\/product\/skin1004-madagascar-centella-cream\/","og_site_name":"IDA.KOREA","article_modified_time":"2026-02-11T16:25:31+00:00","og_image":[{"width":520,"height":520,"url":"https:\/\/idakorea.ee\/wp-content\/uploads\/2025\/10\/skin1004-madagascar-centella-cream-idakorea.jpg","type":"image\/jpeg"}],"twitter_card":"summary_large_image","twitter_misc":{"Arvioitu lukuaika":"2 minuuttia"},"schema":{"@context":"https:\/\/schema.org","@graph":[{"@type":"WebPage","@id":"https:\/\/idakorea.ee\/product\/skin1004-madagascar-centella-cream\/","url":"https:\/\/idakorea.ee\/product\/skin1004-madagascar-centella-cream\/","name":"SKIN1004 Madagaskarin Centella-voide - EAST.KOREA","isPartOf":{"@id":"https:\/\/idakorea.ee\/#website"},"primaryImageOfPage":{"@id":"https:\/\/idakorea.ee\/product\/skin1004-madagascar-centella-cream\/#primaryimage"},"image":{"@id":"https:\/\/idakorea.ee\/product\/skin1004-madagascar-centella-cream\/#primaryimage"},"thumbnailUrl":"https:\/\/idakorea.ee\/wp-content\/uploads\/2025\/10\/skin1004-madagascar-centella-cream-idakorea.jpg","datePublished":"2025-10-20T10:52:52+00:00","dateModified":"2026-02-11T16:25:31+00:00","description":"Voide silottaa ja pehment\u00e4\u00e4 ihoa, edist\u00e4\u00e4 pienten haavojen ja mikrovaurioiden paranemista ja vahvistaa hydrolipidisuojaa. - Nopea toimitus!","breadcrumb":{"@id":"https:\/\/idakorea.ee\/product\/skin1004-madagascar-centella-cream\/#breadcrumb"},"inLanguage":"fi","potentialAction":[{"@type":"ReadAction","target":["https:\/\/idakorea.ee\/product\/skin1004-madagascar-centella-cream\/"]}]},{"@type":"ImageObject","inLanguage":"fi","@id":"https:\/\/idakorea.ee\/product\/skin1004-madagascar-centella-cream\/#primaryimage","url":"https:\/\/idakorea.ee\/wp-content\/uploads\/2025\/10\/skin1004-madagascar-centella-cream-idakorea.jpg","contentUrl":"https:\/\/idakorea.ee\/wp-content\/uploads\/2025\/10\/skin1004-madagascar-centella-cream-idakorea.jpg","width":520,"height":520},{"@type":"BreadcrumbList","@id":"https:\/\/idakorea.ee\/product\/skin1004-madagascar-centella-cream\/#breadcrumb","itemListElement":[{"@type":"ListItem","position":1,"name":"\u0413\u043b\u0430\u0432\u043d\u0430\u044f \u0441\u0442\u0440\u0430\u043d\u0438\u0446\u0430","item":"https:\/\/idakorea.ee\/"},{"@type":"ListItem","position":2,"name":"Shop","item":"https:\/\/idakorea.ee\/shop-2\/"},{"@type":"ListItem","position":3,"name":"Toitev kreem SKIN1004 Madagascar Centella Cream, 75ml"}]},{"@type":"WebSite","@id":"https:\/\/idakorea.ee\/#website","url":"https:\/\/idakorea.ee\/","name":"IDA.KOREA","description":"Korean kosmetiikan verkkokauppa","publisher":{"@id":"https:\/\/idakorea.ee\/#organization"},"alternateName":"Beauty Shop","potentialAction":[{"@type":"SearchAction","target":{"@type":"EntryPoint","urlTemplate":"https:\/\/idakorea.ee\/?s={search_term_string}"},"query-input":{"@type":"PropertyValueSpecification","valueRequired":true,"valueName":"search_term_string"}}],"inLanguage":"fi"},{"@type":"Organization","@id":"https:\/\/idakorea.ee\/#organization","name":"IDA.KOREA","url":"https:\/\/idakorea.ee\/","logo":{"@type":"ImageObject","inLanguage":"fi","@id":"https:\/\/idakorea.ee\/#\/schema\/logo\/image\/","url":"https:\/\/idakorea.ee\/wp-content\/uploads\/2024\/05\/cropped-korea3.png","contentUrl":"https:\/\/idakorea.ee\/wp-content\/uploads\/2024\/05\/cropped-korea3.png","width":688,"height":126,"caption":"IDA.KOREA"},"image":{"@id":"https:\/\/idakorea.ee\/#\/schema\/logo\/image\/"},"sameAs":["https:\/\/www.instagram.com\/ida.korea\/"]}]}},"jetpack_sharing_enabled":true,"brands":[{"id":186,"name":"SKIN1004","slug":"skin1004"}],"_links":{"self":[{"href":"https:\/\/idakorea.ee\/fi\/wp-json\/wp\/v2\/product\/16181","targetHints":{"allow":["GET"]}}],"collection":[{"href":"https:\/\/idakorea.ee\/fi\/wp-json\/wp\/v2\/product"}],"about":[{"href":"https:\/\/idakorea.ee\/fi\/wp-json\/wp\/v2\/types\/product"}],"replies":[{"embeddable":true,"href":"https:\/\/idakorea.ee\/fi\/wp-json\/wp\/v2\/comments?post=16181"}],"version-history":[{"count":2,"href":"https:\/\/idakorea.ee\/fi\/wp-json\/wp\/v2\/product\/16181\/revisions"}],"predecessor-version":[{"id":16186,"href":"https:\/\/idakorea.ee\/fi\/wp-json\/wp\/v2\/product\/16181\/revisions\/16186"}],"wp:featuredmedia":[{"embeddable":true,"href":"https:\/\/idakorea.ee\/fi\/wp-json\/wp\/v2\/media\/16182"}],"wp:attachment":[{"href":"https:\/\/idakorea.ee\/fi\/wp-json\/wp\/v2\/media?parent=16181"}],"wp:term":[{"taxonomy":"pwb-brand","embeddable":true,"href":"https:\/\/idakorea.ee\/fi\/wp-json\/wp\/v2\/pwb-brand?post=16181"},{"taxonomy":"product_brand","embeddable":true,"href":"https:\/\/idakorea.ee\/fi\/wp-json\/wp\/v2\/product_brand?post=16181"},{"taxonomy":"product_cat","embeddable":true,"href":"https:\/\/idakorea.ee\/fi\/wp-json\/wp\/v2\/product_cat?post=16181"},{"taxonomy":"product_tag","embeddable":true,"href":"https:\/\/idakorea.ee\/fi\/wp-json\/wp\/v2\/product_tag?post=16181"}],"curies":[{"name":"wp","href":"https:\/\/api.w.org\/{rel}","templated":true}]}}