{"id":16202,"date":"2025-10-22T14:34:05","date_gmt":"2025-10-22T11:34:05","guid":{"rendered":"https:\/\/idakorea.ee\/?post_type=product&#038;p=16202"},"modified":"2026-01-29T14:17:01","modified_gmt":"2026-01-29T12:17:01","slug":"beauty-advent-calendar-2025","status":"publish","type":"product","link":"https:\/\/idakorea.ee\/fi\/product\/beauty-advent-calendar-2025\/","title":{"rendered":"Beauty Advent Calendar 2025"},"content":{"rendered":"<p data-start=\"0\" data-end=\"475\"><strong data-start=\"0\" data-end=\"29\">MiiN Advent Calendar 2025<\/strong> Yhdist\u00e4\u00e4 parhaan korealaisesta kosmetiikasta: 24 tuotetta tehokkailla aktiiviaineilla, joiden vaikutukset on tieteellisesti todistettu \u2013 retinoli, mantelihappo, useita happokomplekseja, peptidej\u00e4 ja paljon muuta. Setti sis\u00e4lt\u00e4\u00e4 sek\u00e4 t\u00e4ysikokoisia ett\u00e4 matkakokoisia tuotteita kasvoille, vartalolle, hiuksille ja meikille. Mukana tulee rajoitetun er\u00e4n pehmopussi, johon voit k\u00e4tev\u00e4sti ottaa kaiken mukaasi. Ainutlaatuinen er\u00e4, joka auttaa paljastamaan uudistuneen, s\u00e4teilev\u00e4n ja suojatun ihon.<\/p>\n<p data-start=\"477\" data-end=\"504\"><strong data-start=\"481\" data-end=\"504\">OMINAISUUDET JA KOOSTUMUS<\/strong><\/p>\n<ul data-start=\"505\" data-end=\"1177\" data-is-last-node=\"\" data-is-only-node=\"\">\n<li data-start=\"505\" data-end=\"622\">\n<p data-start=\"507\" data-end=\"622\">Sis\u00e4lt\u00e4\u00e4 v\u00e4hint\u00e4\u00e4n 24 tuotetta (kasvojen, vartalon, hiusten ja meikin hoitotuotteita sek\u00e4 asusteita) normaalissa tai matkakoossa.<\/p>\n<\/li>\n<li data-start=\"623\" data-end=\"808\">\n<p data-start=\"625\" data-end=\"808\">T\u00e4rkeimm\u00e4t vaikuttavat aineosat: 0.1% retinoli, 5% mantelihappo, useita kuorivia happoja, peptidej\u00e4 ja rauhoittavia uutteita, kuten aloe vera- ja lootusuute, sek\u00e4 bakuchioli.<\/p>\n<\/li>\n<li data-start=\"809\" data-end=\"977\">\n<p data-start=\"811\" data-end=\"977\">Suunniteltu kattamaan kaikki korealaisen kauneusrituaalin vaiheet: puhdistuksen, kuorinnan, kasvoveden, kasvohoidon, naamion, aurinkosuojan, silm\u00e4nymp\u00e4ryshoidon sek\u00e4 vartalon ja hiusten hoidon.<\/p>\n<\/li>\n<li data-start=\"978\" data-end=\"1084\">\n<p data-start=\"980\" data-end=\"1084\">Mukana tulee rajoitetun er\u00e4n pehmopussi, jota voi k\u00e4ytt\u00e4\u00e4 tuotteiden kantamiseen tai uudelleenk\u00e4ytt\u00f6\u00f6n.<\/p>\n<\/li>\n<li data-start=\"1085\" data-end=\"1125\">\n<p data-start=\"1087\" data-end=\"1125\">Arvioitu markkina-arvo: <strong>440 \u20ac.<\/strong><\/p>\n<\/li>\n<li data-start=\"1126\" data-end=\"1177\" data-is-last-node=\"\">\n<p data-start=\"1128\" data-end=\"1177\" data-is-last-node=\"\">Rajoitettu m\u00e4\u00e4r\u00e4, saatavilla yksinoikeudella.<\/p>\n<\/li>\n<\/ul>","protected":false},"excerpt":{"rendered":"<p>MiiN-joulukalenteri 2025 yhdist\u00e4\u00e4 parhaat puolet korealaisesta kosmetiikasta: 24 tuotetta tehokkailla aktiiviaineilla, joiden vaikutukset on tieteellisesti todistettu \u2014 retinoli, mantelihappo, useita happokomplekseja, peptidej\u00e4 ja paljon muuta. Setti sis\u00e4lt\u00e4\u00e4 sek\u00e4 t\u00e4ysikokoisia ett\u00e4 matkakokoisia tuotteita kasvoille, vartalolle, hiuksille ja meikille. Mukana tulee rajoitetun er\u00e4n pehmopussi, jossa voit k\u00e4tev\u00e4sti kantaa kaikkea mukanasi. Eksklusiivinen painos, joka\u2026<\/p>","protected":false},"featured_media":16201,"comment_status":"open","ping_status":"closed","template":"","meta":{"_uf_show_specific_survey":0,"_uf_disable_surveys":false,"_bst_post_transparent":"default","_bst_post_title":"","_bst_post_layout":"default","_bst_post_sidebar_id":"","_bst_post_content_style":"default","_bst_post_vertical_padding":"default","_bst_post_feature":"","_bst_post_feature_position":"","_bst_post_header":false,"_bst_post_footer":false},"pwb-brand":[],"product_brand":[],"product_cat":[95],"product_tag":[],"class_list":{"0":"post-16202","1":"product","2":"type-product","3":"status-publish","4":"has-post-thumbnail","6":"product_cat-komplektid","8":"first","9":"outofstock","10":"sale","11":"shipping-taxable","12":"purchasable","13":"product-type-simple","14":"entry","15":"content-bg","16":"loop-entry"},"supplier_id":null,"supplier_sku":"","barcode":null,"atum_controlled":true,"out_stock_date":"2025-10-23 12:32:16","out_stock_threshold":null,"inheritable":false,"inbound_stock":0,"stock_on_hold":0,"sold_today":0,"sales_last_days":0,"out_stock_days":172,"lost_sales":13759,"has_location":false,"update_date":"2026-04-14T00:05:08","atum_locations":[],"atum_stock_status":"outofstock","restock_status":false,"low_stock_amount":"","sales_update_date":"2026-04-14T00:05:08","calc_backorders":null,"yoast_head":"<!-- This site is optimized with the Yoast SEO plugin v27.2 - https:\/\/yoast.com\/product\/yoast-seo-wordpress\/ -->\n<title>Beauty Advent Calendar 2025 - IDA.KOREA<\/title>\n<meta name=\"robots\" content=\"index, follow, max-snippet:-1, max-image-preview:large, max-video-preview:-1\" \/>\n<link rel=\"canonical\" href=\"https:\/\/idakorea.ee\/fi\/product\/beauty-advent-calendar-2025\/\" \/>\n<meta property=\"og:locale\" content=\"fi_FI\" \/>\n<meta property=\"og:type\" content=\"article\" \/>\n<meta property=\"og:title\" content=\"Beauty Advent Calendar 2025 - IDA.KOREA\" \/>\n<meta property=\"og:description\" content=\"MiiN Advent Calendar 2025 \u00fchendab endas parima Korea kosmeetikast: 24 t\u00f5husate toimeainetega toodet, mille m\u00f5ju on teaduslikult t\u00f5estatud \u2014 retinool, mandelhape, mitmed happekompleksid, peptiidid ja palju muud. Komplektis on nii t\u00e4issuuruses kui ka reisiformaadis tooteid n\u00e4ole, kehale, juustele ja meigile. Kaasas on piiratud koguses puhvis kott, kuhu saad k\u00f5ik mugavalt kaasa v\u00f5tta. Eksklusiivne v\u00e4ljaanne, mis...\" \/>\n<meta property=\"og:url\" content=\"https:\/\/idakorea.ee\/fi\/product\/beauty-advent-calendar-2025\/\" \/>\n<meta property=\"og:site_name\" content=\"IDA.KOREA\" \/>\n<meta property=\"article:modified_time\" content=\"2026-01-29T12:17:01+00:00\" \/>\n<meta property=\"og:image\" content=\"https:\/\/idakorea.ee\/wp-content\/uploads\/2025\/10\/calendario_adv2.webp\" \/>\n\t<meta property=\"og:image:width\" content=\"1200\" \/>\n\t<meta property=\"og:image:height\" content=\"1200\" \/>\n\t<meta property=\"og:image:type\" content=\"image\/webp\" \/>\n<meta name=\"twitter:card\" content=\"summary_large_image\" \/>\n<meta name=\"twitter:label1\" content=\"Arvioitu lukuaika\" \/>\n\t<meta name=\"twitter:data1\" content=\"1 minuutti\" \/>\n<script type=\"application\/ld+json\" class=\"yoast-schema-graph\">{\"@context\":\"https:\/\/schema.org\",\"@graph\":[{\"@type\":\"WebPage\",\"@id\":\"https:\/\/idakorea.ee\/product\/beauty-advent-calendar-2025\/\",\"url\":\"https:\/\/idakorea.ee\/product\/beauty-advent-calendar-2025\/\",\"name\":\"Beauty Advent Calendar 2025 - IDA.KOREA\",\"isPartOf\":{\"@id\":\"https:\/\/idakorea.ee\/#website\"},\"primaryImageOfPage\":{\"@id\":\"https:\/\/idakorea.ee\/product\/beauty-advent-calendar-2025\/#primaryimage\"},\"image\":{\"@id\":\"https:\/\/idakorea.ee\/product\/beauty-advent-calendar-2025\/#primaryimage\"},\"thumbnailUrl\":\"https:\/\/idakorea.ee\/wp-content\/uploads\/2025\/10\/calendario_adv2.webp\",\"datePublished\":\"2025-10-22T11:34:05+00:00\",\"dateModified\":\"2026-01-29T12:17:01+00:00\",\"breadcrumb\":{\"@id\":\"https:\/\/idakorea.ee\/product\/beauty-advent-calendar-2025\/#breadcrumb\"},\"inLanguage\":\"fi\",\"potentialAction\":[{\"@type\":\"ReadAction\",\"target\":[\"https:\/\/idakorea.ee\/product\/beauty-advent-calendar-2025\/\"]}]},{\"@type\":\"ImageObject\",\"inLanguage\":\"fi\",\"@id\":\"https:\/\/idakorea.ee\/product\/beauty-advent-calendar-2025\/#primaryimage\",\"url\":\"https:\/\/idakorea.ee\/wp-content\/uploads\/2025\/10\/calendario_adv2.webp\",\"contentUrl\":\"https:\/\/idakorea.ee\/wp-content\/uploads\/2025\/10\/calendario_adv2.webp\",\"width\":1200,\"height\":1200},{\"@type\":\"BreadcrumbList\",\"@id\":\"https:\/\/idakorea.ee\/product\/beauty-advent-calendar-2025\/#breadcrumb\",\"itemListElement\":[{\"@type\":\"ListItem\",\"position\":1,\"name\":\"\u0413\u043b\u0430\u0432\u043d\u0430\u044f \u0441\u0442\u0440\u0430\u043d\u0438\u0446\u0430\",\"item\":\"https:\/\/idakorea.ee\/\"},{\"@type\":\"ListItem\",\"position\":2,\"name\":\"Shop\",\"item\":\"https:\/\/idakorea.ee\/shop-2\/\"},{\"@type\":\"ListItem\",\"position\":3,\"name\":\"Beauty Advent Calendar 2025\"}]},{\"@type\":\"WebSite\",\"@id\":\"https:\/\/idakorea.ee\/#website\",\"url\":\"https:\/\/idakorea.ee\/\",\"name\":\"IDA.KOREA\",\"description\":\"Korea kosmeetika e-pood\",\"publisher\":{\"@id\":\"https:\/\/idakorea.ee\/#organization\"},\"alternateName\":\"Beauty Shop\",\"potentialAction\":[{\"@type\":\"SearchAction\",\"target\":{\"@type\":\"EntryPoint\",\"urlTemplate\":\"https:\/\/idakorea.ee\/?s={search_term_string}\"},\"query-input\":{\"@type\":\"PropertyValueSpecification\",\"valueRequired\":true,\"valueName\":\"search_term_string\"}}],\"inLanguage\":\"fi\"},{\"@type\":\"Organization\",\"@id\":\"https:\/\/idakorea.ee\/#organization\",\"name\":\"IDA.KOREA\",\"url\":\"https:\/\/idakorea.ee\/\",\"logo\":{\"@type\":\"ImageObject\",\"inLanguage\":\"fi\",\"@id\":\"https:\/\/idakorea.ee\/#\/schema\/logo\/image\/\",\"url\":\"https:\/\/idakorea.ee\/wp-content\/uploads\/2024\/05\/cropped-korea3.png\",\"contentUrl\":\"https:\/\/idakorea.ee\/wp-content\/uploads\/2024\/05\/cropped-korea3.png\",\"width\":688,\"height\":126,\"caption\":\"IDA.KOREA\"},\"image\":{\"@id\":\"https:\/\/idakorea.ee\/#\/schema\/logo\/image\/\"},\"sameAs\":[\"https:\/\/www.instagram.com\/ida.korea\/\"]}]}<\/script>\n<!-- \/ Yoast SEO plugin. -->","yoast_head_json":{"title":"Kauneusjoulukalenteri 2025 - EAST.KOREA","robots":{"index":"index","follow":"follow","max-snippet":"max-snippet:-1","max-image-preview":"max-image-preview:large","max-video-preview":"max-video-preview:-1"},"canonical":"https:\/\/idakorea.ee\/fi\/product\/beauty-advent-calendar-2025\/","og_locale":"fi_FI","og_type":"article","og_title":"Beauty Advent Calendar 2025 - IDA.KOREA","og_description":"MiiN Advent Calendar 2025 \u00fchendab endas parima Korea kosmeetikast: 24 t\u00f5husate toimeainetega toodet, mille m\u00f5ju on teaduslikult t\u00f5estatud \u2014 retinool, mandelhape, mitmed happekompleksid, peptiidid ja palju muud. Komplektis on nii t\u00e4issuuruses kui ka reisiformaadis tooteid n\u00e4ole, kehale, juustele ja meigile. Kaasas on piiratud koguses puhvis kott, kuhu saad k\u00f5ik mugavalt kaasa v\u00f5tta. Eksklusiivne v\u00e4ljaanne, mis...","og_url":"https:\/\/idakorea.ee\/fi\/product\/beauty-advent-calendar-2025\/","og_site_name":"IDA.KOREA","article_modified_time":"2026-01-29T12:17:01+00:00","og_image":[{"width":1200,"height":1200,"url":"https:\/\/idakorea.ee\/wp-content\/uploads\/2025\/10\/calendario_adv2.webp","type":"image\/webp"}],"twitter_card":"summary_large_image","twitter_misc":{"Arvioitu lukuaika":"1 minuutti"},"schema":{"@context":"https:\/\/schema.org","@graph":[{"@type":"WebPage","@id":"https:\/\/idakorea.ee\/product\/beauty-advent-calendar-2025\/","url":"https:\/\/idakorea.ee\/product\/beauty-advent-calendar-2025\/","name":"Kauneusjoulukalenteri 2025 - EAST.KOREA","isPartOf":{"@id":"https:\/\/idakorea.ee\/#website"},"primaryImageOfPage":{"@id":"https:\/\/idakorea.ee\/product\/beauty-advent-calendar-2025\/#primaryimage"},"image":{"@id":"https:\/\/idakorea.ee\/product\/beauty-advent-calendar-2025\/#primaryimage"},"thumbnailUrl":"https:\/\/idakorea.ee\/wp-content\/uploads\/2025\/10\/calendario_adv2.webp","datePublished":"2025-10-22T11:34:05+00:00","dateModified":"2026-01-29T12:17:01+00:00","breadcrumb":{"@id":"https:\/\/idakorea.ee\/product\/beauty-advent-calendar-2025\/#breadcrumb"},"inLanguage":"fi","potentialAction":[{"@type":"ReadAction","target":["https:\/\/idakorea.ee\/product\/beauty-advent-calendar-2025\/"]}]},{"@type":"ImageObject","inLanguage":"fi","@id":"https:\/\/idakorea.ee\/product\/beauty-advent-calendar-2025\/#primaryimage","url":"https:\/\/idakorea.ee\/wp-content\/uploads\/2025\/10\/calendario_adv2.webp","contentUrl":"https:\/\/idakorea.ee\/wp-content\/uploads\/2025\/10\/calendario_adv2.webp","width":1200,"height":1200},{"@type":"BreadcrumbList","@id":"https:\/\/idakorea.ee\/product\/beauty-advent-calendar-2025\/#breadcrumb","itemListElement":[{"@type":"ListItem","position":1,"name":"\u0413\u043b\u0430\u0432\u043d\u0430\u044f \u0441\u0442\u0440\u0430\u043d\u0438\u0446\u0430","item":"https:\/\/idakorea.ee\/"},{"@type":"ListItem","position":2,"name":"Shop","item":"https:\/\/idakorea.ee\/shop-2\/"},{"@type":"ListItem","position":3,"name":"Beauty Advent Calendar 2025"}]},{"@type":"WebSite","@id":"https:\/\/idakorea.ee\/#website","url":"https:\/\/idakorea.ee\/","name":"IDA.KOREA","description":"Korean kosmetiikan verkkokauppa","publisher":{"@id":"https:\/\/idakorea.ee\/#organization"},"alternateName":"Beauty Shop","potentialAction":[{"@type":"SearchAction","target":{"@type":"EntryPoint","urlTemplate":"https:\/\/idakorea.ee\/?s={search_term_string}"},"query-input":{"@type":"PropertyValueSpecification","valueRequired":true,"valueName":"search_term_string"}}],"inLanguage":"fi"},{"@type":"Organization","@id":"https:\/\/idakorea.ee\/#organization","name":"IDA.KOREA","url":"https:\/\/idakorea.ee\/","logo":{"@type":"ImageObject","inLanguage":"fi","@id":"https:\/\/idakorea.ee\/#\/schema\/logo\/image\/","url":"https:\/\/idakorea.ee\/wp-content\/uploads\/2024\/05\/cropped-korea3.png","contentUrl":"https:\/\/idakorea.ee\/wp-content\/uploads\/2024\/05\/cropped-korea3.png","width":688,"height":126,"caption":"IDA.KOREA"},"image":{"@id":"https:\/\/idakorea.ee\/#\/schema\/logo\/image\/"},"sameAs":["https:\/\/www.instagram.com\/ida.korea\/"]}]}},"jetpack_sharing_enabled":true,"brands":[],"_links":{"self":[{"href":"https:\/\/idakorea.ee\/fi\/wp-json\/wp\/v2\/product\/16202","targetHints":{"allow":["GET"]}}],"collection":[{"href":"https:\/\/idakorea.ee\/fi\/wp-json\/wp\/v2\/product"}],"about":[{"href":"https:\/\/idakorea.ee\/fi\/wp-json\/wp\/v2\/types\/product"}],"replies":[{"embeddable":true,"href":"https:\/\/idakorea.ee\/fi\/wp-json\/wp\/v2\/comments?post=16202"}],"version-history":[{"count":1,"href":"https:\/\/idakorea.ee\/fi\/wp-json\/wp\/v2\/product\/16202\/revisions"}],"predecessor-version":[{"id":16203,"href":"https:\/\/idakorea.ee\/fi\/wp-json\/wp\/v2\/product\/16202\/revisions\/16203"}],"wp:featuredmedia":[{"embeddable":true,"href":"https:\/\/idakorea.ee\/fi\/wp-json\/wp\/v2\/media\/16201"}],"wp:attachment":[{"href":"https:\/\/idakorea.ee\/fi\/wp-json\/wp\/v2\/media?parent=16202"}],"wp:term":[{"taxonomy":"pwb-brand","embeddable":true,"href":"https:\/\/idakorea.ee\/fi\/wp-json\/wp\/v2\/pwb-brand?post=16202"},{"taxonomy":"product_brand","embeddable":true,"href":"https:\/\/idakorea.ee\/fi\/wp-json\/wp\/v2\/product_brand?post=16202"},{"taxonomy":"product_cat","embeddable":true,"href":"https:\/\/idakorea.ee\/fi\/wp-json\/wp\/v2\/product_cat?post=16202"},{"taxonomy":"product_tag","embeddable":true,"href":"https:\/\/idakorea.ee\/fi\/wp-json\/wp\/v2\/product_tag?post=16202"}],"curies":[{"name":"wp","href":"https:\/\/api.w.org\/{rel}","templated":true}]}}