{"id":16232,"date":"2025-10-24T10:14:54","date_gmt":"2025-10-24T07:14:54","guid":{"rendered":"https:\/\/idakorea.ee\/?post_type=product&#038;p=16232"},"modified":"2026-04-11T16:19:36","modified_gmt":"2026-04-11T14:19:36","slug":"vt-cosmetics-collagen-reedle-shot-100","status":"publish","type":"product","link":"https:\/\/idakorea.ee\/fi\/product\/vt-cosmetics-collagen-reedle-shot-100\/","title":{"rendered":"Tehosteseerumi mikroneuloilla ja kollageenilla VT Cosmetics Collagen Reedle Shot 100"},"content":{"rendered":"<p data-start=\"0\" data-end=\"153\"><strong data-start=\"0\" data-end=\"56\">VT Cosmetics Collagen Reedle Shot 100 <\/strong>Tehosteseerumi parantaa ihon kimmoisuutta ja kiinteytt\u00e4, v\u00e4hent\u00e4\u00e4 ryppyjen n\u00e4kymist\u00e4 ja supistaa laajentuneita ihohuokosia.<\/p>\n<p data-start=\"155\" data-end=\"374\">Tuote hidastaa ensimm\u00e4isi\u00e4 ik\u00e4\u00e4ntymisen merkkej\u00e4 ja antaa iholle terveen, s\u00e4teilev\u00e4n s\u00e4vyn. Tasoittaa ihon rakennetta, tekee siit\u00e4 kiinte\u00e4mm\u00e4n ja tasaisemman. Seerumin t\u00e4ytel\u00e4inen ja ravitseva koostumus kosteuttaa ihoa heti levityksen j\u00e4lkeen.<\/p>\n<p data-start=\"376\" data-end=\"621\">Vaikuttavat ainesosat tunkeutuvat syv\u00e4lle ihoon erityisen koostumuksen ansiosta. <strong data-start=\"449\" data-end=\"464\">CicaReedle\u2122<\/strong> teknologia \u2013 mineraalikuoresta koostuvat mikrohiukkaset. Ne eiv\u00e4t ainoastaan kuljeta aktiivisia ainesosia, vaan my\u00f6s stimuloivat solujen uusiutumista.<\/p>\n<p data-start=\"623\" data-end=\"647\"><strong>T\u00e4rkeimm\u00e4t vaikuttavat aineet:<\/strong><\/p>\n<ul data-start=\"648\" data-end=\"1771\">\n<li data-start=\"648\" data-end=\"847\">\n<p data-start=\"650\" data-end=\"847\"><strong data-start=\"650\" data-end=\"663\">Kollaasit<\/strong> pehment\u00e4\u00e4 ihoa, parantaa mikroreliefi\u00e4, tarjoaa pitk\u00e4kestoista kosteutusta ja auttaa silottamaan ryppyj\u00e4. VT Cosmetics k\u00e4ytt\u00e4\u00e4 pienimolekyylipainoista kollageenia (500 Da), joka imeytyy erityisen hyvin.<\/p>\n<\/li>\n<li data-start=\"848\" data-end=\"1107\">\n<p data-start=\"850\" data-end=\"1107\"><strong data-start=\"850\" data-end=\"865\">Cicahyalon\u2122<\/strong> \u2013 vihre\u00e4n propoliksen uutteen, Centella asiatica -kasvin vaikuttavien aineiden (madecassoside, madecasshape, asiaticoside ja aasiahappo) ja hyaluronihapon yhdistelm\u00e4. Lievitt\u00e4\u00e4 \u00e4rsytyst\u00e4 ja punoitusta, kosteuttaa ja tukee ihon kimmoisuutta.<\/p>\n<\/li>\n<li data-start=\"1108\" data-end=\"1237\">\n<p data-start=\"1110\" data-end=\"1237\"><strong data-start=\"1110\" data-end=\"1125\">Maidon proteiinit<\/strong> Tasoittaa ihon pintaa, ravitsee ja rikastuttaa sit\u00e4 aminohapoilla, antaen iholle sis\u00e4ist\u00e4 hehkua ja ehk\u00e4isten kuivumista.<\/p>\n<\/li>\n<li data-start=\"1238\" data-end=\"1366\">\n<p data-start=\"1240\" data-end=\"1366\"><strong data-start=\"1240\" data-end=\"1253\">Adenos<\/strong> \u2013 ik\u00e4\u00e4ntymist\u00e4 est\u00e4v\u00e4 ainesosa, joka stimuloi kollageenisynteesi\u00e4 ja vastaa ihon vahvuudesta ja kimmoisuudesta.<\/p>\n<\/li>\n<li data-start=\"1367\" data-end=\"1525\">\n<p data-start=\"1369\" data-end=\"1525\"><strong data-start=\"1369\" data-end=\"1400\">Niasiiniamidi (B3-vitamiini)<\/strong> Tasapainottaa talirauhasten erityst\u00e4, v\u00e4hent\u00e4\u00e4 kiiltoa, tasoittaa ihon s\u00e4vy\u00e4, vaalentaa pigmenttimuutoksia ja edist\u00e4\u00e4 kollageenin tuotantoa.<\/p>\n<\/li>\n<li data-start=\"1526\" data-end=\"1624\">\n<p data-start=\"1528\" data-end=\"1624\"><strong data-start=\"1528\" data-end=\"1545\">Macadamia\u00f6ljy<\/strong> ravitsee, rikastuttaa vitamiineilla ja rasvahapoilla, pehment\u00e4\u00e4 ja imeytyy nopeasti.<\/p>\n<\/li>\n<li data-start=\"1625\" data-end=\"1771\">\n<p data-start=\"1627\" data-end=\"1771\"><strong data-start=\"1627\" data-end=\"1654\">Tokoferoli (E-vitamiini)<\/strong> suojaa soluja vapailta radikaaleilta, auttaa ehk\u00e4isem\u00e4\u00e4n ryppyj\u00e4 ja yll\u00e4pit\u00e4m\u00e4\u00e4n ihon kimmoisuutta ja sileytt\u00e4.<\/p>\n<\/li>\n<\/ul>\n<p data-start=\"1773\" data-end=\"1805\">Sopii kaikille ihotyypeille.<\/p>\n<p data-start=\"1807\" data-end=\"1822\"><strong>K\u00e4ytt\u00f6:<\/strong><\/p>\n<p data-start=\"1823\" data-end=\"1987\">Levit\u00e4 tarvittava m\u00e4\u00e4r\u00e4 seerumia aiemmin puhdistetulle iholle, levit\u00e4 tasaisesti sormillasi ja anna imeyty\u00e4 kokonaan. Jatka sitten kasvovedell\u00e4 ja kosteusvoiteella.<\/p>\n<p data-start=\"1989\" data-end=\"2214\" data-is-last-node=\"\" data-is-only-node=\"\"><strong data-start=\"1992\" data-end=\"2007\">Huomio!<\/strong> Levityksen j\u00e4lkeen saattaa esiinty\u00e4 liev\u00e4\u00e4 pistely\u00e4. Ei ole suositeltavaa k\u00e4ytt\u00e4\u00e4 tuotetta heti ihotautitoimenpiteiden j\u00e4lkeen, jotka vaurioittavat sarveiskerrosta (kuten kuorinnat, laitetoimenpiteet tai injektiot).<\/p>","protected":false},"excerpt":{"rendered":"<p>VT Cosmetics Collagen Reedle Shot 100 tehoseerumi parantaa ihon kimmoisuutta ja kiinteytt\u00e4, v\u00e4hent\u00e4\u00e4 ryppyjen n\u00e4kymist\u00e4 ja supistaa laajentuneita ihohuokosia. Tuote hidastaa ensimm\u00e4isi\u00e4 ik\u00e4\u00e4ntymisen merkkej\u00e4 ja antaa iholle terveen, s\u00e4teilev\u00e4n s\u00e4vyn. Tasoittaa ihon rakennetta, tekee siit\u00e4 kiinte\u00e4mm\u00e4n ja tasaisemman. Rikkaan ja ravitsevan koostumuksen omaava seerumi kosteuttaa ihoa heti levityksen j\u00e4lkeen. Aktiiviset ainesosat tunkeutuvat syv\u00e4lle ihoon erityisen CicaReedle\u2122-teknologian ansiosta\u2026<\/p>","protected":false},"featured_media":16233,"comment_status":"open","ping_status":"closed","template":"","meta":{"_uf_show_specific_survey":0,"_uf_disable_surveys":false,"_bst_post_transparent":"default","_bst_post_title":"","_bst_post_layout":"default","_bst_post_sidebar_id":"","_bst_post_content_style":"default","_bst_post_vertical_padding":"default","_bst_post_feature":"","_bst_post_feature_position":"","_bst_post_header":false,"_bst_post_footer":false},"pwb-brand":[493],"product_brand":[],"product_cat":[92,97],"product_tag":[624,1006],"class_list":{"0":"post-16232","1":"product","2":"type-product","3":"status-publish","4":"has-post-thumbnail","6":"pwb-brand-vt","7":"product_cat-nagu","8":"product_cat-naoseerumid-ja-olid","9":"product_tag-reedle","10":"product_tag-vt-collagen","12":"first","13":"instock","14":"sale","15":"shipping-taxable","16":"purchasable","17":"product-type-variable","18":"has-default-attributes","19":"entry","20":"content-bg","21":"loop-entry"},"supplier_id":null,"supplier_sku":"","barcode":null,"atum_controlled":true,"out_stock_date":null,"out_stock_threshold":null,"inheritable":true,"inbound_stock":0,"stock_on_hold":0,"sold_today":0,"sales_last_days":2,"out_stock_days":0,"lost_sales":0,"has_location":false,"update_date":"2026-04-14T00:05:10","atum_locations":[],"atum_stock_status":"instock","restock_status":false,"low_stock_amount":"","sales_update_date":"2026-04-14T00:05:10","calc_backorders":null,"yoast_head":"<!-- This site is optimized with the Yoast SEO plugin v27.2 - https:\/\/yoast.com\/product\/yoast-seo-wordpress\/ -->\n<title>VT Cosmetics Collagen Reedle Shot 100 - IDA.KOREA<\/title>\n<meta name=\"description\" content=\"Booster-seerum VT Cosmetics Collagen Reedle Shot 100 parandab naha elastsust ja tugevust, v\u00e4hendab kortse ja poore. - Kiire tarne!\" \/>\n<meta name=\"robots\" content=\"index, follow, max-snippet:-1, max-image-preview:large, max-video-preview:-1\" \/>\n<link rel=\"canonical\" href=\"https:\/\/idakorea.ee\/fi\/product\/vt-cosmetics-collagen-reedle-shot-100\/\" \/>\n<meta property=\"og:locale\" content=\"fi_FI\" \/>\n<meta property=\"og:type\" content=\"article\" \/>\n<meta property=\"og:title\" content=\"VT Cosmetics Collagen Reedle Shot 100 - IDA.KOREA\" \/>\n<meta property=\"og:description\" content=\"Booster-seerum VT Cosmetics Collagen Reedle Shot 100 parandab naha elastsust ja tugevust, v\u00e4hendab kortse ja poore. - Kiire tarne!\" \/>\n<meta property=\"og:url\" content=\"https:\/\/idakorea.ee\/fi\/product\/vt-cosmetics-collagen-reedle-shot-100\/\" \/>\n<meta property=\"og:site_name\" content=\"IDA.KOREA\" \/>\n<meta property=\"article:modified_time\" content=\"2026-04-11T14:19:36+00:00\" \/>\n<meta property=\"og:image\" content=\"https:\/\/idakorea.ee\/wp-content\/uploads\/2025\/10\/reedle-shot-collagen-100-idakorea.png\" \/>\n\t<meta property=\"og:image:width\" content=\"1200\" \/>\n\t<meta property=\"og:image:height\" content=\"1200\" \/>\n\t<meta property=\"og:image:type\" content=\"image\/png\" \/>\n<meta name=\"twitter:card\" content=\"summary_large_image\" \/>\n<meta name=\"twitter:label1\" content=\"Arvioitu lukuaika\" \/>\n\t<meta name=\"twitter:data1\" content=\"2 minuuttia\" \/>\n<script type=\"application\/ld+json\" class=\"yoast-schema-graph\">{\"@context\":\"https:\/\/schema.org\",\"@graph\":[{\"@type\":\"WebPage\",\"@id\":\"https:\/\/idakorea.ee\/product\/vt-cosmetics-collagen-reedle-shot-100\/\",\"url\":\"https:\/\/idakorea.ee\/product\/vt-cosmetics-collagen-reedle-shot-100\/\",\"name\":\"VT Cosmetics Collagen Reedle Shot 100 - IDA.KOREA\",\"isPartOf\":{\"@id\":\"https:\/\/idakorea.ee\/#website\"},\"primaryImageOfPage\":{\"@id\":\"https:\/\/idakorea.ee\/product\/vt-cosmetics-collagen-reedle-shot-100\/#primaryimage\"},\"image\":{\"@id\":\"https:\/\/idakorea.ee\/product\/vt-cosmetics-collagen-reedle-shot-100\/#primaryimage\"},\"thumbnailUrl\":\"https:\/\/idakorea.ee\/wp-content\/uploads\/2025\/10\/reedle-shot-collagen-100-idakorea.png\",\"datePublished\":\"2025-10-24T07:14:54+00:00\",\"dateModified\":\"2026-04-11T14:19:36+00:00\",\"description\":\"Booster-seerum VT Cosmetics Collagen Reedle Shot 100 parandab naha elastsust ja tugevust, v\u00e4hendab kortse ja poore. - Kiire tarne!\",\"breadcrumb\":{\"@id\":\"https:\/\/idakorea.ee\/product\/vt-cosmetics-collagen-reedle-shot-100\/#breadcrumb\"},\"inLanguage\":\"fi\",\"potentialAction\":[{\"@type\":\"ReadAction\",\"target\":[\"https:\/\/idakorea.ee\/product\/vt-cosmetics-collagen-reedle-shot-100\/\"]}]},{\"@type\":\"ImageObject\",\"inLanguage\":\"fi\",\"@id\":\"https:\/\/idakorea.ee\/product\/vt-cosmetics-collagen-reedle-shot-100\/#primaryimage\",\"url\":\"https:\/\/idakorea.ee\/wp-content\/uploads\/2025\/10\/reedle-shot-collagen-100-idakorea.png\",\"contentUrl\":\"https:\/\/idakorea.ee\/wp-content\/uploads\/2025\/10\/reedle-shot-collagen-100-idakorea.png\",\"width\":1200,\"height\":1200},{\"@type\":\"BreadcrumbList\",\"@id\":\"https:\/\/idakorea.ee\/product\/vt-cosmetics-collagen-reedle-shot-100\/#breadcrumb\",\"itemListElement\":[{\"@type\":\"ListItem\",\"position\":1,\"name\":\"\u0413\u043b\u0430\u0432\u043d\u0430\u044f \u0441\u0442\u0440\u0430\u043d\u0438\u0446\u0430\",\"item\":\"https:\/\/idakorea.ee\/\"},{\"@type\":\"ListItem\",\"position\":2,\"name\":\"Shop\",\"item\":\"https:\/\/idakorea.ee\/shop-2\/\"},{\"@type\":\"ListItem\",\"position\":3,\"name\":\"Booster-seerum mikron\u00f5eltega ja kollageeniga VT Cosmetics Collagen Reedle Shot 100\"}]},{\"@type\":\"WebSite\",\"@id\":\"https:\/\/idakorea.ee\/#website\",\"url\":\"https:\/\/idakorea.ee\/\",\"name\":\"IDA.KOREA\",\"description\":\"Korea kosmeetika e-pood\",\"publisher\":{\"@id\":\"https:\/\/idakorea.ee\/#organization\"},\"alternateName\":\"Beauty Shop\",\"potentialAction\":[{\"@type\":\"SearchAction\",\"target\":{\"@type\":\"EntryPoint\",\"urlTemplate\":\"https:\/\/idakorea.ee\/?s={search_term_string}\"},\"query-input\":{\"@type\":\"PropertyValueSpecification\",\"valueRequired\":true,\"valueName\":\"search_term_string\"}}],\"inLanguage\":\"fi\"},{\"@type\":\"Organization\",\"@id\":\"https:\/\/idakorea.ee\/#organization\",\"name\":\"IDA.KOREA\",\"url\":\"https:\/\/idakorea.ee\/\",\"logo\":{\"@type\":\"ImageObject\",\"inLanguage\":\"fi\",\"@id\":\"https:\/\/idakorea.ee\/#\/schema\/logo\/image\/\",\"url\":\"https:\/\/idakorea.ee\/wp-content\/uploads\/2024\/05\/cropped-korea3.png\",\"contentUrl\":\"https:\/\/idakorea.ee\/wp-content\/uploads\/2024\/05\/cropped-korea3.png\",\"width\":688,\"height\":126,\"caption\":\"IDA.KOREA\"},\"image\":{\"@id\":\"https:\/\/idakorea.ee\/#\/schema\/logo\/image\/\"},\"sameAs\":[\"https:\/\/www.instagram.com\/ida.korea\/\"]}]}<\/script>\n<!-- \/ Yoast SEO plugin. -->","yoast_head_json":{"title":"VT Cosmetics Collagen Reedle Shot 100 - IDA.KOREA","description":"Tehosteseerumi VT Cosmetics Collagen Reedle Shot 100 parantaa ihon kimmoisuutta ja kiinteytt\u00e4, v\u00e4hent\u00e4\u00e4 ryppyj\u00e4 ja ihohuokosia. - Nopea toimitus!","robots":{"index":"index","follow":"follow","max-snippet":"max-snippet:-1","max-image-preview":"max-image-preview:large","max-video-preview":"max-video-preview:-1"},"canonical":"https:\/\/idakorea.ee\/fi\/product\/vt-cosmetics-collagen-reedle-shot-100\/","og_locale":"fi_FI","og_type":"article","og_title":"VT Cosmetics Collagen Reedle Shot 100 - IDA.KOREA","og_description":"Booster-seerum VT Cosmetics Collagen Reedle Shot 100 parandab naha elastsust ja tugevust, v\u00e4hendab kortse ja poore. - Kiire tarne!","og_url":"https:\/\/idakorea.ee\/fi\/product\/vt-cosmetics-collagen-reedle-shot-100\/","og_site_name":"IDA.KOREA","article_modified_time":"2026-04-11T14:19:36+00:00","og_image":[{"width":1200,"height":1200,"url":"https:\/\/idakorea.ee\/wp-content\/uploads\/2025\/10\/reedle-shot-collagen-100-idakorea.png","type":"image\/png"}],"twitter_card":"summary_large_image","twitter_misc":{"Arvioitu lukuaika":"2 minuuttia"},"schema":{"@context":"https:\/\/schema.org","@graph":[{"@type":"WebPage","@id":"https:\/\/idakorea.ee\/product\/vt-cosmetics-collagen-reedle-shot-100\/","url":"https:\/\/idakorea.ee\/product\/vt-cosmetics-collagen-reedle-shot-100\/","name":"VT Cosmetics Collagen Reedle Shot 100 - IDA.KOREA","isPartOf":{"@id":"https:\/\/idakorea.ee\/#website"},"primaryImageOfPage":{"@id":"https:\/\/idakorea.ee\/product\/vt-cosmetics-collagen-reedle-shot-100\/#primaryimage"},"image":{"@id":"https:\/\/idakorea.ee\/product\/vt-cosmetics-collagen-reedle-shot-100\/#primaryimage"},"thumbnailUrl":"https:\/\/idakorea.ee\/wp-content\/uploads\/2025\/10\/reedle-shot-collagen-100-idakorea.png","datePublished":"2025-10-24T07:14:54+00:00","dateModified":"2026-04-11T14:19:36+00:00","description":"Tehosteseerumi VT Cosmetics Collagen Reedle Shot 100 parantaa ihon kimmoisuutta ja kiinteytt\u00e4, v\u00e4hent\u00e4\u00e4 ryppyj\u00e4 ja ihohuokosia. - Nopea toimitus!","breadcrumb":{"@id":"https:\/\/idakorea.ee\/product\/vt-cosmetics-collagen-reedle-shot-100\/#breadcrumb"},"inLanguage":"fi","potentialAction":[{"@type":"ReadAction","target":["https:\/\/idakorea.ee\/product\/vt-cosmetics-collagen-reedle-shot-100\/"]}]},{"@type":"ImageObject","inLanguage":"fi","@id":"https:\/\/idakorea.ee\/product\/vt-cosmetics-collagen-reedle-shot-100\/#primaryimage","url":"https:\/\/idakorea.ee\/wp-content\/uploads\/2025\/10\/reedle-shot-collagen-100-idakorea.png","contentUrl":"https:\/\/idakorea.ee\/wp-content\/uploads\/2025\/10\/reedle-shot-collagen-100-idakorea.png","width":1200,"height":1200},{"@type":"BreadcrumbList","@id":"https:\/\/idakorea.ee\/product\/vt-cosmetics-collagen-reedle-shot-100\/#breadcrumb","itemListElement":[{"@type":"ListItem","position":1,"name":"\u0413\u043b\u0430\u0432\u043d\u0430\u044f \u0441\u0442\u0440\u0430\u043d\u0438\u0446\u0430","item":"https:\/\/idakorea.ee\/"},{"@type":"ListItem","position":2,"name":"Shop","item":"https:\/\/idakorea.ee\/shop-2\/"},{"@type":"ListItem","position":3,"name":"Booster-seerum mikron\u00f5eltega ja kollageeniga VT Cosmetics Collagen Reedle Shot 100"}]},{"@type":"WebSite","@id":"https:\/\/idakorea.ee\/#website","url":"https:\/\/idakorea.ee\/","name":"IDA.KOREA","description":"Korean kosmetiikan verkkokauppa","publisher":{"@id":"https:\/\/idakorea.ee\/#organization"},"alternateName":"Beauty Shop","potentialAction":[{"@type":"SearchAction","target":{"@type":"EntryPoint","urlTemplate":"https:\/\/idakorea.ee\/?s={search_term_string}"},"query-input":{"@type":"PropertyValueSpecification","valueRequired":true,"valueName":"search_term_string"}}],"inLanguage":"fi"},{"@type":"Organization","@id":"https:\/\/idakorea.ee\/#organization","name":"IDA.KOREA","url":"https:\/\/idakorea.ee\/","logo":{"@type":"ImageObject","inLanguage":"fi","@id":"https:\/\/idakorea.ee\/#\/schema\/logo\/image\/","url":"https:\/\/idakorea.ee\/wp-content\/uploads\/2024\/05\/cropped-korea3.png","contentUrl":"https:\/\/idakorea.ee\/wp-content\/uploads\/2024\/05\/cropped-korea3.png","width":688,"height":126,"caption":"IDA.KOREA"},"image":{"@id":"https:\/\/idakorea.ee\/#\/schema\/logo\/image\/"},"sameAs":["https:\/\/www.instagram.com\/ida.korea\/"]}]}},"jetpack_sharing_enabled":true,"brands":[{"id":493,"name":"VT COSMETICS","slug":"vt"}],"_links":{"self":[{"href":"https:\/\/idakorea.ee\/fi\/wp-json\/wp\/v2\/product\/16232","targetHints":{"allow":["GET"]}}],"collection":[{"href":"https:\/\/idakorea.ee\/fi\/wp-json\/wp\/v2\/product"}],"about":[{"href":"https:\/\/idakorea.ee\/fi\/wp-json\/wp\/v2\/types\/product"}],"replies":[{"embeddable":true,"href":"https:\/\/idakorea.ee\/fi\/wp-json\/wp\/v2\/comments?post=16232"}],"version-history":[{"count":2,"href":"https:\/\/idakorea.ee\/fi\/wp-json\/wp\/v2\/product\/16232\/revisions"}],"predecessor-version":[{"id":16248,"href":"https:\/\/idakorea.ee\/fi\/wp-json\/wp\/v2\/product\/16232\/revisions\/16248"}],"wp:featuredmedia":[{"embeddable":true,"href":"https:\/\/idakorea.ee\/fi\/wp-json\/wp\/v2\/media\/16233"}],"wp:attachment":[{"href":"https:\/\/idakorea.ee\/fi\/wp-json\/wp\/v2\/media?parent=16232"}],"wp:term":[{"taxonomy":"pwb-brand","embeddable":true,"href":"https:\/\/idakorea.ee\/fi\/wp-json\/wp\/v2\/pwb-brand?post=16232"},{"taxonomy":"product_brand","embeddable":true,"href":"https:\/\/idakorea.ee\/fi\/wp-json\/wp\/v2\/product_brand?post=16232"},{"taxonomy":"product_cat","embeddable":true,"href":"https:\/\/idakorea.ee\/fi\/wp-json\/wp\/v2\/product_cat?post=16232"},{"taxonomy":"product_tag","embeddable":true,"href":"https:\/\/idakorea.ee\/fi\/wp-json\/wp\/v2\/product_tag?post=16232"}],"curies":[{"name":"wp","href":"https:\/\/api.w.org\/{rel}","templated":true}]}}