{"id":16243,"date":"2025-10-24T11:41:05","date_gmt":"2025-10-24T08:41:05","guid":{"rendered":"https:\/\/idakorea.ee\/?post_type=product&#038;p=16243"},"modified":"2026-04-12T09:25:28","modified_gmt":"2026-04-12T07:25:28","slug":"celimax-the-real-noni-energy-ampoule-mask","status":"publish","type":"product","link":"https:\/\/idakorea.ee\/fi\/product\/celimax-the-real-noni-energy-ampoule-mask\/","title":{"rendered":"Kosteuttava ja kiinteytt\u00e4v\u00e4 kangasnaamio Celimax The Real Noni Energy Ampoule Mask, 29ml"},"content":{"rendered":"<p data-start=\"0\" data-end=\"289\"><strong data-start=\"0\" data-end=\"45\">Celimax The Real Noni Energy Ampoule Mask<\/strong> on kosteuttava ja kiinteytt\u00e4v\u00e4 kangasnaamio noni-uutetta k\u00e4ytt\u00e4en, joka pehment\u00e4\u00e4 ja palauttaa vaurioituneen ihon. Naamio parantaa ihon kimmoisuutta ja kiinteytt\u00e4, hidastaa ik\u00e4\u00e4ntymisprosessia, poistaa kuivuutta ja hilseily\u00e4 sek\u00e4 antaa iholle terveen ja s\u00e4teilev\u00e4n s\u00e4vyn.<\/p>\n<p data-start=\"291\" data-end=\"430\">Naamio on valmistettu hyvin joustavasta spandex-kankaasta, joka istuu tiiviisti kasvoille ja varmistaa aktiiviaineiden syv\u00e4n imeytymisen.<\/p>\n<p data-start=\"437\" data-end=\"465\"><strong data-start=\"441\" data-end=\"465\">T\u00e4rkeimm\u00e4t vaikuttavat aineet:<\/strong><\/p>\n<ul data-start=\"466\" data-end=\"1285\">\n<li data-start=\"466\" data-end=\"641\">\n<p data-start=\"468\" data-end=\"641\"><strong data-start=\"468\" data-end=\"495\">Noni- (morinda) uute<\/strong> \u2013 runsaasti polyfenoleja, mineraaleja ja vitamiineja. Tulehdusta est\u00e4v\u00e4 vaikutus, rauhoittaa \u00e4rsytyst\u00e4 ja suojaa oksidatiiviselta stressilt\u00e4.<\/p>\n<\/li>\n<li data-start=\"642\" data-end=\"756\">\n<p data-start=\"644\" data-end=\"756\"><strong data-start=\"644\" data-end=\"659\">Keramidit<\/strong> \u2013 vahvistaa ihon suojakerrosta, v\u00e4hent\u00e4\u00e4 kosteuden haihtumista ja parantaa ihon vastustuskyky\u00e4.<\/p>\n<\/li>\n<li data-start=\"757\" data-end=\"954\">\n<p data-start=\"759\" data-end=\"954\"><strong data-start=\"759\" data-end=\"782\">Natriumhyaluronaatti<\/strong> \u2013 pienimolekyylipainoinen hyaluronihappo, joka tunkeutuu syv\u00e4lle ihoon, kosteuttaa tehokkaasti, tekee ihosta sile\u00e4n ja joustavan sek\u00e4 ehk\u00e4isee kuivumista ja hilseily\u00e4.<\/p>\n<\/li>\n<li data-start=\"955\" data-end=\"1051\">\n<p data-start=\"957\" data-end=\"1051\"><strong data-start=\"957\" data-end=\"970\">Adenos<\/strong> \u2013 stimuloi kollageenin tuotantoa, kiinteytt\u00e4\u00e4 ihoa ja auttaa ehk\u00e4isem\u00e4\u00e4n sen veltostumista.<\/p>\n<\/li>\n<li data-start=\"1052\" data-end=\"1176\">\n<p data-start=\"1054\" data-end=\"1176\"><strong data-start=\"1054\" data-end=\"1066\">Skvala<\/strong> \u2013 antioksidanttivaikutuksin varustettu komponentti, joka hidastaa ik\u00e4\u00e4ntymisen merkkej\u00e4 ja suojaa ihoa ymp\u00e4rist\u00f6n vaikutuksilta.<\/p>\n<\/li>\n<li data-start=\"1177\" data-end=\"1285\">\n<p data-start=\"1179\" data-end=\"1285\"><strong data-start=\"1179\" data-end=\"1193\">Allantoiin<\/strong> \u2013 nopeuttaa paranemista, rauhoittaa ja suojaa ihoa vapaiden radikaalien haitallisilta vaikutuksilta.<\/p>\n<\/li>\n<\/ul>\n<p data-start=\"1292\" data-end=\"1326\">Sopii kaikille ihotyypeille.<\/p>\n<p data-start=\"1328\" data-end=\"1349\"><strong data-start=\"1332\" data-end=\"1347\">K\u00e4ytt\u00f6:<\/strong><\/p>\n<p data-start=\"1350\" data-end=\"1533\" data-is-last-node=\"\" data-is-only-node=\"\">Puhdistuksen, kasvoveden ja seerumin j\u00e4lkeen levit\u00e4 naamio kasvoillesi ja levit\u00e4 tasaisesti. Anna vaikuttaa 10\u201320 minuuttia, poista ja anna naamion imeyty\u00e4. Viimeistele tarvittaessa voideella.<\/p>","protected":false},"excerpt":{"rendered":"<p>Celimax The Real Noni Energy Ampoule Mask on kosteuttava ja kiinteytt\u00e4v\u00e4 kangasnaamio noni-uutteella, joka pehment\u00e4\u00e4 ja palauttaa vaurioituneen ihon. Naamio parantaa ihon kimmoisuutta ja kiinteytt\u00e4, hidastaa ik\u00e4\u00e4ntymisprosessia, poistaa kuivuutta ja hilseily\u00e4 sek\u00e4 antaa iholle terveen ja s\u00e4teilev\u00e4n s\u00e4vyn. Naamion leikkaus on valmistettu hyvin joustavasta spandex-kankaasta, joka mukautuu tiiviisti kasvojen muotoon ja varmistaa aktiivisten ainesosien syv\u00e4n imeytymisen\u2026<\/p>","protected":false},"featured_media":16244,"comment_status":"open","ping_status":"closed","template":"","meta":{"_uf_show_specific_survey":0,"_uf_disable_surveys":false,"_bst_post_transparent":"default","_bst_post_title":"","_bst_post_layout":"default","_bst_post_sidebar_id":"","_bst_post_content_style":"default","_bst_post_vertical_padding":"default","_bst_post_feature":"","_bst_post_feature_position":"","_bst_post_header":false,"_bst_post_footer":false},"pwb-brand":[885],"product_brand":[],"product_cat":[92,98],"product_tag":[886,567,568,614],"class_list":{"0":"post-16243","1":"product","2":"type-product","3":"status-publish","4":"has-post-thumbnail","6":"pwb-brand-celimax","7":"product_cat-nagu","8":"product_cat-naomaskid","9":"product_tag-celimax","10":"product_tag-glow","11":"product_tag-korea","12":"product_tag-mask","14":"first","15":"instock","16":"sale","17":"shipping-taxable","18":"purchasable","19":"product-type-simple","20":"entry","21":"content-bg","22":"loop-entry"},"supplier_id":null,"supplier_sku":"","barcode":null,"atum_controlled":true,"out_stock_date":null,"out_stock_threshold":null,"inheritable":false,"inbound_stock":0,"stock_on_hold":0,"sold_today":0,"sales_last_days":4,"out_stock_days":0,"lost_sales":0,"has_location":false,"update_date":"2026-04-15T00:05:19","atum_locations":[],"atum_stock_status":"instock","restock_status":false,"low_stock_amount":"","sales_update_date":"2026-04-15T00:05:19","calc_backorders":null,"yoast_head":"<!-- This site is optimized with the Yoast SEO plugin v27.2 - https:\/\/yoast.com\/product\/yoast-seo-wordpress\/ -->\n<title>Celimax The Real Noni Energy Ampoule Mask - IDA.KOREA<\/title>\n<meta name=\"description\" content=\"Celimax The Real Noni Energy Ampoule Mask on niisutav ja pinguldav kangasmask noni ekstraktiga, mis pehmendab ja taastab kahjustatud nahka.\" \/>\n<meta name=\"robots\" content=\"index, follow, max-snippet:-1, max-image-preview:large, max-video-preview:-1\" \/>\n<link rel=\"canonical\" href=\"https:\/\/idakorea.ee\/fi\/product\/celimax-the-real-noni-energy-ampoule-mask\/\" \/>\n<meta property=\"og:locale\" content=\"fi_FI\" \/>\n<meta property=\"og:type\" content=\"article\" \/>\n<meta property=\"og:title\" content=\"Celimax The Real Noni Energy Ampoule Mask - IDA.KOREA\" \/>\n<meta property=\"og:description\" content=\"Celimax The Real Noni Energy Ampoule Mask on niisutav ja pinguldav kangasmask noni ekstraktiga, mis pehmendab ja taastab kahjustatud nahka.\" \/>\n<meta property=\"og:url\" content=\"https:\/\/idakorea.ee\/fi\/product\/celimax-the-real-noni-energy-ampoule-mask\/\" \/>\n<meta property=\"og:site_name\" content=\"IDA.KOREA\" \/>\n<meta property=\"article:modified_time\" content=\"2026-04-12T07:25:28+00:00\" \/>\n<meta property=\"og:image\" content=\"https:\/\/idakorea.ee\/wp-content\/uploads\/2025\/10\/celimax_-the-real-noni-energy-ampoule-mask.png\" \/>\n\t<meta property=\"og:image:width\" content=\"1200\" \/>\n\t<meta property=\"og:image:height\" content=\"1200\" \/>\n\t<meta property=\"og:image:type\" content=\"image\/png\" \/>\n<meta name=\"twitter:card\" content=\"summary_large_image\" \/>\n<meta name=\"twitter:label1\" content=\"Arvioitu lukuaika\" \/>\n\t<meta name=\"twitter:data1\" content=\"2 minuuttia\" \/>\n<script type=\"application\/ld+json\" class=\"yoast-schema-graph\">{\"@context\":\"https:\/\/schema.org\",\"@graph\":[{\"@type\":\"WebPage\",\"@id\":\"https:\/\/idakorea.ee\/product\/celimax-the-real-noni-energy-ampoule-mask\/\",\"url\":\"https:\/\/idakorea.ee\/product\/celimax-the-real-noni-energy-ampoule-mask\/\",\"name\":\"Celimax The Real Noni Energy Ampoule Mask - IDA.KOREA\",\"isPartOf\":{\"@id\":\"https:\/\/idakorea.ee\/#website\"},\"primaryImageOfPage\":{\"@id\":\"https:\/\/idakorea.ee\/product\/celimax-the-real-noni-energy-ampoule-mask\/#primaryimage\"},\"image\":{\"@id\":\"https:\/\/idakorea.ee\/product\/celimax-the-real-noni-energy-ampoule-mask\/#primaryimage\"},\"thumbnailUrl\":\"https:\/\/idakorea.ee\/wp-content\/uploads\/2025\/10\/celimax_-the-real-noni-energy-ampoule-mask.png\",\"datePublished\":\"2025-10-24T08:41:05+00:00\",\"dateModified\":\"2026-04-12T07:25:28+00:00\",\"description\":\"Celimax The Real Noni Energy Ampoule Mask on niisutav ja pinguldav kangasmask noni ekstraktiga, mis pehmendab ja taastab kahjustatud nahka.\",\"breadcrumb\":{\"@id\":\"https:\/\/idakorea.ee\/product\/celimax-the-real-noni-energy-ampoule-mask\/#breadcrumb\"},\"inLanguage\":\"fi\",\"potentialAction\":[{\"@type\":\"ReadAction\",\"target\":[\"https:\/\/idakorea.ee\/product\/celimax-the-real-noni-energy-ampoule-mask\/\"]}]},{\"@type\":\"ImageObject\",\"inLanguage\":\"fi\",\"@id\":\"https:\/\/idakorea.ee\/product\/celimax-the-real-noni-energy-ampoule-mask\/#primaryimage\",\"url\":\"https:\/\/idakorea.ee\/wp-content\/uploads\/2025\/10\/celimax_-the-real-noni-energy-ampoule-mask.png\",\"contentUrl\":\"https:\/\/idakorea.ee\/wp-content\/uploads\/2025\/10\/celimax_-the-real-noni-energy-ampoule-mask.png\",\"width\":1200,\"height\":1200},{\"@type\":\"BreadcrumbList\",\"@id\":\"https:\/\/idakorea.ee\/product\/celimax-the-real-noni-energy-ampoule-mask\/#breadcrumb\",\"itemListElement\":[{\"@type\":\"ListItem\",\"position\":1,\"name\":\"\u0413\u043b\u0430\u0432\u043d\u0430\u044f \u0441\u0442\u0440\u0430\u043d\u0438\u0446\u0430\",\"item\":\"https:\/\/idakorea.ee\/\"},{\"@type\":\"ListItem\",\"position\":2,\"name\":\"Shop\",\"item\":\"https:\/\/idakorea.ee\/shop-2\/\"},{\"@type\":\"ListItem\",\"position\":3,\"name\":\"Niisutav ja pingutav kangamask Celimax The Real Noni Energy Ampoule Mask, 29ml\"}]},{\"@type\":\"WebSite\",\"@id\":\"https:\/\/idakorea.ee\/#website\",\"url\":\"https:\/\/idakorea.ee\/\",\"name\":\"IDA.KOREA\",\"description\":\"Korea kosmeetika e-pood\",\"publisher\":{\"@id\":\"https:\/\/idakorea.ee\/#organization\"},\"alternateName\":\"Beauty Shop\",\"potentialAction\":[{\"@type\":\"SearchAction\",\"target\":{\"@type\":\"EntryPoint\",\"urlTemplate\":\"https:\/\/idakorea.ee\/?s={search_term_string}\"},\"query-input\":{\"@type\":\"PropertyValueSpecification\",\"valueRequired\":true,\"valueName\":\"search_term_string\"}}],\"inLanguage\":\"fi\"},{\"@type\":\"Organization\",\"@id\":\"https:\/\/idakorea.ee\/#organization\",\"name\":\"IDA.KOREA\",\"url\":\"https:\/\/idakorea.ee\/\",\"logo\":{\"@type\":\"ImageObject\",\"inLanguage\":\"fi\",\"@id\":\"https:\/\/idakorea.ee\/#\/schema\/logo\/image\/\",\"url\":\"https:\/\/idakorea.ee\/wp-content\/uploads\/2024\/05\/cropped-korea3.png\",\"contentUrl\":\"https:\/\/idakorea.ee\/wp-content\/uploads\/2024\/05\/cropped-korea3.png\",\"width\":688,\"height\":126,\"caption\":\"IDA.KOREA\"},\"image\":{\"@id\":\"https:\/\/idakorea.ee\/#\/schema\/logo\/image\/\"},\"sameAs\":[\"https:\/\/www.instagram.com\/ida.korea\/\"]}]}<\/script>\n<!-- \/ Yoast SEO plugin. -->","yoast_head_json":{"title":"Celimax The Real Noni Energy -ampullinaamio - IDA.KOREA","description":"Celimax The Real Noni Energy Ampoule Mask on kosteuttava ja kiinteytt\u00e4v\u00e4 kangasnaamio, joka sis\u00e4lt\u00e4\u00e4 noni-uutetta ja pehment\u00e4\u00e4 sek\u00e4 korjaa vaurioitunutta ihoa.","robots":{"index":"index","follow":"follow","max-snippet":"max-snippet:-1","max-image-preview":"max-image-preview:large","max-video-preview":"max-video-preview:-1"},"canonical":"https:\/\/idakorea.ee\/fi\/product\/celimax-the-real-noni-energy-ampoule-mask\/","og_locale":"fi_FI","og_type":"article","og_title":"Celimax The Real Noni Energy Ampoule Mask - IDA.KOREA","og_description":"Celimax The Real Noni Energy Ampoule Mask on niisutav ja pinguldav kangasmask noni ekstraktiga, mis pehmendab ja taastab kahjustatud nahka.","og_url":"https:\/\/idakorea.ee\/fi\/product\/celimax-the-real-noni-energy-ampoule-mask\/","og_site_name":"IDA.KOREA","article_modified_time":"2026-04-12T07:25:28+00:00","og_image":[{"width":1200,"height":1200,"url":"https:\/\/idakorea.ee\/wp-content\/uploads\/2025\/10\/celimax_-the-real-noni-energy-ampoule-mask.png","type":"image\/png"}],"twitter_card":"summary_large_image","twitter_misc":{"Arvioitu lukuaika":"2 minuuttia"},"schema":{"@context":"https:\/\/schema.org","@graph":[{"@type":"WebPage","@id":"https:\/\/idakorea.ee\/product\/celimax-the-real-noni-energy-ampoule-mask\/","url":"https:\/\/idakorea.ee\/product\/celimax-the-real-noni-energy-ampoule-mask\/","name":"Celimax The Real Noni Energy -ampullinaamio - IDA.KOREA","isPartOf":{"@id":"https:\/\/idakorea.ee\/#website"},"primaryImageOfPage":{"@id":"https:\/\/idakorea.ee\/product\/celimax-the-real-noni-energy-ampoule-mask\/#primaryimage"},"image":{"@id":"https:\/\/idakorea.ee\/product\/celimax-the-real-noni-energy-ampoule-mask\/#primaryimage"},"thumbnailUrl":"https:\/\/idakorea.ee\/wp-content\/uploads\/2025\/10\/celimax_-the-real-noni-energy-ampoule-mask.png","datePublished":"2025-10-24T08:41:05+00:00","dateModified":"2026-04-12T07:25:28+00:00","description":"Celimax The Real Noni Energy Ampoule Mask on kosteuttava ja kiinteytt\u00e4v\u00e4 kangasnaamio, joka sis\u00e4lt\u00e4\u00e4 noni-uutetta ja pehment\u00e4\u00e4 sek\u00e4 korjaa vaurioitunutta ihoa.","breadcrumb":{"@id":"https:\/\/idakorea.ee\/product\/celimax-the-real-noni-energy-ampoule-mask\/#breadcrumb"},"inLanguage":"fi","potentialAction":[{"@type":"ReadAction","target":["https:\/\/idakorea.ee\/product\/celimax-the-real-noni-energy-ampoule-mask\/"]}]},{"@type":"ImageObject","inLanguage":"fi","@id":"https:\/\/idakorea.ee\/product\/celimax-the-real-noni-energy-ampoule-mask\/#primaryimage","url":"https:\/\/idakorea.ee\/wp-content\/uploads\/2025\/10\/celimax_-the-real-noni-energy-ampoule-mask.png","contentUrl":"https:\/\/idakorea.ee\/wp-content\/uploads\/2025\/10\/celimax_-the-real-noni-energy-ampoule-mask.png","width":1200,"height":1200},{"@type":"BreadcrumbList","@id":"https:\/\/idakorea.ee\/product\/celimax-the-real-noni-energy-ampoule-mask\/#breadcrumb","itemListElement":[{"@type":"ListItem","position":1,"name":"\u0413\u043b\u0430\u0432\u043d\u0430\u044f \u0441\u0442\u0440\u0430\u043d\u0438\u0446\u0430","item":"https:\/\/idakorea.ee\/"},{"@type":"ListItem","position":2,"name":"Shop","item":"https:\/\/idakorea.ee\/shop-2\/"},{"@type":"ListItem","position":3,"name":"Niisutav ja pingutav kangamask Celimax The Real Noni Energy Ampoule Mask, 29ml"}]},{"@type":"WebSite","@id":"https:\/\/idakorea.ee\/#website","url":"https:\/\/idakorea.ee\/","name":"IDA.KOREA","description":"Korean kosmetiikan verkkokauppa","publisher":{"@id":"https:\/\/idakorea.ee\/#organization"},"alternateName":"Beauty Shop","potentialAction":[{"@type":"SearchAction","target":{"@type":"EntryPoint","urlTemplate":"https:\/\/idakorea.ee\/?s={search_term_string}"},"query-input":{"@type":"PropertyValueSpecification","valueRequired":true,"valueName":"search_term_string"}}],"inLanguage":"fi"},{"@type":"Organization","@id":"https:\/\/idakorea.ee\/#organization","name":"IDA.KOREA","url":"https:\/\/idakorea.ee\/","logo":{"@type":"ImageObject","inLanguage":"fi","@id":"https:\/\/idakorea.ee\/#\/schema\/logo\/image\/","url":"https:\/\/idakorea.ee\/wp-content\/uploads\/2024\/05\/cropped-korea3.png","contentUrl":"https:\/\/idakorea.ee\/wp-content\/uploads\/2024\/05\/cropped-korea3.png","width":688,"height":126,"caption":"IDA.KOREA"},"image":{"@id":"https:\/\/idakorea.ee\/#\/schema\/logo\/image\/"},"sameAs":["https:\/\/www.instagram.com\/ida.korea\/"]}]}},"jetpack_sharing_enabled":true,"brands":[{"id":885,"name":"CELIMAX","slug":"celimax"}],"_links":{"self":[{"href":"https:\/\/idakorea.ee\/fi\/wp-json\/wp\/v2\/product\/16243","targetHints":{"allow":["GET"]}}],"collection":[{"href":"https:\/\/idakorea.ee\/fi\/wp-json\/wp\/v2\/product"}],"about":[{"href":"https:\/\/idakorea.ee\/fi\/wp-json\/wp\/v2\/types\/product"}],"replies":[{"embeddable":true,"href":"https:\/\/idakorea.ee\/fi\/wp-json\/wp\/v2\/comments?post=16243"}],"version-history":[{"count":1,"href":"https:\/\/idakorea.ee\/fi\/wp-json\/wp\/v2\/product\/16243\/revisions"}],"predecessor-version":[{"id":16247,"href":"https:\/\/idakorea.ee\/fi\/wp-json\/wp\/v2\/product\/16243\/revisions\/16247"}],"wp:featuredmedia":[{"embeddable":true,"href":"https:\/\/idakorea.ee\/fi\/wp-json\/wp\/v2\/media\/16244"}],"wp:attachment":[{"href":"https:\/\/idakorea.ee\/fi\/wp-json\/wp\/v2\/media?parent=16243"}],"wp:term":[{"taxonomy":"pwb-brand","embeddable":true,"href":"https:\/\/idakorea.ee\/fi\/wp-json\/wp\/v2\/pwb-brand?post=16243"},{"taxonomy":"product_brand","embeddable":true,"href":"https:\/\/idakorea.ee\/fi\/wp-json\/wp\/v2\/product_brand?post=16243"},{"taxonomy":"product_cat","embeddable":true,"href":"https:\/\/idakorea.ee\/fi\/wp-json\/wp\/v2\/product_cat?post=16243"},{"taxonomy":"product_tag","embeddable":true,"href":"https:\/\/idakorea.ee\/fi\/wp-json\/wp\/v2\/product_tag?post=16243"}],"curies":[{"name":"wp","href":"https:\/\/api.w.org\/{rel}","templated":true}]}}