{"id":16269,"date":"2025-10-28T10:25:15","date_gmt":"2025-10-28T08:25:15","guid":{"rendered":"https:\/\/idakorea.ee\/?post_type=product&#038;p=16269"},"modified":"2026-04-13T06:29:43","modified_gmt":"2026-04-13T04:29:43","slug":"cosrx-the-hyaluronic-acid-3-serum","status":"publish","type":"product","link":"https:\/\/idakorea.ee\/fi\/product\/cosrx-the-hyaluronic-acid-3-serum\/","title":{"rendered":"Kosteuttava seerumi COSRX The Hyaluronic Acid 3 Serum, 20ml Parasta ennen 09.08.2026"},"content":{"rendered":"<p data-start=\"0\" data-end=\"269\"><strong data-start=\"0\" data-end=\"37\">COSRX The Hyaluronic Acid 3 Serum<\/strong> Kosteuttaa tehokkaasti tehden ihosta joustavan, t\u00e4ytel\u00e4isen ja sile\u00e4n. Seerumi pehment\u00e4\u00e4 ihoa, poistaa ep\u00e4miellytt\u00e4v\u00e4n kirvelyn tunteen ja ehk\u00e4isee kuivumista ja hilseily\u00e4. Raikas ja kevyt koostumus imeytyy nopeasti eik\u00e4 j\u00e4t\u00e4 tahmeaa kerrosta.<\/p>\n<p data-start=\"271\" data-end=\"518\">Aktiiviset ainesosat tunkeutuvat syv\u00e4lle ihoon, t\u00e4ytt\u00e4v\u00e4t ihon kosteudella ja yll\u00e4pit\u00e4v\u00e4t optimaalista kosteustasoa. Tuote vahvistaa ihon luonnollista suojakerrosta, joka est\u00e4\u00e4 kosteuden haihtumisen. Sopii herk\u00e4lle iholle, ei aiheuta \u00e4rsytyst\u00e4.<\/p>\n<p data-start=\"520\" data-end=\"730\">Koostumus sis\u00e4lt\u00e4\u00e4 3%-hyaluronihappoa, universaalia kosteuttavaa ainesosaa, joka sitoo vesimolekyylej\u00e4 ja auttaa ihoa s\u00e4ilytt\u00e4m\u00e4\u00e4n kosteuden. Hyaluronihappo ehk\u00e4isee kuivuudesta johtuvia ryppyj\u00e4 ja tasoittaa ihon rakennetta.<\/p>\n<p data-start=\"732\" data-end=\"751\"><strong data-start=\"736\" data-end=\"751\">Aktiiviset ainesosat:<\/strong><\/p>\n<ul data-start=\"752\" data-end=\"1423\">\n<li data-start=\"752\" data-end=\"934\">\n<p data-start=\"754\" data-end=\"934\"><strong data-start=\"754\" data-end=\"769\">Keramidit<\/strong> vahvistavat ihon luonnollista hydrolipidikerrosta est\u00e4en kosteuden haihtumisen ja suojaten ihoa ulkoisilta \u00e4rsykkeilt\u00e4, jotka voivat aiheuttaa tulehdusta tai punoitusta.<\/p>\n<\/li>\n<li data-start=\"935\" data-end=\"1094\">\n<p data-start=\"937\" data-end=\"1094\"><strong data-start=\"937\" data-end=\"961\">Aminohappokompleksi<\/strong> tukee kollageenin ja elastiinin synteesi\u00e4, tasoittaa ja kirkastaa ihoa, parantaa ihon s\u00e4vy\u00e4 ja antaa sille terveen hehkun ja kimmoisuuden.<\/p>\n<\/li>\n<li data-start=\"1095\" data-end=\"1221\">\n<p data-start=\"1097\" data-end=\"1221\"><strong data-start=\"1097\" data-end=\"1111\">Natrium-PCA<\/strong> \u2013 luonnollinen kosteusvoide, joka palauttaa ihon nestevarastot, kiihdytt\u00e4\u00e4 solujen aineenvaihduntaa ja vahvistaa suojakerrosta.<\/p>\n<\/li>\n<li data-start=\"1222\" data-end=\"1423\">\n<p data-start=\"1224\" data-end=\"1423\"><strong data-start=\"1224\" data-end=\"1242\">Fytosfingosiini<\/strong> \u2013 fosfolipidi ja keramidien osa, joka pident\u00e4\u00e4 solujen nuoruutta, sill\u00e4 on antibakteerisia ja tulehdusta ehk\u00e4isevi\u00e4 vaikutuksia, vahvistaa ihon suojakerrosta ja nopeuttaa paranemista.<\/p>\n<\/li>\n<\/ul>\n<p data-start=\"1425\" data-end=\"1478\">Sopii normaalille, sekaiholle ja kuivalle iholle.<\/p>\n<p data-start=\"1480\" data-end=\"1501\"><strong data-start=\"1484\" data-end=\"1499\">K\u00e4ytt\u00f6:<\/strong><\/p>\n<p data-start=\"1502\" data-end=\"1657\" data-is-last-node=\"\" data-is-only-node=\"\">Puhdistuksen ja kasvoveden j\u00e4lkeen levit\u00e4 seerumi kasvoillesi, levit\u00e4 kevyesti sormenp\u00e4ill\u00e4 ja anna imeyty\u00e4 kokonaan, mink\u00e4 j\u00e4lkeen jatka ihonhoitorutiiniasi.<\/p>","protected":false},"excerpt":{"rendered":"<p>COSRX The Hyaluronic Acid 3 -seerumi kosteuttaa tehokkaasti tehden ihosta joustavan, t\u00e4ytel\u00e4isen ja sile\u00e4n. Seerumi pehment\u00e4\u00e4 ihoa, poistaa ep\u00e4mukavan kirist\u00e4v\u00e4n tunteen ja ehk\u00e4isee kuivuutta ja hilseily\u00e4. Raikas ja kevyt koostumus imeytyy nopeasti eik\u00e4 j\u00e4t\u00e4 tahmeaa kerrosta. Aktiiviset ainesosat tunkeutuvat syv\u00e4lle ihoon, t\u00e4ytt\u00e4v\u00e4t ihon kosteudella ja yll\u00e4pit\u00e4v\u00e4t optimaalista kosteustasoa. Tuote vahvistaa ihon luonnollista suojakerrosta, joka pit\u00e4\u00e4\u2026<\/p>","protected":false},"featured_media":16270,"comment_status":"open","ping_status":"closed","template":"","meta":{"_uf_show_specific_survey":0,"_uf_disable_surveys":false,"_bst_post_transparent":"default","_bst_post_title":"","_bst_post_layout":"default","_bst_post_sidebar_id":"","_bst_post_content_style":"default","_bst_post_vertical_padding":"default","_bst_post_feature":"","_bst_post_feature_position":"","_bst_post_header":false,"_bst_post_footer":false},"pwb-brand":[111],"product_brand":[],"product_cat":[92,97],"product_tag":[1008,799,568],"class_list":{"0":"post-16269","1":"product","2":"type-product","3":"status-publish","4":"has-post-thumbnail","6":"pwb-brand-cosrx","7":"product_cat-nagu","8":"product_cat-naoseerumid-ja-olid","9":"product_tag-amino","10":"product_tag-cosrx","11":"product_tag-korea","13":"first","14":"instock","15":"sale","16":"shipping-taxable","17":"purchasable","18":"product-type-simple","19":"entry","20":"content-bg","21":"loop-entry"},"supplier_id":null,"supplier_sku":"","barcode":null,"atum_controlled":true,"out_stock_date":null,"out_stock_threshold":null,"inheritable":false,"inbound_stock":0,"stock_on_hold":0,"sold_today":0,"sales_last_days":1,"out_stock_days":0,"lost_sales":0,"has_location":false,"update_date":"2026-04-14T12:39:52","atum_locations":[],"atum_stock_status":"instock","restock_status":false,"low_stock_amount":"","sales_update_date":"2026-04-14T12:39:52","calc_backorders":null,"yoast_head":"<!-- This site is optimized with the Yoast SEO plugin v27.2 - https:\/\/yoast.com\/product\/yoast-seo-wordpress\/ -->\n<title>COSRX The Hyaluronic Acid 3 Serum - IDA.KOREA<\/title>\n<meta name=\"description\" content=\"COSRX The Hyaluronic Acid 3 Serum niisutab s\u00fcgavuti ja muudab naha elastseks, siledaks ja pringiks. Sisaldab 3% h\u00fcaluroonhapet, tseramiide ja aminohappeid.\" \/>\n<meta name=\"robots\" content=\"index, follow, max-snippet:-1, max-image-preview:large, max-video-preview:-1\" \/>\n<link rel=\"canonical\" href=\"https:\/\/idakorea.ee\/fi\/product\/cosrx-the-hyaluronic-acid-3-serum\/\" \/>\n<meta property=\"og:locale\" content=\"fi_FI\" \/>\n<meta property=\"og:type\" content=\"article\" \/>\n<meta property=\"og:title\" content=\"COSRX The Hyaluronic Acid 3 Serum - IDA.KOREA\" \/>\n<meta property=\"og:description\" content=\"COSRX The Hyaluronic Acid 3 Serum niisutab s\u00fcgavuti ja muudab naha elastseks, siledaks ja pringiks. Sisaldab 3% h\u00fcaluroonhapet, tseramiide ja aminohappeid.\" \/>\n<meta property=\"og:url\" content=\"https:\/\/idakorea.ee\/fi\/product\/cosrx-the-hyaluronic-acid-3-serum\/\" \/>\n<meta property=\"og:site_name\" content=\"IDA.KOREA\" \/>\n<meta property=\"article:modified_time\" content=\"2026-04-13T04:29:43+00:00\" \/>\n<meta property=\"og:image\" content=\"https:\/\/idakorea.ee\/wp-content\/uploads\/2025\/10\/Cosrx_The_Hyaluronic_Acid_3_Serum-idakorea.webp\" \/>\n\t<meta property=\"og:image:width\" content=\"950\" \/>\n\t<meta property=\"og:image:height\" content=\"950\" \/>\n\t<meta property=\"og:image:type\" content=\"image\/webp\" \/>\n<meta name=\"twitter:card\" content=\"summary_large_image\" \/>\n<meta name=\"twitter:label1\" content=\"Arvioitu lukuaika\" \/>\n\t<meta name=\"twitter:data1\" content=\"2 minuuttia\" \/>\n<script type=\"application\/ld+json\" class=\"yoast-schema-graph\">{\"@context\":\"https:\/\/schema.org\",\"@graph\":[{\"@type\":\"WebPage\",\"@id\":\"https:\/\/idakorea.ee\/product\/cosrx-the-hyaluronic-acid-3-serum\/\",\"url\":\"https:\/\/idakorea.ee\/product\/cosrx-the-hyaluronic-acid-3-serum\/\",\"name\":\"COSRX The Hyaluronic Acid 3 Serum - IDA.KOREA\",\"isPartOf\":{\"@id\":\"https:\/\/idakorea.ee\/#website\"},\"primaryImageOfPage\":{\"@id\":\"https:\/\/idakorea.ee\/product\/cosrx-the-hyaluronic-acid-3-serum\/#primaryimage\"},\"image\":{\"@id\":\"https:\/\/idakorea.ee\/product\/cosrx-the-hyaluronic-acid-3-serum\/#primaryimage\"},\"thumbnailUrl\":\"https:\/\/idakorea.ee\/wp-content\/uploads\/2025\/10\/Cosrx_The_Hyaluronic_Acid_3_Serum-idakorea.webp\",\"datePublished\":\"2025-10-28T08:25:15+00:00\",\"dateModified\":\"2026-04-13T04:29:43+00:00\",\"description\":\"COSRX The Hyaluronic Acid 3 Serum niisutab s\u00fcgavuti ja muudab naha elastseks, siledaks ja pringiks. Sisaldab 3% h\u00fcaluroonhapet, tseramiide ja aminohappeid.\",\"breadcrumb\":{\"@id\":\"https:\/\/idakorea.ee\/product\/cosrx-the-hyaluronic-acid-3-serum\/#breadcrumb\"},\"inLanguage\":\"fi\",\"potentialAction\":[{\"@type\":\"ReadAction\",\"target\":[\"https:\/\/idakorea.ee\/product\/cosrx-the-hyaluronic-acid-3-serum\/\"]}]},{\"@type\":\"ImageObject\",\"inLanguage\":\"fi\",\"@id\":\"https:\/\/idakorea.ee\/product\/cosrx-the-hyaluronic-acid-3-serum\/#primaryimage\",\"url\":\"https:\/\/idakorea.ee\/wp-content\/uploads\/2025\/10\/Cosrx_The_Hyaluronic_Acid_3_Serum-idakorea.webp\",\"contentUrl\":\"https:\/\/idakorea.ee\/wp-content\/uploads\/2025\/10\/Cosrx_The_Hyaluronic_Acid_3_Serum-idakorea.webp\",\"width\":950,\"height\":950},{\"@type\":\"BreadcrumbList\",\"@id\":\"https:\/\/idakorea.ee\/product\/cosrx-the-hyaluronic-acid-3-serum\/#breadcrumb\",\"itemListElement\":[{\"@type\":\"ListItem\",\"position\":1,\"name\":\"\u0413\u043b\u0430\u0432\u043d\u0430\u044f \u0441\u0442\u0440\u0430\u043d\u0438\u0446\u0430\",\"item\":\"https:\/\/idakorea.ee\/\"},{\"@type\":\"ListItem\",\"position\":2,\"name\":\"Shop\",\"item\":\"https:\/\/idakorea.ee\/shop-2\/\"},{\"@type\":\"ListItem\",\"position\":3,\"name\":\"Niisutav seerum COSRX The Hyaluronic Acid 3 Serum, 20ml EXP 09.08.2026\"}]},{\"@type\":\"WebSite\",\"@id\":\"https:\/\/idakorea.ee\/#website\",\"url\":\"https:\/\/idakorea.ee\/\",\"name\":\"IDA.KOREA\",\"description\":\"Korea kosmeetika e-pood\",\"publisher\":{\"@id\":\"https:\/\/idakorea.ee\/#organization\"},\"alternateName\":\"Beauty Shop\",\"potentialAction\":[{\"@type\":\"SearchAction\",\"target\":{\"@type\":\"EntryPoint\",\"urlTemplate\":\"https:\/\/idakorea.ee\/?s={search_term_string}\"},\"query-input\":{\"@type\":\"PropertyValueSpecification\",\"valueRequired\":true,\"valueName\":\"search_term_string\"}}],\"inLanguage\":\"fi\"},{\"@type\":\"Organization\",\"@id\":\"https:\/\/idakorea.ee\/#organization\",\"name\":\"IDA.KOREA\",\"url\":\"https:\/\/idakorea.ee\/\",\"logo\":{\"@type\":\"ImageObject\",\"inLanguage\":\"fi\",\"@id\":\"https:\/\/idakorea.ee\/#\/schema\/logo\/image\/\",\"url\":\"https:\/\/idakorea.ee\/wp-content\/uploads\/2024\/05\/cropped-korea3.png\",\"contentUrl\":\"https:\/\/idakorea.ee\/wp-content\/uploads\/2024\/05\/cropped-korea3.png\",\"width\":688,\"height\":126,\"caption\":\"IDA.KOREA\"},\"image\":{\"@id\":\"https:\/\/idakorea.ee\/#\/schema\/logo\/image\/\"},\"sameAs\":[\"https:\/\/www.instagram.com\/ida.korea\/\"]}]}<\/script>\n<!-- \/ Yoast SEO plugin. -->","yoast_head_json":{"title":"COSRX Hyaluronihappo 3 -seerumi - IDA.KOREA","description":"COSRX Hyaluronic Acid 3 -seerumi kosteuttaa syv\u00e4lt\u00e4 ja tekee ihosta joustavan, sile\u00e4n ja t\u00e4ytel\u00e4isen. Sis\u00e4lt\u00e4\u00e4 3%-hyaluronihappoa, keramideja ja aminohappoja.","robots":{"index":"index","follow":"follow","max-snippet":"max-snippet:-1","max-image-preview":"max-image-preview:large","max-video-preview":"max-video-preview:-1"},"canonical":"https:\/\/idakorea.ee\/fi\/product\/cosrx-the-hyaluronic-acid-3-serum\/","og_locale":"fi_FI","og_type":"article","og_title":"COSRX The Hyaluronic Acid 3 Serum - IDA.KOREA","og_description":"COSRX The Hyaluronic Acid 3 Serum niisutab s\u00fcgavuti ja muudab naha elastseks, siledaks ja pringiks. Sisaldab 3% h\u00fcaluroonhapet, tseramiide ja aminohappeid.","og_url":"https:\/\/idakorea.ee\/fi\/product\/cosrx-the-hyaluronic-acid-3-serum\/","og_site_name":"IDA.KOREA","article_modified_time":"2026-04-13T04:29:43+00:00","og_image":[{"width":950,"height":950,"url":"https:\/\/idakorea.ee\/wp-content\/uploads\/2025\/10\/Cosrx_The_Hyaluronic_Acid_3_Serum-idakorea.webp","type":"image\/webp"}],"twitter_card":"summary_large_image","twitter_misc":{"Arvioitu lukuaika":"2 minuuttia"},"schema":{"@context":"https:\/\/schema.org","@graph":[{"@type":"WebPage","@id":"https:\/\/idakorea.ee\/product\/cosrx-the-hyaluronic-acid-3-serum\/","url":"https:\/\/idakorea.ee\/product\/cosrx-the-hyaluronic-acid-3-serum\/","name":"COSRX Hyaluronihappo 3 -seerumi - IDA.KOREA","isPartOf":{"@id":"https:\/\/idakorea.ee\/#website"},"primaryImageOfPage":{"@id":"https:\/\/idakorea.ee\/product\/cosrx-the-hyaluronic-acid-3-serum\/#primaryimage"},"image":{"@id":"https:\/\/idakorea.ee\/product\/cosrx-the-hyaluronic-acid-3-serum\/#primaryimage"},"thumbnailUrl":"https:\/\/idakorea.ee\/wp-content\/uploads\/2025\/10\/Cosrx_The_Hyaluronic_Acid_3_Serum-idakorea.webp","datePublished":"2025-10-28T08:25:15+00:00","dateModified":"2026-04-13T04:29:43+00:00","description":"COSRX Hyaluronic Acid 3 -seerumi kosteuttaa syv\u00e4lt\u00e4 ja tekee ihosta joustavan, sile\u00e4n ja t\u00e4ytel\u00e4isen. Sis\u00e4lt\u00e4\u00e4 3%-hyaluronihappoa, keramideja ja aminohappoja.","breadcrumb":{"@id":"https:\/\/idakorea.ee\/product\/cosrx-the-hyaluronic-acid-3-serum\/#breadcrumb"},"inLanguage":"fi","potentialAction":[{"@type":"ReadAction","target":["https:\/\/idakorea.ee\/product\/cosrx-the-hyaluronic-acid-3-serum\/"]}]},{"@type":"ImageObject","inLanguage":"fi","@id":"https:\/\/idakorea.ee\/product\/cosrx-the-hyaluronic-acid-3-serum\/#primaryimage","url":"https:\/\/idakorea.ee\/wp-content\/uploads\/2025\/10\/Cosrx_The_Hyaluronic_Acid_3_Serum-idakorea.webp","contentUrl":"https:\/\/idakorea.ee\/wp-content\/uploads\/2025\/10\/Cosrx_The_Hyaluronic_Acid_3_Serum-idakorea.webp","width":950,"height":950},{"@type":"BreadcrumbList","@id":"https:\/\/idakorea.ee\/product\/cosrx-the-hyaluronic-acid-3-serum\/#breadcrumb","itemListElement":[{"@type":"ListItem","position":1,"name":"\u0413\u043b\u0430\u0432\u043d\u0430\u044f \u0441\u0442\u0440\u0430\u043d\u0438\u0446\u0430","item":"https:\/\/idakorea.ee\/"},{"@type":"ListItem","position":2,"name":"Shop","item":"https:\/\/idakorea.ee\/shop-2\/"},{"@type":"ListItem","position":3,"name":"Niisutav seerum COSRX The Hyaluronic Acid 3 Serum, 20ml EXP 09.08.2026"}]},{"@type":"WebSite","@id":"https:\/\/idakorea.ee\/#website","url":"https:\/\/idakorea.ee\/","name":"IDA.KOREA","description":"Korean kosmetiikan verkkokauppa","publisher":{"@id":"https:\/\/idakorea.ee\/#organization"},"alternateName":"Beauty Shop","potentialAction":[{"@type":"SearchAction","target":{"@type":"EntryPoint","urlTemplate":"https:\/\/idakorea.ee\/?s={search_term_string}"},"query-input":{"@type":"PropertyValueSpecification","valueRequired":true,"valueName":"search_term_string"}}],"inLanguage":"fi"},{"@type":"Organization","@id":"https:\/\/idakorea.ee\/#organization","name":"IDA.KOREA","url":"https:\/\/idakorea.ee\/","logo":{"@type":"ImageObject","inLanguage":"fi","@id":"https:\/\/idakorea.ee\/#\/schema\/logo\/image\/","url":"https:\/\/idakorea.ee\/wp-content\/uploads\/2024\/05\/cropped-korea3.png","contentUrl":"https:\/\/idakorea.ee\/wp-content\/uploads\/2024\/05\/cropped-korea3.png","width":688,"height":126,"caption":"IDA.KOREA"},"image":{"@id":"https:\/\/idakorea.ee\/#\/schema\/logo\/image\/"},"sameAs":["https:\/\/www.instagram.com\/ida.korea\/"]}]}},"jetpack_sharing_enabled":true,"brands":[{"id":111,"name":"COSRX","slug":"cosrx"}],"_links":{"self":[{"href":"https:\/\/idakorea.ee\/fi\/wp-json\/wp\/v2\/product\/16269","targetHints":{"allow":["GET"]}}],"collection":[{"href":"https:\/\/idakorea.ee\/fi\/wp-json\/wp\/v2\/product"}],"about":[{"href":"https:\/\/idakorea.ee\/fi\/wp-json\/wp\/v2\/types\/product"}],"replies":[{"embeddable":true,"href":"https:\/\/idakorea.ee\/fi\/wp-json\/wp\/v2\/comments?post=16269"}],"version-history":[{"count":3,"href":"https:\/\/idakorea.ee\/fi\/wp-json\/wp\/v2\/product\/16269\/revisions"}],"predecessor-version":[{"id":18067,"href":"https:\/\/idakorea.ee\/fi\/wp-json\/wp\/v2\/product\/16269\/revisions\/18067"}],"wp:featuredmedia":[{"embeddable":true,"href":"https:\/\/idakorea.ee\/fi\/wp-json\/wp\/v2\/media\/16270"}],"wp:attachment":[{"href":"https:\/\/idakorea.ee\/fi\/wp-json\/wp\/v2\/media?parent=16269"}],"wp:term":[{"taxonomy":"pwb-brand","embeddable":true,"href":"https:\/\/idakorea.ee\/fi\/wp-json\/wp\/v2\/pwb-brand?post=16269"},{"taxonomy":"product_brand","embeddable":true,"href":"https:\/\/idakorea.ee\/fi\/wp-json\/wp\/v2\/product_brand?post=16269"},{"taxonomy":"product_cat","embeddable":true,"href":"https:\/\/idakorea.ee\/fi\/wp-json\/wp\/v2\/product_cat?post=16269"},{"taxonomy":"product_tag","embeddable":true,"href":"https:\/\/idakorea.ee\/fi\/wp-json\/wp\/v2\/product_tag?post=16269"}],"curies":[{"name":"wp","href":"https:\/\/api.w.org\/{rel}","templated":true}]}}