{"id":16285,"date":"2025-10-29T16:13:23","date_gmt":"2025-10-29T13:13:23","guid":{"rendered":"https:\/\/idakorea.ee\/?post_type=product&#038;p=16285"},"modified":"2026-04-13T20:27:23","modified_gmt":"2026-04-13T18:27:23","slug":"skin1004-madagascar-centella-niacinamide-10-boosting-shot-ampoule","status":"publish","type":"product","link":"https:\/\/idakorea.ee\/fi\/product\/skin1004-madagascar-centella-niacinamide-10-boosting-shot-ampoule\/","title":{"rendered":"SKIN1004 Madagascar Centella Niacinamide 10 Boosting Shot Ampoule, 30ml"},"content":{"rendered":"<p data-start=\"0\" data-end=\"341\">Ampullin tehoste <strong data-start=\"15\" data-end=\"84\">SKIN1004 Madagascar Centella Niacinamide 10 Boosting Shot Ampoule<\/strong> on suunniteltu tasoittamaan ihon s\u00e4vy\u00e4, vaalentamaan pigmenttil\u00e4iski\u00e4 ja aknen j\u00e4lki\u00e4. Se auttaa normalisoimaan talirauhasten toimintaa, supistamaan ihohuokosia ja tulehdusta. Kosteuttaa ihoa, v\u00e4hent\u00e4\u00e4 herkkyytt\u00e4 ja palauttaa ihon suojakerroksen.<\/p>\n<p data-start=\"343\" data-end=\"455\">Tuote sis\u00e4lt\u00e4\u00e4 mikroneuloja (spiculeja), jotka edist\u00e4v\u00e4t aktiivisten ainesosien syvemp\u00e4\u00e4 imeytymist\u00e4 ja ihon uudistumista.<\/p>\n<p data-start=\"457\" data-end=\"541\">Kevyt koostumus, levittyy helposti ja imeytyy nopeasti j\u00e4tt\u00e4m\u00e4tt\u00e4 tahmeaa tunnetta.<\/p>\n<p data-start=\"543\" data-end=\"569\"><strong data-start=\"543\" data-end=\"567\">T\u00e4rkeimm\u00e4t vaikuttavat aineet:<\/strong><\/p>\n<ul data-start=\"570\" data-end=\"1677\">\n<li data-start=\"570\" data-end=\"717\">\n<p data-start=\"572\" data-end=\"717\"><strong data-start=\"572\" data-end=\"607\">Niasiiniamidi 10% (B3-vitamiini)<\/strong> \u2013 poistaa rasvaista kiiltoa, vahvistaa hydrolipidisuojaa, s\u00e4\u00e4telee talirauhasten toimintaa ja tasoittaa ihon s\u00e4vy\u00e4.<\/p>\n<\/li>\n<li data-start=\"718\" data-end=\"882\">\n<p data-start=\"720\" data-end=\"882\"><strong data-start=\"720\" data-end=\"742\">Askorbyyliglukosidi<\/strong> \u2013 C-vitamiinin stabiili muoto, stimuloi kollageenin tuotantoa, vaalentaa pigmenttil\u00e4iski\u00e4, tasoittaa ihon rakennetta ja toimii antioksidanttina.<\/p>\n<\/li>\n<li data-start=\"883\" data-end=\"1111\">\n<p data-start=\"885\" data-end=\"1111\"><strong data-start=\"885\" data-end=\"903\">Traneksaamihappo<\/strong> \u2013 hidastaa melaniinin synteesi\u00e4 epidermiksen soluissa est\u00e4en pigmentin muodostumista ja auttaa h\u00e4ivytt\u00e4m\u00e4\u00e4n tummia l\u00e4iski\u00e4 aiheuttamatta \u00e4rsytyst\u00e4 tai valoherkkyytt\u00e4. Tehokas my\u00f6s couperosaa ja rosaceaa ehk\u00e4isev\u00e4sti.<\/p>\n<\/li>\n<li data-start=\"1112\" data-end=\"1361\">\n<p data-start=\"1114\" data-end=\"1361\"><strong data-start=\"1114\" data-end=\"1178\">Centella Asiatica -uute ja madecassoside<\/strong> \u2013 tulehdusta ehk\u00e4isevill\u00e4 ja haavaumia parantavilla vaikutuksilla vahvistaa ihon suojakerrosta, v\u00e4hent\u00e4\u00e4 herkkyytt\u00e4 ja turvotusta, parantaa kapillaarien elastisuutta ja ehk\u00e4isee couperosaa.<\/p>\n<\/li>\n<li data-start=\"1362\" data-end=\"1677\">\n<p data-start=\"1364\" data-end=\"1677\"><strong data-start=\"1364\" data-end=\"1385\">PDRN (natrium-DNA)<\/strong> \u2013 lohenmaidon DNA:sta per\u00e4isin olevia pienimolekyylipainoisia polynukleotideja. Ne aktivoivat ihon uudistumisprosesseja, kollageenin ja elastiinin synteesi\u00e4 ja auttavat korjaamaan ennenaikaisen ik\u00e4\u00e4ntymisen, liiallisen auringonvalon tai ymp\u00e4rist\u00f6vaikutusten aiheuttamia ihovaurioita.<\/p>\n<\/li>\n<\/ul>\n<p data-start=\"1679\" data-end=\"1722\">Sopii rasvaiselle ja sekaiholle.<\/p>\n<p data-start=\"1724\" data-end=\"1907\"><strong data-start=\"1724\" data-end=\"1739\">K\u00e4ytt\u00f6:<\/strong> Puhdistuksen ja kasvoveden j\u00e4lkeen levit\u00e4 seerumia kasvoille tasaisesti. Viimeistele voideella. K\u00e4yt\u00e4 p\u00e4iv\u00e4ll\u00e4 aurinkosuojakerrointa SPF50 PA++++.<\/p>\n<p data-start=\"1909\" data-end=\"2000\"><strong data-start=\"1909\" data-end=\"1924\">Huomio!<\/strong> Mikroneula-ampulli saattaa aiheuttaa pistely\u00e4 k\u00e4yt\u00f6n j\u00e4lkeen.<\/p>\n<p data-start=\"2002\" data-end=\"2314\" data-is-last-node=\"\" data-is-only-node=\"\"><strong data-start=\"2002\" data-end=\"2024\">Varotoimenpiteet:<\/strong> Tuotteen k\u00e4ytt\u00f6\u00f6nottoa suositellaan v\u00e4hitellen. \u00c4l\u00e4 k\u00e4yt\u00e4 samanaikaisesti kuorivien aineiden, retinolin, AHA-, BHA-happojen tai runsaasti C-vitamiinia sis\u00e4lt\u00e4vien tuotteiden kanssa. Ei ole suositeltavaa k\u00e4ytt\u00e4\u00e4 tuotetta heti ihotautitoimenpiteiden j\u00e4lkeen, jotka vaurioittavat ihon sarveiskerrosta (esim. kuorinnat, kosmeettiset laitteet, injektiot).<\/p>","protected":false},"excerpt":{"rendered":"<p>Ampulli-tehoste SKIN1004 Madagaskarin Centella Niacinamide 10 Boosting Shot Ampulli on suunniteltu tasoittamaan ihon s\u00e4vy\u00e4, vaalentamaan pigmenttil\u00e4iski\u00e4 ja aknen j\u00e4lki\u00e4. Se auttaa normalisoimaan talirauhasten toimintaa, supistamaan ihohuokosia ja tulehduspes\u00e4kkeit\u00e4. Kosteuttaa ihoa, v\u00e4hent\u00e4\u00e4 herkkyytt\u00e4 ja palauttaa ihon suojakerroksen. Tuote sis\u00e4lt\u00e4\u00e4 mikroneuloja, jotka edist\u00e4v\u00e4t vaikuttavien aineiden syvemp\u00e4\u00e4 imeytymist\u00e4 ja ihon uusiutumista. Kevyt koostumus, levittyy helposti ja imeytyy\u2026<\/p>","protected":false},"featured_media":16286,"comment_status":"open","ping_status":"closed","template":"","meta":{"_uf_show_specific_survey":0,"_uf_disable_surveys":false,"_bst_post_transparent":"default","_bst_post_title":"","_bst_post_layout":"default","_bst_post_sidebar_id":"","_bst_post_content_style":"default","_bst_post_vertical_padding":"default","_bst_post_feature":"","_bst_post_feature_position":"","_bst_post_header":false,"_bst_post_footer":false},"pwb-brand":[186],"product_brand":[],"product_cat":[92,97],"product_tag":[230,1009],"class_list":{"0":"post-16285","1":"product","2":"type-product","3":"status-publish","4":"has-post-thumbnail","6":"pwb-brand-skin1004","7":"product_cat-nagu","8":"product_cat-naoseerumid-ja-olid","9":"product_tag-pigment","10":"product_tag-skin1004-niacinamide","12":"first","13":"instock","14":"sale","15":"shipping-taxable","16":"purchasable","17":"product-type-simple","18":"entry","19":"content-bg","20":"loop-entry"},"supplier_id":null,"supplier_sku":"","barcode":null,"atum_controlled":true,"out_stock_date":null,"out_stock_threshold":null,"inheritable":false,"inbound_stock":0,"stock_on_hold":0,"sold_today":0,"sales_last_days":3,"out_stock_days":0,"lost_sales":0,"has_location":false,"update_date":"2026-04-14T12:37:28","atum_locations":[],"atum_stock_status":"instock","restock_status":false,"low_stock_amount":"","sales_update_date":"2026-04-14T12:37:28","calc_backorders":null,"yoast_head":"<!-- This site is optimized with the Yoast SEO plugin v27.2 - https:\/\/yoast.com\/product\/yoast-seo-wordpress\/ -->\n<title>SKIN1004 Madagascar Centella Niacinamide 10 Boosting Shot Ampoule - IDA.KOREA<\/title>\n<meta name=\"description\" content=\"Niatsiinamiidi ja tsentella ekstraktiga ampull-booster, mis \u00fchtlustab nahatooni, v\u00e4hendab pigmendilaike ja postaknet, niisutab ning taastab naha kaitsebarj\u00e4\u00e4ri.\" \/>\n<meta name=\"robots\" content=\"index, follow, max-snippet:-1, max-image-preview:large, max-video-preview:-1\" \/>\n<link rel=\"canonical\" href=\"https:\/\/idakorea.ee\/fi\/product\/skin1004-madagascar-centella-niacinamide-10-boosting-shot-ampoule\/\" \/>\n<meta property=\"og:locale\" content=\"fi_FI\" \/>\n<meta property=\"og:type\" content=\"article\" \/>\n<meta property=\"og:title\" content=\"SKIN1004 Madagascar Centella Niacinamide 10 Boosting Shot Ampoule - IDA.KOREA\" \/>\n<meta property=\"og:description\" content=\"Niatsiinamiidi ja tsentella ekstraktiga ampull-booster, mis \u00fchtlustab nahatooni, v\u00e4hendab pigmendilaike ja postaknet, niisutab ning taastab naha kaitsebarj\u00e4\u00e4ri.\" \/>\n<meta property=\"og:url\" content=\"https:\/\/idakorea.ee\/fi\/product\/skin1004-madagascar-centella-niacinamide-10-boosting-shot-ampoule\/\" \/>\n<meta property=\"og:site_name\" content=\"IDA.KOREA\" \/>\n<meta property=\"article:modified_time\" content=\"2026-04-13T18:27:23+00:00\" \/>\n<meta property=\"og:image\" content=\"https:\/\/idakorea.ee\/wp-content\/uploads\/2025\/10\/skin1004-niacinamide-10-boosting-shot-ampoule-idakorea.png\" \/>\n\t<meta property=\"og:image:width\" content=\"1063\" \/>\n\t<meta property=\"og:image:height\" content=\"1063\" \/>\n\t<meta property=\"og:image:type\" content=\"image\/png\" \/>\n<meta name=\"twitter:card\" content=\"summary_large_image\" \/>\n<meta name=\"twitter:label1\" content=\"Arvioitu lukuaika\" \/>\n\t<meta name=\"twitter:data1\" content=\"2 minuuttia\" \/>\n<script type=\"application\/ld+json\" class=\"yoast-schema-graph\">{\"@context\":\"https:\/\/schema.org\",\"@graph\":[{\"@type\":\"WebPage\",\"@id\":\"https:\/\/idakorea.ee\/product\/skin1004-madagascar-centella-niacinamide-10-boosting-shot-ampoule\/\",\"url\":\"https:\/\/idakorea.ee\/product\/skin1004-madagascar-centella-niacinamide-10-boosting-shot-ampoule\/\",\"name\":\"SKIN1004 Madagascar Centella Niacinamide 10 Boosting Shot Ampoule - IDA.KOREA\",\"isPartOf\":{\"@id\":\"https:\/\/idakorea.ee\/#website\"},\"primaryImageOfPage\":{\"@id\":\"https:\/\/idakorea.ee\/product\/skin1004-madagascar-centella-niacinamide-10-boosting-shot-ampoule\/#primaryimage\"},\"image\":{\"@id\":\"https:\/\/idakorea.ee\/product\/skin1004-madagascar-centella-niacinamide-10-boosting-shot-ampoule\/#primaryimage\"},\"thumbnailUrl\":\"https:\/\/idakorea.ee\/wp-content\/uploads\/2025\/10\/skin1004-niacinamide-10-boosting-shot-ampoule-idakorea.png\",\"datePublished\":\"2025-10-29T13:13:23+00:00\",\"dateModified\":\"2026-04-13T18:27:23+00:00\",\"description\":\"Niatsiinamiidi ja tsentella ekstraktiga ampull-booster, mis \u00fchtlustab nahatooni, v\u00e4hendab pigmendilaike ja postaknet, niisutab ning taastab naha kaitsebarj\u00e4\u00e4ri.\",\"breadcrumb\":{\"@id\":\"https:\/\/idakorea.ee\/product\/skin1004-madagascar-centella-niacinamide-10-boosting-shot-ampoule\/#breadcrumb\"},\"inLanguage\":\"fi\",\"potentialAction\":[{\"@type\":\"ReadAction\",\"target\":[\"https:\/\/idakorea.ee\/product\/skin1004-madagascar-centella-niacinamide-10-boosting-shot-ampoule\/\"]}]},{\"@type\":\"ImageObject\",\"inLanguage\":\"fi\",\"@id\":\"https:\/\/idakorea.ee\/product\/skin1004-madagascar-centella-niacinamide-10-boosting-shot-ampoule\/#primaryimage\",\"url\":\"https:\/\/idakorea.ee\/wp-content\/uploads\/2025\/10\/skin1004-niacinamide-10-boosting-shot-ampoule-idakorea.png\",\"contentUrl\":\"https:\/\/idakorea.ee\/wp-content\/uploads\/2025\/10\/skin1004-niacinamide-10-boosting-shot-ampoule-idakorea.png\",\"width\":1063,\"height\":1063},{\"@type\":\"BreadcrumbList\",\"@id\":\"https:\/\/idakorea.ee\/product\/skin1004-madagascar-centella-niacinamide-10-boosting-shot-ampoule\/#breadcrumb\",\"itemListElement\":[{\"@type\":\"ListItem\",\"position\":1,\"name\":\"\u0413\u043b\u0430\u0432\u043d\u0430\u044f \u0441\u0442\u0440\u0430\u043d\u0438\u0446\u0430\",\"item\":\"https:\/\/idakorea.ee\/\"},{\"@type\":\"ListItem\",\"position\":2,\"name\":\"Shop\",\"item\":\"https:\/\/idakorea.ee\/shop-2\/\"},{\"@type\":\"ListItem\",\"position\":3,\"name\":\"Ampull-booster SKIN1004 Madagascar Centella Niacinamide 10 Boosting Shot Ampoule, 30ml\"}]},{\"@type\":\"WebSite\",\"@id\":\"https:\/\/idakorea.ee\/#website\",\"url\":\"https:\/\/idakorea.ee\/\",\"name\":\"IDA.KOREA\",\"description\":\"Korea kosmeetika e-pood\",\"publisher\":{\"@id\":\"https:\/\/idakorea.ee\/#organization\"},\"alternateName\":\"Beauty Shop\",\"potentialAction\":[{\"@type\":\"SearchAction\",\"target\":{\"@type\":\"EntryPoint\",\"urlTemplate\":\"https:\/\/idakorea.ee\/?s={search_term_string}\"},\"query-input\":{\"@type\":\"PropertyValueSpecification\",\"valueRequired\":true,\"valueName\":\"search_term_string\"}}],\"inLanguage\":\"fi\"},{\"@type\":\"Organization\",\"@id\":\"https:\/\/idakorea.ee\/#organization\",\"name\":\"IDA.KOREA\",\"url\":\"https:\/\/idakorea.ee\/\",\"logo\":{\"@type\":\"ImageObject\",\"inLanguage\":\"fi\",\"@id\":\"https:\/\/idakorea.ee\/#\/schema\/logo\/image\/\",\"url\":\"https:\/\/idakorea.ee\/wp-content\/uploads\/2024\/05\/cropped-korea3.png\",\"contentUrl\":\"https:\/\/idakorea.ee\/wp-content\/uploads\/2024\/05\/cropped-korea3.png\",\"width\":688,\"height\":126,\"caption\":\"IDA.KOREA\"},\"image\":{\"@id\":\"https:\/\/idakorea.ee\/#\/schema\/logo\/image\/\"},\"sameAs\":[\"https:\/\/www.instagram.com\/ida.korea\/\"]}]}<\/script>\n<!-- \/ Yoast SEO plugin. -->","yoast_head_json":{"title":"SKIN1004 Madagascar Centella Niacinamide 10 Boosting Shot Ampulli - IDA.KOREA","description":"Niasiiniamidia ja centella-uutetta sis\u00e4lt\u00e4v\u00e4 ampullitehoste, joka tasoittaa ihon s\u00e4vy\u00e4, v\u00e4hent\u00e4\u00e4 pigmenttil\u00e4iski\u00e4 ja aknen j\u00e4lki\u00e4, kosteuttaa ja palauttaa ihon suojakerroksen.","robots":{"index":"index","follow":"follow","max-snippet":"max-snippet:-1","max-image-preview":"max-image-preview:large","max-video-preview":"max-video-preview:-1"},"canonical":"https:\/\/idakorea.ee\/fi\/product\/skin1004-madagascar-centella-niacinamide-10-boosting-shot-ampoule\/","og_locale":"fi_FI","og_type":"article","og_title":"SKIN1004 Madagascar Centella Niacinamide 10 Boosting Shot Ampoule - IDA.KOREA","og_description":"Niatsiinamiidi ja tsentella ekstraktiga ampull-booster, mis \u00fchtlustab nahatooni, v\u00e4hendab pigmendilaike ja postaknet, niisutab ning taastab naha kaitsebarj\u00e4\u00e4ri.","og_url":"https:\/\/idakorea.ee\/fi\/product\/skin1004-madagascar-centella-niacinamide-10-boosting-shot-ampoule\/","og_site_name":"IDA.KOREA","article_modified_time":"2026-04-13T18:27:23+00:00","og_image":[{"width":1063,"height":1063,"url":"https:\/\/idakorea.ee\/wp-content\/uploads\/2025\/10\/skin1004-niacinamide-10-boosting-shot-ampoule-idakorea.png","type":"image\/png"}],"twitter_card":"summary_large_image","twitter_misc":{"Arvioitu lukuaika":"2 minuuttia"},"schema":{"@context":"https:\/\/schema.org","@graph":[{"@type":"WebPage","@id":"https:\/\/idakorea.ee\/product\/skin1004-madagascar-centella-niacinamide-10-boosting-shot-ampoule\/","url":"https:\/\/idakorea.ee\/product\/skin1004-madagascar-centella-niacinamide-10-boosting-shot-ampoule\/","name":"SKIN1004 Madagascar Centella Niacinamide 10 Boosting Shot Ampulli - IDA.KOREA","isPartOf":{"@id":"https:\/\/idakorea.ee\/#website"},"primaryImageOfPage":{"@id":"https:\/\/idakorea.ee\/product\/skin1004-madagascar-centella-niacinamide-10-boosting-shot-ampoule\/#primaryimage"},"image":{"@id":"https:\/\/idakorea.ee\/product\/skin1004-madagascar-centella-niacinamide-10-boosting-shot-ampoule\/#primaryimage"},"thumbnailUrl":"https:\/\/idakorea.ee\/wp-content\/uploads\/2025\/10\/skin1004-niacinamide-10-boosting-shot-ampoule-idakorea.png","datePublished":"2025-10-29T13:13:23+00:00","dateModified":"2026-04-13T18:27:23+00:00","description":"Niasiiniamidia ja centella-uutetta sis\u00e4lt\u00e4v\u00e4 ampullitehoste, joka tasoittaa ihon s\u00e4vy\u00e4, v\u00e4hent\u00e4\u00e4 pigmenttil\u00e4iski\u00e4 ja aknen j\u00e4lki\u00e4, kosteuttaa ja palauttaa ihon suojakerroksen.","breadcrumb":{"@id":"https:\/\/idakorea.ee\/product\/skin1004-madagascar-centella-niacinamide-10-boosting-shot-ampoule\/#breadcrumb"},"inLanguage":"fi","potentialAction":[{"@type":"ReadAction","target":["https:\/\/idakorea.ee\/product\/skin1004-madagascar-centella-niacinamide-10-boosting-shot-ampoule\/"]}]},{"@type":"ImageObject","inLanguage":"fi","@id":"https:\/\/idakorea.ee\/product\/skin1004-madagascar-centella-niacinamide-10-boosting-shot-ampoule\/#primaryimage","url":"https:\/\/idakorea.ee\/wp-content\/uploads\/2025\/10\/skin1004-niacinamide-10-boosting-shot-ampoule-idakorea.png","contentUrl":"https:\/\/idakorea.ee\/wp-content\/uploads\/2025\/10\/skin1004-niacinamide-10-boosting-shot-ampoule-idakorea.png","width":1063,"height":1063},{"@type":"BreadcrumbList","@id":"https:\/\/idakorea.ee\/product\/skin1004-madagascar-centella-niacinamide-10-boosting-shot-ampoule\/#breadcrumb","itemListElement":[{"@type":"ListItem","position":1,"name":"\u0413\u043b\u0430\u0432\u043d\u0430\u044f \u0441\u0442\u0440\u0430\u043d\u0438\u0446\u0430","item":"https:\/\/idakorea.ee\/"},{"@type":"ListItem","position":2,"name":"Shop","item":"https:\/\/idakorea.ee\/shop-2\/"},{"@type":"ListItem","position":3,"name":"Ampull-booster SKIN1004 Madagascar Centella Niacinamide 10 Boosting Shot Ampoule, 30ml"}]},{"@type":"WebSite","@id":"https:\/\/idakorea.ee\/#website","url":"https:\/\/idakorea.ee\/","name":"IDA.KOREA","description":"Korean kosmetiikan verkkokauppa","publisher":{"@id":"https:\/\/idakorea.ee\/#organization"},"alternateName":"Beauty Shop","potentialAction":[{"@type":"SearchAction","target":{"@type":"EntryPoint","urlTemplate":"https:\/\/idakorea.ee\/?s={search_term_string}"},"query-input":{"@type":"PropertyValueSpecification","valueRequired":true,"valueName":"search_term_string"}}],"inLanguage":"fi"},{"@type":"Organization","@id":"https:\/\/idakorea.ee\/#organization","name":"IDA.KOREA","url":"https:\/\/idakorea.ee\/","logo":{"@type":"ImageObject","inLanguage":"fi","@id":"https:\/\/idakorea.ee\/#\/schema\/logo\/image\/","url":"https:\/\/idakorea.ee\/wp-content\/uploads\/2024\/05\/cropped-korea3.png","contentUrl":"https:\/\/idakorea.ee\/wp-content\/uploads\/2024\/05\/cropped-korea3.png","width":688,"height":126,"caption":"IDA.KOREA"},"image":{"@id":"https:\/\/idakorea.ee\/#\/schema\/logo\/image\/"},"sameAs":["https:\/\/www.instagram.com\/ida.korea\/"]}]}},"jetpack_sharing_enabled":true,"brands":[{"id":186,"name":"SKIN1004","slug":"skin1004"}],"_links":{"self":[{"href":"https:\/\/idakorea.ee\/fi\/wp-json\/wp\/v2\/product\/16285","targetHints":{"allow":["GET"]}}],"collection":[{"href":"https:\/\/idakorea.ee\/fi\/wp-json\/wp\/v2\/product"}],"about":[{"href":"https:\/\/idakorea.ee\/fi\/wp-json\/wp\/v2\/types\/product"}],"replies":[{"embeddable":true,"href":"https:\/\/idakorea.ee\/fi\/wp-json\/wp\/v2\/comments?post=16285"}],"version-history":[{"count":1,"href":"https:\/\/idakorea.ee\/fi\/wp-json\/wp\/v2\/product\/16285\/revisions"}],"predecessor-version":[{"id":16289,"href":"https:\/\/idakorea.ee\/fi\/wp-json\/wp\/v2\/product\/16285\/revisions\/16289"}],"wp:featuredmedia":[{"embeddable":true,"href":"https:\/\/idakorea.ee\/fi\/wp-json\/wp\/v2\/media\/16286"}],"wp:attachment":[{"href":"https:\/\/idakorea.ee\/fi\/wp-json\/wp\/v2\/media?parent=16285"}],"wp:term":[{"taxonomy":"pwb-brand","embeddable":true,"href":"https:\/\/idakorea.ee\/fi\/wp-json\/wp\/v2\/pwb-brand?post=16285"},{"taxonomy":"product_brand","embeddable":true,"href":"https:\/\/idakorea.ee\/fi\/wp-json\/wp\/v2\/product_brand?post=16285"},{"taxonomy":"product_cat","embeddable":true,"href":"https:\/\/idakorea.ee\/fi\/wp-json\/wp\/v2\/product_cat?post=16285"},{"taxonomy":"product_tag","embeddable":true,"href":"https:\/\/idakorea.ee\/fi\/wp-json\/wp\/v2\/product_tag?post=16285"}],"curies":[{"name":"wp","href":"https:\/\/api.w.org\/{rel}","templated":true}]}}