{"id":16340,"date":"2025-11-03T11:29:17","date_gmt":"2025-11-03T08:29:17","guid":{"rendered":"https:\/\/idakorea.ee\/?post_type=product&#038;p=16340"},"modified":"2026-02-24T23:37:40","modified_gmt":"2026-02-24T21:37:40","slug":"hudrogeelmask-marymay-vegan-collagen-charcoal-pdrn-mask","status":"publish","type":"product","link":"https:\/\/idakorea.ee\/fi\/product\/hudrogeelmask-marymay-vegan-collagen-charcoal-pdrn-mask\/","title":{"rendered":"Hydrogeelinaamio Mary&amp;May Vegan Collagen Charcoal PDRN Mask"},"content":{"rendered":"<p data-start=\"259\" data-end=\"522\"><strong>Mary&amp;May Vegan Collagen Charcoal PDRN -naamio<\/strong> on ylellinen hydrogeelinaamio, joka yhdist\u00e4\u00e4 syv\u00e4puhdistuksen ja korjaavan hoidon.<br data-start=\"384\" data-end=\"387\" \/>Aktiivihiilijauhe imee ihohuokosiin kertyneen lian ja ylim\u00e4\u00e4r\u00e4isen \u00f6ljyn auttaen ihoa palauttamaan luonnollisen hehkun ja kirkkauden.<\/p>\n<p data-start=\"524\" data-end=\"812\">PDRN \u2013 kasvipolynukleotidi \u2013 stimuloi ihon uusiutumista, parantaa sen kimmoisuutta ja ehk\u00e4isee ennenaikaista ik\u00e4\u00e4ntymist\u00e4.<br data-start=\"633\" data-end=\"636\" \/>Matalamolekyylinen vegaaninen kollageeni, jonka hiukkaset ovat pienempi\u00e4 kuin ihohuokoset, tunkeutuu syv\u00e4lle ihoon vahvistaen ihon rakennetta ja antaen sille kiinte\u00e4mm\u00e4n ja kiinte\u00e4mm\u00e4n ulkon\u00e4\u00f6n.<\/p>\n<p data-start=\"814\" data-end=\"924\">Naamiolla on korealainen vegaanisertifikaatti ja se on testattu ihon herkkyystestauksella, joten se sopii herk\u00e4lle iholle.<\/p>\n<p data-start=\"926\" data-end=\"967\"><strong data-start=\"930\" data-end=\"967\">Kliinisesti todistetut tulokset:<\/strong><\/p>\n<ul data-start=\"968\" data-end=\"1154\">\n<li data-start=\"968\" data-end=\"1012\">\n<p data-start=\"970\" data-end=\"1012\">Otsan ryppyjen v\u00e4hent\u00e4minen: <strong data-start=\"999\" data-end=\"1010\">20,25 %<\/strong><\/p>\n<\/li>\n<li data-start=\"1013\" data-end=\"1066\">\n<p data-start=\"1015\" data-end=\"1066\">Kulmakarvojen v\u00e4listen ryppyjen v\u00e4hent\u00e4minen: <strong data-start=\"1053\" data-end=\"1064\">15,95 %<\/strong><\/p>\n<\/li>\n<li data-start=\"1067\" data-end=\"1114\">\n<p data-start=\"1069\" data-end=\"1114\">Nasolabiaalisten ryppyjen v\u00e4hent\u00e4minen: <strong data-start=\"1101\" data-end=\"1112\">29,40 %<\/strong><\/p>\n<\/li>\n<li data-start=\"1115\" data-end=\"1154\">\n<p data-start=\"1117\" data-end=\"1154\">Ihon kimmoisuuden parantaminen: <strong data-start=\"1144\" data-end=\"1154\">5,06 %<\/strong><\/p>\n<\/li>\n<\/ul>\n<p data-start=\"1156\" data-end=\"1175\"><strong data-start=\"1160\" data-end=\"1175\">K\u00e4ytt\u00f6: <\/strong>Puhdistuksen j\u00e4lkeen kosteuta ihoasi kasvovedell\u00e4. Avaa pakkaus ja ota naamio ulos. Poista suojakalvo ja aseta naamio tasaisesti kasvoillesi silm\u00e4nymp\u00e4rysihoa vasten (voi k\u00e4ytt\u00e4\u00e4 naamion molempia puolia). Anna vaikuttaa 20\u201330 minuuttia ja rentoudu.<\/p>","protected":false},"excerpt":{"rendered":"<p>Mary&amp;May Vegan Collagen Charcoal PDRN Mask on ylellinen hydrogeelinaamio, joka yhdist\u00e4\u00e4 syv\u00e4puhdistuksen ja palauttavan hoidon. Aktiivihiilijauhe imee ihohuokosiin kertyneen lian ja ylim\u00e4\u00e4r\u00e4isen rasvan auttaen ihoa palauttamaan luonnollisen hehkunsa ja kirkkautensa. PDRN \u2013 kasvipolynukleotidi \u2013 stimuloi ihon uusiutumista, parantaa kimmoisuutta ja ehk\u00e4isee ennenaikaista ik\u00e4\u00e4ntymist\u00e4. Matalamolekyylinen vegaaninen kollageeni, jonka hiukkaset ovat pienempi\u00e4 kuin ihohuokoset, tunkeutuu syv\u00e4lle ihoon,\u2026<\/p>","protected":false},"featured_media":16341,"comment_status":"open","ping_status":"closed","template":"","meta":{"_uf_show_specific_survey":0,"_uf_disable_surveys":false,"_bst_post_transparent":"default","_bst_post_title":"","_bst_post_layout":"default","_bst_post_sidebar_id":"","_bst_post_content_style":"default","_bst_post_vertical_padding":"default","_bst_post_feature":"","_bst_post_feature_position":"","_bst_post_header":false,"_bst_post_footer":false},"pwb-brand":[1012],"product_brand":[],"product_cat":[92,98],"product_tag":[517,568,789],"class_list":{"0":"post-16340","1":"product","2":"type-product","3":"status-publish","4":"has-post-thumbnail","6":"pwb-brand-marymay","7":"product_cat-nagu","8":"product_cat-naomaskid","9":"product_tag-collagen","10":"product_tag-korea","11":"product_tag-pdrn","13":"first","14":"instock","15":"sale","16":"shipping-taxable","17":"purchasable","18":"product-type-simple","19":"entry","20":"content-bg","21":"loop-entry"},"supplier_id":null,"supplier_sku":"","barcode":null,"atum_controlled":true,"out_stock_date":null,"out_stock_threshold":null,"inheritable":false,"inbound_stock":0,"stock_on_hold":0,"sold_today":0,"sales_last_days":0,"out_stock_days":0,"lost_sales":0,"has_location":false,"update_date":"2026-04-14T00:05:05","atum_locations":[],"atum_stock_status":"instock","restock_status":false,"low_stock_amount":"","sales_update_date":"2026-04-14T00:05:05","calc_backorders":null,"yoast_head":"<!-- This site is optimized with the Yoast SEO plugin v27.2 - https:\/\/yoast.com\/product\/yoast-seo-wordpress\/ -->\n<title>Mary&amp;May Vegan Collagen Charcoal PDRN Mask - IDA.KOREA<\/title>\n<meta name=\"description\" content=\"Vegan h\u00fcdrogeelmask aktiivs\u00f6e, PDRN-i ja madalmolekulaarse kollageeniga \u2013 s\u00fcgavpuhastav, pinguldav ja s\u00e4ra taastav hooldus nahale.\" \/>\n<meta name=\"robots\" content=\"index, follow, max-snippet:-1, max-image-preview:large, max-video-preview:-1\" \/>\n<link rel=\"canonical\" href=\"https:\/\/idakorea.ee\/fi\/product\/hudrogeelmask-marymay-vegan-collagen-charcoal-pdrn-mask\/\" \/>\n<meta property=\"og:locale\" content=\"fi_FI\" \/>\n<meta property=\"og:type\" content=\"article\" \/>\n<meta property=\"og:title\" content=\"Mary&amp;May Vegan Collagen Charcoal PDRN Mask - IDA.KOREA\" \/>\n<meta property=\"og:description\" content=\"Vegan h\u00fcdrogeelmask aktiivs\u00f6e, PDRN-i ja madalmolekulaarse kollageeniga \u2013 s\u00fcgavpuhastav, pinguldav ja s\u00e4ra taastav hooldus nahale.\" \/>\n<meta property=\"og:url\" content=\"https:\/\/idakorea.ee\/fi\/product\/hudrogeelmask-marymay-vegan-collagen-charcoal-pdrn-mask\/\" \/>\n<meta property=\"og:site_name\" content=\"IDA.KOREA\" \/>\n<meta property=\"article:modified_time\" content=\"2026-02-24T21:37:40+00:00\" \/>\n<meta property=\"og:image\" content=\"https:\/\/idakorea.ee\/wp-content\/uploads\/2025\/11\/pdrn-collagen-mask-idakorea.png\" \/>\n\t<meta property=\"og:image:width\" content=\"900\" \/>\n\t<meta property=\"og:image:height\" content=\"901\" \/>\n\t<meta property=\"og:image:type\" content=\"image\/png\" \/>\n<meta name=\"twitter:card\" content=\"summary_large_image\" \/>\n<meta name=\"twitter:label1\" content=\"Arvioitu lukuaika\" \/>\n\t<meta name=\"twitter:data1\" content=\"1 minuutti\" \/>\n<script type=\"application\/ld+json\" class=\"yoast-schema-graph\">{\"@context\":\"https:\/\/schema.org\",\"@graph\":[{\"@type\":\"WebPage\",\"@id\":\"https:\/\/idakorea.ee\/product\/hudrogeelmask-marymay-vegan-collagen-charcoal-pdrn-mask\/\",\"url\":\"https:\/\/idakorea.ee\/product\/hudrogeelmask-marymay-vegan-collagen-charcoal-pdrn-mask\/\",\"name\":\"Mary&May Vegan Collagen Charcoal PDRN Mask - IDA.KOREA\",\"isPartOf\":{\"@id\":\"https:\/\/idakorea.ee\/#website\"},\"primaryImageOfPage\":{\"@id\":\"https:\/\/idakorea.ee\/product\/hudrogeelmask-marymay-vegan-collagen-charcoal-pdrn-mask\/#primaryimage\"},\"image\":{\"@id\":\"https:\/\/idakorea.ee\/product\/hudrogeelmask-marymay-vegan-collagen-charcoal-pdrn-mask\/#primaryimage\"},\"thumbnailUrl\":\"https:\/\/idakorea.ee\/wp-content\/uploads\/2025\/11\/pdrn-collagen-mask-idakorea.png\",\"datePublished\":\"2025-11-03T08:29:17+00:00\",\"dateModified\":\"2026-02-24T21:37:40+00:00\",\"description\":\"Vegan h\u00fcdrogeelmask aktiivs\u00f6e, PDRN-i ja madalmolekulaarse kollageeniga \u2013 s\u00fcgavpuhastav, pinguldav ja s\u00e4ra taastav hooldus nahale.\",\"breadcrumb\":{\"@id\":\"https:\/\/idakorea.ee\/product\/hudrogeelmask-marymay-vegan-collagen-charcoal-pdrn-mask\/#breadcrumb\"},\"inLanguage\":\"fi\",\"potentialAction\":[{\"@type\":\"ReadAction\",\"target\":[\"https:\/\/idakorea.ee\/product\/hudrogeelmask-marymay-vegan-collagen-charcoal-pdrn-mask\/\"]}]},{\"@type\":\"ImageObject\",\"inLanguage\":\"fi\",\"@id\":\"https:\/\/idakorea.ee\/product\/hudrogeelmask-marymay-vegan-collagen-charcoal-pdrn-mask\/#primaryimage\",\"url\":\"https:\/\/idakorea.ee\/wp-content\/uploads\/2025\/11\/pdrn-collagen-mask-idakorea.png\",\"contentUrl\":\"https:\/\/idakorea.ee\/wp-content\/uploads\/2025\/11\/pdrn-collagen-mask-idakorea.png\",\"width\":900,\"height\":901},{\"@type\":\"BreadcrumbList\",\"@id\":\"https:\/\/idakorea.ee\/product\/hudrogeelmask-marymay-vegan-collagen-charcoal-pdrn-mask\/#breadcrumb\",\"itemListElement\":[{\"@type\":\"ListItem\",\"position\":1,\"name\":\"\u0413\u043b\u0430\u0432\u043d\u0430\u044f \u0441\u0442\u0440\u0430\u043d\u0438\u0446\u0430\",\"item\":\"https:\/\/idakorea.ee\/\"},{\"@type\":\"ListItem\",\"position\":2,\"name\":\"Shop\",\"item\":\"https:\/\/idakorea.ee\/shop-2\/\"},{\"@type\":\"ListItem\",\"position\":3,\"name\":\"H\u00fcdrogeelmask Mary&#038;May Vegan Collagen Charcoal PDRN Mask\"}]},{\"@type\":\"WebSite\",\"@id\":\"https:\/\/idakorea.ee\/#website\",\"url\":\"https:\/\/idakorea.ee\/\",\"name\":\"IDA.KOREA\",\"description\":\"Korea kosmeetika e-pood\",\"publisher\":{\"@id\":\"https:\/\/idakorea.ee\/#organization\"},\"alternateName\":\"Beauty Shop\",\"potentialAction\":[{\"@type\":\"SearchAction\",\"target\":{\"@type\":\"EntryPoint\",\"urlTemplate\":\"https:\/\/idakorea.ee\/?s={search_term_string}\"},\"query-input\":{\"@type\":\"PropertyValueSpecification\",\"valueRequired\":true,\"valueName\":\"search_term_string\"}}],\"inLanguage\":\"fi\"},{\"@type\":\"Organization\",\"@id\":\"https:\/\/idakorea.ee\/#organization\",\"name\":\"IDA.KOREA\",\"url\":\"https:\/\/idakorea.ee\/\",\"logo\":{\"@type\":\"ImageObject\",\"inLanguage\":\"fi\",\"@id\":\"https:\/\/idakorea.ee\/#\/schema\/logo\/image\/\",\"url\":\"https:\/\/idakorea.ee\/wp-content\/uploads\/2024\/05\/cropped-korea3.png\",\"contentUrl\":\"https:\/\/idakorea.ee\/wp-content\/uploads\/2024\/05\/cropped-korea3.png\",\"width\":688,\"height\":126,\"caption\":\"IDA.KOREA\"},\"image\":{\"@id\":\"https:\/\/idakorea.ee\/#\/schema\/logo\/image\/\"},\"sameAs\":[\"https:\/\/www.instagram.com\/ida.korea\/\"]}]}<\/script>\n<!-- \/ Yoast SEO plugin. -->","yoast_head_json":{"title":"Mary&amp;May Vegan Collagen Charcoal PDRN Mask - IDA.KOREA","description":"Vegaaninen hydrogeelinaamio aktiivihiilell\u00e4, PDRN:ll\u00e4 ja matalamolekyylisell\u00e4 kollageenilla - syv\u00e4puhdistava, kiinteytt\u00e4v\u00e4 ja hehkuva iho.","robots":{"index":"index","follow":"follow","max-snippet":"max-snippet:-1","max-image-preview":"max-image-preview:large","max-video-preview":"max-video-preview:-1"},"canonical":"https:\/\/idakorea.ee\/fi\/product\/hudrogeelmask-marymay-vegan-collagen-charcoal-pdrn-mask\/","og_locale":"fi_FI","og_type":"article","og_title":"Mary&May Vegan Collagen Charcoal PDRN Mask - IDA.KOREA","og_description":"Vegan h\u00fcdrogeelmask aktiivs\u00f6e, PDRN-i ja madalmolekulaarse kollageeniga \u2013 s\u00fcgavpuhastav, pinguldav ja s\u00e4ra taastav hooldus nahale.","og_url":"https:\/\/idakorea.ee\/fi\/product\/hudrogeelmask-marymay-vegan-collagen-charcoal-pdrn-mask\/","og_site_name":"IDA.KOREA","article_modified_time":"2026-02-24T21:37:40+00:00","og_image":[{"width":900,"height":901,"url":"https:\/\/idakorea.ee\/wp-content\/uploads\/2025\/11\/pdrn-collagen-mask-idakorea.png","type":"image\/png"}],"twitter_card":"summary_large_image","twitter_misc":{"Arvioitu lukuaika":"1 minuutti"},"schema":{"@context":"https:\/\/schema.org","@graph":[{"@type":"WebPage","@id":"https:\/\/idakorea.ee\/product\/hudrogeelmask-marymay-vegan-collagen-charcoal-pdrn-mask\/","url":"https:\/\/idakorea.ee\/product\/hudrogeelmask-marymay-vegan-collagen-charcoal-pdrn-mask\/","name":"Mary&amp;May Vegan Collagen Charcoal PDRN Mask - IDA.KOREA","isPartOf":{"@id":"https:\/\/idakorea.ee\/#website"},"primaryImageOfPage":{"@id":"https:\/\/idakorea.ee\/product\/hudrogeelmask-marymay-vegan-collagen-charcoal-pdrn-mask\/#primaryimage"},"image":{"@id":"https:\/\/idakorea.ee\/product\/hudrogeelmask-marymay-vegan-collagen-charcoal-pdrn-mask\/#primaryimage"},"thumbnailUrl":"https:\/\/idakorea.ee\/wp-content\/uploads\/2025\/11\/pdrn-collagen-mask-idakorea.png","datePublished":"2025-11-03T08:29:17+00:00","dateModified":"2026-02-24T21:37:40+00:00","description":"Vegaaninen hydrogeelinaamio aktiivihiilell\u00e4, PDRN:ll\u00e4 ja matalamolekyylisell\u00e4 kollageenilla - syv\u00e4puhdistava, kiinteytt\u00e4v\u00e4 ja hehkuva iho.","breadcrumb":{"@id":"https:\/\/idakorea.ee\/product\/hudrogeelmask-marymay-vegan-collagen-charcoal-pdrn-mask\/#breadcrumb"},"inLanguage":"fi","potentialAction":[{"@type":"ReadAction","target":["https:\/\/idakorea.ee\/product\/hudrogeelmask-marymay-vegan-collagen-charcoal-pdrn-mask\/"]}]},{"@type":"ImageObject","inLanguage":"fi","@id":"https:\/\/idakorea.ee\/product\/hudrogeelmask-marymay-vegan-collagen-charcoal-pdrn-mask\/#primaryimage","url":"https:\/\/idakorea.ee\/wp-content\/uploads\/2025\/11\/pdrn-collagen-mask-idakorea.png","contentUrl":"https:\/\/idakorea.ee\/wp-content\/uploads\/2025\/11\/pdrn-collagen-mask-idakorea.png","width":900,"height":901},{"@type":"BreadcrumbList","@id":"https:\/\/idakorea.ee\/product\/hudrogeelmask-marymay-vegan-collagen-charcoal-pdrn-mask\/#breadcrumb","itemListElement":[{"@type":"ListItem","position":1,"name":"\u0413\u043b\u0430\u0432\u043d\u0430\u044f \u0441\u0442\u0440\u0430\u043d\u0438\u0446\u0430","item":"https:\/\/idakorea.ee\/"},{"@type":"ListItem","position":2,"name":"Shop","item":"https:\/\/idakorea.ee\/shop-2\/"},{"@type":"ListItem","position":3,"name":"H\u00fcdrogeelmask Mary&#038;May Vegan Collagen Charcoal PDRN Mask"}]},{"@type":"WebSite","@id":"https:\/\/idakorea.ee\/#website","url":"https:\/\/idakorea.ee\/","name":"IDA.KOREA","description":"Korean kosmetiikan verkkokauppa","publisher":{"@id":"https:\/\/idakorea.ee\/#organization"},"alternateName":"Beauty Shop","potentialAction":[{"@type":"SearchAction","target":{"@type":"EntryPoint","urlTemplate":"https:\/\/idakorea.ee\/?s={search_term_string}"},"query-input":{"@type":"PropertyValueSpecification","valueRequired":true,"valueName":"search_term_string"}}],"inLanguage":"fi"},{"@type":"Organization","@id":"https:\/\/idakorea.ee\/#organization","name":"IDA.KOREA","url":"https:\/\/idakorea.ee\/","logo":{"@type":"ImageObject","inLanguage":"fi","@id":"https:\/\/idakorea.ee\/#\/schema\/logo\/image\/","url":"https:\/\/idakorea.ee\/wp-content\/uploads\/2024\/05\/cropped-korea3.png","contentUrl":"https:\/\/idakorea.ee\/wp-content\/uploads\/2024\/05\/cropped-korea3.png","width":688,"height":126,"caption":"IDA.KOREA"},"image":{"@id":"https:\/\/idakorea.ee\/#\/schema\/logo\/image\/"},"sameAs":["https:\/\/www.instagram.com\/ida.korea\/"]}]}},"jetpack_sharing_enabled":true,"brands":[{"id":1012,"name":"MARY&amp;MAY","slug":"marymay"}],"_links":{"self":[{"href":"https:\/\/idakorea.ee\/fi\/wp-json\/wp\/v2\/product\/16340","targetHints":{"allow":["GET"]}}],"collection":[{"href":"https:\/\/idakorea.ee\/fi\/wp-json\/wp\/v2\/product"}],"about":[{"href":"https:\/\/idakorea.ee\/fi\/wp-json\/wp\/v2\/types\/product"}],"replies":[{"embeddable":true,"href":"https:\/\/idakorea.ee\/fi\/wp-json\/wp\/v2\/comments?post=16340"}],"version-history":[{"count":3,"href":"https:\/\/idakorea.ee\/fi\/wp-json\/wp\/v2\/product\/16340\/revisions"}],"predecessor-version":[{"id":16344,"href":"https:\/\/idakorea.ee\/fi\/wp-json\/wp\/v2\/product\/16340\/revisions\/16344"}],"wp:featuredmedia":[{"embeddable":true,"href":"https:\/\/idakorea.ee\/fi\/wp-json\/wp\/v2\/media\/16341"}],"wp:attachment":[{"href":"https:\/\/idakorea.ee\/fi\/wp-json\/wp\/v2\/media?parent=16340"}],"wp:term":[{"taxonomy":"pwb-brand","embeddable":true,"href":"https:\/\/idakorea.ee\/fi\/wp-json\/wp\/v2\/pwb-brand?post=16340"},{"taxonomy":"product_brand","embeddable":true,"href":"https:\/\/idakorea.ee\/fi\/wp-json\/wp\/v2\/product_brand?post=16340"},{"taxonomy":"product_cat","embeddable":true,"href":"https:\/\/idakorea.ee\/fi\/wp-json\/wp\/v2\/product_cat?post=16340"},{"taxonomy":"product_tag","embeddable":true,"href":"https:\/\/idakorea.ee\/fi\/wp-json\/wp\/v2\/product_tag?post=16340"}],"curies":[{"name":"wp","href":"https:\/\/api.w.org\/{rel}","templated":true}]}}