{"id":16347,"date":"2025-11-03T15:06:01","date_gmt":"2025-11-03T12:06:01","guid":{"rendered":"https:\/\/idakorea.ee\/?post_type=product&#038;p=16347"},"modified":"2026-01-29T14:09:34","modified_gmt":"2026-01-29T12:09:34","slug":"purito-seoul-mighty-bamboo-panthenol-cleanser-150ml","status":"publish","type":"product","link":"https:\/\/idakorea.ee\/fi\/product\/purito-seoul-mighty-bamboo-panthenol-cleanser-150ml\/","title":{"rendered":"Purito Seoul Mighty Bamboo Panthenol Cleanser,150ml"},"content":{"rendered":"<p data-start=\"0\" data-end=\"274\">Miedosti hapan kasvojenpuhdistusgeeli <strong data-start=\"43\" data-end=\"92\">Purito Seoul Mighty Bamboo Panthenol Cleanser<\/strong> Poistaa hell\u00e4varaisesti lian ja meikkij\u00e4\u00e4m\u00e4t aiheuttamatta iholle kuivuutta tai kirvelev\u00e4\u00e4 tunnetta pesun j\u00e4lkeen. Rauhoittaa \u00e4rsytyst\u00e4, lievitt\u00e4\u00e4 kutinaa ja punoitusta sek\u00e4 edist\u00e4\u00e4 tulehduksen paranemista.<\/p>\n<p data-start=\"276\" data-end=\"530\">Tuote palauttaa ihon hydrolipiditasapainon, kosteuttaa ja pehment\u00e4\u00e4. pH-arvo 5,5 \u00b1 1,0 tukee ihon luonnollista mikrobiomia ja tervett\u00e4 suojakerrosta. Vegaaninen koostumus ei sis\u00e4ll\u00e4 keinotekoisia hajusteita ja sopii herk\u00e4lle, ruusufinni- tai couperosa-iholle.<\/p>\n<p data-start=\"532\" data-end=\"558\"><strong data-start=\"532\" data-end=\"556\">T\u00e4rkeimm\u00e4t vaikuttavat aineet:<\/strong><\/p>\n<ul data-start=\"559\" data-end=\"1170\">\n<li data-start=\"559\" data-end=\"717\">\n<p data-start=\"561\" data-end=\"717\"><strong data-start=\"561\" data-end=\"588\">Pantenoli (B5-vitamiini)<\/strong> \u2013 lievitt\u00e4\u00e4 punoitusta ja kutinaa, vahvistaa ihon suojatoimintoja, v\u00e4hent\u00e4\u00e4 kosteuden menetyst\u00e4 ja auttaa korjaamaan vaurioituneita kudoksia.<\/p>\n<\/li>\n<li data-start=\"718\" data-end=\"824\">\n<p data-start=\"720\" data-end=\"824\"><strong data-start=\"720\" data-end=\"734\">Allantoiin<\/strong> \u2013 pehment\u00e4\u00e4, nopeuttaa paranemista, toimii antioksidanttina ja v\u00e4hent\u00e4\u00e4 ihon herkkyytt\u00e4.<\/p>\n<\/li>\n<li data-start=\"825\" data-end=\"938\">\n<p data-start=\"827\" data-end=\"938\"><strong data-start=\"827\" data-end=\"846\">Bambu-uute<\/strong> \u2013 vahvistaa verisuonten ja hiussuonten sein\u00e4mi\u00e4, v\u00e4hent\u00e4\u00e4 punoitusta ja hiussuonten n\u00e4kyvyytt\u00e4.<\/p>\n<\/li>\n<li data-start=\"939\" data-end=\"1048\">\n<p data-start=\"941\" data-end=\"1048\"><strong data-start=\"941\" data-end=\"954\">Teepuu\u00f6ljy<\/strong> \u2013 omaa antiseptisi\u00e4 ja puhdistavia ominaisuuksia, est\u00e4\u00e4 tulehdusta ja tasapainottaa talin erityst\u00e4.<\/p>\n<\/li>\n<li data-start=\"1049\" data-end=\"1170\">\n<p data-start=\"1051\" data-end=\"1170\"><strong data-start=\"1051\" data-end=\"1063\">Betaiini<\/strong> \u2013 tekee ihosta sile\u00e4n ja pehme\u00e4n, s\u00e4ilytt\u00e4\u00e4 kosteuden pitk\u00e4\u00e4n, suojaa solukalvoja ja v\u00e4hent\u00e4\u00e4 \u00e4rsytyst\u00e4.<\/p>\n<\/li>\n<\/ul>\n<p data-start=\"1172\" data-end=\"1323\" data-is-last-node=\"\" data-is-only-node=\"\">Sopii kaikille ihotyypeille.<\/p>\n<p data-start=\"1172\" data-end=\"1323\" data-is-last-node=\"\" data-is-only-node=\"\"><br data-start=\"1206\" data-end=\"1209\" \/><strong data-start=\"1209\" data-end=\"1224\">K\u00e4ytt\u00f6:<\/strong> Vaahdota pieni m\u00e4\u00e4r\u00e4 geeli\u00e4 k\u00e4mmeniss\u00e4si, levit\u00e4 kasvoillesi, hiero py\u00f6rivin liikkein ja huuhtele vedell\u00e4.<\/p>","protected":false},"excerpt":{"rendered":"<p>Purito Seoul Mighty Bamboo Panthenol Cleanser on mieto, hapan kasvojenpuhdistusgeeli, joka poistaa hell\u00e4varaisesti lian ja meikin aiheuttamatta kuivuutta tai kirist\u00e4v\u00e4n tunnetta pesun j\u00e4lkeen. Se rauhoittaa \u00e4rsytyst\u00e4, lievitt\u00e4\u00e4 kutinaa ja punoitusta sek\u00e4 edist\u00e4\u00e4 tulehduksen paranemista. Tuote palauttaa ihon hydrolipiditasapainon, kosteuttaa ja pehment\u00e4\u00e4. pH-taso 5,5 \u00b1 1,0 tukee ihon luonnollista mikrobiomia ja tervett\u00e4 suojakerrosta. Vegaaninen koostumus ei sis\u00e4ll\u00e4\u2026<\/p>","protected":false},"featured_media":16348,"comment_status":"open","ping_status":"closed","template":"","meta":{"_uf_show_specific_survey":0,"_uf_disable_surveys":false,"_bst_post_transparent":"default","_bst_post_title":"","_bst_post_layout":"default","_bst_post_sidebar_id":"","_bst_post_content_style":"default","_bst_post_vertical_padding":"default","_bst_post_feature":"","_bst_post_feature_position":"","_bst_post_header":false,"_bst_post_footer":false},"pwb-brand":[491],"product_brand":[],"product_cat":[92,452,100],"product_tag":[568,677],"class_list":{"0":"post-16347","1":"product","2":"type-product","3":"status-publish","4":"has-post-thumbnail","6":"pwb-brand-purito","7":"product_cat-nagu","8":"product_cat-naopuhastusgeelid","9":"product_cat-puhastusvahendid","10":"product_tag-korea","11":"product_tag-purito","13":"first","14":"instock","15":"sale","16":"shipping-taxable","17":"purchasable","18":"product-type-simple","19":"entry","20":"content-bg","21":"loop-entry"},"supplier_id":null,"supplier_sku":"","barcode":null,"atum_controlled":true,"out_stock_date":null,"out_stock_threshold":null,"inheritable":false,"inbound_stock":0,"stock_on_hold":0,"sold_today":0,"sales_last_days":0,"out_stock_days":0,"lost_sales":0,"has_location":false,"update_date":"2026-04-14T00:05:07","atum_locations":[],"atum_stock_status":"instock","restock_status":false,"low_stock_amount":"","sales_update_date":"2026-04-14T00:05:07","calc_backorders":null,"yoast_head":"<!-- This site is optimized with the Yoast SEO plugin v27.2 - https:\/\/yoast.com\/product\/yoast-seo-wordpress\/ -->\n<title>Purito Seoul Mighty Bamboo Panthenol Cleanser - IDA.KOREA<\/title>\n<meta name=\"description\" content=\"Kerge happelise koostisega n\u00e4opuhastusgeel Purito Seoul Mighty Bamboo Panthenol Cleanser eemaldab \u00f5rnalt mustuse ja meigij\u00e4\u00e4gid. - Kiire tarne!\" \/>\n<meta name=\"robots\" content=\"index, follow, max-snippet:-1, max-image-preview:large, max-video-preview:-1\" \/>\n<link rel=\"canonical\" href=\"https:\/\/idakorea.ee\/fi\/product\/purito-seoul-mighty-bamboo-panthenol-cleanser-150ml\/\" \/>\n<meta property=\"og:locale\" content=\"fi_FI\" \/>\n<meta property=\"og:type\" content=\"article\" \/>\n<meta property=\"og:title\" content=\"Purito Seoul Mighty Bamboo Panthenol Cleanser - IDA.KOREA\" \/>\n<meta property=\"og:description\" content=\"Kerge happelise koostisega n\u00e4opuhastusgeel Purito Seoul Mighty Bamboo Panthenol Cleanser eemaldab \u00f5rnalt mustuse ja meigij\u00e4\u00e4gid. - Kiire tarne!\" \/>\n<meta property=\"og:url\" content=\"https:\/\/idakorea.ee\/fi\/product\/purito-seoul-mighty-bamboo-panthenol-cleanser-150ml\/\" \/>\n<meta property=\"og:site_name\" content=\"IDA.KOREA\" \/>\n<meta property=\"article:modified_time\" content=\"2026-01-29T12:09:34+00:00\" \/>\n<meta property=\"og:image\" content=\"https:\/\/idakorea.ee\/wp-content\/uploads\/2025\/11\/Purito_Seoul_Mighty_Bamboo_Panthenol_Cleanser-idakorea.webp\" \/>\n\t<meta property=\"og:image:width\" content=\"950\" \/>\n\t<meta property=\"og:image:height\" content=\"950\" \/>\n\t<meta property=\"og:image:type\" content=\"image\/webp\" \/>\n<meta name=\"twitter:card\" content=\"summary_large_image\" \/>\n<meta name=\"twitter:label1\" content=\"Arvioitu lukuaika\" \/>\n\t<meta name=\"twitter:data1\" content=\"1 minuutti\" \/>\n<script type=\"application\/ld+json\" class=\"yoast-schema-graph\">{\"@context\":\"https:\/\/schema.org\",\"@graph\":[{\"@type\":\"WebPage\",\"@id\":\"https:\/\/idakorea.ee\/product\/purito-seoul-mighty-bamboo-panthenol-cleanser-150ml\/\",\"url\":\"https:\/\/idakorea.ee\/product\/purito-seoul-mighty-bamboo-panthenol-cleanser-150ml\/\",\"name\":\"Purito Seoul Mighty Bamboo Panthenol Cleanser - IDA.KOREA\",\"isPartOf\":{\"@id\":\"https:\/\/idakorea.ee\/#website\"},\"primaryImageOfPage\":{\"@id\":\"https:\/\/idakorea.ee\/product\/purito-seoul-mighty-bamboo-panthenol-cleanser-150ml\/#primaryimage\"},\"image\":{\"@id\":\"https:\/\/idakorea.ee\/product\/purito-seoul-mighty-bamboo-panthenol-cleanser-150ml\/#primaryimage\"},\"thumbnailUrl\":\"https:\/\/idakorea.ee\/wp-content\/uploads\/2025\/11\/Purito_Seoul_Mighty_Bamboo_Panthenol_Cleanser-idakorea.webp\",\"datePublished\":\"2025-11-03T12:06:01+00:00\",\"dateModified\":\"2026-01-29T12:09:34+00:00\",\"description\":\"Kerge happelise koostisega n\u00e4opuhastusgeel Purito Seoul Mighty Bamboo Panthenol Cleanser eemaldab \u00f5rnalt mustuse ja meigij\u00e4\u00e4gid. - Kiire tarne!\",\"breadcrumb\":{\"@id\":\"https:\/\/idakorea.ee\/product\/purito-seoul-mighty-bamboo-panthenol-cleanser-150ml\/#breadcrumb\"},\"inLanguage\":\"fi\",\"potentialAction\":[{\"@type\":\"ReadAction\",\"target\":[\"https:\/\/idakorea.ee\/product\/purito-seoul-mighty-bamboo-panthenol-cleanser-150ml\/\"]}]},{\"@type\":\"ImageObject\",\"inLanguage\":\"fi\",\"@id\":\"https:\/\/idakorea.ee\/product\/purito-seoul-mighty-bamboo-panthenol-cleanser-150ml\/#primaryimage\",\"url\":\"https:\/\/idakorea.ee\/wp-content\/uploads\/2025\/11\/Purito_Seoul_Mighty_Bamboo_Panthenol_Cleanser-idakorea.webp\",\"contentUrl\":\"https:\/\/idakorea.ee\/wp-content\/uploads\/2025\/11\/Purito_Seoul_Mighty_Bamboo_Panthenol_Cleanser-idakorea.webp\",\"width\":950,\"height\":950},{\"@type\":\"BreadcrumbList\",\"@id\":\"https:\/\/idakorea.ee\/product\/purito-seoul-mighty-bamboo-panthenol-cleanser-150ml\/#breadcrumb\",\"itemListElement\":[{\"@type\":\"ListItem\",\"position\":1,\"name\":\"\u0413\u043b\u0430\u0432\u043d\u0430\u044f \u0441\u0442\u0440\u0430\u043d\u0438\u0446\u0430\",\"item\":\"https:\/\/idakorea.ee\/\"},{\"@type\":\"ListItem\",\"position\":2,\"name\":\"Shop\",\"item\":\"https:\/\/idakorea.ee\/shop-2\/\"},{\"@type\":\"ListItem\",\"position\":3,\"name\":\"Kerge happeline n\u00e4opuhastusgeel Purito Seoul Mighty Bamboo Panthenol Cleanser,150ml\"}]},{\"@type\":\"WebSite\",\"@id\":\"https:\/\/idakorea.ee\/#website\",\"url\":\"https:\/\/idakorea.ee\/\",\"name\":\"IDA.KOREA\",\"description\":\"Korea kosmeetika e-pood\",\"publisher\":{\"@id\":\"https:\/\/idakorea.ee\/#organization\"},\"alternateName\":\"Beauty Shop\",\"potentialAction\":[{\"@type\":\"SearchAction\",\"target\":{\"@type\":\"EntryPoint\",\"urlTemplate\":\"https:\/\/idakorea.ee\/?s={search_term_string}\"},\"query-input\":{\"@type\":\"PropertyValueSpecification\",\"valueRequired\":true,\"valueName\":\"search_term_string\"}}],\"inLanguage\":\"fi\"},{\"@type\":\"Organization\",\"@id\":\"https:\/\/idakorea.ee\/#organization\",\"name\":\"IDA.KOREA\",\"url\":\"https:\/\/idakorea.ee\/\",\"logo\":{\"@type\":\"ImageObject\",\"inLanguage\":\"fi\",\"@id\":\"https:\/\/idakorea.ee\/#\/schema\/logo\/image\/\",\"url\":\"https:\/\/idakorea.ee\/wp-content\/uploads\/2024\/05\/cropped-korea3.png\",\"contentUrl\":\"https:\/\/idakorea.ee\/wp-content\/uploads\/2024\/05\/cropped-korea3.png\",\"width\":688,\"height\":126,\"caption\":\"IDA.KOREA\"},\"image\":{\"@id\":\"https:\/\/idakorea.ee\/#\/schema\/logo\/image\/\"},\"sameAs\":[\"https:\/\/www.instagram.com\/ida.korea\/\"]}]}<\/script>\n<!-- \/ Yoast SEO plugin. -->","yoast_head_json":{"title":"Purito Seoul Mighty Bamboo Panthenol -puhdistusaine - EAST.KOREA","description":"Purito Seoul Mighty Bamboo Panthenol Cleanser on mieto, hapan kasvojenpuhdistusgeeli, joka poistaa hell\u00e4varaisesti lian ja meikkij\u00e4\u00e4m\u00e4t. - Nopea toimitus!","robots":{"index":"index","follow":"follow","max-snippet":"max-snippet:-1","max-image-preview":"max-image-preview:large","max-video-preview":"max-video-preview:-1"},"canonical":"https:\/\/idakorea.ee\/fi\/product\/purito-seoul-mighty-bamboo-panthenol-cleanser-150ml\/","og_locale":"fi_FI","og_type":"article","og_title":"Purito Seoul Mighty Bamboo Panthenol Cleanser - IDA.KOREA","og_description":"Kerge happelise koostisega n\u00e4opuhastusgeel Purito Seoul Mighty Bamboo Panthenol Cleanser eemaldab \u00f5rnalt mustuse ja meigij\u00e4\u00e4gid. - Kiire tarne!","og_url":"https:\/\/idakorea.ee\/fi\/product\/purito-seoul-mighty-bamboo-panthenol-cleanser-150ml\/","og_site_name":"IDA.KOREA","article_modified_time":"2026-01-29T12:09:34+00:00","og_image":[{"width":950,"height":950,"url":"https:\/\/idakorea.ee\/wp-content\/uploads\/2025\/11\/Purito_Seoul_Mighty_Bamboo_Panthenol_Cleanser-idakorea.webp","type":"image\/webp"}],"twitter_card":"summary_large_image","twitter_misc":{"Arvioitu lukuaika":"1 minuutti"},"schema":{"@context":"https:\/\/schema.org","@graph":[{"@type":"WebPage","@id":"https:\/\/idakorea.ee\/product\/purito-seoul-mighty-bamboo-panthenol-cleanser-150ml\/","url":"https:\/\/idakorea.ee\/product\/purito-seoul-mighty-bamboo-panthenol-cleanser-150ml\/","name":"Purito Seoul Mighty Bamboo Panthenol -puhdistusaine - EAST.KOREA","isPartOf":{"@id":"https:\/\/idakorea.ee\/#website"},"primaryImageOfPage":{"@id":"https:\/\/idakorea.ee\/product\/purito-seoul-mighty-bamboo-panthenol-cleanser-150ml\/#primaryimage"},"image":{"@id":"https:\/\/idakorea.ee\/product\/purito-seoul-mighty-bamboo-panthenol-cleanser-150ml\/#primaryimage"},"thumbnailUrl":"https:\/\/idakorea.ee\/wp-content\/uploads\/2025\/11\/Purito_Seoul_Mighty_Bamboo_Panthenol_Cleanser-idakorea.webp","datePublished":"2025-11-03T12:06:01+00:00","dateModified":"2026-01-29T12:09:34+00:00","description":"Purito Seoul Mighty Bamboo Panthenol Cleanser on mieto, hapan kasvojenpuhdistusgeeli, joka poistaa hell\u00e4varaisesti lian ja meikkij\u00e4\u00e4m\u00e4t. - Nopea toimitus!","breadcrumb":{"@id":"https:\/\/idakorea.ee\/product\/purito-seoul-mighty-bamboo-panthenol-cleanser-150ml\/#breadcrumb"},"inLanguage":"fi","potentialAction":[{"@type":"ReadAction","target":["https:\/\/idakorea.ee\/product\/purito-seoul-mighty-bamboo-panthenol-cleanser-150ml\/"]}]},{"@type":"ImageObject","inLanguage":"fi","@id":"https:\/\/idakorea.ee\/product\/purito-seoul-mighty-bamboo-panthenol-cleanser-150ml\/#primaryimage","url":"https:\/\/idakorea.ee\/wp-content\/uploads\/2025\/11\/Purito_Seoul_Mighty_Bamboo_Panthenol_Cleanser-idakorea.webp","contentUrl":"https:\/\/idakorea.ee\/wp-content\/uploads\/2025\/11\/Purito_Seoul_Mighty_Bamboo_Panthenol_Cleanser-idakorea.webp","width":950,"height":950},{"@type":"BreadcrumbList","@id":"https:\/\/idakorea.ee\/product\/purito-seoul-mighty-bamboo-panthenol-cleanser-150ml\/#breadcrumb","itemListElement":[{"@type":"ListItem","position":1,"name":"\u0413\u043b\u0430\u0432\u043d\u0430\u044f \u0441\u0442\u0440\u0430\u043d\u0438\u0446\u0430","item":"https:\/\/idakorea.ee\/"},{"@type":"ListItem","position":2,"name":"Shop","item":"https:\/\/idakorea.ee\/shop-2\/"},{"@type":"ListItem","position":3,"name":"Kerge happeline n\u00e4opuhastusgeel Purito Seoul Mighty Bamboo Panthenol Cleanser,150ml"}]},{"@type":"WebSite","@id":"https:\/\/idakorea.ee\/#website","url":"https:\/\/idakorea.ee\/","name":"IDA.KOREA","description":"Korean kosmetiikan verkkokauppa","publisher":{"@id":"https:\/\/idakorea.ee\/#organization"},"alternateName":"Beauty Shop","potentialAction":[{"@type":"SearchAction","target":{"@type":"EntryPoint","urlTemplate":"https:\/\/idakorea.ee\/?s={search_term_string}"},"query-input":{"@type":"PropertyValueSpecification","valueRequired":true,"valueName":"search_term_string"}}],"inLanguage":"fi"},{"@type":"Organization","@id":"https:\/\/idakorea.ee\/#organization","name":"IDA.KOREA","url":"https:\/\/idakorea.ee\/","logo":{"@type":"ImageObject","inLanguage":"fi","@id":"https:\/\/idakorea.ee\/#\/schema\/logo\/image\/","url":"https:\/\/idakorea.ee\/wp-content\/uploads\/2024\/05\/cropped-korea3.png","contentUrl":"https:\/\/idakorea.ee\/wp-content\/uploads\/2024\/05\/cropped-korea3.png","width":688,"height":126,"caption":"IDA.KOREA"},"image":{"@id":"https:\/\/idakorea.ee\/#\/schema\/logo\/image\/"},"sameAs":["https:\/\/www.instagram.com\/ida.korea\/"]}]}},"jetpack_sharing_enabled":true,"brands":[{"id":491,"name":"PURITO","slug":"purito"}],"_links":{"self":[{"href":"https:\/\/idakorea.ee\/fi\/wp-json\/wp\/v2\/product\/16347","targetHints":{"allow":["GET"]}}],"collection":[{"href":"https:\/\/idakorea.ee\/fi\/wp-json\/wp\/v2\/product"}],"about":[{"href":"https:\/\/idakorea.ee\/fi\/wp-json\/wp\/v2\/types\/product"}],"replies":[{"embeddable":true,"href":"https:\/\/idakorea.ee\/fi\/wp-json\/wp\/v2\/comments?post=16347"}],"version-history":[{"count":1,"href":"https:\/\/idakorea.ee\/fi\/wp-json\/wp\/v2\/product\/16347\/revisions"}],"predecessor-version":[{"id":16351,"href":"https:\/\/idakorea.ee\/fi\/wp-json\/wp\/v2\/product\/16347\/revisions\/16351"}],"wp:featuredmedia":[{"embeddable":true,"href":"https:\/\/idakorea.ee\/fi\/wp-json\/wp\/v2\/media\/16348"}],"wp:attachment":[{"href":"https:\/\/idakorea.ee\/fi\/wp-json\/wp\/v2\/media?parent=16347"}],"wp:term":[{"taxonomy":"pwb-brand","embeddable":true,"href":"https:\/\/idakorea.ee\/fi\/wp-json\/wp\/v2\/pwb-brand?post=16347"},{"taxonomy":"product_brand","embeddable":true,"href":"https:\/\/idakorea.ee\/fi\/wp-json\/wp\/v2\/product_brand?post=16347"},{"taxonomy":"product_cat","embeddable":true,"href":"https:\/\/idakorea.ee\/fi\/wp-json\/wp\/v2\/product_cat?post=16347"},{"taxonomy":"product_tag","embeddable":true,"href":"https:\/\/idakorea.ee\/fi\/wp-json\/wp\/v2\/product_tag?post=16347"}],"curies":[{"name":"wp","href":"https:\/\/api.w.org\/{rel}","templated":true}]}}