{"id":16362,"date":"2025-11-06T11:32:19","date_gmt":"2025-11-06T08:32:19","guid":{"rendered":"https:\/\/idakorea.ee\/?post_type=product&#038;p=16362"},"modified":"2026-04-10T10:47:47","modified_gmt":"2026-04-10T08:47:47","slug":"round-lab-soybean-nourishing-cream-80ml","status":"publish","type":"product","link":"https:\/\/idakorea.ee\/fi\/product\/round-lab-soybean-nourishing-cream-80ml\/","title":{"rendered":"Round Lab Soybean Nourishing Cream, 80ml"},"content":{"rendered":"<p data-start=\"0\" data-end=\"182\">Kerma <strong data-start=\"6\" data-end=\"44\">Round Lab Soybean Nourishing Cream<\/strong> Tarjoaa iholle syv\u00e4ravitsemusta ja kosteutta, auttaen tehokkaasti torjumaan ensimm\u00e4isi\u00e4 ik\u00e4\u00e4ntymisen merkkej\u00e4 ja pident\u00e4m\u00e4\u00e4n ihon nuorekkuutta.<\/p>\n<p data-start=\"184\" data-end=\"429\">Se parantaa ihon rakennetta, tekee siit\u00e4 tihe\u00e4mm\u00e4n ja eloisamman sek\u00e4 vahvistaa ihon suojakerrosta. Voide parantaa kimmoisuutta ja s\u00e4vy\u00e4, silottaa mikroryppyj\u00e4, tasoittaa ihonv\u00e4ri\u00e4, poistaa kuivuutta ja hilseily\u00e4 tehden ihosta pehme\u00e4n ja s\u00e4teilev\u00e4n.<\/p>\n<p data-start=\"431\" data-end=\"595\">Tuote rikastuttaa ihoa hy\u00f6dyllisill\u00e4 aktiiviaineilla ja vahvistaa luonnollista kosteutta s\u00e4ilytt\u00e4v\u00e4\u00e4 suojakerrosta, joka est\u00e4\u00e4 kosteuden haihtumista ja suojaa ulkoisilta \u00e4rsykkeilt\u00e4.<\/p>\n<p data-start=\"597\" data-end=\"737\">Ilmava ja pehme\u00e4 koostumus ei j\u00e4t\u00e4 tahmeaa kerrosta ja sopii t\u00e4ydellisesti eritt\u00e4in kuivan ihon palauttamiseen tai k\u00e4ytett\u00e4v\u00e4ksi kylm\u00e4n\u00e4 vuodenaikana.<\/p>\n<p data-start=\"739\" data-end=\"768\"><strong data-start=\"739\" data-end=\"766\">Koostumus ja vaikuttavat aineet:<\/strong><\/p>\n<ul data-start=\"769\" data-end=\"1662\">\n<li data-start=\"769\" data-end=\"992\">\n<p data-start=\"771\" data-end=\"992\"><strong data-start=\"771\" data-end=\"805\">Mustasoijauute (10 000 ppm)<\/strong> \u2013 kasvatettu aurinkoisella Jeongsunin saarella Etel\u00e4-Koreassa, on runsaasti proteiineja, vitamiineja ja antioksidantteja. Auttaa hidastamaan ihon ik\u00e4\u00e4ntymisprosessia, rauhoittaa ja vahvistaa ihoa.<\/p>\n<\/li>\n<li data-start=\"993\" data-end=\"1125\">\n<p data-start=\"995\" data-end=\"1125\"><strong data-start=\"995\" data-end=\"1010\">Keramidit<\/strong> \u2013 parantaa ihon kimmoisuutta ja vahvistaa hydrolipidikerrosta, palauttaen suojakerroksen ja est\u00e4en kosteuden haihtumisen.<\/p>\n<\/li>\n<li data-start=\"1126\" data-end=\"1299\">\n<p data-start=\"1128\" data-end=\"1299\"><strong data-start=\"1128\" data-end=\"1141\">Adenos<\/strong> \u2013 tehokas ik\u00e4\u00e4ntymist\u00e4 est\u00e4v\u00e4 ainesosa, joka kiihdytt\u00e4\u00e4 solujen uusiutumista, tukee ihon kimmoisuutta ja stimuloi prokollageenin tuotantoa, mik\u00e4 auttaa silottamaan ryppyj\u00e4.<\/p>\n<\/li>\n<li data-start=\"1300\" data-end=\"1407\">\n<p data-start=\"1302\" data-end=\"1407\"><strong data-start=\"1302\" data-end=\"1329\">Pantenoli (B5-vitamiini)<\/strong> \u2013 rauhoittaa ja palauttaa, edist\u00e4\u00e4 paranemista, ehk\u00e4isee kuivuutta ja \u00e4rsytyst\u00e4.<\/p>\n<\/li>\n<li data-start=\"1408\" data-end=\"1560\">\n<p data-start=\"1410\" data-end=\"1560\"><strong data-start=\"1410\" data-end=\"1467\">Punalev\u00e4uute (Corallina Officinalis -uute)<\/strong> \u2013 v\u00e4hent\u00e4\u00e4 turvotusta, stimuloi kollageenin tuotantoa, kiinteytt\u00e4\u00e4 ja parantaa ihon kimmoisuutta.<\/p>\n<\/li>\n<li data-start=\"1561\" data-end=\"1662\">\n<p data-start=\"1563\" data-end=\"1662\"><strong data-start=\"1563\" data-end=\"1588\">Kurkuman juuriuute<\/strong> \u2013 tasoittaa ihonv\u00e4ri\u00e4, toimii antioksidanttina ja tukee nuorekasta ihoa.<\/p>\n<\/li>\n<\/ul>\n<p data-start=\"1664\" data-end=\"1734\"><strong data-start=\"1664\" data-end=\"1674\">Sopii:<\/strong> normaalille, sekaiholle, kuivalle ja herk\u00e4lle iholle.<\/p>\n<p data-start=\"1736\" data-end=\"1839\" data-is-last-node=\"\" data-is-only-node=\"\"><strong data-start=\"1736\" data-end=\"1751\">K\u00e4ytt\u00f6:<\/strong> Levit\u00e4 voide kasvoillesi kaikkien hoitovaiheiden j\u00e4lkeen ja levit\u00e4 sit\u00e4 hell\u00e4varaisesti hierontalinjoja pitkin.<\/p>","protected":false},"excerpt":{"rendered":"<p>Round Lab Soybean Nourishing Cream ravitsee ja kosteuttaa ihoa syv\u00e4lt\u00e4, auttaen tehokkaasti torjumaan ensimm\u00e4isi\u00e4 ik\u00e4\u00e4ntymisen merkkej\u00e4 ja pident\u00e4m\u00e4ll\u00e4 ihon nuorekkuutta. Se parantaa ihon rakennetta, tekee siit\u00e4 tihe\u00e4mm\u00e4n ja eloisamman sek\u00e4 vahvistaa ihon suojakerrosta. Voide parantaa ihon kimmoisuutta ja s\u00e4vy\u00e4, silottaa mikroryppyj\u00e4, tasoittaa ihon s\u00e4vy\u00e4, poistaa kuivuutta ja hilseily\u00e4 tehden ihosta pehme\u00e4n ja s\u00e4teilev\u00e4n. Tuote rikastuttaa ihoa\u2026<\/p>","protected":false},"featured_media":16363,"comment_status":"open","ping_status":"closed","template":"","meta":{"_uf_show_specific_survey":0,"_uf_disable_surveys":false,"_bst_post_transparent":"default","_bst_post_title":"","_bst_post_layout":"default","_bst_post_sidebar_id":"","_bst_post_content_style":"default","_bst_post_vertical_padding":"default","_bst_post_feature":"","_bst_post_feature_position":"","_bst_post_header":false,"_bst_post_footer":false},"pwb-brand":[645],"product_brand":[],"product_cat":[92,96],"product_tag":[568,646,1004],"class_list":{"0":"post-16362","1":"product","2":"type-product","3":"status-publish","4":"has-post-thumbnail","6":"pwb-brand-round-lab","7":"product_cat-nagu","8":"product_cat-naokreemid","9":"product_tag-korea","10":"product_tag-round-lab","11":"product_tag-toitev","13":"first","14":"instock","15":"sale","16":"shipping-taxable","17":"purchasable","18":"product-type-simple","19":"entry","20":"content-bg","21":"loop-entry"},"supplier_id":null,"supplier_sku":"","barcode":null,"atum_controlled":true,"out_stock_date":null,"out_stock_threshold":null,"inheritable":false,"inbound_stock":0,"stock_on_hold":1,"sold_today":0,"sales_last_days":1,"out_stock_days":0,"lost_sales":0,"has_location":false,"update_date":"2026-04-14T00:05:13","atum_locations":[],"atum_stock_status":"instock","restock_status":false,"low_stock_amount":"","sales_update_date":"2026-04-14T00:05:13","calc_backorders":null,"yoast_head":"<!-- This site is optimized with the Yoast SEO plugin v27.2 - https:\/\/yoast.com\/product\/yoast-seo-wordpress\/ -->\n<title>Round Lab Soybean Nourishing Cream, 80ml - IDA.KOREA<\/title>\n<meta name=\"description\" content=\"Round Lab Soybean Nourishing Cream pakub s\u00fcgavat toitmist ja niisutust, silub esimesi vananemisilminguid ning muudab naha elastseks, pehmeks ja s\u00e4ravaks.\" \/>\n<meta name=\"robots\" content=\"index, follow, max-snippet:-1, max-image-preview:large, max-video-preview:-1\" \/>\n<link rel=\"canonical\" href=\"https:\/\/idakorea.ee\/fi\/product\/round-lab-soybean-nourishing-cream-80ml\/\" \/>\n<meta property=\"og:locale\" content=\"fi_FI\" \/>\n<meta property=\"og:type\" content=\"article\" \/>\n<meta property=\"og:title\" content=\"Round Lab Soybean Nourishing Cream, 80ml - IDA.KOREA\" \/>\n<meta property=\"og:description\" content=\"Round Lab Soybean Nourishing Cream pakub s\u00fcgavat toitmist ja niisutust, silub esimesi vananemisilminguid ning muudab naha elastseks, pehmeks ja s\u00e4ravaks.\" \/>\n<meta property=\"og:url\" content=\"https:\/\/idakorea.ee\/fi\/product\/round-lab-soybean-nourishing-cream-80ml\/\" \/>\n<meta property=\"og:site_name\" content=\"IDA.KOREA\" \/>\n<meta property=\"article:modified_time\" content=\"2026-04-10T08:47:47+00:00\" \/>\n<meta property=\"og:image\" content=\"https:\/\/idakorea.ee\/wp-content\/uploads\/2025\/11\/Round-Lab-Soybean-Nourishing-Cream-idakorea.jpg\" \/>\n\t<meta property=\"og:image:width\" content=\"1000\" \/>\n\t<meta property=\"og:image:height\" content=\"1000\" \/>\n\t<meta property=\"og:image:type\" content=\"image\/jpeg\" \/>\n<meta name=\"twitter:card\" content=\"summary_large_image\" \/>\n<meta name=\"twitter:label1\" content=\"Arvioitu lukuaika\" \/>\n\t<meta name=\"twitter:data1\" content=\"2 minuuttia\" \/>\n<script type=\"application\/ld+json\" class=\"yoast-schema-graph\">{\"@context\":\"https:\/\/schema.org\",\"@graph\":[{\"@type\":\"WebPage\",\"@id\":\"https:\/\/idakorea.ee\/product\/round-lab-soybean-nourishing-cream-80ml\/\",\"url\":\"https:\/\/idakorea.ee\/product\/round-lab-soybean-nourishing-cream-80ml\/\",\"name\":\"Round Lab Soybean Nourishing Cream, 80ml - IDA.KOREA\",\"isPartOf\":{\"@id\":\"https:\/\/idakorea.ee\/#website\"},\"primaryImageOfPage\":{\"@id\":\"https:\/\/idakorea.ee\/product\/round-lab-soybean-nourishing-cream-80ml\/#primaryimage\"},\"image\":{\"@id\":\"https:\/\/idakorea.ee\/product\/round-lab-soybean-nourishing-cream-80ml\/#primaryimage\"},\"thumbnailUrl\":\"https:\/\/idakorea.ee\/wp-content\/uploads\/2025\/11\/Round-Lab-Soybean-Nourishing-Cream-idakorea.jpg\",\"datePublished\":\"2025-11-06T08:32:19+00:00\",\"dateModified\":\"2026-04-10T08:47:47+00:00\",\"description\":\"Round Lab Soybean Nourishing Cream pakub s\u00fcgavat toitmist ja niisutust, silub esimesi vananemisilminguid ning muudab naha elastseks, pehmeks ja s\u00e4ravaks.\",\"breadcrumb\":{\"@id\":\"https:\/\/idakorea.ee\/product\/round-lab-soybean-nourishing-cream-80ml\/#breadcrumb\"},\"inLanguage\":\"fi\",\"potentialAction\":[{\"@type\":\"ReadAction\",\"target\":[\"https:\/\/idakorea.ee\/product\/round-lab-soybean-nourishing-cream-80ml\/\"]}]},{\"@type\":\"ImageObject\",\"inLanguage\":\"fi\",\"@id\":\"https:\/\/idakorea.ee\/product\/round-lab-soybean-nourishing-cream-80ml\/#primaryimage\",\"url\":\"https:\/\/idakorea.ee\/wp-content\/uploads\/2025\/11\/Round-Lab-Soybean-Nourishing-Cream-idakorea.jpg\",\"contentUrl\":\"https:\/\/idakorea.ee\/wp-content\/uploads\/2025\/11\/Round-Lab-Soybean-Nourishing-Cream-idakorea.jpg\",\"width\":1000,\"height\":1000},{\"@type\":\"BreadcrumbList\",\"@id\":\"https:\/\/idakorea.ee\/product\/round-lab-soybean-nourishing-cream-80ml\/#breadcrumb\",\"itemListElement\":[{\"@type\":\"ListItem\",\"position\":1,\"name\":\"\u0413\u043b\u0430\u0432\u043d\u0430\u044f \u0441\u0442\u0440\u0430\u043d\u0438\u0446\u0430\",\"item\":\"https:\/\/idakorea.ee\/\"},{\"@type\":\"ListItem\",\"position\":2,\"name\":\"Shop\",\"item\":\"https:\/\/idakorea.ee\/shop-2\/\"},{\"@type\":\"ListItem\",\"position\":3,\"name\":\"Toitev kreem Round Lab Soybean Nourishing Cream, 80ml\"}]},{\"@type\":\"WebSite\",\"@id\":\"https:\/\/idakorea.ee\/#website\",\"url\":\"https:\/\/idakorea.ee\/\",\"name\":\"IDA.KOREA\",\"description\":\"Korea kosmeetika e-pood\",\"publisher\":{\"@id\":\"https:\/\/idakorea.ee\/#organization\"},\"alternateName\":\"Beauty Shop\",\"potentialAction\":[{\"@type\":\"SearchAction\",\"target\":{\"@type\":\"EntryPoint\",\"urlTemplate\":\"https:\/\/idakorea.ee\/?s={search_term_string}\"},\"query-input\":{\"@type\":\"PropertyValueSpecification\",\"valueRequired\":true,\"valueName\":\"search_term_string\"}}],\"inLanguage\":\"fi\"},{\"@type\":\"Organization\",\"@id\":\"https:\/\/idakorea.ee\/#organization\",\"name\":\"IDA.KOREA\",\"url\":\"https:\/\/idakorea.ee\/\",\"logo\":{\"@type\":\"ImageObject\",\"inLanguage\":\"fi\",\"@id\":\"https:\/\/idakorea.ee\/#\/schema\/logo\/image\/\",\"url\":\"https:\/\/idakorea.ee\/wp-content\/uploads\/2024\/05\/cropped-korea3.png\",\"contentUrl\":\"https:\/\/idakorea.ee\/wp-content\/uploads\/2024\/05\/cropped-korea3.png\",\"width\":688,\"height\":126,\"caption\":\"IDA.KOREA\"},\"image\":{\"@id\":\"https:\/\/idakorea.ee\/#\/schema\/logo\/image\/\"},\"sameAs\":[\"https:\/\/www.instagram.com\/ida.korea\/\"]}]}<\/script>\n<!-- \/ Yoast SEO plugin. -->","yoast_head_json":{"title":"Round Lab Soijapapu ravitseva voide, 80ml - IDA.KOREA","description":"Round Lab Soybean Nourishing Cream tarjoaa syv\u00e4ravitsevaa ja kosteuttavaa hoitoa, tasoittaa ensimm\u00e4isi\u00e4 ik\u00e4\u00e4ntymisen merkkej\u00e4 ja tekee ihosta joustavan, pehme\u00e4n ja s\u00e4teilev\u00e4n.","robots":{"index":"index","follow":"follow","max-snippet":"max-snippet:-1","max-image-preview":"max-image-preview:large","max-video-preview":"max-video-preview:-1"},"canonical":"https:\/\/idakorea.ee\/fi\/product\/round-lab-soybean-nourishing-cream-80ml\/","og_locale":"fi_FI","og_type":"article","og_title":"Round Lab Soybean Nourishing Cream, 80ml - IDA.KOREA","og_description":"Round Lab Soybean Nourishing Cream pakub s\u00fcgavat toitmist ja niisutust, silub esimesi vananemisilminguid ning muudab naha elastseks, pehmeks ja s\u00e4ravaks.","og_url":"https:\/\/idakorea.ee\/fi\/product\/round-lab-soybean-nourishing-cream-80ml\/","og_site_name":"IDA.KOREA","article_modified_time":"2026-04-10T08:47:47+00:00","og_image":[{"width":1000,"height":1000,"url":"https:\/\/idakorea.ee\/wp-content\/uploads\/2025\/11\/Round-Lab-Soybean-Nourishing-Cream-idakorea.jpg","type":"image\/jpeg"}],"twitter_card":"summary_large_image","twitter_misc":{"Arvioitu lukuaika":"2 minuuttia"},"schema":{"@context":"https:\/\/schema.org","@graph":[{"@type":"WebPage","@id":"https:\/\/idakorea.ee\/product\/round-lab-soybean-nourishing-cream-80ml\/","url":"https:\/\/idakorea.ee\/product\/round-lab-soybean-nourishing-cream-80ml\/","name":"Round Lab Soijapapu ravitseva voide, 80ml - IDA.KOREA","isPartOf":{"@id":"https:\/\/idakorea.ee\/#website"},"primaryImageOfPage":{"@id":"https:\/\/idakorea.ee\/product\/round-lab-soybean-nourishing-cream-80ml\/#primaryimage"},"image":{"@id":"https:\/\/idakorea.ee\/product\/round-lab-soybean-nourishing-cream-80ml\/#primaryimage"},"thumbnailUrl":"https:\/\/idakorea.ee\/wp-content\/uploads\/2025\/11\/Round-Lab-Soybean-Nourishing-Cream-idakorea.jpg","datePublished":"2025-11-06T08:32:19+00:00","dateModified":"2026-04-10T08:47:47+00:00","description":"Round Lab Soybean Nourishing Cream tarjoaa syv\u00e4ravitsevaa ja kosteuttavaa hoitoa, tasoittaa ensimm\u00e4isi\u00e4 ik\u00e4\u00e4ntymisen merkkej\u00e4 ja tekee ihosta joustavan, pehme\u00e4n ja s\u00e4teilev\u00e4n.","breadcrumb":{"@id":"https:\/\/idakorea.ee\/product\/round-lab-soybean-nourishing-cream-80ml\/#breadcrumb"},"inLanguage":"fi","potentialAction":[{"@type":"ReadAction","target":["https:\/\/idakorea.ee\/product\/round-lab-soybean-nourishing-cream-80ml\/"]}]},{"@type":"ImageObject","inLanguage":"fi","@id":"https:\/\/idakorea.ee\/product\/round-lab-soybean-nourishing-cream-80ml\/#primaryimage","url":"https:\/\/idakorea.ee\/wp-content\/uploads\/2025\/11\/Round-Lab-Soybean-Nourishing-Cream-idakorea.jpg","contentUrl":"https:\/\/idakorea.ee\/wp-content\/uploads\/2025\/11\/Round-Lab-Soybean-Nourishing-Cream-idakorea.jpg","width":1000,"height":1000},{"@type":"BreadcrumbList","@id":"https:\/\/idakorea.ee\/product\/round-lab-soybean-nourishing-cream-80ml\/#breadcrumb","itemListElement":[{"@type":"ListItem","position":1,"name":"\u0413\u043b\u0430\u0432\u043d\u0430\u044f \u0441\u0442\u0440\u0430\u043d\u0438\u0446\u0430","item":"https:\/\/idakorea.ee\/"},{"@type":"ListItem","position":2,"name":"Shop","item":"https:\/\/idakorea.ee\/shop-2\/"},{"@type":"ListItem","position":3,"name":"Toitev kreem Round Lab Soybean Nourishing Cream, 80ml"}]},{"@type":"WebSite","@id":"https:\/\/idakorea.ee\/#website","url":"https:\/\/idakorea.ee\/","name":"IDA.KOREA","description":"Korean kosmetiikan verkkokauppa","publisher":{"@id":"https:\/\/idakorea.ee\/#organization"},"alternateName":"Beauty Shop","potentialAction":[{"@type":"SearchAction","target":{"@type":"EntryPoint","urlTemplate":"https:\/\/idakorea.ee\/?s={search_term_string}"},"query-input":{"@type":"PropertyValueSpecification","valueRequired":true,"valueName":"search_term_string"}}],"inLanguage":"fi"},{"@type":"Organization","@id":"https:\/\/idakorea.ee\/#organization","name":"IDA.KOREA","url":"https:\/\/idakorea.ee\/","logo":{"@type":"ImageObject","inLanguage":"fi","@id":"https:\/\/idakorea.ee\/#\/schema\/logo\/image\/","url":"https:\/\/idakorea.ee\/wp-content\/uploads\/2024\/05\/cropped-korea3.png","contentUrl":"https:\/\/idakorea.ee\/wp-content\/uploads\/2024\/05\/cropped-korea3.png","width":688,"height":126,"caption":"IDA.KOREA"},"image":{"@id":"https:\/\/idakorea.ee\/#\/schema\/logo\/image\/"},"sameAs":["https:\/\/www.instagram.com\/ida.korea\/"]}]}},"jetpack_sharing_enabled":true,"brands":[{"id":645,"name":"ROUND LAB","slug":"round-lab"}],"_links":{"self":[{"href":"https:\/\/idakorea.ee\/fi\/wp-json\/wp\/v2\/product\/16362","targetHints":{"allow":["GET"]}}],"collection":[{"href":"https:\/\/idakorea.ee\/fi\/wp-json\/wp\/v2\/product"}],"about":[{"href":"https:\/\/idakorea.ee\/fi\/wp-json\/wp\/v2\/types\/product"}],"replies":[{"embeddable":true,"href":"https:\/\/idakorea.ee\/fi\/wp-json\/wp\/v2\/comments?post=16362"}],"version-history":[{"count":1,"href":"https:\/\/idakorea.ee\/fi\/wp-json\/wp\/v2\/product\/16362\/revisions"}],"predecessor-version":[{"id":16366,"href":"https:\/\/idakorea.ee\/fi\/wp-json\/wp\/v2\/product\/16362\/revisions\/16366"}],"wp:featuredmedia":[{"embeddable":true,"href":"https:\/\/idakorea.ee\/fi\/wp-json\/wp\/v2\/media\/16363"}],"wp:attachment":[{"href":"https:\/\/idakorea.ee\/fi\/wp-json\/wp\/v2\/media?parent=16362"}],"wp:term":[{"taxonomy":"pwb-brand","embeddable":true,"href":"https:\/\/idakorea.ee\/fi\/wp-json\/wp\/v2\/pwb-brand?post=16362"},{"taxonomy":"product_brand","embeddable":true,"href":"https:\/\/idakorea.ee\/fi\/wp-json\/wp\/v2\/product_brand?post=16362"},{"taxonomy":"product_cat","embeddable":true,"href":"https:\/\/idakorea.ee\/fi\/wp-json\/wp\/v2\/product_cat?post=16362"},{"taxonomy":"product_tag","embeddable":true,"href":"https:\/\/idakorea.ee\/fi\/wp-json\/wp\/v2\/product_tag?post=16362"}],"curies":[{"name":"wp","href":"https:\/\/api.w.org\/{rel}","templated":true}]}}