{"id":16367,"date":"2025-11-06T12:02:54","date_gmt":"2025-11-06T09:02:54","guid":{"rendered":"https:\/\/idakorea.ee\/?post_type=product&#038;p=16367"},"modified":"2026-04-11T16:25:59","modified_gmt":"2026-04-11T14:25:59","slug":"shiseido-senka-perfect-whip-120g","status":"publish","type":"product","link":"https:\/\/idakorea.ee\/fi\/product\/shiseido-senka-perfect-whip-120g\/","title":{"rendered":"Shiseido Senka Perfect Whip kasvojenpuhdistusvaahto, 120g"},"content":{"rendered":"<p data-start=\"0\" data-end=\"146\"><strong>Shiseido Senka Perfect Whip<\/strong> on japanilainen kasvojenpuhdistusvaahto, joka vaahtoaa eritt\u00e4in hienojakoisesti ja runsaasti tarjoten t\u00e4ydellisen puhdistuskokemuksen kuivattamatta ihoa.<\/p>\n<p data-start=\"148\" data-end=\"451\">T\u00e4m\u00e4 japanilainen vaahtoava puhdistusaine tunkeutuu syv\u00e4lle ihohuokosiin ja poistaa perusteellisesti lian, \u00f6ljyn, meikkij\u00e4\u00e4m\u00e4t, ylim\u00e4\u00e4r\u00e4isen talin ja muut ep\u00e4puhtaudet. Tehokkaasta puhdistavasta vaikutuksestaan huolimatta se ei kuivata ihoa eik\u00e4 vie siit\u00e4 pois eteerisi\u00e4 \u00f6ljyj\u00e4 ja kosteutta, j\u00e4tt\u00e4en sen silkinpehme\u00e4ksi, kosteutetuksi ja s\u00e4teilev\u00e4n puhtaaksi.<\/p>\n<p data-start=\"453\" data-end=\"695\" data-is-last-node=\"\" data-is-only-node=\"\">Senka Perfect Whip -voiteella on kevyt koostumus ja se sis\u00e4lt\u00e4\u00e4 kosteuttavia ainesosia, kuten aminohappoja, jotka auttavat yll\u00e4pit\u00e4m\u00e4\u00e4n ihon kosteustasapainoa ja vahvistamaan suojakerrosta. Tuote on hell\u00e4varainen iholle ja sopii t\u00e4ydellisesti p\u00e4ivitt\u00e4iseen k\u00e4ytt\u00f6\u00f6n.<\/p>\n<p data-start=\"453\" data-end=\"695\" data-is-last-node=\"\" data-is-only-node=\"\"><strong data-start=\"1264\" data-end=\"1287\">Sopii: <\/strong>Normaalille, sekaiholle tai rasvoittuvalle iholle \u2014 kuka haluaa vied\u00e4 p\u00e4ivitt\u00e4isen puhdistusrutiininsa uudelle tasolle ja tuntea olonsa todella raikkaaksi.<\/p>\n<p data-start=\"802\" data-end=\"822\"><strong data-start=\"802\" data-end=\"820\">K\u00e4ytt\u00f6: <\/strong><\/p>\n<p data-start=\"802\" data-end=\"822\">Kastele k\u00e4tesi ja ota pieni, helmen kokoinen m\u00e4\u00e4r\u00e4 puhdistusainetta. Hiero se vaahdoksi k\u00e4sien v\u00e4liss\u00e4 tai k\u00e4yt\u00e4 pesulappua tai sient\u00e4, lis\u00e4\u00e4 tarvittaessa muutama tippa vett\u00e4. Kun vaahto on valmista, levit\u00e4 sit\u00e4 varovasti kasvoillesi, hiero kevyesti, puhdista ja huuhtele huolellisesti vedell\u00e4.<\/p>","protected":false},"excerpt":{"rendered":"<p>Shiseido Senka Perfect Whip on japanilainen kasvojenpuhdistusvaahto, joka vaahtoaa eritt\u00e4in hienojakoisesti ja runsaasti tarjoten t\u00e4ydellisen puhdistuskokemuksen kuivattamatta ihoa. T\u00e4m\u00e4 japanilainen vaahtopuhdistusaine tunkeutuu syv\u00e4lle ihohuokosiin ja poistaa perusteellisesti lian, \u00f6ljyn, meikkij\u00e4\u00e4m\u00e4t, ylim\u00e4\u00e4r\u00e4isen talin ja muut ep\u00e4puhtaudet. Voimakkaasta puhdistavasta vaikutuksestaan huolimatta se ei kuivata ihoa eik\u00e4 poista eteerisi\u00e4 \u00f6ljyj\u00e4 ja kosteutta, j\u00e4tt\u00e4en ihon silkkisen pehme\u00e4ksi, kosteutetuksi ja\u2026<\/p>","protected":false},"featured_media":16368,"comment_status":"open","ping_status":"closed","template":"","meta":{"_uf_show_specific_survey":0,"_uf_disable_surveys":false,"_bst_post_transparent":"default","_bst_post_title":"","_bst_post_layout":"default","_bst_post_sidebar_id":"","_bst_post_content_style":"default","_bst_post_vertical_padding":"default","_bst_post_feature":"","_bst_post_feature_position":"","_bst_post_header":false,"_bst_post_footer":false},"pwb-brand":[995],"product_brand":[],"product_cat":[92,452,100],"product_tag":[996,1014,1013],"class_list":{"0":"post-16367","1":"product","2":"type-product","3":"status-publish","4":"has-post-thumbnail","6":"pwb-brand-shiseido","7":"product_cat-nagu","8":"product_cat-naopuhastusgeelid","9":"product_cat-puhastusvahendid","10":"product_tag-japan","11":"product_tag-senka","12":"product_tag-shiseido","14":"first","15":"instock","16":"sale","17":"shipping-taxable","18":"purchasable","19":"product-type-simple","20":"entry","21":"content-bg","22":"loop-entry"},"supplier_id":null,"supplier_sku":"","barcode":null,"atum_controlled":true,"out_stock_date":null,"out_stock_threshold":null,"inheritable":false,"inbound_stock":0,"stock_on_hold":0,"sold_today":0,"sales_last_days":1,"out_stock_days":0,"lost_sales":0,"has_location":false,"update_date":"2026-04-15T00:05:19","atum_locations":[],"atum_stock_status":"instock","restock_status":false,"low_stock_amount":"","sales_update_date":"2026-04-15T00:05:19","calc_backorders":null,"yoast_head":"<!-- This site is optimized with the Yoast SEO plugin v27.2 - https:\/\/yoast.com\/product\/yoast-seo-wordpress\/ -->\n<title>Shiseido Senka Perfect Whip, 120g - IDA.KOREA<\/title>\n<meta name=\"description\" content=\"Shiseido Senka Perfect Whip on Jaapani n\u00e4opuhastusvaht, mis loob \u00fclipeene ja rikkaliku vahu, pakkudes t\u00e4iuslikku puhastuskogemust ilma nahka kuivatamata.\" \/>\n<meta name=\"robots\" content=\"index, follow, max-snippet:-1, max-image-preview:large, max-video-preview:-1\" \/>\n<link rel=\"canonical\" href=\"https:\/\/idakorea.ee\/fi\/product\/shiseido-senka-perfect-whip-120g\/\" \/>\n<meta property=\"og:locale\" content=\"fi_FI\" \/>\n<meta property=\"og:type\" content=\"article\" \/>\n<meta property=\"og:title\" content=\"Shiseido Senka Perfect Whip, 120g - IDA.KOREA\" \/>\n<meta property=\"og:description\" content=\"Shiseido Senka Perfect Whip on Jaapani n\u00e4opuhastusvaht, mis loob \u00fclipeene ja rikkaliku vahu, pakkudes t\u00e4iuslikku puhastuskogemust ilma nahka kuivatamata.\" \/>\n<meta property=\"og:url\" content=\"https:\/\/idakorea.ee\/fi\/product\/shiseido-senka-perfect-whip-120g\/\" \/>\n<meta property=\"og:site_name\" content=\"IDA.KOREA\" \/>\n<meta property=\"article:modified_time\" content=\"2026-04-11T14:25:59+00:00\" \/>\n<meta property=\"og:image\" content=\"https:\/\/idakorea.ee\/wp-content\/uploads\/2025\/11\/senka-perfect-whip-idakorea.webp\" \/>\n\t<meta property=\"og:image:width\" content=\"850\" \/>\n\t<meta property=\"og:image:height\" content=\"850\" \/>\n\t<meta property=\"og:image:type\" content=\"image\/webp\" \/>\n<meta name=\"twitter:card\" content=\"summary_large_image\" \/>\n<meta name=\"twitter:label1\" content=\"Arvioitu lukuaika\" \/>\n\t<meta name=\"twitter:data1\" content=\"2 minuuttia\" \/>\n<script type=\"application\/ld+json\" class=\"yoast-schema-graph\">{\"@context\":\"https:\/\/schema.org\",\"@graph\":[{\"@type\":\"WebPage\",\"@id\":\"https:\/\/idakorea.ee\/product\/shiseido-senka-perfect-whip-120g\/\",\"url\":\"https:\/\/idakorea.ee\/product\/shiseido-senka-perfect-whip-120g\/\",\"name\":\"Shiseido Senka Perfect Whip, 120g - IDA.KOREA\",\"isPartOf\":{\"@id\":\"https:\/\/idakorea.ee\/#website\"},\"primaryImageOfPage\":{\"@id\":\"https:\/\/idakorea.ee\/product\/shiseido-senka-perfect-whip-120g\/#primaryimage\"},\"image\":{\"@id\":\"https:\/\/idakorea.ee\/product\/shiseido-senka-perfect-whip-120g\/#primaryimage\"},\"thumbnailUrl\":\"https:\/\/idakorea.ee\/wp-content\/uploads\/2025\/11\/senka-perfect-whip-idakorea.webp\",\"datePublished\":\"2025-11-06T09:02:54+00:00\",\"dateModified\":\"2026-04-11T14:25:59+00:00\",\"description\":\"Shiseido Senka Perfect Whip on Jaapani n\u00e4opuhastusvaht, mis loob \u00fclipeene ja rikkaliku vahu, pakkudes t\u00e4iuslikku puhastuskogemust ilma nahka kuivatamata.\",\"breadcrumb\":{\"@id\":\"https:\/\/idakorea.ee\/product\/shiseido-senka-perfect-whip-120g\/#breadcrumb\"},\"inLanguage\":\"fi\",\"potentialAction\":[{\"@type\":\"ReadAction\",\"target\":[\"https:\/\/idakorea.ee\/product\/shiseido-senka-perfect-whip-120g\/\"]}]},{\"@type\":\"ImageObject\",\"inLanguage\":\"fi\",\"@id\":\"https:\/\/idakorea.ee\/product\/shiseido-senka-perfect-whip-120g\/#primaryimage\",\"url\":\"https:\/\/idakorea.ee\/wp-content\/uploads\/2025\/11\/senka-perfect-whip-idakorea.webp\",\"contentUrl\":\"https:\/\/idakorea.ee\/wp-content\/uploads\/2025\/11\/senka-perfect-whip-idakorea.webp\",\"width\":850,\"height\":850},{\"@type\":\"BreadcrumbList\",\"@id\":\"https:\/\/idakorea.ee\/product\/shiseido-senka-perfect-whip-120g\/#breadcrumb\",\"itemListElement\":[{\"@type\":\"ListItem\",\"position\":1,\"name\":\"\u0413\u043b\u0430\u0432\u043d\u0430\u044f \u0441\u0442\u0440\u0430\u043d\u0438\u0446\u0430\",\"item\":\"https:\/\/idakorea.ee\/\"},{\"@type\":\"ListItem\",\"position\":2,\"name\":\"Shop\",\"item\":\"https:\/\/idakorea.ee\/shop-2\/\"},{\"@type\":\"ListItem\",\"position\":3,\"name\":\"N\u00e4opuhastusvaht Shiseido Senka Perfect Whip, 120g\"}]},{\"@type\":\"WebSite\",\"@id\":\"https:\/\/idakorea.ee\/#website\",\"url\":\"https:\/\/idakorea.ee\/\",\"name\":\"IDA.KOREA\",\"description\":\"Korea kosmeetika e-pood\",\"publisher\":{\"@id\":\"https:\/\/idakorea.ee\/#organization\"},\"alternateName\":\"Beauty Shop\",\"potentialAction\":[{\"@type\":\"SearchAction\",\"target\":{\"@type\":\"EntryPoint\",\"urlTemplate\":\"https:\/\/idakorea.ee\/?s={search_term_string}\"},\"query-input\":{\"@type\":\"PropertyValueSpecification\",\"valueRequired\":true,\"valueName\":\"search_term_string\"}}],\"inLanguage\":\"fi\"},{\"@type\":\"Organization\",\"@id\":\"https:\/\/idakorea.ee\/#organization\",\"name\":\"IDA.KOREA\",\"url\":\"https:\/\/idakorea.ee\/\",\"logo\":{\"@type\":\"ImageObject\",\"inLanguage\":\"fi\",\"@id\":\"https:\/\/idakorea.ee\/#\/schema\/logo\/image\/\",\"url\":\"https:\/\/idakorea.ee\/wp-content\/uploads\/2024\/05\/cropped-korea3.png\",\"contentUrl\":\"https:\/\/idakorea.ee\/wp-content\/uploads\/2024\/05\/cropped-korea3.png\",\"width\":688,\"height\":126,\"caption\":\"IDA.KOREA\"},\"image\":{\"@id\":\"https:\/\/idakorea.ee\/#\/schema\/logo\/image\/\"},\"sameAs\":[\"https:\/\/www.instagram.com\/ida.korea\/\"]}]}<\/script>\n<!-- \/ Yoast SEO plugin. -->","yoast_head_json":{"title":"Shiseido Senka Perfect Whip, 120g - IDA.KOREA","description":"Shiseido Senka Perfect Whip on japanilainen kasvojenpuhdistusvaahto, joka vaahtoaa eritt\u00e4in hienojakoisesti ja runsaasti tarjoten t\u00e4ydellisen puhdistuskokemuksen kuivattamatta ihoa.","robots":{"index":"index","follow":"follow","max-snippet":"max-snippet:-1","max-image-preview":"max-image-preview:large","max-video-preview":"max-video-preview:-1"},"canonical":"https:\/\/idakorea.ee\/fi\/product\/shiseido-senka-perfect-whip-120g\/","og_locale":"fi_FI","og_type":"article","og_title":"Shiseido Senka Perfect Whip, 120g - IDA.KOREA","og_description":"Shiseido Senka Perfect Whip on Jaapani n\u00e4opuhastusvaht, mis loob \u00fclipeene ja rikkaliku vahu, pakkudes t\u00e4iuslikku puhastuskogemust ilma nahka kuivatamata.","og_url":"https:\/\/idakorea.ee\/fi\/product\/shiseido-senka-perfect-whip-120g\/","og_site_name":"IDA.KOREA","article_modified_time":"2026-04-11T14:25:59+00:00","og_image":[{"width":850,"height":850,"url":"https:\/\/idakorea.ee\/wp-content\/uploads\/2025\/11\/senka-perfect-whip-idakorea.webp","type":"image\/webp"}],"twitter_card":"summary_large_image","twitter_misc":{"Arvioitu lukuaika":"2 minuuttia"},"schema":{"@context":"https:\/\/schema.org","@graph":[{"@type":"WebPage","@id":"https:\/\/idakorea.ee\/product\/shiseido-senka-perfect-whip-120g\/","url":"https:\/\/idakorea.ee\/product\/shiseido-senka-perfect-whip-120g\/","name":"Shiseido Senka Perfect Whip, 120g - IDA.KOREA","isPartOf":{"@id":"https:\/\/idakorea.ee\/#website"},"primaryImageOfPage":{"@id":"https:\/\/idakorea.ee\/product\/shiseido-senka-perfect-whip-120g\/#primaryimage"},"image":{"@id":"https:\/\/idakorea.ee\/product\/shiseido-senka-perfect-whip-120g\/#primaryimage"},"thumbnailUrl":"https:\/\/idakorea.ee\/wp-content\/uploads\/2025\/11\/senka-perfect-whip-idakorea.webp","datePublished":"2025-11-06T09:02:54+00:00","dateModified":"2026-04-11T14:25:59+00:00","description":"Shiseido Senka Perfect Whip on japanilainen kasvojenpuhdistusvaahto, joka vaahtoaa eritt\u00e4in hienojakoisesti ja runsaasti tarjoten t\u00e4ydellisen puhdistuskokemuksen kuivattamatta ihoa.","breadcrumb":{"@id":"https:\/\/idakorea.ee\/product\/shiseido-senka-perfect-whip-120g\/#breadcrumb"},"inLanguage":"fi","potentialAction":[{"@type":"ReadAction","target":["https:\/\/idakorea.ee\/product\/shiseido-senka-perfect-whip-120g\/"]}]},{"@type":"ImageObject","inLanguage":"fi","@id":"https:\/\/idakorea.ee\/product\/shiseido-senka-perfect-whip-120g\/#primaryimage","url":"https:\/\/idakorea.ee\/wp-content\/uploads\/2025\/11\/senka-perfect-whip-idakorea.webp","contentUrl":"https:\/\/idakorea.ee\/wp-content\/uploads\/2025\/11\/senka-perfect-whip-idakorea.webp","width":850,"height":850},{"@type":"BreadcrumbList","@id":"https:\/\/idakorea.ee\/product\/shiseido-senka-perfect-whip-120g\/#breadcrumb","itemListElement":[{"@type":"ListItem","position":1,"name":"\u0413\u043b\u0430\u0432\u043d\u0430\u044f \u0441\u0442\u0440\u0430\u043d\u0438\u0446\u0430","item":"https:\/\/idakorea.ee\/"},{"@type":"ListItem","position":2,"name":"Shop","item":"https:\/\/idakorea.ee\/shop-2\/"},{"@type":"ListItem","position":3,"name":"N\u00e4opuhastusvaht Shiseido Senka Perfect Whip, 120g"}]},{"@type":"WebSite","@id":"https:\/\/idakorea.ee\/#website","url":"https:\/\/idakorea.ee\/","name":"IDA.KOREA","description":"Korean kosmetiikan verkkokauppa","publisher":{"@id":"https:\/\/idakorea.ee\/#organization"},"alternateName":"Beauty Shop","potentialAction":[{"@type":"SearchAction","target":{"@type":"EntryPoint","urlTemplate":"https:\/\/idakorea.ee\/?s={search_term_string}"},"query-input":{"@type":"PropertyValueSpecification","valueRequired":true,"valueName":"search_term_string"}}],"inLanguage":"fi"},{"@type":"Organization","@id":"https:\/\/idakorea.ee\/#organization","name":"IDA.KOREA","url":"https:\/\/idakorea.ee\/","logo":{"@type":"ImageObject","inLanguage":"fi","@id":"https:\/\/idakorea.ee\/#\/schema\/logo\/image\/","url":"https:\/\/idakorea.ee\/wp-content\/uploads\/2024\/05\/cropped-korea3.png","contentUrl":"https:\/\/idakorea.ee\/wp-content\/uploads\/2024\/05\/cropped-korea3.png","width":688,"height":126,"caption":"IDA.KOREA"},"image":{"@id":"https:\/\/idakorea.ee\/#\/schema\/logo\/image\/"},"sameAs":["https:\/\/www.instagram.com\/ida.korea\/"]}]}},"jetpack_sharing_enabled":true,"brands":[{"id":995,"name":"SHISEIDO","slug":"shiseido"}],"_links":{"self":[{"href":"https:\/\/idakorea.ee\/fi\/wp-json\/wp\/v2\/product\/16367","targetHints":{"allow":["GET"]}}],"collection":[{"href":"https:\/\/idakorea.ee\/fi\/wp-json\/wp\/v2\/product"}],"about":[{"href":"https:\/\/idakorea.ee\/fi\/wp-json\/wp\/v2\/types\/product"}],"replies":[{"embeddable":true,"href":"https:\/\/idakorea.ee\/fi\/wp-json\/wp\/v2\/comments?post=16367"}],"version-history":[{"count":1,"href":"https:\/\/idakorea.ee\/fi\/wp-json\/wp\/v2\/product\/16367\/revisions"}],"predecessor-version":[{"id":16372,"href":"https:\/\/idakorea.ee\/fi\/wp-json\/wp\/v2\/product\/16367\/revisions\/16372"}],"wp:featuredmedia":[{"embeddable":true,"href":"https:\/\/idakorea.ee\/fi\/wp-json\/wp\/v2\/media\/16368"}],"wp:attachment":[{"href":"https:\/\/idakorea.ee\/fi\/wp-json\/wp\/v2\/media?parent=16367"}],"wp:term":[{"taxonomy":"pwb-brand","embeddable":true,"href":"https:\/\/idakorea.ee\/fi\/wp-json\/wp\/v2\/pwb-brand?post=16367"},{"taxonomy":"product_brand","embeddable":true,"href":"https:\/\/idakorea.ee\/fi\/wp-json\/wp\/v2\/product_brand?post=16367"},{"taxonomy":"product_cat","embeddable":true,"href":"https:\/\/idakorea.ee\/fi\/wp-json\/wp\/v2\/product_cat?post=16367"},{"taxonomy":"product_tag","embeddable":true,"href":"https:\/\/idakorea.ee\/fi\/wp-json\/wp\/v2\/product_tag?post=16367"}],"curies":[{"name":"wp","href":"https:\/\/api.w.org\/{rel}","templated":true}]}}