{"id":16374,"date":"2025-11-06T13:33:58","date_gmt":"2025-11-06T10:33:58","guid":{"rendered":"https:\/\/idakorea.ee\/?post_type=product&#038;p=16374"},"modified":"2026-02-23T17:40:02","modified_gmt":"2026-02-23T15:40:02","slug":"pyunkang-yul-calming-deep-moisture-toner-150ml","status":"publish","type":"product","link":"https:\/\/idakorea.ee\/fi\/product\/pyunkang-yul-calming-deep-moisture-toner-150ml\/","title":{"rendered":"Pyunkang Yul Calming Deep Moisture Toner, 150ml"},"content":{"rendered":"<p data-start=\"0\" data-end=\"243\">Rauhoittava tonic <strong data-start=\"0\" data-end=\"60\">Pyunkang Yul Calming Deep Moisture Toner<\/strong> Se toimii kolmella tasolla \u2013 rauhoittaa, v\u00e4hent\u00e4\u00e4 talirauhasten tuotantoa ja kuorii hell\u00e4varaisesti sarveiskerrosta. Se ehk\u00e4isee tukkeutuneita ihohuokosia ja tulehdusta, joten se sopii erinomaisesti akneen taipuvaiselle iholle.<\/p>\n<p data-start=\"245\" data-end=\"433\">Kasvovesi tasoittaa ihon rakennetta ja supistaa laajentuneita ihohuokosia, poistaa kuolleita ihosoluja ja tekee ihosta pehme\u00e4n ja sile\u00e4n. Se on miellytt\u00e4v\u00e4n raikas, imeytyy nopeasti eik\u00e4 j\u00e4t\u00e4 tahmeaa tunnetta.<\/p>\n<p data-start=\"435\" data-end=\"668\">Hieman hapan koostumus auttaa palauttamaan ihon luonnollisen pH-tasapainon puhdistuksen j\u00e4lkeen, ei kuivata ihoa ja tarjoaa syv\u00e4kosteutusta. Tuotteella on Korean Vegan\u00ae -sertifikaatti, joka vahvistaa, ettei tuote sis\u00e4ll\u00e4 el\u00e4inper\u00e4isi\u00e4 aineita.<\/p>\n<p data-start=\"670\" data-end=\"696\"><strong data-start=\"670\" data-end=\"694\">T\u00e4rkeimm\u00e4t vaikuttavat aineet:<\/strong><\/p>\n<ul data-start=\"697\" data-end=\"1954\">\n<li data-start=\"697\" data-end=\"944\">\n<p data-start=\"699\" data-end=\"944\"><strong data-start=\"699\" data-end=\"729\">Centella Asiatica -kompleksi<\/strong> \u2013 sis\u00e4lt\u00e4\u00e4 aasialaista lumpeen uutetta, madekassosidia, madekassiinihappoa, asiatikosidia ja aasiahappoa. Lievitt\u00e4\u00e4 punoitusta ja \u00e4rsytyst\u00e4, vahvistaa hiussuonia, v\u00e4hent\u00e4\u00e4 couperosa-ihottumaa ja parantaa ihon kimmoisuutta.<\/p>\n<\/li>\n<li data-start=\"945\" data-end=\"1097\">\n<p data-start=\"947\" data-end=\"1097\"><strong data-start=\"947\" data-end=\"976\">Valkopajun kuoriuute<\/strong> \u2013 luonnollinen salisyylihapon l\u00e4hde, joka puhdistaa ja supistaa ihohuokosia, poistaa ylim\u00e4\u00e4r\u00e4ist\u00e4 talia ja tukee solujen uusiutumista.<\/p>\n<\/li>\n<li data-start=\"1098\" data-end=\"1218\">\n<p data-start=\"1100\" data-end=\"1218\"><strong data-start=\"1100\" data-end=\"1124\">Teepuun lehtiuute<\/strong> \u2013 sill\u00e4 on antiseptisi\u00e4 ja antibakteerisia vaikutuksia, se v\u00e4hent\u00e4\u00e4 rasvaisuutta ja ehk\u00e4isee tulehdusta.<\/p>\n<\/li>\n<li data-start=\"1219\" data-end=\"1377\">\n<p data-start=\"1221\" data-end=\"1377\"><strong data-start=\"1221\" data-end=\"1250\">Glukonolaktoni (PHA-happo)<\/strong> \u2013 hell\u00e4varaisempi AHA-happojen analogi, sopii my\u00f6s herk\u00e4lle iholle. Kuorii hell\u00e4varaisesti, silottaa ja tasoittaa ihonv\u00e4ri\u00e4, stimuloi ihon uusiutumista.<\/p>\n<\/li>\n<li data-start=\"1378\" data-end=\"1530\">\n<p data-start=\"1380\" data-end=\"1530\"><strong data-start=\"1380\" data-end=\"1407\">Pantenoli (B5-vitamiini)<\/strong> \u2013 rauhoittaa punoitusta ja kutinaa, vahvistaa hydrolipidisuojaa, suojaa kosteuden menetykselt\u00e4 ja edist\u00e4\u00e4 ihon uudistumista.<\/p>\n<\/li>\n<li data-start=\"1531\" data-end=\"1716\">\n<p data-start=\"1533\" data-end=\"1716\"><strong data-start=\"1533\" data-end=\"1559\">5 erilaista hyaluronihappoa<\/strong> \u2013 Eri molekyylipainoiset hyaluronihapot kosteuttavat sek\u00e4 ihon syvempi\u00e4 ett\u00e4 pinnallisia kerroksia, poistaen kuivuutta ja kireytt\u00e4 sek\u00e4 lis\u00e4ten ihon kimmoisuutta.<\/p>\n<\/li>\n<li data-start=\"1717\" data-end=\"1831\">\n<p data-start=\"1719\" data-end=\"1831\"><strong data-start=\"1719\" data-end=\"1730\">Betaiini<\/strong> \u2013 aminohappojohdannainen, joka s\u00e4ilytt\u00e4\u00e4 kosteutta, suojaa solukalvoja ja pit\u00e4\u00e4 ihon pehme\u00e4n\u00e4 ja sile\u00e4n\u00e4.<\/p>\n<\/li>\n<li data-start=\"1832\" data-end=\"1954\">\n<p data-start=\"1834\" data-end=\"1954\"><strong data-start=\"1834\" data-end=\"1867\">Lonicera-uute (Lonicera)<\/strong> \u2013 vahvistaa verisuonten sein\u00e4mi\u00e4, sill\u00e4 on tonic- ja antioksidanttivaikutus sek\u00e4 se elvytt\u00e4\u00e4 ihoa.<\/p>\n<\/li>\n<\/ul>\n<p data-start=\"1956\" data-end=\"2029\"><strong data-start=\"1956\" data-end=\"1966\">Sopii:<\/strong> normaalille, sekaiholle, rasvoittuvalle ja ongelmaiholle.<\/p>\n<p data-start=\"2031\" data-end=\"2189\" data-is-last-node=\"\" data-is-only-node=\"\"><strong data-start=\"2031\" data-end=\"2046\">K\u00e4ytt\u00f6:<\/strong> Puhdistuksen j\u00e4lkeen levit\u00e4 kasvovett\u00e4 kasvoillesi k\u00e4sin tai vanulapulla. <a href=\"https:\/\/idakorea.ee\/fi\/product\/pyunkang-yul-1-3-cotton-pad-160tk\/\">Pyunkang Yul 1\/3 vanulappu, 160 kpl - IDA.KOREA<\/a>. Naamioefektin luomiseksi kostuta vanulappuja kasvovedell\u00e4 ja aseta ne kasvoillesi 5\u201310 minuutiksi.<\/p>","protected":false},"excerpt":{"rendered":"<p>Pyunkang Yul Calming Deep Moisture Toner toimii kolmella tasolla \u2013 se rauhoittaa, v\u00e4hent\u00e4\u00e4 talirauhasten erityst\u00e4 ja kuorii hell\u00e4varaisesti ihon sarveiskerrosta. Se ehk\u00e4isee tukkeutuneita ihohuokosia ja tulehduksia, joten se sopii erinomaisesti akneen taipuvaiselle iholle. Kasvovesi tasoittaa ihon rakennetta ja supistaa laajentuneita ihohuokosia, poistaa kuolleita ihosoluja ja tekee ihosta pehme\u00e4n ja sile\u00e4n. Miellytt\u00e4v\u00e4n raikas, imeytyy nopeasti eik\u00e4 j\u00e4t\u00e4\u2026<\/p>","protected":false},"featured_media":16375,"comment_status":"open","ping_status":"closed","template":"","meta":{"_uf_show_specific_survey":0,"_uf_disable_surveys":false,"_bst_post_transparent":"default","_bst_post_title":"","_bst_post_layout":"default","_bst_post_sidebar_id":"","_bst_post_content_style":"default","_bst_post_vertical_padding":"default","_bst_post_feature":"","_bst_post_feature_position":"","_bst_post_header":false,"_bst_post_footer":false},"pwb-brand":[474],"product_brand":[],"product_cat":[92,158],"product_tag":[580,568,855],"class_list":{"0":"post-16374","1":"product","2":"type-product","3":"status-publish","4":"has-post-thumbnail","6":"pwb-brand-pyunkang-yul","7":"product_cat-nagu","8":"product_cat-toonik","9":"product_tag-calming","10":"product_tag-korea","11":"product_tag-toner","13":"first","14":"instock","15":"sale","16":"shipping-taxable","17":"purchasable","18":"product-type-simple","19":"entry","20":"content-bg","21":"loop-entry"},"supplier_id":null,"supplier_sku":"","barcode":null,"atum_controlled":true,"out_stock_date":null,"out_stock_threshold":null,"inheritable":false,"inbound_stock":0,"stock_on_hold":0,"sold_today":0,"sales_last_days":0,"out_stock_days":0,"lost_sales":0,"has_location":false,"update_date":"2026-04-14T00:05:05","atum_locations":[],"atum_stock_status":"instock","restock_status":false,"low_stock_amount":"","sales_update_date":"2026-04-14T00:05:05","calc_backorders":null,"yoast_head":"<!-- This site is optimized with the Yoast SEO plugin v27.2 - https:\/\/yoast.com\/product\/yoast-seo-wordpress\/ -->\n<title>Pyunkang Yul Calming Deep Moisture Toner, 150ml - IDA.KOREA<\/title>\n<meta name=\"description\" content=\"Pyunkang Yul Calming Deep Moisture Toner rahustab, niisutab ja v\u00e4hendab rasusust, pakkudes \u00f5rna koorivat toimet ilma nahka \u00e4rritamata. - Kiire tarne!\" \/>\n<meta name=\"robots\" content=\"index, follow, max-snippet:-1, max-image-preview:large, max-video-preview:-1\" \/>\n<link rel=\"canonical\" href=\"https:\/\/idakorea.ee\/fi\/product\/pyunkang-yul-calming-deep-moisture-toner-150ml\/\" \/>\n<meta property=\"og:locale\" content=\"fi_FI\" \/>\n<meta property=\"og:type\" content=\"article\" \/>\n<meta property=\"og:title\" content=\"Pyunkang Yul Calming Deep Moisture Toner, 150ml - IDA.KOREA\" \/>\n<meta property=\"og:description\" content=\"Pyunkang Yul Calming Deep Moisture Toner rahustab, niisutab ja v\u00e4hendab rasusust, pakkudes \u00f5rna koorivat toimet ilma nahka \u00e4rritamata. - Kiire tarne!\" \/>\n<meta property=\"og:url\" content=\"https:\/\/idakorea.ee\/fi\/product\/pyunkang-yul-calming-deep-moisture-toner-150ml\/\" \/>\n<meta property=\"og:site_name\" content=\"IDA.KOREA\" \/>\n<meta property=\"article:modified_time\" content=\"2026-02-23T15:40:02+00:00\" \/>\n<meta property=\"og:image\" content=\"https:\/\/idakorea.ee\/wp-content\/uploads\/2025\/11\/Pyunkang-Yul-Calming-Deep-Moisture-Toner-idakorea.jpg\" \/>\n\t<meta property=\"og:image:width\" content=\"1000\" \/>\n\t<meta property=\"og:image:height\" content=\"1000\" \/>\n\t<meta property=\"og:image:type\" content=\"image\/jpeg\" \/>\n<meta name=\"twitter:card\" content=\"summary_large_image\" \/>\n<meta name=\"twitter:label1\" content=\"Arvioitu lukuaika\" \/>\n\t<meta name=\"twitter:data1\" content=\"2 minuuttia\" \/>\n<script type=\"application\/ld+json\" class=\"yoast-schema-graph\">{\"@context\":\"https:\/\/schema.org\",\"@graph\":[{\"@type\":\"WebPage\",\"@id\":\"https:\/\/idakorea.ee\/product\/pyunkang-yul-calming-deep-moisture-toner-150ml\/\",\"url\":\"https:\/\/idakorea.ee\/product\/pyunkang-yul-calming-deep-moisture-toner-150ml\/\",\"name\":\"Pyunkang Yul Calming Deep Moisture Toner, 150ml - IDA.KOREA\",\"isPartOf\":{\"@id\":\"https:\/\/idakorea.ee\/#website\"},\"primaryImageOfPage\":{\"@id\":\"https:\/\/idakorea.ee\/product\/pyunkang-yul-calming-deep-moisture-toner-150ml\/#primaryimage\"},\"image\":{\"@id\":\"https:\/\/idakorea.ee\/product\/pyunkang-yul-calming-deep-moisture-toner-150ml\/#primaryimage\"},\"thumbnailUrl\":\"https:\/\/idakorea.ee\/wp-content\/uploads\/2025\/11\/Pyunkang-Yul-Calming-Deep-Moisture-Toner-idakorea.jpg\",\"datePublished\":\"2025-11-06T10:33:58+00:00\",\"dateModified\":\"2026-02-23T15:40:02+00:00\",\"description\":\"Pyunkang Yul Calming Deep Moisture Toner rahustab, niisutab ja v\u00e4hendab rasusust, pakkudes \u00f5rna koorivat toimet ilma nahka \u00e4rritamata. - Kiire tarne!\",\"breadcrumb\":{\"@id\":\"https:\/\/idakorea.ee\/product\/pyunkang-yul-calming-deep-moisture-toner-150ml\/#breadcrumb\"},\"inLanguage\":\"fi\",\"potentialAction\":[{\"@type\":\"ReadAction\",\"target\":[\"https:\/\/idakorea.ee\/product\/pyunkang-yul-calming-deep-moisture-toner-150ml\/\"]}]},{\"@type\":\"ImageObject\",\"inLanguage\":\"fi\",\"@id\":\"https:\/\/idakorea.ee\/product\/pyunkang-yul-calming-deep-moisture-toner-150ml\/#primaryimage\",\"url\":\"https:\/\/idakorea.ee\/wp-content\/uploads\/2025\/11\/Pyunkang-Yul-Calming-Deep-Moisture-Toner-idakorea.jpg\",\"contentUrl\":\"https:\/\/idakorea.ee\/wp-content\/uploads\/2025\/11\/Pyunkang-Yul-Calming-Deep-Moisture-Toner-idakorea.jpg\",\"width\":1000,\"height\":1000},{\"@type\":\"BreadcrumbList\",\"@id\":\"https:\/\/idakorea.ee\/product\/pyunkang-yul-calming-deep-moisture-toner-150ml\/#breadcrumb\",\"itemListElement\":[{\"@type\":\"ListItem\",\"position\":1,\"name\":\"\u0413\u043b\u0430\u0432\u043d\u0430\u044f \u0441\u0442\u0440\u0430\u043d\u0438\u0446\u0430\",\"item\":\"https:\/\/idakorea.ee\/\"},{\"@type\":\"ListItem\",\"position\":2,\"name\":\"Shop\",\"item\":\"https:\/\/idakorea.ee\/shop-2\/\"},{\"@type\":\"ListItem\",\"position\":3,\"name\":\"Rahustav toonik Pyunkang Yul Calming Deep Moisture Toner, 150ml\"}]},{\"@type\":\"WebSite\",\"@id\":\"https:\/\/idakorea.ee\/#website\",\"url\":\"https:\/\/idakorea.ee\/\",\"name\":\"IDA.KOREA\",\"description\":\"Korea kosmeetika e-pood\",\"publisher\":{\"@id\":\"https:\/\/idakorea.ee\/#organization\"},\"alternateName\":\"Beauty Shop\",\"potentialAction\":[{\"@type\":\"SearchAction\",\"target\":{\"@type\":\"EntryPoint\",\"urlTemplate\":\"https:\/\/idakorea.ee\/?s={search_term_string}\"},\"query-input\":{\"@type\":\"PropertyValueSpecification\",\"valueRequired\":true,\"valueName\":\"search_term_string\"}}],\"inLanguage\":\"fi\"},{\"@type\":\"Organization\",\"@id\":\"https:\/\/idakorea.ee\/#organization\",\"name\":\"IDA.KOREA\",\"url\":\"https:\/\/idakorea.ee\/\",\"logo\":{\"@type\":\"ImageObject\",\"inLanguage\":\"fi\",\"@id\":\"https:\/\/idakorea.ee\/#\/schema\/logo\/image\/\",\"url\":\"https:\/\/idakorea.ee\/wp-content\/uploads\/2024\/05\/cropped-korea3.png\",\"contentUrl\":\"https:\/\/idakorea.ee\/wp-content\/uploads\/2024\/05\/cropped-korea3.png\",\"width\":688,\"height\":126,\"caption\":\"IDA.KOREA\"},\"image\":{\"@id\":\"https:\/\/idakorea.ee\/#\/schema\/logo\/image\/\"},\"sameAs\":[\"https:\/\/www.instagram.com\/ida.korea\/\"]}]}<\/script>\n<!-- \/ Yoast SEO plugin. -->","yoast_head_json":{"title":"Pyunkang Yul Calming Deep Moisture Toner, 150ml - IDA.KOREA","description":"Pyunkang Yul Calming Deep Moisture Toner rauhoittaa, kosteuttaa ja v\u00e4hent\u00e4\u00e4 ihon rasvaisuutta kuorimalla sit\u00e4 hell\u00e4varaisesti \u00e4rsytt\u00e4m\u00e4tt\u00e4 sit\u00e4. - Nopea toimitus!","robots":{"index":"index","follow":"follow","max-snippet":"max-snippet:-1","max-image-preview":"max-image-preview:large","max-video-preview":"max-video-preview:-1"},"canonical":"https:\/\/idakorea.ee\/fi\/product\/pyunkang-yul-calming-deep-moisture-toner-150ml\/","og_locale":"fi_FI","og_type":"article","og_title":"Pyunkang Yul Calming Deep Moisture Toner, 150ml - IDA.KOREA","og_description":"Pyunkang Yul Calming Deep Moisture Toner rahustab, niisutab ja v\u00e4hendab rasusust, pakkudes \u00f5rna koorivat toimet ilma nahka \u00e4rritamata. - Kiire tarne!","og_url":"https:\/\/idakorea.ee\/fi\/product\/pyunkang-yul-calming-deep-moisture-toner-150ml\/","og_site_name":"IDA.KOREA","article_modified_time":"2026-02-23T15:40:02+00:00","og_image":[{"width":1000,"height":1000,"url":"https:\/\/idakorea.ee\/wp-content\/uploads\/2025\/11\/Pyunkang-Yul-Calming-Deep-Moisture-Toner-idakorea.jpg","type":"image\/jpeg"}],"twitter_card":"summary_large_image","twitter_misc":{"Arvioitu lukuaika":"2 minuuttia"},"schema":{"@context":"https:\/\/schema.org","@graph":[{"@type":"WebPage","@id":"https:\/\/idakorea.ee\/product\/pyunkang-yul-calming-deep-moisture-toner-150ml\/","url":"https:\/\/idakorea.ee\/product\/pyunkang-yul-calming-deep-moisture-toner-150ml\/","name":"Pyunkang Yul Calming Deep Moisture Toner, 150ml - IDA.KOREA","isPartOf":{"@id":"https:\/\/idakorea.ee\/#website"},"primaryImageOfPage":{"@id":"https:\/\/idakorea.ee\/product\/pyunkang-yul-calming-deep-moisture-toner-150ml\/#primaryimage"},"image":{"@id":"https:\/\/idakorea.ee\/product\/pyunkang-yul-calming-deep-moisture-toner-150ml\/#primaryimage"},"thumbnailUrl":"https:\/\/idakorea.ee\/wp-content\/uploads\/2025\/11\/Pyunkang-Yul-Calming-Deep-Moisture-Toner-idakorea.jpg","datePublished":"2025-11-06T10:33:58+00:00","dateModified":"2026-02-23T15:40:02+00:00","description":"Pyunkang Yul Calming Deep Moisture Toner rauhoittaa, kosteuttaa ja v\u00e4hent\u00e4\u00e4 ihon rasvaisuutta kuorimalla sit\u00e4 hell\u00e4varaisesti \u00e4rsytt\u00e4m\u00e4tt\u00e4 sit\u00e4. - Nopea toimitus!","breadcrumb":{"@id":"https:\/\/idakorea.ee\/product\/pyunkang-yul-calming-deep-moisture-toner-150ml\/#breadcrumb"},"inLanguage":"fi","potentialAction":[{"@type":"ReadAction","target":["https:\/\/idakorea.ee\/product\/pyunkang-yul-calming-deep-moisture-toner-150ml\/"]}]},{"@type":"ImageObject","inLanguage":"fi","@id":"https:\/\/idakorea.ee\/product\/pyunkang-yul-calming-deep-moisture-toner-150ml\/#primaryimage","url":"https:\/\/idakorea.ee\/wp-content\/uploads\/2025\/11\/Pyunkang-Yul-Calming-Deep-Moisture-Toner-idakorea.jpg","contentUrl":"https:\/\/idakorea.ee\/wp-content\/uploads\/2025\/11\/Pyunkang-Yul-Calming-Deep-Moisture-Toner-idakorea.jpg","width":1000,"height":1000},{"@type":"BreadcrumbList","@id":"https:\/\/idakorea.ee\/product\/pyunkang-yul-calming-deep-moisture-toner-150ml\/#breadcrumb","itemListElement":[{"@type":"ListItem","position":1,"name":"\u0413\u043b\u0430\u0432\u043d\u0430\u044f \u0441\u0442\u0440\u0430\u043d\u0438\u0446\u0430","item":"https:\/\/idakorea.ee\/"},{"@type":"ListItem","position":2,"name":"Shop","item":"https:\/\/idakorea.ee\/shop-2\/"},{"@type":"ListItem","position":3,"name":"Rahustav toonik Pyunkang Yul Calming Deep Moisture Toner, 150ml"}]},{"@type":"WebSite","@id":"https:\/\/idakorea.ee\/#website","url":"https:\/\/idakorea.ee\/","name":"IDA.KOREA","description":"Korean kosmetiikan verkkokauppa","publisher":{"@id":"https:\/\/idakorea.ee\/#organization"},"alternateName":"Beauty Shop","potentialAction":[{"@type":"SearchAction","target":{"@type":"EntryPoint","urlTemplate":"https:\/\/idakorea.ee\/?s={search_term_string}"},"query-input":{"@type":"PropertyValueSpecification","valueRequired":true,"valueName":"search_term_string"}}],"inLanguage":"fi"},{"@type":"Organization","@id":"https:\/\/idakorea.ee\/#organization","name":"IDA.KOREA","url":"https:\/\/idakorea.ee\/","logo":{"@type":"ImageObject","inLanguage":"fi","@id":"https:\/\/idakorea.ee\/#\/schema\/logo\/image\/","url":"https:\/\/idakorea.ee\/wp-content\/uploads\/2024\/05\/cropped-korea3.png","contentUrl":"https:\/\/idakorea.ee\/wp-content\/uploads\/2024\/05\/cropped-korea3.png","width":688,"height":126,"caption":"IDA.KOREA"},"image":{"@id":"https:\/\/idakorea.ee\/#\/schema\/logo\/image\/"},"sameAs":["https:\/\/www.instagram.com\/ida.korea\/"]}]}},"jetpack_sharing_enabled":true,"brands":[{"id":474,"name":"PYUNKANG YUL","slug":"pyunkang-yul"}],"_links":{"self":[{"href":"https:\/\/idakorea.ee\/fi\/wp-json\/wp\/v2\/product\/16374","targetHints":{"allow":["GET"]}}],"collection":[{"href":"https:\/\/idakorea.ee\/fi\/wp-json\/wp\/v2\/product"}],"about":[{"href":"https:\/\/idakorea.ee\/fi\/wp-json\/wp\/v2\/types\/product"}],"replies":[{"embeddable":true,"href":"https:\/\/idakorea.ee\/fi\/wp-json\/wp\/v2\/comments?post=16374"}],"version-history":[{"count":1,"href":"https:\/\/idakorea.ee\/fi\/wp-json\/wp\/v2\/product\/16374\/revisions"}],"predecessor-version":[{"id":16378,"href":"https:\/\/idakorea.ee\/fi\/wp-json\/wp\/v2\/product\/16374\/revisions\/16378"}],"wp:featuredmedia":[{"embeddable":true,"href":"https:\/\/idakorea.ee\/fi\/wp-json\/wp\/v2\/media\/16375"}],"wp:attachment":[{"href":"https:\/\/idakorea.ee\/fi\/wp-json\/wp\/v2\/media?parent=16374"}],"wp:term":[{"taxonomy":"pwb-brand","embeddable":true,"href":"https:\/\/idakorea.ee\/fi\/wp-json\/wp\/v2\/pwb-brand?post=16374"},{"taxonomy":"product_brand","embeddable":true,"href":"https:\/\/idakorea.ee\/fi\/wp-json\/wp\/v2\/product_brand?post=16374"},{"taxonomy":"product_cat","embeddable":true,"href":"https:\/\/idakorea.ee\/fi\/wp-json\/wp\/v2\/product_cat?post=16374"},{"taxonomy":"product_tag","embeddable":true,"href":"https:\/\/idakorea.ee\/fi\/wp-json\/wp\/v2\/product_tag?post=16374"}],"curies":[{"name":"wp","href":"https:\/\/api.w.org\/{rel}","templated":true}]}}