{"id":16379,"date":"2025-11-06T14:01:15","date_gmt":"2025-11-06T11:01:15","guid":{"rendered":"https:\/\/idakorea.ee\/?post_type=product&#038;p=16379"},"modified":"2026-04-14T10:29:29","modified_gmt":"2026-04-14T08:29:29","slug":"pyunkang-yul-low-ph-pore-deep-cleansing-foam-40ml","status":"publish","type":"product","link":"https:\/\/idakorea.ee\/fi\/product\/pyunkang-yul-low-ph-pore-deep-cleansing-foam-40ml\/","title":{"rendered":"Pyunkang Yul Low pH Pore Deep Cleansing Foam, 40ml"},"content":{"rendered":"<p data-start=\"0\" data-end=\"274\">Puhdistava mieto happovaahto<strong data-start=\"0\" data-end=\"76\"> Pyunkang Yul Low pH Pore Deep Cleansing Foam<\/strong> Kuorii hell\u00e4varaisesti kuolleita ihosoluja, poistaa likaa ihohuokosista ja v\u00e4hent\u00e4\u00e4 rasvaista kiiltoa. Vaahto auttaa yll\u00e4pit\u00e4m\u00e4\u00e4n ihon luonnollista kosteus- ja lipiditasapainoa, ei aiheuta kireytt\u00e4 tai kuivata ihoa.<\/p>\n<p data-start=\"276\" data-end=\"553\">Tuote puhdistaa syv\u00e4lt\u00e4 ja poistaa tehokkaasti kaikki lian, permanenttimeikin ja ylim\u00e4\u00e4r\u00e4isen talin. S\u00e4\u00e4telee talirauhasten toimintaa, ehk\u00e4isee tukkeutuneita ihohuokosia ja auttaa vaalentamaan mustap\u00e4it\u00e4. Tasoittaa ihon mikroreliefi\u00e4, v\u00e4hent\u00e4\u00e4 ihohuokosten n\u00e4kyvyytt\u00e4 ja parantaa ihon rakennetta.<\/p>\n<p data-start=\"555\" data-end=\"811\"><strong data-start=\"555\" data-end=\"571\">Pyunkang Yul<\/strong> on korealaisen it\u00e4maisen l\u00e4\u00e4ketieteen klinikan luoma ihonhoitobr\u00e4ndi, joka keskittyy luonnollisiin ja turvallisiin ainesosiin. Br\u00e4ndi ei k\u00e4yt\u00e4 hajusteita, alkoholia, parabeeneja tai silikoneja ja sopii jopa herkimm\u00e4lle ja ongelmallisimmalle iholle.<\/p>\n<p data-start=\"813\" data-end=\"966\">Joutuessaan kosketuksiin veden kanssa tuote muodostaa kevyen vaahdon, joka stimuloi ja rentouttaa ihoa hell\u00e4varaisesti. Vaahto huuhdellaan pois, jolloin iho j\u00e4\u00e4 raikkaaksi ja kevyeksi.<\/p>\n<p data-start=\"968\" data-end=\"994\"><strong data-start=\"968\" data-end=\"992\">T\u00e4rkeimm\u00e4t vaikuttavat aineet:<\/strong><\/p>\n<ul data-start=\"995\" data-end=\"1867\">\n<li data-start=\"995\" data-end=\"1147\">\n<p data-start=\"997\" data-end=\"1147\"><strong data-start=\"997\" data-end=\"1016\">Teepuuuute<\/strong> \u2013 antibakteerinen ja uudistava komponentti, joka auttaa puhdistamaan ihohuokosia, normalisoi talirauhasten toimintaa ja v\u00e4hent\u00e4\u00e4 rasvaista kiiltoa.<\/p>\n<\/li>\n<li data-start=\"1148\" data-end=\"1300\">\n<p data-start=\"1150\" data-end=\"1300\"><strong data-start=\"1150\" data-end=\"1182\">noitap\u00e4hkin\u00e4uute (hamamelis)<\/strong> \u2013 rauhoittaa ja desinfioi ihoa, lievitt\u00e4\u00e4 tulehdusta ja finnej\u00e4, supistaa ihohuokosia ja tasapainottaa talin erityst\u00e4.<\/p>\n<\/li>\n<li data-start=\"1301\" data-end=\"1490\">\n<p data-start=\"1303\" data-end=\"1490\"><strong data-start=\"1303\" data-end=\"1326\">Natriumhyaluronaatti<\/strong> \u2013 pienimolekyylinen hyaluronihappo, joka tunkeutuu syv\u00e4lle epidermikseen, kosteuttaa soluja ja s\u00e4ilytt\u00e4\u00e4 kosteuden ihossa luoden suojaavan kerroksen, joka est\u00e4\u00e4 veden haihtumisen.<\/p>\n<\/li>\n<li data-start=\"1491\" data-end=\"1623\">\n<p data-start=\"1493\" data-end=\"1623\"><strong data-start=\"1493\" data-end=\"1523\">Centella Asiatica -uute<\/strong> \u2013 lis\u00e4\u00e4 ihon kimmoisuutta ja s\u00e4vy\u00e4, kosteuttaa ja suojaa UV-s\u00e4teilylt\u00e4 ja ymp\u00e4rist\u00f6n vaikutuksilta.<\/p>\n<\/li>\n<li data-start=\"1624\" data-end=\"1735\">\n<p data-start=\"1626\" data-end=\"1735\"><strong data-start=\"1626\" data-end=\"1648\">Portulakan uute<\/strong> \u2013 nopeuttaa palautumista, edist\u00e4\u00e4 paranemista, supistaa ihohuokosia ja v\u00e4hent\u00e4\u00e4 talin erityst\u00e4.<\/p>\n<\/li>\n<li data-start=\"1736\" data-end=\"1867\">\n<p data-start=\"1738\" data-end=\"1867\"><strong data-start=\"1738\" data-end=\"1754\">Beetaglukaani<\/strong> \u2013 rauhoittaa tulehdusta, v\u00e4hent\u00e4\u00e4 punoitusta, kuivuutta ja pistely\u00e4, silottaa ihon mikrorakennetta ja v\u00e4hent\u00e4\u00e4 ryppyj\u00e4.<\/p>\n<\/li>\n<\/ul>\n<p data-start=\"1869\" data-end=\"1928\"><strong data-start=\"1869\" data-end=\"1879\">Sopii:<\/strong> normaalille, sekaiholle ja rasvoittuvalle iholle.<\/p>\n<p data-start=\"1930\" data-end=\"2067\" data-is-last-node=\"\" data-is-only-node=\"\"><strong data-start=\"1930\" data-end=\"1945\">K\u00e4ytt\u00f6:<\/strong> Levit\u00e4 pieni m\u00e4\u00e4r\u00e4 tuotetta kosteille k\u00e4mmenille, vaahdota ja hiero hell\u00e4varaisesti kasvoille. Huuhtele sitten huolellisesti l\u00e4mpim\u00e4ll\u00e4 vedell\u00e4.<\/p>","protected":false},"excerpt":{"rendered":"<p>Pyunkang Yul Low pH Pore Deep Cleansing Foam kuorii hell\u00e4varaisesti kuolleita ihosoluja, poistaa likaa ihohuokosista ja v\u00e4hent\u00e4\u00e4 rasvaista kiiltoa. Vaahto auttaa yll\u00e4pit\u00e4m\u00e4\u00e4n ihon luonnollista kosteus- ja lipiditasapainoa, ei aiheuta kireytt\u00e4 tai kuivaa ihoa. Tuote puhdistaa syv\u00e4lt\u00e4 poistaen tehokkaasti kaikki likaj\u00e4\u00e4m\u00e4t, permanenttimeikin ja ylim\u00e4\u00e4r\u00e4isen talin. S\u00e4\u00e4telee talirauhasten toimintaa, est\u00e4\u00e4 ihohuokosten tukkeutumista ja\u2026<\/p>","protected":false},"featured_media":16382,"comment_status":"open","ping_status":"closed","template":"","meta":{"_uf_show_specific_survey":0,"_uf_disable_surveys":false,"_bst_post_transparent":"default","_bst_post_title":"","_bst_post_layout":"default","_bst_post_sidebar_id":"","_bst_post_content_style":"default","_bst_post_vertical_padding":"default","_bst_post_feature":"","_bst_post_feature_position":"","_bst_post_header":false,"_bst_post_footer":false},"pwb-brand":[474],"product_brand":[],"product_cat":[92,452,100],"product_tag":[1015,1007,568,1016],"class_list":{"0":"post-16379","1":"product","2":"type-product","3":"status-publish","4":"has-post-thumbnail","6":"pwb-brand-pyunkang-yul","7":"product_cat-nagu","8":"product_cat-naopuhastusgeelid","9":"product_cat-puhastusvahendid","10":"product_tag-clean","11":"product_tag-foam","12":"product_tag-korea","13":"product_tag-ph","15":"first","16":"instock","17":"sale","18":"shipping-taxable","19":"purchasable","20":"product-type-simple","21":"entry","22":"content-bg","23":"loop-entry"},"supplier_id":null,"supplier_sku":"","barcode":null,"atum_controlled":true,"out_stock_date":null,"out_stock_threshold":null,"inheritable":false,"inbound_stock":0,"stock_on_hold":0,"sold_today":0,"sales_last_days":0,"out_stock_days":0,"lost_sales":0,"has_location":false,"update_date":"2026-04-14T08:29:31","atum_locations":[],"atum_stock_status":"instock","restock_status":false,"low_stock_amount":"","sales_update_date":"2026-04-14T00:05:07","calc_backorders":null,"yoast_head":"<!-- This site is optimized with the Yoast SEO plugin v27.2 - https:\/\/yoast.com\/product\/yoast-seo-wordpress\/ -->\n<title>Pyunkang Yul Low pH Pore Deep Cleansing Foam, 40ml - IDA.KOREA<\/title>\n<meta name=\"description\" content=\"Puhastav n\u00f5rghappeline vaht Pyunkang Yul Low pH Pore Deep Cleansing Foam koorib \u00f5rnalt sarvestunud naharakke, eemaldab mustuse pooridest ja v\u00e4hendab rasust l\u00e4iget.\" \/>\n<meta name=\"robots\" content=\"index, follow, max-snippet:-1, max-image-preview:large, max-video-preview:-1\" \/>\n<link rel=\"canonical\" href=\"https:\/\/idakorea.ee\/fi\/product\/pyunkang-yul-low-ph-pore-deep-cleansing-foam-40ml\/\" \/>\n<meta property=\"og:locale\" content=\"fi_FI\" \/>\n<meta property=\"og:type\" content=\"article\" \/>\n<meta property=\"og:title\" content=\"Pyunkang Yul Low pH Pore Deep Cleansing Foam, 40ml - IDA.KOREA\" \/>\n<meta property=\"og:description\" content=\"Puhastav n\u00f5rghappeline vaht Pyunkang Yul Low pH Pore Deep Cleansing Foam koorib \u00f5rnalt sarvestunud naharakke, eemaldab mustuse pooridest ja v\u00e4hendab rasust l\u00e4iget.\" \/>\n<meta property=\"og:url\" content=\"https:\/\/idakorea.ee\/fi\/product\/pyunkang-yul-low-ph-pore-deep-cleansing-foam-40ml\/\" \/>\n<meta property=\"og:site_name\" content=\"IDA.KOREA\" \/>\n<meta property=\"article:modified_time\" content=\"2026-04-14T08:29:29+00:00\" \/>\n<meta property=\"og:image\" content=\"https:\/\/idakorea.ee\/wp-content\/uploads\/2025\/11\/Pyunkang-Yul-Low-pH-Pore-Deep-Cleansing-Foam-idakorea.jpg\" \/>\n\t<meta property=\"og:image:width\" content=\"1000\" \/>\n\t<meta property=\"og:image:height\" content=\"1000\" \/>\n\t<meta property=\"og:image:type\" content=\"image\/jpeg\" \/>\n<meta name=\"twitter:card\" content=\"summary_large_image\" \/>\n<meta name=\"twitter:label1\" content=\"Arvioitu lukuaika\" \/>\n\t<meta name=\"twitter:data1\" content=\"2 minuuttia\" \/>\n<script type=\"application\/ld+json\" class=\"yoast-schema-graph\">{\"@context\":\"https:\/\/schema.org\",\"@graph\":[{\"@type\":\"WebPage\",\"@id\":\"https:\/\/idakorea.ee\/product\/pyunkang-yul-low-ph-pore-deep-cleansing-foam-40ml\/\",\"url\":\"https:\/\/idakorea.ee\/product\/pyunkang-yul-low-ph-pore-deep-cleansing-foam-40ml\/\",\"name\":\"Pyunkang Yul Low pH Pore Deep Cleansing Foam, 40ml - IDA.KOREA\",\"isPartOf\":{\"@id\":\"https:\/\/idakorea.ee\/#website\"},\"primaryImageOfPage\":{\"@id\":\"https:\/\/idakorea.ee\/product\/pyunkang-yul-low-ph-pore-deep-cleansing-foam-40ml\/#primaryimage\"},\"image\":{\"@id\":\"https:\/\/idakorea.ee\/product\/pyunkang-yul-low-ph-pore-deep-cleansing-foam-40ml\/#primaryimage\"},\"thumbnailUrl\":\"https:\/\/idakorea.ee\/wp-content\/uploads\/2025\/11\/Pyunkang-Yul-Low-pH-Pore-Deep-Cleansing-Foam-idakorea.jpg\",\"datePublished\":\"2025-11-06T11:01:15+00:00\",\"dateModified\":\"2026-04-14T08:29:29+00:00\",\"description\":\"Puhastav n\u00f5rghappeline vaht Pyunkang Yul Low pH Pore Deep Cleansing Foam koorib \u00f5rnalt sarvestunud naharakke, eemaldab mustuse pooridest ja v\u00e4hendab rasust l\u00e4iget.\",\"breadcrumb\":{\"@id\":\"https:\/\/idakorea.ee\/product\/pyunkang-yul-low-ph-pore-deep-cleansing-foam-40ml\/#breadcrumb\"},\"inLanguage\":\"fi\",\"potentialAction\":[{\"@type\":\"ReadAction\",\"target\":[\"https:\/\/idakorea.ee\/product\/pyunkang-yul-low-ph-pore-deep-cleansing-foam-40ml\/\"]}]},{\"@type\":\"ImageObject\",\"inLanguage\":\"fi\",\"@id\":\"https:\/\/idakorea.ee\/product\/pyunkang-yul-low-ph-pore-deep-cleansing-foam-40ml\/#primaryimage\",\"url\":\"https:\/\/idakorea.ee\/wp-content\/uploads\/2025\/11\/Pyunkang-Yul-Low-pH-Pore-Deep-Cleansing-Foam-idakorea.jpg\",\"contentUrl\":\"https:\/\/idakorea.ee\/wp-content\/uploads\/2025\/11\/Pyunkang-Yul-Low-pH-Pore-Deep-Cleansing-Foam-idakorea.jpg\",\"width\":1000,\"height\":1000},{\"@type\":\"BreadcrumbList\",\"@id\":\"https:\/\/idakorea.ee\/product\/pyunkang-yul-low-ph-pore-deep-cleansing-foam-40ml\/#breadcrumb\",\"itemListElement\":[{\"@type\":\"ListItem\",\"position\":1,\"name\":\"\u0413\u043b\u0430\u0432\u043d\u0430\u044f \u0441\u0442\u0440\u0430\u043d\u0438\u0446\u0430\",\"item\":\"https:\/\/idakorea.ee\/\"},{\"@type\":\"ListItem\",\"position\":2,\"name\":\"Shop\",\"item\":\"https:\/\/idakorea.ee\/shop-2\/\"},{\"@type\":\"ListItem\",\"position\":3,\"name\":\"Puhastav n\u00f5rghappeline vaht Pyunkang Yul Low pH Pore Deep Cleansing Foam, 40ml\"}]},{\"@type\":\"WebSite\",\"@id\":\"https:\/\/idakorea.ee\/#website\",\"url\":\"https:\/\/idakorea.ee\/\",\"name\":\"IDA.KOREA\",\"description\":\"Korea kosmeetika e-pood\",\"publisher\":{\"@id\":\"https:\/\/idakorea.ee\/#organization\"},\"alternateName\":\"Beauty Shop\",\"potentialAction\":[{\"@type\":\"SearchAction\",\"target\":{\"@type\":\"EntryPoint\",\"urlTemplate\":\"https:\/\/idakorea.ee\/?s={search_term_string}\"},\"query-input\":{\"@type\":\"PropertyValueSpecification\",\"valueRequired\":true,\"valueName\":\"search_term_string\"}}],\"inLanguage\":\"fi\"},{\"@type\":\"Organization\",\"@id\":\"https:\/\/idakorea.ee\/#organization\",\"name\":\"IDA.KOREA\",\"url\":\"https:\/\/idakorea.ee\/\",\"logo\":{\"@type\":\"ImageObject\",\"inLanguage\":\"fi\",\"@id\":\"https:\/\/idakorea.ee\/#\/schema\/logo\/image\/\",\"url\":\"https:\/\/idakorea.ee\/wp-content\/uploads\/2024\/05\/cropped-korea3.png\",\"contentUrl\":\"https:\/\/idakorea.ee\/wp-content\/uploads\/2024\/05\/cropped-korea3.png\",\"width\":688,\"height\":126,\"caption\":\"IDA.KOREA\"},\"image\":{\"@id\":\"https:\/\/idakorea.ee\/#\/schema\/logo\/image\/\"},\"sameAs\":[\"https:\/\/www.instagram.com\/ida.korea\/\"]}]}<\/script>\n<!-- \/ Yoast SEO plugin. -->","yoast_head_json":{"title":"Pyunkang Yul matalan pH:n syv\u00e4puhdistusvaahto, 40ml - IDA.KOREA","description":"Pyunkang Yul Low pH Pore Deep Cleansing Foam kuorii hell\u00e4varaisesti kuolleita ihosoluja, poistaa likaa ihohuokosista ja v\u00e4hent\u00e4\u00e4 rasvaista kiiltoa.","robots":{"index":"index","follow":"follow","max-snippet":"max-snippet:-1","max-image-preview":"max-image-preview:large","max-video-preview":"max-video-preview:-1"},"canonical":"https:\/\/idakorea.ee\/fi\/product\/pyunkang-yul-low-ph-pore-deep-cleansing-foam-40ml\/","og_locale":"fi_FI","og_type":"article","og_title":"Pyunkang Yul Low pH Pore Deep Cleansing Foam, 40ml - IDA.KOREA","og_description":"Puhastav n\u00f5rghappeline vaht Pyunkang Yul Low pH Pore Deep Cleansing Foam koorib \u00f5rnalt sarvestunud naharakke, eemaldab mustuse pooridest ja v\u00e4hendab rasust l\u00e4iget.","og_url":"https:\/\/idakorea.ee\/fi\/product\/pyunkang-yul-low-ph-pore-deep-cleansing-foam-40ml\/","og_site_name":"IDA.KOREA","article_modified_time":"2026-04-14T08:29:29+00:00","og_image":[{"width":1000,"height":1000,"url":"https:\/\/idakorea.ee\/wp-content\/uploads\/2025\/11\/Pyunkang-Yul-Low-pH-Pore-Deep-Cleansing-Foam-idakorea.jpg","type":"image\/jpeg"}],"twitter_card":"summary_large_image","twitter_misc":{"Arvioitu lukuaika":"2 minuuttia"},"schema":{"@context":"https:\/\/schema.org","@graph":[{"@type":"WebPage","@id":"https:\/\/idakorea.ee\/product\/pyunkang-yul-low-ph-pore-deep-cleansing-foam-40ml\/","url":"https:\/\/idakorea.ee\/product\/pyunkang-yul-low-ph-pore-deep-cleansing-foam-40ml\/","name":"Pyunkang Yul matalan pH:n syv\u00e4puhdistusvaahto, 40ml - IDA.KOREA","isPartOf":{"@id":"https:\/\/idakorea.ee\/#website"},"primaryImageOfPage":{"@id":"https:\/\/idakorea.ee\/product\/pyunkang-yul-low-ph-pore-deep-cleansing-foam-40ml\/#primaryimage"},"image":{"@id":"https:\/\/idakorea.ee\/product\/pyunkang-yul-low-ph-pore-deep-cleansing-foam-40ml\/#primaryimage"},"thumbnailUrl":"https:\/\/idakorea.ee\/wp-content\/uploads\/2025\/11\/Pyunkang-Yul-Low-pH-Pore-Deep-Cleansing-Foam-idakorea.jpg","datePublished":"2025-11-06T11:01:15+00:00","dateModified":"2026-04-14T08:29:29+00:00","description":"Pyunkang Yul Low pH Pore Deep Cleansing Foam kuorii hell\u00e4varaisesti kuolleita ihosoluja, poistaa likaa ihohuokosista ja v\u00e4hent\u00e4\u00e4 rasvaista kiiltoa.","breadcrumb":{"@id":"https:\/\/idakorea.ee\/product\/pyunkang-yul-low-ph-pore-deep-cleansing-foam-40ml\/#breadcrumb"},"inLanguage":"fi","potentialAction":[{"@type":"ReadAction","target":["https:\/\/idakorea.ee\/product\/pyunkang-yul-low-ph-pore-deep-cleansing-foam-40ml\/"]}]},{"@type":"ImageObject","inLanguage":"fi","@id":"https:\/\/idakorea.ee\/product\/pyunkang-yul-low-ph-pore-deep-cleansing-foam-40ml\/#primaryimage","url":"https:\/\/idakorea.ee\/wp-content\/uploads\/2025\/11\/Pyunkang-Yul-Low-pH-Pore-Deep-Cleansing-Foam-idakorea.jpg","contentUrl":"https:\/\/idakorea.ee\/wp-content\/uploads\/2025\/11\/Pyunkang-Yul-Low-pH-Pore-Deep-Cleansing-Foam-idakorea.jpg","width":1000,"height":1000},{"@type":"BreadcrumbList","@id":"https:\/\/idakorea.ee\/product\/pyunkang-yul-low-ph-pore-deep-cleansing-foam-40ml\/#breadcrumb","itemListElement":[{"@type":"ListItem","position":1,"name":"\u0413\u043b\u0430\u0432\u043d\u0430\u044f \u0441\u0442\u0440\u0430\u043d\u0438\u0446\u0430","item":"https:\/\/idakorea.ee\/"},{"@type":"ListItem","position":2,"name":"Shop","item":"https:\/\/idakorea.ee\/shop-2\/"},{"@type":"ListItem","position":3,"name":"Puhastav n\u00f5rghappeline vaht Pyunkang Yul Low pH Pore Deep Cleansing Foam, 40ml"}]},{"@type":"WebSite","@id":"https:\/\/idakorea.ee\/#website","url":"https:\/\/idakorea.ee\/","name":"IDA.KOREA","description":"Korean kosmetiikan verkkokauppa","publisher":{"@id":"https:\/\/idakorea.ee\/#organization"},"alternateName":"Beauty Shop","potentialAction":[{"@type":"SearchAction","target":{"@type":"EntryPoint","urlTemplate":"https:\/\/idakorea.ee\/?s={search_term_string}"},"query-input":{"@type":"PropertyValueSpecification","valueRequired":true,"valueName":"search_term_string"}}],"inLanguage":"fi"},{"@type":"Organization","@id":"https:\/\/idakorea.ee\/#organization","name":"IDA.KOREA","url":"https:\/\/idakorea.ee\/","logo":{"@type":"ImageObject","inLanguage":"fi","@id":"https:\/\/idakorea.ee\/#\/schema\/logo\/image\/","url":"https:\/\/idakorea.ee\/wp-content\/uploads\/2024\/05\/cropped-korea3.png","contentUrl":"https:\/\/idakorea.ee\/wp-content\/uploads\/2024\/05\/cropped-korea3.png","width":688,"height":126,"caption":"IDA.KOREA"},"image":{"@id":"https:\/\/idakorea.ee\/#\/schema\/logo\/image\/"},"sameAs":["https:\/\/www.instagram.com\/ida.korea\/"]}]}},"jetpack_sharing_enabled":true,"brands":[{"id":474,"name":"PYUNKANG YUL","slug":"pyunkang-yul"}],"_links":{"self":[{"href":"https:\/\/idakorea.ee\/fi\/wp-json\/wp\/v2\/product\/16379","targetHints":{"allow":["GET"]}}],"collection":[{"href":"https:\/\/idakorea.ee\/fi\/wp-json\/wp\/v2\/product"}],"about":[{"href":"https:\/\/idakorea.ee\/fi\/wp-json\/wp\/v2\/types\/product"}],"replies":[{"embeddable":true,"href":"https:\/\/idakorea.ee\/fi\/wp-json\/wp\/v2\/comments?post=16379"}],"version-history":[{"count":1,"href":"https:\/\/idakorea.ee\/fi\/wp-json\/wp\/v2\/product\/16379\/revisions"}],"predecessor-version":[{"id":16385,"href":"https:\/\/idakorea.ee\/fi\/wp-json\/wp\/v2\/product\/16379\/revisions\/16385"}],"wp:featuredmedia":[{"embeddable":true,"href":"https:\/\/idakorea.ee\/fi\/wp-json\/wp\/v2\/media\/16382"}],"wp:attachment":[{"href":"https:\/\/idakorea.ee\/fi\/wp-json\/wp\/v2\/media?parent=16379"}],"wp:term":[{"taxonomy":"pwb-brand","embeddable":true,"href":"https:\/\/idakorea.ee\/fi\/wp-json\/wp\/v2\/pwb-brand?post=16379"},{"taxonomy":"product_brand","embeddable":true,"href":"https:\/\/idakorea.ee\/fi\/wp-json\/wp\/v2\/product_brand?post=16379"},{"taxonomy":"product_cat","embeddable":true,"href":"https:\/\/idakorea.ee\/fi\/wp-json\/wp\/v2\/product_cat?post=16379"},{"taxonomy":"product_tag","embeddable":true,"href":"https:\/\/idakorea.ee\/fi\/wp-json\/wp\/v2\/product_tag?post=16379"}],"curies":[{"name":"wp","href":"https:\/\/api.w.org\/{rel}","templated":true}]}}