{"id":16392,"date":"2025-11-06T17:03:16","date_gmt":"2025-11-06T14:03:16","guid":{"rendered":"https:\/\/idakorea.ee\/?post_type=product&#038;p=16392"},"modified":"2026-01-29T14:08:54","modified_gmt":"2026-01-29T12:08:54","slug":"the-history-of-whoo-jinyulhyang-special-gift-set","status":"publish","type":"product","link":"https:\/\/idakorea.ee\/fi\/product\/the-history-of-whoo-jinyulhyang-special-gift-set\/","title":{"rendered":"The History of Whoo Jinyulhyang Special Gift Set"},"content":{"rendered":"<p data-start=\"0\" data-end=\"389\">T\u00e4m\u00e4 ik\u00e4\u00e4ntymist\u00e4 est\u00e4v\u00e4 ihonhoitosetti sis\u00e4lt\u00e4\u00e4 kolme K-beauty-merkki\u00e4 <strong data-start=\"72\" data-end=\"87\">Jinyulhyang<\/strong> sarjatuote: <strong data-start=\"102\" data-end=\"137\">Essential Revitalizing Balancing<\/strong>, <strong data-start=\"139\" data-end=\"174\">Essential Revitalizing Emulsion<\/strong> ja <strong data-start=\"178\" data-end=\"210\">Tehokas elvytt\u00e4v\u00e4 voide<\/strong>.<br data-start=\"211\" data-end=\"214\" \/>Tuotteet on rikastettu punaisella ginseng-uutteella ja muilla kasviper\u00e4isill\u00e4 ainesosilla, jotka kosteuttavat, ravitsevat ja elvytt\u00e4v\u00e4t ihoa tehden siit\u00e4 kiinte\u00e4mm\u00e4n ja nuorekkaamman.<\/p>\n<p data-start=\"391\" data-end=\"413\"><strong data-start=\"395\" data-end=\"413\">Pakkauksen sis\u00e4lt\u00f6<\/strong><\/p>\n<ul data-start=\"414\" data-end=\"571\">\n<li data-start=\"414\" data-end=\"467\">\n<p data-start=\"416\" data-end=\"467\">Jinyulhyang Essential Revitalizing Balancing -voide 20 ml<\/p>\n<\/li>\n<li data-start=\"468\" data-end=\"521\">\n<p data-start=\"470\" data-end=\"521\">Jinyulhyang Essential Revitalizing Emulsion 20 ml<\/p>\n<\/li>\n<li data-start=\"522\" data-end=\"571\">\n<p data-start=\"524\" data-end=\"571\">Jinyulhyang Intensive Revitalizing Cream 4 ml<\/p>\n<\/li>\n<\/ul>\n<p data-start=\"578\" data-end=\"631\"><strong data-start=\"582\" data-end=\"629\">Jinyulhyang Essential Revitalizing Balancer -voide<\/strong><\/p>\n<p data-start=\"632\" data-end=\"768\">Kasvovesi, joka antaa kuivalle iholle runsaasti kosteutta ja ravinteita.<br data-start=\"699\" data-end=\"702\" \/>Auttaa parantamaan ihon rakennetta, j\u00e4tt\u00e4en ihon kirkkaaksi ja puhtaaksi.<\/p>\n<p data-start=\"770\" data-end=\"823\"><strong data-start=\"774\" data-end=\"821\">Jinyulhyang Essential Revitalizing Emulsion<\/strong><\/p>\n<p data-start=\"824\" data-end=\"982\">Virkist\u00e4v\u00e4 ja tahmaamaton emulsio, joka auttaa yll\u00e4pit\u00e4m\u00e4\u00e4n ihon tasapainoa.<br data-start=\"907\" data-end=\"910\" \/>Lukitsee kosteuden, v\u00e4hent\u00e4\u00e4 hienoja juonteita ja kiinteytt\u00e4\u00e4 veltostunutta ihoa.<\/p>\n<p data-start=\"984\" data-end=\"1034\"><strong data-start=\"988\" data-end=\"1032\">Jinyulhyang Intensive Revitalizing Cream<\/strong><\/p>\n<p data-start=\"1035\" data-end=\"1228\">Sis\u00e4lt\u00e4\u00e4 punaista ginseng-uutetta, joka kosteuttaa, elvytt\u00e4\u00e4 ja ravitsee ihoa syv\u00e4sti.<br data-start=\"1114\" data-end=\"1117\" \/>Parantaa ihon kimmoisuutta ja auttaa v\u00e4hent\u00e4m\u00e4\u00e4n hienoja juonteita ja ryppyj\u00e4, tehden ihosta sile\u00e4mm\u00e4n ja t\u00e4ytel\u00e4isemm\u00e4n.<\/p>\n<p data-start=\"1235\" data-end=\"1255\"><strong data-start=\"1239\" data-end=\"1253\">K\u00e4ytt\u00f6<\/strong><\/p>\n<p data-start=\"1256\" data-end=\"1407\" data-is-last-node=\"\" data-is-only-node=\"\">Puhdistuksen j\u00e4lkeen levit\u00e4 kasvoille kohtuullinen m\u00e4\u00e4r\u00e4 tuotetta seuraavassa j\u00e4rjestyksess\u00e4: Balancing-voide \u2192 Emulsio \u2192 Voide. Taputtele kevyesti imeytymisen parantamiseksi.<\/p>","protected":false},"excerpt":{"rendered":"<p>T\u00e4m\u00e4 ik\u00e4\u00e4ntymist\u00e4 ehk\u00e4isev\u00e4 ihonhoitosetti sis\u00e4lt\u00e4\u00e4 kolme tuotetta K-beauty-merkin Jinyulhyang-linjalta: Essential Revitalizing Balancer, Essential Revitalizing Emulsion ja Intensive Revitalizing Cream. Tuotteet on rikastettu punaisen ginsengin uutteella ja muilla kasviper\u00e4isill\u00e4 ainesosilla, jotka kosteuttavat, ravitsevat ja elvytt\u00e4v\u00e4t ihoa tehden siit\u00e4 kiinte\u00e4mm\u00e4n ja nuorekkaamman. Setin sis\u00e4lt\u00f6 Jinyulhyang Essential Revitalizing Balancer 20 ml Jinyulhyang Essential Revitalizing Emulsion 20 ml Jinyulhyang\u2026<\/p>","protected":false},"featured_media":16393,"comment_status":"open","ping_status":"closed","template":"","meta":{"_uf_show_specific_survey":0,"_uf_disable_surveys":false,"_bst_post_transparent":"default","_bst_post_title":"","_bst_post_layout":"default","_bst_post_sidebar_id":"","_bst_post_content_style":"default","_bst_post_vertical_padding":"default","_bst_post_feature":"","_bst_post_feature_position":"","_bst_post_header":false,"_bst_post_footer":false},"pwb-brand":[494],"product_brand":[],"product_cat":[95],"product_tag":[568,554,466],"class_list":{"0":"post-16392","1":"product","2":"type-product","3":"status-publish","4":"has-post-thumbnail","6":"pwb-brand-the-history-of-whoo","7":"product_cat-komplektid","8":"product_tag-korea","9":"product_tag-lux","10":"product_tag-premium","12":"first","13":"outofstock","14":"sale","15":"shipping-taxable","16":"purchasable","17":"product-type-simple","18":"entry","19":"content-bg","20":"loop-entry"},"supplier_id":null,"supplier_sku":"","barcode":null,"atum_controlled":true,"out_stock_date":"2026-01-25 16:55:00","out_stock_threshold":null,"inheritable":false,"inbound_stock":0,"stock_on_hold":0,"sold_today":0,"sales_last_days":0,"out_stock_days":78,"lost_sales":177,"has_location":false,"update_date":"2026-04-14T00:05:05","atum_locations":[],"atum_stock_status":"outofstock","restock_status":false,"low_stock_amount":"","sales_update_date":"2026-04-14T00:05:05","calc_backorders":null,"yoast_head":"<!-- This site is optimized with the Yoast SEO plugin v27.2 - https:\/\/yoast.com\/product\/yoast-seo-wordpress\/ -->\n<title>The History of Whoo Jinyulhyang Special Gift Set - IDA.KOREA<\/title>\n<meta name=\"description\" content=\"Tooted on rikastatud punase \u017een\u0161enni ekstrakti ja teiste taimsete koostisosadega, mis niisutavad, toidavad ja elustavad nahka, muutes selle pringimaks ja nooruslikumaks.\" \/>\n<meta name=\"robots\" content=\"index, follow, max-snippet:-1, max-image-preview:large, max-video-preview:-1\" \/>\n<link rel=\"canonical\" href=\"https:\/\/idakorea.ee\/fi\/product\/the-history-of-whoo-jinyulhyang-special-gift-set\/\" \/>\n<meta property=\"og:locale\" content=\"fi_FI\" \/>\n<meta property=\"og:type\" content=\"article\" \/>\n<meta property=\"og:title\" content=\"The History of Whoo Jinyulhyang Special Gift Set - IDA.KOREA\" \/>\n<meta property=\"og:description\" content=\"Tooted on rikastatud punase \u017een\u0161enni ekstrakti ja teiste taimsete koostisosadega, mis niisutavad, toidavad ja elustavad nahka, muutes selle pringimaks ja nooruslikumaks.\" \/>\n<meta property=\"og:url\" content=\"https:\/\/idakorea.ee\/fi\/product\/the-history-of-whoo-jinyulhyang-special-gift-set\/\" \/>\n<meta property=\"og:site_name\" content=\"IDA.KOREA\" \/>\n<meta property=\"article:modified_time\" content=\"2026-01-29T12:08:54+00:00\" \/>\n<meta property=\"og:image\" content=\"https:\/\/idakorea.ee\/wp-content\/uploads\/2025\/11\/Jinyulhyang-Special-Gift-Set-idakorea.png\" \/>\n\t<meta property=\"og:image:width\" content=\"1002\" \/>\n\t<meta property=\"og:image:height\" content=\"1000\" \/>\n\t<meta property=\"og:image:type\" content=\"image\/png\" \/>\n<meta name=\"twitter:card\" content=\"summary_large_image\" \/>\n<meta name=\"twitter:label1\" content=\"Arvioitu lukuaika\" \/>\n\t<meta name=\"twitter:data1\" content=\"2 minuuttia\" \/>\n<script type=\"application\/ld+json\" class=\"yoast-schema-graph\">{\"@context\":\"https:\/\/schema.org\",\"@graph\":[{\"@type\":\"WebPage\",\"@id\":\"https:\/\/idakorea.ee\/product\/the-history-of-whoo-jinyulhyang-special-gift-set\/\",\"url\":\"https:\/\/idakorea.ee\/product\/the-history-of-whoo-jinyulhyang-special-gift-set\/\",\"name\":\"The History of Whoo Jinyulhyang Special Gift Set - IDA.KOREA\",\"isPartOf\":{\"@id\":\"https:\/\/idakorea.ee\/#website\"},\"primaryImageOfPage\":{\"@id\":\"https:\/\/idakorea.ee\/product\/the-history-of-whoo-jinyulhyang-special-gift-set\/#primaryimage\"},\"image\":{\"@id\":\"https:\/\/idakorea.ee\/product\/the-history-of-whoo-jinyulhyang-special-gift-set\/#primaryimage\"},\"thumbnailUrl\":\"https:\/\/idakorea.ee\/wp-content\/uploads\/2025\/11\/Jinyulhyang-Special-Gift-Set-idakorea.png\",\"datePublished\":\"2025-11-06T14:03:16+00:00\",\"dateModified\":\"2026-01-29T12:08:54+00:00\",\"description\":\"Tooted on rikastatud punase \u017een\u0161enni ekstrakti ja teiste taimsete koostisosadega, mis niisutavad, toidavad ja elustavad nahka, muutes selle pringimaks ja nooruslikumaks.\",\"breadcrumb\":{\"@id\":\"https:\/\/idakorea.ee\/product\/the-history-of-whoo-jinyulhyang-special-gift-set\/#breadcrumb\"},\"inLanguage\":\"fi\",\"potentialAction\":[{\"@type\":\"ReadAction\",\"target\":[\"https:\/\/idakorea.ee\/product\/the-history-of-whoo-jinyulhyang-special-gift-set\/\"]}]},{\"@type\":\"ImageObject\",\"inLanguage\":\"fi\",\"@id\":\"https:\/\/idakorea.ee\/product\/the-history-of-whoo-jinyulhyang-special-gift-set\/#primaryimage\",\"url\":\"https:\/\/idakorea.ee\/wp-content\/uploads\/2025\/11\/Jinyulhyang-Special-Gift-Set-idakorea.png\",\"contentUrl\":\"https:\/\/idakorea.ee\/wp-content\/uploads\/2025\/11\/Jinyulhyang-Special-Gift-Set-idakorea.png\",\"width\":1002,\"height\":1000},{\"@type\":\"BreadcrumbList\",\"@id\":\"https:\/\/idakorea.ee\/product\/the-history-of-whoo-jinyulhyang-special-gift-set\/#breadcrumb\",\"itemListElement\":[{\"@type\":\"ListItem\",\"position\":1,\"name\":\"\u0413\u043b\u0430\u0432\u043d\u0430\u044f \u0441\u0442\u0440\u0430\u043d\u0438\u0446\u0430\",\"item\":\"https:\/\/idakorea.ee\/\"},{\"@type\":\"ListItem\",\"position\":2,\"name\":\"Shop\",\"item\":\"https:\/\/idakorea.ee\/shop-2\/\"},{\"@type\":\"ListItem\",\"position\":3,\"name\":\"Premium minikomplekt The History of Whoo Jinyulhyang Special Gift Set\"}]},{\"@type\":\"WebSite\",\"@id\":\"https:\/\/idakorea.ee\/#website\",\"url\":\"https:\/\/idakorea.ee\/\",\"name\":\"IDA.KOREA\",\"description\":\"Korea kosmeetika e-pood\",\"publisher\":{\"@id\":\"https:\/\/idakorea.ee\/#organization\"},\"alternateName\":\"Beauty Shop\",\"potentialAction\":[{\"@type\":\"SearchAction\",\"target\":{\"@type\":\"EntryPoint\",\"urlTemplate\":\"https:\/\/idakorea.ee\/?s={search_term_string}\"},\"query-input\":{\"@type\":\"PropertyValueSpecification\",\"valueRequired\":true,\"valueName\":\"search_term_string\"}}],\"inLanguage\":\"fi\"},{\"@type\":\"Organization\",\"@id\":\"https:\/\/idakorea.ee\/#organization\",\"name\":\"IDA.KOREA\",\"url\":\"https:\/\/idakorea.ee\/\",\"logo\":{\"@type\":\"ImageObject\",\"inLanguage\":\"fi\",\"@id\":\"https:\/\/idakorea.ee\/#\/schema\/logo\/image\/\",\"url\":\"https:\/\/idakorea.ee\/wp-content\/uploads\/2024\/05\/cropped-korea3.png\",\"contentUrl\":\"https:\/\/idakorea.ee\/wp-content\/uploads\/2024\/05\/cropped-korea3.png\",\"width\":688,\"height\":126,\"caption\":\"IDA.KOREA\"},\"image\":{\"@id\":\"https:\/\/idakorea.ee\/#\/schema\/logo\/image\/\"},\"sameAs\":[\"https:\/\/www.instagram.com\/ida.korea\/\"]}]}<\/script>\n<!-- \/ Yoast SEO plugin. -->","yoast_head_json":{"title":"Whoo Jinyulhyangin historia - erityinen lahjasetti - IDA.KOREA","description":"Tuotteet on rikastettu punaisella ginseng-uutteella ja muilla kasviper\u00e4isill\u00e4 ainesosilla, jotka kosteuttavat, ravitsevat ja elvytt\u00e4v\u00e4t ihoa tehden siit\u00e4 kiinte\u00e4mm\u00e4n ja nuorekkaamman.","robots":{"index":"index","follow":"follow","max-snippet":"max-snippet:-1","max-image-preview":"max-image-preview:large","max-video-preview":"max-video-preview:-1"},"canonical":"https:\/\/idakorea.ee\/fi\/product\/the-history-of-whoo-jinyulhyang-special-gift-set\/","og_locale":"fi_FI","og_type":"article","og_title":"The History of Whoo Jinyulhyang Special Gift Set - IDA.KOREA","og_description":"Tooted on rikastatud punase \u017een\u0161enni ekstrakti ja teiste taimsete koostisosadega, mis niisutavad, toidavad ja elustavad nahka, muutes selle pringimaks ja nooruslikumaks.","og_url":"https:\/\/idakorea.ee\/fi\/product\/the-history-of-whoo-jinyulhyang-special-gift-set\/","og_site_name":"IDA.KOREA","article_modified_time":"2026-01-29T12:08:54+00:00","og_image":[{"width":1002,"height":1000,"url":"https:\/\/idakorea.ee\/wp-content\/uploads\/2025\/11\/Jinyulhyang-Special-Gift-Set-idakorea.png","type":"image\/png"}],"twitter_card":"summary_large_image","twitter_misc":{"Arvioitu lukuaika":"2 minuuttia"},"schema":{"@context":"https:\/\/schema.org","@graph":[{"@type":"WebPage","@id":"https:\/\/idakorea.ee\/product\/the-history-of-whoo-jinyulhyang-special-gift-set\/","url":"https:\/\/idakorea.ee\/product\/the-history-of-whoo-jinyulhyang-special-gift-set\/","name":"Whoo Jinyulhyangin historia - erityinen lahjasetti - IDA.KOREA","isPartOf":{"@id":"https:\/\/idakorea.ee\/#website"},"primaryImageOfPage":{"@id":"https:\/\/idakorea.ee\/product\/the-history-of-whoo-jinyulhyang-special-gift-set\/#primaryimage"},"image":{"@id":"https:\/\/idakorea.ee\/product\/the-history-of-whoo-jinyulhyang-special-gift-set\/#primaryimage"},"thumbnailUrl":"https:\/\/idakorea.ee\/wp-content\/uploads\/2025\/11\/Jinyulhyang-Special-Gift-Set-idakorea.png","datePublished":"2025-11-06T14:03:16+00:00","dateModified":"2026-01-29T12:08:54+00:00","description":"Tuotteet on rikastettu punaisella ginseng-uutteella ja muilla kasviper\u00e4isill\u00e4 ainesosilla, jotka kosteuttavat, ravitsevat ja elvytt\u00e4v\u00e4t ihoa tehden siit\u00e4 kiinte\u00e4mm\u00e4n ja nuorekkaamman.","breadcrumb":{"@id":"https:\/\/idakorea.ee\/product\/the-history-of-whoo-jinyulhyang-special-gift-set\/#breadcrumb"},"inLanguage":"fi","potentialAction":[{"@type":"ReadAction","target":["https:\/\/idakorea.ee\/product\/the-history-of-whoo-jinyulhyang-special-gift-set\/"]}]},{"@type":"ImageObject","inLanguage":"fi","@id":"https:\/\/idakorea.ee\/product\/the-history-of-whoo-jinyulhyang-special-gift-set\/#primaryimage","url":"https:\/\/idakorea.ee\/wp-content\/uploads\/2025\/11\/Jinyulhyang-Special-Gift-Set-idakorea.png","contentUrl":"https:\/\/idakorea.ee\/wp-content\/uploads\/2025\/11\/Jinyulhyang-Special-Gift-Set-idakorea.png","width":1002,"height":1000},{"@type":"BreadcrumbList","@id":"https:\/\/idakorea.ee\/product\/the-history-of-whoo-jinyulhyang-special-gift-set\/#breadcrumb","itemListElement":[{"@type":"ListItem","position":1,"name":"\u0413\u043b\u0430\u0432\u043d\u0430\u044f \u0441\u0442\u0440\u0430\u043d\u0438\u0446\u0430","item":"https:\/\/idakorea.ee\/"},{"@type":"ListItem","position":2,"name":"Shop","item":"https:\/\/idakorea.ee\/shop-2\/"},{"@type":"ListItem","position":3,"name":"Premium minikomplekt The History of Whoo Jinyulhyang Special Gift Set"}]},{"@type":"WebSite","@id":"https:\/\/idakorea.ee\/#website","url":"https:\/\/idakorea.ee\/","name":"IDA.KOREA","description":"Korean kosmetiikan verkkokauppa","publisher":{"@id":"https:\/\/idakorea.ee\/#organization"},"alternateName":"Beauty Shop","potentialAction":[{"@type":"SearchAction","target":{"@type":"EntryPoint","urlTemplate":"https:\/\/idakorea.ee\/?s={search_term_string}"},"query-input":{"@type":"PropertyValueSpecification","valueRequired":true,"valueName":"search_term_string"}}],"inLanguage":"fi"},{"@type":"Organization","@id":"https:\/\/idakorea.ee\/#organization","name":"IDA.KOREA","url":"https:\/\/idakorea.ee\/","logo":{"@type":"ImageObject","inLanguage":"fi","@id":"https:\/\/idakorea.ee\/#\/schema\/logo\/image\/","url":"https:\/\/idakorea.ee\/wp-content\/uploads\/2024\/05\/cropped-korea3.png","contentUrl":"https:\/\/idakorea.ee\/wp-content\/uploads\/2024\/05\/cropped-korea3.png","width":688,"height":126,"caption":"IDA.KOREA"},"image":{"@id":"https:\/\/idakorea.ee\/#\/schema\/logo\/image\/"},"sameAs":["https:\/\/www.instagram.com\/ida.korea\/"]}]}},"jetpack_sharing_enabled":true,"brands":[{"id":494,"name":"WHOON HISTORIA","slug":"the-history-of-whoo"}],"_links":{"self":[{"href":"https:\/\/idakorea.ee\/fi\/wp-json\/wp\/v2\/product\/16392","targetHints":{"allow":["GET"]}}],"collection":[{"href":"https:\/\/idakorea.ee\/fi\/wp-json\/wp\/v2\/product"}],"about":[{"href":"https:\/\/idakorea.ee\/fi\/wp-json\/wp\/v2\/types\/product"}],"replies":[{"embeddable":true,"href":"https:\/\/idakorea.ee\/fi\/wp-json\/wp\/v2\/comments?post=16392"}],"version-history":[{"count":1,"href":"https:\/\/idakorea.ee\/fi\/wp-json\/wp\/v2\/product\/16392\/revisions"}],"predecessor-version":[{"id":16394,"href":"https:\/\/idakorea.ee\/fi\/wp-json\/wp\/v2\/product\/16392\/revisions\/16394"}],"wp:featuredmedia":[{"embeddable":true,"href":"https:\/\/idakorea.ee\/fi\/wp-json\/wp\/v2\/media\/16393"}],"wp:attachment":[{"href":"https:\/\/idakorea.ee\/fi\/wp-json\/wp\/v2\/media?parent=16392"}],"wp:term":[{"taxonomy":"pwb-brand","embeddable":true,"href":"https:\/\/idakorea.ee\/fi\/wp-json\/wp\/v2\/pwb-brand?post=16392"},{"taxonomy":"product_brand","embeddable":true,"href":"https:\/\/idakorea.ee\/fi\/wp-json\/wp\/v2\/product_brand?post=16392"},{"taxonomy":"product_cat","embeddable":true,"href":"https:\/\/idakorea.ee\/fi\/wp-json\/wp\/v2\/product_cat?post=16392"},{"taxonomy":"product_tag","embeddable":true,"href":"https:\/\/idakorea.ee\/fi\/wp-json\/wp\/v2\/product_tag?post=16392"}],"curies":[{"name":"wp","href":"https:\/\/api.w.org\/{rel}","templated":true}]}}