{"id":16451,"date":"2025-11-12T12:35:25","date_gmt":"2025-11-12T09:35:25","guid":{"rendered":"https:\/\/idakorea.ee\/?post_type=product&#038;p=16451"},"modified":"2026-03-12T15:43:21","modified_gmt":"2026-03-12T13:43:21","slug":"vt-cosmetics-reedle-shot-all-in-one-3step-mask","status":"publish","type":"product","link":"https:\/\/idakorea.ee\/fi\/product\/vt-cosmetics-reedle-shot-all-in-one-3step-mask\/","title":{"rendered":"Kolmivaiheinen kohotussetti mikroneuloilla VT Cosmetics Reedle Shot All In One 3 Step Mask"},"content":{"rendered":"<p data-start=\"0\" data-end=\"293\">Kolmivaiheinen kohotussarja mikroneuloilla <strong data-start=\"51\" data-end=\"101\">VT Cosmetics Reedle Shot All In One 3 Step Mask<\/strong> Pehment\u00e4\u00e4 ja tasoittaa ihon mikroreliefi\u00e4, kuorii hell\u00e4varaisesti ja k\u00e4ynnist\u00e4\u00e4 uudistumisprosesseja. Aktivoi kollageenin ja elastiinin synteesi\u00e4, lis\u00e4\u00e4 ihon kiinteytt\u00e4 ja auttaa ehk\u00e4isem\u00e4\u00e4n veltostumista.<\/p>\n<p data-start=\"295\" data-end=\"582\">T\u00e4rkein vaikuttava aine on patentoitu kompleksi <strong data-start=\"339\" data-end=\"354\">Cicahyalon\u2122<\/strong>, joka perustuu aasialaisen vesiuurun, vihre\u00e4n propoliksen ja hyaluronihapon yhdistelm\u00e4\u00e4n. Se kosteuttaa tehokkaasti, sill\u00e4 on tulehdusta ja bakteereja est\u00e4vi\u00e4 vaikutuksia, se v\u00e4hent\u00e4\u00e4 ryppyjen syvyytt\u00e4 ja kirkastaa ihon s\u00e4vy\u00e4 hell\u00e4varaisesti.<\/p>\n<p data-start=\"584\" data-end=\"899\"><strong data-start=\"584\" data-end=\"619\">CicaReedle\u2122-mikroneulateknologia<\/strong> Varmistaa aktiivisten ainesosien imeytymisen syv\u00e4lle ihoon ja stimuloi solujen uusiutumista. Mikrohuokoset ovat 14 kertaa pienempi\u00e4 kuin ihohuokoset ja niiden kuori sis\u00e4lt\u00e4\u00e4 14 erilaista mineraalia, jotka auttavat v\u00e4hent\u00e4m\u00e4\u00e4n tulehdusta ja nopeuttamaan paranemista samalla parantaen hapenvaihtoa ihossa.<\/p>\n<p data-start=\"901\" data-end=\"928\"><strong data-start=\"901\" data-end=\"926\">Paketin kolme vaihetta:<\/strong><\/p>\n<ol data-start=\"929\" data-end=\"1437\">\n<li data-start=\"929\" data-end=\"1060\">\n<p data-start=\"932\" data-end=\"1060\"><strong data-start=\"932\" data-end=\"966\">Tehosteseerumi Reedle Shot 300<\/strong> \u2013 stimuloi ihon uusiutumista ja lis\u00e4\u00e4 aktiiviaineiden imeytymist\u00e4 poistamalla kuolleita ihosoluja.<\/p>\n<\/li>\n<li data-start=\"1061\" data-end=\"1247\">\n<p data-start=\"1064\" data-end=\"1247\"><strong data-start=\"1064\" data-end=\"1095\">Kangasmaski Reedle Shot Mask<\/strong> \u2013 poistaa sameutta, tasoittaa ihon s\u00e4vy\u00e4 ja kirkastaa pigmenttimuutoksia. Parantaa ihon kimmoisuutta ja kiinteytt\u00e4, v\u00e4hent\u00e4\u00e4 ryppyj\u00e4 ja hidastaa ik\u00e4\u00e4ntymist\u00e4.<\/p>\n<\/li>\n<li data-start=\"1248\" data-end=\"1437\">\n<p data-start=\"1251\" data-end=\"1437\"><strong data-start=\"1251\" data-end=\"1289\">Reedle Shot -kiillotusvoide<\/strong> \u2013 tarjoaa kohottavan ja botuliinim\u00e4isen vaikutuksen, kiinteytt\u00e4\u00e4 kudoksia, palauttaa kimmoisuuden, ravitsee ja v\u00e4hent\u00e4\u00e4 kuivuutta vahvistaen ihon suojakerrosta.<\/p>\n<\/li>\n<\/ol>\n<p data-start=\"1439\" data-end=\"1461\"><strong data-start=\"1439\" data-end=\"1459\">Lis\u00e4komponentit:<\/strong><\/p>\n<ul data-start=\"1462\" data-end=\"2280\">\n<li data-start=\"1462\" data-end=\"1718\">\n<p data-start=\"1464\" data-end=\"1718\"><strong data-start=\"1464\" data-end=\"1481\">17 aminohappoa<\/strong> toimivat antioksidantteina, vahvistavat suojakerrosta, v\u00e4hent\u00e4v\u00e4t ihon herkkyytt\u00e4 ja palauttavat solurakenteen, t\u00e4ydent\u00e4v\u00e4t keratiinin, kollageenin ja elastiinin puutteita. Vaalentaa pigmenttimuutoksia parantamalla aineenvaihduntaprosesseja.<\/p>\n<\/li>\n<li data-start=\"1719\" data-end=\"1868\">\n<p data-start=\"1721\" data-end=\"1868\"><strong data-start=\"1721\" data-end=\"1749\">Mesenkymaaliset kantasolut<\/strong> edist\u00e4\u00e4 kudosten uudistumista vapauttamalla sytokiineja ja kasvutekij\u00f6it\u00e4, jotka aktivoivat solujen uudistumisprosesseja.<\/p>\n<\/li>\n<li data-start=\"1869\" data-end=\"2029\">\n<p data-start=\"1871\" data-end=\"2029\"><strong data-start=\"1871\" data-end=\"1885\">6 peptidi\u00e4<\/strong> varmistavat jatkuvan solujen uusiutumisen, niill\u00e4 on syv\u00e4 ik\u00e4\u00e4ntymist\u00e4 ehk\u00e4isev\u00e4 vaikutus, ne v\u00e4hent\u00e4v\u00e4t ryppyjen n\u00e4kyvyytt\u00e4 ja hidastavat solujen ik\u00e4\u00e4ntymist\u00e4.<\/p>\n<\/li>\n<li data-start=\"2030\" data-end=\"2170\">\n<p data-start=\"2032\" data-end=\"2170\"><strong data-start=\"2032\" data-end=\"2071\">Hydrolysoitu kollageeni ja elastiini<\/strong> palauttaa epidermiksen rakenteen, vahvistaa ihoa sis\u00e4lt\u00e4p\u00e4in ja parantaa proteiinien aineenvaihduntaa.<\/p>\n<\/li>\n<li data-start=\"2171\" data-end=\"2280\">\n<p data-start=\"2173\" data-end=\"2280\"><strong data-start=\"2173\" data-end=\"2200\">Pantenoli (B5-vitamiini)<\/strong> nopeuttaa mikrotraumojen paranemista, pehment\u00e4\u00e4, rauhoittaa ja v\u00e4hent\u00e4\u00e4 punoitusta.<\/p>\n<\/li>\n<\/ul>\n<p data-start=\"2282\" data-end=\"2314\">Sopii kaikille ihotyypeille.<\/p>\n<p data-start=\"2316\" data-end=\"2533\"><strong data-start=\"2316\" data-end=\"2331\">K\u00e4ytt\u00f6:<\/strong> Iltahoidon aikana levit\u00e4 tarvittava m\u00e4\u00e4r\u00e4 seerumia puhdistetulle iholle ja anna sen imeyty\u00e4. Aseta sitten naamio kasvoillesi ja anna vaikuttaa 10\u201320 minuuttia. Anna seerumin imeyty\u00e4 kokonaan ja viimeistele hoito voiteella.<\/p>\n<p data-start=\"2535\" data-end=\"2659\"><strong data-start=\"2535\" data-end=\"2550\">Huomio!<\/strong> VT Cosmeticsin Reedle Shot 300 Booster Serum saattaa aiheuttaa liev\u00e4\u00e4 pistely\u00e4 levityksen j\u00e4lkeen.<\/p>\n<p data-start=\"2661\" data-end=\"3010\" data-is-last-node=\"\" data-is-only-node=\"\"><strong data-start=\"2661\" data-end=\"2683\">Varotoimenpiteet:<\/strong> \u00c4l\u00e4 k\u00e4yt\u00e4 tuotetta samanaikaisesti kuorivien aineiden (kuorinnat, pensasvoiteet) tai retinolia, AHA- tai BHA-happoja tai runsaasti C-vitamiinia sis\u00e4lt\u00e4vien tuotteiden kanssa. Ei ole suositeltavaa k\u00e4ytt\u00e4\u00e4 tuotetta heti ihotautitoimenpiteiden j\u00e4lkeen, jotka vaurioittavat ihon sarveiskerrosta (esim. kemialliset kuorinnat, laitehoidot, injektiot).<\/p>","protected":false},"excerpt":{"rendered":"<p>Kolmivaiheinen mikroneuloilla toimiva kiinteytt\u00e4v\u00e4 hoitosetti VT Cosmetics Reedle Shot All In One 3 Step Mask pehment\u00e4\u00e4 ja tasoittaa ihon mikroreliefi\u00e4, kuorii hell\u00e4varaisesti ja k\u00e4ynnist\u00e4\u00e4 uudistumisprosesseja. Aktivoi kollageenin ja elastiinin synteesi\u00e4, lis\u00e4\u00e4 ihon kiinteytt\u00e4 ja auttaa ehk\u00e4isem\u00e4\u00e4n ihon veltostumista. T\u00e4rkein vaikuttava aine on patentoitu Cicahyalon\u2122-kompleksi, joka perustuu aasialaisen vesinavan, vihre\u00e4n propoliksen ja hyaluronihapon yhdistelm\u00e4\u00e4n. Se kosteuttaa tehokkaasti ja\u2026<\/p>","protected":false},"featured_media":16452,"comment_status":"open","ping_status":"closed","template":"","meta":{"_uf_show_specific_survey":0,"_uf_disable_surveys":false,"_bst_post_transparent":"default","_bst_post_title":"","_bst_post_layout":"default","_bst_post_sidebar_id":"","_bst_post_content_style":"default","_bst_post_vertical_padding":"default","_bst_post_feature":"","_bst_post_feature_position":"","_bst_post_header":false,"_bst_post_footer":false},"pwb-brand":[493],"product_brand":[],"product_cat":[92,98],"product_tag":[1017,614,624,462],"class_list":{"0":"post-16451","1":"product","2":"type-product","3":"status-publish","4":"has-post-thumbnail","6":"pwb-brand-vt","7":"product_cat-nagu","8":"product_cat-naomaskid","9":"product_tag-1017","10":"product_tag-mask","11":"product_tag-reedle","12":"product_tag-vt","14":"first","15":"instock","16":"sale","17":"shipping-taxable","18":"purchasable","19":"product-type-simple","20":"entry","21":"content-bg","22":"loop-entry"},"supplier_id":null,"supplier_sku":"","barcode":null,"atum_controlled":true,"out_stock_date":null,"out_stock_threshold":null,"inheritable":false,"inbound_stock":0,"stock_on_hold":0,"sold_today":0,"sales_last_days":0,"out_stock_days":0,"lost_sales":0,"has_location":false,"update_date":"2026-04-14T00:05:10","atum_locations":[],"atum_stock_status":"instock","restock_status":false,"low_stock_amount":"","sales_update_date":"2026-04-14T00:05:10","calc_backorders":null,"yoast_head":"<!-- This site is optimized with the Yoast SEO plugin v27.2 - https:\/\/yoast.com\/product\/yoast-seo-wordpress\/ -->\n<title>VT Cosmetics Reedle Shot All In One 3Step Mask - IDA.KOREA<\/title>\n<meta name=\"description\" content=\"VT Cosmetics Reedle Shot All In One 3Step Mask \u2013 Kolmeetapiline lifting-komplekt mikron\u00f5eltega naha pinguldamiseks ja taastamiseks. - Kiire tarne!\" \/>\n<meta name=\"robots\" content=\"index, follow, max-snippet:-1, max-image-preview:large, max-video-preview:-1\" \/>\n<link rel=\"canonical\" href=\"https:\/\/idakorea.ee\/fi\/product\/vt-cosmetics-reedle-shot-all-in-one-3step-mask\/\" \/>\n<meta property=\"og:locale\" content=\"fi_FI\" \/>\n<meta property=\"og:type\" content=\"article\" \/>\n<meta property=\"og:title\" content=\"VT Cosmetics Reedle Shot All In One 3Step Mask - IDA.KOREA\" \/>\n<meta property=\"og:description\" content=\"VT Cosmetics Reedle Shot All In One 3Step Mask \u2013 Kolmeetapiline lifting-komplekt mikron\u00f5eltega naha pinguldamiseks ja taastamiseks. - Kiire tarne!\" \/>\n<meta property=\"og:url\" content=\"https:\/\/idakorea.ee\/fi\/product\/vt-cosmetics-reedle-shot-all-in-one-3step-mask\/\" \/>\n<meta property=\"og:site_name\" content=\"IDA.KOREA\" \/>\n<meta property=\"article:modified_time\" content=\"2026-03-12T13:43:21+00:00\" \/>\n<meta property=\"og:image\" content=\"https:\/\/idakorea.ee\/wp-content\/uploads\/2025\/11\/VT-Cosmetics-Reedle-Shot-All-In-One-3Step-Mask-idakorea.ee_.png\" \/>\n\t<meta property=\"og:image:width\" content=\"1202\" \/>\n\t<meta property=\"og:image:height\" content=\"1200\" \/>\n\t<meta property=\"og:image:type\" content=\"image\/png\" \/>\n<meta name=\"twitter:card\" content=\"summary_large_image\" \/>\n<meta name=\"twitter:label1\" content=\"Arvioitu lukuaika\" \/>\n\t<meta name=\"twitter:data1\" content=\"2 minuuttia\" \/>\n<script type=\"application\/ld+json\" class=\"yoast-schema-graph\">{\"@context\":\"https:\/\/schema.org\",\"@graph\":[{\"@type\":\"WebPage\",\"@id\":\"https:\/\/idakorea.ee\/product\/vt-cosmetics-reedle-shot-all-in-one-3step-mask\/\",\"url\":\"https:\/\/idakorea.ee\/product\/vt-cosmetics-reedle-shot-all-in-one-3step-mask\/\",\"name\":\"VT Cosmetics Reedle Shot All In One 3Step Mask - IDA.KOREA\",\"isPartOf\":{\"@id\":\"https:\/\/idakorea.ee\/#website\"},\"primaryImageOfPage\":{\"@id\":\"https:\/\/idakorea.ee\/product\/vt-cosmetics-reedle-shot-all-in-one-3step-mask\/#primaryimage\"},\"image\":{\"@id\":\"https:\/\/idakorea.ee\/product\/vt-cosmetics-reedle-shot-all-in-one-3step-mask\/#primaryimage\"},\"thumbnailUrl\":\"https:\/\/idakorea.ee\/wp-content\/uploads\/2025\/11\/VT-Cosmetics-Reedle-Shot-All-In-One-3Step-Mask-idakorea.ee_.png\",\"datePublished\":\"2025-11-12T09:35:25+00:00\",\"dateModified\":\"2026-03-12T13:43:21+00:00\",\"description\":\"VT Cosmetics Reedle Shot All In One 3Step Mask \u2013 Kolmeetapiline lifting-komplekt mikron\u00f5eltega naha pinguldamiseks ja taastamiseks. - Kiire tarne!\",\"breadcrumb\":{\"@id\":\"https:\/\/idakorea.ee\/product\/vt-cosmetics-reedle-shot-all-in-one-3step-mask\/#breadcrumb\"},\"inLanguage\":\"fi\",\"potentialAction\":[{\"@type\":\"ReadAction\",\"target\":[\"https:\/\/idakorea.ee\/product\/vt-cosmetics-reedle-shot-all-in-one-3step-mask\/\"]}]},{\"@type\":\"ImageObject\",\"inLanguage\":\"fi\",\"@id\":\"https:\/\/idakorea.ee\/product\/vt-cosmetics-reedle-shot-all-in-one-3step-mask\/#primaryimage\",\"url\":\"https:\/\/idakorea.ee\/wp-content\/uploads\/2025\/11\/VT-Cosmetics-Reedle-Shot-All-In-One-3Step-Mask-idakorea.ee_.png\",\"contentUrl\":\"https:\/\/idakorea.ee\/wp-content\/uploads\/2025\/11\/VT-Cosmetics-Reedle-Shot-All-In-One-3Step-Mask-idakorea.ee_.png\",\"width\":1202,\"height\":1200},{\"@type\":\"BreadcrumbList\",\"@id\":\"https:\/\/idakorea.ee\/product\/vt-cosmetics-reedle-shot-all-in-one-3step-mask\/#breadcrumb\",\"itemListElement\":[{\"@type\":\"ListItem\",\"position\":1,\"name\":\"\u0413\u043b\u0430\u0432\u043d\u0430\u044f \u0441\u0442\u0440\u0430\u043d\u0438\u0446\u0430\",\"item\":\"https:\/\/idakorea.ee\/\"},{\"@type\":\"ListItem\",\"position\":2,\"name\":\"Shop\",\"item\":\"https:\/\/idakorea.ee\/shop-2\/\"},{\"@type\":\"ListItem\",\"position\":3,\"name\":\"Kolmeetapiline lifting-komplekt mikron\u00f5eltega VT Cosmetics Reedle Shot All In One 3 Step Mask\"}]},{\"@type\":\"WebSite\",\"@id\":\"https:\/\/idakorea.ee\/#website\",\"url\":\"https:\/\/idakorea.ee\/\",\"name\":\"IDA.KOREA\",\"description\":\"Korea kosmeetika e-pood\",\"publisher\":{\"@id\":\"https:\/\/idakorea.ee\/#organization\"},\"alternateName\":\"Beauty Shop\",\"potentialAction\":[{\"@type\":\"SearchAction\",\"target\":{\"@type\":\"EntryPoint\",\"urlTemplate\":\"https:\/\/idakorea.ee\/?s={search_term_string}\"},\"query-input\":{\"@type\":\"PropertyValueSpecification\",\"valueRequired\":true,\"valueName\":\"search_term_string\"}}],\"inLanguage\":\"fi\"},{\"@type\":\"Organization\",\"@id\":\"https:\/\/idakorea.ee\/#organization\",\"name\":\"IDA.KOREA\",\"url\":\"https:\/\/idakorea.ee\/\",\"logo\":{\"@type\":\"ImageObject\",\"inLanguage\":\"fi\",\"@id\":\"https:\/\/idakorea.ee\/#\/schema\/logo\/image\/\",\"url\":\"https:\/\/idakorea.ee\/wp-content\/uploads\/2024\/05\/cropped-korea3.png\",\"contentUrl\":\"https:\/\/idakorea.ee\/wp-content\/uploads\/2024\/05\/cropped-korea3.png\",\"width\":688,\"height\":126,\"caption\":\"IDA.KOREA\"},\"image\":{\"@id\":\"https:\/\/idakorea.ee\/#\/schema\/logo\/image\/\"},\"sameAs\":[\"https:\/\/www.instagram.com\/ida.korea\/\"]}]}<\/script>\n<!-- \/ Yoast SEO plugin. -->","yoast_head_json":{"title":"SEE Cosmetics Reedle Shot All In One 3Step Mask - IDA.KOREA","description":"VT Cosmetics Reedle Shot All In One 3Step Mask \u2013 Kolmivaiheinen kiinteytt\u00e4v\u00e4 ja nuorentava mikroneuloilla varustettu kasvonaamio. - Nopea toimitus!","robots":{"index":"index","follow":"follow","max-snippet":"max-snippet:-1","max-image-preview":"max-image-preview:large","max-video-preview":"max-video-preview:-1"},"canonical":"https:\/\/idakorea.ee\/fi\/product\/vt-cosmetics-reedle-shot-all-in-one-3step-mask\/","og_locale":"fi_FI","og_type":"article","og_title":"VT Cosmetics Reedle Shot All In One 3Step Mask - IDA.KOREA","og_description":"VT Cosmetics Reedle Shot All In One 3Step Mask \u2013 Kolmeetapiline lifting-komplekt mikron\u00f5eltega naha pinguldamiseks ja taastamiseks. - Kiire tarne!","og_url":"https:\/\/idakorea.ee\/fi\/product\/vt-cosmetics-reedle-shot-all-in-one-3step-mask\/","og_site_name":"IDA.KOREA","article_modified_time":"2026-03-12T13:43:21+00:00","og_image":[{"width":1202,"height":1200,"url":"https:\/\/idakorea.ee\/wp-content\/uploads\/2025\/11\/VT-Cosmetics-Reedle-Shot-All-In-One-3Step-Mask-idakorea.ee_.png","type":"image\/png"}],"twitter_card":"summary_large_image","twitter_misc":{"Arvioitu lukuaika":"2 minuuttia"},"schema":{"@context":"https:\/\/schema.org","@graph":[{"@type":"WebPage","@id":"https:\/\/idakorea.ee\/product\/vt-cosmetics-reedle-shot-all-in-one-3step-mask\/","url":"https:\/\/idakorea.ee\/product\/vt-cosmetics-reedle-shot-all-in-one-3step-mask\/","name":"SEE Cosmetics Reedle Shot All In One 3Step Mask - IDA.KOREA","isPartOf":{"@id":"https:\/\/idakorea.ee\/#website"},"primaryImageOfPage":{"@id":"https:\/\/idakorea.ee\/product\/vt-cosmetics-reedle-shot-all-in-one-3step-mask\/#primaryimage"},"image":{"@id":"https:\/\/idakorea.ee\/product\/vt-cosmetics-reedle-shot-all-in-one-3step-mask\/#primaryimage"},"thumbnailUrl":"https:\/\/idakorea.ee\/wp-content\/uploads\/2025\/11\/VT-Cosmetics-Reedle-Shot-All-In-One-3Step-Mask-idakorea.ee_.png","datePublished":"2025-11-12T09:35:25+00:00","dateModified":"2026-03-12T13:43:21+00:00","description":"VT Cosmetics Reedle Shot All In One 3Step Mask \u2013 Kolmivaiheinen kiinteytt\u00e4v\u00e4 ja nuorentava mikroneuloilla varustettu kasvonaamio. - Nopea toimitus!","breadcrumb":{"@id":"https:\/\/idakorea.ee\/product\/vt-cosmetics-reedle-shot-all-in-one-3step-mask\/#breadcrumb"},"inLanguage":"fi","potentialAction":[{"@type":"ReadAction","target":["https:\/\/idakorea.ee\/product\/vt-cosmetics-reedle-shot-all-in-one-3step-mask\/"]}]},{"@type":"ImageObject","inLanguage":"fi","@id":"https:\/\/idakorea.ee\/product\/vt-cosmetics-reedle-shot-all-in-one-3step-mask\/#primaryimage","url":"https:\/\/idakorea.ee\/wp-content\/uploads\/2025\/11\/VT-Cosmetics-Reedle-Shot-All-In-One-3Step-Mask-idakorea.ee_.png","contentUrl":"https:\/\/idakorea.ee\/wp-content\/uploads\/2025\/11\/VT-Cosmetics-Reedle-Shot-All-In-One-3Step-Mask-idakorea.ee_.png","width":1202,"height":1200},{"@type":"BreadcrumbList","@id":"https:\/\/idakorea.ee\/product\/vt-cosmetics-reedle-shot-all-in-one-3step-mask\/#breadcrumb","itemListElement":[{"@type":"ListItem","position":1,"name":"\u0413\u043b\u0430\u0432\u043d\u0430\u044f \u0441\u0442\u0440\u0430\u043d\u0438\u0446\u0430","item":"https:\/\/idakorea.ee\/"},{"@type":"ListItem","position":2,"name":"Shop","item":"https:\/\/idakorea.ee\/shop-2\/"},{"@type":"ListItem","position":3,"name":"Kolmeetapiline lifting-komplekt mikron\u00f5eltega VT Cosmetics Reedle Shot All In One 3 Step Mask"}]},{"@type":"WebSite","@id":"https:\/\/idakorea.ee\/#website","url":"https:\/\/idakorea.ee\/","name":"IDA.KOREA","description":"Korean kosmetiikan verkkokauppa","publisher":{"@id":"https:\/\/idakorea.ee\/#organization"},"alternateName":"Beauty Shop","potentialAction":[{"@type":"SearchAction","target":{"@type":"EntryPoint","urlTemplate":"https:\/\/idakorea.ee\/?s={search_term_string}"},"query-input":{"@type":"PropertyValueSpecification","valueRequired":true,"valueName":"search_term_string"}}],"inLanguage":"fi"},{"@type":"Organization","@id":"https:\/\/idakorea.ee\/#organization","name":"IDA.KOREA","url":"https:\/\/idakorea.ee\/","logo":{"@type":"ImageObject","inLanguage":"fi","@id":"https:\/\/idakorea.ee\/#\/schema\/logo\/image\/","url":"https:\/\/idakorea.ee\/wp-content\/uploads\/2024\/05\/cropped-korea3.png","contentUrl":"https:\/\/idakorea.ee\/wp-content\/uploads\/2024\/05\/cropped-korea3.png","width":688,"height":126,"caption":"IDA.KOREA"},"image":{"@id":"https:\/\/idakorea.ee\/#\/schema\/logo\/image\/"},"sameAs":["https:\/\/www.instagram.com\/ida.korea\/"]}]}},"jetpack_sharing_enabled":true,"brands":[{"id":493,"name":"VT COSMETICS","slug":"vt"}],"_links":{"self":[{"href":"https:\/\/idakorea.ee\/fi\/wp-json\/wp\/v2\/product\/16451","targetHints":{"allow":["GET"]}}],"collection":[{"href":"https:\/\/idakorea.ee\/fi\/wp-json\/wp\/v2\/product"}],"about":[{"href":"https:\/\/idakorea.ee\/fi\/wp-json\/wp\/v2\/types\/product"}],"replies":[{"embeddable":true,"href":"https:\/\/idakorea.ee\/fi\/wp-json\/wp\/v2\/comments?post=16451"}],"version-history":[{"count":1,"href":"https:\/\/idakorea.ee\/fi\/wp-json\/wp\/v2\/product\/16451\/revisions"}],"predecessor-version":[{"id":16456,"href":"https:\/\/idakorea.ee\/fi\/wp-json\/wp\/v2\/product\/16451\/revisions\/16456"}],"wp:featuredmedia":[{"embeddable":true,"href":"https:\/\/idakorea.ee\/fi\/wp-json\/wp\/v2\/media\/16452"}],"wp:attachment":[{"href":"https:\/\/idakorea.ee\/fi\/wp-json\/wp\/v2\/media?parent=16451"}],"wp:term":[{"taxonomy":"pwb-brand","embeddable":true,"href":"https:\/\/idakorea.ee\/fi\/wp-json\/wp\/v2\/pwb-brand?post=16451"},{"taxonomy":"product_brand","embeddable":true,"href":"https:\/\/idakorea.ee\/fi\/wp-json\/wp\/v2\/product_brand?post=16451"},{"taxonomy":"product_cat","embeddable":true,"href":"https:\/\/idakorea.ee\/fi\/wp-json\/wp\/v2\/product_cat?post=16451"},{"taxonomy":"product_tag","embeddable":true,"href":"https:\/\/idakorea.ee\/fi\/wp-json\/wp\/v2\/product_tag?post=16451"}],"curies":[{"name":"wp","href":"https:\/\/api.w.org\/{rel}","templated":true}]}}