{"id":16458,"date":"2025-11-12T19:45:47","date_gmt":"2025-11-12T16:45:47","guid":{"rendered":"https:\/\/idakorea.ee\/?post_type=product&#038;p=16458"},"modified":"2026-04-11T16:17:08","modified_gmt":"2026-04-11T14:17:08","slug":"vt-cosmetics-reti-a-reedle-shot-100","status":"publish","type":"product","link":"https:\/\/idakorea.ee\/fi\/product\/vt-cosmetics-reti-a-reedle-shot-100\/","title":{"rendered":"Tehosteseerumi VT Cosmetics Reti-A Reedle Shot 100"},"content":{"rendered":"<p data-start=\"0\" data-end=\"241\">Tehosteseerumi<strong data-start=\"0\" data-end=\"54\"> VT Cosmetics Reti-A Reedle Shot 100<\/strong> Stimuloi solujen uusiutumista ja auttaa tasoittamaan ihon pintaa: v\u00e4hent\u00e4\u00e4 ryppyjen ja ihohuokosten n\u00e4kyvyytt\u00e4, tasoittaa ihon s\u00e4vy\u00e4, v\u00e4hent\u00e4\u00e4 pigmenttimuutoksia ja auttaa torjumaan aknen j\u00e4lkeisi\u00e4 arpia.<\/p>\n<p data-start=\"243\" data-end=\"412\">Tekee ihosta sile\u00e4n, joustavan ja s\u00e4teilev\u00e4n ja parantaa muiden hoitotuotteiden tehoa. Kevyt, emulsiomaisen koostumuksensa ansiosta iho kosteuttaa ja imeytyy nopeasti.<\/p>\n<p data-start=\"414\" data-end=\"648\">Sis\u00e4lt\u00e4\u00e4 <strong data-start=\"423\" data-end=\"439\">Cica Reedle\u2122<\/strong> Aktiivisten aineiden kuljetusj\u00e4rjestelm\u00e4 \u2013 n\u00e4m\u00e4 ovat aasialaista lumpeen uutetta sis\u00e4lt\u00e4vi\u00e4 piimikrohelmi\u00e4. Ne kuorivat hell\u00e4varaisesti ihon sarveiskerrosta ja nopeuttavat aktiivisten aineiden imeytymist\u00e4 ihon syvempiin kerroksiin.<\/p>\n<p data-start=\"650\" data-end=\"676\"><strong data-start=\"650\" data-end=\"674\">T\u00e4rkeimm\u00e4t vaikuttavat aineet:<\/strong><\/p>\n<ul data-start=\"677\" data-end=\"1643\">\n<li data-start=\"677\" data-end=\"922\">\n<p data-start=\"679\" data-end=\"922\"><strong data-start=\"679\" data-end=\"729\">Reti-A (retinoli, hydroksipinakoloniretinoaatti)<\/strong> \u2013 kaksi A-vitamiinin muotoa, jotka tehostavat toistensa vaikutuksia. Retinoli k\u00e4ynnist\u00e4\u00e4 solujen uusiutumisen, normalisoi talin erityst\u00e4, v\u00e4hent\u00e4\u00e4 ryppyjen syvyytt\u00e4, torjuu aknea ja tasoittaa ihon s\u00e4vy\u00e4.<\/p>\n<\/li>\n<li data-start=\"923\" data-end=\"1182\">\n<p data-start=\"925\" data-end=\"1182\"><strong data-start=\"925\" data-end=\"940\">Cicahyalon\u2122<\/strong> \u2013 vihre\u00e4n propolisin uutteesta, aasialaisen vesinavan kompleksista (madecassoside, madecasshape, asiatikosidi, aasiahappo) ja hyaluronihaposta koostuva kompleksi. Rauhoittaa ja kosteuttaa, v\u00e4hent\u00e4\u00e4 punoitusta ja \u00e4rsytyst\u00e4 sek\u00e4 nopeuttaa paranemista.<\/p>\n<\/li>\n<li data-start=\"1183\" data-end=\"1355\">\n<p data-start=\"1185\" data-end=\"1355\"><strong data-start=\"1185\" data-end=\"1198\">Bakuchiol<\/strong> \u2013 kasviper\u00e4inen ainesosa, jonka vaikutukset ovat samankaltaisia kuin retinolin: se stimuloi solujen uusiutumista ja tekee ihosta sile\u00e4mm\u00e4n ja tasaisemman aiheuttamatta \u00e4rsytyst\u00e4.<\/p>\n<\/li>\n<li data-start=\"1356\" data-end=\"1494\">\n<p data-start=\"1358\" data-end=\"1494\"><strong data-start=\"1358\" data-end=\"1375\">Beetakaroteeni<\/strong> \u2013 kasviper\u00e4inen A-vitamiinin muoto ja vahva antioksidantti, joka suojaa soluja oksidatiiviselta stressilt\u00e4 ja edist\u00e4\u00e4 uudistumista.<\/p>\n<\/li>\n<li data-start=\"1495\" data-end=\"1643\">\n<p data-start=\"1497\" data-end=\"1643\"><strong data-start=\"1497\" data-end=\"1546\">Kahvi, vihre\u00e4 tee ja viiniryp\u00e4leuutteet<\/strong> sis\u00e4lt\u00e4v\u00e4t polyfenoleja, jotka tarjoavat antioksidanttisuojaa ja pident\u00e4v\u00e4t solujen nuoruutta.<\/p>\n<\/li>\n<\/ul>\n<p data-start=\"1645\" data-end=\"1713\">Sopii normaalille, sekaiholle, rasvoittuvalle ja ongelmaiholle.<\/p>\n<p data-start=\"1715\" data-end=\"1944\"><strong data-start=\"1715\" data-end=\"1730\">K\u00e4ytt\u00f6:<\/strong> Iltahoidon aikana levit\u00e4 tarvittava m\u00e4\u00e4r\u00e4 seerumia puhdistetulle iholle, levit\u00e4 tasaisesti ja anna imeyty\u00e4 kokonaan. Jatka kasvovedell\u00e4 ja kosteusvoiteella. P\u00e4iv\u00e4ll\u00e4 k\u00e4yt\u00e4 aurinkovoidetta SPF50 PA++++.<\/p>\n<p data-start=\"1946\" data-end=\"2037\"><strong data-start=\"1946\" data-end=\"1961\">Huomio!<\/strong> Tehosteseerumi saattaa aiheuttaa liev\u00e4\u00e4 pistely\u00e4 levityksen j\u00e4lkeen.<\/p>\n<p data-start=\"2039\" data-end=\"2381\" data-is-last-node=\"\" data-is-only-node=\"\"><strong data-start=\"2039\" data-end=\"2061\">Varotoimenpiteet:<\/strong> \u00c4l\u00e4 k\u00e4yt\u00e4 samanaikaisesti kuorivien tuotteiden (kuorinnat, pensasvoiteet) tai retinolia, AHA- tai BHA-happoja tai runsaasti C-vitamiinia sis\u00e4lt\u00e4vien tuotteiden kanssa. Ei ole suositeltavaa k\u00e4ytt\u00e4\u00e4 v\u00e4litt\u00f6m\u00e4sti ihotautitoimenpiteiden j\u00e4lkeen, jotka vaurioittavat ihon sarveiskerrosta (esim. kemialliset kuorinnat, laitehoidot, injektiot).<\/p>","protected":false},"excerpt":{"rendered":"<p>Tehosteseerumi VT Cosmetics Reti-A Reedle Shot 100 stimuloi solujen uusiutumista ja auttaa tasoittamaan ihon pintaa: v\u00e4hent\u00e4\u00e4 ryppyjen ja ihohuokosten n\u00e4kyvyytt\u00e4, tasoittaa ihon s\u00e4vy\u00e4, v\u00e4hent\u00e4\u00e4 pigmenttimuutoksia ja auttaa torjumaan aknen j\u00e4lkeisi\u00e4 j\u00e4lki\u00e4. Tekee ihosta sile\u00e4n, elastisen ja s\u00e4teilev\u00e4n ja parantaa seuraavien hoitotuotteiden tehoa. Kevyt, emulsiomaisen koostumuksensa ansiosta iho kosteuttaa ja imeytyy nopeasti. Sis\u00e4lt\u00e4\u00e4 Cica Reedle\u2122 -aktiivisten aineiden kuljetusj\u00e4rjestelm\u00e4n \u2013 se on silikonipohjainen\u2026<\/p>","protected":false},"featured_media":16459,"comment_status":"open","ping_status":"closed","template":"","meta":{"_uf_show_specific_survey":0,"_uf_disable_surveys":false,"_bst_post_transparent":"default","_bst_post_title":"","_bst_post_layout":"default","_bst_post_sidebar_id":"","_bst_post_content_style":"default","_bst_post_vertical_padding":"default","_bst_post_feature":"","_bst_post_feature_position":"","_bst_post_header":false,"_bst_post_footer":false},"pwb-brand":[493],"product_brand":[],"product_cat":[92,97],"product_tag":[1018,545,568,624,462],"class_list":{"0":"post-16458","1":"product","2":"type-product","3":"status-publish","4":"has-post-thumbnail","6":"pwb-brand-vt","7":"product_cat-nagu","8":"product_cat-naoseerumid-ja-olid","9":"product_tag-1018","10":"product_tag-cica","11":"product_tag-korea","12":"product_tag-reedle","13":"product_tag-vt","15":"first","16":"instock","17":"sale","18":"shipping-taxable","19":"purchasable","20":"product-type-variable","21":"has-default-attributes","22":"entry","23":"content-bg","24":"loop-entry"},"supplier_id":null,"supplier_sku":"","barcode":null,"atum_controlled":true,"out_stock_date":null,"out_stock_threshold":null,"inheritable":true,"inbound_stock":0,"stock_on_hold":0,"sold_today":0,"sales_last_days":1,"out_stock_days":0,"lost_sales":0,"has_location":false,"update_date":"2026-04-14T00:05:10","atum_locations":[],"atum_stock_status":"instock","restock_status":false,"low_stock_amount":"","sales_update_date":"2026-04-14T00:05:10","calc_backorders":null,"yoast_head":"<!-- This site is optimized with the Yoast SEO plugin v27.2 - https:\/\/yoast.com\/product\/yoast-seo-wordpress\/ -->\n<title>VT Cosmetics Reti-A Reedle Shot 100 - IDA.KOREA<\/title>\n<meta name=\"description\" content=\"Booster-seerum VT Cosmetics Reti-A Reedle Shot 100 stimuleerib rakkude uuenemist, aidates siluda naha reljeefi: v\u00e4hendab kortsude ja pooride n\u00e4htavust.\" \/>\n<meta name=\"robots\" content=\"index, follow, max-snippet:-1, max-image-preview:large, max-video-preview:-1\" \/>\n<link rel=\"canonical\" href=\"https:\/\/idakorea.ee\/fi\/product\/vt-cosmetics-reti-a-reedle-shot-100\/\" \/>\n<meta property=\"og:locale\" content=\"fi_FI\" \/>\n<meta property=\"og:type\" content=\"article\" \/>\n<meta property=\"og:title\" content=\"VT Cosmetics Reti-A Reedle Shot 100 - IDA.KOREA\" \/>\n<meta property=\"og:description\" content=\"Booster-seerum VT Cosmetics Reti-A Reedle Shot 100 stimuleerib rakkude uuenemist, aidates siluda naha reljeefi: v\u00e4hendab kortsude ja pooride n\u00e4htavust.\" \/>\n<meta property=\"og:url\" content=\"https:\/\/idakorea.ee\/fi\/product\/vt-cosmetics-reti-a-reedle-shot-100\/\" \/>\n<meta property=\"og:site_name\" content=\"IDA.KOREA\" \/>\n<meta property=\"article:modified_time\" content=\"2026-04-11T14:17:08+00:00\" \/>\n<meta property=\"og:image\" content=\"https:\/\/idakorea.ee\/wp-content\/uploads\/2025\/11\/VT-Cosmetics-Reti-A-Reedle-Shot-100-idakorea.jpg\" \/>\n\t<meta property=\"og:image:width\" content=\"1000\" \/>\n\t<meta property=\"og:image:height\" content=\"1000\" \/>\n\t<meta property=\"og:image:type\" content=\"image\/jpeg\" \/>\n<meta name=\"twitter:card\" content=\"summary_large_image\" \/>\n<meta name=\"twitter:label1\" content=\"Arvioitu lukuaika\" \/>\n\t<meta name=\"twitter:data1\" content=\"2 minuuttia\" \/>\n<script type=\"application\/ld+json\" class=\"yoast-schema-graph\">{\"@context\":\"https:\/\/schema.org\",\"@graph\":[{\"@type\":\"WebPage\",\"@id\":\"https:\/\/idakorea.ee\/product\/vt-cosmetics-reti-a-reedle-shot-100\/\",\"url\":\"https:\/\/idakorea.ee\/product\/vt-cosmetics-reti-a-reedle-shot-100\/\",\"name\":\"VT Cosmetics Reti-A Reedle Shot 100 - IDA.KOREA\",\"isPartOf\":{\"@id\":\"https:\/\/idakorea.ee\/#website\"},\"primaryImageOfPage\":{\"@id\":\"https:\/\/idakorea.ee\/product\/vt-cosmetics-reti-a-reedle-shot-100\/#primaryimage\"},\"image\":{\"@id\":\"https:\/\/idakorea.ee\/product\/vt-cosmetics-reti-a-reedle-shot-100\/#primaryimage\"},\"thumbnailUrl\":\"https:\/\/idakorea.ee\/wp-content\/uploads\/2025\/11\/VT-Cosmetics-Reti-A-Reedle-Shot-100-idakorea.jpg\",\"datePublished\":\"2025-11-12T16:45:47+00:00\",\"dateModified\":\"2026-04-11T14:17:08+00:00\",\"description\":\"Booster-seerum VT Cosmetics Reti-A Reedle Shot 100 stimuleerib rakkude uuenemist, aidates siluda naha reljeefi: v\u00e4hendab kortsude ja pooride n\u00e4htavust.\",\"breadcrumb\":{\"@id\":\"https:\/\/idakorea.ee\/product\/vt-cosmetics-reti-a-reedle-shot-100\/#breadcrumb\"},\"inLanguage\":\"fi\",\"potentialAction\":[{\"@type\":\"ReadAction\",\"target\":[\"https:\/\/idakorea.ee\/product\/vt-cosmetics-reti-a-reedle-shot-100\/\"]}]},{\"@type\":\"ImageObject\",\"inLanguage\":\"fi\",\"@id\":\"https:\/\/idakorea.ee\/product\/vt-cosmetics-reti-a-reedle-shot-100\/#primaryimage\",\"url\":\"https:\/\/idakorea.ee\/wp-content\/uploads\/2025\/11\/VT-Cosmetics-Reti-A-Reedle-Shot-100-idakorea.jpg\",\"contentUrl\":\"https:\/\/idakorea.ee\/wp-content\/uploads\/2025\/11\/VT-Cosmetics-Reti-A-Reedle-Shot-100-idakorea.jpg\",\"width\":1000,\"height\":1000},{\"@type\":\"BreadcrumbList\",\"@id\":\"https:\/\/idakorea.ee\/product\/vt-cosmetics-reti-a-reedle-shot-100\/#breadcrumb\",\"itemListElement\":[{\"@type\":\"ListItem\",\"position\":1,\"name\":\"\u0413\u043b\u0430\u0432\u043d\u0430\u044f \u0441\u0442\u0440\u0430\u043d\u0438\u0446\u0430\",\"item\":\"https:\/\/idakorea.ee\/\"},{\"@type\":\"ListItem\",\"position\":2,\"name\":\"Shop\",\"item\":\"https:\/\/idakorea.ee\/shop-2\/\"},{\"@type\":\"ListItem\",\"position\":3,\"name\":\"Booster-seerum VT Cosmetics Reti-A Reedle Shot 100\"}]},{\"@type\":\"WebSite\",\"@id\":\"https:\/\/idakorea.ee\/#website\",\"url\":\"https:\/\/idakorea.ee\/\",\"name\":\"IDA.KOREA\",\"description\":\"Korea kosmeetika e-pood\",\"publisher\":{\"@id\":\"https:\/\/idakorea.ee\/#organization\"},\"alternateName\":\"Beauty Shop\",\"potentialAction\":[{\"@type\":\"SearchAction\",\"target\":{\"@type\":\"EntryPoint\",\"urlTemplate\":\"https:\/\/idakorea.ee\/?s={search_term_string}\"},\"query-input\":{\"@type\":\"PropertyValueSpecification\",\"valueRequired\":true,\"valueName\":\"search_term_string\"}}],\"inLanguage\":\"fi\"},{\"@type\":\"Organization\",\"@id\":\"https:\/\/idakorea.ee\/#organization\",\"name\":\"IDA.KOREA\",\"url\":\"https:\/\/idakorea.ee\/\",\"logo\":{\"@type\":\"ImageObject\",\"inLanguage\":\"fi\",\"@id\":\"https:\/\/idakorea.ee\/#\/schema\/logo\/image\/\",\"url\":\"https:\/\/idakorea.ee\/wp-content\/uploads\/2024\/05\/cropped-korea3.png\",\"contentUrl\":\"https:\/\/idakorea.ee\/wp-content\/uploads\/2024\/05\/cropped-korea3.png\",\"width\":688,\"height\":126,\"caption\":\"IDA.KOREA\"},\"image\":{\"@id\":\"https:\/\/idakorea.ee\/#\/schema\/logo\/image\/\"},\"sameAs\":[\"https:\/\/www.instagram.com\/ida.korea\/\"]}]}<\/script>\n<!-- \/ Yoast SEO plugin. -->","yoast_head_json":{"title":"VT Cosmetics Reti-A Reedle Shot 100 - IDA.KOREA","description":"Tehosteseerumi VT Cosmetics Reti-A Reedle Shot 100 stimuloi solujen uusiutumista ja auttaa tasoittamaan ihon pintaa: v\u00e4hent\u00e4\u00e4 ryppyjen ja ihohuokosten n\u00e4kyvyytt\u00e4.","robots":{"index":"index","follow":"follow","max-snippet":"max-snippet:-1","max-image-preview":"max-image-preview:large","max-video-preview":"max-video-preview:-1"},"canonical":"https:\/\/idakorea.ee\/fi\/product\/vt-cosmetics-reti-a-reedle-shot-100\/","og_locale":"fi_FI","og_type":"article","og_title":"VT Cosmetics Reti-A Reedle Shot 100 - IDA.KOREA","og_description":"Booster-seerum VT Cosmetics Reti-A Reedle Shot 100 stimuleerib rakkude uuenemist, aidates siluda naha reljeefi: v\u00e4hendab kortsude ja pooride n\u00e4htavust.","og_url":"https:\/\/idakorea.ee\/fi\/product\/vt-cosmetics-reti-a-reedle-shot-100\/","og_site_name":"IDA.KOREA","article_modified_time":"2026-04-11T14:17:08+00:00","og_image":[{"width":1000,"height":1000,"url":"https:\/\/idakorea.ee\/wp-content\/uploads\/2025\/11\/VT-Cosmetics-Reti-A-Reedle-Shot-100-idakorea.jpg","type":"image\/jpeg"}],"twitter_card":"summary_large_image","twitter_misc":{"Arvioitu lukuaika":"2 minuuttia"},"schema":{"@context":"https:\/\/schema.org","@graph":[{"@type":"WebPage","@id":"https:\/\/idakorea.ee\/product\/vt-cosmetics-reti-a-reedle-shot-100\/","url":"https:\/\/idakorea.ee\/product\/vt-cosmetics-reti-a-reedle-shot-100\/","name":"VT Cosmetics Reti-A Reedle Shot 100 - IDA.KOREA","isPartOf":{"@id":"https:\/\/idakorea.ee\/#website"},"primaryImageOfPage":{"@id":"https:\/\/idakorea.ee\/product\/vt-cosmetics-reti-a-reedle-shot-100\/#primaryimage"},"image":{"@id":"https:\/\/idakorea.ee\/product\/vt-cosmetics-reti-a-reedle-shot-100\/#primaryimage"},"thumbnailUrl":"https:\/\/idakorea.ee\/wp-content\/uploads\/2025\/11\/VT-Cosmetics-Reti-A-Reedle-Shot-100-idakorea.jpg","datePublished":"2025-11-12T16:45:47+00:00","dateModified":"2026-04-11T14:17:08+00:00","description":"Tehosteseerumi VT Cosmetics Reti-A Reedle Shot 100 stimuloi solujen uusiutumista ja auttaa tasoittamaan ihon pintaa: v\u00e4hent\u00e4\u00e4 ryppyjen ja ihohuokosten n\u00e4kyvyytt\u00e4.","breadcrumb":{"@id":"https:\/\/idakorea.ee\/product\/vt-cosmetics-reti-a-reedle-shot-100\/#breadcrumb"},"inLanguage":"fi","potentialAction":[{"@type":"ReadAction","target":["https:\/\/idakorea.ee\/product\/vt-cosmetics-reti-a-reedle-shot-100\/"]}]},{"@type":"ImageObject","inLanguage":"fi","@id":"https:\/\/idakorea.ee\/product\/vt-cosmetics-reti-a-reedle-shot-100\/#primaryimage","url":"https:\/\/idakorea.ee\/wp-content\/uploads\/2025\/11\/VT-Cosmetics-Reti-A-Reedle-Shot-100-idakorea.jpg","contentUrl":"https:\/\/idakorea.ee\/wp-content\/uploads\/2025\/11\/VT-Cosmetics-Reti-A-Reedle-Shot-100-idakorea.jpg","width":1000,"height":1000},{"@type":"BreadcrumbList","@id":"https:\/\/idakorea.ee\/product\/vt-cosmetics-reti-a-reedle-shot-100\/#breadcrumb","itemListElement":[{"@type":"ListItem","position":1,"name":"\u0413\u043b\u0430\u0432\u043d\u0430\u044f \u0441\u0442\u0440\u0430\u043d\u0438\u0446\u0430","item":"https:\/\/idakorea.ee\/"},{"@type":"ListItem","position":2,"name":"Shop","item":"https:\/\/idakorea.ee\/shop-2\/"},{"@type":"ListItem","position":3,"name":"Booster-seerum VT Cosmetics Reti-A Reedle Shot 100"}]},{"@type":"WebSite","@id":"https:\/\/idakorea.ee\/#website","url":"https:\/\/idakorea.ee\/","name":"IDA.KOREA","description":"Korean kosmetiikan verkkokauppa","publisher":{"@id":"https:\/\/idakorea.ee\/#organization"},"alternateName":"Beauty Shop","potentialAction":[{"@type":"SearchAction","target":{"@type":"EntryPoint","urlTemplate":"https:\/\/idakorea.ee\/?s={search_term_string}"},"query-input":{"@type":"PropertyValueSpecification","valueRequired":true,"valueName":"search_term_string"}}],"inLanguage":"fi"},{"@type":"Organization","@id":"https:\/\/idakorea.ee\/#organization","name":"IDA.KOREA","url":"https:\/\/idakorea.ee\/","logo":{"@type":"ImageObject","inLanguage":"fi","@id":"https:\/\/idakorea.ee\/#\/schema\/logo\/image\/","url":"https:\/\/idakorea.ee\/wp-content\/uploads\/2024\/05\/cropped-korea3.png","contentUrl":"https:\/\/idakorea.ee\/wp-content\/uploads\/2024\/05\/cropped-korea3.png","width":688,"height":126,"caption":"IDA.KOREA"},"image":{"@id":"https:\/\/idakorea.ee\/#\/schema\/logo\/image\/"},"sameAs":["https:\/\/www.instagram.com\/ida.korea\/"]}]}},"jetpack_sharing_enabled":true,"brands":[{"id":493,"name":"VT COSMETICS","slug":"vt"}],"_links":{"self":[{"href":"https:\/\/idakorea.ee\/fi\/wp-json\/wp\/v2\/product\/16458","targetHints":{"allow":["GET"]}}],"collection":[{"href":"https:\/\/idakorea.ee\/fi\/wp-json\/wp\/v2\/product"}],"about":[{"href":"https:\/\/idakorea.ee\/fi\/wp-json\/wp\/v2\/types\/product"}],"replies":[{"embeddable":true,"href":"https:\/\/idakorea.ee\/fi\/wp-json\/wp\/v2\/comments?post=16458"}],"version-history":[{"count":1,"href":"https:\/\/idakorea.ee\/fi\/wp-json\/wp\/v2\/product\/16458\/revisions"}],"predecessor-version":[{"id":16463,"href":"https:\/\/idakorea.ee\/fi\/wp-json\/wp\/v2\/product\/16458\/revisions\/16463"}],"wp:featuredmedia":[{"embeddable":true,"href":"https:\/\/idakorea.ee\/fi\/wp-json\/wp\/v2\/media\/16459"}],"wp:attachment":[{"href":"https:\/\/idakorea.ee\/fi\/wp-json\/wp\/v2\/media?parent=16458"}],"wp:term":[{"taxonomy":"pwb-brand","embeddable":true,"href":"https:\/\/idakorea.ee\/fi\/wp-json\/wp\/v2\/pwb-brand?post=16458"},{"taxonomy":"product_brand","embeddable":true,"href":"https:\/\/idakorea.ee\/fi\/wp-json\/wp\/v2\/product_brand?post=16458"},{"taxonomy":"product_cat","embeddable":true,"href":"https:\/\/idakorea.ee\/fi\/wp-json\/wp\/v2\/product_cat?post=16458"},{"taxonomy":"product_tag","embeddable":true,"href":"https:\/\/idakorea.ee\/fi\/wp-json\/wp\/v2\/product_tag?post=16458"}],"curies":[{"name":"wp","href":"https:\/\/api.w.org\/{rel}","templated":true}]}}