{"id":16509,"date":"2025-11-17T11:50:18","date_gmt":"2025-11-17T08:50:18","guid":{"rendered":"https:\/\/idakorea.ee\/?post_type=product&#038;p=16509"},"modified":"2026-04-11T16:13:41","modified_gmt":"2026-04-11T14:13:41","slug":"medicube-txa-niacinamide-capsule-cream-55g","status":"publish","type":"product","link":"https:\/\/idakorea.ee\/fi\/product\/medicube-txa-niacinamide-capsule-cream-55g\/","title":{"rendered":"Medicube TXA Niacinamide Capsule Cream, 55g"},"content":{"rendered":"<p>Kerma <strong>Medicube TXA Niacinamide Capsule Cream<\/strong> auttaa ehk\u00e4isem\u00e4\u00e4n pigmenttimuutoksia ja vaalentaa hell\u00e4varaisesti olemassa olevia pigmenttil\u00e4iski\u00e4, tasoittaa ihonv\u00e4ri\u00e4 ja antaa iholle hehkun.<\/p>\n<p>Tuote pehment\u00e4\u00e4, silottaa ihon rakennetta, auttaa supistamaan ihohuokosia ja tasapainottamaan talin erityst\u00e4. Kosteuttaa ja tarjoaa antioksidanttisuojan.<\/p>\n<p>Ep\u00e4tavallinen koostumus yhdist\u00e4\u00e4 geeli- ja voidekapseleita, joiden ansiosta voit s\u00e4\u00e4t\u00e4\u00e4 koostumusta tarpeen mukaan. Sopii erityisesti sekaiholle: geeli\u00e4 voidaan k\u00e4ytt\u00e4\u00e4 T-alueella ja voidekapseleita U-alueella.<\/p>\n<p><strong>Keskeiset osat:<\/strong><\/p>\n<ul>\n<li><strong>5% Niasiiniamidi (B3-vitamiini)<\/strong> \u2013 universaali ja tehokas kirkastava ainesosa. S\u00e4\u00e4telee talin erityst\u00e4, auttaa supistamaan ihohuokosia, tasoittaa ihonv\u00e4ri\u00e4, v\u00e4hent\u00e4\u00e4 aknen j\u00e4lkioireiden n\u00e4kyvyytt\u00e4 ja v\u00e4hent\u00e4\u00e4 hyperpigmentaation riski\u00e4.<\/li>\n<li><strong>Traneksaamihappo<\/strong> \u2013 est\u00e4\u00e4 melaniinin synteesi\u00e4, ehk\u00e4isee ik\u00e4l\u00e4iskien muodostumista, kirkastaa ja tasoittaa ihon s\u00e4vy\u00e4.<\/li>\n<li><strong>C-vitamiini (3-O-etyyliaskorbiinihappo)<\/strong> stabiilissa muodossa \u2013 vahva antioksidantti, kirkastaa, edist\u00e4\u00e4 kollageenisynteesi\u00e4 ja parantaa ihon suojatoimintoa.<\/li>\n<li><strong>Alfa-arbutiini<\/strong> \u2013 v\u00e4hent\u00e4\u00e4 melaniinin tuotantoa, vaalentaa ei-toivottua pigmenttimuutosta, rauhoittaa ja auttaa tuomaan iholle enemm\u00e4n hehkua.<\/li>\n<li><strong>Glutationi<\/strong> \u2013 kirkastava vaikutus, v\u00e4hent\u00e4\u00e4 punoitusta, tasoittaa ihonv\u00e4ri\u00e4 ja s\u00e4\u00e4telee melaniinin tuotantoa.<\/li>\n<li><strong>Syanokobalamiini (B12-vitamiini)<\/strong> \u2013 kosteuttaa, rauhoittaa, v\u00e4hent\u00e4\u00e4 tulehdusta, vahvistaa kapillaareja ja tukee aknen hoitoa.<\/li>\n<li><strong>8 erilaista hyaluronihappoa<\/strong> \u2013 kosteuttaa sek\u00e4 ihon pintakerrosta ett\u00e4 syvempi\u00e4 kerroksia, tukee pH-tasapainoa, luo n\u00e4kym\u00e4tt\u00f6m\u00e4n kosteussuojan ja parantaa ihon elastisuutta.<\/li>\n<\/ul>\n<p>Sopii kaikille ihotyypeille.<\/p>\n<p><strong>K\u00e4ytt\u00f6:<\/strong><br \/>\nLevit\u00e4 iholle puhdistuksen, kasvoveden ja seerumin levitt\u00e4misen j\u00e4lkeen. Sekoita kapseli ja kirkas geeli ihon tarpeiden mukaan sopivassa suhteessa. Lis\u00e4\u00e4 geeli\u00e4 saadaksesi kevyemm\u00e4n koostumuksen, k\u00e4yt\u00e4 kahta kapselia saadaksesi kermaisemman lopputuloksen.<\/p>","protected":false},"excerpt":{"rendered":"<p>Medicube TXA Niacinamide -kapselivoide auttaa ehk\u00e4isem\u00e4\u00e4n pigmenttimuutoksia ja vaalentaa hell\u00e4varaisesti olemassa olevia pigmenttil\u00e4iski\u00e4, tasoittaa ihonv\u00e4ri\u00e4 ja antaa iholle hehkua. Tuote pehment\u00e4\u00e4, silottaa ihon rakennetta, auttaa supistamaan ihohuokosia ja tasapainottamaan talin erityst\u00e4. Kosteuttaa ja tarjoaa antioksidanttisuojan. Ep\u00e4tavallinen koostumus yhdist\u00e4\u00e4 geeli- ja voidekapseleita, joten voit s\u00e4\u00e4t\u00e4\u00e4 koostumusta tarpeen mukaan. Sopii erityisesti sekaiholle: geeli\u2026<\/p>","protected":false},"featured_media":16510,"comment_status":"open","ping_status":"closed","template":"","meta":{"_uf_show_specific_survey":0,"_uf_disable_surveys":false,"_bst_post_transparent":"default","_bst_post_title":"","_bst_post_layout":"default","_bst_post_sidebar_id":"","_bst_post_content_style":"default","_bst_post_vertical_padding":"default","_bst_post_feature":"","_bst_post_feature_position":"","_bst_post_header":false,"_bst_post_footer":false},"pwb-brand":[490],"product_brand":[],"product_cat":[92,96],"product_tag":[1020,721,942],"class_list":{"0":"post-16509","1":"product","2":"type-product","3":"status-publish","4":"has-post-thumbnail","6":"pwb-brand-medicube","7":"product_cat-nagu","8":"product_cat-naokreemid","9":"product_tag-capsule-korea","10":"product_tag-medicube","11":"product_tag-txa","13":"first","14":"instock","15":"sale","16":"shipping-taxable","17":"purchasable","18":"product-type-simple","19":"entry","20":"content-bg","21":"loop-entry"},"supplier_id":null,"supplier_sku":"","barcode":null,"atum_controlled":true,"out_stock_date":null,"out_stock_threshold":null,"inheritable":false,"inbound_stock":0,"stock_on_hold":0,"sold_today":0,"sales_last_days":1,"out_stock_days":0,"lost_sales":0,"has_location":false,"update_date":"2026-04-14T00:05:14","atum_locations":[],"atum_stock_status":"instock","restock_status":false,"low_stock_amount":"","sales_update_date":"2026-04-14T00:05:14","calc_backorders":null,"yoast_head":"<!-- This site is optimized with the Yoast SEO plugin v27.2 - https:\/\/yoast.com\/product\/yoast-seo-wordpress\/ -->\n<title>Medicube TXA Niacinamide Capsule Cream, 55g - IDA.KOREA<\/title>\n<meta name=\"description\" content=\"Kapselkreem v\u00e4hendab pigmentatsiooni, \u00fchtlustab jumet. Sisaldab 5% niatsiinamiidi, traneksaamhapet, C-vitamiini ja 8 t\u00fc\u00fcpi h\u00fcaluroonhapet. Made in Korea.\" \/>\n<meta name=\"robots\" content=\"index, follow, max-snippet:-1, max-image-preview:large, max-video-preview:-1\" \/>\n<link rel=\"canonical\" href=\"https:\/\/idakorea.ee\/fi\/product\/medicube-txa-niacinamide-capsule-cream-55g\/\" \/>\n<meta property=\"og:locale\" content=\"fi_FI\" \/>\n<meta property=\"og:type\" content=\"article\" \/>\n<meta property=\"og:title\" content=\"Medicube TXA Niacinamide Capsule Cream, 55g - IDA.KOREA\" \/>\n<meta property=\"og:description\" content=\"Kapselkreem v\u00e4hendab pigmentatsiooni, \u00fchtlustab jumet. Sisaldab 5% niatsiinamiidi, traneksaamhapet, C-vitamiini ja 8 t\u00fc\u00fcpi h\u00fcaluroonhapet. Made in Korea.\" \/>\n<meta property=\"og:url\" content=\"https:\/\/idakorea.ee\/fi\/product\/medicube-txa-niacinamide-capsule-cream-55g\/\" \/>\n<meta property=\"og:site_name\" content=\"IDA.KOREA\" \/>\n<meta property=\"article:modified_time\" content=\"2026-04-11T14:13:41+00:00\" \/>\n<meta property=\"og:image\" content=\"https:\/\/idakorea.ee\/wp-content\/uploads\/2025\/11\/medicube-TXA-Niacinamaide-Capsule-Cream-idakorea.jpg\" \/>\n\t<meta property=\"og:image:width\" content=\"1000\" \/>\n\t<meta property=\"og:image:height\" content=\"1000\" \/>\n\t<meta property=\"og:image:type\" content=\"image\/jpeg\" \/>\n<meta name=\"twitter:card\" content=\"summary_large_image\" \/>\n<meta name=\"twitter:label1\" content=\"Arvioitu lukuaika\" \/>\n\t<meta name=\"twitter:data1\" content=\"2 minuuttia\" \/>\n<script type=\"application\/ld+json\" class=\"yoast-schema-graph\">{\"@context\":\"https:\/\/schema.org\",\"@graph\":[{\"@type\":\"WebPage\",\"@id\":\"https:\/\/idakorea.ee\/product\/medicube-txa-niacinamide-capsule-cream-55g\/\",\"url\":\"https:\/\/idakorea.ee\/product\/medicube-txa-niacinamide-capsule-cream-55g\/\",\"name\":\"Medicube TXA Niacinamide Capsule Cream, 55g - IDA.KOREA\",\"isPartOf\":{\"@id\":\"https:\/\/idakorea.ee\/#website\"},\"primaryImageOfPage\":{\"@id\":\"https:\/\/idakorea.ee\/product\/medicube-txa-niacinamide-capsule-cream-55g\/#primaryimage\"},\"image\":{\"@id\":\"https:\/\/idakorea.ee\/product\/medicube-txa-niacinamide-capsule-cream-55g\/#primaryimage\"},\"thumbnailUrl\":\"https:\/\/idakorea.ee\/wp-content\/uploads\/2025\/11\/medicube-TXA-Niacinamaide-Capsule-Cream-idakorea.jpg\",\"datePublished\":\"2025-11-17T08:50:18+00:00\",\"dateModified\":\"2026-04-11T14:13:41+00:00\",\"description\":\"Kapselkreem v\u00e4hendab pigmentatsiooni, \u00fchtlustab jumet. Sisaldab 5% niatsiinamiidi, traneksaamhapet, C-vitamiini ja 8 t\u00fc\u00fcpi h\u00fcaluroonhapet. Made in Korea.\",\"breadcrumb\":{\"@id\":\"https:\/\/idakorea.ee\/product\/medicube-txa-niacinamide-capsule-cream-55g\/#breadcrumb\"},\"inLanguage\":\"fi\",\"potentialAction\":[{\"@type\":\"ReadAction\",\"target\":[\"https:\/\/idakorea.ee\/product\/medicube-txa-niacinamide-capsule-cream-55g\/\"]}]},{\"@type\":\"ImageObject\",\"inLanguage\":\"fi\",\"@id\":\"https:\/\/idakorea.ee\/product\/medicube-txa-niacinamide-capsule-cream-55g\/#primaryimage\",\"url\":\"https:\/\/idakorea.ee\/wp-content\/uploads\/2025\/11\/medicube-TXA-Niacinamaide-Capsule-Cream-idakorea.jpg\",\"contentUrl\":\"https:\/\/idakorea.ee\/wp-content\/uploads\/2025\/11\/medicube-TXA-Niacinamaide-Capsule-Cream-idakorea.jpg\",\"width\":1000,\"height\":1000},{\"@type\":\"BreadcrumbList\",\"@id\":\"https:\/\/idakorea.ee\/product\/medicube-txa-niacinamide-capsule-cream-55g\/#breadcrumb\",\"itemListElement\":[{\"@type\":\"ListItem\",\"position\":1,\"name\":\"\u0413\u043b\u0430\u0432\u043d\u0430\u044f \u0441\u0442\u0440\u0430\u043d\u0438\u0446\u0430\",\"item\":\"https:\/\/idakorea.ee\/\"},{\"@type\":\"ListItem\",\"position\":2,\"name\":\"Shop\",\"item\":\"https:\/\/idakorea.ee\/shop-2\/\"},{\"@type\":\"ListItem\",\"position\":3,\"name\":\"Kapselkreem 5% niatsiinamiidiga Medicube TXA Niacinamide Capsule Cream, 55g\"}]},{\"@type\":\"WebSite\",\"@id\":\"https:\/\/idakorea.ee\/#website\",\"url\":\"https:\/\/idakorea.ee\/\",\"name\":\"IDA.KOREA\",\"description\":\"Korea kosmeetika e-pood\",\"publisher\":{\"@id\":\"https:\/\/idakorea.ee\/#organization\"},\"alternateName\":\"Beauty Shop\",\"potentialAction\":[{\"@type\":\"SearchAction\",\"target\":{\"@type\":\"EntryPoint\",\"urlTemplate\":\"https:\/\/idakorea.ee\/?s={search_term_string}\"},\"query-input\":{\"@type\":\"PropertyValueSpecification\",\"valueRequired\":true,\"valueName\":\"search_term_string\"}}],\"inLanguage\":\"fi\"},{\"@type\":\"Organization\",\"@id\":\"https:\/\/idakorea.ee\/#organization\",\"name\":\"IDA.KOREA\",\"url\":\"https:\/\/idakorea.ee\/\",\"logo\":{\"@type\":\"ImageObject\",\"inLanguage\":\"fi\",\"@id\":\"https:\/\/idakorea.ee\/#\/schema\/logo\/image\/\",\"url\":\"https:\/\/idakorea.ee\/wp-content\/uploads\/2024\/05\/cropped-korea3.png\",\"contentUrl\":\"https:\/\/idakorea.ee\/wp-content\/uploads\/2024\/05\/cropped-korea3.png\",\"width\":688,\"height\":126,\"caption\":\"IDA.KOREA\"},\"image\":{\"@id\":\"https:\/\/idakorea.ee\/#\/schema\/logo\/image\/\"},\"sameAs\":[\"https:\/\/www.instagram.com\/ida.korea\/\"]}]}<\/script>\n<!-- \/ Yoast SEO plugin. -->","yoast_head_json":{"title":"Medicube TXA Niacinamide Capsule Cream, 55g - IDA.KOREA","description":"Kapselivoide v\u00e4hent\u00e4\u00e4 pigmenttimuutoksia ja tasoittaa ihonv\u00e4ri\u00e4. Sis\u00e4lt\u00e4\u00e4 5%-niasiiniamidia, traneksaamihappoa, C-vitamiinia ja 8 erilaista hyaluronihappoa. Valmistettu Koreassa.","robots":{"index":"index","follow":"follow","max-snippet":"max-snippet:-1","max-image-preview":"max-image-preview:large","max-video-preview":"max-video-preview:-1"},"canonical":"https:\/\/idakorea.ee\/fi\/product\/medicube-txa-niacinamide-capsule-cream-55g\/","og_locale":"fi_FI","og_type":"article","og_title":"Medicube TXA Niacinamide Capsule Cream, 55g - IDA.KOREA","og_description":"Kapselkreem v\u00e4hendab pigmentatsiooni, \u00fchtlustab jumet. Sisaldab 5% niatsiinamiidi, traneksaamhapet, C-vitamiini ja 8 t\u00fc\u00fcpi h\u00fcaluroonhapet. Made in Korea.","og_url":"https:\/\/idakorea.ee\/fi\/product\/medicube-txa-niacinamide-capsule-cream-55g\/","og_site_name":"IDA.KOREA","article_modified_time":"2026-04-11T14:13:41+00:00","og_image":[{"width":1000,"height":1000,"url":"https:\/\/idakorea.ee\/wp-content\/uploads\/2025\/11\/medicube-TXA-Niacinamaide-Capsule-Cream-idakorea.jpg","type":"image\/jpeg"}],"twitter_card":"summary_large_image","twitter_misc":{"Arvioitu lukuaika":"2 minuuttia"},"schema":{"@context":"https:\/\/schema.org","@graph":[{"@type":"WebPage","@id":"https:\/\/idakorea.ee\/product\/medicube-txa-niacinamide-capsule-cream-55g\/","url":"https:\/\/idakorea.ee\/product\/medicube-txa-niacinamide-capsule-cream-55g\/","name":"Medicube TXA Niacinamide Capsule Cream, 55g - IDA.KOREA","isPartOf":{"@id":"https:\/\/idakorea.ee\/#website"},"primaryImageOfPage":{"@id":"https:\/\/idakorea.ee\/product\/medicube-txa-niacinamide-capsule-cream-55g\/#primaryimage"},"image":{"@id":"https:\/\/idakorea.ee\/product\/medicube-txa-niacinamide-capsule-cream-55g\/#primaryimage"},"thumbnailUrl":"https:\/\/idakorea.ee\/wp-content\/uploads\/2025\/11\/medicube-TXA-Niacinamaide-Capsule-Cream-idakorea.jpg","datePublished":"2025-11-17T08:50:18+00:00","dateModified":"2026-04-11T14:13:41+00:00","description":"Kapselivoide v\u00e4hent\u00e4\u00e4 pigmenttimuutoksia ja tasoittaa ihonv\u00e4ri\u00e4. Sis\u00e4lt\u00e4\u00e4 5%-niasiiniamidia, traneksaamihappoa, C-vitamiinia ja 8 erilaista hyaluronihappoa. Valmistettu Koreassa.","breadcrumb":{"@id":"https:\/\/idakorea.ee\/product\/medicube-txa-niacinamide-capsule-cream-55g\/#breadcrumb"},"inLanguage":"fi","potentialAction":[{"@type":"ReadAction","target":["https:\/\/idakorea.ee\/product\/medicube-txa-niacinamide-capsule-cream-55g\/"]}]},{"@type":"ImageObject","inLanguage":"fi","@id":"https:\/\/idakorea.ee\/product\/medicube-txa-niacinamide-capsule-cream-55g\/#primaryimage","url":"https:\/\/idakorea.ee\/wp-content\/uploads\/2025\/11\/medicube-TXA-Niacinamaide-Capsule-Cream-idakorea.jpg","contentUrl":"https:\/\/idakorea.ee\/wp-content\/uploads\/2025\/11\/medicube-TXA-Niacinamaide-Capsule-Cream-idakorea.jpg","width":1000,"height":1000},{"@type":"BreadcrumbList","@id":"https:\/\/idakorea.ee\/product\/medicube-txa-niacinamide-capsule-cream-55g\/#breadcrumb","itemListElement":[{"@type":"ListItem","position":1,"name":"\u0413\u043b\u0430\u0432\u043d\u0430\u044f \u0441\u0442\u0440\u0430\u043d\u0438\u0446\u0430","item":"https:\/\/idakorea.ee\/"},{"@type":"ListItem","position":2,"name":"Shop","item":"https:\/\/idakorea.ee\/shop-2\/"},{"@type":"ListItem","position":3,"name":"Kapselkreem 5% niatsiinamiidiga Medicube TXA Niacinamide Capsule Cream, 55g"}]},{"@type":"WebSite","@id":"https:\/\/idakorea.ee\/#website","url":"https:\/\/idakorea.ee\/","name":"IDA.KOREA","description":"Korean kosmetiikan verkkokauppa","publisher":{"@id":"https:\/\/idakorea.ee\/#organization"},"alternateName":"Beauty Shop","potentialAction":[{"@type":"SearchAction","target":{"@type":"EntryPoint","urlTemplate":"https:\/\/idakorea.ee\/?s={search_term_string}"},"query-input":{"@type":"PropertyValueSpecification","valueRequired":true,"valueName":"search_term_string"}}],"inLanguage":"fi"},{"@type":"Organization","@id":"https:\/\/idakorea.ee\/#organization","name":"IDA.KOREA","url":"https:\/\/idakorea.ee\/","logo":{"@type":"ImageObject","inLanguage":"fi","@id":"https:\/\/idakorea.ee\/#\/schema\/logo\/image\/","url":"https:\/\/idakorea.ee\/wp-content\/uploads\/2024\/05\/cropped-korea3.png","contentUrl":"https:\/\/idakorea.ee\/wp-content\/uploads\/2024\/05\/cropped-korea3.png","width":688,"height":126,"caption":"IDA.KOREA"},"image":{"@id":"https:\/\/idakorea.ee\/#\/schema\/logo\/image\/"},"sameAs":["https:\/\/www.instagram.com\/ida.korea\/"]}]}},"jetpack_sharing_enabled":true,"brands":[{"id":490,"name":"MEDICUBE","slug":"medicube"}],"_links":{"self":[{"href":"https:\/\/idakorea.ee\/fi\/wp-json\/wp\/v2\/product\/16509","targetHints":{"allow":["GET"]}}],"collection":[{"href":"https:\/\/idakorea.ee\/fi\/wp-json\/wp\/v2\/product"}],"about":[{"href":"https:\/\/idakorea.ee\/fi\/wp-json\/wp\/v2\/types\/product"}],"replies":[{"embeddable":true,"href":"https:\/\/idakorea.ee\/fi\/wp-json\/wp\/v2\/comments?post=16509"}],"version-history":[{"count":2,"href":"https:\/\/idakorea.ee\/fi\/wp-json\/wp\/v2\/product\/16509\/revisions"}],"predecessor-version":[{"id":17458,"href":"https:\/\/idakorea.ee\/fi\/wp-json\/wp\/v2\/product\/16509\/revisions\/17458"}],"wp:featuredmedia":[{"embeddable":true,"href":"https:\/\/idakorea.ee\/fi\/wp-json\/wp\/v2\/media\/16510"}],"wp:attachment":[{"href":"https:\/\/idakorea.ee\/fi\/wp-json\/wp\/v2\/media?parent=16509"}],"wp:term":[{"taxonomy":"pwb-brand","embeddable":true,"href":"https:\/\/idakorea.ee\/fi\/wp-json\/wp\/v2\/pwb-brand?post=16509"},{"taxonomy":"product_brand","embeddable":true,"href":"https:\/\/idakorea.ee\/fi\/wp-json\/wp\/v2\/product_brand?post=16509"},{"taxonomy":"product_cat","embeddable":true,"href":"https:\/\/idakorea.ee\/fi\/wp-json\/wp\/v2\/product_cat?post=16509"},{"taxonomy":"product_tag","embeddable":true,"href":"https:\/\/idakorea.ee\/fi\/wp-json\/wp\/v2\/product_tag?post=16509"}],"curies":[{"name":"wp","href":"https:\/\/api.w.org\/{rel}","templated":true}]}}