{"id":16525,"date":"2025-11-18T10:22:12","date_gmt":"2025-11-18T07:22:12","guid":{"rendered":"https:\/\/idakorea.ee\/?post_type=product&#038;p=16525"},"modified":"2026-04-08T10:44:49","modified_gmt":"2026-04-08T08:44:49","slug":"medicube-retinol-nmn-boosting-serum-30ml","status":"publish","type":"product","link":"https:\/\/idakorea.ee\/fi\/product\/medicube-retinol-nmn-boosting-serum-30ml\/","title":{"rendered":"Medicube Retinol NMN Boosting Serum, 30ml"},"content":{"rendered":"<p>Tehosteseerumi retinolia ja peptidej\u00e4 sis\u00e4lt\u00e4v\u00e4ll\u00e4 seerumilla<strong> Medicube Retinol NMN Boosting Serum<\/strong> Parantaa ihon kimmoisuutta, tasoittaa mikroreliefi\u00e4 ja supistaa ihohuokosia. V\u00e4hent\u00e4\u00e4 sameutta, tasoittaa ihon s\u00e4vy\u00e4 ja auttaa vaalentamaan hyperpigmentaatiota ja aknen j\u00e4lkioireita.<\/p>\n<p>Sis\u00e4lt\u00e4\u00e4 1,9%-liposomaalista retinaalia, jolla on voimakas ik\u00e4\u00e4ntymist\u00e4 ehk\u00e4isev\u00e4 vaikutus: se stimuloi kollageenisynteesi\u00e4, silottaa ryppyj\u00e4 ja v\u00e4hent\u00e4\u00e4 niiden syvyytt\u00e4. Sill\u00e4 on korkea antioksidanttinen aktiivisuus ja se suojaa oksidatiiviselta stressilt\u00e4. Liposomit varmistavat aktiiviaineiden syvemm\u00e4n imeytymisen ja tehokkaamman vaikutuksen.<\/p>\n<p><strong>T\u00e4rkeimm\u00e4t vaikuttavat aineosat<\/strong><\/p>\n<ul>\n<li><strong>NMN (nikotiiniamidimononukleotidi)<\/strong> Aktivoi proteiinisynteesi\u00e4, parantaa ihon rakennetta ja vahvistaa ihon suojamuuria, ehk\u00e4isten kuivuutta, hilseily\u00e4 ja kosteuden menetyst\u00e4.<\/li>\n<li><strong>4 peptidi\u00e4<\/strong> (Asetyyliheksapeptidi-8, asetyylitetrapeptidi-5, palmitoyylitetrapeptidi-7, palmitoyylitripeptidi-5) vaikuttavat ik\u00e4\u00e4ntymist\u00e4 ehk\u00e4isev\u00e4sti: ne kiihdytt\u00e4v\u00e4t uudistumista, v\u00e4hent\u00e4v\u00e4t ryppyjen syvyytt\u00e4, silottavat ja kiinteytt\u00e4v\u00e4t ihoa. Argireliini, botuliiniterapian kaltainen peptidi, auttaa rentouttamaan kasvolihaksia ja ehk\u00e4isee ryppyjen muodostumista.<\/li>\n<li><strong>2 C-vitamiinin muotoa<\/strong> (3-O-etyyliaskorbiinihappo, askorbiinihappo) vaalentaa hell\u00e4varaisesti pigmenttil\u00e4iski\u00e4, aktivoi kollageenisynteesi\u00e4, tarjoaa antioksidanttisuojaa ja ehk\u00e4isee ensimm\u00e4isi\u00e4 ik\u00e4\u00e4ntymisen merkkej\u00e4.<\/li>\n<li><strong>Probiootit<\/strong> tasapainottaa hydrolipidikerrosta, v\u00e4hent\u00e4\u00e4 tulehdusta, vahvistaa paikallista vastustuskyky\u00e4, kiihdytt\u00e4\u00e4 mikroverenkiertoa ja solujen uusiutumista sek\u00e4 tasoittaa ihon s\u00e4vy\u00e4.<\/li>\n<li><strong>Ryppyinen ruohokompleksi<\/strong> (Centella asiatica -uute, asiatikosidi, madekassiinihappo, madekassosidi, aasialainen happo) on tulehdusta est\u00e4v\u00e4 ja uudistava, vahvistaa suojakerrosta, lievitt\u00e4\u00e4 herkkyytt\u00e4 ja turvotusta, parantaa kapillaarien kuntoa ja auttaa ehk\u00e4isem\u00e4\u00e4n couperosaa.<\/li>\n<li><strong>Skvala<\/strong> rauhoittaa, v\u00e4hent\u00e4\u00e4 kosteuden haihtumista, suojaa kuivumiselta, ravitsee ja hidastaa ihon ik\u00e4\u00e4ntymisprosesseja.<\/li>\n<\/ul>\n<p>Sopii kaikille ihotyypeille.<\/p>\n<p><strong>K\u00e4ytt\u00f6<\/strong><\/p>\n<p>Levit\u00e4 seerumia kasvoille illalla puhdistuksen j\u00e4lkeen ja levit\u00e4 tasaisesti iholle. Levit\u00e4 sen j\u00e4lkeen aurinkovoide. K\u00e4yt\u00e4 p\u00e4iv\u00e4ll\u00e4 SPF50+ -aurinkosuojaa.<\/p>\n<h3><\/h3>\n<p><strong>!<\/strong> \u00c4l\u00e4 k\u00e4yt\u00e4 samanaikaisesti kuorivien happojen (AHA, BHA), vahvojen C-vitamiinitiivisteiden, kuorintojen tai kuorinta-aineiden kanssa. Ei sovellu raskauden, imetyksen tai kosmeettisten toimenpiteiden j\u00e4lkeen. Jos k\u00e4yt\u00e4t retinolia ensimm\u00e4ist\u00e4 kertaa, aloita k\u00e4ytt\u00f6 2\u20133 kertaa viikossa ja lis\u00e4\u00e4 k\u00e4ytt\u00f6kertoja v\u00e4hitellen.<\/p>","protected":false},"excerpt":{"rendered":"<p>Medicube Retinol NMN Boosting Serum retinolia ja peptidej\u00e4 sis\u00e4lt\u00e4v\u00e4 seerumi parantaa ihon kimmoisuutta, tasoittaa mikroreliefi\u00e4 ja supistaa ihohuokosia. V\u00e4hent\u00e4\u00e4 sameutta, tasoittaa ihon s\u00e4vy\u00e4 ja auttaa kirkastamaan hyperpigmentaatiota ja aknen j\u00e4lki\u00e4. Sis\u00e4lt\u00e4\u00e4 1,9%-liposomaalista retinolihappoa, jolla on voimakas ik\u00e4\u00e4ntymist\u00e4 ehk\u00e4isev\u00e4 vaikutus: se stimuloi kollageenisynteesi\u00e4, silottaa ryppyj\u00e4 ja v\u00e4hent\u00e4\u00e4 niiden syvyytt\u00e4. Sill\u00e4 on korkea antioksidanttinen aktiivisuus ja se suojaa oksidatiiviselta stressilt\u00e4.<\/p>","protected":false},"featured_media":16526,"comment_status":"open","ping_status":"closed","template":"","meta":{"_uf_show_specific_survey":0,"_uf_disable_surveys":false,"_bst_post_transparent":"default","_bst_post_title":"","_bst_post_layout":"default","_bst_post_sidebar_id":"","_bst_post_content_style":"default","_bst_post_vertical_padding":"default","_bst_post_feature":"","_bst_post_feature_position":"","_bst_post_header":false,"_bst_post_footer":false},"pwb-brand":[490],"product_brand":[],"product_cat":[92,97],"product_tag":[568,721,213],"class_list":{"0":"post-16525","1":"product","2":"type-product","3":"status-publish","4":"has-post-thumbnail","6":"pwb-brand-medicube","7":"product_cat-nagu","8":"product_cat-naoseerumid-ja-olid","9":"product_tag-korea","10":"product_tag-medicube","11":"product_tag-retinol","13":"first","14":"instock","15":"sale","16":"shipping-taxable","17":"purchasable","18":"product-type-simple","19":"entry","20":"content-bg","21":"loop-entry"},"supplier_id":null,"supplier_sku":"","barcode":null,"atum_controlled":true,"out_stock_date":null,"out_stock_threshold":null,"inheritable":false,"inbound_stock":0,"stock_on_hold":0,"sold_today":0,"sales_last_days":1,"out_stock_days":0,"lost_sales":0,"has_location":false,"update_date":"2026-04-14T00:05:13","atum_locations":[],"atum_stock_status":"instock","restock_status":false,"low_stock_amount":"","sales_update_date":"2026-04-14T00:05:13","calc_backorders":null,"yoast_head":"<!-- This site is optimized with the Yoast SEO plugin v27.2 - https:\/\/yoast.com\/product\/yoast-seo-wordpress\/ -->\n<title>Medicube Retinol NMN Boosting Serum, 30ml - IDA.KOREA<\/title>\n<meta name=\"description\" content=\"Retinooli ja peptiididega buusterseerum Medicube Retinol NMN v\u00e4hendab tuhmust, \u00fchtlustab tooni, aitab heledamaks muuta h\u00fcperpigmentatsiooni ja postaknet.\" \/>\n<meta name=\"robots\" content=\"index, follow, max-snippet:-1, max-image-preview:large, max-video-preview:-1\" \/>\n<link rel=\"canonical\" href=\"https:\/\/idakorea.ee\/fi\/product\/medicube-retinol-nmn-boosting-serum-30ml\/\" \/>\n<meta property=\"og:locale\" content=\"fi_FI\" \/>\n<meta property=\"og:type\" content=\"article\" \/>\n<meta property=\"og:title\" content=\"Medicube Retinol NMN Boosting Serum, 30ml - IDA.KOREA\" \/>\n<meta property=\"og:description\" content=\"Retinooli ja peptiididega buusterseerum Medicube Retinol NMN v\u00e4hendab tuhmust, \u00fchtlustab tooni, aitab heledamaks muuta h\u00fcperpigmentatsiooni ja postaknet.\" \/>\n<meta property=\"og:url\" content=\"https:\/\/idakorea.ee\/fi\/product\/medicube-retinol-nmn-boosting-serum-30ml\/\" \/>\n<meta property=\"og:site_name\" content=\"IDA.KOREA\" \/>\n<meta property=\"article:modified_time\" content=\"2026-04-08T08:44:49+00:00\" \/>\n<meta property=\"og:image\" content=\"https:\/\/idakorea.ee\/wp-content\/uploads\/2025\/11\/Retinol-NMN-Boosting-Serum-idakorea.jpg\" \/>\n\t<meta property=\"og:image:width\" content=\"1000\" \/>\n\t<meta property=\"og:image:height\" content=\"1000\" \/>\n\t<meta property=\"og:image:type\" content=\"image\/jpeg\" \/>\n<meta name=\"twitter:card\" content=\"summary_large_image\" \/>\n<meta name=\"twitter:label1\" content=\"Arvioitu lukuaika\" \/>\n\t<meta name=\"twitter:data1\" content=\"2 minuuttia\" \/>\n<script type=\"application\/ld+json\" class=\"yoast-schema-graph\">{\"@context\":\"https:\/\/schema.org\",\"@graph\":[{\"@type\":\"WebPage\",\"@id\":\"https:\/\/idakorea.ee\/product\/medicube-retinol-nmn-boosting-serum-30ml\/\",\"url\":\"https:\/\/idakorea.ee\/product\/medicube-retinol-nmn-boosting-serum-30ml\/\",\"name\":\"Medicube Retinol NMN Boosting Serum, 30ml - IDA.KOREA\",\"isPartOf\":{\"@id\":\"https:\/\/idakorea.ee\/#website\"},\"primaryImageOfPage\":{\"@id\":\"https:\/\/idakorea.ee\/product\/medicube-retinol-nmn-boosting-serum-30ml\/#primaryimage\"},\"image\":{\"@id\":\"https:\/\/idakorea.ee\/product\/medicube-retinol-nmn-boosting-serum-30ml\/#primaryimage\"},\"thumbnailUrl\":\"https:\/\/idakorea.ee\/wp-content\/uploads\/2025\/11\/Retinol-NMN-Boosting-Serum-idakorea.jpg\",\"datePublished\":\"2025-11-18T07:22:12+00:00\",\"dateModified\":\"2026-04-08T08:44:49+00:00\",\"description\":\"Retinooli ja peptiididega buusterseerum Medicube Retinol NMN v\u00e4hendab tuhmust, \u00fchtlustab tooni, aitab heledamaks muuta h\u00fcperpigmentatsiooni ja postaknet.\",\"breadcrumb\":{\"@id\":\"https:\/\/idakorea.ee\/product\/medicube-retinol-nmn-boosting-serum-30ml\/#breadcrumb\"},\"inLanguage\":\"fi\",\"potentialAction\":[{\"@type\":\"ReadAction\",\"target\":[\"https:\/\/idakorea.ee\/product\/medicube-retinol-nmn-boosting-serum-30ml\/\"]}]},{\"@type\":\"ImageObject\",\"inLanguage\":\"fi\",\"@id\":\"https:\/\/idakorea.ee\/product\/medicube-retinol-nmn-boosting-serum-30ml\/#primaryimage\",\"url\":\"https:\/\/idakorea.ee\/wp-content\/uploads\/2025\/11\/Retinol-NMN-Boosting-Serum-idakorea.jpg\",\"contentUrl\":\"https:\/\/idakorea.ee\/wp-content\/uploads\/2025\/11\/Retinol-NMN-Boosting-Serum-idakorea.jpg\",\"width\":1000,\"height\":1000},{\"@type\":\"BreadcrumbList\",\"@id\":\"https:\/\/idakorea.ee\/product\/medicube-retinol-nmn-boosting-serum-30ml\/#breadcrumb\",\"itemListElement\":[{\"@type\":\"ListItem\",\"position\":1,\"name\":\"\u0413\u043b\u0430\u0432\u043d\u0430\u044f \u0441\u0442\u0440\u0430\u043d\u0438\u0446\u0430\",\"item\":\"https:\/\/idakorea.ee\/\"},{\"@type\":\"ListItem\",\"position\":2,\"name\":\"Shop\",\"item\":\"https:\/\/idakorea.ee\/shop-2\/\"},{\"@type\":\"ListItem\",\"position\":3,\"name\":\"Retinooli ja peptiididega buusterseerum Medicube Retinol NMN Boosting Serum, 30ml\"}]},{\"@type\":\"WebSite\",\"@id\":\"https:\/\/idakorea.ee\/#website\",\"url\":\"https:\/\/idakorea.ee\/\",\"name\":\"IDA.KOREA\",\"description\":\"Korea kosmeetika e-pood\",\"publisher\":{\"@id\":\"https:\/\/idakorea.ee\/#organization\"},\"alternateName\":\"Beauty Shop\",\"potentialAction\":[{\"@type\":\"SearchAction\",\"target\":{\"@type\":\"EntryPoint\",\"urlTemplate\":\"https:\/\/idakorea.ee\/?s={search_term_string}\"},\"query-input\":{\"@type\":\"PropertyValueSpecification\",\"valueRequired\":true,\"valueName\":\"search_term_string\"}}],\"inLanguage\":\"fi\"},{\"@type\":\"Organization\",\"@id\":\"https:\/\/idakorea.ee\/#organization\",\"name\":\"IDA.KOREA\",\"url\":\"https:\/\/idakorea.ee\/\",\"logo\":{\"@type\":\"ImageObject\",\"inLanguage\":\"fi\",\"@id\":\"https:\/\/idakorea.ee\/#\/schema\/logo\/image\/\",\"url\":\"https:\/\/idakorea.ee\/wp-content\/uploads\/2024\/05\/cropped-korea3.png\",\"contentUrl\":\"https:\/\/idakorea.ee\/wp-content\/uploads\/2024\/05\/cropped-korea3.png\",\"width\":688,\"height\":126,\"caption\":\"IDA.KOREA\"},\"image\":{\"@id\":\"https:\/\/idakorea.ee\/#\/schema\/logo\/image\/\"},\"sameAs\":[\"https:\/\/www.instagram.com\/ida.korea\/\"]}]}<\/script>\n<!-- \/ Yoast SEO plugin. -->","yoast_head_json":{"title":"Medicube Retinol NMN Boosting Serum, 30ml - IDA.KOREA","description":"Medicube Retinol NMN -tehosteserum, joka sis\u00e4lt\u00e4\u00e4 retinolia ja peptidej\u00e4, v\u00e4hent\u00e4\u00e4 sameutta, tasoittaa ihon s\u00e4vy\u00e4 ja auttaa vaalentamaan hyperpigmentaatiota ja aknen j\u00e4lki\u00e4.","robots":{"index":"index","follow":"follow","max-snippet":"max-snippet:-1","max-image-preview":"max-image-preview:large","max-video-preview":"max-video-preview:-1"},"canonical":"https:\/\/idakorea.ee\/fi\/product\/medicube-retinol-nmn-boosting-serum-30ml\/","og_locale":"fi_FI","og_type":"article","og_title":"Medicube Retinol NMN Boosting Serum, 30ml - IDA.KOREA","og_description":"Retinooli ja peptiididega buusterseerum Medicube Retinol NMN v\u00e4hendab tuhmust, \u00fchtlustab tooni, aitab heledamaks muuta h\u00fcperpigmentatsiooni ja postaknet.","og_url":"https:\/\/idakorea.ee\/fi\/product\/medicube-retinol-nmn-boosting-serum-30ml\/","og_site_name":"IDA.KOREA","article_modified_time":"2026-04-08T08:44:49+00:00","og_image":[{"width":1000,"height":1000,"url":"https:\/\/idakorea.ee\/wp-content\/uploads\/2025\/11\/Retinol-NMN-Boosting-Serum-idakorea.jpg","type":"image\/jpeg"}],"twitter_card":"summary_large_image","twitter_misc":{"Arvioitu lukuaika":"2 minuuttia"},"schema":{"@context":"https:\/\/schema.org","@graph":[{"@type":"WebPage","@id":"https:\/\/idakorea.ee\/product\/medicube-retinol-nmn-boosting-serum-30ml\/","url":"https:\/\/idakorea.ee\/product\/medicube-retinol-nmn-boosting-serum-30ml\/","name":"Medicube Retinol NMN Boosting Serum, 30ml - IDA.KOREA","isPartOf":{"@id":"https:\/\/idakorea.ee\/#website"},"primaryImageOfPage":{"@id":"https:\/\/idakorea.ee\/product\/medicube-retinol-nmn-boosting-serum-30ml\/#primaryimage"},"image":{"@id":"https:\/\/idakorea.ee\/product\/medicube-retinol-nmn-boosting-serum-30ml\/#primaryimage"},"thumbnailUrl":"https:\/\/idakorea.ee\/wp-content\/uploads\/2025\/11\/Retinol-NMN-Boosting-Serum-idakorea.jpg","datePublished":"2025-11-18T07:22:12+00:00","dateModified":"2026-04-08T08:44:49+00:00","description":"Medicube Retinol NMN -tehosteserum, joka sis\u00e4lt\u00e4\u00e4 retinolia ja peptidej\u00e4, v\u00e4hent\u00e4\u00e4 sameutta, tasoittaa ihon s\u00e4vy\u00e4 ja auttaa vaalentamaan hyperpigmentaatiota ja aknen j\u00e4lki\u00e4.","breadcrumb":{"@id":"https:\/\/idakorea.ee\/product\/medicube-retinol-nmn-boosting-serum-30ml\/#breadcrumb"},"inLanguage":"fi","potentialAction":[{"@type":"ReadAction","target":["https:\/\/idakorea.ee\/product\/medicube-retinol-nmn-boosting-serum-30ml\/"]}]},{"@type":"ImageObject","inLanguage":"fi","@id":"https:\/\/idakorea.ee\/product\/medicube-retinol-nmn-boosting-serum-30ml\/#primaryimage","url":"https:\/\/idakorea.ee\/wp-content\/uploads\/2025\/11\/Retinol-NMN-Boosting-Serum-idakorea.jpg","contentUrl":"https:\/\/idakorea.ee\/wp-content\/uploads\/2025\/11\/Retinol-NMN-Boosting-Serum-idakorea.jpg","width":1000,"height":1000},{"@type":"BreadcrumbList","@id":"https:\/\/idakorea.ee\/product\/medicube-retinol-nmn-boosting-serum-30ml\/#breadcrumb","itemListElement":[{"@type":"ListItem","position":1,"name":"\u0413\u043b\u0430\u0432\u043d\u0430\u044f \u0441\u0442\u0440\u0430\u043d\u0438\u0446\u0430","item":"https:\/\/idakorea.ee\/"},{"@type":"ListItem","position":2,"name":"Shop","item":"https:\/\/idakorea.ee\/shop-2\/"},{"@type":"ListItem","position":3,"name":"Retinooli ja peptiididega buusterseerum Medicube Retinol NMN Boosting Serum, 30ml"}]},{"@type":"WebSite","@id":"https:\/\/idakorea.ee\/#website","url":"https:\/\/idakorea.ee\/","name":"IDA.KOREA","description":"Korean kosmetiikan verkkokauppa","publisher":{"@id":"https:\/\/idakorea.ee\/#organization"},"alternateName":"Beauty Shop","potentialAction":[{"@type":"SearchAction","target":{"@type":"EntryPoint","urlTemplate":"https:\/\/idakorea.ee\/?s={search_term_string}"},"query-input":{"@type":"PropertyValueSpecification","valueRequired":true,"valueName":"search_term_string"}}],"inLanguage":"fi"},{"@type":"Organization","@id":"https:\/\/idakorea.ee\/#organization","name":"IDA.KOREA","url":"https:\/\/idakorea.ee\/","logo":{"@type":"ImageObject","inLanguage":"fi","@id":"https:\/\/idakorea.ee\/#\/schema\/logo\/image\/","url":"https:\/\/idakorea.ee\/wp-content\/uploads\/2024\/05\/cropped-korea3.png","contentUrl":"https:\/\/idakorea.ee\/wp-content\/uploads\/2024\/05\/cropped-korea3.png","width":688,"height":126,"caption":"IDA.KOREA"},"image":{"@id":"https:\/\/idakorea.ee\/#\/schema\/logo\/image\/"},"sameAs":["https:\/\/www.instagram.com\/ida.korea\/"]}]}},"jetpack_sharing_enabled":true,"brands":[{"id":490,"name":"MEDICUBE","slug":"medicube"}],"_links":{"self":[{"href":"https:\/\/idakorea.ee\/fi\/wp-json\/wp\/v2\/product\/16525","targetHints":{"allow":["GET"]}}],"collection":[{"href":"https:\/\/idakorea.ee\/fi\/wp-json\/wp\/v2\/product"}],"about":[{"href":"https:\/\/idakorea.ee\/fi\/wp-json\/wp\/v2\/types\/product"}],"replies":[{"embeddable":true,"href":"https:\/\/idakorea.ee\/fi\/wp-json\/wp\/v2\/comments?post=16525"}],"version-history":[{"count":3,"href":"https:\/\/idakorea.ee\/fi\/wp-json\/wp\/v2\/product\/16525\/revisions"}],"predecessor-version":[{"id":16531,"href":"https:\/\/idakorea.ee\/fi\/wp-json\/wp\/v2\/product\/16525\/revisions\/16531"}],"wp:featuredmedia":[{"embeddable":true,"href":"https:\/\/idakorea.ee\/fi\/wp-json\/wp\/v2\/media\/16526"}],"wp:attachment":[{"href":"https:\/\/idakorea.ee\/fi\/wp-json\/wp\/v2\/media?parent=16525"}],"wp:term":[{"taxonomy":"pwb-brand","embeddable":true,"href":"https:\/\/idakorea.ee\/fi\/wp-json\/wp\/v2\/pwb-brand?post=16525"},{"taxonomy":"product_brand","embeddable":true,"href":"https:\/\/idakorea.ee\/fi\/wp-json\/wp\/v2\/product_brand?post=16525"},{"taxonomy":"product_cat","embeddable":true,"href":"https:\/\/idakorea.ee\/fi\/wp-json\/wp\/v2\/product_cat?post=16525"},{"taxonomy":"product_tag","embeddable":true,"href":"https:\/\/idakorea.ee\/fi\/wp-json\/wp\/v2\/product_tag?post=16525"}],"curies":[{"name":"wp","href":"https:\/\/api.w.org\/{rel}","templated":true}]}}