{"id":16628,"date":"2025-11-27T14:24:31","date_gmt":"2025-11-27T12:24:31","guid":{"rendered":"https:\/\/idakorea.ee\/?post_type=product&#038;p=16628"},"modified":"2026-03-15T17:32:54","modified_gmt":"2026-03-15T15:32:54","slug":"lifting-komplekt-medi-peel-peptide-tox-5-peptide-bor-multi-care-kit","status":"publish","type":"product","link":"https:\/\/idakorea.ee\/fi\/product\/lifting-komplekt-medi-peel-peptide-tox-5-peptide-bor-multi-care-kit\/","title":{"rendered":"Medi-Peel Peptide-Tox 5 Peptide Bor Multi Care Kit"},"content":{"rendered":"<p><strong>Medi-Peel Peptide-Tox 5 Peptide Bor Multi Care Kit <\/strong>Kiinteytt\u00e4v\u00e4 setti v\u00e4hent\u00e4\u00e4 ryppyj\u00e4, kiinteytt\u00e4\u00e4 ihoa ja tekee siit\u00e4 joustavamman ja kiinte\u00e4mm\u00e4n.<\/p>\n<p><strong>Mukana:<\/strong><br \/>\n\u2022 tonic 30 ml<br \/>\n\u2022 emulsio 30 ml<br \/>\n\u2022 seerumi 30 ml<br \/>\n\u2022 kerma 50 ml<\/p>\n<p>T\u00e4m\u00e4 sarja tarjoaa kokonaisvaltaista hoitoa ik\u00e4\u00e4ntyv\u00e4lle iholle. Tuotteiden vaikutus on verrattavissa Botoxin tehoon: ne rentouttavat kasvolihaksia, v\u00e4hent\u00e4v\u00e4t olemassa olevia ryppyj\u00e4 ja est\u00e4v\u00e4t uusien muodostumista.<\/p>\n<p>Ne tekev\u00e4t kasvojen piirteist\u00e4 selke\u00e4mpi\u00e4 ja ilmeikk\u00e4\u00e4mpi\u00e4, ehk\u00e4isev\u00e4t ihon veltostumista ja kimmoisuuden menetyst\u00e4, parantavat mikroverenkiertoa ja aineenvaihduntaa. Tuotteet kosteuttavat syv\u00e4lt\u00e4, ravitsevat ihoa ja k\u00e4ynnist\u00e4v\u00e4t uudistumis- ja paranemisprosesseja.<\/p>\n<p><strong>Setti sis\u00e4lt\u00e4\u00e4 4 tuotetta:<\/strong><br \/>\n<strong>V\u00e4riaine<\/strong> \u2013 palauttaa kosteusvarastot puhdistuksen j\u00e4lkeen, yll\u00e4pit\u00e4\u00e4 vesi- ja lipiditasapainoa ja parantaa solujen kyky\u00e4 sitoa kosteutta. Valmistelee ihon seuraavien hoitotuotteiden parempaan imeytymiseen.<br \/>\n<strong>Emulsio<\/strong> \u2013 ravitsee ja kosteuttaa syv\u00e4lt\u00e4, stimuloi kollageenin ja elastiinin synteesi\u00e4 ja vahvistaa epidermiksen soluja. Lievitt\u00e4\u00e4 kuivuutta ja kireytt\u00e4.<br \/>\n<strong>Seerumi<\/strong> \u2013 voimakkaalla kohottavalla vaikutuksella, kohdistuu ongelma-alueisiin: silottaa tehokkaasti variksenjalkoja, marionettiryppyj\u00e4 ja nen\u00e4n ja suun v\u00e4lisi\u00e4 juonteita.<br \/>\n<strong>Kerma<\/strong> \u2013 aktivoi kollageenin ja elastiinin tuotantoa, kiihdytt\u00e4\u00e4 solujen jakautumista, lis\u00e4\u00e4 ihon tiheytt\u00e4 ja kimmoisuutta. Vahvistaa epidermiksen kuituja ja auttaa ehk\u00e4isem\u00e4\u00e4n niiden vaurioita.<\/p>\n<p><strong>T\u00e4rkeimm\u00e4t vaikuttavat aineet:<\/strong><br \/>\n<strong>Volufilin<\/strong> \u2013 ainutlaatuinen anemarrhena-juuresta saatava ainesosa, joka stimuloi paikallisesti rasvakudoksen luonnollista uusiutumista, lis\u00e4\u00e4 ihon tiheytt\u00e4 ja kimmoisuutta, v\u00e4hent\u00e4\u00e4 veltostumista ja silottaa ryppyj\u00e4.<br \/>\n<strong>Hyaluronihappo<\/strong> \u2013 tunkeutuu syv\u00e4lle ihoon, poistaa kuivumista, palauttaa kosteustasapainon ja pit\u00e4\u00e4 ihon sile\u00e4n\u00e4.<br \/>\n<strong>5 peptidikompleksi<\/strong> \u2013 vastaa jatkuvasta solujen uusiutumisesta, sill\u00e4 on voimakas ik\u00e4\u00e4ntymist\u00e4 ehk\u00e4isev\u00e4 vaikutus, v\u00e4hent\u00e4\u00e4 ryppyjen n\u00e4kyvyytt\u00e4 ja est\u00e4\u00e4 uusien muodostumista, normalisoi kollageenin ja elastiinin tuotantoa sek\u00e4 tasoittaa ihon rakennetta.<br \/>\n<strong>Keramidit<\/strong> \u2013 vahvistaa ihon suojakerrosta ja est\u00e4\u00e4 kosteuden haihtumista.<br \/>\n<strong>Hydrolysoitu kollageeni<\/strong> \u2013 palauttaa epidermiksen rakenteen, vahvistaa soluseini\u00e4, parantaa proteiiniaineenvaihduntaa ja silottaa ryppyj\u00e4.<br \/>\n<strong>Probiootit<\/strong> \u2013 tukevat ihon mikrobistoa, tasoittavat ihon s\u00e4vy\u00e4 ja auttavat v\u00e4hent\u00e4m\u00e4\u00e4n pigmenttimuutoksia. Kosteuttavat, lievitt\u00e4v\u00e4t punoitusta, s\u00e4\u00e4telev\u00e4t melaniinin tuotantoa, kuorivat hell\u00e4varaisesti ja nopeuttavat uudistumista. Vahvistavat ihon suojakerrosta ulkoisia vaikutuksia vastaan.<\/p>\n<p>Sopii kaikille ihotyypeille.<\/p>\n<p><strong>K\u00e4ytt\u00f6:<\/strong><br \/>\nLevit\u00e4 pieni m\u00e4\u00e4r\u00e4 kasvovett\u00e4 puhdistetulle iholle ja hiero kevyesti. Levit\u00e4 sitten seerumi ja anna sen imeyty\u00e4. Sen j\u00e4lkeen levit\u00e4 iholle emulsio. Ihon tarpeista riippuen voidetta voidaan k\u00e4ytt\u00e4\u00e4 hoidon viimeisess\u00e4 vaiheessa tai y\u00f6voiteena.<\/p>\n<hr \/>","protected":false},"excerpt":{"rendered":"<p>Medi-Peel Peptide-Tox 5 Peptide Bor Multi Care Kit -kihotussetti v\u00e4hent\u00e4\u00e4 ryppyj\u00e4, kiinteytt\u00e4\u00e4 ihoa ja tekee siit\u00e4 kimmoisamman ja kiinte\u00e4mm\u00e4n. Pakkaus sis\u00e4lt\u00e4\u00e4: \u2022 kasvoveden 30 ml \u2022 emulsion 30 ml \u2022 seerumin 30 ml \u2022 voiteen 50 ml Pakkaus tarjoaa t\u00e4ydellisen hoidon ik\u00e4\u00e4ntyv\u00e4lle iholle. Tuotteiden vaikutus on verrattavissa botoxin toimivuuteen: ne rentouttavat kasvolihaksia, v\u00e4hent\u00e4v\u00e4t olemassa olevia ryppyj\u00e4 ja\u2026<\/p>","protected":false},"featured_media":16629,"comment_status":"open","ping_status":"closed","template":"","meta":{"_uf_show_specific_survey":0,"_uf_disable_surveys":false,"_bst_post_transparent":"default","_bst_post_title":"","_bst_post_layout":"default","_bst_post_sidebar_id":"","_bst_post_content_style":"default","_bst_post_vertical_padding":"default","_bst_post_feature":"","_bst_post_feature_position":"","_bst_post_header":false,"_bst_post_footer":false},"pwb-brand":[107],"product_brand":[],"product_cat":[95],"product_tag":[1030,568,381,830,705],"class_list":{"0":"post-16628","1":"product","2":"type-product","3":"status-publish","4":"has-post-thumbnail","6":"pwb-brand-medipeel","7":"product_cat-komplektid","8":"product_tag-gift","9":"product_tag-korea","10":"product_tag-medipeel","11":"product_tag-peptide","12":"product_tag-komplekt","14":"first","15":"instock","16":"shipping-taxable","17":"purchasable","18":"product-type-simple","19":"entry","20":"content-bg","21":"loop-entry"},"supplier_id":null,"supplier_sku":"","barcode":null,"atum_controlled":true,"out_stock_date":null,"out_stock_threshold":null,"inheritable":false,"inbound_stock":0,"stock_on_hold":0,"sold_today":0,"sales_last_days":0,"out_stock_days":0,"lost_sales":0,"has_location":false,"update_date":"2026-04-24T00:09:07","atum_locations":[],"atum_stock_status":"instock","restock_status":false,"low_stock_amount":"","sales_update_date":"2026-04-24T00:09:07","calc_backorders":null,"yoast_head":"<!-- This site is optimized with the Yoast SEO plugin v27.2 - https:\/\/yoast.com\/product\/yoast-seo-wordpress\/ -->\n<title>Medi-Peel Peptide-Tox 5 Peptide Bor Multi Care Kit - IDA.KOREA<\/title>\n<meta name=\"description\" content=\"Medi-Peel Peptide-Tox 5 Peptide Bor Multi Care Kit lifting-komplekt v\u00e4hendab kortse, pinguldab nahka ning muudab selle elastsemaks ja toonuses.\" \/>\n<meta name=\"robots\" content=\"index, follow, max-snippet:-1, max-image-preview:large, max-video-preview:-1\" \/>\n<link rel=\"canonical\" href=\"https:\/\/idakorea.ee\/fi\/product\/lifting-komplekt-medi-peel-peptide-tox-5-peptide-bor-multi-care-kit\/\" \/>\n<meta property=\"og:locale\" content=\"fi_FI\" \/>\n<meta property=\"og:type\" content=\"article\" \/>\n<meta property=\"og:title\" content=\"Medi-Peel Peptide-Tox 5 Peptide Bor Multi Care Kit - IDA.KOREA\" \/>\n<meta property=\"og:description\" content=\"Medi-Peel Peptide-Tox 5 Peptide Bor Multi Care Kit lifting-komplekt v\u00e4hendab kortse, pinguldab nahka ning muudab selle elastsemaks ja toonuses.\" \/>\n<meta property=\"og:url\" content=\"https:\/\/idakorea.ee\/fi\/product\/lifting-komplekt-medi-peel-peptide-tox-5-peptide-bor-multi-care-kit\/\" \/>\n<meta property=\"og:site_name\" content=\"IDA.KOREA\" \/>\n<meta property=\"article:modified_time\" content=\"2026-03-15T15:32:54+00:00\" \/>\n<meta property=\"og:image\" content=\"https:\/\/idakorea.ee\/wp-content\/uploads\/2025\/11\/Medi-Peel-Peptide-Tox-5-Peptide-Bor-Multi-Care-Kit-idakorea.jpg\" \/>\n\t<meta property=\"og:image:width\" content=\"1000\" \/>\n\t<meta property=\"og:image:height\" content=\"1000\" \/>\n\t<meta property=\"og:image:type\" content=\"image\/jpeg\" \/>\n<meta name=\"twitter:card\" content=\"summary_large_image\" \/>\n<meta name=\"twitter:label1\" content=\"Arvioitu lukuaika\" \/>\n\t<meta name=\"twitter:data1\" content=\"2 minuuttia\" \/>\n<script type=\"application\/ld+json\" class=\"yoast-schema-graph\">{\"@context\":\"https:\/\/schema.org\",\"@graph\":[{\"@type\":\"WebPage\",\"@id\":\"https:\/\/idakorea.ee\/product\/lifting-komplekt-medi-peel-peptide-tox-5-peptide-bor-multi-care-kit\/\",\"url\":\"https:\/\/idakorea.ee\/product\/lifting-komplekt-medi-peel-peptide-tox-5-peptide-bor-multi-care-kit\/\",\"name\":\"Medi-Peel Peptide-Tox 5 Peptide Bor Multi Care Kit - IDA.KOREA\",\"isPartOf\":{\"@id\":\"https:\/\/idakorea.ee\/#website\"},\"primaryImageOfPage\":{\"@id\":\"https:\/\/idakorea.ee\/product\/lifting-komplekt-medi-peel-peptide-tox-5-peptide-bor-multi-care-kit\/#primaryimage\"},\"image\":{\"@id\":\"https:\/\/idakorea.ee\/product\/lifting-komplekt-medi-peel-peptide-tox-5-peptide-bor-multi-care-kit\/#primaryimage\"},\"thumbnailUrl\":\"https:\/\/idakorea.ee\/wp-content\/uploads\/2025\/11\/Medi-Peel-Peptide-Tox-5-Peptide-Bor-Multi-Care-Kit-idakorea.jpg\",\"datePublished\":\"2025-11-27T12:24:31+00:00\",\"dateModified\":\"2026-03-15T15:32:54+00:00\",\"description\":\"Medi-Peel Peptide-Tox 5 Peptide Bor Multi Care Kit lifting-komplekt v\u00e4hendab kortse, pinguldab nahka ning muudab selle elastsemaks ja toonuses.\",\"breadcrumb\":{\"@id\":\"https:\/\/idakorea.ee\/product\/lifting-komplekt-medi-peel-peptide-tox-5-peptide-bor-multi-care-kit\/#breadcrumb\"},\"inLanguage\":\"fi\",\"potentialAction\":[{\"@type\":\"ReadAction\",\"target\":[\"https:\/\/idakorea.ee\/product\/lifting-komplekt-medi-peel-peptide-tox-5-peptide-bor-multi-care-kit\/\"]}]},{\"@type\":\"ImageObject\",\"inLanguage\":\"fi\",\"@id\":\"https:\/\/idakorea.ee\/product\/lifting-komplekt-medi-peel-peptide-tox-5-peptide-bor-multi-care-kit\/#primaryimage\",\"url\":\"https:\/\/idakorea.ee\/wp-content\/uploads\/2025\/11\/Medi-Peel-Peptide-Tox-5-Peptide-Bor-Multi-Care-Kit-idakorea.jpg\",\"contentUrl\":\"https:\/\/idakorea.ee\/wp-content\/uploads\/2025\/11\/Medi-Peel-Peptide-Tox-5-Peptide-Bor-Multi-Care-Kit-idakorea.jpg\",\"width\":1000,\"height\":1000},{\"@type\":\"BreadcrumbList\",\"@id\":\"https:\/\/idakorea.ee\/product\/lifting-komplekt-medi-peel-peptide-tox-5-peptide-bor-multi-care-kit\/#breadcrumb\",\"itemListElement\":[{\"@type\":\"ListItem\",\"position\":1,\"name\":\"\u0413\u043b\u0430\u0432\u043d\u0430\u044f \u0441\u0442\u0440\u0430\u043d\u0438\u0446\u0430\",\"item\":\"https:\/\/idakorea.ee\/\"},{\"@type\":\"ListItem\",\"position\":2,\"name\":\"Shop\",\"item\":\"https:\/\/idakorea.ee\/shop-2\/\"},{\"@type\":\"ListItem\",\"position\":3,\"name\":\"Lifting-komplekt Medi-Peel Peptide-Tox 5 Peptide Bor Multi Care Kit\"}]},{\"@type\":\"WebSite\",\"@id\":\"https:\/\/idakorea.ee\/#website\",\"url\":\"https:\/\/idakorea.ee\/\",\"name\":\"IDA.KOREA\",\"description\":\"Korea kosmeetika e-pood\",\"publisher\":{\"@id\":\"https:\/\/idakorea.ee\/#organization\"},\"alternateName\":\"Beauty Shop\",\"potentialAction\":[{\"@type\":\"SearchAction\",\"target\":{\"@type\":\"EntryPoint\",\"urlTemplate\":\"https:\/\/idakorea.ee\/?s={search_term_string}\"},\"query-input\":{\"@type\":\"PropertyValueSpecification\",\"valueRequired\":true,\"valueName\":\"search_term_string\"}}],\"inLanguage\":\"fi\"},{\"@type\":\"Organization\",\"@id\":\"https:\/\/idakorea.ee\/#organization\",\"name\":\"IDA.KOREA\",\"url\":\"https:\/\/idakorea.ee\/\",\"logo\":{\"@type\":\"ImageObject\",\"inLanguage\":\"fi\",\"@id\":\"https:\/\/idakorea.ee\/#\/schema\/logo\/image\/\",\"url\":\"https:\/\/idakorea.ee\/wp-content\/uploads\/2024\/05\/cropped-korea3.png\",\"contentUrl\":\"https:\/\/idakorea.ee\/wp-content\/uploads\/2024\/05\/cropped-korea3.png\",\"width\":688,\"height\":126,\"caption\":\"IDA.KOREA\"},\"image\":{\"@id\":\"https:\/\/idakorea.ee\/#\/schema\/logo\/image\/\"},\"sameAs\":[\"https:\/\/www.instagram.com\/ida.korea\/\"]}]}<\/script>\n<!-- \/ Yoast SEO plugin. -->","yoast_head_json":{"title":"Medi-Peel Peptide-Tox 5 Peptide Bor -monitoimihoitosetti - IDA.KOREA","description":"Medi-Peel Peptide-Tox 5 Peptide Bor Multi Care Kit -kiillotussetti v\u00e4hent\u00e4\u00e4 ryppyj\u00e4, kiinteytt\u00e4\u00e4 ihoa ja tekee siit\u00e4 kimmoisamman ja kiinte\u00e4mm\u00e4n.","robots":{"index":"index","follow":"follow","max-snippet":"max-snippet:-1","max-image-preview":"max-image-preview:large","max-video-preview":"max-video-preview:-1"},"canonical":"https:\/\/idakorea.ee\/fi\/product\/lifting-komplekt-medi-peel-peptide-tox-5-peptide-bor-multi-care-kit\/","og_locale":"fi_FI","og_type":"article","og_title":"Medi-Peel Peptide-Tox 5 Peptide Bor Multi Care Kit - IDA.KOREA","og_description":"Medi-Peel Peptide-Tox 5 Peptide Bor Multi Care Kit lifting-komplekt v\u00e4hendab kortse, pinguldab nahka ning muudab selle elastsemaks ja toonuses.","og_url":"https:\/\/idakorea.ee\/fi\/product\/lifting-komplekt-medi-peel-peptide-tox-5-peptide-bor-multi-care-kit\/","og_site_name":"IDA.KOREA","article_modified_time":"2026-03-15T15:32:54+00:00","og_image":[{"width":1000,"height":1000,"url":"https:\/\/idakorea.ee\/wp-content\/uploads\/2025\/11\/Medi-Peel-Peptide-Tox-5-Peptide-Bor-Multi-Care-Kit-idakorea.jpg","type":"image\/jpeg"}],"twitter_card":"summary_large_image","twitter_misc":{"Arvioitu lukuaika":"2 minuuttia"},"schema":{"@context":"https:\/\/schema.org","@graph":[{"@type":"WebPage","@id":"https:\/\/idakorea.ee\/product\/lifting-komplekt-medi-peel-peptide-tox-5-peptide-bor-multi-care-kit\/","url":"https:\/\/idakorea.ee\/product\/lifting-komplekt-medi-peel-peptide-tox-5-peptide-bor-multi-care-kit\/","name":"Medi-Peel Peptide-Tox 5 Peptide Bor -monitoimihoitosetti - IDA.KOREA","isPartOf":{"@id":"https:\/\/idakorea.ee\/#website"},"primaryImageOfPage":{"@id":"https:\/\/idakorea.ee\/product\/lifting-komplekt-medi-peel-peptide-tox-5-peptide-bor-multi-care-kit\/#primaryimage"},"image":{"@id":"https:\/\/idakorea.ee\/product\/lifting-komplekt-medi-peel-peptide-tox-5-peptide-bor-multi-care-kit\/#primaryimage"},"thumbnailUrl":"https:\/\/idakorea.ee\/wp-content\/uploads\/2025\/11\/Medi-Peel-Peptide-Tox-5-Peptide-Bor-Multi-Care-Kit-idakorea.jpg","datePublished":"2025-11-27T12:24:31+00:00","dateModified":"2026-03-15T15:32:54+00:00","description":"Medi-Peel Peptide-Tox 5 Peptide Bor Multi Care Kit -kiillotussetti v\u00e4hent\u00e4\u00e4 ryppyj\u00e4, kiinteytt\u00e4\u00e4 ihoa ja tekee siit\u00e4 kimmoisamman ja kiinte\u00e4mm\u00e4n.","breadcrumb":{"@id":"https:\/\/idakorea.ee\/product\/lifting-komplekt-medi-peel-peptide-tox-5-peptide-bor-multi-care-kit\/#breadcrumb"},"inLanguage":"fi","potentialAction":[{"@type":"ReadAction","target":["https:\/\/idakorea.ee\/product\/lifting-komplekt-medi-peel-peptide-tox-5-peptide-bor-multi-care-kit\/"]}]},{"@type":"ImageObject","inLanguage":"fi","@id":"https:\/\/idakorea.ee\/product\/lifting-komplekt-medi-peel-peptide-tox-5-peptide-bor-multi-care-kit\/#primaryimage","url":"https:\/\/idakorea.ee\/wp-content\/uploads\/2025\/11\/Medi-Peel-Peptide-Tox-5-Peptide-Bor-Multi-Care-Kit-idakorea.jpg","contentUrl":"https:\/\/idakorea.ee\/wp-content\/uploads\/2025\/11\/Medi-Peel-Peptide-Tox-5-Peptide-Bor-Multi-Care-Kit-idakorea.jpg","width":1000,"height":1000},{"@type":"BreadcrumbList","@id":"https:\/\/idakorea.ee\/product\/lifting-komplekt-medi-peel-peptide-tox-5-peptide-bor-multi-care-kit\/#breadcrumb","itemListElement":[{"@type":"ListItem","position":1,"name":"\u0413\u043b\u0430\u0432\u043d\u0430\u044f \u0441\u0442\u0440\u0430\u043d\u0438\u0446\u0430","item":"https:\/\/idakorea.ee\/"},{"@type":"ListItem","position":2,"name":"Shop","item":"https:\/\/idakorea.ee\/shop-2\/"},{"@type":"ListItem","position":3,"name":"Lifting-komplekt Medi-Peel Peptide-Tox 5 Peptide Bor Multi Care Kit"}]},{"@type":"WebSite","@id":"https:\/\/idakorea.ee\/#website","url":"https:\/\/idakorea.ee\/","name":"IDA.KOREA","description":"Korean kosmetiikan verkkokauppa","publisher":{"@id":"https:\/\/idakorea.ee\/#organization"},"alternateName":"Beauty Shop","potentialAction":[{"@type":"SearchAction","target":{"@type":"EntryPoint","urlTemplate":"https:\/\/idakorea.ee\/?s={search_term_string}"},"query-input":{"@type":"PropertyValueSpecification","valueRequired":true,"valueName":"search_term_string"}}],"inLanguage":"fi"},{"@type":"Organization","@id":"https:\/\/idakorea.ee\/#organization","name":"IDA.KOREA","url":"https:\/\/idakorea.ee\/","logo":{"@type":"ImageObject","inLanguage":"fi","@id":"https:\/\/idakorea.ee\/#\/schema\/logo\/image\/","url":"https:\/\/idakorea.ee\/wp-content\/uploads\/2024\/05\/cropped-korea3.png","contentUrl":"https:\/\/idakorea.ee\/wp-content\/uploads\/2024\/05\/cropped-korea3.png","width":688,"height":126,"caption":"IDA.KOREA"},"image":{"@id":"https:\/\/idakorea.ee\/#\/schema\/logo\/image\/"},"sameAs":["https:\/\/www.instagram.com\/ida.korea\/"]}]}},"jetpack_sharing_enabled":true,"brands":[{"id":107,"name":"MEDIPEEL+","slug":"medipeel"}],"_links":{"self":[{"href":"https:\/\/idakorea.ee\/fi\/wp-json\/wp\/v2\/product\/16628","targetHints":{"allow":["GET"]}}],"collection":[{"href":"https:\/\/idakorea.ee\/fi\/wp-json\/wp\/v2\/product"}],"about":[{"href":"https:\/\/idakorea.ee\/fi\/wp-json\/wp\/v2\/types\/product"}],"replies":[{"embeddable":true,"href":"https:\/\/idakorea.ee\/fi\/wp-json\/wp\/v2\/comments?post=16628"}],"version-history":[{"count":1,"href":"https:\/\/idakorea.ee\/fi\/wp-json\/wp\/v2\/product\/16628\/revisions"}],"predecessor-version":[{"id":16632,"href":"https:\/\/idakorea.ee\/fi\/wp-json\/wp\/v2\/product\/16628\/revisions\/16632"}],"wp:featuredmedia":[{"embeddable":true,"href":"https:\/\/idakorea.ee\/fi\/wp-json\/wp\/v2\/media\/16629"}],"wp:attachment":[{"href":"https:\/\/idakorea.ee\/fi\/wp-json\/wp\/v2\/media?parent=16628"}],"wp:term":[{"taxonomy":"pwb-brand","embeddable":true,"href":"https:\/\/idakorea.ee\/fi\/wp-json\/wp\/v2\/pwb-brand?post=16628"},{"taxonomy":"product_brand","embeddable":true,"href":"https:\/\/idakorea.ee\/fi\/wp-json\/wp\/v2\/product_brand?post=16628"},{"taxonomy":"product_cat","embeddable":true,"href":"https:\/\/idakorea.ee\/fi\/wp-json\/wp\/v2\/product_cat?post=16628"},{"taxonomy":"product_tag","embeddable":true,"href":"https:\/\/idakorea.ee\/fi\/wp-json\/wp\/v2\/product_tag?post=16628"}],"curies":[{"name":"wp","href":"https:\/\/api.w.org\/{rel}","templated":true}]}}