{"id":16651,"date":"2025-11-29T13:41:11","date_gmt":"2025-11-29T11:41:11","guid":{"rendered":"https:\/\/idakorea.ee\/?post_type=product&#038;p=16651"},"modified":"2026-04-24T11:23:08","modified_gmt":"2026-04-24T09:23:08","slug":"medi-peel-peptide-bor-tox-eye-cream-40ml","status":"publish","type":"product","link":"https:\/\/idakorea.ee\/fi\/product\/medi-peel-peptide-bor-tox-eye-cream-40ml\/","title":{"rendered":"Kiinteytt\u00e4v\u00e4 silm\u00e4nymp\u00e4rysvoide Medi-Peel Peptide Bor Tox -silm\u00e4nymp\u00e4rysvoide, 40ml"},"content":{"rendered":"<p><strong>Medi-Peel Peptide Bor Tox Eye Cream<\/strong> Peptidikompleksia sis\u00e4lt\u00e4v\u00e4 kohottava silm\u00e4nymp\u00e4rysvoide tasoittaa tehokkaasti silm\u00e4nymp\u00e4rysihoa ja ilmejuonteita, kiinteytt\u00e4\u00e4 ja kosteuttaa ihoa.<br \/>\nEhk\u00e4isee uusien ryppyjen muodostumista, lis\u00e4\u00e4 kiinteytt\u00e4 ja kiinteytt\u00e4\u00e4 kudoksia.<\/p>\n<p>Tuotteella on huomattava botoxin kaltainen vaikutus \u2013 se lis\u00e4\u00e4 ohuen silm\u00e4nymp\u00e4rysihon kimmoisuutta ja auttaa ehk\u00e4isem\u00e4\u00e4n uusien ryppyjen kehittymist\u00e4. V\u00e4hent\u00e4\u00e4 kuivuutta ja kireyden tunnetta, ravitsee ihoa ja stimuloi kollageenikuitujen synteesi\u00e4. Kirkastaa hell\u00e4varaisesti tummia silm\u00e4nalusia ja raikastaa ilmett\u00e4.<\/p>\n<p><strong>T\u00e4rkeimm\u00e4t vaikuttavat aineet:<\/strong><br \/>\n<strong>5%-peptidi-toksiinikompleksi<\/strong> \u2013 stimuloi solujen uudistumista ja lis\u00e4\u00e4 luonnollista kollageenin tuotantoa. Argireliini toimii kuten botuliinitoksiini, rentouttaen kasvolihaksia ja auttaen v\u00e4hent\u00e4m\u00e4\u00e4n ilmejuonteita.<br \/>\n<strong>Volufiliini (Anemarrhena asphodeloides)<\/strong> \u2013 edist\u00e4\u00e4 paikallisesti rasvakudoksen luonnollista t\u00e4yttymist\u00e4, lis\u00e4\u00e4 ihon tiheytt\u00e4 ja kimmoisuutta, v\u00e4hent\u00e4\u00e4 veltostumista ja silottaa ryppyj\u00e4.<br \/>\n<strong>Hydrolysoitu kollageeni ja elastiini<\/strong> \u2013 vahvistaa soluseini\u00e4, parantaa proteiiniaineenvaihduntaa, tukee ihon rakennetta ja auttaa tasoittamaan pieni\u00e4 ryppyj\u00e4 ja ihon ep\u00e4tasaisuuksia.<br \/>\n<strong>Hyaluronihappo<\/strong> \u2013 tunkeutuu syv\u00e4lle ihoon, poistaa kuivumista, palauttaa kosteustasapainon ja torjuu kuivuutta.<br \/>\n<strong>ACTIMP-jauhe BIO<\/strong> \u2013 patentoitu valkoisen lupiinin uutetta sis\u00e4lt\u00e4v\u00e4 kompleksi; silottaa huomattavasti jopa syvi\u00e4 ryppyj\u00e4, v\u00e4hent\u00e4\u00e4 niiden syvyytt\u00e4 ja antaa voimakkaan kohottavan vaikutuksen, kiinteytt\u00e4en ja vahvistaen ihon turgoria.<br \/>\n<strong>SYN-Coll<\/strong> \u2013 tehokas ik\u00e4\u00e4ntymist\u00e4 ehk\u00e4isev\u00e4 kompleksi, joka stimuloi aktiivisesti kollageenisynteesi\u00e4 ja est\u00e4\u00e4 sen hajoamista. Parantaa ihon s\u00e4vy\u00e4, v\u00e4hent\u00e4\u00e4 ryppyjen syvyytt\u00e4 ja tasoittaa ihon rakennetta.<br \/>\n<strong>Botaniceutical Plus-10<\/strong> \u2013 Patentoitu 10 kasviuutteen yhdistelm\u00e4, jolla on ik\u00e4\u00e4ntymist\u00e4 ehk\u00e4isevi\u00e4 ja kirkastavia vaikutuksia; auttaa v\u00e4hent\u00e4m\u00e4\u00e4n hyperpigmentaatiota, vahvistaa ihon suojakerrosta ja yll\u00e4pit\u00e4\u00e4 kimmoisuutta.<\/p>\n<p>Sopii ik\u00e4\u00e4ntyv\u00e4lle iholle.<\/p>\n<p><strong>K\u00e4ytt\u00f6:<\/strong> Levit\u00e4 tarvittava m\u00e4\u00e4r\u00e4 tuotetta hell\u00e4varaisesti taputtelemalla silm\u00e4nymp\u00e4rysiholle ja nen\u00e4n ja huulien poimuihin.<\/p>\n<hr \/>","protected":false},"excerpt":{"rendered":"<p>Medi-Peel Peptide Bor Tox Eye Cream -silm\u00e4nymp\u00e4rysvoide peptidikompleksilla silottaa tehokkaasti variksenjalkoja ja ilmejuonteita silm\u00e4nymp\u00e4rysiholla, kiinteytt\u00e4\u00e4 ja kosteuttaa ihoa. Ehk\u00e4isee uusien ryppyjen muodostumista, lis\u00e4\u00e4 kimmoisuutta ja kirist\u00e4\u00e4 kudoksia. Tuotteella on huomattava botoxin kaltainen vaikutus - se lis\u00e4\u00e4 ohuen silm\u00e4nymp\u00e4rysihon kimmoisuutta ja auttaa ehk\u00e4isem\u00e4\u00e4n uusien ryppyjen syventymist\u00e4. V\u00e4hent\u00e4\u00e4 kuivuutta ja kireyden tunnetta, ravitsee ihoa ja stimuloi kollageenikuituja\u2026<\/p>","protected":false},"featured_media":16653,"comment_status":"open","ping_status":"closed","template":"","meta":{"_uf_show_specific_survey":0,"_uf_disable_surveys":false,"_bst_post_transparent":"default","_bst_post_title":"","_bst_post_layout":"default","_bst_post_sidebar_id":"","_bst_post_content_style":"default","_bst_post_vertical_padding":"default","_bst_post_feature":"","_bst_post_feature_position":"","_bst_post_header":false,"_bst_post_footer":false},"pwb-brand":[107],"product_brand":[],"product_cat":[92,99,201],"product_tag":[1031,568,381],"class_list":{"0":"post-16651","1":"product","2":"type-product","3":"status-publish","4":"has-post-thumbnail","6":"pwb-brand-medipeel","7":"product_cat-nagu","8":"product_cat-silmad-ja-huuled-2","9":"product_cat-silmakreem","10":"product_tag-botox","11":"product_tag-korea","12":"product_tag-medipeel","14":"first","15":"instock","16":"shipping-taxable","17":"purchasable","18":"product-type-simple","19":"entry","20":"content-bg","21":"loop-entry"},"supplier_id":null,"supplier_sku":"","barcode":null,"atum_controlled":true,"out_stock_date":null,"out_stock_threshold":null,"inheritable":false,"inbound_stock":0,"stock_on_hold":0,"sold_today":1,"sales_last_days":1,"out_stock_days":0,"lost_sales":0,"has_location":false,"update_date":"2026-04-24T11:05:33","atum_locations":[],"atum_stock_status":"instock","restock_status":false,"low_stock_amount":"","sales_update_date":"2026-04-24T11:05:33","calc_backorders":null,"yoast_head":"<!-- This site is optimized with the Yoast SEO plugin v27.2 - https:\/\/yoast.com\/product\/yoast-seo-wordpress\/ -->\n<title>Medi-Peel Peptide Bor Tox Eye Cream, 40ml - IDA.KOREA<\/title>\n<meta name=\"description\" content=\"Lifting-silmakreem peptiidikompleksiga silub t\u00f5husalt varesejalgu ja miimikakortse silma\u00fcmbruse piirkonnas, pinguldab ja niisutab nahka. - Kiire tarne!\" \/>\n<meta name=\"robots\" content=\"index, follow, max-snippet:-1, max-image-preview:large, max-video-preview:-1\" \/>\n<link rel=\"canonical\" href=\"https:\/\/idakorea.ee\/fi\/product\/medi-peel-peptide-bor-tox-eye-cream-40ml\/\" \/>\n<meta property=\"og:locale\" content=\"fi_FI\" \/>\n<meta property=\"og:type\" content=\"article\" \/>\n<meta property=\"og:title\" content=\"Medi-Peel Peptide Bor Tox Eye Cream, 40ml - IDA.KOREA\" \/>\n<meta property=\"og:description\" content=\"Lifting-silmakreem peptiidikompleksiga silub t\u00f5husalt varesejalgu ja miimikakortse silma\u00fcmbruse piirkonnas, pinguldab ja niisutab nahka. - Kiire tarne!\" \/>\n<meta property=\"og:url\" content=\"https:\/\/idakorea.ee\/fi\/product\/medi-peel-peptide-bor-tox-eye-cream-40ml\/\" \/>\n<meta property=\"og:site_name\" content=\"IDA.KOREA\" \/>\n<meta property=\"article:modified_time\" content=\"2026-04-24T09:23:08+00:00\" \/>\n<meta property=\"og:image\" content=\"https:\/\/idakorea.ee\/wp-content\/uploads\/2025\/11\/Medi-PeelPeptideBorToxEyeCream-idakorea.webp\" \/>\n\t<meta property=\"og:image:width\" content=\"950\" \/>\n\t<meta property=\"og:image:height\" content=\"950\" \/>\n\t<meta property=\"og:image:type\" content=\"image\/webp\" \/>\n<meta name=\"twitter:card\" content=\"summary_large_image\" \/>\n<meta name=\"twitter:label1\" content=\"Arvioitu lukuaika\" \/>\n\t<meta name=\"twitter:data1\" content=\"2 minuuttia\" \/>\n<script type=\"application\/ld+json\" class=\"yoast-schema-graph\">{\"@context\":\"https:\/\/schema.org\",\"@graph\":[{\"@type\":\"WebPage\",\"@id\":\"https:\/\/idakorea.ee\/product\/medi-peel-peptide-bor-tox-eye-cream-40ml\/\",\"url\":\"https:\/\/idakorea.ee\/product\/medi-peel-peptide-bor-tox-eye-cream-40ml\/\",\"name\":\"Medi-Peel Peptide Bor Tox Eye Cream, 40ml - IDA.KOREA\",\"isPartOf\":{\"@id\":\"https:\/\/idakorea.ee\/#website\"},\"primaryImageOfPage\":{\"@id\":\"https:\/\/idakorea.ee\/product\/medi-peel-peptide-bor-tox-eye-cream-40ml\/#primaryimage\"},\"image\":{\"@id\":\"https:\/\/idakorea.ee\/product\/medi-peel-peptide-bor-tox-eye-cream-40ml\/#primaryimage\"},\"thumbnailUrl\":\"https:\/\/idakorea.ee\/wp-content\/uploads\/2025\/11\/Medi-PeelPeptideBorToxEyeCream-idakorea.webp\",\"datePublished\":\"2025-11-29T11:41:11+00:00\",\"dateModified\":\"2026-04-24T09:23:08+00:00\",\"description\":\"Lifting-silmakreem peptiidikompleksiga silub t\u00f5husalt varesejalgu ja miimikakortse silma\u00fcmbruse piirkonnas, pinguldab ja niisutab nahka. - Kiire tarne!\",\"breadcrumb\":{\"@id\":\"https:\/\/idakorea.ee\/product\/medi-peel-peptide-bor-tox-eye-cream-40ml\/#breadcrumb\"},\"inLanguage\":\"fi\",\"potentialAction\":[{\"@type\":\"ReadAction\",\"target\":[\"https:\/\/idakorea.ee\/product\/medi-peel-peptide-bor-tox-eye-cream-40ml\/\"]}]},{\"@type\":\"ImageObject\",\"inLanguage\":\"fi\",\"@id\":\"https:\/\/idakorea.ee\/product\/medi-peel-peptide-bor-tox-eye-cream-40ml\/#primaryimage\",\"url\":\"https:\/\/idakorea.ee\/wp-content\/uploads\/2025\/11\/Medi-PeelPeptideBorToxEyeCream-idakorea.webp\",\"contentUrl\":\"https:\/\/idakorea.ee\/wp-content\/uploads\/2025\/11\/Medi-PeelPeptideBorToxEyeCream-idakorea.webp\",\"width\":950,\"height\":950},{\"@type\":\"BreadcrumbList\",\"@id\":\"https:\/\/idakorea.ee\/product\/medi-peel-peptide-bor-tox-eye-cream-40ml\/#breadcrumb\",\"itemListElement\":[{\"@type\":\"ListItem\",\"position\":1,\"name\":\"\u0413\u043b\u0430\u0432\u043d\u0430\u044f \u0441\u0442\u0440\u0430\u043d\u0438\u0446\u0430\",\"item\":\"https:\/\/idakorea.ee\/\"},{\"@type\":\"ListItem\",\"position\":2,\"name\":\"Shop\",\"item\":\"https:\/\/idakorea.ee\/shop-2\/\"},{\"@type\":\"ListItem\",\"position\":3,\"name\":\"Lifting-silmakreem Medi-Peel Peptide Bor Tox Eye Cream, 40ml\"}]},{\"@type\":\"WebSite\",\"@id\":\"https:\/\/idakorea.ee\/#website\",\"url\":\"https:\/\/idakorea.ee\/\",\"name\":\"IDA.KOREA\",\"description\":\"Korea kosmeetika e-pood\",\"publisher\":{\"@id\":\"https:\/\/idakorea.ee\/#organization\"},\"alternateName\":\"Beauty Shop\",\"potentialAction\":[{\"@type\":\"SearchAction\",\"target\":{\"@type\":\"EntryPoint\",\"urlTemplate\":\"https:\/\/idakorea.ee\/?s={search_term_string}\"},\"query-input\":{\"@type\":\"PropertyValueSpecification\",\"valueRequired\":true,\"valueName\":\"search_term_string\"}}],\"inLanguage\":\"fi\"},{\"@type\":\"Organization\",\"@id\":\"https:\/\/idakorea.ee\/#organization\",\"name\":\"IDA.KOREA\",\"url\":\"https:\/\/idakorea.ee\/\",\"logo\":{\"@type\":\"ImageObject\",\"inLanguage\":\"fi\",\"@id\":\"https:\/\/idakorea.ee\/#\/schema\/logo\/image\/\",\"url\":\"https:\/\/idakorea.ee\/wp-content\/uploads\/2024\/05\/cropped-korea3.png\",\"contentUrl\":\"https:\/\/idakorea.ee\/wp-content\/uploads\/2024\/05\/cropped-korea3.png\",\"width\":688,\"height\":126,\"caption\":\"IDA.KOREA\"},\"image\":{\"@id\":\"https:\/\/idakorea.ee\/#\/schema\/logo\/image\/\"},\"sameAs\":[\"https:\/\/www.instagram.com\/ida.korea\/\"]}]}<\/script>\n<!-- \/ Yoast SEO plugin. -->","yoast_head_json":{"title":"Medi-Peel Peptide Bor Tox -silm\u00e4nymp\u00e4rysvoide, 40ml - IDA.KOREA","description":"Peptidikompleksia sis\u00e4lt\u00e4v\u00e4 kohottava silm\u00e4nymp\u00e4rysvoide tasoittaa tehokkaasti silm\u00e4nymp\u00e4rysihoa ja ilmejuonteita, kiinteytt\u00e4\u00e4 ja kosteuttaa ihoa. - Nopea toimitus!","robots":{"index":"index","follow":"follow","max-snippet":"max-snippet:-1","max-image-preview":"max-image-preview:large","max-video-preview":"max-video-preview:-1"},"canonical":"https:\/\/idakorea.ee\/fi\/product\/medi-peel-peptide-bor-tox-eye-cream-40ml\/","og_locale":"fi_FI","og_type":"article","og_title":"Medi-Peel Peptide Bor Tox Eye Cream, 40ml - IDA.KOREA","og_description":"Lifting-silmakreem peptiidikompleksiga silub t\u00f5husalt varesejalgu ja miimikakortse silma\u00fcmbruse piirkonnas, pinguldab ja niisutab nahka. - Kiire tarne!","og_url":"https:\/\/idakorea.ee\/fi\/product\/medi-peel-peptide-bor-tox-eye-cream-40ml\/","og_site_name":"IDA.KOREA","article_modified_time":"2026-04-24T09:23:08+00:00","og_image":[{"width":950,"height":950,"url":"https:\/\/idakorea.ee\/wp-content\/uploads\/2025\/11\/Medi-PeelPeptideBorToxEyeCream-idakorea.webp","type":"image\/webp"}],"twitter_card":"summary_large_image","twitter_misc":{"Arvioitu lukuaika":"2 minuuttia"},"schema":{"@context":"https:\/\/schema.org","@graph":[{"@type":"WebPage","@id":"https:\/\/idakorea.ee\/product\/medi-peel-peptide-bor-tox-eye-cream-40ml\/","url":"https:\/\/idakorea.ee\/product\/medi-peel-peptide-bor-tox-eye-cream-40ml\/","name":"Medi-Peel Peptide Bor Tox -silm\u00e4nymp\u00e4rysvoide, 40ml - IDA.KOREA","isPartOf":{"@id":"https:\/\/idakorea.ee\/#website"},"primaryImageOfPage":{"@id":"https:\/\/idakorea.ee\/product\/medi-peel-peptide-bor-tox-eye-cream-40ml\/#primaryimage"},"image":{"@id":"https:\/\/idakorea.ee\/product\/medi-peel-peptide-bor-tox-eye-cream-40ml\/#primaryimage"},"thumbnailUrl":"https:\/\/idakorea.ee\/wp-content\/uploads\/2025\/11\/Medi-PeelPeptideBorToxEyeCream-idakorea.webp","datePublished":"2025-11-29T11:41:11+00:00","dateModified":"2026-04-24T09:23:08+00:00","description":"Peptidikompleksia sis\u00e4lt\u00e4v\u00e4 kohottava silm\u00e4nymp\u00e4rysvoide tasoittaa tehokkaasti silm\u00e4nymp\u00e4rysihoa ja ilmejuonteita, kiinteytt\u00e4\u00e4 ja kosteuttaa ihoa. - Nopea toimitus!","breadcrumb":{"@id":"https:\/\/idakorea.ee\/product\/medi-peel-peptide-bor-tox-eye-cream-40ml\/#breadcrumb"},"inLanguage":"fi","potentialAction":[{"@type":"ReadAction","target":["https:\/\/idakorea.ee\/product\/medi-peel-peptide-bor-tox-eye-cream-40ml\/"]}]},{"@type":"ImageObject","inLanguage":"fi","@id":"https:\/\/idakorea.ee\/product\/medi-peel-peptide-bor-tox-eye-cream-40ml\/#primaryimage","url":"https:\/\/idakorea.ee\/wp-content\/uploads\/2025\/11\/Medi-PeelPeptideBorToxEyeCream-idakorea.webp","contentUrl":"https:\/\/idakorea.ee\/wp-content\/uploads\/2025\/11\/Medi-PeelPeptideBorToxEyeCream-idakorea.webp","width":950,"height":950},{"@type":"BreadcrumbList","@id":"https:\/\/idakorea.ee\/product\/medi-peel-peptide-bor-tox-eye-cream-40ml\/#breadcrumb","itemListElement":[{"@type":"ListItem","position":1,"name":"\u0413\u043b\u0430\u0432\u043d\u0430\u044f \u0441\u0442\u0440\u0430\u043d\u0438\u0446\u0430","item":"https:\/\/idakorea.ee\/"},{"@type":"ListItem","position":2,"name":"Shop","item":"https:\/\/idakorea.ee\/shop-2\/"},{"@type":"ListItem","position":3,"name":"Lifting-silmakreem Medi-Peel Peptide Bor Tox Eye Cream, 40ml"}]},{"@type":"WebSite","@id":"https:\/\/idakorea.ee\/#website","url":"https:\/\/idakorea.ee\/","name":"IDA.KOREA","description":"Korean kosmetiikan verkkokauppa","publisher":{"@id":"https:\/\/idakorea.ee\/#organization"},"alternateName":"Beauty Shop","potentialAction":[{"@type":"SearchAction","target":{"@type":"EntryPoint","urlTemplate":"https:\/\/idakorea.ee\/?s={search_term_string}"},"query-input":{"@type":"PropertyValueSpecification","valueRequired":true,"valueName":"search_term_string"}}],"inLanguage":"fi"},{"@type":"Organization","@id":"https:\/\/idakorea.ee\/#organization","name":"IDA.KOREA","url":"https:\/\/idakorea.ee\/","logo":{"@type":"ImageObject","inLanguage":"fi","@id":"https:\/\/idakorea.ee\/#\/schema\/logo\/image\/","url":"https:\/\/idakorea.ee\/wp-content\/uploads\/2024\/05\/cropped-korea3.png","contentUrl":"https:\/\/idakorea.ee\/wp-content\/uploads\/2024\/05\/cropped-korea3.png","width":688,"height":126,"caption":"IDA.KOREA"},"image":{"@id":"https:\/\/idakorea.ee\/#\/schema\/logo\/image\/"},"sameAs":["https:\/\/www.instagram.com\/ida.korea\/"]}]}},"jetpack_sharing_enabled":true,"brands":[{"id":107,"name":"MEDIPEEL+","slug":"medipeel"}],"_links":{"self":[{"href":"https:\/\/idakorea.ee\/fi\/wp-json\/wp\/v2\/product\/16651","targetHints":{"allow":["GET"]}}],"collection":[{"href":"https:\/\/idakorea.ee\/fi\/wp-json\/wp\/v2\/product"}],"about":[{"href":"https:\/\/idakorea.ee\/fi\/wp-json\/wp\/v2\/types\/product"}],"replies":[{"embeddable":true,"href":"https:\/\/idakorea.ee\/fi\/wp-json\/wp\/v2\/comments?post=16651"}],"version-history":[{"count":3,"href":"https:\/\/idakorea.ee\/fi\/wp-json\/wp\/v2\/product\/16651\/revisions"}],"predecessor-version":[{"id":16657,"href":"https:\/\/idakorea.ee\/fi\/wp-json\/wp\/v2\/product\/16651\/revisions\/16657"}],"wp:featuredmedia":[{"embeddable":true,"href":"https:\/\/idakorea.ee\/fi\/wp-json\/wp\/v2\/media\/16653"}],"wp:attachment":[{"href":"https:\/\/idakorea.ee\/fi\/wp-json\/wp\/v2\/media?parent=16651"}],"wp:term":[{"taxonomy":"pwb-brand","embeddable":true,"href":"https:\/\/idakorea.ee\/fi\/wp-json\/wp\/v2\/pwb-brand?post=16651"},{"taxonomy":"product_brand","embeddable":true,"href":"https:\/\/idakorea.ee\/fi\/wp-json\/wp\/v2\/product_brand?post=16651"},{"taxonomy":"product_cat","embeddable":true,"href":"https:\/\/idakorea.ee\/fi\/wp-json\/wp\/v2\/product_cat?post=16651"},{"taxonomy":"product_tag","embeddable":true,"href":"https:\/\/idakorea.ee\/fi\/wp-json\/wp\/v2\/product_tag?post=16651"}],"curies":[{"name":"wp","href":"https:\/\/api.w.org\/{rel}","templated":true}]}}