{"id":16658,"date":"2025-11-29T14:29:55","date_gmt":"2025-11-29T12:29:55","guid":{"rendered":"https:\/\/idakorea.ee\/?post_type=product&#038;p=16658"},"modified":"2026-03-22T19:02:42","modified_gmt":"2026-03-22T17:02:42","slug":"medi-peel-peptide-tox-bor-cream-50ml","status":"publish","type":"product","link":"https:\/\/idakorea.ee\/fi\/product\/medi-peel-peptide-tox-bor-cream-50ml\/","title":{"rendered":"Kohottava voide MediPeel Peptide-Tox Bor-Cream, 50ml"},"content":{"rendered":"<p><strong>MediPeel Peptide-Tox Bor-Cream <\/strong>Peptidikompleksia sis\u00e4lt\u00e4v\u00e4ll\u00e4 kohottavalla voideella on voimakas ik\u00e4\u00e4ntymist\u00e4 ehk\u00e4isev\u00e4 vaikutus: se lis\u00e4\u00e4 ihon kimmoisuutta ja s\u00e4vy\u00e4, v\u00e4hent\u00e4\u00e4 ryppyjen syvyytt\u00e4 ja tekee ihon rakenteesta tasaisemman.<br \/>\nHidastaa ik\u00e4\u00e4ntymisprosesseja, tukee ihon kiinteytt\u00e4, ravitsee ja kosteuttaa syv\u00e4lt\u00e4.<\/p>\n<p>Voiteella on botoxin kaltainen vaikutus \u2013 se rentouttaa kasvolihaksia ja auttaa lievitt\u00e4m\u00e4\u00e4n j\u00e4nnityst\u00e4 est\u00e4en ilmejuonteiden ja ihopoimujen muodostumista. Se lis\u00e4\u00e4 ihon kiinteytt\u00e4, kiinteytt\u00e4\u00e4 kasvojen muotoja, silottaa nen\u00e4n ja suun v\u00e4lisi\u00e4 juonteita, marionettiryppyj\u00e4 ja variksenjalkoja. Tekee ihosta tihe\u00e4mm\u00e4n, parantaa solujen kyky\u00e4 sitoa kosteutta ja ehk\u00e4isee kuivumista ja kosteuden puutetta.<\/p>\n<p>Voiteella on herkk\u00e4, kermainen koostumus, joka kosteuttaa v\u00e4litt\u00f6m\u00e4sti ja poistaa kirist\u00e4v\u00e4n tunteen.<\/p>\n<p><strong>T\u00e4rkeimm\u00e4t vaikuttavat aineet:<\/strong><br \/>\n<strong>Volufilin<\/strong> \u2013 ainutlaatuinen anemarrhena-juuresta saatava ainesosa, joka stimuloi paikallisesti rasvakudoksen luonnollista uusiutumista, lis\u00e4\u00e4 ihon tiheytt\u00e4 ja kimmoisuutta, v\u00e4hent\u00e4\u00e4 veltostumista ja silottaa ryppyj\u00e4.<br \/>\n<strong>Hyaluronihappo<\/strong> \u2013 tunkeutuu syv\u00e4lle ihoon, poistaa kuivumista, palauttaa kosteustasapainon ja pit\u00e4\u00e4 ihon sile\u00e4n\u00e4.<br \/>\n<strong>5 peptidikompleksi<\/strong> \u2013 ehk\u00e4isee ik\u00e4\u00e4ntymist\u00e4, stimuloi solujen uusiutumista, v\u00e4hent\u00e4\u00e4 ryppyjen syvyytt\u00e4, silottaa ja kiinteytt\u00e4\u00e4 ihoa. Argireliini, botuliinia muistuttava peptidi, rentouttaa kasvolihaksia ja auttaa ehk\u00e4isem\u00e4\u00e4n ilmejuonteita.<br \/>\n<strong>Keramidit<\/strong> \u2013 vahvistaa ihon suojakerrosta, est\u00e4\u00e4 kosteuden haihtumista ja tukee ihon uudistumista.<br \/>\n<strong>Hydrolysoitu kollageeni<\/strong> \u2013 palauttaa epidermiksen rakenteen, vahvistaa soluseini\u00e4, parantaa proteiiniaineenvaihduntaa ja auttaa tasoittamaan ryppyj\u00e4 ja ihon ep\u00e4tasaisuuksia.<br \/>\n<strong>Jojoba\u00f6ljy<\/strong> \u2013 tukee ihon kimmoisuutta ja s\u00e4vy\u00e4, ravitsee A- ja E-vitamiineilla, ehk\u00e4isee kuivumista, hilseily\u00e4 ja \u00e4rsytyst\u00e4.<br \/>\n<strong>Macadamia\u00f6ljy<\/strong> \u2013 pehment\u00e4\u00e4 ja ravitsee ihoa, palauttaa sen ja tarjoaa antioksidanttisuojan.<br \/>\n<strong>Skvala<\/strong> \u2013 rauhoittaa vaurioitunutta ja \u00e4rtynytt\u00e4 ihoa, taistelee vapaita radikaaleja vastaan, kosteuttaa ja suojaa ulkoisilta ymp\u00e4rist\u00f6vaikutuksilta.<br \/>\n<strong>Probiootit<\/strong> \u2013 tukevat ihon mikrobistoa, tasoittavat ihon s\u00e4vy\u00e4 ja auttavat v\u00e4hent\u00e4m\u00e4\u00e4n pigmenttimuutoksia. Kosteuttavat, lievitt\u00e4v\u00e4t punoitusta, s\u00e4\u00e4telev\u00e4t melaniinin tuotantoa, kuorivat hell\u00e4varaisesti ja nopeuttavat ihon uusiutumista. Vahvistavat ihon suojakerrosta ulkoisilta vaikutuksilta.<\/p>\n<p>Sopii kaikille ihotyypeille.<\/p>\n<p><strong>K\u00e4ytt\u00f6:<\/strong> Puhdistuksen, kasvoveden ja seerumin j\u00e4lkeen levit\u00e4 pieni m\u00e4\u00e4r\u00e4 voidetta iholle hoidon viimeisen\u00e4 vaiheena.<\/p>\n<hr \/>","protected":false},"excerpt":{"rendered":"<p>MediPeel Peptide-Tox Bor-Cream -voide, jossa on peptidikompleksi, on voimakkaan ik\u00e4\u00e4ntymist\u00e4 ehk\u00e4isev\u00e4: se lis\u00e4\u00e4 ihon kimmoisuutta ja s\u00e4vy\u00e4, v\u00e4hent\u00e4\u00e4 ryppyjen syvyytt\u00e4 ja tekee ihon rakenteesta tasaisemman. Hidastaa ik\u00e4\u00e4ntymisprosesseja, tukee ihon kiinteytt\u00e4, ravitsee ja kosteuttaa syv\u00e4lt\u00e4. Voiteella on botoxin kaltainen vaikutus - se rentouttaa kasvolihaksia ja auttaa poistamaan j\u00e4nnityst\u00e4 est\u00e4en matkivien ryppyjen ja ihopoimujen muodostumista. Lis\u00e4\u00e4 ihon kiinteytt\u00e4, kiinteytt\u00e4\u00e4 kasvojen muotoja, silottaa\u2026<\/p>","protected":false},"featured_media":16659,"comment_status":"open","ping_status":"closed","template":"","meta":{"_uf_show_specific_survey":0,"_uf_disable_surveys":false,"_bst_post_transparent":"default","_bst_post_title":"","_bst_post_layout":"default","_bst_post_sidebar_id":"","_bst_post_content_style":"default","_bst_post_vertical_padding":"default","_bst_post_feature":"","_bst_post_feature_position":"","_bst_post_header":false,"_bst_post_footer":false},"pwb-brand":[107],"product_brand":[],"product_cat":[92,96],"product_tag":[1031,568,381,830],"class_list":{"0":"post-16658","1":"product","2":"type-product","3":"status-publish","4":"has-post-thumbnail","6":"pwb-brand-medipeel","7":"product_cat-nagu","8":"product_cat-naokreemid","9":"product_tag-botox","10":"product_tag-korea","11":"product_tag-medipeel","12":"product_tag-peptide","14":"first","15":"instock","16":"shipping-taxable","17":"purchasable","18":"product-type-simple","19":"entry","20":"content-bg","21":"loop-entry"},"supplier_id":null,"supplier_sku":"","barcode":null,"atum_controlled":true,"out_stock_date":null,"out_stock_threshold":null,"inheritable":false,"inbound_stock":0,"stock_on_hold":0,"sold_today":0,"sales_last_days":0,"out_stock_days":0,"lost_sales":0,"has_location":false,"update_date":"2026-04-24T00:09:07","atum_locations":[],"atum_stock_status":"instock","restock_status":false,"low_stock_amount":"","sales_update_date":"2026-04-24T00:09:07","calc_backorders":null,"yoast_head":"<!-- This site is optimized with the Yoast SEO plugin v27.2 - https:\/\/yoast.com\/product\/yoast-seo-wordpress\/ -->\n<title>Medi-Peel Peptide-Tox Bor-Cream, 50ml - IDA.KOREA<\/title>\n<meta name=\"description\" content=\"Lifting-kreem peptiidikompleksiga omab tugevat vananemisvastast toimet: t\u00f5stab naha elastsust ja toonust, v\u00e4hendab kortsude s\u00fcgavust. - Made in Korea\" \/>\n<meta name=\"robots\" content=\"index, follow, max-snippet:-1, max-image-preview:large, max-video-preview:-1\" \/>\n<link rel=\"canonical\" href=\"https:\/\/idakorea.ee\/fi\/product\/medi-peel-peptide-tox-bor-cream-50ml\/\" \/>\n<meta property=\"og:locale\" content=\"fi_FI\" \/>\n<meta property=\"og:type\" content=\"article\" \/>\n<meta property=\"og:title\" content=\"Medi-Peel Peptide-Tox Bor-Cream, 50ml - IDA.KOREA\" \/>\n<meta property=\"og:description\" content=\"Lifting-kreem peptiidikompleksiga omab tugevat vananemisvastast toimet: t\u00f5stab naha elastsust ja toonust, v\u00e4hendab kortsude s\u00fcgavust. - Made in Korea\" \/>\n<meta property=\"og:url\" content=\"https:\/\/idakorea.ee\/fi\/product\/medi-peel-peptide-tox-bor-cream-50ml\/\" \/>\n<meta property=\"og:site_name\" content=\"IDA.KOREA\" \/>\n<meta property=\"article:modified_time\" content=\"2026-03-22T17:02:42+00:00\" \/>\n<meta property=\"og:image\" content=\"https:\/\/idakorea.ee\/wp-content\/uploads\/2025\/11\/Medi-Peel-Bor-Tox-Peptide-Cream-idakorea.webp\" \/>\n\t<meta property=\"og:image:width\" content=\"1200\" \/>\n\t<meta property=\"og:image:height\" content=\"1200\" \/>\n\t<meta property=\"og:image:type\" content=\"image\/webp\" \/>\n<meta name=\"twitter:card\" content=\"summary_large_image\" \/>\n<meta name=\"twitter:label1\" content=\"Arvioitu lukuaika\" \/>\n\t<meta name=\"twitter:data1\" content=\"2 minuuttia\" \/>\n<script type=\"application\/ld+json\" class=\"yoast-schema-graph\">{\"@context\":\"https:\/\/schema.org\",\"@graph\":[{\"@type\":\"WebPage\",\"@id\":\"https:\/\/idakorea.ee\/product\/medi-peel-peptide-tox-bor-cream-50ml\/\",\"url\":\"https:\/\/idakorea.ee\/product\/medi-peel-peptide-tox-bor-cream-50ml\/\",\"name\":\"Medi-Peel Peptide-Tox Bor-Cream, 50ml - IDA.KOREA\",\"isPartOf\":{\"@id\":\"https:\/\/idakorea.ee\/#website\"},\"primaryImageOfPage\":{\"@id\":\"https:\/\/idakorea.ee\/product\/medi-peel-peptide-tox-bor-cream-50ml\/#primaryimage\"},\"image\":{\"@id\":\"https:\/\/idakorea.ee\/product\/medi-peel-peptide-tox-bor-cream-50ml\/#primaryimage\"},\"thumbnailUrl\":\"https:\/\/idakorea.ee\/wp-content\/uploads\/2025\/11\/Medi-Peel-Bor-Tox-Peptide-Cream-idakorea.webp\",\"datePublished\":\"2025-11-29T12:29:55+00:00\",\"dateModified\":\"2026-03-22T17:02:42+00:00\",\"description\":\"Lifting-kreem peptiidikompleksiga omab tugevat vananemisvastast toimet: t\u00f5stab naha elastsust ja toonust, v\u00e4hendab kortsude s\u00fcgavust. - Made in Korea\",\"breadcrumb\":{\"@id\":\"https:\/\/idakorea.ee\/product\/medi-peel-peptide-tox-bor-cream-50ml\/#breadcrumb\"},\"inLanguage\":\"fi\",\"potentialAction\":[{\"@type\":\"ReadAction\",\"target\":[\"https:\/\/idakorea.ee\/product\/medi-peel-peptide-tox-bor-cream-50ml\/\"]}]},{\"@type\":\"ImageObject\",\"inLanguage\":\"fi\",\"@id\":\"https:\/\/idakorea.ee\/product\/medi-peel-peptide-tox-bor-cream-50ml\/#primaryimage\",\"url\":\"https:\/\/idakorea.ee\/wp-content\/uploads\/2025\/11\/Medi-Peel-Bor-Tox-Peptide-Cream-idakorea.webp\",\"contentUrl\":\"https:\/\/idakorea.ee\/wp-content\/uploads\/2025\/11\/Medi-Peel-Bor-Tox-Peptide-Cream-idakorea.webp\",\"width\":1200,\"height\":1200},{\"@type\":\"BreadcrumbList\",\"@id\":\"https:\/\/idakorea.ee\/product\/medi-peel-peptide-tox-bor-cream-50ml\/#breadcrumb\",\"itemListElement\":[{\"@type\":\"ListItem\",\"position\":1,\"name\":\"\u0413\u043b\u0430\u0432\u043d\u0430\u044f \u0441\u0442\u0440\u0430\u043d\u0438\u0446\u0430\",\"item\":\"https:\/\/idakorea.ee\/\"},{\"@type\":\"ListItem\",\"position\":2,\"name\":\"Shop\",\"item\":\"https:\/\/idakorea.ee\/shop-2\/\"},{\"@type\":\"ListItem\",\"position\":3,\"name\":\"Lifting-kreem MediPeel Peptide-Tox Bor-Cream, 50ml\"}]},{\"@type\":\"WebSite\",\"@id\":\"https:\/\/idakorea.ee\/#website\",\"url\":\"https:\/\/idakorea.ee\/\",\"name\":\"IDA.KOREA\",\"description\":\"Korea kosmeetika e-pood\",\"publisher\":{\"@id\":\"https:\/\/idakorea.ee\/#organization\"},\"alternateName\":\"Beauty Shop\",\"potentialAction\":[{\"@type\":\"SearchAction\",\"target\":{\"@type\":\"EntryPoint\",\"urlTemplate\":\"https:\/\/idakorea.ee\/?s={search_term_string}\"},\"query-input\":{\"@type\":\"PropertyValueSpecification\",\"valueRequired\":true,\"valueName\":\"search_term_string\"}}],\"inLanguage\":\"fi\"},{\"@type\":\"Organization\",\"@id\":\"https:\/\/idakorea.ee\/#organization\",\"name\":\"IDA.KOREA\",\"url\":\"https:\/\/idakorea.ee\/\",\"logo\":{\"@type\":\"ImageObject\",\"inLanguage\":\"fi\",\"@id\":\"https:\/\/idakorea.ee\/#\/schema\/logo\/image\/\",\"url\":\"https:\/\/idakorea.ee\/wp-content\/uploads\/2024\/05\/cropped-korea3.png\",\"contentUrl\":\"https:\/\/idakorea.ee\/wp-content\/uploads\/2024\/05\/cropped-korea3.png\",\"width\":688,\"height\":126,\"caption\":\"IDA.KOREA\"},\"image\":{\"@id\":\"https:\/\/idakorea.ee\/#\/schema\/logo\/image\/\"},\"sameAs\":[\"https:\/\/www.instagram.com\/ida.korea\/\"]}]}<\/script>\n<!-- \/ Yoast SEO plugin. -->","yoast_head_json":{"title":"Medi-Peel Peptide-Tox Bor-voide, 50ml - IDA.KOREA","description":"Peptidikompleksia sis\u00e4lt\u00e4v\u00e4ll\u00e4 kohottavalla voideella on voimakas ik\u00e4\u00e4ntymist\u00e4 ehk\u00e4isev\u00e4 vaikutus: se lis\u00e4\u00e4 ihon kimmoisuutta ja s\u00e4vy\u00e4, v\u00e4hent\u00e4\u00e4 ryppyjen syvyytt\u00e4. - Valmistettu Koreassa","robots":{"index":"index","follow":"follow","max-snippet":"max-snippet:-1","max-image-preview":"max-image-preview:large","max-video-preview":"max-video-preview:-1"},"canonical":"https:\/\/idakorea.ee\/fi\/product\/medi-peel-peptide-tox-bor-cream-50ml\/","og_locale":"fi_FI","og_type":"article","og_title":"Medi-Peel Peptide-Tox Bor-Cream, 50ml - IDA.KOREA","og_description":"Lifting-kreem peptiidikompleksiga omab tugevat vananemisvastast toimet: t\u00f5stab naha elastsust ja toonust, v\u00e4hendab kortsude s\u00fcgavust. - Made in Korea","og_url":"https:\/\/idakorea.ee\/fi\/product\/medi-peel-peptide-tox-bor-cream-50ml\/","og_site_name":"IDA.KOREA","article_modified_time":"2026-03-22T17:02:42+00:00","og_image":[{"width":1200,"height":1200,"url":"https:\/\/idakorea.ee\/wp-content\/uploads\/2025\/11\/Medi-Peel-Bor-Tox-Peptide-Cream-idakorea.webp","type":"image\/webp"}],"twitter_card":"summary_large_image","twitter_misc":{"Arvioitu lukuaika":"2 minuuttia"},"schema":{"@context":"https:\/\/schema.org","@graph":[{"@type":"WebPage","@id":"https:\/\/idakorea.ee\/product\/medi-peel-peptide-tox-bor-cream-50ml\/","url":"https:\/\/idakorea.ee\/product\/medi-peel-peptide-tox-bor-cream-50ml\/","name":"Medi-Peel Peptide-Tox Bor-voide, 50ml - IDA.KOREA","isPartOf":{"@id":"https:\/\/idakorea.ee\/#website"},"primaryImageOfPage":{"@id":"https:\/\/idakorea.ee\/product\/medi-peel-peptide-tox-bor-cream-50ml\/#primaryimage"},"image":{"@id":"https:\/\/idakorea.ee\/product\/medi-peel-peptide-tox-bor-cream-50ml\/#primaryimage"},"thumbnailUrl":"https:\/\/idakorea.ee\/wp-content\/uploads\/2025\/11\/Medi-Peel-Bor-Tox-Peptide-Cream-idakorea.webp","datePublished":"2025-11-29T12:29:55+00:00","dateModified":"2026-03-22T17:02:42+00:00","description":"Peptidikompleksia sis\u00e4lt\u00e4v\u00e4ll\u00e4 kohottavalla voideella on voimakas ik\u00e4\u00e4ntymist\u00e4 ehk\u00e4isev\u00e4 vaikutus: se lis\u00e4\u00e4 ihon kimmoisuutta ja s\u00e4vy\u00e4, v\u00e4hent\u00e4\u00e4 ryppyjen syvyytt\u00e4. - Valmistettu Koreassa","breadcrumb":{"@id":"https:\/\/idakorea.ee\/product\/medi-peel-peptide-tox-bor-cream-50ml\/#breadcrumb"},"inLanguage":"fi","potentialAction":[{"@type":"ReadAction","target":["https:\/\/idakorea.ee\/product\/medi-peel-peptide-tox-bor-cream-50ml\/"]}]},{"@type":"ImageObject","inLanguage":"fi","@id":"https:\/\/idakorea.ee\/product\/medi-peel-peptide-tox-bor-cream-50ml\/#primaryimage","url":"https:\/\/idakorea.ee\/wp-content\/uploads\/2025\/11\/Medi-Peel-Bor-Tox-Peptide-Cream-idakorea.webp","contentUrl":"https:\/\/idakorea.ee\/wp-content\/uploads\/2025\/11\/Medi-Peel-Bor-Tox-Peptide-Cream-idakorea.webp","width":1200,"height":1200},{"@type":"BreadcrumbList","@id":"https:\/\/idakorea.ee\/product\/medi-peel-peptide-tox-bor-cream-50ml\/#breadcrumb","itemListElement":[{"@type":"ListItem","position":1,"name":"\u0413\u043b\u0430\u0432\u043d\u0430\u044f \u0441\u0442\u0440\u0430\u043d\u0438\u0446\u0430","item":"https:\/\/idakorea.ee\/"},{"@type":"ListItem","position":2,"name":"Shop","item":"https:\/\/idakorea.ee\/shop-2\/"},{"@type":"ListItem","position":3,"name":"Lifting-kreem MediPeel Peptide-Tox Bor-Cream, 50ml"}]},{"@type":"WebSite","@id":"https:\/\/idakorea.ee\/#website","url":"https:\/\/idakorea.ee\/","name":"IDA.KOREA","description":"Korean kosmetiikan verkkokauppa","publisher":{"@id":"https:\/\/idakorea.ee\/#organization"},"alternateName":"Beauty Shop","potentialAction":[{"@type":"SearchAction","target":{"@type":"EntryPoint","urlTemplate":"https:\/\/idakorea.ee\/?s={search_term_string}"},"query-input":{"@type":"PropertyValueSpecification","valueRequired":true,"valueName":"search_term_string"}}],"inLanguage":"fi"},{"@type":"Organization","@id":"https:\/\/idakorea.ee\/#organization","name":"IDA.KOREA","url":"https:\/\/idakorea.ee\/","logo":{"@type":"ImageObject","inLanguage":"fi","@id":"https:\/\/idakorea.ee\/#\/schema\/logo\/image\/","url":"https:\/\/idakorea.ee\/wp-content\/uploads\/2024\/05\/cropped-korea3.png","contentUrl":"https:\/\/idakorea.ee\/wp-content\/uploads\/2024\/05\/cropped-korea3.png","width":688,"height":126,"caption":"IDA.KOREA"},"image":{"@id":"https:\/\/idakorea.ee\/#\/schema\/logo\/image\/"},"sameAs":["https:\/\/www.instagram.com\/ida.korea\/"]}]}},"jetpack_sharing_enabled":true,"brands":[{"id":107,"name":"MEDIPEEL+","slug":"medipeel"}],"_links":{"self":[{"href":"https:\/\/idakorea.ee\/fi\/wp-json\/wp\/v2\/product\/16658","targetHints":{"allow":["GET"]}}],"collection":[{"href":"https:\/\/idakorea.ee\/fi\/wp-json\/wp\/v2\/product"}],"about":[{"href":"https:\/\/idakorea.ee\/fi\/wp-json\/wp\/v2\/types\/product"}],"replies":[{"embeddable":true,"href":"https:\/\/idakorea.ee\/fi\/wp-json\/wp\/v2\/comments?post=16658"}],"version-history":[{"count":1,"href":"https:\/\/idakorea.ee\/fi\/wp-json\/wp\/v2\/product\/16658\/revisions"}],"predecessor-version":[{"id":16662,"href":"https:\/\/idakorea.ee\/fi\/wp-json\/wp\/v2\/product\/16658\/revisions\/16662"}],"wp:featuredmedia":[{"embeddable":true,"href":"https:\/\/idakorea.ee\/fi\/wp-json\/wp\/v2\/media\/16659"}],"wp:attachment":[{"href":"https:\/\/idakorea.ee\/fi\/wp-json\/wp\/v2\/media?parent=16658"}],"wp:term":[{"taxonomy":"pwb-brand","embeddable":true,"href":"https:\/\/idakorea.ee\/fi\/wp-json\/wp\/v2\/pwb-brand?post=16658"},{"taxonomy":"product_brand","embeddable":true,"href":"https:\/\/idakorea.ee\/fi\/wp-json\/wp\/v2\/product_brand?post=16658"},{"taxonomy":"product_cat","embeddable":true,"href":"https:\/\/idakorea.ee\/fi\/wp-json\/wp\/v2\/product_cat?post=16658"},{"taxonomy":"product_tag","embeddable":true,"href":"https:\/\/idakorea.ee\/fi\/wp-json\/wp\/v2\/product_tag?post=16658"}],"curies":[{"name":"wp","href":"https:\/\/api.w.org\/{rel}","templated":true}]}}