{"id":16666,"date":"2025-11-29T20:41:19","date_gmt":"2025-11-29T18:41:19","guid":{"rendered":"https:\/\/idakorea.ee\/?post_type=product&#038;p=16666"},"modified":"2026-04-10T19:21:02","modified_gmt":"2026-04-10T17:21:02","slug":"medipeel-peptide-tox-bor-ampoule-30ml","status":"publish","type":"product","link":"https:\/\/idakorea.ee\/fi\/product\/medipeel-peptide-tox-bor-ampoule-30ml\/","title":{"rendered":"MediPeel Peptide-Tox Bor Ampoule, 30ml"},"content":{"rendered":"<p data-start=\"44\" data-end=\"253\"><strong data-start=\"44\" data-end=\"253\">MediPeel Peptide-Tox Bor -ampulli <\/strong>Peptidikompleksia sis\u00e4lt\u00e4v\u00e4ll\u00e4 kohottavalla ampullilla on botuliinim\u00e4inen vaikutus: se silottaa ryppyj\u00e4, v\u00e4hent\u00e4\u00e4 niiden syvyytt\u00e4, kiinteytt\u00e4\u00e4 ja vahvistaa kasvojen muotoja sek\u00e4 hidastaa ik\u00e4\u00e4ntymisprosessia.<\/p>\n<p data-start=\"255\" data-end=\"383\">Tuote normalisoi hydrolipiditasapainon, yll\u00e4pit\u00e4\u00e4 optimaalisia kosteustasoja epidermiksen soluissa ja poistaa kuivuutta ja hilseily\u00e4.<\/p>\n<p data-start=\"385\" data-end=\"586\">Eritt\u00e4in tiivistetty ampulli tasoittaa ilmejuonteita, v\u00e4hent\u00e4\u00e4 ryppyjen syvyytt\u00e4 nen\u00e4n ja huulien v\u00e4liss\u00e4, kulmakarvojen v\u00e4liss\u00e4 ja silmien alla. Hidastaa ik\u00e4\u00e4ntymist\u00e4, kiinteytt\u00e4\u00e4 ja lis\u00e4\u00e4 ihon kiinteytt\u00e4.<\/p>\n<p data-start=\"588\" data-end=\"1473\"><strong data-start=\"588\" data-end=\"612\">T\u00e4rkeimm\u00e4t vaikuttavat aineet:<\/strong><br data-start=\"612\" data-end=\"615\" \/><strong data-start=\"615\" data-end=\"677\">Volufilin (Anemarrhena Asphodeloides -juuriuute, 20 ppm)<\/strong> \u2013 anemarrhenan juuriuute, joka lis\u00e4\u00e4 kudosten tiheytt\u00e4 ja volyymia, toimii lipofilling-vaikutuksella ja v\u00e4hent\u00e4\u00e4 ryppyjen syvyytt\u00e4.<br data-start=\"813\" data-end=\"816\" \/><strong data-start=\"816\" data-end=\"833\">Hyaluronihappo<\/strong> \u2013 tunkeutuu syv\u00e4lle ihoon, poistaa kuivuutta, palauttaa kosteustasapainon ja tekee ihosta sile\u00e4n.<br data-start=\"928\" data-end=\"931\" \/><strong data-start=\"931\" data-end=\"997\">EGF (oligopeptidi-32, oligopeptidi-29, riisi, mukaan lukien oligopeptidi-1)<\/strong> \u2013 stimuloivat solujen kasvua, vahvistavat, silottavat ja kiinteytt\u00e4v\u00e4t ihoa sek\u00e4 lis\u00e4\u00e4v\u00e4t kollageenin ja elastiinin tuotantoa.<br data-start=\"1120\" data-end=\"1123\" \/><strong data-start=\"1123\" data-end=\"1160\">Argireliini (asetyyliheksapeptidi-8)<\/strong> \u2013 tarjoaa botuliinim\u00e4isen vaikutuksen: rentouttaa kasvolihaksia, ehk\u00e4isee ilmejuonteiden muodostumista ja v\u00e4hent\u00e4\u00e4 olemassa olevien syvyytt\u00e4 toimien lihasrelaksanttina.<br data-start=\"1306\" data-end=\"1309\" \/><strong data-start=\"1309\" data-end=\"1336\">Hydrolysoitu kollageeni<\/strong> \u2013 kosteuttaa, auttaa soluja s\u00e4ilytt\u00e4m\u00e4\u00e4n kosteuden, parantaa ihon rakennetta, stimuloi uudistumisprosesseja ja edist\u00e4\u00e4 ryppyjen silottamista.<\/p>\n<p data-start=\"1475\" data-end=\"1505\">Sopii kaikille ihotyypeille.<\/p>\n<p data-start=\"1507\" data-end=\"1621\"><strong data-start=\"1507\" data-end=\"1522\">K\u00e4ytt\u00f6:<\/strong> Puhdistuksen ja kasvoveden j\u00e4lkeen levit\u00e4 ampulli tasaisesti kasvoillesi. Viimeistele hoito voideella.<\/p>","protected":false},"excerpt":{"rendered":"<p>MediPeel Peptide-Tox Bor Ampoule -kohottava ampulli peptidikompleksilla vaikuttaa botuliinia muistuttavasti: tasoittaa ryppyj\u00e4, v\u00e4hent\u00e4\u00e4 niiden syvyytt\u00e4, kiinteytt\u00e4\u00e4 ja vahvistaa kasvojen muotoja sek\u00e4 hidastaa ik\u00e4\u00e4ntymisprosessia. Tuote normalisoi hydrolipiditasapainoa, yll\u00e4pit\u00e4\u00e4 optimaalista kosteustasoa epidermiksen soluissa, poistaa kuivuutta ja hilseily\u00e4. Eritt\u00e4in tiivistetty ampulli tasoittaa ilmejuonteita, v\u00e4hent\u00e4\u00e4 ryppyjen syvyytt\u00e4 nen\u00e4n ja huulien poimuissa, kulmakarvojen v\u00e4liss\u00e4 ja silmien alla. Hidastaa ik\u00e4\u00e4ntymist\u00e4, kiinteytt\u00e4\u00e4 ja lis\u00e4\u00e4 ihon turgoria. P\u00e4\u00e4asiallinen\u2026<\/p>","protected":false},"featured_media":16668,"comment_status":"open","ping_status":"closed","template":"","meta":{"_uf_show_specific_survey":0,"_uf_disable_surveys":false,"_bst_post_transparent":"default","_bst_post_title":"","_bst_post_layout":"default","_bst_post_sidebar_id":"","_bst_post_content_style":"default","_bst_post_vertical_padding":"default","_bst_post_feature":"","_bst_post_feature_position":"","_bst_post_header":false,"_bst_post_footer":false},"pwb-brand":[107],"product_brand":[],"product_cat":[92,97],"product_tag":[1031,568,381,830],"class_list":{"0":"post-16666","1":"product","2":"type-product","3":"status-publish","4":"has-post-thumbnail","6":"pwb-brand-medipeel","7":"product_cat-nagu","8":"product_cat-naoseerumid-ja-olid","9":"product_tag-botox","10":"product_tag-korea","11":"product_tag-medipeel","12":"product_tag-peptide","14":"first","15":"instock","16":"shipping-taxable","17":"purchasable","18":"product-type-simple","19":"entry","20":"content-bg","21":"loop-entry"},"supplier_id":null,"supplier_sku":"","barcode":null,"atum_controlled":true,"out_stock_date":null,"out_stock_threshold":null,"inheritable":false,"inbound_stock":0,"stock_on_hold":0,"sold_today":0,"sales_last_days":1,"out_stock_days":0,"lost_sales":0,"has_location":false,"update_date":"2026-04-24T00:09:10","atum_locations":[],"atum_stock_status":"instock","restock_status":false,"low_stock_amount":"","sales_update_date":"2026-04-24T00:09:10","calc_backorders":null,"yoast_head":"<!-- This site is optimized with the Yoast SEO plugin v27.2 - https:\/\/yoast.com\/product\/yoast-seo-wordpress\/ -->\n<title>MediPeel Peptide-Tox Bor Ampoule, 30ml - IDA.KOREA<\/title>\n<meta name=\"description\" content=\"Lifting-ampull peptiidikompleksiga omab botuliinilaadset toimet: silub kortse, v\u00e4hendab nende s\u00fcgavust, pinguldab ja tugevdab n\u00e4okontuuri.\" \/>\n<meta name=\"robots\" content=\"index, follow, max-snippet:-1, max-image-preview:large, max-video-preview:-1\" \/>\n<link rel=\"canonical\" href=\"https:\/\/idakorea.ee\/fi\/product\/medipeel-peptide-tox-bor-ampoule-30ml\/\" \/>\n<meta property=\"og:locale\" content=\"fi_FI\" \/>\n<meta property=\"og:type\" content=\"article\" \/>\n<meta property=\"og:title\" content=\"MediPeel Peptide-Tox Bor Ampoule, 30ml - IDA.KOREA\" \/>\n<meta property=\"og:description\" content=\"Lifting-ampull peptiidikompleksiga omab botuliinilaadset toimet: silub kortse, v\u00e4hendab nende s\u00fcgavust, pinguldab ja tugevdab n\u00e4okontuuri.\" \/>\n<meta property=\"og:url\" content=\"https:\/\/idakorea.ee\/fi\/product\/medipeel-peptide-tox-bor-ampoule-30ml\/\" \/>\n<meta property=\"og:site_name\" content=\"IDA.KOREA\" \/>\n<meta property=\"article:modified_time\" content=\"2026-04-10T17:21:02+00:00\" \/>\n<meta property=\"og:image\" content=\"https:\/\/idakorea.ee\/wp-content\/uploads\/2025\/11\/medi-peel-peptide-tox-bor-ampoule-idakorea.jpg\" \/>\n\t<meta property=\"og:image:width\" content=\"500\" \/>\n\t<meta property=\"og:image:height\" content=\"500\" \/>\n\t<meta property=\"og:image:type\" content=\"image\/jpeg\" \/>\n<meta name=\"twitter:card\" content=\"summary_large_image\" \/>\n<meta name=\"twitter:label1\" content=\"Arvioitu lukuaika\" \/>\n\t<meta name=\"twitter:data1\" content=\"2 minuuttia\" \/>\n<script type=\"application\/ld+json\" class=\"yoast-schema-graph\">{\"@context\":\"https:\/\/schema.org\",\"@graph\":[{\"@type\":\"WebPage\",\"@id\":\"https:\/\/idakorea.ee\/product\/medipeel-peptide-tox-bor-ampoule-30ml\/\",\"url\":\"https:\/\/idakorea.ee\/product\/medipeel-peptide-tox-bor-ampoule-30ml\/\",\"name\":\"MediPeel Peptide-Tox Bor Ampoule, 30ml - IDA.KOREA\",\"isPartOf\":{\"@id\":\"https:\/\/idakorea.ee\/#website\"},\"primaryImageOfPage\":{\"@id\":\"https:\/\/idakorea.ee\/product\/medipeel-peptide-tox-bor-ampoule-30ml\/#primaryimage\"},\"image\":{\"@id\":\"https:\/\/idakorea.ee\/product\/medipeel-peptide-tox-bor-ampoule-30ml\/#primaryimage\"},\"thumbnailUrl\":\"https:\/\/idakorea.ee\/wp-content\/uploads\/2025\/11\/medi-peel-peptide-tox-bor-ampoule-idakorea.jpg\",\"datePublished\":\"2025-11-29T18:41:19+00:00\",\"dateModified\":\"2026-04-10T17:21:02+00:00\",\"description\":\"Lifting-ampull peptiidikompleksiga omab botuliinilaadset toimet: silub kortse, v\u00e4hendab nende s\u00fcgavust, pinguldab ja tugevdab n\u00e4okontuuri.\",\"breadcrumb\":{\"@id\":\"https:\/\/idakorea.ee\/product\/medipeel-peptide-tox-bor-ampoule-30ml\/#breadcrumb\"},\"inLanguage\":\"fi\",\"potentialAction\":[{\"@type\":\"ReadAction\",\"target\":[\"https:\/\/idakorea.ee\/product\/medipeel-peptide-tox-bor-ampoule-30ml\/\"]}]},{\"@type\":\"ImageObject\",\"inLanguage\":\"fi\",\"@id\":\"https:\/\/idakorea.ee\/product\/medipeel-peptide-tox-bor-ampoule-30ml\/#primaryimage\",\"url\":\"https:\/\/idakorea.ee\/wp-content\/uploads\/2025\/11\/medi-peel-peptide-tox-bor-ampoule-idakorea.jpg\",\"contentUrl\":\"https:\/\/idakorea.ee\/wp-content\/uploads\/2025\/11\/medi-peel-peptide-tox-bor-ampoule-idakorea.jpg\",\"width\":500,\"height\":500},{\"@type\":\"BreadcrumbList\",\"@id\":\"https:\/\/idakorea.ee\/product\/medipeel-peptide-tox-bor-ampoule-30ml\/#breadcrumb\",\"itemListElement\":[{\"@type\":\"ListItem\",\"position\":1,\"name\":\"\u0413\u043b\u0430\u0432\u043d\u0430\u044f \u0441\u0442\u0440\u0430\u043d\u0438\u0446\u0430\",\"item\":\"https:\/\/idakorea.ee\/\"},{\"@type\":\"ListItem\",\"position\":2,\"name\":\"Shop\",\"item\":\"https:\/\/idakorea.ee\/shop-2\/\"},{\"@type\":\"ListItem\",\"position\":3,\"name\":\"Lifting-ampull MediPeel Peptide-Tox Bor Ampoule, 30ml\"}]},{\"@type\":\"WebSite\",\"@id\":\"https:\/\/idakorea.ee\/#website\",\"url\":\"https:\/\/idakorea.ee\/\",\"name\":\"IDA.KOREA\",\"description\":\"Korea kosmeetika e-pood\",\"publisher\":{\"@id\":\"https:\/\/idakorea.ee\/#organization\"},\"alternateName\":\"Beauty Shop\",\"potentialAction\":[{\"@type\":\"SearchAction\",\"target\":{\"@type\":\"EntryPoint\",\"urlTemplate\":\"https:\/\/idakorea.ee\/?s={search_term_string}\"},\"query-input\":{\"@type\":\"PropertyValueSpecification\",\"valueRequired\":true,\"valueName\":\"search_term_string\"}}],\"inLanguage\":\"fi\"},{\"@type\":\"Organization\",\"@id\":\"https:\/\/idakorea.ee\/#organization\",\"name\":\"IDA.KOREA\",\"url\":\"https:\/\/idakorea.ee\/\",\"logo\":{\"@type\":\"ImageObject\",\"inLanguage\":\"fi\",\"@id\":\"https:\/\/idakorea.ee\/#\/schema\/logo\/image\/\",\"url\":\"https:\/\/idakorea.ee\/wp-content\/uploads\/2024\/05\/cropped-korea3.png\",\"contentUrl\":\"https:\/\/idakorea.ee\/wp-content\/uploads\/2024\/05\/cropped-korea3.png\",\"width\":688,\"height\":126,\"caption\":\"IDA.KOREA\"},\"image\":{\"@id\":\"https:\/\/idakorea.ee\/#\/schema\/logo\/image\/\"},\"sameAs\":[\"https:\/\/www.instagram.com\/ida.korea\/\"]}]}<\/script>\n<!-- \/ Yoast SEO plugin. -->","yoast_head_json":{"title":"MediPeel Peptide-Tox Bor -ampulli, 30 ml - IDA.KOREA","description":"Peptidikompleksia sis\u00e4lt\u00e4v\u00e4ll\u00e4 kohottavalla ampullilla on botuliinia muistuttava vaikutus: se silottaa ryppyj\u00e4, v\u00e4hent\u00e4\u00e4 niiden syvyytt\u00e4, kiinteytt\u00e4\u00e4 ja vahvistaa kasvojen muotoja.","robots":{"index":"index","follow":"follow","max-snippet":"max-snippet:-1","max-image-preview":"max-image-preview:large","max-video-preview":"max-video-preview:-1"},"canonical":"https:\/\/idakorea.ee\/fi\/product\/medipeel-peptide-tox-bor-ampoule-30ml\/","og_locale":"fi_FI","og_type":"article","og_title":"MediPeel Peptide-Tox Bor Ampoule, 30ml - IDA.KOREA","og_description":"Lifting-ampull peptiidikompleksiga omab botuliinilaadset toimet: silub kortse, v\u00e4hendab nende s\u00fcgavust, pinguldab ja tugevdab n\u00e4okontuuri.","og_url":"https:\/\/idakorea.ee\/fi\/product\/medipeel-peptide-tox-bor-ampoule-30ml\/","og_site_name":"IDA.KOREA","article_modified_time":"2026-04-10T17:21:02+00:00","og_image":[{"width":500,"height":500,"url":"https:\/\/idakorea.ee\/wp-content\/uploads\/2025\/11\/medi-peel-peptide-tox-bor-ampoule-idakorea.jpg","type":"image\/jpeg"}],"twitter_card":"summary_large_image","twitter_misc":{"Arvioitu lukuaika":"2 minuuttia"},"schema":{"@context":"https:\/\/schema.org","@graph":[{"@type":"WebPage","@id":"https:\/\/idakorea.ee\/product\/medipeel-peptide-tox-bor-ampoule-30ml\/","url":"https:\/\/idakorea.ee\/product\/medipeel-peptide-tox-bor-ampoule-30ml\/","name":"MediPeel Peptide-Tox Bor -ampulli, 30 ml - IDA.KOREA","isPartOf":{"@id":"https:\/\/idakorea.ee\/#website"},"primaryImageOfPage":{"@id":"https:\/\/idakorea.ee\/product\/medipeel-peptide-tox-bor-ampoule-30ml\/#primaryimage"},"image":{"@id":"https:\/\/idakorea.ee\/product\/medipeel-peptide-tox-bor-ampoule-30ml\/#primaryimage"},"thumbnailUrl":"https:\/\/idakorea.ee\/wp-content\/uploads\/2025\/11\/medi-peel-peptide-tox-bor-ampoule-idakorea.jpg","datePublished":"2025-11-29T18:41:19+00:00","dateModified":"2026-04-10T17:21:02+00:00","description":"Peptidikompleksia sis\u00e4lt\u00e4v\u00e4ll\u00e4 kohottavalla ampullilla on botuliinia muistuttava vaikutus: se silottaa ryppyj\u00e4, v\u00e4hent\u00e4\u00e4 niiden syvyytt\u00e4, kiinteytt\u00e4\u00e4 ja vahvistaa kasvojen muotoja.","breadcrumb":{"@id":"https:\/\/idakorea.ee\/product\/medipeel-peptide-tox-bor-ampoule-30ml\/#breadcrumb"},"inLanguage":"fi","potentialAction":[{"@type":"ReadAction","target":["https:\/\/idakorea.ee\/product\/medipeel-peptide-tox-bor-ampoule-30ml\/"]}]},{"@type":"ImageObject","inLanguage":"fi","@id":"https:\/\/idakorea.ee\/product\/medipeel-peptide-tox-bor-ampoule-30ml\/#primaryimage","url":"https:\/\/idakorea.ee\/wp-content\/uploads\/2025\/11\/medi-peel-peptide-tox-bor-ampoule-idakorea.jpg","contentUrl":"https:\/\/idakorea.ee\/wp-content\/uploads\/2025\/11\/medi-peel-peptide-tox-bor-ampoule-idakorea.jpg","width":500,"height":500},{"@type":"BreadcrumbList","@id":"https:\/\/idakorea.ee\/product\/medipeel-peptide-tox-bor-ampoule-30ml\/#breadcrumb","itemListElement":[{"@type":"ListItem","position":1,"name":"\u0413\u043b\u0430\u0432\u043d\u0430\u044f \u0441\u0442\u0440\u0430\u043d\u0438\u0446\u0430","item":"https:\/\/idakorea.ee\/"},{"@type":"ListItem","position":2,"name":"Shop","item":"https:\/\/idakorea.ee\/shop-2\/"},{"@type":"ListItem","position":3,"name":"Lifting-ampull MediPeel Peptide-Tox Bor Ampoule, 30ml"}]},{"@type":"WebSite","@id":"https:\/\/idakorea.ee\/#website","url":"https:\/\/idakorea.ee\/","name":"IDA.KOREA","description":"Korean kosmetiikan verkkokauppa","publisher":{"@id":"https:\/\/idakorea.ee\/#organization"},"alternateName":"Beauty Shop","potentialAction":[{"@type":"SearchAction","target":{"@type":"EntryPoint","urlTemplate":"https:\/\/idakorea.ee\/?s={search_term_string}"},"query-input":{"@type":"PropertyValueSpecification","valueRequired":true,"valueName":"search_term_string"}}],"inLanguage":"fi"},{"@type":"Organization","@id":"https:\/\/idakorea.ee\/#organization","name":"IDA.KOREA","url":"https:\/\/idakorea.ee\/","logo":{"@type":"ImageObject","inLanguage":"fi","@id":"https:\/\/idakorea.ee\/#\/schema\/logo\/image\/","url":"https:\/\/idakorea.ee\/wp-content\/uploads\/2024\/05\/cropped-korea3.png","contentUrl":"https:\/\/idakorea.ee\/wp-content\/uploads\/2024\/05\/cropped-korea3.png","width":688,"height":126,"caption":"IDA.KOREA"},"image":{"@id":"https:\/\/idakorea.ee\/#\/schema\/logo\/image\/"},"sameAs":["https:\/\/www.instagram.com\/ida.korea\/"]}]}},"jetpack_sharing_enabled":true,"brands":[{"id":107,"name":"MEDIPEEL+","slug":"medipeel"}],"_links":{"self":[{"href":"https:\/\/idakorea.ee\/fi\/wp-json\/wp\/v2\/product\/16666","targetHints":{"allow":["GET"]}}],"collection":[{"href":"https:\/\/idakorea.ee\/fi\/wp-json\/wp\/v2\/product"}],"about":[{"href":"https:\/\/idakorea.ee\/fi\/wp-json\/wp\/v2\/types\/product"}],"replies":[{"embeddable":true,"href":"https:\/\/idakorea.ee\/fi\/wp-json\/wp\/v2\/comments?post=16666"}],"version-history":[{"count":1,"href":"https:\/\/idakorea.ee\/fi\/wp-json\/wp\/v2\/product\/16666\/revisions"}],"predecessor-version":[{"id":16670,"href":"https:\/\/idakorea.ee\/fi\/wp-json\/wp\/v2\/product\/16666\/revisions\/16670"}],"wp:featuredmedia":[{"embeddable":true,"href":"https:\/\/idakorea.ee\/fi\/wp-json\/wp\/v2\/media\/16668"}],"wp:attachment":[{"href":"https:\/\/idakorea.ee\/fi\/wp-json\/wp\/v2\/media?parent=16666"}],"wp:term":[{"taxonomy":"pwb-brand","embeddable":true,"href":"https:\/\/idakorea.ee\/fi\/wp-json\/wp\/v2\/pwb-brand?post=16666"},{"taxonomy":"product_brand","embeddable":true,"href":"https:\/\/idakorea.ee\/fi\/wp-json\/wp\/v2\/product_brand?post=16666"},{"taxonomy":"product_cat","embeddable":true,"href":"https:\/\/idakorea.ee\/fi\/wp-json\/wp\/v2\/product_cat?post=16666"},{"taxonomy":"product_tag","embeddable":true,"href":"https:\/\/idakorea.ee\/fi\/wp-json\/wp\/v2\/product_tag?post=16666"}],"curies":[{"name":"wp","href":"https:\/\/api.w.org\/{rel}","templated":true}]}}