{"id":16698,"date":"2025-12-01T15:52:17","date_gmt":"2025-12-01T13:52:17","guid":{"rendered":"https:\/\/idakorea.ee\/?post_type=product&#038;p=16698"},"modified":"2026-04-12T09:25:27","modified_gmt":"2026-04-12T07:25:27","slug":"vt-cosmetics-r5-firming-ampoule-30ml","status":"publish","type":"product","link":"https:\/\/idakorea.ee\/fi\/product\/vt-cosmetics-r5-firming-ampoule-30ml\/","title":{"rendered":"Nuorentava voideseerumi VT Cosmetics R5 kiinteytt\u00e4v\u00e4 ampulli, 30ml"},"content":{"rendered":"<p data-start=\"63\" data-end=\"580\">Nuorentava voideseerumi <strong data-start=\"63\" data-end=\"228\">VT Cosmetics R5 Firming Ampoule<\/strong> palauttaa ihon kimmoisuuden ja s\u00e4vyn, auttaa silottamaan ryppyj\u00e4 ja supistamaan ihohuokosia sek\u00e4 tasoittamaan ihon rakennetta.<br data-start=\"228\" data-end=\"231\" \/>Vahvistaa hydrolipidikerrosta ehk\u00e4isem\u00e4ll\u00e4 kuivuutta ja kireyden tunnetta. Lievitt\u00e4\u00e4 punoitusta ja \u00e4rsytyst\u00e4, v\u00e4hent\u00e4\u00e4 herkkyytt\u00e4 ja nopeuttaa vaurioituneiden alueiden paranemista.<br data-start=\"405\" data-end=\"408\" \/>Miedosti hapan pH-arvo (noin 5,0) auttaa yll\u00e4pit\u00e4m\u00e4\u00e4n ihon luonnollista tasapainoa. Ravitseva maitomainen koostumus j\u00e4tt\u00e4\u00e4 kosteutetun ja s\u00e4teilev\u00e4n lopputuloksen. Sopii kaikille ihotyypeille.<\/p>\n<p data-start=\"587\" data-end=\"615\"><strong data-start=\"591\" data-end=\"615\">T\u00e4rkeimm\u00e4t vaikuttavat aineet:<\/strong><\/p>\n<ul>\n<li data-start=\"617\" data-end=\"828\"><strong data-start=\"617\" data-end=\"638\">Phyto PDRN\u00ae Panax<\/strong> \u2013 PDRN (polynukleotidi), joka on per\u00e4isin ginsengin juuriuutteesta. Stimuloi solujen uusiutumista, nopeuttaa uudistumista, ehk\u00e4isee ryppyj\u00e4 ja auttaa yll\u00e4pit\u00e4m\u00e4\u00e4n ihon tiheytt\u00e4 ja kimmoisuutta.<\/li>\n<li data-start=\"830\" data-end=\"1080\"><strong data-start=\"830\" data-end=\"853\">Centella-eksosomit<\/strong> \u2013 aasialaisesta lumpeen uutteesta VED-menetelm\u00e4ll\u00e4 (VT Exosome Delivery) saatuja nanokokoisia hiukkasia. Pienimolekyylipainoiset eksosomit tunkeutuvat syv\u00e4lle ihoon, lievitt\u00e4v\u00e4t punoitusta, \u00e4rsytyst\u00e4 ja kutinaa sek\u00e4 hillitsev\u00e4t tulehdusta.<\/li>\n<li data-start=\"1082\" data-end=\"1274\"><strong data-start=\"1082\" data-end=\"1125\">Vaasan tripeptidi-1 (kuparin tripeptidi-1)<\/strong> \u2013 lis\u00e4\u00e4 kollageenin ja elastiinin synteesi\u00e4, parantaa ihon s\u00e4vy\u00e4 ja vahvuutta, sill\u00e4 on tulehdusta est\u00e4vi\u00e4 ja antioksidanttisia vaikutuksia ja se nopeuttaa paranemista.<\/li>\n<li data-start=\"1276\" data-end=\"1434\"><strong data-start=\"1276\" data-end=\"1313\">Argireliini (asetyyliheksapeptidi-8)<\/strong> \u2013 botuliinim\u00e4ist\u00e4 vaikutusta omaava peptidi, joka rentouttaa kasvolihaksia, ehk\u00e4isee ilmejuonteiden muodostumista ja v\u00e4hent\u00e4\u00e4 ihojuonteita.<\/li>\n<li data-start=\"1436\" data-end=\"1662\"><strong data-start=\"1436\" data-end=\"1451\">5 keramidia<\/strong> \u2013 rakenteellisesti samanlaisia kuin epidermaaliset lipidit: vahvistavat ihon suojakerrosta, poistavat hilseily\u00e4 ja kuivuutta, v\u00e4hent\u00e4v\u00e4t kosteuden menetyst\u00e4 ja tekev\u00e4t ihosta v\u00e4hemm\u00e4n herk\u00e4n ymp\u00e4rist\u00f6vaikutuksille.<\/li>\n<li data-start=\"1664\" data-end=\"1809\"><strong data-start=\"1664\" data-end=\"1691\">Pantenoli (B5-vitamiini)<\/strong> \u2013 rauhoittaa punoitusta ja kutinaa, vahvistaa hydrolipidikerrosta, v\u00e4hent\u00e4\u00e4 kosteuden haihtumista ja nopeuttaa paranemista.<\/li>\n<li data-start=\"1811\" data-end=\"1945\"><strong data-start=\"1811\" data-end=\"1824\">Kollaasit<\/strong> \u2013 kosteuttaa, auttaa yll\u00e4pit\u00e4m\u00e4\u00e4n kosteustasapainoa, parantaa ihon rakennetta, tukee palautumisprosesseja ja auttaa silottamaan ryppyj\u00e4.<\/li>\n<li data-start=\"1947\" data-end=\"2103\"><strong data-start=\"1947\" data-end=\"1976\">Skvalaani ja auringonkukka\u00f6ljy<\/strong> \u2013 ravitsevat ihoa, v\u00e4hent\u00e4v\u00e4t kuivuutta ja kireyden tunnetta, tarjoavat antioksidanttisuojaa ja tekev\u00e4t ihosta pehme\u00e4n ja joustavan.<\/li>\n<\/ul>\n<p data-start=\"2110\" data-end=\"2131\"><strong data-start=\"2114\" data-end=\"2129\">K\u00e4ytt\u00f6:<\/strong><\/p>\n<p data-start=\"2132\" data-end=\"2254\">Puhdistuksen ja kasvoveden j\u00e4lkeen levit\u00e4 seerumia kasvoillesi tasaisesti. Anna imeyty\u00e4 ja levit\u00e4 sitten voide.<\/p>","protected":false},"excerpt":{"rendered":"<p>Nuorentava voideseerumi VT Cosmetics R5 Firming Ampoule palauttaa ihon kimmoisuuden ja s\u00e4vyn, auttaa silottamaan ryppyj\u00e4 ja kaventamaan ihohuokosia sek\u00e4 tasoittamaan ihon rakennetta. Vahvistaa hydrolipidisuojaa est\u00e4en kuivuutta ja kireyden tunnetta. Lievitt\u00e4\u00e4 punoitusta ja \u00e4rsytyst\u00e4, v\u00e4hent\u00e4\u00e4 herkkyytt\u00e4 ja nopeuttaa vaurioituneiden alueiden paranemista. Liev\u00e4sti hapan pH-arvo (noin 5,0) auttaa yll\u00e4pit\u00e4m\u00e4\u00e4n ihon luonnollista tasapainoa. Ravitseva maitomainen koostumus j\u00e4tt\u00e4\u00e4 ihon kosteutetuksi ja s\u00e4teilev\u00e4ksi\u2026<\/p>","protected":false},"featured_media":16700,"comment_status":"open","ping_status":"closed","template":"","meta":{"_uf_show_specific_survey":0,"_uf_disable_surveys":false,"_bst_post_transparent":"default","_bst_post_title":"","_bst_post_layout":"default","_bst_post_sidebar_id":"","_bst_post_content_style":"default","_bst_post_vertical_padding":"default","_bst_post_feature":"","_bst_post_feature_position":"","_bst_post_header":false,"_bst_post_footer":false},"pwb-brand":[493],"product_brand":[],"product_cat":[92,97],"product_tag":[789,830,462],"class_list":{"0":"post-16698","1":"product","2":"type-product","3":"status-publish","4":"has-post-thumbnail","6":"pwb-brand-vt","7":"product_cat-nagu","8":"product_cat-naoseerumid-ja-olid","9":"product_tag-pdrn","10":"product_tag-peptide","11":"product_tag-vt","13":"first","14":"instock","15":"sale","16":"shipping-taxable","17":"purchasable","18":"product-type-simple","19":"entry","20":"content-bg","21":"loop-entry"},"supplier_id":null,"supplier_sku":"","barcode":null,"atum_controlled":true,"out_stock_date":null,"out_stock_threshold":null,"inheritable":false,"inbound_stock":0,"stock_on_hold":0,"sold_today":0,"sales_last_days":2,"out_stock_days":0,"lost_sales":0,"has_location":false,"update_date":"2026-04-14T09:50:03","atum_locations":[],"atum_stock_status":"instock","restock_status":false,"low_stock_amount":"","sales_update_date":"2026-04-14T09:50:03","calc_backorders":null,"yoast_head":"<!-- This site is optimized with the Yoast SEO plugin v27.2 - https:\/\/yoast.com\/product\/yoast-seo-wordpress\/ -->\n<title>VT Cosmetics R5 Firming Ampoule, 30ml - IDA.KOREA<\/title>\n<meta name=\"description\" content=\"Noorendav kreemseerumVT Cosmetics R5 Firming Ampoule taastab naha elastsuse ja toonuse, aitab siluda kortse ja ahendada poore ning \u00fchtlustab naha tekstuuri.\" \/>\n<meta name=\"robots\" content=\"index, follow, max-snippet:-1, max-image-preview:large, max-video-preview:-1\" \/>\n<link rel=\"canonical\" href=\"https:\/\/idakorea.ee\/fi\/product\/vt-cosmetics-r5-firming-ampoule-30ml\/\" \/>\n<meta property=\"og:locale\" content=\"fi_FI\" \/>\n<meta property=\"og:type\" content=\"article\" \/>\n<meta property=\"og:title\" content=\"VT Cosmetics R5 Firming Ampoule, 30ml - IDA.KOREA\" \/>\n<meta property=\"og:description\" content=\"Noorendav kreemseerumVT Cosmetics R5 Firming Ampoule taastab naha elastsuse ja toonuse, aitab siluda kortse ja ahendada poore ning \u00fchtlustab naha tekstuuri.\" \/>\n<meta property=\"og:url\" content=\"https:\/\/idakorea.ee\/fi\/product\/vt-cosmetics-r5-firming-ampoule-30ml\/\" \/>\n<meta property=\"og:site_name\" content=\"IDA.KOREA\" \/>\n<meta property=\"article:modified_time\" content=\"2026-04-12T07:25:27+00:00\" \/>\n<meta property=\"og:image\" content=\"https:\/\/idakorea.ee\/wp-content\/uploads\/2025\/12\/VTCosmeticsR5FirmingAmpoule-idakorea.webp\" \/>\n\t<meta property=\"og:image:width\" content=\"1200\" \/>\n\t<meta property=\"og:image:height\" content=\"1200\" \/>\n\t<meta property=\"og:image:type\" content=\"image\/webp\" \/>\n<meta name=\"twitter:card\" content=\"summary_large_image\" \/>\n<meta name=\"twitter:label1\" content=\"Arvioitu lukuaika\" \/>\n\t<meta name=\"twitter:data1\" content=\"2 minuuttia\" \/>\n<script type=\"application\/ld+json\" class=\"yoast-schema-graph\">{\"@context\":\"https:\/\/schema.org\",\"@graph\":[{\"@type\":\"WebPage\",\"@id\":\"https:\/\/idakorea.ee\/product\/vt-cosmetics-r5-firming-ampoule-30ml\/\",\"url\":\"https:\/\/idakorea.ee\/product\/vt-cosmetics-r5-firming-ampoule-30ml\/\",\"name\":\"VT Cosmetics R5 Firming Ampoule, 30ml - IDA.KOREA\",\"isPartOf\":{\"@id\":\"https:\/\/idakorea.ee\/#website\"},\"primaryImageOfPage\":{\"@id\":\"https:\/\/idakorea.ee\/product\/vt-cosmetics-r5-firming-ampoule-30ml\/#primaryimage\"},\"image\":{\"@id\":\"https:\/\/idakorea.ee\/product\/vt-cosmetics-r5-firming-ampoule-30ml\/#primaryimage\"},\"thumbnailUrl\":\"https:\/\/idakorea.ee\/wp-content\/uploads\/2025\/12\/VTCosmeticsR5FirmingAmpoule-idakorea.webp\",\"datePublished\":\"2025-12-01T13:52:17+00:00\",\"dateModified\":\"2026-04-12T07:25:27+00:00\",\"description\":\"Noorendav kreemseerumVT Cosmetics R5 Firming Ampoule taastab naha elastsuse ja toonuse, aitab siluda kortse ja ahendada poore ning \u00fchtlustab naha tekstuuri.\",\"breadcrumb\":{\"@id\":\"https:\/\/idakorea.ee\/product\/vt-cosmetics-r5-firming-ampoule-30ml\/#breadcrumb\"},\"inLanguage\":\"fi\",\"potentialAction\":[{\"@type\":\"ReadAction\",\"target\":[\"https:\/\/idakorea.ee\/product\/vt-cosmetics-r5-firming-ampoule-30ml\/\"]}]},{\"@type\":\"ImageObject\",\"inLanguage\":\"fi\",\"@id\":\"https:\/\/idakorea.ee\/product\/vt-cosmetics-r5-firming-ampoule-30ml\/#primaryimage\",\"url\":\"https:\/\/idakorea.ee\/wp-content\/uploads\/2025\/12\/VTCosmeticsR5FirmingAmpoule-idakorea.webp\",\"contentUrl\":\"https:\/\/idakorea.ee\/wp-content\/uploads\/2025\/12\/VTCosmeticsR5FirmingAmpoule-idakorea.webp\",\"width\":1200,\"height\":1200},{\"@type\":\"BreadcrumbList\",\"@id\":\"https:\/\/idakorea.ee\/product\/vt-cosmetics-r5-firming-ampoule-30ml\/#breadcrumb\",\"itemListElement\":[{\"@type\":\"ListItem\",\"position\":1,\"name\":\"\u0413\u043b\u0430\u0432\u043d\u0430\u044f \u0441\u0442\u0440\u0430\u043d\u0438\u0446\u0430\",\"item\":\"https:\/\/idakorea.ee\/\"},{\"@type\":\"ListItem\",\"position\":2,\"name\":\"Shop\",\"item\":\"https:\/\/idakorea.ee\/shop-2\/\"},{\"@type\":\"ListItem\",\"position\":3,\"name\":\"Noorendav kreemseerum VT Cosmetics R5 Firming Ampoule, 30ml\"}]},{\"@type\":\"WebSite\",\"@id\":\"https:\/\/idakorea.ee\/#website\",\"url\":\"https:\/\/idakorea.ee\/\",\"name\":\"IDA.KOREA\",\"description\":\"Korea kosmeetika e-pood\",\"publisher\":{\"@id\":\"https:\/\/idakorea.ee\/#organization\"},\"alternateName\":\"Beauty Shop\",\"potentialAction\":[{\"@type\":\"SearchAction\",\"target\":{\"@type\":\"EntryPoint\",\"urlTemplate\":\"https:\/\/idakorea.ee\/?s={search_term_string}\"},\"query-input\":{\"@type\":\"PropertyValueSpecification\",\"valueRequired\":true,\"valueName\":\"search_term_string\"}}],\"inLanguage\":\"fi\"},{\"@type\":\"Organization\",\"@id\":\"https:\/\/idakorea.ee\/#organization\",\"name\":\"IDA.KOREA\",\"url\":\"https:\/\/idakorea.ee\/\",\"logo\":{\"@type\":\"ImageObject\",\"inLanguage\":\"fi\",\"@id\":\"https:\/\/idakorea.ee\/#\/schema\/logo\/image\/\",\"url\":\"https:\/\/idakorea.ee\/wp-content\/uploads\/2024\/05\/cropped-korea3.png\",\"contentUrl\":\"https:\/\/idakorea.ee\/wp-content\/uploads\/2024\/05\/cropped-korea3.png\",\"width\":688,\"height\":126,\"caption\":\"IDA.KOREA\"},\"image\":{\"@id\":\"https:\/\/idakorea.ee\/#\/schema\/logo\/image\/\"},\"sameAs\":[\"https:\/\/www.instagram.com\/ida.korea\/\"]}]}<\/script>\n<!-- \/ Yoast SEO plugin. -->","yoast_head_json":{"title":"VT Cosmetics R5 Kiinteytt\u00e4v\u00e4 Ampulli, 30ml - IDA.KOREA","description":"Nuorentava voideseerumi VT Cosmetics R5 Firming Ampoule palauttaa ihon kimmoisuuden ja s\u00e4vyn, auttaa silottamaan ryppyj\u00e4 ja kaventamaan ihohuokosia sek\u00e4 tasoittamaan ihon rakennetta.","robots":{"index":"index","follow":"follow","max-snippet":"max-snippet:-1","max-image-preview":"max-image-preview:large","max-video-preview":"max-video-preview:-1"},"canonical":"https:\/\/idakorea.ee\/fi\/product\/vt-cosmetics-r5-firming-ampoule-30ml\/","og_locale":"fi_FI","og_type":"article","og_title":"VT Cosmetics R5 Firming Ampoule, 30ml - IDA.KOREA","og_description":"Noorendav kreemseerumVT Cosmetics R5 Firming Ampoule taastab naha elastsuse ja toonuse, aitab siluda kortse ja ahendada poore ning \u00fchtlustab naha tekstuuri.","og_url":"https:\/\/idakorea.ee\/fi\/product\/vt-cosmetics-r5-firming-ampoule-30ml\/","og_site_name":"IDA.KOREA","article_modified_time":"2026-04-12T07:25:27+00:00","og_image":[{"width":1200,"height":1200,"url":"https:\/\/idakorea.ee\/wp-content\/uploads\/2025\/12\/VTCosmeticsR5FirmingAmpoule-idakorea.webp","type":"image\/webp"}],"twitter_card":"summary_large_image","twitter_misc":{"Arvioitu lukuaika":"2 minuuttia"},"schema":{"@context":"https:\/\/schema.org","@graph":[{"@type":"WebPage","@id":"https:\/\/idakorea.ee\/product\/vt-cosmetics-r5-firming-ampoule-30ml\/","url":"https:\/\/idakorea.ee\/product\/vt-cosmetics-r5-firming-ampoule-30ml\/","name":"VT Cosmetics R5 Kiinteytt\u00e4v\u00e4 Ampulli, 30ml - IDA.KOREA","isPartOf":{"@id":"https:\/\/idakorea.ee\/#website"},"primaryImageOfPage":{"@id":"https:\/\/idakorea.ee\/product\/vt-cosmetics-r5-firming-ampoule-30ml\/#primaryimage"},"image":{"@id":"https:\/\/idakorea.ee\/product\/vt-cosmetics-r5-firming-ampoule-30ml\/#primaryimage"},"thumbnailUrl":"https:\/\/idakorea.ee\/wp-content\/uploads\/2025\/12\/VTCosmeticsR5FirmingAmpoule-idakorea.webp","datePublished":"2025-12-01T13:52:17+00:00","dateModified":"2026-04-12T07:25:27+00:00","description":"Nuorentava voideseerumi VT Cosmetics R5 Firming Ampoule palauttaa ihon kimmoisuuden ja s\u00e4vyn, auttaa silottamaan ryppyj\u00e4 ja kaventamaan ihohuokosia sek\u00e4 tasoittamaan ihon rakennetta.","breadcrumb":{"@id":"https:\/\/idakorea.ee\/product\/vt-cosmetics-r5-firming-ampoule-30ml\/#breadcrumb"},"inLanguage":"fi","potentialAction":[{"@type":"ReadAction","target":["https:\/\/idakorea.ee\/product\/vt-cosmetics-r5-firming-ampoule-30ml\/"]}]},{"@type":"ImageObject","inLanguage":"fi","@id":"https:\/\/idakorea.ee\/product\/vt-cosmetics-r5-firming-ampoule-30ml\/#primaryimage","url":"https:\/\/idakorea.ee\/wp-content\/uploads\/2025\/12\/VTCosmeticsR5FirmingAmpoule-idakorea.webp","contentUrl":"https:\/\/idakorea.ee\/wp-content\/uploads\/2025\/12\/VTCosmeticsR5FirmingAmpoule-idakorea.webp","width":1200,"height":1200},{"@type":"BreadcrumbList","@id":"https:\/\/idakorea.ee\/product\/vt-cosmetics-r5-firming-ampoule-30ml\/#breadcrumb","itemListElement":[{"@type":"ListItem","position":1,"name":"\u0413\u043b\u0430\u0432\u043d\u0430\u044f \u0441\u0442\u0440\u0430\u043d\u0438\u0446\u0430","item":"https:\/\/idakorea.ee\/"},{"@type":"ListItem","position":2,"name":"Shop","item":"https:\/\/idakorea.ee\/shop-2\/"},{"@type":"ListItem","position":3,"name":"Noorendav kreemseerum VT Cosmetics R5 Firming Ampoule, 30ml"}]},{"@type":"WebSite","@id":"https:\/\/idakorea.ee\/#website","url":"https:\/\/idakorea.ee\/","name":"IDA.KOREA","description":"Korean kosmetiikan verkkokauppa","publisher":{"@id":"https:\/\/idakorea.ee\/#organization"},"alternateName":"Beauty Shop","potentialAction":[{"@type":"SearchAction","target":{"@type":"EntryPoint","urlTemplate":"https:\/\/idakorea.ee\/?s={search_term_string}"},"query-input":{"@type":"PropertyValueSpecification","valueRequired":true,"valueName":"search_term_string"}}],"inLanguage":"fi"},{"@type":"Organization","@id":"https:\/\/idakorea.ee\/#organization","name":"IDA.KOREA","url":"https:\/\/idakorea.ee\/","logo":{"@type":"ImageObject","inLanguage":"fi","@id":"https:\/\/idakorea.ee\/#\/schema\/logo\/image\/","url":"https:\/\/idakorea.ee\/wp-content\/uploads\/2024\/05\/cropped-korea3.png","contentUrl":"https:\/\/idakorea.ee\/wp-content\/uploads\/2024\/05\/cropped-korea3.png","width":688,"height":126,"caption":"IDA.KOREA"},"image":{"@id":"https:\/\/idakorea.ee\/#\/schema\/logo\/image\/"},"sameAs":["https:\/\/www.instagram.com\/ida.korea\/"]}]}},"jetpack_sharing_enabled":true,"brands":[{"id":493,"name":"VT COSMETICS","slug":"vt"}],"_links":{"self":[{"href":"https:\/\/idakorea.ee\/fi\/wp-json\/wp\/v2\/product\/16698","targetHints":{"allow":["GET"]}}],"collection":[{"href":"https:\/\/idakorea.ee\/fi\/wp-json\/wp\/v2\/product"}],"about":[{"href":"https:\/\/idakorea.ee\/fi\/wp-json\/wp\/v2\/types\/product"}],"replies":[{"embeddable":true,"href":"https:\/\/idakorea.ee\/fi\/wp-json\/wp\/v2\/comments?post=16698"}],"version-history":[{"count":2,"href":"https:\/\/idakorea.ee\/fi\/wp-json\/wp\/v2\/product\/16698\/revisions"}],"predecessor-version":[{"id":18205,"href":"https:\/\/idakorea.ee\/fi\/wp-json\/wp\/v2\/product\/16698\/revisions\/18205"}],"wp:featuredmedia":[{"embeddable":true,"href":"https:\/\/idakorea.ee\/fi\/wp-json\/wp\/v2\/media\/16700"}],"wp:attachment":[{"href":"https:\/\/idakorea.ee\/fi\/wp-json\/wp\/v2\/media?parent=16698"}],"wp:term":[{"taxonomy":"pwb-brand","embeddable":true,"href":"https:\/\/idakorea.ee\/fi\/wp-json\/wp\/v2\/pwb-brand?post=16698"},{"taxonomy":"product_brand","embeddable":true,"href":"https:\/\/idakorea.ee\/fi\/wp-json\/wp\/v2\/product_brand?post=16698"},{"taxonomy":"product_cat","embeddable":true,"href":"https:\/\/idakorea.ee\/fi\/wp-json\/wp\/v2\/product_cat?post=16698"},{"taxonomy":"product_tag","embeddable":true,"href":"https:\/\/idakorea.ee\/fi\/wp-json\/wp\/v2\/product_tag?post=16698"}],"curies":[{"name":"wp","href":"https:\/\/api.w.org\/{rel}","templated":true}]}}