{"id":16703,"date":"2025-12-02T09:52:42","date_gmt":"2025-12-02T07:52:42","guid":{"rendered":"https:\/\/idakorea.ee\/?post_type=product&#038;p=16703"},"modified":"2026-04-13T20:27:24","modified_gmt":"2026-04-13T18:27:24","slug":"ahc-premier-ampoule-eye-cream-for-face-12ml","status":"publish","type":"product","link":"https:\/\/idakorea.ee\/fi\/product\/ahc-premier-ampoule-eye-cream-for-face-12ml\/","title":{"rendered":"Eritt\u00e4in tiivistetty silm\u00e4nymp\u00e4rysvoide AHC Premier Ampoule -silm\u00e4nymp\u00e4rysvoide kasvoille, 12 ml"},"content":{"rendered":"<p><strong>AHC Premier Ampoule Eye Cream for Face<\/strong> on eritt\u00e4in tiivistetty silm\u00e4nymp\u00e4rysvoide, joka sopii k\u00e4ytett\u00e4v\u00e4ksi koko kasvoille. Voide auttaa kiinteytt\u00e4m\u00e4\u00e4n ihon muotoja, parantamaan kimmoisuutta ja v\u00e4hent\u00e4m\u00e4\u00e4n ryppyjen n\u00e4kymist\u00e4. Kevyt mutta ravitseva koostumus imeytyy nopeasti eik\u00e4 j\u00e4t\u00e4 iholle tahmeaa tunnetta.<\/p>\n<p>Ainutlaatuinen Bonding Collagen T7 ja Peptide Thread Complex tukevat syv\u00e4sti ihon rakennetta, auttavat vahvistamaan ihoa ja parantamaan sen tiheytt\u00e4. S\u00e4\u00e4nn\u00f6llinen k\u00e4ytt\u00f6 tekee ihosta sile\u00e4mm\u00e4n, kosteutetun ja pehme\u00e4mm\u00e4n.<\/p>\n<p><strong>Tuotteen edut<\/strong><\/p>\n<ul>\n<li>Kiinteytt\u00e4\u00e4 ja vahvistaa ihoa<\/li>\n<li>Silottaa ryppyj\u00e4 ja ilmejuonteita<\/li>\n<li>Sopii k\u00e4ytett\u00e4v\u00e4ksi silmien ymp\u00e4rill\u00e4 ja koko kasvoilla<\/li>\n<li>Parantaa ihon kimmoisuutta ja s\u00e4vy\u00e4<\/li>\n<li>Kosteuttaa syv\u00e4sti eik\u00e4 j\u00e4t\u00e4 ihoa rasvaiseksi<\/li>\n<li>Minikoko sopii matkustamiseen ja kokeiluun<\/li>\n<\/ul>\n<p><strong>T\u00e4rkeimm\u00e4t ainesosat<\/strong><\/p>\n<ul>\n<li><strong>Sidoskollageeni T7<\/strong> \u2013 tukee kollageenikuitujen koheesiota, mik\u00e4 parantaa ihon lujuutta.<\/li>\n<li><strong>Peptidilankakompleksi<\/strong> \u2013 auttaa tasoittamaan kasvojen juonteita ja v\u00e4hent\u00e4m\u00e4\u00e4n syvien ryppyjen n\u00e4kymist\u00e4.<\/li>\n<li><strong>Kosteuttavat ja ravitsevat ainesosat<\/strong> \u2013 palauttaa ihon pehmeyden ja kimmoisuuden.<\/li>\n<\/ul>\n<p><strong>K\u00e4ytt\u00f6<\/strong><\/p>\n<p><strong>Silm\u00e4nymp\u00e4rysiholle:<\/strong><br \/>\nLevit\u00e4 pieni m\u00e4\u00e4r\u00e4 voidetta puhdistetulle ja kasvovedelle iholle ja taputtele kevyesti, kunnes voide on imeytynyt.<\/p>\n<p><strong>Koko kasvoille:<\/strong><br \/>\nK\u00e4yt\u00e4 voidetta viimeisen\u00e4 vaiheena kauneusrutiinissasi ja levit\u00e4 sitten ohut kerros ongelma-alueille (otsa, nen\u00e4n ja suun poimut, leukalinja).<\/p>","protected":false},"excerpt":{"rendered":"<p>AHC Premier Ampoule Eye Cream for Face on eritt\u00e4in tiivistetty silm\u00e4nymp\u00e4rysvoide, joka sopii k\u00e4ytett\u00e4v\u00e4ksi koko kasvoille. Voide auttaa kiinteytt\u00e4m\u00e4\u00e4n ihon muotoja, parantamaan kimmoisuutta ja v\u00e4hent\u00e4m\u00e4\u00e4n ryppyjen n\u00e4kymist\u00e4. Kevyt mutta ravitseva koostumus imeytyy nopeasti eik\u00e4 j\u00e4t\u00e4 iholle tahmeaa tunnetta. Ainutlaatuinen Bonding Collagen T7 ja Peptide Thread Complex tukevat syv\u00e4sti ihon rakennetta, auttavat vahvistamaan ihoa ja parantamaan sen\u2026<\/p>","protected":false},"featured_media":16707,"comment_status":"open","ping_status":"closed","template":"","meta":{"_uf_show_specific_survey":0,"_uf_disable_surveys":false,"_bst_post_transparent":"default","_bst_post_title":"","_bst_post_layout":"default","_bst_post_sidebar_id":"","_bst_post_content_style":"default","_bst_post_vertical_padding":"default","_bst_post_feature":"","_bst_post_feature_position":"","_bst_post_header":false,"_bst_post_footer":false},"pwb-brand":[236],"product_brand":[],"product_cat":[92,96,201],"product_tag":[517,1032,568],"class_list":{"0":"post-16703","1":"product","2":"type-product","3":"status-publish","4":"has-post-thumbnail","6":"pwb-brand-ahc","7":"product_cat-nagu","8":"product_cat-naokreemid","9":"product_cat-silmakreem","10":"product_tag-collagen","11":"product_tag-eye","12":"product_tag-korea","14":"first","15":"instock","16":"sale","17":"shipping-taxable","18":"purchasable","19":"product-type-simple","20":"entry","21":"content-bg","22":"loop-entry"},"supplier_id":null,"supplier_sku":"","barcode":null,"atum_controlled":true,"out_stock_date":null,"out_stock_threshold":null,"inheritable":false,"inbound_stock":0,"stock_on_hold":3,"sold_today":0,"sales_last_days":16,"out_stock_days":0,"lost_sales":0,"has_location":false,"update_date":"2026-04-14T00:05:14","atum_locations":[],"atum_stock_status":"instock","restock_status":true,"low_stock_amount":"","sales_update_date":"2026-04-14T00:05:14","calc_backorders":null,"yoast_head":"<!-- This site is optimized with the Yoast SEO plugin v27.2 - https:\/\/yoast.com\/product\/yoast-seo-wordpress\/ -->\n<title>AHC Premier Ampoule Eye Cream for Face, 12ml - IDA.KOREA<\/title>\n<meta name=\"description\" content=\"K\u00f5rgkontsentreeritud silma\u00fcmbruskreem, mis sobib kasutamiseks kogu n\u00e4ol. Kreem aitab pinguldada naha kontuure, parandada elastsust. - Kiire tarne!\" \/>\n<meta name=\"robots\" content=\"index, follow, max-snippet:-1, max-image-preview:large, max-video-preview:-1\" \/>\n<link rel=\"canonical\" href=\"https:\/\/idakorea.ee\/fi\/product\/ahc-premier-ampoule-eye-cream-for-face-12ml\/\" \/>\n<meta property=\"og:locale\" content=\"fi_FI\" \/>\n<meta property=\"og:type\" content=\"article\" \/>\n<meta property=\"og:title\" content=\"AHC Premier Ampoule Eye Cream for Face, 12ml - IDA.KOREA\" \/>\n<meta property=\"og:description\" content=\"K\u00f5rgkontsentreeritud silma\u00fcmbruskreem, mis sobib kasutamiseks kogu n\u00e4ol. Kreem aitab pinguldada naha kontuure, parandada elastsust. - Kiire tarne!\" \/>\n<meta property=\"og:url\" content=\"https:\/\/idakorea.ee\/fi\/product\/ahc-premier-ampoule-eye-cream-for-face-12ml\/\" \/>\n<meta property=\"og:site_name\" content=\"IDA.KOREA\" \/>\n<meta property=\"article:modified_time\" content=\"2026-04-13T18:27:24+00:00\" \/>\n<meta property=\"og:image\" content=\"https:\/\/idakorea.ee\/wp-content\/uploads\/2025\/12\/XXL_p0218220778.webp\" \/>\n\t<meta property=\"og:image:width\" content=\"640\" \/>\n\t<meta property=\"og:image:height\" content=\"640\" \/>\n\t<meta property=\"og:image:type\" content=\"image\/webp\" \/>\n<meta name=\"twitter:card\" content=\"summary_large_image\" \/>\n<meta name=\"twitter:label1\" content=\"Arvioitu lukuaika\" \/>\n\t<meta name=\"twitter:data1\" content=\"2 minuuttia\" \/>\n<script type=\"application\/ld+json\" class=\"yoast-schema-graph\">{\"@context\":\"https:\/\/schema.org\",\"@graph\":[{\"@type\":\"WebPage\",\"@id\":\"https:\/\/idakorea.ee\/product\/ahc-premier-ampoule-eye-cream-for-face-12ml\/\",\"url\":\"https:\/\/idakorea.ee\/product\/ahc-premier-ampoule-eye-cream-for-face-12ml\/\",\"name\":\"AHC Premier Ampoule Eye Cream for Face, 12ml - IDA.KOREA\",\"isPartOf\":{\"@id\":\"https:\/\/idakorea.ee\/#website\"},\"primaryImageOfPage\":{\"@id\":\"https:\/\/idakorea.ee\/product\/ahc-premier-ampoule-eye-cream-for-face-12ml\/#primaryimage\"},\"image\":{\"@id\":\"https:\/\/idakorea.ee\/product\/ahc-premier-ampoule-eye-cream-for-face-12ml\/#primaryimage\"},\"thumbnailUrl\":\"https:\/\/idakorea.ee\/wp-content\/uploads\/2025\/12\/XXL_p0218220778.webp\",\"datePublished\":\"2025-12-02T07:52:42+00:00\",\"dateModified\":\"2026-04-13T18:27:24+00:00\",\"description\":\"K\u00f5rgkontsentreeritud silma\u00fcmbruskreem, mis sobib kasutamiseks kogu n\u00e4ol. Kreem aitab pinguldada naha kontuure, parandada elastsust. - Kiire tarne!\",\"breadcrumb\":{\"@id\":\"https:\/\/idakorea.ee\/product\/ahc-premier-ampoule-eye-cream-for-face-12ml\/#breadcrumb\"},\"inLanguage\":\"fi\",\"potentialAction\":[{\"@type\":\"ReadAction\",\"target\":[\"https:\/\/idakorea.ee\/product\/ahc-premier-ampoule-eye-cream-for-face-12ml\/\"]}]},{\"@type\":\"ImageObject\",\"inLanguage\":\"fi\",\"@id\":\"https:\/\/idakorea.ee\/product\/ahc-premier-ampoule-eye-cream-for-face-12ml\/#primaryimage\",\"url\":\"https:\/\/idakorea.ee\/wp-content\/uploads\/2025\/12\/XXL_p0218220778.webp\",\"contentUrl\":\"https:\/\/idakorea.ee\/wp-content\/uploads\/2025\/12\/XXL_p0218220778.webp\",\"width\":640,\"height\":640},{\"@type\":\"BreadcrumbList\",\"@id\":\"https:\/\/idakorea.ee\/product\/ahc-premier-ampoule-eye-cream-for-face-12ml\/#breadcrumb\",\"itemListElement\":[{\"@type\":\"ListItem\",\"position\":1,\"name\":\"\u0413\u043b\u0430\u0432\u043d\u0430\u044f \u0441\u0442\u0440\u0430\u043d\u0438\u0446\u0430\",\"item\":\"https:\/\/idakorea.ee\/\"},{\"@type\":\"ListItem\",\"position\":2,\"name\":\"Shop\",\"item\":\"https:\/\/idakorea.ee\/shop-2\/\"},{\"@type\":\"ListItem\",\"position\":3,\"name\":\"K\u00f5rgkontsentreeritud silma\u00fcmbruskreem AHC Premier Ampoule Eye Cream for Face, 12ml\"}]},{\"@type\":\"WebSite\",\"@id\":\"https:\/\/idakorea.ee\/#website\",\"url\":\"https:\/\/idakorea.ee\/\",\"name\":\"IDA.KOREA\",\"description\":\"Korea kosmeetika e-pood\",\"publisher\":{\"@id\":\"https:\/\/idakorea.ee\/#organization\"},\"alternateName\":\"Beauty Shop\",\"potentialAction\":[{\"@type\":\"SearchAction\",\"target\":{\"@type\":\"EntryPoint\",\"urlTemplate\":\"https:\/\/idakorea.ee\/?s={search_term_string}\"},\"query-input\":{\"@type\":\"PropertyValueSpecification\",\"valueRequired\":true,\"valueName\":\"search_term_string\"}}],\"inLanguage\":\"fi\"},{\"@type\":\"Organization\",\"@id\":\"https:\/\/idakorea.ee\/#organization\",\"name\":\"IDA.KOREA\",\"url\":\"https:\/\/idakorea.ee\/\",\"logo\":{\"@type\":\"ImageObject\",\"inLanguage\":\"fi\",\"@id\":\"https:\/\/idakorea.ee\/#\/schema\/logo\/image\/\",\"url\":\"https:\/\/idakorea.ee\/wp-content\/uploads\/2024\/05\/cropped-korea3.png\",\"contentUrl\":\"https:\/\/idakorea.ee\/wp-content\/uploads\/2024\/05\/cropped-korea3.png\",\"width\":688,\"height\":126,\"caption\":\"IDA.KOREA\"},\"image\":{\"@id\":\"https:\/\/idakorea.ee\/#\/schema\/logo\/image\/\"},\"sameAs\":[\"https:\/\/www.instagram.com\/ida.korea\/\"]}]}<\/script>\n<!-- \/ Yoast SEO plugin. -->","yoast_head_json":{"title":"AHC Premier Ampoule -silm\u00e4nymp\u00e4rysvoide kasvoille, 12 ml - IDA.KOREA","description":"Eritt\u00e4in tiivistetty silm\u00e4nymp\u00e4rysvoide, joka sopii k\u00e4ytett\u00e4v\u00e4ksi koko kasvoille. Voide auttaa kiinteytt\u00e4m\u00e4\u00e4n ihon muotoja ja parantamaan kimmoisuutta. - Nopea toimitus!","robots":{"index":"index","follow":"follow","max-snippet":"max-snippet:-1","max-image-preview":"max-image-preview:large","max-video-preview":"max-video-preview:-1"},"canonical":"https:\/\/idakorea.ee\/fi\/product\/ahc-premier-ampoule-eye-cream-for-face-12ml\/","og_locale":"fi_FI","og_type":"article","og_title":"AHC Premier Ampoule Eye Cream for Face, 12ml - IDA.KOREA","og_description":"K\u00f5rgkontsentreeritud silma\u00fcmbruskreem, mis sobib kasutamiseks kogu n\u00e4ol. Kreem aitab pinguldada naha kontuure, parandada elastsust. - Kiire tarne!","og_url":"https:\/\/idakorea.ee\/fi\/product\/ahc-premier-ampoule-eye-cream-for-face-12ml\/","og_site_name":"IDA.KOREA","article_modified_time":"2026-04-13T18:27:24+00:00","og_image":[{"width":640,"height":640,"url":"https:\/\/idakorea.ee\/wp-content\/uploads\/2025\/12\/XXL_p0218220778.webp","type":"image\/webp"}],"twitter_card":"summary_large_image","twitter_misc":{"Arvioitu lukuaika":"2 minuuttia"},"schema":{"@context":"https:\/\/schema.org","@graph":[{"@type":"WebPage","@id":"https:\/\/idakorea.ee\/product\/ahc-premier-ampoule-eye-cream-for-face-12ml\/","url":"https:\/\/idakorea.ee\/product\/ahc-premier-ampoule-eye-cream-for-face-12ml\/","name":"AHC Premier Ampoule -silm\u00e4nymp\u00e4rysvoide kasvoille, 12 ml - IDA.KOREA","isPartOf":{"@id":"https:\/\/idakorea.ee\/#website"},"primaryImageOfPage":{"@id":"https:\/\/idakorea.ee\/product\/ahc-premier-ampoule-eye-cream-for-face-12ml\/#primaryimage"},"image":{"@id":"https:\/\/idakorea.ee\/product\/ahc-premier-ampoule-eye-cream-for-face-12ml\/#primaryimage"},"thumbnailUrl":"https:\/\/idakorea.ee\/wp-content\/uploads\/2025\/12\/XXL_p0218220778.webp","datePublished":"2025-12-02T07:52:42+00:00","dateModified":"2026-04-13T18:27:24+00:00","description":"Eritt\u00e4in tiivistetty silm\u00e4nymp\u00e4rysvoide, joka sopii k\u00e4ytett\u00e4v\u00e4ksi koko kasvoille. Voide auttaa kiinteytt\u00e4m\u00e4\u00e4n ihon muotoja ja parantamaan kimmoisuutta. - Nopea toimitus!","breadcrumb":{"@id":"https:\/\/idakorea.ee\/product\/ahc-premier-ampoule-eye-cream-for-face-12ml\/#breadcrumb"},"inLanguage":"fi","potentialAction":[{"@type":"ReadAction","target":["https:\/\/idakorea.ee\/product\/ahc-premier-ampoule-eye-cream-for-face-12ml\/"]}]},{"@type":"ImageObject","inLanguage":"fi","@id":"https:\/\/idakorea.ee\/product\/ahc-premier-ampoule-eye-cream-for-face-12ml\/#primaryimage","url":"https:\/\/idakorea.ee\/wp-content\/uploads\/2025\/12\/XXL_p0218220778.webp","contentUrl":"https:\/\/idakorea.ee\/wp-content\/uploads\/2025\/12\/XXL_p0218220778.webp","width":640,"height":640},{"@type":"BreadcrumbList","@id":"https:\/\/idakorea.ee\/product\/ahc-premier-ampoule-eye-cream-for-face-12ml\/#breadcrumb","itemListElement":[{"@type":"ListItem","position":1,"name":"\u0413\u043b\u0430\u0432\u043d\u0430\u044f \u0441\u0442\u0440\u0430\u043d\u0438\u0446\u0430","item":"https:\/\/idakorea.ee\/"},{"@type":"ListItem","position":2,"name":"Shop","item":"https:\/\/idakorea.ee\/shop-2\/"},{"@type":"ListItem","position":3,"name":"K\u00f5rgkontsentreeritud silma\u00fcmbruskreem AHC Premier Ampoule Eye Cream for Face, 12ml"}]},{"@type":"WebSite","@id":"https:\/\/idakorea.ee\/#website","url":"https:\/\/idakorea.ee\/","name":"IDA.KOREA","description":"Korean kosmetiikan verkkokauppa","publisher":{"@id":"https:\/\/idakorea.ee\/#organization"},"alternateName":"Beauty Shop","potentialAction":[{"@type":"SearchAction","target":{"@type":"EntryPoint","urlTemplate":"https:\/\/idakorea.ee\/?s={search_term_string}"},"query-input":{"@type":"PropertyValueSpecification","valueRequired":true,"valueName":"search_term_string"}}],"inLanguage":"fi"},{"@type":"Organization","@id":"https:\/\/idakorea.ee\/#organization","name":"IDA.KOREA","url":"https:\/\/idakorea.ee\/","logo":{"@type":"ImageObject","inLanguage":"fi","@id":"https:\/\/idakorea.ee\/#\/schema\/logo\/image\/","url":"https:\/\/idakorea.ee\/wp-content\/uploads\/2024\/05\/cropped-korea3.png","contentUrl":"https:\/\/idakorea.ee\/wp-content\/uploads\/2024\/05\/cropped-korea3.png","width":688,"height":126,"caption":"IDA.KOREA"},"image":{"@id":"https:\/\/idakorea.ee\/#\/schema\/logo\/image\/"},"sameAs":["https:\/\/www.instagram.com\/ida.korea\/"]}]}},"jetpack_sharing_enabled":true,"brands":[{"id":236,"name":"AHC","slug":"ahc"}],"_links":{"self":[{"href":"https:\/\/idakorea.ee\/fi\/wp-json\/wp\/v2\/product\/16703","targetHints":{"allow":["GET"]}}],"collection":[{"href":"https:\/\/idakorea.ee\/fi\/wp-json\/wp\/v2\/product"}],"about":[{"href":"https:\/\/idakorea.ee\/fi\/wp-json\/wp\/v2\/types\/product"}],"replies":[{"embeddable":true,"href":"https:\/\/idakorea.ee\/fi\/wp-json\/wp\/v2\/comments?post=16703"}],"version-history":[{"count":2,"href":"https:\/\/idakorea.ee\/fi\/wp-json\/wp\/v2\/product\/16703\/revisions"}],"predecessor-version":[{"id":16709,"href":"https:\/\/idakorea.ee\/fi\/wp-json\/wp\/v2\/product\/16703\/revisions\/16709"}],"wp:featuredmedia":[{"embeddable":true,"href":"https:\/\/idakorea.ee\/fi\/wp-json\/wp\/v2\/media\/16707"}],"wp:attachment":[{"href":"https:\/\/idakorea.ee\/fi\/wp-json\/wp\/v2\/media?parent=16703"}],"wp:term":[{"taxonomy":"pwb-brand","embeddable":true,"href":"https:\/\/idakorea.ee\/fi\/wp-json\/wp\/v2\/pwb-brand?post=16703"},{"taxonomy":"product_brand","embeddable":true,"href":"https:\/\/idakorea.ee\/fi\/wp-json\/wp\/v2\/product_brand?post=16703"},{"taxonomy":"product_cat","embeddable":true,"href":"https:\/\/idakorea.ee\/fi\/wp-json\/wp\/v2\/product_cat?post=16703"},{"taxonomy":"product_tag","embeddable":true,"href":"https:\/\/idakorea.ee\/fi\/wp-json\/wp\/v2\/product_tag?post=16703"}],"curies":[{"name":"wp","href":"https:\/\/api.w.org\/{rel}","templated":true}]}}