{"id":16718,"date":"2025-12-03T14:11:54","date_gmt":"2025-12-03T12:11:54","guid":{"rendered":"https:\/\/idakorea.ee\/?post_type=product&#038;p=16718"},"modified":"2026-04-14T11:14:39","modified_gmt":"2026-04-14T09:14:39","slug":"medicube-zero-pore-blackhead-deep-cleansing-oil-205-ml","status":"publish","type":"product","link":"https:\/\/idakorea.ee\/fi\/product\/medicube-zero-pore-blackhead-deep-cleansing-oil-205-ml\/","title":{"rendered":"Hydrofiilinen \u00f6ljy Medicube Zero Pore Blackhead Deep Cleansing Oil, 205 ml"},"content":{"rendered":"<p><strong>Medicube Zero Pore Blackhead Deep Cleansing Oil<\/strong> on hydrofiilinen \u00f6ljy, joka poistaa tehokkaasti meikin, meikkivoiteen, aurinkovoidej\u00e4\u00e4m\u00e4t ja muun lian. \u00d6ljy tunkeutuu syv\u00e4lle ihohuokosiin, puhdistaa ne, liuottaa komedoneja ja auttaa ehk\u00e4isem\u00e4\u00e4n mustap\u00e4iden muodostumista.<\/p>\n<p>Tuote kuorii hell\u00e4varaisesti, pehment\u00e4\u00e4 ja tasoittaa ihon rakennetta. Normalisoi talirauhasten toimintaa, rauhoittaa ihoa ja tukee tulehtuneiden alueiden paranemista. Ei aiheuta kuivuutta eik\u00e4 kirist\u00e4v\u00e4n tunnetta.<\/p>\n<p><strong>T\u00e4rkeimm\u00e4t vaikuttavat aineet:<\/strong><\/p>\n<ul>\n<li><strong>11 kasvi\u00f6ljy\u00e4<\/strong> \u2013 ravitsevat, kosteuttavat ja palauttavat ihoa, poistavat kuivuutta ja hilseily\u00e4 sek\u00e4 tarjoavat antioksidanttisuojan.<\/li>\n<li><strong>LHA (kapryylisalisyylihappo)<\/strong> \u2013 hell\u00e4varainen BHA-analogi, jonka suurempi molekyyli toimii hell\u00e4varaisemmin. Liuottaa likaa ihohuokosissa, kirkastaa talia ja ehk\u00e4isee mustap\u00e4iden muodostumista.<\/li>\n<li><strong>Niasiiniamidi (B3-vitamiini)<\/strong> \u2013 hidastaa melaniinin tunkeutumista ihoon est\u00e4en pigmenttil\u00e4iskien muodostumisen. S\u00e4\u00e4telee talin erityst\u00e4, v\u00e4hent\u00e4\u00e4 kiiltoa ja auttaa h\u00e4ivytt\u00e4m\u00e4\u00e4n ihohuokosia.<\/li>\n<li><strong>Valkopajun kuoriuute<\/strong> \u2013 toimii hell\u00e4varaisena kuorijana, tasoittaa mikroreliefi\u00e4, sill\u00e4 on antibakteerinen vaikutus ja se auttaa v\u00e4hent\u00e4m\u00e4\u00e4n tulehdusta ja aknen riski\u00e4.<\/li>\n<li><strong>Guajazuleeni<\/strong> \u2013 synteettinen atsuleenijohdannainen, joka rauhoittaa ja korjaa mikrovaurioita, toimii antioksidanttina ja vahvistaa ihon luonnollista puolustuskyky\u00e4.<\/li>\n<\/ul>\n<p>Sopii kaikille ihotyypeille.<\/p>\n<p><strong>K\u00e4ytt\u00f6:<\/strong><\/p>\n<p>Levit\u00e4 tarvittava m\u00e4\u00e4r\u00e4 \u00f6ljy\u00e4 kuivalle iholle ja hiero kevyesti. Lis\u00e4\u00e4 hieman vett\u00e4 ja jatka hieromista, kunnes \u00f6ljy muuttuu emulsioksi. Huuhtele l\u00e4mpim\u00e4ll\u00e4 vedell\u00e4 ja jatka puhdistusrutiiniasi geelill\u00e4 tai vaahdolla.<\/p>\n<hr \/>","protected":false},"excerpt":{"rendered":"<p>Medicube Zero Pore Blackhead Deep Cleansing Oil on hydrofiilinen \u00f6ljy, joka poistaa tehokkaasti meikin, meikkivoiteen, aurinkovoidej\u00e4\u00e4m\u00e4t ja muun lian. \u00d6ljy tunkeutuu syv\u00e4lle ihohuokosiin, puhdistaa ne, liuottaa komedoneja ja auttaa ehk\u00e4isem\u00e4\u00e4n mustap\u00e4iden muodostumista. Tuote kuorii, pehment\u00e4\u00e4 ja tasoittaa ihon rakennetta hell\u00e4varaisesti. Normalisoi talirauhasten toimintaa, rauhoittaa ihoa ja tukee tulehtuneiden alueiden paranemista. Ei aiheuta kuivuutta\u2026<\/p>","protected":false},"featured_media":16721,"comment_status":"open","ping_status":"closed","template":"","meta":{"_uf_show_specific_survey":0,"_uf_disable_surveys":false,"_bst_post_transparent":"default","_bst_post_title":"","_bst_post_layout":"default","_bst_post_sidebar_id":"","_bst_post_content_style":"default","_bst_post_vertical_padding":"default","_bst_post_feature":"","_bst_post_feature_position":"","_bst_post_header":false,"_bst_post_footer":false},"pwb-brand":[490],"product_brand":[],"product_cat":[1029,92,452,100],"product_tag":[568,721,671,449],"class_list":{"0":"post-16718","1":"product","2":"type-product","3":"status-publish","4":"has-post-thumbnail","6":"pwb-brand-medicube","7":"product_cat-meigieemaldus","8":"product_cat-nagu","9":"product_cat-naopuhastusgeelid","10":"product_cat-puhastusvahendid","11":"product_tag-korea","12":"product_tag-medicube","13":"product_tag-oil","14":"product_tag-pore","16":"first","17":"outofstock","18":"sale","19":"shipping-taxable","20":"purchasable","21":"product-type-simple","22":"entry","23":"content-bg","24":"loop-entry"},"supplier_id":null,"supplier_sku":"","barcode":null,"atum_controlled":true,"out_stock_date":"2026-04-14 11:14:39","out_stock_threshold":null,"inheritable":false,"inbound_stock":0,"stock_on_hold":0,"sold_today":0,"sales_last_days":2,"out_stock_days":0,"lost_sales":0,"has_location":false,"update_date":"2026-04-15T00:05:20","atum_locations":[],"atum_stock_status":"outofstock","restock_status":false,"low_stock_amount":"","sales_update_date":"2026-04-15T00:05:20","calc_backorders":null,"yoast_head":"<!-- This site is optimized with the Yoast SEO plugin v27.2 - https:\/\/yoast.com\/product\/yoast-seo-wordpress\/ -->\n<title>Medicube Zero Pore Blackhead Deep Cleansing Oil, 205 ml - IDA.KOREA<\/title>\n<meta name=\"description\" content=\"H\u00fcdrofiilne \u00f5li, mis eemaldab t\u00f5husalt meigi, jumestuskreemi, p\u00e4ikesekaitsetoote j\u00e4\u00e4gid, tungib s\u00fcgavale pooridesse, puhastab neid, lahustab komedoone.\" \/>\n<meta name=\"robots\" content=\"index, follow, max-snippet:-1, max-image-preview:large, max-video-preview:-1\" \/>\n<link rel=\"canonical\" href=\"https:\/\/idakorea.ee\/fi\/product\/medicube-zero-pore-blackhead-deep-cleansing-oil-205-ml\/\" \/>\n<meta property=\"og:locale\" content=\"fi_FI\" \/>\n<meta property=\"og:type\" content=\"article\" \/>\n<meta property=\"og:title\" content=\"Medicube Zero Pore Blackhead Deep Cleansing Oil, 205 ml - IDA.KOREA\" \/>\n<meta property=\"og:description\" content=\"H\u00fcdrofiilne \u00f5li, mis eemaldab t\u00f5husalt meigi, jumestuskreemi, p\u00e4ikesekaitsetoote j\u00e4\u00e4gid, tungib s\u00fcgavale pooridesse, puhastab neid, lahustab komedoone.\" \/>\n<meta property=\"og:url\" content=\"https:\/\/idakorea.ee\/fi\/product\/medicube-zero-pore-blackhead-deep-cleansing-oil-205-ml\/\" \/>\n<meta property=\"og:site_name\" content=\"IDA.KOREA\" \/>\n<meta property=\"article:modified_time\" content=\"2026-04-14T09:14:39+00:00\" \/>\n<meta property=\"og:image\" content=\"https:\/\/idakorea.ee\/wp-content\/uploads\/2025\/12\/MedicubeZeroPoreBlackheadDeepCleansingOil-idakorea.webp\" \/>\n\t<meta property=\"og:image:width\" content=\"1200\" \/>\n\t<meta property=\"og:image:height\" content=\"1200\" \/>\n\t<meta property=\"og:image:type\" content=\"image\/webp\" \/>\n<meta name=\"twitter:card\" content=\"summary_large_image\" \/>\n<meta name=\"twitter:label1\" content=\"Arvioitu lukuaika\" \/>\n\t<meta name=\"twitter:data1\" content=\"2 minuuttia\" \/>\n<script type=\"application\/ld+json\" class=\"yoast-schema-graph\">{\"@context\":\"https:\/\/schema.org\",\"@graph\":[{\"@type\":\"WebPage\",\"@id\":\"https:\/\/idakorea.ee\/product\/medicube-zero-pore-blackhead-deep-cleansing-oil-205-ml\/\",\"url\":\"https:\/\/idakorea.ee\/product\/medicube-zero-pore-blackhead-deep-cleansing-oil-205-ml\/\",\"name\":\"Medicube Zero Pore Blackhead Deep Cleansing Oil, 205 ml - IDA.KOREA\",\"isPartOf\":{\"@id\":\"https:\/\/idakorea.ee\/#website\"},\"primaryImageOfPage\":{\"@id\":\"https:\/\/idakorea.ee\/product\/medicube-zero-pore-blackhead-deep-cleansing-oil-205-ml\/#primaryimage\"},\"image\":{\"@id\":\"https:\/\/idakorea.ee\/product\/medicube-zero-pore-blackhead-deep-cleansing-oil-205-ml\/#primaryimage\"},\"thumbnailUrl\":\"https:\/\/idakorea.ee\/wp-content\/uploads\/2025\/12\/MedicubeZeroPoreBlackheadDeepCleansingOil-idakorea.webp\",\"datePublished\":\"2025-12-03T12:11:54+00:00\",\"dateModified\":\"2026-04-14T09:14:39+00:00\",\"description\":\"H\u00fcdrofiilne \u00f5li, mis eemaldab t\u00f5husalt meigi, jumestuskreemi, p\u00e4ikesekaitsetoote j\u00e4\u00e4gid, tungib s\u00fcgavale pooridesse, puhastab neid, lahustab komedoone.\",\"breadcrumb\":{\"@id\":\"https:\/\/idakorea.ee\/product\/medicube-zero-pore-blackhead-deep-cleansing-oil-205-ml\/#breadcrumb\"},\"inLanguage\":\"fi\",\"potentialAction\":[{\"@type\":\"ReadAction\",\"target\":[\"https:\/\/idakorea.ee\/product\/medicube-zero-pore-blackhead-deep-cleansing-oil-205-ml\/\"]}]},{\"@type\":\"ImageObject\",\"inLanguage\":\"fi\",\"@id\":\"https:\/\/idakorea.ee\/product\/medicube-zero-pore-blackhead-deep-cleansing-oil-205-ml\/#primaryimage\",\"url\":\"https:\/\/idakorea.ee\/wp-content\/uploads\/2025\/12\/MedicubeZeroPoreBlackheadDeepCleansingOil-idakorea.webp\",\"contentUrl\":\"https:\/\/idakorea.ee\/wp-content\/uploads\/2025\/12\/MedicubeZeroPoreBlackheadDeepCleansingOil-idakorea.webp\",\"width\":1200,\"height\":1200},{\"@type\":\"BreadcrumbList\",\"@id\":\"https:\/\/idakorea.ee\/product\/medicube-zero-pore-blackhead-deep-cleansing-oil-205-ml\/#breadcrumb\",\"itemListElement\":[{\"@type\":\"ListItem\",\"position\":1,\"name\":\"\u0413\u043b\u0430\u0432\u043d\u0430\u044f \u0441\u0442\u0440\u0430\u043d\u0438\u0446\u0430\",\"item\":\"https:\/\/idakorea.ee\/\"},{\"@type\":\"ListItem\",\"position\":2,\"name\":\"Shop\",\"item\":\"https:\/\/idakorea.ee\/shop-2\/\"},{\"@type\":\"ListItem\",\"position\":3,\"name\":\"H\u00fcdrofiilne \u00f5li Medicube Zero Pore Blackhead Deep Cleansing Oil, 205 ml\"}]},{\"@type\":\"WebSite\",\"@id\":\"https:\/\/idakorea.ee\/#website\",\"url\":\"https:\/\/idakorea.ee\/\",\"name\":\"IDA.KOREA\",\"description\":\"Korea kosmeetika e-pood\",\"publisher\":{\"@id\":\"https:\/\/idakorea.ee\/#organization\"},\"alternateName\":\"Beauty Shop\",\"potentialAction\":[{\"@type\":\"SearchAction\",\"target\":{\"@type\":\"EntryPoint\",\"urlTemplate\":\"https:\/\/idakorea.ee\/?s={search_term_string}\"},\"query-input\":{\"@type\":\"PropertyValueSpecification\",\"valueRequired\":true,\"valueName\":\"search_term_string\"}}],\"inLanguage\":\"fi\"},{\"@type\":\"Organization\",\"@id\":\"https:\/\/idakorea.ee\/#organization\",\"name\":\"IDA.KOREA\",\"url\":\"https:\/\/idakorea.ee\/\",\"logo\":{\"@type\":\"ImageObject\",\"inLanguage\":\"fi\",\"@id\":\"https:\/\/idakorea.ee\/#\/schema\/logo\/image\/\",\"url\":\"https:\/\/idakorea.ee\/wp-content\/uploads\/2024\/05\/cropped-korea3.png\",\"contentUrl\":\"https:\/\/idakorea.ee\/wp-content\/uploads\/2024\/05\/cropped-korea3.png\",\"width\":688,\"height\":126,\"caption\":\"IDA.KOREA\"},\"image\":{\"@id\":\"https:\/\/idakorea.ee\/#\/schema\/logo\/image\/\"},\"sameAs\":[\"https:\/\/www.instagram.com\/ida.korea\/\"]}]}<\/script>\n<!-- \/ Yoast SEO plugin. -->","yoast_head_json":{"title":"Medicube Zero Pore -mustap\u00e4iden syv\u00e4puhdistus\u00f6ljy, 205 ml - IDA.KOREA","description":"Hydrofiilinen \u00f6ljy, joka poistaa tehokkaasti meikin, meikkivoiteen ja aurinkovoiteen j\u00e4\u00e4m\u00e4t, tunkeutuu syv\u00e4lle ihohuokosiin, puhdistaa ne ja liuottaa komedoneja.","robots":{"index":"index","follow":"follow","max-snippet":"max-snippet:-1","max-image-preview":"max-image-preview:large","max-video-preview":"max-video-preview:-1"},"canonical":"https:\/\/idakorea.ee\/fi\/product\/medicube-zero-pore-blackhead-deep-cleansing-oil-205-ml\/","og_locale":"fi_FI","og_type":"article","og_title":"Medicube Zero Pore Blackhead Deep Cleansing Oil, 205 ml - IDA.KOREA","og_description":"H\u00fcdrofiilne \u00f5li, mis eemaldab t\u00f5husalt meigi, jumestuskreemi, p\u00e4ikesekaitsetoote j\u00e4\u00e4gid, tungib s\u00fcgavale pooridesse, puhastab neid, lahustab komedoone.","og_url":"https:\/\/idakorea.ee\/fi\/product\/medicube-zero-pore-blackhead-deep-cleansing-oil-205-ml\/","og_site_name":"IDA.KOREA","article_modified_time":"2026-04-14T09:14:39+00:00","og_image":[{"width":1200,"height":1200,"url":"https:\/\/idakorea.ee\/wp-content\/uploads\/2025\/12\/MedicubeZeroPoreBlackheadDeepCleansingOil-idakorea.webp","type":"image\/webp"}],"twitter_card":"summary_large_image","twitter_misc":{"Arvioitu lukuaika":"2 minuuttia"},"schema":{"@context":"https:\/\/schema.org","@graph":[{"@type":"WebPage","@id":"https:\/\/idakorea.ee\/product\/medicube-zero-pore-blackhead-deep-cleansing-oil-205-ml\/","url":"https:\/\/idakorea.ee\/product\/medicube-zero-pore-blackhead-deep-cleansing-oil-205-ml\/","name":"Medicube Zero Pore -mustap\u00e4iden syv\u00e4puhdistus\u00f6ljy, 205 ml - IDA.KOREA","isPartOf":{"@id":"https:\/\/idakorea.ee\/#website"},"primaryImageOfPage":{"@id":"https:\/\/idakorea.ee\/product\/medicube-zero-pore-blackhead-deep-cleansing-oil-205-ml\/#primaryimage"},"image":{"@id":"https:\/\/idakorea.ee\/product\/medicube-zero-pore-blackhead-deep-cleansing-oil-205-ml\/#primaryimage"},"thumbnailUrl":"https:\/\/idakorea.ee\/wp-content\/uploads\/2025\/12\/MedicubeZeroPoreBlackheadDeepCleansingOil-idakorea.webp","datePublished":"2025-12-03T12:11:54+00:00","dateModified":"2026-04-14T09:14:39+00:00","description":"Hydrofiilinen \u00f6ljy, joka poistaa tehokkaasti meikin, meikkivoiteen ja aurinkovoiteen j\u00e4\u00e4m\u00e4t, tunkeutuu syv\u00e4lle ihohuokosiin, puhdistaa ne ja liuottaa komedoneja.","breadcrumb":{"@id":"https:\/\/idakorea.ee\/product\/medicube-zero-pore-blackhead-deep-cleansing-oil-205-ml\/#breadcrumb"},"inLanguage":"fi","potentialAction":[{"@type":"ReadAction","target":["https:\/\/idakorea.ee\/product\/medicube-zero-pore-blackhead-deep-cleansing-oil-205-ml\/"]}]},{"@type":"ImageObject","inLanguage":"fi","@id":"https:\/\/idakorea.ee\/product\/medicube-zero-pore-blackhead-deep-cleansing-oil-205-ml\/#primaryimage","url":"https:\/\/idakorea.ee\/wp-content\/uploads\/2025\/12\/MedicubeZeroPoreBlackheadDeepCleansingOil-idakorea.webp","contentUrl":"https:\/\/idakorea.ee\/wp-content\/uploads\/2025\/12\/MedicubeZeroPoreBlackheadDeepCleansingOil-idakorea.webp","width":1200,"height":1200},{"@type":"BreadcrumbList","@id":"https:\/\/idakorea.ee\/product\/medicube-zero-pore-blackhead-deep-cleansing-oil-205-ml\/#breadcrumb","itemListElement":[{"@type":"ListItem","position":1,"name":"\u0413\u043b\u0430\u0432\u043d\u0430\u044f \u0441\u0442\u0440\u0430\u043d\u0438\u0446\u0430","item":"https:\/\/idakorea.ee\/"},{"@type":"ListItem","position":2,"name":"Shop","item":"https:\/\/idakorea.ee\/shop-2\/"},{"@type":"ListItem","position":3,"name":"H\u00fcdrofiilne \u00f5li Medicube Zero Pore Blackhead Deep Cleansing Oil, 205 ml"}]},{"@type":"WebSite","@id":"https:\/\/idakorea.ee\/#website","url":"https:\/\/idakorea.ee\/","name":"IDA.KOREA","description":"Korean kosmetiikan verkkokauppa","publisher":{"@id":"https:\/\/idakorea.ee\/#organization"},"alternateName":"Beauty Shop","potentialAction":[{"@type":"SearchAction","target":{"@type":"EntryPoint","urlTemplate":"https:\/\/idakorea.ee\/?s={search_term_string}"},"query-input":{"@type":"PropertyValueSpecification","valueRequired":true,"valueName":"search_term_string"}}],"inLanguage":"fi"},{"@type":"Organization","@id":"https:\/\/idakorea.ee\/#organization","name":"IDA.KOREA","url":"https:\/\/idakorea.ee\/","logo":{"@type":"ImageObject","inLanguage":"fi","@id":"https:\/\/idakorea.ee\/#\/schema\/logo\/image\/","url":"https:\/\/idakorea.ee\/wp-content\/uploads\/2024\/05\/cropped-korea3.png","contentUrl":"https:\/\/idakorea.ee\/wp-content\/uploads\/2024\/05\/cropped-korea3.png","width":688,"height":126,"caption":"IDA.KOREA"},"image":{"@id":"https:\/\/idakorea.ee\/#\/schema\/logo\/image\/"},"sameAs":["https:\/\/www.instagram.com\/ida.korea\/"]}]}},"jetpack_sharing_enabled":true,"brands":[{"id":490,"name":"MEDICUBE","slug":"medicube"}],"_links":{"self":[{"href":"https:\/\/idakorea.ee\/fi\/wp-json\/wp\/v2\/product\/16718","targetHints":{"allow":["GET"]}}],"collection":[{"href":"https:\/\/idakorea.ee\/fi\/wp-json\/wp\/v2\/product"}],"about":[{"href":"https:\/\/idakorea.ee\/fi\/wp-json\/wp\/v2\/types\/product"}],"replies":[{"embeddable":true,"href":"https:\/\/idakorea.ee\/fi\/wp-json\/wp\/v2\/comments?post=16718"}],"version-history":[{"count":1,"href":"https:\/\/idakorea.ee\/fi\/wp-json\/wp\/v2\/product\/16718\/revisions"}],"predecessor-version":[{"id":16723,"href":"https:\/\/idakorea.ee\/fi\/wp-json\/wp\/v2\/product\/16718\/revisions\/16723"}],"wp:featuredmedia":[{"embeddable":true,"href":"https:\/\/idakorea.ee\/fi\/wp-json\/wp\/v2\/media\/16721"}],"wp:attachment":[{"href":"https:\/\/idakorea.ee\/fi\/wp-json\/wp\/v2\/media?parent=16718"}],"wp:term":[{"taxonomy":"pwb-brand","embeddable":true,"href":"https:\/\/idakorea.ee\/fi\/wp-json\/wp\/v2\/pwb-brand?post=16718"},{"taxonomy":"product_brand","embeddable":true,"href":"https:\/\/idakorea.ee\/fi\/wp-json\/wp\/v2\/product_brand?post=16718"},{"taxonomy":"product_cat","embeddable":true,"href":"https:\/\/idakorea.ee\/fi\/wp-json\/wp\/v2\/product_cat?post=16718"},{"taxonomy":"product_tag","embeddable":true,"href":"https:\/\/idakorea.ee\/fi\/wp-json\/wp\/v2\/product_tag?post=16718"}],"curies":[{"name":"wp","href":"https:\/\/api.w.org\/{rel}","templated":true}]}}