{"id":16753,"date":"2025-12-07T16:30:00","date_gmt":"2025-12-07T14:30:00","guid":{"rendered":"https:\/\/idakorea.ee\/?post_type=product&#038;p=16753"},"modified":"2026-02-24T23:37:40","modified_gmt":"2026-02-24T21:37:40","slug":"jmsolution-active-golden-caviar-nourishing-mask-prime","status":"publish","type":"product","link":"https:\/\/idakorea.ee\/fi\/product\/jmsolution-active-golden-caviar-nourishing-mask-prime\/","title":{"rendered":"Eritt\u00e4in ohut kangasnaamio kullalla ja kaviaarilla JMsolution Active Golden Caviar Nourishing Mask Prime"},"content":{"rendered":"<p data-start=\"69\" data-end=\"423\">Ultraohut kangasnaamio kullalla ja kaviaarilla <strong data-start=\"112\" data-end=\"169\">JMsolution Active Golden Caviar Nourishing Mask Prime<\/strong> Ravitsee ihoa tehokkaasti, poistaa kuivuutta ja hilseily\u00e4 sek\u00e4 hidastaa ik\u00e4\u00e4ntymisprosessia. Naamio parantaa ihon kimmoisuutta ja kiinteytt\u00e4, vahvistaa sen turgoria ja auttaa torjumaan ihon ik\u00e4\u00e4ntymisen merkkej\u00e4. Kosteuttaa syv\u00e4lt\u00e4 ja poistaa kuivuutta ja kireyden tunnetta.<\/p>\n<p data-start=\"425\" data-end=\"765\">Naamio palauttaa ihon suojatoiminnot ja vahvistaa lipidikerrosta neutraloiden ulkoisten tekij\u00f6iden aggressiivisia vaikutuksia. Tasoittaa ihon s\u00e4vy\u00e4 ja antaa iholle terveen hehkun. Eritt\u00e4in tiivistetty geelim\u00e4inen koostumus tunkeutuu syv\u00e4lle ihoon, poistaa kuivuutta ja auttaa yll\u00e4pit\u00e4m\u00e4\u00e4n hydrolipiditasapainoa parantaen ihon kimmoisuutta ja kiinteytt\u00e4.<\/p>\n<p data-start=\"767\" data-end=\"1034\">Naamion pohja on valmistettu eritt\u00e4in hienosta kupramateriaalista, joka tarttuu tiiviisti ihoon, my\u00f6t\u00e4ilee kasvojen muotoja ja edist\u00e4\u00e4 hy\u00f6dyllisten ainesosien syvemp\u00e4\u00e4 imeytymist\u00e4. Kupra on l\u00e4p\u00e4isem\u00e4t\u00f6nt\u00e4, mik\u00e4 auttaa aktiivisia ainesosia toimimaan paremmin ja s\u00e4ilytt\u00e4\u00e4 kosteuden.<\/p>\n<p data-start=\"1036\" data-end=\"1060\"><strong data-start=\"1036\" data-end=\"1060\">T\u00e4rkeimm\u00e4t vaikuttavat aineet:<\/strong><\/p>\n<ul data-start=\"1062\" data-end=\"2088\">\n<li data-start=\"1062\" data-end=\"1288\">\n<p data-start=\"1064\" data-end=\"1288\"><strong data-start=\"1064\" data-end=\"1085\">Kaviaariuute<\/strong> Stimuloi kollageenin tuotantoa, jonka m\u00e4\u00e4r\u00e4 v\u00e4henee i\u00e4n my\u00f6t\u00e4, palauttaen ihon kimmoisuuden ja kiinteyden. Ravitsee ja nuorentaa ihoa aktiivisesti, tasoittaa ilmejuonteita ja ik\u00e4\u00e4ntymisjuonteita sek\u00e4 kiinteytt\u00e4\u00e4 kasvojen muotoja.<\/p>\n<\/li>\n<li data-start=\"1289\" data-end=\"1474\">\n<p data-start=\"1291\" data-end=\"1474\"><strong data-start=\"1291\" data-end=\"1303\">24K kultaa<\/strong> lis\u00e4\u00e4 ihon kiinteytt\u00e4, sill\u00e4 on fotoprotektiivinen vaikutus, joka suojaa ihoa UV-s\u00e4teilylt\u00e4, tasoittaa pigmenttil\u00e4iski\u00e4 ja parantaa aktiiviaineiden imeytymist\u00e4 syvempiin kerroksiin.<\/p>\n<\/li>\n<li data-start=\"1475\" data-end=\"1605\">\n<p data-start=\"1477\" data-end=\"1605\"><strong data-start=\"1477\" data-end=\"1503\">3 erilaista hyaluronihappoa<\/strong> Poistaa kuivuutta ja hilseily\u00e4, kosteuttaa ihoa ja auttaa s\u00e4ilytt\u00e4m\u00e4\u00e4n kosteutta epidermiksen soluissa.<\/p>\n<\/li>\n<li data-start=\"1606\" data-end=\"1698\">\n<p data-start=\"1608\" data-end=\"1698\"><strong data-start=\"1608\" data-end=\"1621\">Trehaloosi<\/strong> kosteuttaa syv\u00e4sti, hidastaa ik\u00e4\u00e4ntymisen merkkej\u00e4 ja toimii antioksidanttina.<\/p>\n<\/li>\n<li data-start=\"1699\" data-end=\"1854\">\n<p data-start=\"1701\" data-end=\"1854\"><strong data-start=\"1701\" data-end=\"1723\">Puju-lehtiuute<\/strong> Sill\u00e4 on bakteereja tappavia, antiseptisi\u00e4 ja tulehdusta est\u00e4vi\u00e4 vaikutuksia. Se tasapainottaa ihon hydrolipiditasapainoa ja auttaa akneen.<\/p>\n<\/li>\n<li data-start=\"1855\" data-end=\"2088\">\n<p data-start=\"1857\" data-end=\"2088\"><strong data-start=\"1857\" data-end=\"1879\">Saialilla-uute<\/strong> on antibakteerinen ja antiviraalinen, edist\u00e4\u00e4 ihon uusiutumista, lievitt\u00e4\u00e4 punoitusta, kutinaa ja \u00e4rsytyst\u00e4, sopii couperosalle, normalisoi hydrolipiditasapainoa ja v\u00e4hent\u00e4\u00e4 liiallista kiiltoa.<\/p>\n<\/li>\n<\/ul>\n<p data-start=\"2090\" data-end=\"2141\">Sopii normaalille, sekaiholle ja kuivalle iholle.<\/p>\n<p data-start=\"2143\" data-end=\"2392\"><strong data-start=\"2143\" data-end=\"2158\">K\u00e4ytt\u00f6:<\/strong><br data-start=\"2158\" data-end=\"2161\" \/>Levit\u00e4 naamio puhdistetulle ja kasvovedelle iholle. Ota naamio pakkauksesta ja levit\u00e4 tasaisesti kasvoille painaen sit\u00e4 tiiviisti ihoa vasten. Poista naamio 10\u201320 minuutin kuluttua ja taputtele j\u00e4ljell\u00e4 oleva voide hell\u00e4varaisesti ihoon.<\/p>","protected":false},"excerpt":{"rendered":"<p>Eritt\u00e4in ohut kangasnaamio kullalla ja kaviaarilla. JMsolution Active Golden Caviar Nourishing Mask Prime ravitsee ihoa tehokkaasti, poistaa kuivuutta ja hilseily\u00e4 sek\u00e4 hidastaa ik\u00e4\u00e4ntymisprosessia. Naamio parantaa ihon kimmoisuutta ja kiinteytt\u00e4, vahvistaa turgoria ja auttaa torjumaan ihon ik\u00e4\u00e4ntymisen merkkej\u00e4. Kosteuttaa syv\u00e4lt\u00e4 ja poistaa kuivuutta ja kireytt\u00e4. Naamio palauttaa ihon suojatoiminnot ja vahvistaa lipidikerrosta neutraloiden ulkoisten tekij\u00f6iden aggressiivisia vaikutuksia. Harmonisoi\u2026<\/p>","protected":false},"featured_media":16755,"comment_status":"open","ping_status":"closed","template":"","meta":{"_uf_show_specific_survey":0,"_uf_disable_surveys":false,"_bst_post_transparent":"default","_bst_post_title":"","_bst_post_layout":"default","_bst_post_sidebar_id":"","_bst_post_content_style":"default","_bst_post_vertical_padding":"default","_bst_post_feature":"","_bst_post_feature_position":"","_bst_post_header":false,"_bst_post_footer":false},"pwb-brand":[487],"product_brand":[],"product_cat":[92,98],"product_tag":[568,554,614],"class_list":{"0":"post-16753","1":"product","2":"type-product","3":"status-publish","4":"has-post-thumbnail","6":"pwb-brand-jm-solution","7":"product_cat-nagu","8":"product_cat-naomaskid","9":"product_tag-korea","10":"product_tag-lux","11":"product_tag-mask","13":"first","14":"instock","15":"sale","16":"shipping-taxable","17":"purchasable","18":"product-type-simple","19":"entry","20":"content-bg","21":"loop-entry"},"supplier_id":null,"supplier_sku":"","barcode":null,"atum_controlled":true,"out_stock_date":null,"out_stock_threshold":null,"inheritable":false,"inbound_stock":0,"stock_on_hold":0,"sold_today":0,"sales_last_days":0,"out_stock_days":0,"lost_sales":0,"has_location":false,"update_date":"2026-04-14T00:05:07","atum_locations":[],"atum_stock_status":"instock","restock_status":false,"low_stock_amount":"","sales_update_date":"2026-04-14T00:05:07","calc_backorders":null,"yoast_head":"<!-- This site is optimized with the Yoast SEO plugin v27.2 - https:\/\/yoast.com\/product\/yoast-seo-wordpress\/ -->\n<title>JMsolution Active Golden Caviar Nourishing Mask Prime - IDA.KOREA<\/title>\n<meta name=\"description\" content=\"Ulta\u00f5huke kangasmask kullaga ja kaaviariga JMsolution Active Golden Caviar Nourishing Mask Prime toidab intensiivselt nahka, k\u00f5rvaldab kuivuse ja ketenduse ning aeglustab vananemisprotsesse.\" \/>\n<meta name=\"robots\" content=\"index, follow, max-snippet:-1, max-image-preview:large, max-video-preview:-1\" \/>\n<link rel=\"canonical\" href=\"https:\/\/idakorea.ee\/fi\/product\/jmsolution-active-golden-caviar-nourishing-mask-prime\/\" \/>\n<meta property=\"og:locale\" content=\"fi_FI\" \/>\n<meta property=\"og:type\" content=\"article\" \/>\n<meta property=\"og:title\" content=\"JMsolution Active Golden Caviar Nourishing Mask Prime - IDA.KOREA\" \/>\n<meta property=\"og:description\" content=\"Ulta\u00f5huke kangasmask kullaga ja kaaviariga JMsolution Active Golden Caviar Nourishing Mask Prime toidab intensiivselt nahka, k\u00f5rvaldab kuivuse ja ketenduse ning aeglustab vananemisprotsesse.\" \/>\n<meta property=\"og:url\" content=\"https:\/\/idakorea.ee\/fi\/product\/jmsolution-active-golden-caviar-nourishing-mask-prime\/\" \/>\n<meta property=\"og:site_name\" content=\"IDA.KOREA\" \/>\n<meta property=\"article:modified_time\" content=\"2026-02-24T21:37:40+00:00\" \/>\n<meta property=\"og:image\" content=\"https:\/\/idakorea.ee\/wp-content\/uploads\/2025\/12\/JMsolution-Active-Golden-Caviar-Nourishing-Mask-Prime-idakorea.jpg\" \/>\n\t<meta property=\"og:image:width\" content=\"1000\" \/>\n\t<meta property=\"og:image:height\" content=\"1000\" \/>\n\t<meta property=\"og:image:type\" content=\"image\/jpeg\" \/>\n<meta name=\"twitter:card\" content=\"summary_large_image\" \/>\n<meta name=\"twitter:label1\" content=\"Arvioitu lukuaika\" \/>\n\t<meta name=\"twitter:data1\" content=\"2 minuuttia\" \/>\n<script type=\"application\/ld+json\" class=\"yoast-schema-graph\">{\"@context\":\"https:\/\/schema.org\",\"@graph\":[{\"@type\":\"WebPage\",\"@id\":\"https:\/\/idakorea.ee\/product\/jmsolution-active-golden-caviar-nourishing-mask-prime\/\",\"url\":\"https:\/\/idakorea.ee\/product\/jmsolution-active-golden-caviar-nourishing-mask-prime\/\",\"name\":\"JMsolution Active Golden Caviar Nourishing Mask Prime - IDA.KOREA\",\"isPartOf\":{\"@id\":\"https:\/\/idakorea.ee\/#website\"},\"primaryImageOfPage\":{\"@id\":\"https:\/\/idakorea.ee\/product\/jmsolution-active-golden-caviar-nourishing-mask-prime\/#primaryimage\"},\"image\":{\"@id\":\"https:\/\/idakorea.ee\/product\/jmsolution-active-golden-caviar-nourishing-mask-prime\/#primaryimage\"},\"thumbnailUrl\":\"https:\/\/idakorea.ee\/wp-content\/uploads\/2025\/12\/JMsolution-Active-Golden-Caviar-Nourishing-Mask-Prime-idakorea.jpg\",\"datePublished\":\"2025-12-07T14:30:00+00:00\",\"dateModified\":\"2026-02-24T21:37:40+00:00\",\"description\":\"Ulta\u00f5huke kangasmask kullaga ja kaaviariga JMsolution Active Golden Caviar Nourishing Mask Prime toidab intensiivselt nahka, k\u00f5rvaldab kuivuse ja ketenduse ning aeglustab vananemisprotsesse.\",\"breadcrumb\":{\"@id\":\"https:\/\/idakorea.ee\/product\/jmsolution-active-golden-caviar-nourishing-mask-prime\/#breadcrumb\"},\"inLanguage\":\"fi\",\"potentialAction\":[{\"@type\":\"ReadAction\",\"target\":[\"https:\/\/idakorea.ee\/product\/jmsolution-active-golden-caviar-nourishing-mask-prime\/\"]}]},{\"@type\":\"ImageObject\",\"inLanguage\":\"fi\",\"@id\":\"https:\/\/idakorea.ee\/product\/jmsolution-active-golden-caviar-nourishing-mask-prime\/#primaryimage\",\"url\":\"https:\/\/idakorea.ee\/wp-content\/uploads\/2025\/12\/JMsolution-Active-Golden-Caviar-Nourishing-Mask-Prime-idakorea.jpg\",\"contentUrl\":\"https:\/\/idakorea.ee\/wp-content\/uploads\/2025\/12\/JMsolution-Active-Golden-Caviar-Nourishing-Mask-Prime-idakorea.jpg\",\"width\":1000,\"height\":1000},{\"@type\":\"BreadcrumbList\",\"@id\":\"https:\/\/idakorea.ee\/product\/jmsolution-active-golden-caviar-nourishing-mask-prime\/#breadcrumb\",\"itemListElement\":[{\"@type\":\"ListItem\",\"position\":1,\"name\":\"\u0413\u043b\u0430\u0432\u043d\u0430\u044f \u0441\u0442\u0440\u0430\u043d\u0438\u0446\u0430\",\"item\":\"https:\/\/idakorea.ee\/\"},{\"@type\":\"ListItem\",\"position\":2,\"name\":\"Shop\",\"item\":\"https:\/\/idakorea.ee\/shop-2\/\"},{\"@type\":\"ListItem\",\"position\":3,\"name\":\"Ulta\u00f5huke kangasmask kullaga ja kaaviariga JMsolution Active Golden Caviar Nourishing Mask Prime\"}]},{\"@type\":\"WebSite\",\"@id\":\"https:\/\/idakorea.ee\/#website\",\"url\":\"https:\/\/idakorea.ee\/\",\"name\":\"IDA.KOREA\",\"description\":\"Korea kosmeetika e-pood\",\"publisher\":{\"@id\":\"https:\/\/idakorea.ee\/#organization\"},\"alternateName\":\"Beauty Shop\",\"potentialAction\":[{\"@type\":\"SearchAction\",\"target\":{\"@type\":\"EntryPoint\",\"urlTemplate\":\"https:\/\/idakorea.ee\/?s={search_term_string}\"},\"query-input\":{\"@type\":\"PropertyValueSpecification\",\"valueRequired\":true,\"valueName\":\"search_term_string\"}}],\"inLanguage\":\"fi\"},{\"@type\":\"Organization\",\"@id\":\"https:\/\/idakorea.ee\/#organization\",\"name\":\"IDA.KOREA\",\"url\":\"https:\/\/idakorea.ee\/\",\"logo\":{\"@type\":\"ImageObject\",\"inLanguage\":\"fi\",\"@id\":\"https:\/\/idakorea.ee\/#\/schema\/logo\/image\/\",\"url\":\"https:\/\/idakorea.ee\/wp-content\/uploads\/2024\/05\/cropped-korea3.png\",\"contentUrl\":\"https:\/\/idakorea.ee\/wp-content\/uploads\/2024\/05\/cropped-korea3.png\",\"width\":688,\"height\":126,\"caption\":\"IDA.KOREA\"},\"image\":{\"@id\":\"https:\/\/idakorea.ee\/#\/schema\/logo\/image\/\"},\"sameAs\":[\"https:\/\/www.instagram.com\/ida.korea\/\"]}]}<\/script>\n<!-- \/ Yoast SEO plugin. -->","yoast_head_json":{"title":"JMsolution Active Golden Caviar Nourishing Mask Prime - IDA.KOREA","description":"JMsolution Active Golden Caviar Nourishing Mask Prime -niminen ultraohut kultaa ja kaviaaria sis\u00e4lt\u00e4v\u00e4 kangasnaamio ravitsee ihoa tehokkaasti, poistaa kuivuutta ja hilseily\u00e4 sek\u00e4 hidastaa ik\u00e4\u00e4ntymisprosessia.","robots":{"index":"index","follow":"follow","max-snippet":"max-snippet:-1","max-image-preview":"max-image-preview:large","max-video-preview":"max-video-preview:-1"},"canonical":"https:\/\/idakorea.ee\/fi\/product\/jmsolution-active-golden-caviar-nourishing-mask-prime\/","og_locale":"fi_FI","og_type":"article","og_title":"JMsolution Active Golden Caviar Nourishing Mask Prime - IDA.KOREA","og_description":"Ulta\u00f5huke kangasmask kullaga ja kaaviariga JMsolution Active Golden Caviar Nourishing Mask Prime toidab intensiivselt nahka, k\u00f5rvaldab kuivuse ja ketenduse ning aeglustab vananemisprotsesse.","og_url":"https:\/\/idakorea.ee\/fi\/product\/jmsolution-active-golden-caviar-nourishing-mask-prime\/","og_site_name":"IDA.KOREA","article_modified_time":"2026-02-24T21:37:40+00:00","og_image":[{"width":1000,"height":1000,"url":"https:\/\/idakorea.ee\/wp-content\/uploads\/2025\/12\/JMsolution-Active-Golden-Caviar-Nourishing-Mask-Prime-idakorea.jpg","type":"image\/jpeg"}],"twitter_card":"summary_large_image","twitter_misc":{"Arvioitu lukuaika":"2 minuuttia"},"schema":{"@context":"https:\/\/schema.org","@graph":[{"@type":"WebPage","@id":"https:\/\/idakorea.ee\/product\/jmsolution-active-golden-caviar-nourishing-mask-prime\/","url":"https:\/\/idakorea.ee\/product\/jmsolution-active-golden-caviar-nourishing-mask-prime\/","name":"JMsolution Active Golden Caviar Nourishing Mask Prime - IDA.KOREA","isPartOf":{"@id":"https:\/\/idakorea.ee\/#website"},"primaryImageOfPage":{"@id":"https:\/\/idakorea.ee\/product\/jmsolution-active-golden-caviar-nourishing-mask-prime\/#primaryimage"},"image":{"@id":"https:\/\/idakorea.ee\/product\/jmsolution-active-golden-caviar-nourishing-mask-prime\/#primaryimage"},"thumbnailUrl":"https:\/\/idakorea.ee\/wp-content\/uploads\/2025\/12\/JMsolution-Active-Golden-Caviar-Nourishing-Mask-Prime-idakorea.jpg","datePublished":"2025-12-07T14:30:00+00:00","dateModified":"2026-02-24T21:37:40+00:00","description":"JMsolution Active Golden Caviar Nourishing Mask Prime -niminen ultraohut kultaa ja kaviaaria sis\u00e4lt\u00e4v\u00e4 kangasnaamio ravitsee ihoa tehokkaasti, poistaa kuivuutta ja hilseily\u00e4 sek\u00e4 hidastaa ik\u00e4\u00e4ntymisprosessia.","breadcrumb":{"@id":"https:\/\/idakorea.ee\/product\/jmsolution-active-golden-caviar-nourishing-mask-prime\/#breadcrumb"},"inLanguage":"fi","potentialAction":[{"@type":"ReadAction","target":["https:\/\/idakorea.ee\/product\/jmsolution-active-golden-caviar-nourishing-mask-prime\/"]}]},{"@type":"ImageObject","inLanguage":"fi","@id":"https:\/\/idakorea.ee\/product\/jmsolution-active-golden-caviar-nourishing-mask-prime\/#primaryimage","url":"https:\/\/idakorea.ee\/wp-content\/uploads\/2025\/12\/JMsolution-Active-Golden-Caviar-Nourishing-Mask-Prime-idakorea.jpg","contentUrl":"https:\/\/idakorea.ee\/wp-content\/uploads\/2025\/12\/JMsolution-Active-Golden-Caviar-Nourishing-Mask-Prime-idakorea.jpg","width":1000,"height":1000},{"@type":"BreadcrumbList","@id":"https:\/\/idakorea.ee\/product\/jmsolution-active-golden-caviar-nourishing-mask-prime\/#breadcrumb","itemListElement":[{"@type":"ListItem","position":1,"name":"\u0413\u043b\u0430\u0432\u043d\u0430\u044f \u0441\u0442\u0440\u0430\u043d\u0438\u0446\u0430","item":"https:\/\/idakorea.ee\/"},{"@type":"ListItem","position":2,"name":"Shop","item":"https:\/\/idakorea.ee\/shop-2\/"},{"@type":"ListItem","position":3,"name":"Ulta\u00f5huke kangasmask kullaga ja kaaviariga JMsolution Active Golden Caviar Nourishing Mask Prime"}]},{"@type":"WebSite","@id":"https:\/\/idakorea.ee\/#website","url":"https:\/\/idakorea.ee\/","name":"IDA.KOREA","description":"Korean kosmetiikan verkkokauppa","publisher":{"@id":"https:\/\/idakorea.ee\/#organization"},"alternateName":"Beauty Shop","potentialAction":[{"@type":"SearchAction","target":{"@type":"EntryPoint","urlTemplate":"https:\/\/idakorea.ee\/?s={search_term_string}"},"query-input":{"@type":"PropertyValueSpecification","valueRequired":true,"valueName":"search_term_string"}}],"inLanguage":"fi"},{"@type":"Organization","@id":"https:\/\/idakorea.ee\/#organization","name":"IDA.KOREA","url":"https:\/\/idakorea.ee\/","logo":{"@type":"ImageObject","inLanguage":"fi","@id":"https:\/\/idakorea.ee\/#\/schema\/logo\/image\/","url":"https:\/\/idakorea.ee\/wp-content\/uploads\/2024\/05\/cropped-korea3.png","contentUrl":"https:\/\/idakorea.ee\/wp-content\/uploads\/2024\/05\/cropped-korea3.png","width":688,"height":126,"caption":"IDA.KOREA"},"image":{"@id":"https:\/\/idakorea.ee\/#\/schema\/logo\/image\/"},"sameAs":["https:\/\/www.instagram.com\/ida.korea\/"]}]}},"jetpack_sharing_enabled":true,"brands":[{"id":487,"name":"JM SOLUTION","slug":"jm-solution"}],"_links":{"self":[{"href":"https:\/\/idakorea.ee\/fi\/wp-json\/wp\/v2\/product\/16753","targetHints":{"allow":["GET"]}}],"collection":[{"href":"https:\/\/idakorea.ee\/fi\/wp-json\/wp\/v2\/product"}],"about":[{"href":"https:\/\/idakorea.ee\/fi\/wp-json\/wp\/v2\/types\/product"}],"replies":[{"embeddable":true,"href":"https:\/\/idakorea.ee\/fi\/wp-json\/wp\/v2\/comments?post=16753"}],"version-history":[{"count":1,"href":"https:\/\/idakorea.ee\/fi\/wp-json\/wp\/v2\/product\/16753\/revisions"}],"predecessor-version":[{"id":16756,"href":"https:\/\/idakorea.ee\/fi\/wp-json\/wp\/v2\/product\/16753\/revisions\/16756"}],"wp:featuredmedia":[{"embeddable":true,"href":"https:\/\/idakorea.ee\/fi\/wp-json\/wp\/v2\/media\/16755"}],"wp:attachment":[{"href":"https:\/\/idakorea.ee\/fi\/wp-json\/wp\/v2\/media?parent=16753"}],"wp:term":[{"taxonomy":"pwb-brand","embeddable":true,"href":"https:\/\/idakorea.ee\/fi\/wp-json\/wp\/v2\/pwb-brand?post=16753"},{"taxonomy":"product_brand","embeddable":true,"href":"https:\/\/idakorea.ee\/fi\/wp-json\/wp\/v2\/product_brand?post=16753"},{"taxonomy":"product_cat","embeddable":true,"href":"https:\/\/idakorea.ee\/fi\/wp-json\/wp\/v2\/product_cat?post=16753"},{"taxonomy":"product_tag","embeddable":true,"href":"https:\/\/idakorea.ee\/fi\/wp-json\/wp\/v2\/product_tag?post=16753"}],"curies":[{"name":"wp","href":"https:\/\/api.w.org\/{rel}","templated":true}]}}