{"id":16757,"date":"2025-12-07T16:38:21","date_gmt":"2025-12-07T14:38:21","guid":{"rendered":"https:\/\/idakorea.ee\/?post_type=product&#038;p=16757"},"modified":"2026-03-27T14:25:39","modified_gmt":"2026-03-27T12:25:39","slug":"centellian24-madeca-derma-mask-iii-brightening-formula","status":"publish","type":"product","link":"https:\/\/idakorea.ee\/fi\/product\/centellian24-madeca-derma-mask-iii-brightening-formula\/","title":{"rendered":"Tasoittaa tehokkaasti ihonv\u00e4ri\u00e4 Centellian24 Madeca Derma Mask III Brightening Formula -koostumuksen ansiosta."},"content":{"rendered":"<p data-start=\"61\" data-end=\"351\">Tasoittaa ihoa tehokkaasti kangasnaamion avulla <strong data-start=\"102\" data-end=\"160\">Centellian24 Madeca Derma Mask III Brightening Formula<\/strong> parantaa ihon s\u00e4vy\u00e4: rauhoittaa \u00e4rsytyst\u00e4, v\u00e4hent\u00e4\u00e4 punoitusta ja vaikuttaa hell\u00e4varaisesti pigmenttil\u00e4iskiin \u2013 sek\u00e4 ik\u00e4\u00e4n liittyviin ett\u00e4 tulehduksen j\u00e4lkeisiin. Naamio poistaa sameutta ja antaa iholle terveen hehkun.<\/p>\n<p data-start=\"353\" data-end=\"648\">Kosteuttavien ainesosien korkean pitoisuuden ansiosta naamio palauttaa ihon optimaalisen hydrolipiditasapainon jopa herk\u00e4lle ja reaktiiviselle iholle, jolla on kuivumisen merkkej\u00e4. Tasapainoinen koostumus ei h\u00e4iritse ihon luonnollista pH-tasoa ja luo pinnalle suojaavan kerroksen, joka est\u00e4\u00e4 transdermaalista kosteuden haihtumista.<\/p>\n<p data-start=\"650\" data-end=\"730\">Naamio istuu tiiviisti kasvoille ja varmistaa aktiiviaineiden tehokkaan imeytymisen sarveiskerrokseen.<\/p>\n<p data-start=\"732\" data-end=\"758\"><strong data-start=\"732\" data-end=\"756\">T\u00e4rkeimm\u00e4t vaikuttavat aineet:<\/strong><\/p>\n<ul data-start=\"759\" data-end=\"1864\">\n<li data-start=\"759\" data-end=\"1072\">\n<p data-start=\"761\" data-end=\"1072\"><strong data-start=\"761\" data-end=\"854\">Patentoitu TECA\u2122-kompleksi (asiatikosidi, madekassiinihappo, aasialainen happo, madekassosidi)<\/strong> \u2013 sis\u00e4lt\u00e4\u00e4 nelj\u00e4\u00e4 Centella asiatica -johdannaista, jotka korjaavat vaurioitunutta ihoa, vahvistavat ja ravitsevat sit\u00e4. Lievitt\u00e4\u00e4 tulehdusprosesseja ja v\u00e4hent\u00e4\u00e4 \u00e4rsytysoireita: kutinaa, punoitusta ja hilseily\u00e4.<\/p>\n<\/li>\n<li data-start=\"1073\" data-end=\"1326\">\n<p data-start=\"1075\" data-end=\"1326\"><strong data-start=\"1075\" data-end=\"1106\">Niasiiniamidi (B3-vitamiini)<\/strong> \u2013 hidastaa melaniinin tunkeutumista ihoon, mik\u00e4 auttaa ehk\u00e4isem\u00e4\u00e4n ik\u00e4l\u00e4iskien muodostumista. S\u00e4\u00e4telee talin erityst\u00e4, v\u00e4hent\u00e4\u00e4 kiiltoa ja supistaa ihohuokosia. Vahvistaa ihon puolustuskyky\u00e4 ja v\u00e4hent\u00e4\u00e4 herkkyytt\u00e4 ulkoisille \u00e4rsykkeille.<\/p>\n<\/li>\n<li data-start=\"1327\" data-end=\"1500\">\n<p data-start=\"1329\" data-end=\"1500\"><strong data-start=\"1329\" data-end=\"1340\">Kofeiini<\/strong> \u2013 torjuu turvotusta, parantaa mikroverenkiertoa, nopeuttaa solujen uusiutumista ja toimii vahvana antioksidanttina suojaten ihoa oksidatiiviselta stressilt\u00e4.<\/p>\n<\/li>\n<li data-start=\"1501\" data-end=\"1703\">\n<p data-start=\"1503\" data-end=\"1703\"><strong data-start=\"1503\" data-end=\"1546\">C-vitamiini (askorbiinihappopolypeptidi)<\/strong> stabiilissa muodossa \u2013 kuorii hell\u00e4varaisesti pigmenttil\u00e4iski\u00e4, stimuloi kollageenisynteesi\u00e4, tarjoaa antioksidanttisuojaa ja auttaa ehk\u00e4isem\u00e4\u00e4n ensimm\u00e4isi\u00e4 ik\u00e4\u00e4ntymisen merkkej\u00e4.<\/p>\n<\/li>\n<li data-start=\"1704\" data-end=\"1864\">\n<p data-start=\"1706\" data-end=\"1864\"><strong data-start=\"1706\" data-end=\"1730\">Agave-varren uute<\/strong> \u2013 vahvistaa epidermiksen suojaavaa toimintaa, parantaa solujen aineenvaihduntaa ja sill\u00e4 on voimakas tulehdusta est\u00e4v\u00e4 ja antiseptinen vaikutus.<\/p>\n<\/li>\n<\/ul>\n<p data-start=\"1866\" data-end=\"1896\">Sopii kaikille ihotyypeille.<\/p>\n<p data-start=\"1898\" data-end=\"2122\"><strong data-start=\"1898\" data-end=\"1913\">K\u00e4ytt\u00f6:<\/strong><br data-start=\"1913\" data-end=\"1916\" \/>Puhdistuksen, kasvoveden ja seerumin j\u00e4lkeen levit\u00e4 naamio kasvoillesi ja hiero tasaisesti. Poista naamio 10\u201320 minuutin kuluttua ja anna j\u00e4ljell\u00e4 olevan naamion imeyty\u00e4 ihoon. Viimeistele tarvittaessa kosteusvoiteella.<\/p>","protected":false},"excerpt":{"rendered":"<p>Intensiivisesti tasaisesti s\u00e4vytt\u00e4v\u00e4 Centellian24 Madeca Derma Mask III Brightening Formula -kangasnaamio parantaa ihon s\u00e4vy\u00e4: rauhoittaa \u00e4rsytyst\u00e4, v\u00e4hent\u00e4\u00e4 punoitusta ja vaikuttaa hell\u00e4varaisesti pigmenttil\u00e4iskiin \u2013 sek\u00e4 ik\u00e4\u00e4n liittyviin ett\u00e4 tulehduksen j\u00e4lkeisiin. Naamio poistaa sameutta ja antaa iholle terveen hehkun. Kosteuttavien ainesosien korkean pitoisuuden ansiosta naamio palauttaa ihon optimaalisen hydrolipiditasapainon jopa herk\u00e4lle ja reagoivalle iholle, jolla on merkkej\u00e4 kuivumisesta\u2026.<\/p>","protected":false},"featured_media":16758,"comment_status":"open","ping_status":"closed","template":"","meta":{"_uf_show_specific_survey":0,"_uf_disable_surveys":false,"_bst_post_transparent":"default","_bst_post_title":"","_bst_post_layout":"default","_bst_post_sidebar_id":"","_bst_post_content_style":"default","_bst_post_vertical_padding":"default","_bst_post_feature":"","_bst_post_feature_position":"","_bst_post_header":false,"_bst_post_footer":false},"pwb-brand":[1033],"product_brand":[],"product_cat":[92,98],"product_tag":[568,614,1034,538],"class_list":{"0":"post-16757","1":"product","2":"type-product","3":"status-publish","4":"has-post-thumbnail","6":"pwb-brand-centellian24","7":"product_cat-nagu","8":"product_cat-naomaskid","9":"product_tag-korea","10":"product_tag-mask","11":"product_tag-top","12":"product_tag-viral","14":"first","15":"instock","16":"sale","17":"shipping-taxable","18":"purchasable","19":"product-type-simple","20":"entry","21":"content-bg","22":"loop-entry"},"supplier_id":null,"supplier_sku":"","barcode":null,"atum_controlled":true,"out_stock_date":null,"out_stock_threshold":null,"inheritable":false,"inbound_stock":0,"stock_on_hold":0,"sold_today":0,"sales_last_days":2,"out_stock_days":0,"lost_sales":0,"has_location":false,"update_date":"2026-04-14T00:05:12","atum_locations":[],"atum_stock_status":"instock","restock_status":false,"low_stock_amount":"","sales_update_date":"2026-04-14T00:05:12","calc_backorders":null,"yoast_head":"<!-- This site is optimized with the Yoast SEO plugin v27.2 - https:\/\/yoast.com\/product\/yoast-seo-wordpress\/ -->\n<title>Centellian24 Madeca Derma Mask III Brightening Formula - IDA.KOREA<\/title>\n<meta name=\"description\" content=\"Intensiivselt jumet \u00fchtlustav kangasmask parandab naha toonust: rahustab \u00e4rritust, v\u00e4hendab punetust. Mask annab nahale terve s\u00e4ra. Korea Top!\" \/>\n<meta name=\"robots\" content=\"index, follow, max-snippet:-1, max-image-preview:large, max-video-preview:-1\" \/>\n<link rel=\"canonical\" href=\"https:\/\/idakorea.ee\/fi\/product\/centellian24-madeca-derma-mask-iii-brightening-formula\/\" \/>\n<meta property=\"og:locale\" content=\"fi_FI\" \/>\n<meta property=\"og:type\" content=\"article\" \/>\n<meta property=\"og:title\" content=\"Centellian24 Madeca Derma Mask III Brightening Formula - IDA.KOREA\" \/>\n<meta property=\"og:description\" content=\"Intensiivselt jumet \u00fchtlustav kangasmask parandab naha toonust: rahustab \u00e4rritust, v\u00e4hendab punetust. Mask annab nahale terve s\u00e4ra. Korea Top!\" \/>\n<meta property=\"og:url\" content=\"https:\/\/idakorea.ee\/fi\/product\/centellian24-madeca-derma-mask-iii-brightening-formula\/\" \/>\n<meta property=\"og:site_name\" content=\"IDA.KOREA\" \/>\n<meta property=\"article:modified_time\" content=\"2026-03-27T12:25:39+00:00\" \/>\n<meta property=\"og:image\" content=\"https:\/\/idakorea.ee\/wp-content\/uploads\/2025\/12\/Centellian24-Mask-3-Brightening-idakorea.jpg\" \/>\n\t<meta property=\"og:image:width\" content=\"1000\" \/>\n\t<meta property=\"og:image:height\" content=\"1000\" \/>\n\t<meta property=\"og:image:type\" content=\"image\/jpeg\" \/>\n<meta name=\"twitter:card\" content=\"summary_large_image\" \/>\n<meta name=\"twitter:label1\" content=\"Arvioitu lukuaika\" \/>\n\t<meta name=\"twitter:data1\" content=\"2 minuuttia\" \/>\n<script type=\"application\/ld+json\" class=\"yoast-schema-graph\">{\"@context\":\"https:\/\/schema.org\",\"@graph\":[{\"@type\":\"WebPage\",\"@id\":\"https:\/\/idakorea.ee\/product\/centellian24-madeca-derma-mask-iii-brightening-formula\/\",\"url\":\"https:\/\/idakorea.ee\/product\/centellian24-madeca-derma-mask-iii-brightening-formula\/\",\"name\":\"Centellian24 Madeca Derma Mask III Brightening Formula - IDA.KOREA\",\"isPartOf\":{\"@id\":\"https:\/\/idakorea.ee\/#website\"},\"primaryImageOfPage\":{\"@id\":\"https:\/\/idakorea.ee\/product\/centellian24-madeca-derma-mask-iii-brightening-formula\/#primaryimage\"},\"image\":{\"@id\":\"https:\/\/idakorea.ee\/product\/centellian24-madeca-derma-mask-iii-brightening-formula\/#primaryimage\"},\"thumbnailUrl\":\"https:\/\/idakorea.ee\/wp-content\/uploads\/2025\/12\/Centellian24-Mask-3-Brightening-idakorea.jpg\",\"datePublished\":\"2025-12-07T14:38:21+00:00\",\"dateModified\":\"2026-03-27T12:25:39+00:00\",\"description\":\"Intensiivselt jumet \u00fchtlustav kangasmask parandab naha toonust: rahustab \u00e4rritust, v\u00e4hendab punetust. Mask annab nahale terve s\u00e4ra. Korea Top!\",\"breadcrumb\":{\"@id\":\"https:\/\/idakorea.ee\/product\/centellian24-madeca-derma-mask-iii-brightening-formula\/#breadcrumb\"},\"inLanguage\":\"fi\",\"potentialAction\":[{\"@type\":\"ReadAction\",\"target\":[\"https:\/\/idakorea.ee\/product\/centellian24-madeca-derma-mask-iii-brightening-formula\/\"]}]},{\"@type\":\"ImageObject\",\"inLanguage\":\"fi\",\"@id\":\"https:\/\/idakorea.ee\/product\/centellian24-madeca-derma-mask-iii-brightening-formula\/#primaryimage\",\"url\":\"https:\/\/idakorea.ee\/wp-content\/uploads\/2025\/12\/Centellian24-Mask-3-Brightening-idakorea.jpg\",\"contentUrl\":\"https:\/\/idakorea.ee\/wp-content\/uploads\/2025\/12\/Centellian24-Mask-3-Brightening-idakorea.jpg\",\"width\":1000,\"height\":1000},{\"@type\":\"BreadcrumbList\",\"@id\":\"https:\/\/idakorea.ee\/product\/centellian24-madeca-derma-mask-iii-brightening-formula\/#breadcrumb\",\"itemListElement\":[{\"@type\":\"ListItem\",\"position\":1,\"name\":\"\u0413\u043b\u0430\u0432\u043d\u0430\u044f \u0441\u0442\u0440\u0430\u043d\u0438\u0446\u0430\",\"item\":\"https:\/\/idakorea.ee\/\"},{\"@type\":\"ListItem\",\"position\":2,\"name\":\"Shop\",\"item\":\"https:\/\/idakorea.ee\/shop-2\/\"},{\"@type\":\"ListItem\",\"position\":3,\"name\":\"Intensiivselt jumet \u00fchtlustav kangasmask Centellian24 Madeca Derma Mask III Brightening Formula\"}]},{\"@type\":\"WebSite\",\"@id\":\"https:\/\/idakorea.ee\/#website\",\"url\":\"https:\/\/idakorea.ee\/\",\"name\":\"IDA.KOREA\",\"description\":\"Korea kosmeetika e-pood\",\"publisher\":{\"@id\":\"https:\/\/idakorea.ee\/#organization\"},\"alternateName\":\"Beauty Shop\",\"potentialAction\":[{\"@type\":\"SearchAction\",\"target\":{\"@type\":\"EntryPoint\",\"urlTemplate\":\"https:\/\/idakorea.ee\/?s={search_term_string}\"},\"query-input\":{\"@type\":\"PropertyValueSpecification\",\"valueRequired\":true,\"valueName\":\"search_term_string\"}}],\"inLanguage\":\"fi\"},{\"@type\":\"Organization\",\"@id\":\"https:\/\/idakorea.ee\/#organization\",\"name\":\"IDA.KOREA\",\"url\":\"https:\/\/idakorea.ee\/\",\"logo\":{\"@type\":\"ImageObject\",\"inLanguage\":\"fi\",\"@id\":\"https:\/\/idakorea.ee\/#\/schema\/logo\/image\/\",\"url\":\"https:\/\/idakorea.ee\/wp-content\/uploads\/2024\/05\/cropped-korea3.png\",\"contentUrl\":\"https:\/\/idakorea.ee\/wp-content\/uploads\/2024\/05\/cropped-korea3.png\",\"width\":688,\"height\":126,\"caption\":\"IDA.KOREA\"},\"image\":{\"@id\":\"https:\/\/idakorea.ee\/#\/schema\/logo\/image\/\"},\"sameAs\":[\"https:\/\/www.instagram.com\/ida.korea\/\"]}]}<\/script>\n<!-- \/ Yoast SEO plugin. -->","yoast_head_json":{"title":"Centellian24 Madeca Derma Mask III kirkastava koostumus - IDA.KOREA","description":"Tasoittaa tehokkaasti ihon s\u00e4vy\u00e4 kangasnaamion avulla: rauhoittaa \u00e4rsytyst\u00e4, v\u00e4hent\u00e4\u00e4 punoitusta. Naamio antaa iholle terveen hehkun. Korea Top!","robots":{"index":"index","follow":"follow","max-snippet":"max-snippet:-1","max-image-preview":"max-image-preview:large","max-video-preview":"max-video-preview:-1"},"canonical":"https:\/\/idakorea.ee\/fi\/product\/centellian24-madeca-derma-mask-iii-brightening-formula\/","og_locale":"fi_FI","og_type":"article","og_title":"Centellian24 Madeca Derma Mask III Brightening Formula - IDA.KOREA","og_description":"Intensiivselt jumet \u00fchtlustav kangasmask parandab naha toonust: rahustab \u00e4rritust, v\u00e4hendab punetust. Mask annab nahale terve s\u00e4ra. Korea Top!","og_url":"https:\/\/idakorea.ee\/fi\/product\/centellian24-madeca-derma-mask-iii-brightening-formula\/","og_site_name":"IDA.KOREA","article_modified_time":"2026-03-27T12:25:39+00:00","og_image":[{"width":1000,"height":1000,"url":"https:\/\/idakorea.ee\/wp-content\/uploads\/2025\/12\/Centellian24-Mask-3-Brightening-idakorea.jpg","type":"image\/jpeg"}],"twitter_card":"summary_large_image","twitter_misc":{"Arvioitu lukuaika":"2 minuuttia"},"schema":{"@context":"https:\/\/schema.org","@graph":[{"@type":"WebPage","@id":"https:\/\/idakorea.ee\/product\/centellian24-madeca-derma-mask-iii-brightening-formula\/","url":"https:\/\/idakorea.ee\/product\/centellian24-madeca-derma-mask-iii-brightening-formula\/","name":"Centellian24 Madeca Derma Mask III kirkastava koostumus - IDA.KOREA","isPartOf":{"@id":"https:\/\/idakorea.ee\/#website"},"primaryImageOfPage":{"@id":"https:\/\/idakorea.ee\/product\/centellian24-madeca-derma-mask-iii-brightening-formula\/#primaryimage"},"image":{"@id":"https:\/\/idakorea.ee\/product\/centellian24-madeca-derma-mask-iii-brightening-formula\/#primaryimage"},"thumbnailUrl":"https:\/\/idakorea.ee\/wp-content\/uploads\/2025\/12\/Centellian24-Mask-3-Brightening-idakorea.jpg","datePublished":"2025-12-07T14:38:21+00:00","dateModified":"2026-03-27T12:25:39+00:00","description":"Tasoittaa tehokkaasti ihon s\u00e4vy\u00e4 kangasnaamion avulla: rauhoittaa \u00e4rsytyst\u00e4, v\u00e4hent\u00e4\u00e4 punoitusta. Naamio antaa iholle terveen hehkun. Korea Top!","breadcrumb":{"@id":"https:\/\/idakorea.ee\/product\/centellian24-madeca-derma-mask-iii-brightening-formula\/#breadcrumb"},"inLanguage":"fi","potentialAction":[{"@type":"ReadAction","target":["https:\/\/idakorea.ee\/product\/centellian24-madeca-derma-mask-iii-brightening-formula\/"]}]},{"@type":"ImageObject","inLanguage":"fi","@id":"https:\/\/idakorea.ee\/product\/centellian24-madeca-derma-mask-iii-brightening-formula\/#primaryimage","url":"https:\/\/idakorea.ee\/wp-content\/uploads\/2025\/12\/Centellian24-Mask-3-Brightening-idakorea.jpg","contentUrl":"https:\/\/idakorea.ee\/wp-content\/uploads\/2025\/12\/Centellian24-Mask-3-Brightening-idakorea.jpg","width":1000,"height":1000},{"@type":"BreadcrumbList","@id":"https:\/\/idakorea.ee\/product\/centellian24-madeca-derma-mask-iii-brightening-formula\/#breadcrumb","itemListElement":[{"@type":"ListItem","position":1,"name":"\u0413\u043b\u0430\u0432\u043d\u0430\u044f \u0441\u0442\u0440\u0430\u043d\u0438\u0446\u0430","item":"https:\/\/idakorea.ee\/"},{"@type":"ListItem","position":2,"name":"Shop","item":"https:\/\/idakorea.ee\/shop-2\/"},{"@type":"ListItem","position":3,"name":"Intensiivselt jumet \u00fchtlustav kangasmask Centellian24 Madeca Derma Mask III Brightening Formula"}]},{"@type":"WebSite","@id":"https:\/\/idakorea.ee\/#website","url":"https:\/\/idakorea.ee\/","name":"IDA.KOREA","description":"Korean kosmetiikan verkkokauppa","publisher":{"@id":"https:\/\/idakorea.ee\/#organization"},"alternateName":"Beauty Shop","potentialAction":[{"@type":"SearchAction","target":{"@type":"EntryPoint","urlTemplate":"https:\/\/idakorea.ee\/?s={search_term_string}"},"query-input":{"@type":"PropertyValueSpecification","valueRequired":true,"valueName":"search_term_string"}}],"inLanguage":"fi"},{"@type":"Organization","@id":"https:\/\/idakorea.ee\/#organization","name":"IDA.KOREA","url":"https:\/\/idakorea.ee\/","logo":{"@type":"ImageObject","inLanguage":"fi","@id":"https:\/\/idakorea.ee\/#\/schema\/logo\/image\/","url":"https:\/\/idakorea.ee\/wp-content\/uploads\/2024\/05\/cropped-korea3.png","contentUrl":"https:\/\/idakorea.ee\/wp-content\/uploads\/2024\/05\/cropped-korea3.png","width":688,"height":126,"caption":"IDA.KOREA"},"image":{"@id":"https:\/\/idakorea.ee\/#\/schema\/logo\/image\/"},"sameAs":["https:\/\/www.instagram.com\/ida.korea\/"]}]}},"jetpack_sharing_enabled":true,"brands":[{"id":1033,"name":"CENTELLIAN24","slug":"centellian24"}],"_links":{"self":[{"href":"https:\/\/idakorea.ee\/fi\/wp-json\/wp\/v2\/product\/16757","targetHints":{"allow":["GET"]}}],"collection":[{"href":"https:\/\/idakorea.ee\/fi\/wp-json\/wp\/v2\/product"}],"about":[{"href":"https:\/\/idakorea.ee\/fi\/wp-json\/wp\/v2\/types\/product"}],"replies":[{"embeddable":true,"href":"https:\/\/idakorea.ee\/fi\/wp-json\/wp\/v2\/comments?post=16757"}],"version-history":[{"count":1,"href":"https:\/\/idakorea.ee\/fi\/wp-json\/wp\/v2\/product\/16757\/revisions"}],"predecessor-version":[{"id":16759,"href":"https:\/\/idakorea.ee\/fi\/wp-json\/wp\/v2\/product\/16757\/revisions\/16759"}],"wp:featuredmedia":[{"embeddable":true,"href":"https:\/\/idakorea.ee\/fi\/wp-json\/wp\/v2\/media\/16758"}],"wp:attachment":[{"href":"https:\/\/idakorea.ee\/fi\/wp-json\/wp\/v2\/media?parent=16757"}],"wp:term":[{"taxonomy":"pwb-brand","embeddable":true,"href":"https:\/\/idakorea.ee\/fi\/wp-json\/wp\/v2\/pwb-brand?post=16757"},{"taxonomy":"product_brand","embeddable":true,"href":"https:\/\/idakorea.ee\/fi\/wp-json\/wp\/v2\/product_brand?post=16757"},{"taxonomy":"product_cat","embeddable":true,"href":"https:\/\/idakorea.ee\/fi\/wp-json\/wp\/v2\/product_cat?post=16757"},{"taxonomy":"product_tag","embeddable":true,"href":"https:\/\/idakorea.ee\/fi\/wp-json\/wp\/v2\/product_tag?post=16757"}],"curies":[{"name":"wp","href":"https:\/\/api.w.org\/{rel}","templated":true}]}}