{"id":1676,"date":"2024-05-30T14:57:02","date_gmt":"2024-05-30T12:57:02","guid":{"rendered":"https:\/\/idakorea.ee\/?post_type=product&#038;p=1676"},"modified":"2026-03-13T18:51:00","modified_gmt":"2026-03-13T16:51:00","slug":"rahustav-naotoonik-anua-heartleaf-77","status":"publish","type":"product","link":"https:\/\/idakorea.ee\/fi\/product\/rahustav-naotoonik-anua-heartleaf-77\/","title":{"rendered":"Anua Heartleaf 77% Rauhoittava kasvovesi, 250ml"},"content":{"rendered":"<p><strong>Anua Heartleaf 77% Rauhoittava kasvovesi<\/strong> Palauttaa ihon kosteustasapainon puhdistuksen j\u00e4lkeen, kosteuttaa syv\u00e4lt\u00e4 ja rauhoittaa. Se neutraloi vesijohtoveden haitalliset vaikutukset, palauttaa luonnollisen pH-tason ja ehk\u00e4isee kirist\u00e4v\u00e4n tunteen syntymist\u00e4.<\/p>\n<p>Kasvoveden p\u00e4\u00e4ainesosa on 77%-syd\u00e4n- ja hanhikkiuute, jolla on vahvistavia ja tulehdusta ehk\u00e4isevi\u00e4 ominaisuuksia. Se rauhoittaa \u00e4rsytyst\u00e4, v\u00e4hent\u00e4\u00e4 tulehdusta ja vahvistaa ihon vastustuskyky\u00e4 tehden ihosta v\u00e4hemm\u00e4n herk\u00e4n.<\/p>\n<p>Kasvovesi palauttaa ihon suojakerroksen, lievitt\u00e4\u00e4 kutinaa ja punoitusta, ei tuki ihohuokosia ja tarjoaa vahvan antioksidanttisuojan.<\/p>\n<p><strong>T\u00e4rkeimm\u00e4t vaikuttavat aineet:<\/strong><\/p>\n<p><strong>Pantenoli (B5-vitamiini)<\/strong> \u2013 nopeuttaa ihon uudistumista, rauhoittaa ja vahvistaa ihon puolustuskyky\u00e4.<br \/>\n<strong>Sokeriruokouute<\/strong> \u2013 hell\u00e4varainen kuorinta-aine, joka poistaa kuolleita ihosoluja ja parantaa ihon vastaanottokyky\u00e4 seuraaville hoitotuotteille.<br \/>\n<strong>Sanghwang-sieniuute<\/strong> \u2013 sill\u00e4 on antioksidanttisia ja tulehdusta ehk\u00e4isevi\u00e4 vaikutuksia, nopeuttaa ihon paranemista.<br \/>\n<strong>Vitex-uute<\/strong> \u2013 stimuloi ihosolujen uusiutumista, silottaa ryppyj\u00e4, parantaa ihon kiinteytt\u00e4 ja elastisuutta.<br \/>\n<strong>Portulakan uute<\/strong> \u2013 puhdistaa kuona-aineita, palauttaa ihoa ja nopeuttaa mikrovaurioiden paranemista.<br \/>\n<strong>Takiaisen uute<\/strong> \u2013 antiseptinen ja tulehdusta est\u00e4v\u00e4 vaikutus, stimuloi solujen aineenvaihduntaa ja kiinteytt\u00e4\u00e4 ihoa.<\/p>\n<p>&nbsp;<\/p>\n<p><strong>K\u00e4ytt\u00f6opas: <\/strong>Levit\u00e4 tarvittava m\u00e4\u00e4r\u00e4 kasvovett\u00e4 puhdistetulle iholle. K\u00e4yt\u00e4 vanulapua tai k\u00e4mmeni\u00e4. Taputtele kevyesti imeytymisen parantamiseksi.<\/p>\n<p>&nbsp;<\/p>","protected":false},"excerpt":{"rendered":"<p>Anua Heartleaf 77% Soothing Toner palauttaa ihon kosteustasapainon puhdistuksen j\u00e4lkeen ja antaa syv\u00e4kosteuttavan ja rauhoittavan vaikutuksen. Se neutraloi vesijohtoveden haitallisia vaikutuksia, palauttaa luonnollisen pH-tason ja ehk\u00e4isee kirist\u00e4v\u00e4n tunteen. Tonerin p\u00e4\u00e4ainesosa on 77% Kettukuusen uutetta, jolla on vahvistavia ja tulehdusta ehk\u00e4isevi\u00e4 ominaisuuksia. Se rauhoittaa \u00e4rsytyst\u00e4, v\u00e4hent\u00e4\u00e4 tulehdusta ja vahvistaa ihon vastustuskyky\u00e4 tehden epidermiksest\u00e4 v\u00e4hemm\u00e4n herk\u00e4n. T...<\/p>","protected":false},"featured_media":17252,"comment_status":"open","ping_status":"closed","template":"","meta":{"_uf_show_specific_survey":0,"_uf_disable_surveys":false,"_bst_post_transparent":"default","_bst_post_title":"","_bst_post_layout":"default","_bst_post_sidebar_id":"","_bst_post_content_style":"default","_bst_post_vertical_padding":"default","_bst_post_feature":"","_bst_post_feature_position":"","_bst_post_header":false,"_bst_post_footer":false},"pwb-brand":[104],"product_brand":[],"product_cat":[92,158],"product_tag":[856,102,855],"class_list":{"0":"post-1676","1":"product","2":"type-product","3":"status-publish","4":"has-post-thumbnail","6":"pwb-brand-anua","7":"product_cat-nagu","8":"product_cat-toonik","9":"product_tag-856","10":"product_tag-anua","11":"product_tag-toner","13":"first","14":"instock","15":"sale","16":"shipping-taxable","17":"purchasable","18":"product-type-simple","19":"entry","20":"content-bg","21":"loop-entry"},"supplier_id":null,"supplier_sku":"","barcode":null,"atum_controlled":true,"out_stock_date":null,"out_stock_threshold":null,"inheritable":false,"inbound_stock":0,"stock_on_hold":0,"sold_today":0,"sales_last_days":0,"out_stock_days":0,"lost_sales":0,"has_location":false,"update_date":"2026-04-14T00:05:10","atum_locations":[],"atum_stock_status":"instock","restock_status":false,"low_stock_amount":"","sales_update_date":"2026-04-14T00:05:10","calc_backorders":null,"yoast_head":"<!-- This site is optimized with the Yoast SEO plugin v27.2 - https:\/\/yoast.com\/product\/yoast-seo-wordpress\/ -->\n<title>Anua Heartleaf 77% Soothing Toner - IDA.KOREA<\/title>\n<meta name=\"description\" content=\"Anua Heartleaf 77% Soothing Toner\u00a0korvab niiskusepuuduse p\u00e4rast pesemist, pakkudes nahale rikkalikku niisutust ja tugevat rahustavat toimet.\" \/>\n<meta name=\"robots\" content=\"index, follow, max-snippet:-1, max-image-preview:large, max-video-preview:-1\" \/>\n<link rel=\"canonical\" href=\"https:\/\/idakorea.ee\/fi\/product\/rahustav-naotoonik-anua-heartleaf-77\/\" \/>\n<meta property=\"og:locale\" content=\"fi_FI\" \/>\n<meta property=\"og:type\" content=\"article\" \/>\n<meta property=\"og:title\" content=\"Anua Heartleaf 77% Soothing Toner - IDA.KOREA\" \/>\n<meta property=\"og:description\" content=\"Anua Heartleaf 77% Soothing Toner\u00a0korvab niiskusepuuduse p\u00e4rast pesemist, pakkudes nahale rikkalikku niisutust ja tugevat rahustavat toimet.\" \/>\n<meta property=\"og:url\" content=\"https:\/\/idakorea.ee\/fi\/product\/rahustav-naotoonik-anua-heartleaf-77\/\" \/>\n<meta property=\"og:site_name\" content=\"IDA.KOREA\" \/>\n<meta property=\"article:modified_time\" content=\"2026-03-13T16:51:00+00:00\" \/>\n<meta property=\"og:image\" content=\"https:\/\/idakorea.ee\/wp-content\/uploads\/2024\/05\/Anua-Heartleaf-77-Soothing-Toner-idakorea.png\" \/>\n\t<meta property=\"og:image:width\" content=\"1000\" \/>\n\t<meta property=\"og:image:height\" content=\"1000\" \/>\n\t<meta property=\"og:image:type\" content=\"image\/png\" \/>\n<meta name=\"twitter:card\" content=\"summary_large_image\" \/>\n<meta name=\"twitter:label1\" content=\"Arvioitu lukuaika\" \/>\n\t<meta name=\"twitter:data1\" content=\"2 minuuttia\" \/>\n<script type=\"application\/ld+json\" class=\"yoast-schema-graph\">{\"@context\":\"https:\/\/schema.org\",\"@graph\":[{\"@type\":\"WebPage\",\"@id\":\"https:\/\/idakorea.ee\/product\/rahustav-naotoonik-anua-heartleaf-77\/\",\"url\":\"https:\/\/idakorea.ee\/product\/rahustav-naotoonik-anua-heartleaf-77\/\",\"name\":\"Anua Heartleaf 77% Soothing Toner - IDA.KOREA\",\"isPartOf\":{\"@id\":\"https:\/\/idakorea.ee\/#website\"},\"primaryImageOfPage\":{\"@id\":\"https:\/\/idakorea.ee\/product\/rahustav-naotoonik-anua-heartleaf-77\/#primaryimage\"},\"image\":{\"@id\":\"https:\/\/idakorea.ee\/product\/rahustav-naotoonik-anua-heartleaf-77\/#primaryimage\"},\"thumbnailUrl\":\"https:\/\/idakorea.ee\/wp-content\/uploads\/2024\/05\/Anua-Heartleaf-77-Soothing-Toner-idakorea.png\",\"datePublished\":\"2024-05-30T12:57:02+00:00\",\"dateModified\":\"2026-03-13T16:51:00+00:00\",\"description\":\"Anua Heartleaf 77% Soothing Toner\u00a0korvab niiskusepuuduse p\u00e4rast pesemist, pakkudes nahale rikkalikku niisutust ja tugevat rahustavat toimet.\",\"breadcrumb\":{\"@id\":\"https:\/\/idakorea.ee\/product\/rahustav-naotoonik-anua-heartleaf-77\/#breadcrumb\"},\"inLanguage\":\"fi\",\"potentialAction\":[{\"@type\":\"ReadAction\",\"target\":[\"https:\/\/idakorea.ee\/product\/rahustav-naotoonik-anua-heartleaf-77\/\"]}]},{\"@type\":\"ImageObject\",\"inLanguage\":\"fi\",\"@id\":\"https:\/\/idakorea.ee\/product\/rahustav-naotoonik-anua-heartleaf-77\/#primaryimage\",\"url\":\"https:\/\/idakorea.ee\/wp-content\/uploads\/2024\/05\/Anua-Heartleaf-77-Soothing-Toner-idakorea.png\",\"contentUrl\":\"https:\/\/idakorea.ee\/wp-content\/uploads\/2024\/05\/Anua-Heartleaf-77-Soothing-Toner-idakorea.png\",\"width\":1000,\"height\":1000},{\"@type\":\"BreadcrumbList\",\"@id\":\"https:\/\/idakorea.ee\/product\/rahustav-naotoonik-anua-heartleaf-77\/#breadcrumb\",\"itemListElement\":[{\"@type\":\"ListItem\",\"position\":1,\"name\":\"\u0413\u043b\u0430\u0432\u043d\u0430\u044f \u0441\u0442\u0440\u0430\u043d\u0438\u0446\u0430\",\"item\":\"https:\/\/idakorea.ee\/\"},{\"@type\":\"ListItem\",\"position\":2,\"name\":\"Shop\",\"item\":\"https:\/\/idakorea.ee\/shop-2\/\"},{\"@type\":\"ListItem\",\"position\":3,\"name\":\"Rahustav n\u00e4otoonik Anua Heartleaf 77% Soothing Toner, 250ml\"}]},{\"@type\":\"WebSite\",\"@id\":\"https:\/\/idakorea.ee\/#website\",\"url\":\"https:\/\/idakorea.ee\/\",\"name\":\"IDA.KOREA\",\"description\":\"Korea kosmeetika e-pood\",\"publisher\":{\"@id\":\"https:\/\/idakorea.ee\/#organization\"},\"alternateName\":\"Beauty Shop\",\"potentialAction\":[{\"@type\":\"SearchAction\",\"target\":{\"@type\":\"EntryPoint\",\"urlTemplate\":\"https:\/\/idakorea.ee\/?s={search_term_string}\"},\"query-input\":{\"@type\":\"PropertyValueSpecification\",\"valueRequired\":true,\"valueName\":\"search_term_string\"}}],\"inLanguage\":\"fi\"},{\"@type\":\"Organization\",\"@id\":\"https:\/\/idakorea.ee\/#organization\",\"name\":\"IDA.KOREA\",\"url\":\"https:\/\/idakorea.ee\/\",\"logo\":{\"@type\":\"ImageObject\",\"inLanguage\":\"fi\",\"@id\":\"https:\/\/idakorea.ee\/#\/schema\/logo\/image\/\",\"url\":\"https:\/\/idakorea.ee\/wp-content\/uploads\/2024\/05\/cropped-korea3.png\",\"contentUrl\":\"https:\/\/idakorea.ee\/wp-content\/uploads\/2024\/05\/cropped-korea3.png\",\"width\":688,\"height\":126,\"caption\":\"IDA.KOREA\"},\"image\":{\"@id\":\"https:\/\/idakorea.ee\/#\/schema\/logo\/image\/\"},\"sameAs\":[\"https:\/\/www.instagram.com\/ida.korea\/\"]}]}<\/script>\n<!-- \/ Yoast SEO plugin. -->","yoast_head_json":{"title":"Anua Heartleaf 77% rauhoittava kasvovesi - IDA.KOREA","description":"Anua Heartleaf 77% Soothing Toner -kasvovesi palauttaa pesun j\u00e4lkeen menetetyn kosteuden ja antaa iholle runsaasti kosteutta ja voimakkaan rauhoittavan vaikutuksen.","robots":{"index":"index","follow":"follow","max-snippet":"max-snippet:-1","max-image-preview":"max-image-preview:large","max-video-preview":"max-video-preview:-1"},"canonical":"https:\/\/idakorea.ee\/fi\/product\/rahustav-naotoonik-anua-heartleaf-77\/","og_locale":"fi_FI","og_type":"article","og_title":"Anua Heartleaf 77% Soothing Toner - IDA.KOREA","og_description":"Anua Heartleaf 77% Soothing Toner\u00a0korvab niiskusepuuduse p\u00e4rast pesemist, pakkudes nahale rikkalikku niisutust ja tugevat rahustavat toimet.","og_url":"https:\/\/idakorea.ee\/fi\/product\/rahustav-naotoonik-anua-heartleaf-77\/","og_site_name":"IDA.KOREA","article_modified_time":"2026-03-13T16:51:00+00:00","og_image":[{"width":1000,"height":1000,"url":"https:\/\/idakorea.ee\/wp-content\/uploads\/2024\/05\/Anua-Heartleaf-77-Soothing-Toner-idakorea.png","type":"image\/png"}],"twitter_card":"summary_large_image","twitter_misc":{"Arvioitu lukuaika":"2 minuuttia"},"schema":{"@context":"https:\/\/schema.org","@graph":[{"@type":"WebPage","@id":"https:\/\/idakorea.ee\/product\/rahustav-naotoonik-anua-heartleaf-77\/","url":"https:\/\/idakorea.ee\/product\/rahustav-naotoonik-anua-heartleaf-77\/","name":"Anua Heartleaf 77% rauhoittava kasvovesi - IDA.KOREA","isPartOf":{"@id":"https:\/\/idakorea.ee\/#website"},"primaryImageOfPage":{"@id":"https:\/\/idakorea.ee\/product\/rahustav-naotoonik-anua-heartleaf-77\/#primaryimage"},"image":{"@id":"https:\/\/idakorea.ee\/product\/rahustav-naotoonik-anua-heartleaf-77\/#primaryimage"},"thumbnailUrl":"https:\/\/idakorea.ee\/wp-content\/uploads\/2024\/05\/Anua-Heartleaf-77-Soothing-Toner-idakorea.png","datePublished":"2024-05-30T12:57:02+00:00","dateModified":"2026-03-13T16:51:00+00:00","description":"Anua Heartleaf 77% Soothing Toner -kasvovesi palauttaa pesun j\u00e4lkeen menetetyn kosteuden ja antaa iholle runsaasti kosteutta ja voimakkaan rauhoittavan vaikutuksen.","breadcrumb":{"@id":"https:\/\/idakorea.ee\/product\/rahustav-naotoonik-anua-heartleaf-77\/#breadcrumb"},"inLanguage":"fi","potentialAction":[{"@type":"ReadAction","target":["https:\/\/idakorea.ee\/product\/rahustav-naotoonik-anua-heartleaf-77\/"]}]},{"@type":"ImageObject","inLanguage":"fi","@id":"https:\/\/idakorea.ee\/product\/rahustav-naotoonik-anua-heartleaf-77\/#primaryimage","url":"https:\/\/idakorea.ee\/wp-content\/uploads\/2024\/05\/Anua-Heartleaf-77-Soothing-Toner-idakorea.png","contentUrl":"https:\/\/idakorea.ee\/wp-content\/uploads\/2024\/05\/Anua-Heartleaf-77-Soothing-Toner-idakorea.png","width":1000,"height":1000},{"@type":"BreadcrumbList","@id":"https:\/\/idakorea.ee\/product\/rahustav-naotoonik-anua-heartleaf-77\/#breadcrumb","itemListElement":[{"@type":"ListItem","position":1,"name":"\u0413\u043b\u0430\u0432\u043d\u0430\u044f \u0441\u0442\u0440\u0430\u043d\u0438\u0446\u0430","item":"https:\/\/idakorea.ee\/"},{"@type":"ListItem","position":2,"name":"Shop","item":"https:\/\/idakorea.ee\/shop-2\/"},{"@type":"ListItem","position":3,"name":"Rahustav n\u00e4otoonik Anua Heartleaf 77% Soothing Toner, 250ml"}]},{"@type":"WebSite","@id":"https:\/\/idakorea.ee\/#website","url":"https:\/\/idakorea.ee\/","name":"IDA.KOREA","description":"Korean kosmetiikan verkkokauppa","publisher":{"@id":"https:\/\/idakorea.ee\/#organization"},"alternateName":"Beauty Shop","potentialAction":[{"@type":"SearchAction","target":{"@type":"EntryPoint","urlTemplate":"https:\/\/idakorea.ee\/?s={search_term_string}"},"query-input":{"@type":"PropertyValueSpecification","valueRequired":true,"valueName":"search_term_string"}}],"inLanguage":"fi"},{"@type":"Organization","@id":"https:\/\/idakorea.ee\/#organization","name":"IDA.KOREA","url":"https:\/\/idakorea.ee\/","logo":{"@type":"ImageObject","inLanguage":"fi","@id":"https:\/\/idakorea.ee\/#\/schema\/logo\/image\/","url":"https:\/\/idakorea.ee\/wp-content\/uploads\/2024\/05\/cropped-korea3.png","contentUrl":"https:\/\/idakorea.ee\/wp-content\/uploads\/2024\/05\/cropped-korea3.png","width":688,"height":126,"caption":"IDA.KOREA"},"image":{"@id":"https:\/\/idakorea.ee\/#\/schema\/logo\/image\/"},"sameAs":["https:\/\/www.instagram.com\/ida.korea\/"]}]}},"jetpack_sharing_enabled":true,"brands":[{"id":104,"name":"ANUA","slug":"anua"}],"_links":{"self":[{"href":"https:\/\/idakorea.ee\/fi\/wp-json\/wp\/v2\/product\/1676","targetHints":{"allow":["GET"]}}],"collection":[{"href":"https:\/\/idakorea.ee\/fi\/wp-json\/wp\/v2\/product"}],"about":[{"href":"https:\/\/idakorea.ee\/fi\/wp-json\/wp\/v2\/types\/product"}],"replies":[{"embeddable":true,"href":"https:\/\/idakorea.ee\/fi\/wp-json\/wp\/v2\/comments?post=1676"}],"version-history":[{"count":5,"href":"https:\/\/idakorea.ee\/fi\/wp-json\/wp\/v2\/product\/1676\/revisions"}],"predecessor-version":[{"id":17884,"href":"https:\/\/idakorea.ee\/fi\/wp-json\/wp\/v2\/product\/1676\/revisions\/17884"}],"wp:featuredmedia":[{"embeddable":true,"href":"https:\/\/idakorea.ee\/fi\/wp-json\/wp\/v2\/media\/17252"}],"wp:attachment":[{"href":"https:\/\/idakorea.ee\/fi\/wp-json\/wp\/v2\/media?parent=1676"}],"wp:term":[{"taxonomy":"pwb-brand","embeddable":true,"href":"https:\/\/idakorea.ee\/fi\/wp-json\/wp\/v2\/pwb-brand?post=1676"},{"taxonomy":"product_brand","embeddable":true,"href":"https:\/\/idakorea.ee\/fi\/wp-json\/wp\/v2\/product_brand?post=1676"},{"taxonomy":"product_cat","embeddable":true,"href":"https:\/\/idakorea.ee\/fi\/wp-json\/wp\/v2\/product_cat?post=1676"},{"taxonomy":"product_tag","embeddable":true,"href":"https:\/\/idakorea.ee\/fi\/wp-json\/wp\/v2\/product_tag?post=1676"}],"curies":[{"name":"wp","href":"https:\/\/api.w.org\/{rel}","templated":true}]}}