{"id":16761,"date":"2025-12-07T16:41:32","date_gmt":"2025-12-07T14:41:32","guid":{"rendered":"https:\/\/idakorea.ee\/?post_type=product&#038;p=16761"},"modified":"2026-04-09T21:03:39","modified_gmt":"2026-04-09T19:03:39","slug":"centellian24-madeca-derma-mask-iii-intensive-formula","status":"publish","type":"product","link":"https:\/\/idakorea.ee\/fi\/product\/centellian24-madeca-derma-mask-iii-intensive-formula\/","title":{"rendered":"Ravitseva kangasnaamio Centellian24 Madeca Derma Mask III Intensive Formula"},"content":{"rendered":"<p data-start=\"61\" data-end=\"317\">Ravitseva ja intensiivisesti tehokas kangasnaamio <strong data-start=\"102\" data-end=\"158\">Centellian24 Madeca Derma Mask III -intensiivinen koostumus<\/strong> Poistaa kuivuutta ja hilseily\u00e4 sek\u00e4 pehment\u00e4\u00e4 karheaa ihoa. Naamio kosteuttaa syv\u00e4lt\u00e4, palauttaa hydrolipidikerroksen ja vahvistaa ihon suojatoimintoja.<\/p>\n<p data-start=\"319\" data-end=\"548\">Naamiolla on my\u00f6s kiinteytt\u00e4v\u00e4 vaikutus: se kirist\u00e4\u00e4 ja tasoittaa ihon mikroreliefi\u00e4, v\u00e4hent\u00e4\u00e4 ryppyjen syvyytt\u00e4 ja hidastaa ik\u00e4\u00e4ntymisprosessia.<br data-start=\"450\" data-end=\"453\" \/>100%-puuvillapohjainen kangas on hell\u00e4varainen iholle, sopii herk\u00e4lle iholle eik\u00e4 aiheuta \u00e4rsytyst\u00e4.<\/p>\n<p data-start=\"550\" data-end=\"576\"><strong data-start=\"550\" data-end=\"574\">T\u00e4rkeimm\u00e4t vaikuttavat aineet:<\/strong><\/p>\n<ul data-start=\"577\" data-end=\"1503\">\n<li data-start=\"577\" data-end=\"859\">\n<p data-start=\"579\" data-end=\"859\"><strong data-start=\"579\" data-end=\"672\">Patentoitu TECA\u2122-kompleksi (asiatikosidi, madekassiinihappo, aasialainen happo, madekassosidi)<\/strong> \u2013 sis\u00e4lt\u00e4\u00e4 nelj\u00e4\u00e4 Centella asiatica -johdannaista, jotka korjaavat, vahvistavat ja ravitsevat vaurioitunutta ihoa. Lievitt\u00e4v\u00e4t tulehdusta ja auttavat v\u00e4hent\u00e4m\u00e4\u00e4n punoitusta ja \u00e4rsytyst\u00e4.<\/p>\n<\/li>\n<li data-start=\"860\" data-end=\"1020\">\n<p data-start=\"862\" data-end=\"1020\"><strong data-start=\"862\" data-end=\"895\">EGF (epidermaalinen kasvutekij\u00e4)<\/strong> \u2013 stimuloi solujen kasvua ja uudistumista, tukee ihon tiheytt\u00e4, kimmoisuutta ja sileytt\u00e4 sek\u00e4 edist\u00e4\u00e4 kollageenisynteesi\u00e4.<\/p>\n<\/li>\n<li data-start=\"1021\" data-end=\"1185\">\n<p data-start=\"1023\" data-end=\"1185\"><strong data-start=\"1023\" data-end=\"1053\">Mustan tryffelin uute<\/strong> \u2013 aktivoi solujen uusiutumista, vahvistaa ihon luonnollista puolustuskyky\u00e4, auttaa silottamaan ryppyj\u00e4 ja pigmenttil\u00e4iski\u00e4 sek\u00e4 tasoittaa ihonv\u00e4ri\u00e4.<\/p>\n<\/li>\n<li data-start=\"1186\" data-end=\"1335\">\n<p data-start=\"1188\" data-end=\"1335\"><strong data-start=\"1188\" data-end=\"1212\">Agave-varren uute<\/strong> \u2013 parantaa epidermiksen suojakyky\u00e4, edist\u00e4\u00e4 solujen aineenvaihduntaa ja sill\u00e4 on tulehdusta ja antiseptisi\u00e4 vaikutuksia.<\/p>\n<\/li>\n<li data-start=\"1336\" data-end=\"1503\">\n<p data-start=\"1338\" data-end=\"1503\"><strong data-start=\"1338\" data-end=\"1360\">Propolis-uute<\/strong> \u2013 palauttaa hydrolipiditasapainon, suojaa ihoa haitallisilta ulkoisilta tekij\u00f6ilt\u00e4, poistaa hilseily\u00e4 ja kuivuutta, ravitsee ja pehment\u00e4\u00e4 ihoa.<\/p>\n<\/li>\n<\/ul>\n<p data-start=\"1505\" data-end=\"1556\">Sopii kuivalle, normaalille ja sekaiholle.<\/p>\n<p data-start=\"1558\" data-end=\"1775\"><strong data-start=\"1558\" data-end=\"1573\">K\u00e4ytt\u00f6:<\/strong><br data-start=\"1573\" data-end=\"1576\" \/>Puhdistuksen ja kasvoveden j\u00e4lkeen levit\u00e4 naamio kasvoillesi ja hiero tasaisesti. Poista naamio 20 minuutin kuluttua ja taputtele j\u00e4ljell\u00e4 oleva naamio hell\u00e4varaisesti ihoon. Viimeistele halutessasi voideella.<\/p>","protected":false},"excerpt":{"rendered":"<p>Ravitseva ja intensiivisesti tehokas Centellian24 Madeca Derma Mask III Intensive Formula -kangasnaamio poistaa kuivuutta, hilseily\u00e4 ja pehment\u00e4\u00e4 karheaa ihoa. Naamio kosteuttaa syv\u00e4lt\u00e4, palauttaa hydrolipidikerroksen ja vahvistaa ihon suojatoimintoja. Naamiolla on my\u00f6s kiinteytt\u00e4v\u00e4 vaikutus: se kiinteytt\u00e4\u00e4 ja tasoittaa ihon mikroreliefi\u00e4, v\u00e4hent\u00e4\u00e4 ryppyjen syvyytt\u00e4 ja hidastaa ik\u00e4\u00e4ntymisprosessia. 100%-puuvillapohjainen kangas on hell\u00e4varainen iholle, sopii herk\u00e4lle iholle eik\u00e4\u2026<\/p>","protected":false},"featured_media":16763,"comment_status":"open","ping_status":"closed","template":"","meta":{"_uf_show_specific_survey":0,"_uf_disable_surveys":false,"_bst_post_transparent":"default","_bst_post_title":"","_bst_post_layout":"default","_bst_post_sidebar_id":"","_bst_post_content_style":"default","_bst_post_vertical_padding":"default","_bst_post_feature":"","_bst_post_feature_position":"","_bst_post_header":false,"_bst_post_footer":false},"pwb-brand":[1033],"product_brand":[],"product_cat":[92,98],"product_tag":[568,614,1034,538],"class_list":{"0":"post-16761","1":"product","2":"type-product","3":"status-publish","4":"has-post-thumbnail","6":"pwb-brand-centellian24","7":"product_cat-nagu","8":"product_cat-naomaskid","9":"product_tag-korea","10":"product_tag-mask","11":"product_tag-top","12":"product_tag-viral","14":"first","15":"instock","16":"sale","17":"shipping-taxable","18":"purchasable","19":"product-type-simple","20":"entry","21":"content-bg","22":"loop-entry"},"supplier_id":null,"supplier_sku":"","barcode":null,"atum_controlled":true,"out_stock_date":null,"out_stock_threshold":null,"inheritable":false,"inbound_stock":0,"stock_on_hold":0,"sold_today":0,"sales_last_days":4,"out_stock_days":0,"lost_sales":0,"has_location":false,"update_date":"2026-04-14T11:14:28","atum_locations":[],"atum_stock_status":"instock","restock_status":false,"low_stock_amount":"","sales_update_date":"2026-04-14T11:14:28","calc_backorders":null,"yoast_head":"<!-- This site is optimized with the Yoast SEO plugin v27.2 - https:\/\/yoast.com\/product\/yoast-seo-wordpress\/ -->\n<title>Centellian24 Madeca Derma Mask III Intensive Formula IDA.KOREA<\/title>\n<meta name=\"description\" content=\"Toitev ja intensiivselt m\u00f5juv kangasmask k\u00f5rvaldab kuivuse, ketenduse ja pehmendab karedaid nahapiirkondi. Korea Top br\u00e4nd!\" \/>\n<meta name=\"robots\" content=\"index, follow, max-snippet:-1, max-image-preview:large, max-video-preview:-1\" \/>\n<link rel=\"canonical\" href=\"https:\/\/idakorea.ee\/fi\/product\/centellian24-madeca-derma-mask-iii-intensive-formula\/\" \/>\n<meta property=\"og:locale\" content=\"fi_FI\" \/>\n<meta property=\"og:type\" content=\"article\" \/>\n<meta property=\"og:title\" content=\"Centellian24 Madeca Derma Mask III Intensive Formula IDA.KOREA\" \/>\n<meta property=\"og:description\" content=\"Toitev ja intensiivselt m\u00f5juv kangasmask k\u00f5rvaldab kuivuse, ketenduse ja pehmendab karedaid nahapiirkondi. Korea Top br\u00e4nd!\" \/>\n<meta property=\"og:url\" content=\"https:\/\/idakorea.ee\/fi\/product\/centellian24-madeca-derma-mask-iii-intensive-formula\/\" \/>\n<meta property=\"og:site_name\" content=\"IDA.KOREA\" \/>\n<meta property=\"article:modified_time\" content=\"2026-04-09T19:03:39+00:00\" \/>\n<meta property=\"og:image\" content=\"https:\/\/idakorea.ee\/wp-content\/uploads\/2025\/12\/Centellian24-Madeca-Derma-Mask-III-Intensive-idakorea.jpg\" \/>\n\t<meta property=\"og:image:width\" content=\"1000\" \/>\n\t<meta property=\"og:image:height\" content=\"1000\" \/>\n\t<meta property=\"og:image:type\" content=\"image\/jpeg\" \/>\n<meta name=\"twitter:card\" content=\"summary_large_image\" \/>\n<meta name=\"twitter:label1\" content=\"Arvioitu lukuaika\" \/>\n\t<meta name=\"twitter:data1\" content=\"2 minuuttia\" \/>\n<script type=\"application\/ld+json\" class=\"yoast-schema-graph\">{\"@context\":\"https:\/\/schema.org\",\"@graph\":[{\"@type\":\"WebPage\",\"@id\":\"https:\/\/idakorea.ee\/product\/centellian24-madeca-derma-mask-iii-intensive-formula\/\",\"url\":\"https:\/\/idakorea.ee\/product\/centellian24-madeca-derma-mask-iii-intensive-formula\/\",\"name\":\"Centellian24 Madeca Derma Mask III Intensive Formula IDA.KOREA\",\"isPartOf\":{\"@id\":\"https:\/\/idakorea.ee\/#website\"},\"primaryImageOfPage\":{\"@id\":\"https:\/\/idakorea.ee\/product\/centellian24-madeca-derma-mask-iii-intensive-formula\/#primaryimage\"},\"image\":{\"@id\":\"https:\/\/idakorea.ee\/product\/centellian24-madeca-derma-mask-iii-intensive-formula\/#primaryimage\"},\"thumbnailUrl\":\"https:\/\/idakorea.ee\/wp-content\/uploads\/2025\/12\/Centellian24-Madeca-Derma-Mask-III-Intensive-idakorea.jpg\",\"datePublished\":\"2025-12-07T14:41:32+00:00\",\"dateModified\":\"2026-04-09T19:03:39+00:00\",\"description\":\"Toitev ja intensiivselt m\u00f5juv kangasmask k\u00f5rvaldab kuivuse, ketenduse ja pehmendab karedaid nahapiirkondi. Korea Top br\u00e4nd!\",\"breadcrumb\":{\"@id\":\"https:\/\/idakorea.ee\/product\/centellian24-madeca-derma-mask-iii-intensive-formula\/#breadcrumb\"},\"inLanguage\":\"fi\",\"potentialAction\":[{\"@type\":\"ReadAction\",\"target\":[\"https:\/\/idakorea.ee\/product\/centellian24-madeca-derma-mask-iii-intensive-formula\/\"]}]},{\"@type\":\"ImageObject\",\"inLanguage\":\"fi\",\"@id\":\"https:\/\/idakorea.ee\/product\/centellian24-madeca-derma-mask-iii-intensive-formula\/#primaryimage\",\"url\":\"https:\/\/idakorea.ee\/wp-content\/uploads\/2025\/12\/Centellian24-Madeca-Derma-Mask-III-Intensive-idakorea.jpg\",\"contentUrl\":\"https:\/\/idakorea.ee\/wp-content\/uploads\/2025\/12\/Centellian24-Madeca-Derma-Mask-III-Intensive-idakorea.jpg\",\"width\":1000,\"height\":1000},{\"@type\":\"BreadcrumbList\",\"@id\":\"https:\/\/idakorea.ee\/product\/centellian24-madeca-derma-mask-iii-intensive-formula\/#breadcrumb\",\"itemListElement\":[{\"@type\":\"ListItem\",\"position\":1,\"name\":\"\u0413\u043b\u0430\u0432\u043d\u0430\u044f \u0441\u0442\u0440\u0430\u043d\u0438\u0446\u0430\",\"item\":\"https:\/\/idakorea.ee\/\"},{\"@type\":\"ListItem\",\"position\":2,\"name\":\"Shop\",\"item\":\"https:\/\/idakorea.ee\/shop-2\/\"},{\"@type\":\"ListItem\",\"position\":3,\"name\":\"Toitev kangasmask Centellian24 Madeca Derma Mask III Intensive Formula\"}]},{\"@type\":\"WebSite\",\"@id\":\"https:\/\/idakorea.ee\/#website\",\"url\":\"https:\/\/idakorea.ee\/\",\"name\":\"IDA.KOREA\",\"description\":\"Korea kosmeetika e-pood\",\"publisher\":{\"@id\":\"https:\/\/idakorea.ee\/#organization\"},\"alternateName\":\"Beauty Shop\",\"potentialAction\":[{\"@type\":\"SearchAction\",\"target\":{\"@type\":\"EntryPoint\",\"urlTemplate\":\"https:\/\/idakorea.ee\/?s={search_term_string}\"},\"query-input\":{\"@type\":\"PropertyValueSpecification\",\"valueRequired\":true,\"valueName\":\"search_term_string\"}}],\"inLanguage\":\"fi\"},{\"@type\":\"Organization\",\"@id\":\"https:\/\/idakorea.ee\/#organization\",\"name\":\"IDA.KOREA\",\"url\":\"https:\/\/idakorea.ee\/\",\"logo\":{\"@type\":\"ImageObject\",\"inLanguage\":\"fi\",\"@id\":\"https:\/\/idakorea.ee\/#\/schema\/logo\/image\/\",\"url\":\"https:\/\/idakorea.ee\/wp-content\/uploads\/2024\/05\/cropped-korea3.png\",\"contentUrl\":\"https:\/\/idakorea.ee\/wp-content\/uploads\/2024\/05\/cropped-korea3.png\",\"width\":688,\"height\":126,\"caption\":\"IDA.KOREA\"},\"image\":{\"@id\":\"https:\/\/idakorea.ee\/#\/schema\/logo\/image\/\"},\"sameAs\":[\"https:\/\/www.instagram.com\/ida.korea\/\"]}]}<\/script>\n<!-- \/ Yoast SEO plugin. -->","yoast_head_json":{"title":"Centellian24 Madeca Derma Mask III Intensive Formula IDA.KOREA","description":"Ravitseva ja intensiivisesti tehokas kangasnaamio poistaa kuivuutta, hilseily\u00e4 ja pehment\u00e4\u00e4 karheaa ihoa. Huippuluokan korealainen tuotemerkki!","robots":{"index":"index","follow":"follow","max-snippet":"max-snippet:-1","max-image-preview":"max-image-preview:large","max-video-preview":"max-video-preview:-1"},"canonical":"https:\/\/idakorea.ee\/fi\/product\/centellian24-madeca-derma-mask-iii-intensive-formula\/","og_locale":"fi_FI","og_type":"article","og_title":"Centellian24 Madeca Derma Mask III Intensive Formula IDA.KOREA","og_description":"Toitev ja intensiivselt m\u00f5juv kangasmask k\u00f5rvaldab kuivuse, ketenduse ja pehmendab karedaid nahapiirkondi. Korea Top br\u00e4nd!","og_url":"https:\/\/idakorea.ee\/fi\/product\/centellian24-madeca-derma-mask-iii-intensive-formula\/","og_site_name":"IDA.KOREA","article_modified_time":"2026-04-09T19:03:39+00:00","og_image":[{"width":1000,"height":1000,"url":"https:\/\/idakorea.ee\/wp-content\/uploads\/2025\/12\/Centellian24-Madeca-Derma-Mask-III-Intensive-idakorea.jpg","type":"image\/jpeg"}],"twitter_card":"summary_large_image","twitter_misc":{"Arvioitu lukuaika":"2 minuuttia"},"schema":{"@context":"https:\/\/schema.org","@graph":[{"@type":"WebPage","@id":"https:\/\/idakorea.ee\/product\/centellian24-madeca-derma-mask-iii-intensive-formula\/","url":"https:\/\/idakorea.ee\/product\/centellian24-madeca-derma-mask-iii-intensive-formula\/","name":"Centellian24 Madeca Derma Mask III Intensive Formula IDA.KOREA","isPartOf":{"@id":"https:\/\/idakorea.ee\/#website"},"primaryImageOfPage":{"@id":"https:\/\/idakorea.ee\/product\/centellian24-madeca-derma-mask-iii-intensive-formula\/#primaryimage"},"image":{"@id":"https:\/\/idakorea.ee\/product\/centellian24-madeca-derma-mask-iii-intensive-formula\/#primaryimage"},"thumbnailUrl":"https:\/\/idakorea.ee\/wp-content\/uploads\/2025\/12\/Centellian24-Madeca-Derma-Mask-III-Intensive-idakorea.jpg","datePublished":"2025-12-07T14:41:32+00:00","dateModified":"2026-04-09T19:03:39+00:00","description":"Ravitseva ja intensiivisesti tehokas kangasnaamio poistaa kuivuutta, hilseily\u00e4 ja pehment\u00e4\u00e4 karheaa ihoa. Huippuluokan korealainen tuotemerkki!","breadcrumb":{"@id":"https:\/\/idakorea.ee\/product\/centellian24-madeca-derma-mask-iii-intensive-formula\/#breadcrumb"},"inLanguage":"fi","potentialAction":[{"@type":"ReadAction","target":["https:\/\/idakorea.ee\/product\/centellian24-madeca-derma-mask-iii-intensive-formula\/"]}]},{"@type":"ImageObject","inLanguage":"fi","@id":"https:\/\/idakorea.ee\/product\/centellian24-madeca-derma-mask-iii-intensive-formula\/#primaryimage","url":"https:\/\/idakorea.ee\/wp-content\/uploads\/2025\/12\/Centellian24-Madeca-Derma-Mask-III-Intensive-idakorea.jpg","contentUrl":"https:\/\/idakorea.ee\/wp-content\/uploads\/2025\/12\/Centellian24-Madeca-Derma-Mask-III-Intensive-idakorea.jpg","width":1000,"height":1000},{"@type":"BreadcrumbList","@id":"https:\/\/idakorea.ee\/product\/centellian24-madeca-derma-mask-iii-intensive-formula\/#breadcrumb","itemListElement":[{"@type":"ListItem","position":1,"name":"\u0413\u043b\u0430\u0432\u043d\u0430\u044f \u0441\u0442\u0440\u0430\u043d\u0438\u0446\u0430","item":"https:\/\/idakorea.ee\/"},{"@type":"ListItem","position":2,"name":"Shop","item":"https:\/\/idakorea.ee\/shop-2\/"},{"@type":"ListItem","position":3,"name":"Toitev kangasmask Centellian24 Madeca Derma Mask III Intensive Formula"}]},{"@type":"WebSite","@id":"https:\/\/idakorea.ee\/#website","url":"https:\/\/idakorea.ee\/","name":"IDA.KOREA","description":"Korean kosmetiikan verkkokauppa","publisher":{"@id":"https:\/\/idakorea.ee\/#organization"},"alternateName":"Beauty Shop","potentialAction":[{"@type":"SearchAction","target":{"@type":"EntryPoint","urlTemplate":"https:\/\/idakorea.ee\/?s={search_term_string}"},"query-input":{"@type":"PropertyValueSpecification","valueRequired":true,"valueName":"search_term_string"}}],"inLanguage":"fi"},{"@type":"Organization","@id":"https:\/\/idakorea.ee\/#organization","name":"IDA.KOREA","url":"https:\/\/idakorea.ee\/","logo":{"@type":"ImageObject","inLanguage":"fi","@id":"https:\/\/idakorea.ee\/#\/schema\/logo\/image\/","url":"https:\/\/idakorea.ee\/wp-content\/uploads\/2024\/05\/cropped-korea3.png","contentUrl":"https:\/\/idakorea.ee\/wp-content\/uploads\/2024\/05\/cropped-korea3.png","width":688,"height":126,"caption":"IDA.KOREA"},"image":{"@id":"https:\/\/idakorea.ee\/#\/schema\/logo\/image\/"},"sameAs":["https:\/\/www.instagram.com\/ida.korea\/"]}]}},"jetpack_sharing_enabled":true,"brands":[{"id":1033,"name":"CENTELLIAN24","slug":"centellian24"}],"_links":{"self":[{"href":"https:\/\/idakorea.ee\/fi\/wp-json\/wp\/v2\/product\/16761","targetHints":{"allow":["GET"]}}],"collection":[{"href":"https:\/\/idakorea.ee\/fi\/wp-json\/wp\/v2\/product"}],"about":[{"href":"https:\/\/idakorea.ee\/fi\/wp-json\/wp\/v2\/types\/product"}],"replies":[{"embeddable":true,"href":"https:\/\/idakorea.ee\/fi\/wp-json\/wp\/v2\/comments?post=16761"}],"version-history":[{"count":1,"href":"https:\/\/idakorea.ee\/fi\/wp-json\/wp\/v2\/product\/16761\/revisions"}],"predecessor-version":[{"id":16764,"href":"https:\/\/idakorea.ee\/fi\/wp-json\/wp\/v2\/product\/16761\/revisions\/16764"}],"wp:featuredmedia":[{"embeddable":true,"href":"https:\/\/idakorea.ee\/fi\/wp-json\/wp\/v2\/media\/16763"}],"wp:attachment":[{"href":"https:\/\/idakorea.ee\/fi\/wp-json\/wp\/v2\/media?parent=16761"}],"wp:term":[{"taxonomy":"pwb-brand","embeddable":true,"href":"https:\/\/idakorea.ee\/fi\/wp-json\/wp\/v2\/pwb-brand?post=16761"},{"taxonomy":"product_brand","embeddable":true,"href":"https:\/\/idakorea.ee\/fi\/wp-json\/wp\/v2\/product_brand?post=16761"},{"taxonomy":"product_cat","embeddable":true,"href":"https:\/\/idakorea.ee\/fi\/wp-json\/wp\/v2\/product_cat?post=16761"},{"taxonomy":"product_tag","embeddable":true,"href":"https:\/\/idakorea.ee\/fi\/wp-json\/wp\/v2\/product_tag?post=16761"}],"curies":[{"name":"wp","href":"https:\/\/api.w.org\/{rel}","templated":true}]}}