{"id":16765,"date":"2025-12-07T16:53:26","date_gmt":"2025-12-07T14:53:26","guid":{"rendered":"https:\/\/idakorea.ee\/?post_type=product&#038;p=16765"},"modified":"2026-03-06T13:55:47","modified_gmt":"2026-03-06T11:55:47","slug":"jmsolution-snow-lotus-glacier-water-alaska-mask-snow","status":"publish","type":"product","link":"https:\/\/idakorea.ee\/fi\/product\/jmsolution-snow-lotus-glacier-water-alaska-mask-snow\/","title":{"rendered":"Kuoriva kangasnaamio JMsolution Snow Lotus Glacier Water Alaska Mask Snow"},"content":{"rendered":"<p data-start=\"44\" data-end=\"307\"><strong data-start=\"44\" data-end=\"100\">JMsolution Lumi Lotus J\u00e4\u00e4tikk\u00f6 Vesi Alaska Mask Lumi<\/strong> on kuoriva kangasnaamio, joka sis\u00e4lt\u00e4\u00e4 lumililjauutetta ja Alaskan j\u00e4\u00e4tikk\u00f6vett\u00e4. Naamio poistaa hell\u00e4varaisesti kuolleita ihosoluja, tasoittaa ihon s\u00e4vy\u00e4 ja rakennetta sek\u00e4 kosteuttaa ja ravitsee ihoa tehokkaasti.<\/p>\n<p data-start=\"309\" data-end=\"462\">Naamio sis\u00e4lt\u00e4\u00e4 <strong data-start=\"323\" data-end=\"342\">laktobionihappo<\/strong>, jolla on liev\u00e4 kuoriva vaikutus, kiihdytt\u00e4\u00e4 epidermiksen uusiutumista ja samalla varmistaa syv\u00e4n ja pitk\u00e4kestoisen kosteutuksen.<\/p>\n<p data-start=\"464\" data-end=\"692\"><strong data-start=\"464\" data-end=\"488\">Lumikellouute<\/strong> vahvistaa ihon luonnollista vastustuskyky\u00e4, tasapainottaa aineenvaihduntaprosesseja ja parantaa solujen aineenvaihduntaa epidermiksess\u00e4. Lis\u00e4ksi se tasoittaa ihon s\u00e4vy\u00e4 ja rakennetta antaen iholle pehme\u00e4n ja s\u00e4teilev\u00e4n ulkon\u00e4\u00f6n.<\/p>\n<p data-start=\"694\" data-end=\"960\"><strong data-start=\"694\" data-end=\"709\">K\u00e4ytt\u00f6:<\/strong><br data-start=\"709\" data-end=\"712\" \/>Aseta naamio puhdistetulle ja kasvovedelle iholle, hiero tiiviisti kasvojen muotoihin ja anna vaikuttaa 15\u201320 minuuttia. Poista sitten naamio ja levit\u00e4 j\u00e4ljell\u00e4 oleva voide hierovin liikkein, kunnes se on t\u00e4ysin imeytynyt.<\/p>","protected":false},"excerpt":{"rendered":"<p>JMsolution Snow Lotus Glacier Water Alaska Mask Snow on kuoriva kangasnaamio, joka sis\u00e4lt\u00e4\u00e4 lumilootusuutetta ja Alaskan j\u00e4\u00e4tikk\u00f6vett\u00e4. Naamio poistaa hell\u00e4varaisesti kuolleita ihosoluja, tasoittaa ihon s\u00e4vy\u00e4 ja rakennetta sek\u00e4 kosteuttaa ja ravitsee tehokkaasti. Naamio sis\u00e4lt\u00e4\u00e4 laktobionihappoa, jolla on liev\u00e4sti kuoriva vaikutus, joka nopeuttaa epidermiksen uusiutumista ja samalla tarjoaa syv\u00e4\u00e4 ja pitk\u00e4kestoista kosteutusta. Lumilootusuute\u2026<\/p>","protected":false},"featured_media":16766,"comment_status":"open","ping_status":"closed","template":"","meta":{"_uf_show_specific_survey":0,"_uf_disable_surveys":false,"_bst_post_transparent":"default","_bst_post_title":"","_bst_post_layout":"default","_bst_post_sidebar_id":"","_bst_post_content_style":"default","_bst_post_vertical_padding":"default","_bst_post_feature":"","_bst_post_feature_position":"","_bst_post_header":false,"_bst_post_footer":false},"pwb-brand":[487],"product_brand":[],"product_cat":[92,98],"product_tag":[568,614],"class_list":{"0":"post-16765","1":"product","2":"type-product","3":"status-publish","4":"has-post-thumbnail","6":"pwb-brand-jm-solution","7":"product_cat-nagu","8":"product_cat-naomaskid","9":"product_tag-korea","10":"product_tag-mask","12":"first","13":"instock","14":"sale","15":"shipping-taxable","16":"purchasable","17":"product-type-simple","18":"entry","19":"content-bg","20":"loop-entry"},"supplier_id":null,"supplier_sku":"","barcode":null,"atum_controlled":true,"out_stock_date":null,"out_stock_threshold":null,"inheritable":false,"inbound_stock":0,"stock_on_hold":0,"sold_today":0,"sales_last_days":0,"out_stock_days":0,"lost_sales":0,"has_location":false,"update_date":"2026-04-14T00:05:05","atum_locations":[],"atum_stock_status":"instock","restock_status":false,"low_stock_amount":"","sales_update_date":"2026-04-14T00:05:05","calc_backorders":null,"yoast_head":"<!-- This site is optimized with the Yoast SEO plugin v27.2 - https:\/\/yoast.com\/product\/yoast-seo-wordpress\/ -->\n<title>JMsolution Snow Lotus Glacier Water Alaska Mask Snow - IDA.KOREA<\/title>\n<meta name=\"description\" content=\"Mask eemaldab \u00f5rnalt surnud naharakud, \u00fchtlustab nahatooni ja tekstuuri ning pakub intensiivset niisutust ja toidet. - Kiire tarne!\" \/>\n<meta name=\"robots\" content=\"index, follow, max-snippet:-1, max-image-preview:large, max-video-preview:-1\" \/>\n<link rel=\"canonical\" href=\"https:\/\/idakorea.ee\/fi\/product\/jmsolution-snow-lotus-glacier-water-alaska-mask-snow\/\" \/>\n<meta property=\"og:locale\" content=\"fi_FI\" \/>\n<meta property=\"og:type\" content=\"article\" \/>\n<meta property=\"og:title\" content=\"JMsolution Snow Lotus Glacier Water Alaska Mask Snow - IDA.KOREA\" \/>\n<meta property=\"og:description\" content=\"Mask eemaldab \u00f5rnalt surnud naharakud, \u00fchtlustab nahatooni ja tekstuuri ning pakub intensiivset niisutust ja toidet. - Kiire tarne!\" \/>\n<meta property=\"og:url\" content=\"https:\/\/idakorea.ee\/fi\/product\/jmsolution-snow-lotus-glacier-water-alaska-mask-snow\/\" \/>\n<meta property=\"og:site_name\" content=\"IDA.KOREA\" \/>\n<meta property=\"article:modified_time\" content=\"2026-03-06T11:55:47+00:00\" \/>\n<meta property=\"og:image\" content=\"https:\/\/idakorea.ee\/wp-content\/uploads\/2025\/12\/Jmsolution-Snow-Lotus-Glacier-Water-Alaska-Mask-Snow-idakorea.jpg\" \/>\n\t<meta property=\"og:image:width\" content=\"440\" \/>\n\t<meta property=\"og:image:height\" content=\"440\" \/>\n\t<meta property=\"og:image:type\" content=\"image\/jpeg\" \/>\n<meta name=\"twitter:card\" content=\"summary_large_image\" \/>\n<meta name=\"twitter:label1\" content=\"Arvioitu lukuaika\" \/>\n\t<meta name=\"twitter:data1\" content=\"1 minuutti\" \/>\n<script type=\"application\/ld+json\" class=\"yoast-schema-graph\">{\"@context\":\"https:\/\/schema.org\",\"@graph\":[{\"@type\":\"WebPage\",\"@id\":\"https:\/\/idakorea.ee\/product\/jmsolution-snow-lotus-glacier-water-alaska-mask-snow\/\",\"url\":\"https:\/\/idakorea.ee\/product\/jmsolution-snow-lotus-glacier-water-alaska-mask-snow\/\",\"name\":\"JMsolution Snow Lotus Glacier Water Alaska Mask Snow - IDA.KOREA\",\"isPartOf\":{\"@id\":\"https:\/\/idakorea.ee\/#website\"},\"primaryImageOfPage\":{\"@id\":\"https:\/\/idakorea.ee\/product\/jmsolution-snow-lotus-glacier-water-alaska-mask-snow\/#primaryimage\"},\"image\":{\"@id\":\"https:\/\/idakorea.ee\/product\/jmsolution-snow-lotus-glacier-water-alaska-mask-snow\/#primaryimage\"},\"thumbnailUrl\":\"https:\/\/idakorea.ee\/wp-content\/uploads\/2025\/12\/Jmsolution-Snow-Lotus-Glacier-Water-Alaska-Mask-Snow-idakorea.jpg\",\"datePublished\":\"2025-12-07T14:53:26+00:00\",\"dateModified\":\"2026-03-06T11:55:47+00:00\",\"description\":\"Mask eemaldab \u00f5rnalt surnud naharakud, \u00fchtlustab nahatooni ja tekstuuri ning pakub intensiivset niisutust ja toidet. - Kiire tarne!\",\"breadcrumb\":{\"@id\":\"https:\/\/idakorea.ee\/product\/jmsolution-snow-lotus-glacier-water-alaska-mask-snow\/#breadcrumb\"},\"inLanguage\":\"fi\",\"potentialAction\":[{\"@type\":\"ReadAction\",\"target\":[\"https:\/\/idakorea.ee\/product\/jmsolution-snow-lotus-glacier-water-alaska-mask-snow\/\"]}]},{\"@type\":\"ImageObject\",\"inLanguage\":\"fi\",\"@id\":\"https:\/\/idakorea.ee\/product\/jmsolution-snow-lotus-glacier-water-alaska-mask-snow\/#primaryimage\",\"url\":\"https:\/\/idakorea.ee\/wp-content\/uploads\/2025\/12\/Jmsolution-Snow-Lotus-Glacier-Water-Alaska-Mask-Snow-idakorea.jpg\",\"contentUrl\":\"https:\/\/idakorea.ee\/wp-content\/uploads\/2025\/12\/Jmsolution-Snow-Lotus-Glacier-Water-Alaska-Mask-Snow-idakorea.jpg\",\"width\":440,\"height\":440},{\"@type\":\"BreadcrumbList\",\"@id\":\"https:\/\/idakorea.ee\/product\/jmsolution-snow-lotus-glacier-water-alaska-mask-snow\/#breadcrumb\",\"itemListElement\":[{\"@type\":\"ListItem\",\"position\":1,\"name\":\"\u0413\u043b\u0430\u0432\u043d\u0430\u044f \u0441\u0442\u0440\u0430\u043d\u0438\u0446\u0430\",\"item\":\"https:\/\/idakorea.ee\/\"},{\"@type\":\"ListItem\",\"position\":2,\"name\":\"Shop\",\"item\":\"https:\/\/idakorea.ee\/shop-2\/\"},{\"@type\":\"ListItem\",\"position\":3,\"name\":\"Kooriv kangamask JMsolution Snow Lotus Glacier Water Alaska Mask Snow\"}]},{\"@type\":\"WebSite\",\"@id\":\"https:\/\/idakorea.ee\/#website\",\"url\":\"https:\/\/idakorea.ee\/\",\"name\":\"IDA.KOREA\",\"description\":\"Korea kosmeetika e-pood\",\"publisher\":{\"@id\":\"https:\/\/idakorea.ee\/#organization\"},\"alternateName\":\"Beauty Shop\",\"potentialAction\":[{\"@type\":\"SearchAction\",\"target\":{\"@type\":\"EntryPoint\",\"urlTemplate\":\"https:\/\/idakorea.ee\/?s={search_term_string}\"},\"query-input\":{\"@type\":\"PropertyValueSpecification\",\"valueRequired\":true,\"valueName\":\"search_term_string\"}}],\"inLanguage\":\"fi\"},{\"@type\":\"Organization\",\"@id\":\"https:\/\/idakorea.ee\/#organization\",\"name\":\"IDA.KOREA\",\"url\":\"https:\/\/idakorea.ee\/\",\"logo\":{\"@type\":\"ImageObject\",\"inLanguage\":\"fi\",\"@id\":\"https:\/\/idakorea.ee\/#\/schema\/logo\/image\/\",\"url\":\"https:\/\/idakorea.ee\/wp-content\/uploads\/2024\/05\/cropped-korea3.png\",\"contentUrl\":\"https:\/\/idakorea.ee\/wp-content\/uploads\/2024\/05\/cropped-korea3.png\",\"width\":688,\"height\":126,\"caption\":\"IDA.KOREA\"},\"image\":{\"@id\":\"https:\/\/idakorea.ee\/#\/schema\/logo\/image\/\"},\"sameAs\":[\"https:\/\/www.instagram.com\/ida.korea\/\"]}]}<\/script>\n<!-- \/ Yoast SEO plugin. -->","yoast_head_json":{"title":"JMsolution Snow Lotus Glacier Water Alaska Mask Snow - EAST.KOREA","description":"Naamio poistaa hell\u00e4varaisesti kuolleita ihosoluja, tasoittaa ihon s\u00e4vy\u00e4 ja rakennetta sek\u00e4 kosteuttaa ja ravitsee tehokkaasti. - Nopea toimitus!","robots":{"index":"index","follow":"follow","max-snippet":"max-snippet:-1","max-image-preview":"max-image-preview:large","max-video-preview":"max-video-preview:-1"},"canonical":"https:\/\/idakorea.ee\/fi\/product\/jmsolution-snow-lotus-glacier-water-alaska-mask-snow\/","og_locale":"fi_FI","og_type":"article","og_title":"JMsolution Snow Lotus Glacier Water Alaska Mask Snow - IDA.KOREA","og_description":"Mask eemaldab \u00f5rnalt surnud naharakud, \u00fchtlustab nahatooni ja tekstuuri ning pakub intensiivset niisutust ja toidet. - Kiire tarne!","og_url":"https:\/\/idakorea.ee\/fi\/product\/jmsolution-snow-lotus-glacier-water-alaska-mask-snow\/","og_site_name":"IDA.KOREA","article_modified_time":"2026-03-06T11:55:47+00:00","og_image":[{"width":440,"height":440,"url":"https:\/\/idakorea.ee\/wp-content\/uploads\/2025\/12\/Jmsolution-Snow-Lotus-Glacier-Water-Alaska-Mask-Snow-idakorea.jpg","type":"image\/jpeg"}],"twitter_card":"summary_large_image","twitter_misc":{"Arvioitu lukuaika":"1 minuutti"},"schema":{"@context":"https:\/\/schema.org","@graph":[{"@type":"WebPage","@id":"https:\/\/idakorea.ee\/product\/jmsolution-snow-lotus-glacier-water-alaska-mask-snow\/","url":"https:\/\/idakorea.ee\/product\/jmsolution-snow-lotus-glacier-water-alaska-mask-snow\/","name":"JMsolution Snow Lotus Glacier Water Alaska Mask Snow - EAST.KOREA","isPartOf":{"@id":"https:\/\/idakorea.ee\/#website"},"primaryImageOfPage":{"@id":"https:\/\/idakorea.ee\/product\/jmsolution-snow-lotus-glacier-water-alaska-mask-snow\/#primaryimage"},"image":{"@id":"https:\/\/idakorea.ee\/product\/jmsolution-snow-lotus-glacier-water-alaska-mask-snow\/#primaryimage"},"thumbnailUrl":"https:\/\/idakorea.ee\/wp-content\/uploads\/2025\/12\/Jmsolution-Snow-Lotus-Glacier-Water-Alaska-Mask-Snow-idakorea.jpg","datePublished":"2025-12-07T14:53:26+00:00","dateModified":"2026-03-06T11:55:47+00:00","description":"Naamio poistaa hell\u00e4varaisesti kuolleita ihosoluja, tasoittaa ihon s\u00e4vy\u00e4 ja rakennetta sek\u00e4 kosteuttaa ja ravitsee tehokkaasti. - Nopea toimitus!","breadcrumb":{"@id":"https:\/\/idakorea.ee\/product\/jmsolution-snow-lotus-glacier-water-alaska-mask-snow\/#breadcrumb"},"inLanguage":"fi","potentialAction":[{"@type":"ReadAction","target":["https:\/\/idakorea.ee\/product\/jmsolution-snow-lotus-glacier-water-alaska-mask-snow\/"]}]},{"@type":"ImageObject","inLanguage":"fi","@id":"https:\/\/idakorea.ee\/product\/jmsolution-snow-lotus-glacier-water-alaska-mask-snow\/#primaryimage","url":"https:\/\/idakorea.ee\/wp-content\/uploads\/2025\/12\/Jmsolution-Snow-Lotus-Glacier-Water-Alaska-Mask-Snow-idakorea.jpg","contentUrl":"https:\/\/idakorea.ee\/wp-content\/uploads\/2025\/12\/Jmsolution-Snow-Lotus-Glacier-Water-Alaska-Mask-Snow-idakorea.jpg","width":440,"height":440},{"@type":"BreadcrumbList","@id":"https:\/\/idakorea.ee\/product\/jmsolution-snow-lotus-glacier-water-alaska-mask-snow\/#breadcrumb","itemListElement":[{"@type":"ListItem","position":1,"name":"\u0413\u043b\u0430\u0432\u043d\u0430\u044f \u0441\u0442\u0440\u0430\u043d\u0438\u0446\u0430","item":"https:\/\/idakorea.ee\/"},{"@type":"ListItem","position":2,"name":"Shop","item":"https:\/\/idakorea.ee\/shop-2\/"},{"@type":"ListItem","position":3,"name":"Kooriv kangamask JMsolution Snow Lotus Glacier Water Alaska Mask Snow"}]},{"@type":"WebSite","@id":"https:\/\/idakorea.ee\/#website","url":"https:\/\/idakorea.ee\/","name":"IDA.KOREA","description":"Korean kosmetiikan verkkokauppa","publisher":{"@id":"https:\/\/idakorea.ee\/#organization"},"alternateName":"Beauty Shop","potentialAction":[{"@type":"SearchAction","target":{"@type":"EntryPoint","urlTemplate":"https:\/\/idakorea.ee\/?s={search_term_string}"},"query-input":{"@type":"PropertyValueSpecification","valueRequired":true,"valueName":"search_term_string"}}],"inLanguage":"fi"},{"@type":"Organization","@id":"https:\/\/idakorea.ee\/#organization","name":"IDA.KOREA","url":"https:\/\/idakorea.ee\/","logo":{"@type":"ImageObject","inLanguage":"fi","@id":"https:\/\/idakorea.ee\/#\/schema\/logo\/image\/","url":"https:\/\/idakorea.ee\/wp-content\/uploads\/2024\/05\/cropped-korea3.png","contentUrl":"https:\/\/idakorea.ee\/wp-content\/uploads\/2024\/05\/cropped-korea3.png","width":688,"height":126,"caption":"IDA.KOREA"},"image":{"@id":"https:\/\/idakorea.ee\/#\/schema\/logo\/image\/"},"sameAs":["https:\/\/www.instagram.com\/ida.korea\/"]}]}},"jetpack_sharing_enabled":true,"brands":[{"id":487,"name":"JM SOLUTION","slug":"jm-solution"}],"_links":{"self":[{"href":"https:\/\/idakorea.ee\/fi\/wp-json\/wp\/v2\/product\/16765","targetHints":{"allow":["GET"]}}],"collection":[{"href":"https:\/\/idakorea.ee\/fi\/wp-json\/wp\/v2\/product"}],"about":[{"href":"https:\/\/idakorea.ee\/fi\/wp-json\/wp\/v2\/types\/product"}],"replies":[{"embeddable":true,"href":"https:\/\/idakorea.ee\/fi\/wp-json\/wp\/v2\/comments?post=16765"}],"version-history":[{"count":2,"href":"https:\/\/idakorea.ee\/fi\/wp-json\/wp\/v2\/product\/16765\/revisions"}],"predecessor-version":[{"id":17946,"href":"https:\/\/idakorea.ee\/fi\/wp-json\/wp\/v2\/product\/16765\/revisions\/17946"}],"wp:featuredmedia":[{"embeddable":true,"href":"https:\/\/idakorea.ee\/fi\/wp-json\/wp\/v2\/media\/16766"}],"wp:attachment":[{"href":"https:\/\/idakorea.ee\/fi\/wp-json\/wp\/v2\/media?parent=16765"}],"wp:term":[{"taxonomy":"pwb-brand","embeddable":true,"href":"https:\/\/idakorea.ee\/fi\/wp-json\/wp\/v2\/pwb-brand?post=16765"},{"taxonomy":"product_brand","embeddable":true,"href":"https:\/\/idakorea.ee\/fi\/wp-json\/wp\/v2\/product_brand?post=16765"},{"taxonomy":"product_cat","embeddable":true,"href":"https:\/\/idakorea.ee\/fi\/wp-json\/wp\/v2\/product_cat?post=16765"},{"taxonomy":"product_tag","embeddable":true,"href":"https:\/\/idakorea.ee\/fi\/wp-json\/wp\/v2\/product_tag?post=16765"}],"curies":[{"name":"wp","href":"https:\/\/api.w.org\/{rel}","templated":true}]}}