{"id":16773,"date":"2025-12-07T17:17:47","date_gmt":"2025-12-07T15:17:47","guid":{"rendered":"https:\/\/idakorea.ee\/?post_type=product&#038;p=16773"},"modified":"2026-03-27T14:25:39","modified_gmt":"2026-03-27T12:25:39","slug":"centellian24-madeca-lab-mask-mela-brightening","status":"publish","type":"product","link":"https:\/\/idakorea.ee\/fi\/product\/centellian24-madeca-lab-mask-mela-brightening\/","title":{"rendered":"Centellian24 Madeca Lab Mela kirkastava naamio"},"content":{"rendered":"<p data-start=\"91\" data-end=\"345\"><strong data-start=\"91\" data-end=\"179\">Centellian24 Madeca Lab Mela kirkastava naamio<\/strong><br data-start=\"179\" data-end=\"182\" \/>Kosteuttaa ja palauttaa ihoa syv\u00e4lt\u00e4, rauhoittaa \u00e4rtynytt\u00e4 ihoa. Naamio kirkastaa ihoa, torjuu sameutta ja antaa iholle terveen hehkun.<\/p>\n<p data-start=\"347\" data-end=\"494\">Vegaaninen kangas ei \u00e4rsyt\u00e4 ihoa, ja &quot;Hole Type&quot; -teknologia parantaa ihon hengitt\u00e4vyytt\u00e4, auttaa jakamaan tuoksun tasaisesti ja suojaa kosteuden haihtumiselta.<\/p>\n<p data-start=\"496\" data-end=\"1500\"><strong data-start=\"496\" data-end=\"520\">T\u00e4rkeimm\u00e4t vaikuttavat aineet:<\/strong><br data-start=\"520\" data-end=\"523\" \/><strong data-start=\"523\" data-end=\"616\">Patentoitu TECA\u2122-kompleksi (asiatikosidi, madekassiinihappo, aasialainen happo, madekassosidi)<\/strong> \u2013 sis\u00e4lt\u00e4\u00e4 nelj\u00e4\u00e4 Centella asiatica -johdannaista, korjaa vaurioitunutta ihoa, vahvistaa ja ravitsee. Lievitt\u00e4\u00e4 tulehdusta, v\u00e4hent\u00e4\u00e4 punoitusta ja \u00e4rsytyst\u00e4.<br data-start=\"763\" data-end=\"766\" \/><strong data-start=\"766\" data-end=\"806\">C-vitamiini (3-O-etyyliaskorbiinihappo)<\/strong> \u2013 on antioksidanttinen, suojaa soluja vapailta radikaaleilta, hidastaa ik\u00e4\u00e4ntymisprosesseja, auttaa ehk\u00e4isem\u00e4\u00e4n pigmenttimuutoksia ja tasoittaa ihonv\u00e4ri\u00e4.<br data-start=\"962\" data-end=\"965\" \/><strong data-start=\"965\" data-end=\"983\">Traneksaamihappo<\/strong> \u2013 tehokas kirkastava aktiivinen ainesosa, joka est\u00e4\u00e4 tyrosinaasin \u2013 melaniinin tuotantoa k\u00e4ynnist\u00e4v\u00e4n entsyymin \u2013 toimintaa. Ei tee ihosta valoherkk\u00e4\u00e4 ja sopii k\u00e4ytett\u00e4v\u00e4ksi p\u00e4iv\u00e4voiteessa.<br data-start=\"1174\" data-end=\"1177\" \/><strong data-start=\"1177\" data-end=\"1209\">Niasiiniamidi (B3-vitamiini)<\/strong> \u2013 s\u00e4\u00e4telee talin erityst\u00e4, v\u00e4hent\u00e4\u00e4 kiiltoa, kirkastaa ja auttaa ehk\u00e4isem\u00e4\u00e4n pigmenttimuutoksia, stimuloi kollageenin tuotantoa sek\u00e4 parantaa ihon kimmoisuutta ja vahvuutta.<br data-start=\"1375\" data-end=\"1378\" \/><strong data-start=\"1378\" data-end=\"1392\">Bisabololi<\/strong> \u2013 kamomillasta per\u00e4isin oleva rauhoittava vaikuttava aine, joka v\u00e4hent\u00e4\u00e4 punoitusta ja \u00e4rsytyst\u00e4 sek\u00e4 nopeuttaa kudosten uudistumista.<\/p>\n<p data-start=\"1502\" data-end=\"1532\">Sopii kaikille ihotyypeille.<\/p>\n<p data-start=\"1534\" data-end=\"1745\"><strong data-start=\"1534\" data-end=\"1549\">K\u00e4ytt\u00f6:<\/strong> Puhdistuksen ja kasvoveden j\u00e4lkeen avaa naamio ja aseta se kasvoillesi. Poista 20 minuutin kuluttua ja painele j\u00e4ljell\u00e4 oleva essenssi hell\u00e4varaisesti ihoon. Halutessasi viimeistele voideella.<\/p>","protected":false},"excerpt":{"rendered":"<p>Kangasnaamio tasaiselle ihons\u00e4vylle Centellian24 Madeca Lab Mask Mela BrighteningTakaa syv\u00e4kosteutuksen ja palautumisen, rauhoittaa \u00e4rtynytt\u00e4 ihoa. Naamio kirkastaa ihoa, torjuu sameutta ja antaa iholle terveen hehkun. Vegaaninen kangas ei \u00e4rsyt\u00e4 ihoa, ja &quot;Hole Type&quot; -teknologia parantaa ihon hengitt\u00e4vyytt\u00e4, auttaa levitt\u00e4m\u00e4\u00e4n essenssin tasaisesti ja suojaa kosteuden haihtumiselta. T\u00e4rkeimm\u00e4t vaikuttavat aineosat: Patentoitu TECA\u2122-kompleksi (asiatikosidi, madekassiinihappo,\u2026<\/p>","protected":false},"featured_media":16775,"comment_status":"open","ping_status":"closed","template":"","meta":{"_uf_show_specific_survey":0,"_uf_disable_surveys":false,"_bst_post_transparent":"default","_bst_post_title":"","_bst_post_layout":"default","_bst_post_sidebar_id":"","_bst_post_content_style":"default","_bst_post_vertical_padding":"default","_bst_post_feature":"","_bst_post_feature_position":"","_bst_post_header":false,"_bst_post_footer":false},"pwb-brand":[1033],"product_brand":[],"product_cat":[92,98],"product_tag":[568,614,230],"class_list":{"0":"post-16773","1":"product","2":"type-product","3":"status-publish","4":"has-post-thumbnail","6":"pwb-brand-centellian24","7":"product_cat-nagu","8":"product_cat-naomaskid","9":"product_tag-korea","10":"product_tag-mask","11":"product_tag-pigment","13":"first","14":"instock","15":"shipping-taxable","16":"purchasable","17":"product-type-simple","18":"entry","19":"content-bg","20":"loop-entry"},"supplier_id":null,"supplier_sku":"","barcode":null,"atum_controlled":true,"out_stock_date":null,"out_stock_threshold":null,"inheritable":false,"inbound_stock":0,"stock_on_hold":0,"sold_today":0,"sales_last_days":1,"out_stock_days":0,"lost_sales":0,"has_location":false,"update_date":"2026-04-24T00:09:10","atum_locations":[],"atum_stock_status":"instock","restock_status":false,"low_stock_amount":"","sales_update_date":"2026-04-24T00:09:10","calc_backorders":null,"yoast_head":"<!-- This site is optimized with the Yoast SEO plugin v27.2 - https:\/\/yoast.com\/product\/yoast-seo-wordpress\/ -->\n<title>Centellian24 Madeca Lab Mask Mela Brightening - IDA.KOREA<\/title>\n<meta name=\"description\" content=\"Tagab s\u00fcgava niisutuse ja taastamise, rahustab \u00e4rritunud nahka. Mask muudab jumet heledamaks, v\u00f5itleb tuhmusega ja annab nahale terve s\u00e4ra.\" \/>\n<meta name=\"robots\" content=\"index, follow, max-snippet:-1, max-image-preview:large, max-video-preview:-1\" \/>\n<link rel=\"canonical\" href=\"https:\/\/idakorea.ee\/fi\/product\/centellian24-madeca-lab-mask-mela-brightening\/\" \/>\n<meta property=\"og:locale\" content=\"fi_FI\" \/>\n<meta property=\"og:type\" content=\"article\" \/>\n<meta property=\"og:title\" content=\"Centellian24 Madeca Lab Mask Mela Brightening - IDA.KOREA\" \/>\n<meta property=\"og:description\" content=\"Tagab s\u00fcgava niisutuse ja taastamise, rahustab \u00e4rritunud nahka. Mask muudab jumet heledamaks, v\u00f5itleb tuhmusega ja annab nahale terve s\u00e4ra.\" \/>\n<meta property=\"og:url\" content=\"https:\/\/idakorea.ee\/fi\/product\/centellian24-madeca-lab-mask-mela-brightening\/\" \/>\n<meta property=\"og:site_name\" content=\"IDA.KOREA\" \/>\n<meta property=\"article:modified_time\" content=\"2026-03-27T12:25:39+00:00\" \/>\n<meta property=\"og:image\" content=\"https:\/\/idakorea.ee\/wp-content\/uploads\/2025\/12\/Centellian24-Madeca-Lab-Mask-Mela-Brightening-idakorea.jpg\" \/>\n\t<meta property=\"og:image:width\" content=\"1000\" \/>\n\t<meta property=\"og:image:height\" content=\"1000\" \/>\n\t<meta property=\"og:image:type\" content=\"image\/jpeg\" \/>\n<meta name=\"twitter:card\" content=\"summary_large_image\" \/>\n<meta name=\"twitter:label1\" content=\"Arvioitu lukuaika\" \/>\n\t<meta name=\"twitter:data1\" content=\"2 minuuttia\" \/>\n<script type=\"application\/ld+json\" class=\"yoast-schema-graph\">{\"@context\":\"https:\/\/schema.org\",\"@graph\":[{\"@type\":\"WebPage\",\"@id\":\"https:\/\/idakorea.ee\/product\/centellian24-madeca-lab-mask-mela-brightening\/\",\"url\":\"https:\/\/idakorea.ee\/product\/centellian24-madeca-lab-mask-mela-brightening\/\",\"name\":\"Centellian24 Madeca Lab Mask Mela Brightening - IDA.KOREA\",\"isPartOf\":{\"@id\":\"https:\/\/idakorea.ee\/#website\"},\"primaryImageOfPage\":{\"@id\":\"https:\/\/idakorea.ee\/product\/centellian24-madeca-lab-mask-mela-brightening\/#primaryimage\"},\"image\":{\"@id\":\"https:\/\/idakorea.ee\/product\/centellian24-madeca-lab-mask-mela-brightening\/#primaryimage\"},\"thumbnailUrl\":\"https:\/\/idakorea.ee\/wp-content\/uploads\/2025\/12\/Centellian24-Madeca-Lab-Mask-Mela-Brightening-idakorea.jpg\",\"datePublished\":\"2025-12-07T15:17:47+00:00\",\"dateModified\":\"2026-03-27T12:25:39+00:00\",\"description\":\"Tagab s\u00fcgava niisutuse ja taastamise, rahustab \u00e4rritunud nahka. Mask muudab jumet heledamaks, v\u00f5itleb tuhmusega ja annab nahale terve s\u00e4ra.\",\"breadcrumb\":{\"@id\":\"https:\/\/idakorea.ee\/product\/centellian24-madeca-lab-mask-mela-brightening\/#breadcrumb\"},\"inLanguage\":\"fi\",\"potentialAction\":[{\"@type\":\"ReadAction\",\"target\":[\"https:\/\/idakorea.ee\/product\/centellian24-madeca-lab-mask-mela-brightening\/\"]}]},{\"@type\":\"ImageObject\",\"inLanguage\":\"fi\",\"@id\":\"https:\/\/idakorea.ee\/product\/centellian24-madeca-lab-mask-mela-brightening\/#primaryimage\",\"url\":\"https:\/\/idakorea.ee\/wp-content\/uploads\/2025\/12\/Centellian24-Madeca-Lab-Mask-Mela-Brightening-idakorea.jpg\",\"contentUrl\":\"https:\/\/idakorea.ee\/wp-content\/uploads\/2025\/12\/Centellian24-Madeca-Lab-Mask-Mela-Brightening-idakorea.jpg\",\"width\":1000,\"height\":1000},{\"@type\":\"BreadcrumbList\",\"@id\":\"https:\/\/idakorea.ee\/product\/centellian24-madeca-lab-mask-mela-brightening\/#breadcrumb\",\"itemListElement\":[{\"@type\":\"ListItem\",\"position\":1,\"name\":\"\u0413\u043b\u0430\u0432\u043d\u0430\u044f \u0441\u0442\u0440\u0430\u043d\u0438\u0446\u0430\",\"item\":\"https:\/\/idakorea.ee\/\"},{\"@type\":\"ListItem\",\"position\":2,\"name\":\"Shop\",\"item\":\"https:\/\/idakorea.ee\/shop-2\/\"},{\"@type\":\"ListItem\",\"position\":3,\"name\":\"Kangasmask naha tooni \u00fchtlustamiseks Centellian24 Madeca Lab Mask Mela Brightening\"}]},{\"@type\":\"WebSite\",\"@id\":\"https:\/\/idakorea.ee\/#website\",\"url\":\"https:\/\/idakorea.ee\/\",\"name\":\"IDA.KOREA\",\"description\":\"Korea kosmeetika e-pood\",\"publisher\":{\"@id\":\"https:\/\/idakorea.ee\/#organization\"},\"alternateName\":\"Beauty Shop\",\"potentialAction\":[{\"@type\":\"SearchAction\",\"target\":{\"@type\":\"EntryPoint\",\"urlTemplate\":\"https:\/\/idakorea.ee\/?s={search_term_string}\"},\"query-input\":{\"@type\":\"PropertyValueSpecification\",\"valueRequired\":true,\"valueName\":\"search_term_string\"}}],\"inLanguage\":\"fi\"},{\"@type\":\"Organization\",\"@id\":\"https:\/\/idakorea.ee\/#organization\",\"name\":\"IDA.KOREA\",\"url\":\"https:\/\/idakorea.ee\/\",\"logo\":{\"@type\":\"ImageObject\",\"inLanguage\":\"fi\",\"@id\":\"https:\/\/idakorea.ee\/#\/schema\/logo\/image\/\",\"url\":\"https:\/\/idakorea.ee\/wp-content\/uploads\/2024\/05\/cropped-korea3.png\",\"contentUrl\":\"https:\/\/idakorea.ee\/wp-content\/uploads\/2024\/05\/cropped-korea3.png\",\"width\":688,\"height\":126,\"caption\":\"IDA.KOREA\"},\"image\":{\"@id\":\"https:\/\/idakorea.ee\/#\/schema\/logo\/image\/\"},\"sameAs\":[\"https:\/\/www.instagram.com\/ida.korea\/\"]}]}<\/script>\n<!-- \/ Yoast SEO plugin. -->","yoast_head_json":{"title":"Centellian24 Madeca Lab Mela kirkastava naamio - EAST.KOREA","description":"Kosteuttaa ja palauttaa ihoa syv\u00e4lt\u00e4, rauhoittaa \u00e4rtynytt\u00e4 ihoa. Naamio kirkastaa ihoa, torjuu sameutta ja antaa iholle terveen hehkun.","robots":{"index":"index","follow":"follow","max-snippet":"max-snippet:-1","max-image-preview":"max-image-preview:large","max-video-preview":"max-video-preview:-1"},"canonical":"https:\/\/idakorea.ee\/fi\/product\/centellian24-madeca-lab-mask-mela-brightening\/","og_locale":"fi_FI","og_type":"article","og_title":"Centellian24 Madeca Lab Mask Mela Brightening - IDA.KOREA","og_description":"Tagab s\u00fcgava niisutuse ja taastamise, rahustab \u00e4rritunud nahka. Mask muudab jumet heledamaks, v\u00f5itleb tuhmusega ja annab nahale terve s\u00e4ra.","og_url":"https:\/\/idakorea.ee\/fi\/product\/centellian24-madeca-lab-mask-mela-brightening\/","og_site_name":"IDA.KOREA","article_modified_time":"2026-03-27T12:25:39+00:00","og_image":[{"width":1000,"height":1000,"url":"https:\/\/idakorea.ee\/wp-content\/uploads\/2025\/12\/Centellian24-Madeca-Lab-Mask-Mela-Brightening-idakorea.jpg","type":"image\/jpeg"}],"twitter_card":"summary_large_image","twitter_misc":{"Arvioitu lukuaika":"2 minuuttia"},"schema":{"@context":"https:\/\/schema.org","@graph":[{"@type":"WebPage","@id":"https:\/\/idakorea.ee\/product\/centellian24-madeca-lab-mask-mela-brightening\/","url":"https:\/\/idakorea.ee\/product\/centellian24-madeca-lab-mask-mela-brightening\/","name":"Centellian24 Madeca Lab Mela kirkastava naamio - EAST.KOREA","isPartOf":{"@id":"https:\/\/idakorea.ee\/#website"},"primaryImageOfPage":{"@id":"https:\/\/idakorea.ee\/product\/centellian24-madeca-lab-mask-mela-brightening\/#primaryimage"},"image":{"@id":"https:\/\/idakorea.ee\/product\/centellian24-madeca-lab-mask-mela-brightening\/#primaryimage"},"thumbnailUrl":"https:\/\/idakorea.ee\/wp-content\/uploads\/2025\/12\/Centellian24-Madeca-Lab-Mask-Mela-Brightening-idakorea.jpg","datePublished":"2025-12-07T15:17:47+00:00","dateModified":"2026-03-27T12:25:39+00:00","description":"Kosteuttaa ja palauttaa ihoa syv\u00e4lt\u00e4, rauhoittaa \u00e4rtynytt\u00e4 ihoa. Naamio kirkastaa ihoa, torjuu sameutta ja antaa iholle terveen hehkun.","breadcrumb":{"@id":"https:\/\/idakorea.ee\/product\/centellian24-madeca-lab-mask-mela-brightening\/#breadcrumb"},"inLanguage":"fi","potentialAction":[{"@type":"ReadAction","target":["https:\/\/idakorea.ee\/product\/centellian24-madeca-lab-mask-mela-brightening\/"]}]},{"@type":"ImageObject","inLanguage":"fi","@id":"https:\/\/idakorea.ee\/product\/centellian24-madeca-lab-mask-mela-brightening\/#primaryimage","url":"https:\/\/idakorea.ee\/wp-content\/uploads\/2025\/12\/Centellian24-Madeca-Lab-Mask-Mela-Brightening-idakorea.jpg","contentUrl":"https:\/\/idakorea.ee\/wp-content\/uploads\/2025\/12\/Centellian24-Madeca-Lab-Mask-Mela-Brightening-idakorea.jpg","width":1000,"height":1000},{"@type":"BreadcrumbList","@id":"https:\/\/idakorea.ee\/product\/centellian24-madeca-lab-mask-mela-brightening\/#breadcrumb","itemListElement":[{"@type":"ListItem","position":1,"name":"\u0413\u043b\u0430\u0432\u043d\u0430\u044f \u0441\u0442\u0440\u0430\u043d\u0438\u0446\u0430","item":"https:\/\/idakorea.ee\/"},{"@type":"ListItem","position":2,"name":"Shop","item":"https:\/\/idakorea.ee\/shop-2\/"},{"@type":"ListItem","position":3,"name":"Kangasmask naha tooni \u00fchtlustamiseks Centellian24 Madeca Lab Mask Mela Brightening"}]},{"@type":"WebSite","@id":"https:\/\/idakorea.ee\/#website","url":"https:\/\/idakorea.ee\/","name":"IDA.KOREA","description":"Korean kosmetiikan verkkokauppa","publisher":{"@id":"https:\/\/idakorea.ee\/#organization"},"alternateName":"Beauty Shop","potentialAction":[{"@type":"SearchAction","target":{"@type":"EntryPoint","urlTemplate":"https:\/\/idakorea.ee\/?s={search_term_string}"},"query-input":{"@type":"PropertyValueSpecification","valueRequired":true,"valueName":"search_term_string"}}],"inLanguage":"fi"},{"@type":"Organization","@id":"https:\/\/idakorea.ee\/#organization","name":"IDA.KOREA","url":"https:\/\/idakorea.ee\/","logo":{"@type":"ImageObject","inLanguage":"fi","@id":"https:\/\/idakorea.ee\/#\/schema\/logo\/image\/","url":"https:\/\/idakorea.ee\/wp-content\/uploads\/2024\/05\/cropped-korea3.png","contentUrl":"https:\/\/idakorea.ee\/wp-content\/uploads\/2024\/05\/cropped-korea3.png","width":688,"height":126,"caption":"IDA.KOREA"},"image":{"@id":"https:\/\/idakorea.ee\/#\/schema\/logo\/image\/"},"sameAs":["https:\/\/www.instagram.com\/ida.korea\/"]}]}},"jetpack_sharing_enabled":true,"brands":[{"id":1033,"name":"CENTELLIAN24","slug":"centellian24"}],"_links":{"self":[{"href":"https:\/\/idakorea.ee\/fi\/wp-json\/wp\/v2\/product\/16773","targetHints":{"allow":["GET"]}}],"collection":[{"href":"https:\/\/idakorea.ee\/fi\/wp-json\/wp\/v2\/product"}],"about":[{"href":"https:\/\/idakorea.ee\/fi\/wp-json\/wp\/v2\/types\/product"}],"replies":[{"embeddable":true,"href":"https:\/\/idakorea.ee\/fi\/wp-json\/wp\/v2\/comments?post=16773"}],"version-history":[{"count":1,"href":"https:\/\/idakorea.ee\/fi\/wp-json\/wp\/v2\/product\/16773\/revisions"}],"predecessor-version":[{"id":16776,"href":"https:\/\/idakorea.ee\/fi\/wp-json\/wp\/v2\/product\/16773\/revisions\/16776"}],"wp:featuredmedia":[{"embeddable":true,"href":"https:\/\/idakorea.ee\/fi\/wp-json\/wp\/v2\/media\/16775"}],"wp:attachment":[{"href":"https:\/\/idakorea.ee\/fi\/wp-json\/wp\/v2\/media?parent=16773"}],"wp:term":[{"taxonomy":"pwb-brand","embeddable":true,"href":"https:\/\/idakorea.ee\/fi\/wp-json\/wp\/v2\/pwb-brand?post=16773"},{"taxonomy":"product_brand","embeddable":true,"href":"https:\/\/idakorea.ee\/fi\/wp-json\/wp\/v2\/product_brand?post=16773"},{"taxonomy":"product_cat","embeddable":true,"href":"https:\/\/idakorea.ee\/fi\/wp-json\/wp\/v2\/product_cat?post=16773"},{"taxonomy":"product_tag","embeddable":true,"href":"https:\/\/idakorea.ee\/fi\/wp-json\/wp\/v2\/product_tag?post=16773"}],"curies":[{"name":"wp","href":"https:\/\/api.w.org\/{rel}","templated":true}]}}