{"id":16788,"date":"2025-12-09T10:30:47","date_gmt":"2025-12-09T08:30:47","guid":{"rendered":"https:\/\/idakorea.ee\/?post_type=product&#038;p=16788"},"modified":"2026-01-29T12:31:14","modified_gmt":"2026-01-29T10:31:14","slug":"pyunkang-yul-calming-moisture-mist-100ml","status":"publish","type":"product","link":"https:\/\/idakorea.ee\/fi\/product\/pyunkang-yul-calming-moisture-mist-100ml\/","title":{"rendered":"Pyunkang Yul Calming Moisture Mist, 100ml"},"content":{"rendered":"<p data-start=\"63\" data-end=\"312\"><strong data-start=\"63\" data-end=\"101\">Pyunkang Yul Calming Moisture Mist<\/strong> on rauhoittava ja kosteuttava matalan pH:n kasvojenpuhdistusaine, joka sopii p\u00e4ivitt\u00e4iseen k\u00e4ytt\u00f6\u00f6n, erityisesti herk\u00e4lle ja ongelmalliselle iholle. Se pehment\u00e4\u00e4 ja kosteuttaa hell\u00e4varaisesti, parantaa ihon rakennetta ja hoitaa ihohuokosia.<\/p>\n<p data-start=\"314\" data-end=\"336\"><strong data-start=\"314\" data-end=\"336\">T\u00e4rkeimm\u00e4t ominaisuudet:<\/strong><\/p>\n<p data-start=\"338\" data-end=\"778\">Suihkeen rauhoittava vaikutus perustuu kolmeen p\u00e4\u00e4ainesosaan: aasialaiseen centella asiaticaan, teepuuhun ja japanilaiseen kuusamaan. Aasialainen centella eli tiikeriruoho on kuuluisa palauttavista ominaisuuksistaan, kun taas teepuu toimii luonnollisena antiseptisen\u00e4 aineena, rauhoittaa ihoa ja auttaa akneen antibakteeristen ja tulehdusta ehk\u00e4isevien ominaisuuksiensa ansiosta. Japanilaisella kuusamauutteella on voimakas antiviraalinen vaikutus, joka auttaa vahvistamaan ihon suojakerrosta.<\/p>\n<p data-start=\"780\" data-end=\"1035\">Tehokkaan kosteutuksen varmistamiseksi koostumus sis\u00e4lt\u00e4\u00e4 bambu-uutetta, pantenolia ja viitt\u00e4 erityyppist\u00e4 hyaluronihappoa. Piit\u00e4 sis\u00e4lt\u00e4v\u00e4 bambu palauttaa ihon kimmoisuuden, hyaluronihappo kosteuttaa syv\u00e4lt\u00e4 ja auttaa s\u00e4ilytt\u00e4m\u00e4\u00e4n kosteutta soluissa tehden ihosta kimmoisamman ja sile\u00e4mm\u00e4n.<\/p>\n<p data-start=\"1037\" data-end=\"1243\">AHA-happoja (sitruunahappoa) ja glukonolaktonia (PHA) lis\u00e4t\u00e4\u00e4n stimuloimaan solujen uusiutumista ja parantamaan ihon rakennetta. Ne poistavat hell\u00e4varaisesti kuolleita ihosoluja tehden ihosta tasaisemman ja sile\u00e4mm\u00e4n.<\/p>\n<p data-start=\"1245\" data-end=\"1396\">Sumun sis\u00e4lt\u00e4m\u00e4 valkopajun kuoriuute on luonnollinen salisyylihapon l\u00e4hde, joka auttaa s\u00e4\u00e4telem\u00e4\u00e4n talirauhasten erityst\u00e4, supistaa ihohuokosia ja lievitt\u00e4\u00e4 tulehdusta.<\/p>\n<p data-start=\"1398\" data-end=\"1545\">Pyunkang Yul Soothing Moisturizing Mistin s\u00e4\u00e4nn\u00f6llinen k\u00e4ytt\u00f6 auttaa v\u00e4hent\u00e4m\u00e4\u00e4n iho\u00e4rsytyst\u00e4, vahvistaa ihon suojakerrosta ja antaa iholle tarvittavaa kosteutta.<\/p>\n<p data-start=\"1547\" data-end=\"1729\"><strong data-start=\"1547\" data-end=\"1562\">K\u00e4ytt\u00f6:<\/strong> Sulje silm\u00e4si ja suihkuta tasaisesti kasvoillesi noin 15 cm et\u00e4isyydelt\u00e4. Sopii k\u00e4ytett\u00e4v\u00e4ksi aamuin illoin tai p\u00e4iv\u00e4ll\u00e4 ihon virkist\u00e4miseen ja kosteuttamiseen.<\/p>","protected":false},"excerpt":{"rendered":"<p>Pyunkang Yul Calming Moisture Mist on rauhoittava ja kosteuttava, matalan pH:n kasvosuihke, joka sopii p\u00e4ivitt\u00e4iseen k\u00e4ytt\u00f6\u00f6n, erityisesti herk\u00e4lle ja ongelmalliselle iholle. Se pehment\u00e4\u00e4 ja kosteuttaa hell\u00e4varaisesti, parantaa ihon rakennetta ja hoitaa ihohuokosia. T\u00e4rkeimm\u00e4t ominaisuudet: Suihkeen rauhoittava vaikutus perustuu kolmeen p\u00e4\u00e4ainesosaan: Centella asiaticaan, teepuuhun ja japanilaiseen kuusamaan. Centella asiatica, joka tunnetaan my\u00f6s nimell\u00e4\u2026<\/p>","protected":false},"featured_media":16791,"comment_status":"open","ping_status":"closed","template":"","meta":{"_uf_show_specific_survey":0,"_uf_disable_surveys":false,"_bst_post_transparent":"default","_bst_post_title":"","_bst_post_layout":"default","_bst_post_sidebar_id":"","_bst_post_content_style":"default","_bst_post_vertical_padding":"default","_bst_post_feature":"","_bst_post_feature_position":"","_bst_post_header":false,"_bst_post_footer":false},"pwb-brand":[474],"product_brand":[],"product_cat":[92,158],"product_tag":[580,568,928],"class_list":{"0":"post-16788","1":"product","2":"type-product","3":"status-publish","4":"has-post-thumbnail","6":"pwb-brand-pyunkang-yul","7":"product_cat-nagu","8":"product_cat-toonik","9":"product_tag-calming","10":"product_tag-korea","11":"product_tag-mist","13":"first","14":"instock","15":"sale","16":"shipping-taxable","17":"purchasable","18":"product-type-simple","19":"entry","20":"content-bg","21":"loop-entry"},"supplier_id":null,"supplier_sku":"","barcode":null,"atum_controlled":true,"out_stock_date":null,"out_stock_threshold":null,"inheritable":false,"inbound_stock":0,"stock_on_hold":0,"sold_today":0,"sales_last_days":0,"out_stock_days":0,"lost_sales":0,"has_location":false,"update_date":"2026-04-14T00:05:05","atum_locations":[],"atum_stock_status":"instock","restock_status":false,"low_stock_amount":"","sales_update_date":"2026-04-14T00:05:05","calc_backorders":null,"yoast_head":"<!-- This site is optimized with the Yoast SEO plugin v27.2 - https:\/\/yoast.com\/product\/yoast-seo-wordpress\/ -->\n<title>Pyunkang Yul Calming Moisture Mist, 100ml - IDA.KOREA<\/title>\n<meta name=\"description\" content=\"Pyunkang Yul Calming Moisture Mist on rahustav ja niisutav madala pH-ga n\u00e4omist, mis sobib igap\u00e4evaseks kasutamiseks, tundlikule ja probleemsele nahale.\" \/>\n<meta name=\"robots\" content=\"index, follow, max-snippet:-1, max-image-preview:large, max-video-preview:-1\" \/>\n<link rel=\"canonical\" href=\"https:\/\/idakorea.ee\/fi\/product\/pyunkang-yul-calming-moisture-mist-100ml\/\" \/>\n<meta property=\"og:locale\" content=\"fi_FI\" \/>\n<meta property=\"og:type\" content=\"article\" \/>\n<meta property=\"og:title\" content=\"Pyunkang Yul Calming Moisture Mist, 100ml - IDA.KOREA\" \/>\n<meta property=\"og:description\" content=\"Pyunkang Yul Calming Moisture Mist on rahustav ja niisutav madala pH-ga n\u00e4omist, mis sobib igap\u00e4evaseks kasutamiseks, tundlikule ja probleemsele nahale.\" \/>\n<meta property=\"og:url\" content=\"https:\/\/idakorea.ee\/fi\/product\/pyunkang-yul-calming-moisture-mist-100ml\/\" \/>\n<meta property=\"og:site_name\" content=\"IDA.KOREA\" \/>\n<meta property=\"article:modified_time\" content=\"2026-01-29T10:31:14+00:00\" \/>\n<meta property=\"og:image\" content=\"https:\/\/idakorea.ee\/wp-content\/uploads\/2025\/12\/Pyunkang-Yul-Calming-Deep-Moisture-Toner-idakorea.jpg\" \/>\n\t<meta property=\"og:image:width\" content=\"1000\" \/>\n\t<meta property=\"og:image:height\" content=\"1000\" \/>\n\t<meta property=\"og:image:type\" content=\"image\/jpeg\" \/>\n<meta name=\"twitter:card\" content=\"summary_large_image\" \/>\n<meta name=\"twitter:label1\" content=\"Arvioitu lukuaika\" \/>\n\t<meta name=\"twitter:data1\" content=\"2 minuuttia\" \/>\n<script type=\"application\/ld+json\" class=\"yoast-schema-graph\">{\"@context\":\"https:\/\/schema.org\",\"@graph\":[{\"@type\":\"WebPage\",\"@id\":\"https:\/\/idakorea.ee\/product\/pyunkang-yul-calming-moisture-mist-100ml\/\",\"url\":\"https:\/\/idakorea.ee\/product\/pyunkang-yul-calming-moisture-mist-100ml\/\",\"name\":\"Pyunkang Yul Calming Moisture Mist, 100ml - IDA.KOREA\",\"isPartOf\":{\"@id\":\"https:\/\/idakorea.ee\/#website\"},\"primaryImageOfPage\":{\"@id\":\"https:\/\/idakorea.ee\/product\/pyunkang-yul-calming-moisture-mist-100ml\/#primaryimage\"},\"image\":{\"@id\":\"https:\/\/idakorea.ee\/product\/pyunkang-yul-calming-moisture-mist-100ml\/#primaryimage\"},\"thumbnailUrl\":\"https:\/\/idakorea.ee\/wp-content\/uploads\/2025\/12\/Pyunkang-Yul-Calming-Deep-Moisture-Toner-idakorea.jpg\",\"datePublished\":\"2025-12-09T08:30:47+00:00\",\"dateModified\":\"2026-01-29T10:31:14+00:00\",\"description\":\"Pyunkang Yul Calming Moisture Mist on rahustav ja niisutav madala pH-ga n\u00e4omist, mis sobib igap\u00e4evaseks kasutamiseks, tundlikule ja probleemsele nahale.\",\"breadcrumb\":{\"@id\":\"https:\/\/idakorea.ee\/product\/pyunkang-yul-calming-moisture-mist-100ml\/#breadcrumb\"},\"inLanguage\":\"fi\",\"potentialAction\":[{\"@type\":\"ReadAction\",\"target\":[\"https:\/\/idakorea.ee\/product\/pyunkang-yul-calming-moisture-mist-100ml\/\"]}]},{\"@type\":\"ImageObject\",\"inLanguage\":\"fi\",\"@id\":\"https:\/\/idakorea.ee\/product\/pyunkang-yul-calming-moisture-mist-100ml\/#primaryimage\",\"url\":\"https:\/\/idakorea.ee\/wp-content\/uploads\/2025\/12\/Pyunkang-Yul-Calming-Deep-Moisture-Toner-idakorea.jpg\",\"contentUrl\":\"https:\/\/idakorea.ee\/wp-content\/uploads\/2025\/12\/Pyunkang-Yul-Calming-Deep-Moisture-Toner-idakorea.jpg\",\"width\":1000,\"height\":1000},{\"@type\":\"BreadcrumbList\",\"@id\":\"https:\/\/idakorea.ee\/product\/pyunkang-yul-calming-moisture-mist-100ml\/#breadcrumb\",\"itemListElement\":[{\"@type\":\"ListItem\",\"position\":1,\"name\":\"\u0413\u043b\u0430\u0432\u043d\u0430\u044f \u0441\u0442\u0440\u0430\u043d\u0438\u0446\u0430\",\"item\":\"https:\/\/idakorea.ee\/\"},{\"@type\":\"ListItem\",\"position\":2,\"name\":\"Shop\",\"item\":\"https:\/\/idakorea.ee\/shop-2\/\"},{\"@type\":\"ListItem\",\"position\":3,\"name\":\"Rahustav ja niisutav n\u00e4omist Pyunkang Yul Calming Moisture Mist, 100ml\"}]},{\"@type\":\"WebSite\",\"@id\":\"https:\/\/idakorea.ee\/#website\",\"url\":\"https:\/\/idakorea.ee\/\",\"name\":\"IDA.KOREA\",\"description\":\"Korea kosmeetika e-pood\",\"publisher\":{\"@id\":\"https:\/\/idakorea.ee\/#organization\"},\"alternateName\":\"Beauty Shop\",\"potentialAction\":[{\"@type\":\"SearchAction\",\"target\":{\"@type\":\"EntryPoint\",\"urlTemplate\":\"https:\/\/idakorea.ee\/?s={search_term_string}\"},\"query-input\":{\"@type\":\"PropertyValueSpecification\",\"valueRequired\":true,\"valueName\":\"search_term_string\"}}],\"inLanguage\":\"fi\"},{\"@type\":\"Organization\",\"@id\":\"https:\/\/idakorea.ee\/#organization\",\"name\":\"IDA.KOREA\",\"url\":\"https:\/\/idakorea.ee\/\",\"logo\":{\"@type\":\"ImageObject\",\"inLanguage\":\"fi\",\"@id\":\"https:\/\/idakorea.ee\/#\/schema\/logo\/image\/\",\"url\":\"https:\/\/idakorea.ee\/wp-content\/uploads\/2024\/05\/cropped-korea3.png\",\"contentUrl\":\"https:\/\/idakorea.ee\/wp-content\/uploads\/2024\/05\/cropped-korea3.png\",\"width\":688,\"height\":126,\"caption\":\"IDA.KOREA\"},\"image\":{\"@id\":\"https:\/\/idakorea.ee\/#\/schema\/logo\/image\/\"},\"sameAs\":[\"https:\/\/www.instagram.com\/ida.korea\/\"]}]}<\/script>\n<!-- \/ Yoast SEO plugin. -->","yoast_head_json":{"title":"Pyunkang Yul rauhoittava kosteussuihke, 100ml - IDA.KOREA","description":"Pyunkang Yul Calming Moisture Mist on rauhoittava ja kosteuttava matalan pH:n kasvosuihke, joka sopii p\u00e4ivitt\u00e4iseen k\u00e4ytt\u00f6\u00f6n herk\u00e4lle ja ongelmaiholle.","robots":{"index":"index","follow":"follow","max-snippet":"max-snippet:-1","max-image-preview":"max-image-preview:large","max-video-preview":"max-video-preview:-1"},"canonical":"https:\/\/idakorea.ee\/fi\/product\/pyunkang-yul-calming-moisture-mist-100ml\/","og_locale":"fi_FI","og_type":"article","og_title":"Pyunkang Yul Calming Moisture Mist, 100ml - IDA.KOREA","og_description":"Pyunkang Yul Calming Moisture Mist on rahustav ja niisutav madala pH-ga n\u00e4omist, mis sobib igap\u00e4evaseks kasutamiseks, tundlikule ja probleemsele nahale.","og_url":"https:\/\/idakorea.ee\/fi\/product\/pyunkang-yul-calming-moisture-mist-100ml\/","og_site_name":"IDA.KOREA","article_modified_time":"2026-01-29T10:31:14+00:00","og_image":[{"width":1000,"height":1000,"url":"https:\/\/idakorea.ee\/wp-content\/uploads\/2025\/12\/Pyunkang-Yul-Calming-Deep-Moisture-Toner-idakorea.jpg","type":"image\/jpeg"}],"twitter_card":"summary_large_image","twitter_misc":{"Arvioitu lukuaika":"2 minuuttia"},"schema":{"@context":"https:\/\/schema.org","@graph":[{"@type":"WebPage","@id":"https:\/\/idakorea.ee\/product\/pyunkang-yul-calming-moisture-mist-100ml\/","url":"https:\/\/idakorea.ee\/product\/pyunkang-yul-calming-moisture-mist-100ml\/","name":"Pyunkang Yul rauhoittava kosteussuihke, 100ml - IDA.KOREA","isPartOf":{"@id":"https:\/\/idakorea.ee\/#website"},"primaryImageOfPage":{"@id":"https:\/\/idakorea.ee\/product\/pyunkang-yul-calming-moisture-mist-100ml\/#primaryimage"},"image":{"@id":"https:\/\/idakorea.ee\/product\/pyunkang-yul-calming-moisture-mist-100ml\/#primaryimage"},"thumbnailUrl":"https:\/\/idakorea.ee\/wp-content\/uploads\/2025\/12\/Pyunkang-Yul-Calming-Deep-Moisture-Toner-idakorea.jpg","datePublished":"2025-12-09T08:30:47+00:00","dateModified":"2026-01-29T10:31:14+00:00","description":"Pyunkang Yul Calming Moisture Mist on rauhoittava ja kosteuttava matalan pH:n kasvosuihke, joka sopii p\u00e4ivitt\u00e4iseen k\u00e4ytt\u00f6\u00f6n herk\u00e4lle ja ongelmaiholle.","breadcrumb":{"@id":"https:\/\/idakorea.ee\/product\/pyunkang-yul-calming-moisture-mist-100ml\/#breadcrumb"},"inLanguage":"fi","potentialAction":[{"@type":"ReadAction","target":["https:\/\/idakorea.ee\/product\/pyunkang-yul-calming-moisture-mist-100ml\/"]}]},{"@type":"ImageObject","inLanguage":"fi","@id":"https:\/\/idakorea.ee\/product\/pyunkang-yul-calming-moisture-mist-100ml\/#primaryimage","url":"https:\/\/idakorea.ee\/wp-content\/uploads\/2025\/12\/Pyunkang-Yul-Calming-Deep-Moisture-Toner-idakorea.jpg","contentUrl":"https:\/\/idakorea.ee\/wp-content\/uploads\/2025\/12\/Pyunkang-Yul-Calming-Deep-Moisture-Toner-idakorea.jpg","width":1000,"height":1000},{"@type":"BreadcrumbList","@id":"https:\/\/idakorea.ee\/product\/pyunkang-yul-calming-moisture-mist-100ml\/#breadcrumb","itemListElement":[{"@type":"ListItem","position":1,"name":"\u0413\u043b\u0430\u0432\u043d\u0430\u044f \u0441\u0442\u0440\u0430\u043d\u0438\u0446\u0430","item":"https:\/\/idakorea.ee\/"},{"@type":"ListItem","position":2,"name":"Shop","item":"https:\/\/idakorea.ee\/shop-2\/"},{"@type":"ListItem","position":3,"name":"Rahustav ja niisutav n\u00e4omist Pyunkang Yul Calming Moisture Mist, 100ml"}]},{"@type":"WebSite","@id":"https:\/\/idakorea.ee\/#website","url":"https:\/\/idakorea.ee\/","name":"IDA.KOREA","description":"Korean kosmetiikan verkkokauppa","publisher":{"@id":"https:\/\/idakorea.ee\/#organization"},"alternateName":"Beauty Shop","potentialAction":[{"@type":"SearchAction","target":{"@type":"EntryPoint","urlTemplate":"https:\/\/idakorea.ee\/?s={search_term_string}"},"query-input":{"@type":"PropertyValueSpecification","valueRequired":true,"valueName":"search_term_string"}}],"inLanguage":"fi"},{"@type":"Organization","@id":"https:\/\/idakorea.ee\/#organization","name":"IDA.KOREA","url":"https:\/\/idakorea.ee\/","logo":{"@type":"ImageObject","inLanguage":"fi","@id":"https:\/\/idakorea.ee\/#\/schema\/logo\/image\/","url":"https:\/\/idakorea.ee\/wp-content\/uploads\/2024\/05\/cropped-korea3.png","contentUrl":"https:\/\/idakorea.ee\/wp-content\/uploads\/2024\/05\/cropped-korea3.png","width":688,"height":126,"caption":"IDA.KOREA"},"image":{"@id":"https:\/\/idakorea.ee\/#\/schema\/logo\/image\/"},"sameAs":["https:\/\/www.instagram.com\/ida.korea\/"]}]}},"jetpack_sharing_enabled":true,"brands":[{"id":474,"name":"PYUNKANG YUL","slug":"pyunkang-yul"}],"_links":{"self":[{"href":"https:\/\/idakorea.ee\/fi\/wp-json\/wp\/v2\/product\/16788","targetHints":{"allow":["GET"]}}],"collection":[{"href":"https:\/\/idakorea.ee\/fi\/wp-json\/wp\/v2\/product"}],"about":[{"href":"https:\/\/idakorea.ee\/fi\/wp-json\/wp\/v2\/types\/product"}],"replies":[{"embeddable":true,"href":"https:\/\/idakorea.ee\/fi\/wp-json\/wp\/v2\/comments?post=16788"}],"version-history":[{"count":3,"href":"https:\/\/idakorea.ee\/fi\/wp-json\/wp\/v2\/product\/16788\/revisions"}],"predecessor-version":[{"id":17455,"href":"https:\/\/idakorea.ee\/fi\/wp-json\/wp\/v2\/product\/16788\/revisions\/17455"}],"wp:featuredmedia":[{"embeddable":true,"href":"https:\/\/idakorea.ee\/fi\/wp-json\/wp\/v2\/media\/16791"}],"wp:attachment":[{"href":"https:\/\/idakorea.ee\/fi\/wp-json\/wp\/v2\/media?parent=16788"}],"wp:term":[{"taxonomy":"pwb-brand","embeddable":true,"href":"https:\/\/idakorea.ee\/fi\/wp-json\/wp\/v2\/pwb-brand?post=16788"},{"taxonomy":"product_brand","embeddable":true,"href":"https:\/\/idakorea.ee\/fi\/wp-json\/wp\/v2\/product_brand?post=16788"},{"taxonomy":"product_cat","embeddable":true,"href":"https:\/\/idakorea.ee\/fi\/wp-json\/wp\/v2\/product_cat?post=16788"},{"taxonomy":"product_tag","embeddable":true,"href":"https:\/\/idakorea.ee\/fi\/wp-json\/wp\/v2\/product_tag?post=16788"}],"curies":[{"name":"wp","href":"https:\/\/api.w.org\/{rel}","templated":true}]}}