{"id":16797,"date":"2025-12-09T15:07:51","date_gmt":"2025-12-09T13:07:51","guid":{"rendered":"https:\/\/idakorea.ee\/?post_type=product&#038;p=16797"},"modified":"2026-04-06T15:50:58","modified_gmt":"2026-04-06T13:50:58","slug":"jmsolution-active-birds-nest-mask-premium","status":"publish","type":"product","link":"https:\/\/idakorea.ee\/fi\/product\/jmsolution-active-birds-nest-mask-premium\/","title":{"rendered":"Premium-kangasmaski JMsolution Active Birds Nest Mask Premium"},"content":{"rendered":"<p data-start=\"74\" data-end=\"278\">Ensiluokkainen kangasmaski <strong data-start=\"74\" data-end=\"119\">JMsolution Active -lintujenpes\u00e4maski Premium<\/strong>, joka kosteuttaa ja rauhoittaa ihoa heti levityksen j\u00e4lkeen ja jolla on nuorentava vaikutus: se kiinteytt\u00e4\u00e4, parantaa ihon kimmoisuutta ja kiinteytt\u00e4\u00e4.<\/p>\n<p data-start=\"280\" data-end=\"494\">Naamio ehk\u00e4isee kuivuutta ja hilseily\u00e4, poistaa kireyden tunteen ja vahvistaa ihon hydrolipidisuojaa. Rikastaa ihoa vitamiineilla ja mikroelementeill\u00e4, hidastaa ik\u00e4\u00e4ntymisprosessia ja auttaa v\u00e4hent\u00e4m\u00e4\u00e4n ryppyjen n\u00e4kymist\u00e4.<\/p>\n<p data-start=\"496\" data-end=\"743\">Kangas istuu tiiviisti kasvoilla, my\u00f6t\u00e4ilee kaikkia kasvojen muotoja ja varmistaa aktiiviaineiden paremman imeytymisen. Hengitt\u00e4v\u00e4 materiaali luo kevyen &quot;kasvihuoneilmi\u00f6n&quot;, joka varmistaa pitk\u00e4kestoisen kosteutuksen ja suojaavan kerroksen est\u00e4en ihon kuivumisen ja kosteuden haihtumisen.<\/p>\n<p data-start=\"745\" data-end=\"1458\"><strong data-start=\"745\" data-end=\"769\">T\u00e4rkeimm\u00e4t vaikuttavat aineet:<\/strong><\/p>\n<ul>\n<li><strong data-start=\"772\" data-end=\"806\">P\u00e4\u00e4skynpes\u00e4uute (1 010 ppm)<\/strong> \u2014 runsaasti kollageenia, aminohappoja ja antioksidantteja. Kiinteytt\u00e4\u00e4, tukee ihon kimmoisuutta ja kiinteytt\u00e4, tasoittaa ihon s\u00e4vy\u00e4 ja torjuu sameutta.<\/li>\n<li><strong data-start=\"958\" data-end=\"975\">3% trehaloosi<\/strong> \u2014 polysakkaridi, joka sitoo vett\u00e4 ja auttaa yll\u00e4pit\u00e4m\u00e4\u00e4n optimaalisia kosteustasoja.<\/li>\n<li><strong data-start=\"1054\" data-end=\"1077\">Natriumhyaluronaatti<\/strong> \u2014 pienimolekyylinen hyaluronihappo, joka kosteuttaa ihon syvempi\u00e4 kerroksia, parantaa sen kimmoisuutta ja tekee ihosta sile\u00e4mm\u00e4n.<\/li>\n<li><strong data-start=\"1203\" data-end=\"1217\">Allantoiin<\/strong> \u2014 pehment\u00e4\u00e4, nopeuttaa palautumista, tarjoaa antioksidanttisuojan ja v\u00e4hent\u00e4\u00e4 ihon reagointikyky\u00e4.<\/li>\n<li><strong data-start=\"1321\" data-end=\"1333\">Arginia<\/strong> \u2014 parantaa mikroverenkiertoa, tukee nesteytyst\u00e4 ja on osa ihon luonnollista kosteustekij\u00e4\u00e4 (NMF), auttaen ehk\u00e4isem\u00e4\u00e4n kosteuden haihtumista.<\/li>\n<\/ul>\n<p data-start=\"1460\" data-end=\"1511\">Sopii normaalille, sekaiholle ja kuivalle iholle.<\/p>\n<p data-start=\"1513\" data-end=\"1820\"><strong data-start=\"1513\" data-end=\"1528\">K\u00e4ytt\u00f6:<\/strong> K\u00e4yt\u00e4 puhdistuksen ja kasvoveden j\u00e4lkeen. Poista naamio varovasti pakkauksesta, aseta se kasvoille ja hiero tiiviisti. Anna vaikuttaa 10\u201320 minuuttia, poista se ja taputtele j\u00e4ljelle j\u00e4\u00e4nyt naamio hell\u00e4varaisesti ihoon.<\/p>","protected":false},"excerpt":{"rendered":"<p>Ensiluokkainen kangasnaamio JMsolution Active Birds Nest Mask Premium, joka kosteuttaa ja rauhoittaa ihoa heti levityksen j\u00e4lkeen ja jolla on nuorentava vaikutus: se kiinteytt\u00e4\u00e4, parantaa ihon kimmoisuutta ja kiinteytt\u00e4\u00e4. Naamio ehk\u00e4isee kuivumista ja hilseily\u00e4, poistaa kireyden tunteen ja vahvistaa hydrolipidisuojaa. Rikastaa ihoa vitamiineilla ja hivenaineilla, hidastaa ik\u00e4\u00e4ntymisprosesseja ja auttaa v\u00e4hent\u00e4m\u00e4\u00e4n ryppyjen n\u00e4kyvyytt\u00e4. Kangas istuu tiiviisti kasvoilla, seuraa\u2026<\/p>","protected":false},"featured_media":16799,"comment_status":"open","ping_status":"closed","template":"","meta":{"_uf_show_specific_survey":0,"_uf_disable_surveys":false,"_bst_post_transparent":"default","_bst_post_title":"","_bst_post_layout":"default","_bst_post_sidebar_id":"","_bst_post_content_style":"default","_bst_post_vertical_padding":"default","_bst_post_feature":"","_bst_post_feature_position":"","_bst_post_header":false,"_bst_post_footer":false},"pwb-brand":[487],"product_brand":[],"product_cat":[92,98],"product_tag":[568,614,466],"class_list":{"0":"post-16797","1":"product","2":"type-product","3":"status-publish","4":"has-post-thumbnail","6":"pwb-brand-jm-solution","7":"product_cat-nagu","8":"product_cat-naomaskid","9":"product_tag-korea","10":"product_tag-mask","11":"product_tag-premium","13":"first","14":"instock","15":"sale","16":"shipping-taxable","17":"purchasable","18":"product-type-simple","19":"entry","20":"content-bg","21":"loop-entry"},"supplier_id":null,"supplier_sku":"","barcode":null,"atum_controlled":true,"out_stock_date":null,"out_stock_threshold":null,"inheritable":false,"inbound_stock":0,"stock_on_hold":0,"sold_today":0,"sales_last_days":3,"out_stock_days":0,"lost_sales":0,"has_location":false,"update_date":"2026-04-14T00:05:13","atum_locations":[],"atum_stock_status":"instock","restock_status":false,"low_stock_amount":"","sales_update_date":"2026-04-14T00:05:13","calc_backorders":null,"yoast_head":"<!-- This site is optimized with the Yoast SEO plugin v27.2 - https:\/\/yoast.com\/product\/yoast-seo-wordpress\/ -->\n<title>JMsolution Active Birds Nest Mask Premium - IDA.KOREA<\/title>\n<meta name=\"description\" content=\"Premium kangasmask, mis niisutab ja rahustab nahka kohe p\u00e4rast pealekandmist ning omab noorendavat toimet: toniseerib, parandab naha elastsust ja pinguldab.\" \/>\n<meta name=\"robots\" content=\"index, follow, max-snippet:-1, max-image-preview:large, max-video-preview:-1\" \/>\n<link rel=\"canonical\" href=\"https:\/\/idakorea.ee\/fi\/product\/jmsolution-active-birds-nest-mask-premium\/\" \/>\n<meta property=\"og:locale\" content=\"fi_FI\" \/>\n<meta property=\"og:type\" content=\"article\" \/>\n<meta property=\"og:title\" content=\"JMsolution Active Birds Nest Mask Premium - IDA.KOREA\" \/>\n<meta property=\"og:description\" content=\"Premium kangasmask, mis niisutab ja rahustab nahka kohe p\u00e4rast pealekandmist ning omab noorendavat toimet: toniseerib, parandab naha elastsust ja pinguldab.\" \/>\n<meta property=\"og:url\" content=\"https:\/\/idakorea.ee\/fi\/product\/jmsolution-active-birds-nest-mask-premium\/\" \/>\n<meta property=\"og:site_name\" content=\"IDA.KOREA\" \/>\n<meta property=\"article:modified_time\" content=\"2026-04-06T13:50:58+00:00\" \/>\n<meta property=\"og:image\" content=\"https:\/\/idakorea.ee\/wp-content\/uploads\/2025\/12\/jm-solution-active-birds-nest-moisture-mask-idakorea.png\" \/>\n\t<meta property=\"og:image:width\" content=\"1000\" \/>\n\t<meta property=\"og:image:height\" content=\"1000\" \/>\n\t<meta property=\"og:image:type\" content=\"image\/png\" \/>\n<meta name=\"twitter:card\" content=\"summary_large_image\" \/>\n<meta name=\"twitter:label1\" content=\"Arvioitu lukuaika\" \/>\n\t<meta name=\"twitter:data1\" content=\"2 minuuttia\" \/>\n<script type=\"application\/ld+json\" class=\"yoast-schema-graph\">{\"@context\":\"https:\/\/schema.org\",\"@graph\":[{\"@type\":\"WebPage\",\"@id\":\"https:\/\/idakorea.ee\/product\/jmsolution-active-birds-nest-mask-premium\/\",\"url\":\"https:\/\/idakorea.ee\/product\/jmsolution-active-birds-nest-mask-premium\/\",\"name\":\"JMsolution Active Birds Nest Mask Premium - IDA.KOREA\",\"isPartOf\":{\"@id\":\"https:\/\/idakorea.ee\/#website\"},\"primaryImageOfPage\":{\"@id\":\"https:\/\/idakorea.ee\/product\/jmsolution-active-birds-nest-mask-premium\/#primaryimage\"},\"image\":{\"@id\":\"https:\/\/idakorea.ee\/product\/jmsolution-active-birds-nest-mask-premium\/#primaryimage\"},\"thumbnailUrl\":\"https:\/\/idakorea.ee\/wp-content\/uploads\/2025\/12\/jm-solution-active-birds-nest-moisture-mask-idakorea.png\",\"datePublished\":\"2025-12-09T13:07:51+00:00\",\"dateModified\":\"2026-04-06T13:50:58+00:00\",\"description\":\"Premium kangasmask, mis niisutab ja rahustab nahka kohe p\u00e4rast pealekandmist ning omab noorendavat toimet: toniseerib, parandab naha elastsust ja pinguldab.\",\"breadcrumb\":{\"@id\":\"https:\/\/idakorea.ee\/product\/jmsolution-active-birds-nest-mask-premium\/#breadcrumb\"},\"inLanguage\":\"fi\",\"potentialAction\":[{\"@type\":\"ReadAction\",\"target\":[\"https:\/\/idakorea.ee\/product\/jmsolution-active-birds-nest-mask-premium\/\"]}]},{\"@type\":\"ImageObject\",\"inLanguage\":\"fi\",\"@id\":\"https:\/\/idakorea.ee\/product\/jmsolution-active-birds-nest-mask-premium\/#primaryimage\",\"url\":\"https:\/\/idakorea.ee\/wp-content\/uploads\/2025\/12\/jm-solution-active-birds-nest-moisture-mask-idakorea.png\",\"contentUrl\":\"https:\/\/idakorea.ee\/wp-content\/uploads\/2025\/12\/jm-solution-active-birds-nest-moisture-mask-idakorea.png\",\"width\":1000,\"height\":1000},{\"@type\":\"BreadcrumbList\",\"@id\":\"https:\/\/idakorea.ee\/product\/jmsolution-active-birds-nest-mask-premium\/#breadcrumb\",\"itemListElement\":[{\"@type\":\"ListItem\",\"position\":1,\"name\":\"\u0413\u043b\u0430\u0432\u043d\u0430\u044f \u0441\u0442\u0440\u0430\u043d\u0438\u0446\u0430\",\"item\":\"https:\/\/idakorea.ee\/\"},{\"@type\":\"ListItem\",\"position\":2,\"name\":\"Shop\",\"item\":\"https:\/\/idakorea.ee\/shop-2\/\"},{\"@type\":\"ListItem\",\"position\":3,\"name\":\"Premium kangasmask JMsolution Active Birds Nest Mask Premium\"}]},{\"@type\":\"WebSite\",\"@id\":\"https:\/\/idakorea.ee\/#website\",\"url\":\"https:\/\/idakorea.ee\/\",\"name\":\"IDA.KOREA\",\"description\":\"Korea kosmeetika e-pood\",\"publisher\":{\"@id\":\"https:\/\/idakorea.ee\/#organization\"},\"alternateName\":\"Beauty Shop\",\"potentialAction\":[{\"@type\":\"SearchAction\",\"target\":{\"@type\":\"EntryPoint\",\"urlTemplate\":\"https:\/\/idakorea.ee\/?s={search_term_string}\"},\"query-input\":{\"@type\":\"PropertyValueSpecification\",\"valueRequired\":true,\"valueName\":\"search_term_string\"}}],\"inLanguage\":\"fi\"},{\"@type\":\"Organization\",\"@id\":\"https:\/\/idakorea.ee\/#organization\",\"name\":\"IDA.KOREA\",\"url\":\"https:\/\/idakorea.ee\/\",\"logo\":{\"@type\":\"ImageObject\",\"inLanguage\":\"fi\",\"@id\":\"https:\/\/idakorea.ee\/#\/schema\/logo\/image\/\",\"url\":\"https:\/\/idakorea.ee\/wp-content\/uploads\/2024\/05\/cropped-korea3.png\",\"contentUrl\":\"https:\/\/idakorea.ee\/wp-content\/uploads\/2024\/05\/cropped-korea3.png\",\"width\":688,\"height\":126,\"caption\":\"IDA.KOREA\"},\"image\":{\"@id\":\"https:\/\/idakorea.ee\/#\/schema\/logo\/image\/\"},\"sameAs\":[\"https:\/\/www.instagram.com\/ida.korea\/\"]}]}<\/script>\n<!-- \/ Yoast SEO plugin. -->","yoast_head_json":{"title":"JMsolution Active -lintujenpes\u00e4maski Premium - IDA.KOREA","description":"Ensiluokkainen kangasnaamio, joka kosteuttaa ja rauhoittaa ihoa heti levityksen j\u00e4lkeen ja jolla on nuorentava vaikutus: se kiinteytt\u00e4\u00e4, parantaa ihon kimmoisuutta ja kiinteytt\u00e4\u00e4.","robots":{"index":"index","follow":"follow","max-snippet":"max-snippet:-1","max-image-preview":"max-image-preview:large","max-video-preview":"max-video-preview:-1"},"canonical":"https:\/\/idakorea.ee\/fi\/product\/jmsolution-active-birds-nest-mask-premium\/","og_locale":"fi_FI","og_type":"article","og_title":"JMsolution Active Birds Nest Mask Premium - IDA.KOREA","og_description":"Premium kangasmask, mis niisutab ja rahustab nahka kohe p\u00e4rast pealekandmist ning omab noorendavat toimet: toniseerib, parandab naha elastsust ja pinguldab.","og_url":"https:\/\/idakorea.ee\/fi\/product\/jmsolution-active-birds-nest-mask-premium\/","og_site_name":"IDA.KOREA","article_modified_time":"2026-04-06T13:50:58+00:00","og_image":[{"width":1000,"height":1000,"url":"https:\/\/idakorea.ee\/wp-content\/uploads\/2025\/12\/jm-solution-active-birds-nest-moisture-mask-idakorea.png","type":"image\/png"}],"twitter_card":"summary_large_image","twitter_misc":{"Arvioitu lukuaika":"2 minuuttia"},"schema":{"@context":"https:\/\/schema.org","@graph":[{"@type":"WebPage","@id":"https:\/\/idakorea.ee\/product\/jmsolution-active-birds-nest-mask-premium\/","url":"https:\/\/idakorea.ee\/product\/jmsolution-active-birds-nest-mask-premium\/","name":"JMsolution Active -lintujenpes\u00e4maski Premium - IDA.KOREA","isPartOf":{"@id":"https:\/\/idakorea.ee\/#website"},"primaryImageOfPage":{"@id":"https:\/\/idakorea.ee\/product\/jmsolution-active-birds-nest-mask-premium\/#primaryimage"},"image":{"@id":"https:\/\/idakorea.ee\/product\/jmsolution-active-birds-nest-mask-premium\/#primaryimage"},"thumbnailUrl":"https:\/\/idakorea.ee\/wp-content\/uploads\/2025\/12\/jm-solution-active-birds-nest-moisture-mask-idakorea.png","datePublished":"2025-12-09T13:07:51+00:00","dateModified":"2026-04-06T13:50:58+00:00","description":"Ensiluokkainen kangasnaamio, joka kosteuttaa ja rauhoittaa ihoa heti levityksen j\u00e4lkeen ja jolla on nuorentava vaikutus: se kiinteytt\u00e4\u00e4, parantaa ihon kimmoisuutta ja kiinteytt\u00e4\u00e4.","breadcrumb":{"@id":"https:\/\/idakorea.ee\/product\/jmsolution-active-birds-nest-mask-premium\/#breadcrumb"},"inLanguage":"fi","potentialAction":[{"@type":"ReadAction","target":["https:\/\/idakorea.ee\/product\/jmsolution-active-birds-nest-mask-premium\/"]}]},{"@type":"ImageObject","inLanguage":"fi","@id":"https:\/\/idakorea.ee\/product\/jmsolution-active-birds-nest-mask-premium\/#primaryimage","url":"https:\/\/idakorea.ee\/wp-content\/uploads\/2025\/12\/jm-solution-active-birds-nest-moisture-mask-idakorea.png","contentUrl":"https:\/\/idakorea.ee\/wp-content\/uploads\/2025\/12\/jm-solution-active-birds-nest-moisture-mask-idakorea.png","width":1000,"height":1000},{"@type":"BreadcrumbList","@id":"https:\/\/idakorea.ee\/product\/jmsolution-active-birds-nest-mask-premium\/#breadcrumb","itemListElement":[{"@type":"ListItem","position":1,"name":"\u0413\u043b\u0430\u0432\u043d\u0430\u044f \u0441\u0442\u0440\u0430\u043d\u0438\u0446\u0430","item":"https:\/\/idakorea.ee\/"},{"@type":"ListItem","position":2,"name":"Shop","item":"https:\/\/idakorea.ee\/shop-2\/"},{"@type":"ListItem","position":3,"name":"Premium kangasmask JMsolution Active Birds Nest Mask Premium"}]},{"@type":"WebSite","@id":"https:\/\/idakorea.ee\/#website","url":"https:\/\/idakorea.ee\/","name":"IDA.KOREA","description":"Korean kosmetiikan verkkokauppa","publisher":{"@id":"https:\/\/idakorea.ee\/#organization"},"alternateName":"Beauty Shop","potentialAction":[{"@type":"SearchAction","target":{"@type":"EntryPoint","urlTemplate":"https:\/\/idakorea.ee\/?s={search_term_string}"},"query-input":{"@type":"PropertyValueSpecification","valueRequired":true,"valueName":"search_term_string"}}],"inLanguage":"fi"},{"@type":"Organization","@id":"https:\/\/idakorea.ee\/#organization","name":"IDA.KOREA","url":"https:\/\/idakorea.ee\/","logo":{"@type":"ImageObject","inLanguage":"fi","@id":"https:\/\/idakorea.ee\/#\/schema\/logo\/image\/","url":"https:\/\/idakorea.ee\/wp-content\/uploads\/2024\/05\/cropped-korea3.png","contentUrl":"https:\/\/idakorea.ee\/wp-content\/uploads\/2024\/05\/cropped-korea3.png","width":688,"height":126,"caption":"IDA.KOREA"},"image":{"@id":"https:\/\/idakorea.ee\/#\/schema\/logo\/image\/"},"sameAs":["https:\/\/www.instagram.com\/ida.korea\/"]}]}},"jetpack_sharing_enabled":true,"brands":[{"id":487,"name":"JM SOLUTION","slug":"jm-solution"}],"_links":{"self":[{"href":"https:\/\/idakorea.ee\/fi\/wp-json\/wp\/v2\/product\/16797","targetHints":{"allow":["GET"]}}],"collection":[{"href":"https:\/\/idakorea.ee\/fi\/wp-json\/wp\/v2\/product"}],"about":[{"href":"https:\/\/idakorea.ee\/fi\/wp-json\/wp\/v2\/types\/product"}],"replies":[{"embeddable":true,"href":"https:\/\/idakorea.ee\/fi\/wp-json\/wp\/v2\/comments?post=16797"}],"version-history":[{"count":3,"href":"https:\/\/idakorea.ee\/fi\/wp-json\/wp\/v2\/product\/16797\/revisions"}],"predecessor-version":[{"id":17454,"href":"https:\/\/idakorea.ee\/fi\/wp-json\/wp\/v2\/product\/16797\/revisions\/17454"}],"wp:featuredmedia":[{"embeddable":true,"href":"https:\/\/idakorea.ee\/fi\/wp-json\/wp\/v2\/media\/16799"}],"wp:attachment":[{"href":"https:\/\/idakorea.ee\/fi\/wp-json\/wp\/v2\/media?parent=16797"}],"wp:term":[{"taxonomy":"pwb-brand","embeddable":true,"href":"https:\/\/idakorea.ee\/fi\/wp-json\/wp\/v2\/pwb-brand?post=16797"},{"taxonomy":"product_brand","embeddable":true,"href":"https:\/\/idakorea.ee\/fi\/wp-json\/wp\/v2\/product_brand?post=16797"},{"taxonomy":"product_cat","embeddable":true,"href":"https:\/\/idakorea.ee\/fi\/wp-json\/wp\/v2\/product_cat?post=16797"},{"taxonomy":"product_tag","embeddable":true,"href":"https:\/\/idakorea.ee\/fi\/wp-json\/wp\/v2\/product_tag?post=16797"}],"curies":[{"name":"wp","href":"https:\/\/api.w.org\/{rel}","templated":true}]}}