{"id":16801,"date":"2025-12-09T15:15:26","date_gmt":"2025-12-09T13:15:26","guid":{"rendered":"https:\/\/idakorea.ee\/?post_type=product&#038;p=16801"},"modified":"2026-02-24T23:37:40","modified_gmt":"2026-02-24T21:37:40","slug":"jmsolution-placen-lanolin-mask-pure","status":"publish","type":"product","link":"https:\/\/idakorea.ee\/fi\/product\/jmsolution-placen-lanolin-mask-pure\/","title":{"rendered":"Kangasnaamio istukalla ja lanoliinilla JMsolution Placen Lanolin Mask Pure"},"content":{"rendered":"<p data-start=\"89\" data-end=\"343\">Istukka- ja lanoliinikangasnaamio\u00a0<strong data-start=\"89\" data-end=\"128\">JMsolution Placen Lanolin Mask Pure <\/strong>Palauttaa ihon lipidisuojakerroksen, vahvistaa sen rakennetta ja antaa iholle sileytt\u00e4, kimmoisuutta ja luonnollisen s\u00e4vyn. Tasoittaa ihon rakennetta ja neutraloi ulkoisten ymp\u00e4rist\u00f6tekij\u00f6iden haitallisia vaikutuksia.<\/p>\n<p data-start=\"345\" data-end=\"765\">Naamio ei ainoastaan poista kosteuden puutetta ja tue optimaalista hydrolipiditasapainoa, vaan my\u00f6s parantaa solujen kyky\u00e4 sitoa kosteutta. Se ravitsee ihoa syv\u00e4lt\u00e4, kiinteytt\u00e4\u00e4 ihoa, korjaa vaurioita ja parantaa uusiutumis- ja uudistumisprosesseja. Tasoittaa ihon s\u00e4vy\u00e4, poistaa sameutta ja antaa iholle terveen hehkun. Silottaa mikroreliefi\u00e4, v\u00e4hent\u00e4\u00e4 ryppyjen syvyytt\u00e4 ja tekee ihosta kiinte\u00e4mm\u00e4n ja kimmoisamman.<\/p>\n<p data-start=\"767\" data-end=\"931\">Ohut naamio on runsasuotteinen, istuu tiiviisti kasvoille ja varmistaa maksimaalisen tehon. Ainesosa imeytyy nopeasti j\u00e4tt\u00e4m\u00e4tt\u00e4 tahmeaa tai kirist\u00e4v\u00e4\u00e4 tunnetta.<\/p>\n<p data-start=\"933\" data-end=\"2495\"><strong data-start=\"933\" data-end=\"957\">T\u00e4rkeimm\u00e4t vaikuttavat aineet:<\/strong><br data-start=\"957\" data-end=\"960\" \/><strong data-start=\"960\" data-end=\"993\">Hydrolysoidut istukan proteiinit<\/strong> \u2014 epidermiksen solujen rakennusaine, joka tiivist\u00e4\u00e4 ja palauttaa kudosrakennetta sek\u00e4 stimuloi uusien kuitujen muodostumista. Tarjoaa kohottavan vaikutuksen, nopeuttaa paranemista ja ihon uusiutumista. Auttaa supistamaan ihohuokosia, tasoittamaan tekstuuria ja v\u00e4hent\u00e4m\u00e4\u00e4n punoitusta, pigmenttimuutoksia ja aknen j\u00e4lkeisi\u00e4 arpia.<br data-start=\"1293\" data-end=\"1296\" \/><strong data-start=\"1296\" data-end=\"1308\">Lanoliini<\/strong> \u2014 luo suojaavan kerroksen, joka v\u00e4hent\u00e4\u00e4 kosteuden haihtumista ja pit\u00e4\u00e4 ihon luonnollisesti kosteutettuna pitk\u00e4\u00e4n. Ehk\u00e4isee kuivumista ja hilseily\u00e4, korjaa mikrovaurioita ja palauttaa sarveiskerroksen eheyden.<br data-start=\"1499\" data-end=\"1502\" \/><strong data-start=\"1502\" data-end=\"1517\">11 peptidi\u00e4<\/strong> \u2014 tukevat jatkuvaa solujen uusiutumista, ehk\u00e4isev\u00e4t ik\u00e4\u00e4ntymist\u00e4, v\u00e4hent\u00e4v\u00e4t ryppyjen n\u00e4kymist\u00e4 ja est\u00e4v\u00e4t uusien muodostumista. Stimuloivat uudistumista, hidastavat solujen ik\u00e4\u00e4ntymist\u00e4, normalisoivat kollageenin ja elastiinin tuotantoa ja tasoittavat ihon pintaa.<br data-start=\"1786\" data-end=\"1789\" \/><strong data-start=\"1789\" data-end=\"1815\">4 erilaista hyaluronihappoa<\/strong> \u2014 kosteuttavat syv\u00e4lt\u00e4, yll\u00e4pit\u00e4v\u00e4t pH-tasapainoa ja luovat iholle n\u00e4kym\u00e4tt\u00f6m\u00e4n suojakerroksen, joka est\u00e4\u00e4 kosteuden haihtumista, parantaa ihon kimmoisuutta ja tekee siit\u00e4 sile\u00e4n.<br data-start=\"1980\" data-end=\"1983\" \/><strong data-start=\"1983\" data-end=\"2011\">Lactobacillus-entsyymit<\/strong> \u2014 v\u00e4hent\u00e4v\u00e4t hyperpigmentaatiota ja est\u00e4v\u00e4t uusien pigmenttil\u00e4iskien muodostumista, tasoittavat ihonv\u00e4ri\u00e4 ja s\u00e4\u00e4telev\u00e4t melaniinin tuotantoa.<br data-start=\"2150\" data-end=\"2153\" \/><strong data-start=\"2153\" data-end=\"2176\">Aspergillus-entsyymi<\/strong> \u2014 torjuu ei-toivottua pigmentti\u00e4, poistaa kuolleita ihosoluja ja stimuloi uusiutumis- ja paranemisprosesseja. V\u00e4hent\u00e4\u00e4 ihon herkkyytt\u00e4 ja vahvistaa ihon suojatoimintoja.<br data-start=\"2348\" data-end=\"2351\" \/><strong data-start=\"2351\" data-end=\"2372\">Urea (virtsa)<\/strong> \u2014 yll\u00e4pit\u00e4\u00e4 ihon kosteustasapainoa, sill\u00e4 on antibakteerisia ja antiseptisi\u00e4 vaikutuksia ja se parantaa muiden vaikuttavien aineiden imeytymist\u00e4.<\/p>\n<p data-start=\"2497\" data-end=\"2536\">Sopii kuivalle ja kuivuneelle iholle.<\/p>\n<p data-start=\"2538\" data-end=\"2769\"><strong data-start=\"2538\" data-end=\"2553\">K\u00e4ytt\u00f6:<\/strong> K\u00e4yt\u00e4 puhdistuksen ja kasvoveden j\u00e4lkeen. Poista naamio varovasti pakkauksesta, aseta se kasvoille ja hiero tiiviisti. Anna vaikuttaa 10\u201320 minuuttia, poista se ja taputtele j\u00e4ljelle j\u00e4\u00e4nyt naamio hell\u00e4varaisesti ihoon.<\/p>","protected":false},"excerpt":{"rendered":"<p>JMsolution Placen Lanoliininaamio Puhdas kangasnaamio istukkaa ja lanoliinia sis\u00e4lt\u00e4v\u00e4ll\u00e4 tuotteella palauttaa ihon lipidisuojakerroksen, vahvistaa sen rakennetta ja antaa iholle sileyden, kimmoisuuden ja luonnollisen s\u00e4vyn. Tasoittaa ihon rakennetta ja neutraloi ulkoisen ymp\u00e4rist\u00f6n haitallisia vaikutuksia. Naamio ei ainoastaan poista kosteuden puutetta ja tue optimaalista hydrolipiditasapainoa, vaan my\u00f6s parantaa solujen kyky\u00e4 s\u00e4ilytt\u00e4\u00e4 kosteutta. Ravitsee ihoa syv\u00e4lt\u00e4, kiinteytt\u00e4\u00e4 ihoa, korjaa vaurioita\u2026<\/p>","protected":false},"featured_media":16802,"comment_status":"open","ping_status":"closed","template":"","meta":{"_uf_show_specific_survey":0,"_uf_disable_surveys":false,"_bst_post_transparent":"default","_bst_post_title":"","_bst_post_layout":"default","_bst_post_sidebar_id":"","_bst_post_content_style":"default","_bst_post_vertical_padding":"default","_bst_post_feature":"","_bst_post_feature_position":"","_bst_post_header":false,"_bst_post_footer":false},"pwb-brand":[487],"product_brand":[],"product_cat":[92,98],"product_tag":[568,614],"class_list":{"0":"post-16801","1":"product","2":"type-product","3":"status-publish","4":"has-post-thumbnail","6":"pwb-brand-jm-solution","7":"product_cat-nagu","8":"product_cat-naomaskid","9":"product_tag-korea","10":"product_tag-mask","12":"first","13":"instock","14":"shipping-taxable","15":"purchasable","16":"product-type-simple","17":"entry","18":"content-bg","19":"loop-entry"},"supplier_id":null,"supplier_sku":"","barcode":null,"atum_controlled":true,"out_stock_date":null,"out_stock_threshold":null,"inheritable":false,"inbound_stock":0,"stock_on_hold":0,"sold_today":0,"sales_last_days":0,"out_stock_days":0,"lost_sales":0,"has_location":false,"update_date":"2026-04-24T00:09:07","atum_locations":[],"atum_stock_status":"instock","restock_status":false,"low_stock_amount":"","sales_update_date":"2026-04-24T00:09:07","calc_backorders":null,"yoast_head":"<!-- This site is optimized with the Yoast SEO plugin v27.2 - https:\/\/yoast.com\/product\/yoast-seo-wordpress\/ -->\n<title>JMsolution Placen Lanolin Mask Pure - IDA.KOREA<\/title>\n<meta name=\"description\" content=\"Platsenta ja lanoliiniga kangasmask taastab naha lipiidmantli, tugevdab struktuuri ning annab nahale sileduse, elastsuse ja loomuliku jume. - Kiire tarne!\" \/>\n<meta name=\"robots\" content=\"index, follow, max-snippet:-1, max-image-preview:large, max-video-preview:-1\" \/>\n<link rel=\"canonical\" href=\"https:\/\/idakorea.ee\/fi\/product\/jmsolution-placen-lanolin-mask-pure\/\" \/>\n<meta property=\"og:locale\" content=\"fi_FI\" \/>\n<meta property=\"og:type\" content=\"article\" \/>\n<meta property=\"og:title\" content=\"JMsolution Placen Lanolin Mask Pure - IDA.KOREA\" \/>\n<meta property=\"og:description\" content=\"Platsenta ja lanoliiniga kangasmask taastab naha lipiidmantli, tugevdab struktuuri ning annab nahale sileduse, elastsuse ja loomuliku jume. - Kiire tarne!\" \/>\n<meta property=\"og:url\" content=\"https:\/\/idakorea.ee\/fi\/product\/jmsolution-placen-lanolin-mask-pure\/\" \/>\n<meta property=\"og:site_name\" content=\"IDA.KOREA\" \/>\n<meta property=\"article:modified_time\" content=\"2026-02-24T21:37:40+00:00\" \/>\n<meta property=\"og:image\" content=\"https:\/\/idakorea.ee\/wp-content\/uploads\/2025\/12\/JMSolution-Placen-Lanolin-Mask-Pure-idakorea.jpg\" \/>\n\t<meta property=\"og:image:width\" content=\"1000\" \/>\n\t<meta property=\"og:image:height\" content=\"1000\" \/>\n\t<meta property=\"og:image:type\" content=\"image\/jpeg\" \/>\n<meta name=\"twitter:card\" content=\"summary_large_image\" \/>\n<meta name=\"twitter:label1\" content=\"Arvioitu lukuaika\" \/>\n\t<meta name=\"twitter:data1\" content=\"2 minuuttia\" \/>\n<script type=\"application\/ld+json\" class=\"yoast-schema-graph\">{\"@context\":\"https:\/\/schema.org\",\"@graph\":[{\"@type\":\"WebPage\",\"@id\":\"https:\/\/idakorea.ee\/product\/jmsolution-placen-lanolin-mask-pure\/\",\"url\":\"https:\/\/idakorea.ee\/product\/jmsolution-placen-lanolin-mask-pure\/\",\"name\":\"JMsolution Placen Lanolin Mask Pure - IDA.KOREA\",\"isPartOf\":{\"@id\":\"https:\/\/idakorea.ee\/#website\"},\"primaryImageOfPage\":{\"@id\":\"https:\/\/idakorea.ee\/product\/jmsolution-placen-lanolin-mask-pure\/#primaryimage\"},\"image\":{\"@id\":\"https:\/\/idakorea.ee\/product\/jmsolution-placen-lanolin-mask-pure\/#primaryimage\"},\"thumbnailUrl\":\"https:\/\/idakorea.ee\/wp-content\/uploads\/2025\/12\/JMSolution-Placen-Lanolin-Mask-Pure-idakorea.jpg\",\"datePublished\":\"2025-12-09T13:15:26+00:00\",\"dateModified\":\"2026-02-24T21:37:40+00:00\",\"description\":\"Platsenta ja lanoliiniga kangasmask taastab naha lipiidmantli, tugevdab struktuuri ning annab nahale sileduse, elastsuse ja loomuliku jume. - Kiire tarne!\",\"breadcrumb\":{\"@id\":\"https:\/\/idakorea.ee\/product\/jmsolution-placen-lanolin-mask-pure\/#breadcrumb\"},\"inLanguage\":\"fi\",\"potentialAction\":[{\"@type\":\"ReadAction\",\"target\":[\"https:\/\/idakorea.ee\/product\/jmsolution-placen-lanolin-mask-pure\/\"]}]},{\"@type\":\"ImageObject\",\"inLanguage\":\"fi\",\"@id\":\"https:\/\/idakorea.ee\/product\/jmsolution-placen-lanolin-mask-pure\/#primaryimage\",\"url\":\"https:\/\/idakorea.ee\/wp-content\/uploads\/2025\/12\/JMSolution-Placen-Lanolin-Mask-Pure-idakorea.jpg\",\"contentUrl\":\"https:\/\/idakorea.ee\/wp-content\/uploads\/2025\/12\/JMSolution-Placen-Lanolin-Mask-Pure-idakorea.jpg\",\"width\":1000,\"height\":1000},{\"@type\":\"BreadcrumbList\",\"@id\":\"https:\/\/idakorea.ee\/product\/jmsolution-placen-lanolin-mask-pure\/#breadcrumb\",\"itemListElement\":[{\"@type\":\"ListItem\",\"position\":1,\"name\":\"\u0413\u043b\u0430\u0432\u043d\u0430\u044f \u0441\u0442\u0440\u0430\u043d\u0438\u0446\u0430\",\"item\":\"https:\/\/idakorea.ee\/\"},{\"@type\":\"ListItem\",\"position\":2,\"name\":\"Shop\",\"item\":\"https:\/\/idakorea.ee\/shop-2\/\"},{\"@type\":\"ListItem\",\"position\":3,\"name\":\"Platsenta ja lanoliiniga kangasmask JMsolution Placen Lanolin Mask Pure\"}]},{\"@type\":\"WebSite\",\"@id\":\"https:\/\/idakorea.ee\/#website\",\"url\":\"https:\/\/idakorea.ee\/\",\"name\":\"IDA.KOREA\",\"description\":\"Korea kosmeetika e-pood\",\"publisher\":{\"@id\":\"https:\/\/idakorea.ee\/#organization\"},\"alternateName\":\"Beauty Shop\",\"potentialAction\":[{\"@type\":\"SearchAction\",\"target\":{\"@type\":\"EntryPoint\",\"urlTemplate\":\"https:\/\/idakorea.ee\/?s={search_term_string}\"},\"query-input\":{\"@type\":\"PropertyValueSpecification\",\"valueRequired\":true,\"valueName\":\"search_term_string\"}}],\"inLanguage\":\"fi\"},{\"@type\":\"Organization\",\"@id\":\"https:\/\/idakorea.ee\/#organization\",\"name\":\"IDA.KOREA\",\"url\":\"https:\/\/idakorea.ee\/\",\"logo\":{\"@type\":\"ImageObject\",\"inLanguage\":\"fi\",\"@id\":\"https:\/\/idakorea.ee\/#\/schema\/logo\/image\/\",\"url\":\"https:\/\/idakorea.ee\/wp-content\/uploads\/2024\/05\/cropped-korea3.png\",\"contentUrl\":\"https:\/\/idakorea.ee\/wp-content\/uploads\/2024\/05\/cropped-korea3.png\",\"width\":688,\"height\":126,\"caption\":\"IDA.KOREA\"},\"image\":{\"@id\":\"https:\/\/idakorea.ee\/#\/schema\/logo\/image\/\"},\"sameAs\":[\"https:\/\/www.instagram.com\/ida.korea\/\"]}]}<\/script>\n<!-- \/ Yoast SEO plugin. -->","yoast_head_json":{"title":"JMsolution Placen Lanolin Mask Pure - IDA.KOREA","description":"Ihoa ravitseva kangasnaamio, jossa on istukkaa ja lanoliinia, palauttaa ihon lipidikerroksen, vahvistaa sen rakennetta ja antaa iholle sileytt\u00e4, kimmoisuutta ja luonnollisen s\u00e4vyn. - Nopea toimitus!","robots":{"index":"index","follow":"follow","max-snippet":"max-snippet:-1","max-image-preview":"max-image-preview:large","max-video-preview":"max-video-preview:-1"},"canonical":"https:\/\/idakorea.ee\/fi\/product\/jmsolution-placen-lanolin-mask-pure\/","og_locale":"fi_FI","og_type":"article","og_title":"JMsolution Placen Lanolin Mask Pure - IDA.KOREA","og_description":"Platsenta ja lanoliiniga kangasmask taastab naha lipiidmantli, tugevdab struktuuri ning annab nahale sileduse, elastsuse ja loomuliku jume. - Kiire tarne!","og_url":"https:\/\/idakorea.ee\/fi\/product\/jmsolution-placen-lanolin-mask-pure\/","og_site_name":"IDA.KOREA","article_modified_time":"2026-02-24T21:37:40+00:00","og_image":[{"width":1000,"height":1000,"url":"https:\/\/idakorea.ee\/wp-content\/uploads\/2025\/12\/JMSolution-Placen-Lanolin-Mask-Pure-idakorea.jpg","type":"image\/jpeg"}],"twitter_card":"summary_large_image","twitter_misc":{"Arvioitu lukuaika":"2 minuuttia"},"schema":{"@context":"https:\/\/schema.org","@graph":[{"@type":"WebPage","@id":"https:\/\/idakorea.ee\/product\/jmsolution-placen-lanolin-mask-pure\/","url":"https:\/\/idakorea.ee\/product\/jmsolution-placen-lanolin-mask-pure\/","name":"JMsolution Placen Lanolin Mask Pure - IDA.KOREA","isPartOf":{"@id":"https:\/\/idakorea.ee\/#website"},"primaryImageOfPage":{"@id":"https:\/\/idakorea.ee\/product\/jmsolution-placen-lanolin-mask-pure\/#primaryimage"},"image":{"@id":"https:\/\/idakorea.ee\/product\/jmsolution-placen-lanolin-mask-pure\/#primaryimage"},"thumbnailUrl":"https:\/\/idakorea.ee\/wp-content\/uploads\/2025\/12\/JMSolution-Placen-Lanolin-Mask-Pure-idakorea.jpg","datePublished":"2025-12-09T13:15:26+00:00","dateModified":"2026-02-24T21:37:40+00:00","description":"Ihoa ravitseva kangasnaamio, jossa on istukkaa ja lanoliinia, palauttaa ihon lipidikerroksen, vahvistaa sen rakennetta ja antaa iholle sileytt\u00e4, kimmoisuutta ja luonnollisen s\u00e4vyn. - Nopea toimitus!","breadcrumb":{"@id":"https:\/\/idakorea.ee\/product\/jmsolution-placen-lanolin-mask-pure\/#breadcrumb"},"inLanguage":"fi","potentialAction":[{"@type":"ReadAction","target":["https:\/\/idakorea.ee\/product\/jmsolution-placen-lanolin-mask-pure\/"]}]},{"@type":"ImageObject","inLanguage":"fi","@id":"https:\/\/idakorea.ee\/product\/jmsolution-placen-lanolin-mask-pure\/#primaryimage","url":"https:\/\/idakorea.ee\/wp-content\/uploads\/2025\/12\/JMSolution-Placen-Lanolin-Mask-Pure-idakorea.jpg","contentUrl":"https:\/\/idakorea.ee\/wp-content\/uploads\/2025\/12\/JMSolution-Placen-Lanolin-Mask-Pure-idakorea.jpg","width":1000,"height":1000},{"@type":"BreadcrumbList","@id":"https:\/\/idakorea.ee\/product\/jmsolution-placen-lanolin-mask-pure\/#breadcrumb","itemListElement":[{"@type":"ListItem","position":1,"name":"\u0413\u043b\u0430\u0432\u043d\u0430\u044f \u0441\u0442\u0440\u0430\u043d\u0438\u0446\u0430","item":"https:\/\/idakorea.ee\/"},{"@type":"ListItem","position":2,"name":"Shop","item":"https:\/\/idakorea.ee\/shop-2\/"},{"@type":"ListItem","position":3,"name":"Platsenta ja lanoliiniga kangasmask JMsolution Placen Lanolin Mask Pure"}]},{"@type":"WebSite","@id":"https:\/\/idakorea.ee\/#website","url":"https:\/\/idakorea.ee\/","name":"IDA.KOREA","description":"Korean kosmetiikan verkkokauppa","publisher":{"@id":"https:\/\/idakorea.ee\/#organization"},"alternateName":"Beauty Shop","potentialAction":[{"@type":"SearchAction","target":{"@type":"EntryPoint","urlTemplate":"https:\/\/idakorea.ee\/?s={search_term_string}"},"query-input":{"@type":"PropertyValueSpecification","valueRequired":true,"valueName":"search_term_string"}}],"inLanguage":"fi"},{"@type":"Organization","@id":"https:\/\/idakorea.ee\/#organization","name":"IDA.KOREA","url":"https:\/\/idakorea.ee\/","logo":{"@type":"ImageObject","inLanguage":"fi","@id":"https:\/\/idakorea.ee\/#\/schema\/logo\/image\/","url":"https:\/\/idakorea.ee\/wp-content\/uploads\/2024\/05\/cropped-korea3.png","contentUrl":"https:\/\/idakorea.ee\/wp-content\/uploads\/2024\/05\/cropped-korea3.png","width":688,"height":126,"caption":"IDA.KOREA"},"image":{"@id":"https:\/\/idakorea.ee\/#\/schema\/logo\/image\/"},"sameAs":["https:\/\/www.instagram.com\/ida.korea\/"]}]}},"jetpack_sharing_enabled":true,"brands":[{"id":487,"name":"JM SOLUTION","slug":"jm-solution"}],"_links":{"self":[{"href":"https:\/\/idakorea.ee\/fi\/wp-json\/wp\/v2\/product\/16801","targetHints":{"allow":["GET"]}}],"collection":[{"href":"https:\/\/idakorea.ee\/fi\/wp-json\/wp\/v2\/product"}],"about":[{"href":"https:\/\/idakorea.ee\/fi\/wp-json\/wp\/v2\/types\/product"}],"replies":[{"embeddable":true,"href":"https:\/\/idakorea.ee\/fi\/wp-json\/wp\/v2\/comments?post=16801"}],"version-history":[{"count":1,"href":"https:\/\/idakorea.ee\/fi\/wp-json\/wp\/v2\/product\/16801\/revisions"}],"predecessor-version":[{"id":16803,"href":"https:\/\/idakorea.ee\/fi\/wp-json\/wp\/v2\/product\/16801\/revisions\/16803"}],"wp:featuredmedia":[{"embeddable":true,"href":"https:\/\/idakorea.ee\/fi\/wp-json\/wp\/v2\/media\/16802"}],"wp:attachment":[{"href":"https:\/\/idakorea.ee\/fi\/wp-json\/wp\/v2\/media?parent=16801"}],"wp:term":[{"taxonomy":"pwb-brand","embeddable":true,"href":"https:\/\/idakorea.ee\/fi\/wp-json\/wp\/v2\/pwb-brand?post=16801"},{"taxonomy":"product_brand","embeddable":true,"href":"https:\/\/idakorea.ee\/fi\/wp-json\/wp\/v2\/product_brand?post=16801"},{"taxonomy":"product_cat","embeddable":true,"href":"https:\/\/idakorea.ee\/fi\/wp-json\/wp\/v2\/product_cat?post=16801"},{"taxonomy":"product_tag","embeddable":true,"href":"https:\/\/idakorea.ee\/fi\/wp-json\/wp\/v2\/product_tag?post=16801"}],"curies":[{"name":"wp","href":"https:\/\/api.w.org\/{rel}","templated":true}]}}