{"id":16805,"date":"2025-12-09T15:24:10","date_gmt":"2025-12-09T13:24:10","guid":{"rendered":"https:\/\/idakorea.ee\/?post_type=product&#038;p=16805"},"modified":"2026-03-28T16:20:45","modified_gmt":"2026-03-28T14:20:45","slug":"atopalm-mle-cream-65ml","status":"publish","type":"product","link":"https:\/\/idakorea.ee\/fi\/product\/atopalm-mle-cream-65ml\/","title":{"rendered":"Tehokkaasti palauttava ja kosteuttava kasvovoide Atopalm MLE Cream, 65ml"},"content":{"rendered":"<p data-start=\"77\" data-end=\"291\"><strong data-start=\"77\" data-end=\"98\">Atopalm MLE Cream<\/strong> \u2013 tehokkaasti uudistava ja kosteuttava kasvovoide, joka vahvistaa ihon suojatoimintoja ja tarjoaa vahvan antioksidanttisuojan. Hidastaa ihon ennenaikaista ik\u00e4\u00e4ntymist\u00e4 ja tukee tervett\u00e4 ihon tasapainoa.<\/p>\n<p data-start=\"293\" data-end=\"419\">Kerma on luotu <strong data-start=\"309\" data-end=\"343\">Multi Lamellar Emulsion (MLE\u00ae)<\/strong> teknologialla, joka vahvistaa ihon suojakerrosta ja parantaa sen puolustuskyky\u00e4.<\/p>\n<p data-start=\"421\" data-end=\"660\"><strong data-start=\"421\" data-end=\"443\">Miten se toimii?<\/strong><br data-start=\"443\" data-end=\"446\" \/>Lamellirakenteiset tuotteet j\u00e4ljittelev\u00e4t ihon sarveiskerroksen lipidej\u00e4. Voide toimii kuin &quot;korjauslaastari&quot;: sen hiukkaset sulautuvat luonnollisesti lipidikerrokseen, t\u00e4ytt\u00e4v\u00e4t mikrovauriot ja palauttavat ihon eheyden.<\/p>\n<p data-start=\"667\" data-end=\"694\"><strong data-start=\"671\" data-end=\"694\">T\u00e4rkeimm\u00e4t vaikuttavat aineosat<\/strong><\/p>\n<ul>\n<li data-start=\"696\" data-end=\"886\"><strong data-start=\"696\" data-end=\"719\">Ryp\u00e4leensiemen\u00f6ljy<\/strong> \u2013 tunnettu voimakkaasta antioksidanttisesta vaikutuksestaan. Lis\u00e4\u00e4 ihon kimmoisuutta, v\u00e4hent\u00e4\u00e4 ryppyjen n\u00e4kymist\u00e4, vahvistaa verisuonten sein\u00e4mi\u00e4, v\u00e4hent\u00e4\u00e4 turvotusta ja v\u00e4symyksen merkkej\u00e4.<\/li>\n<li data-start=\"888\" data-end=\"1002\"><strong data-start=\"888\" data-end=\"910\">Portulakan uute<\/strong> \u2013 kiinteytt\u00e4v\u00e4, haavaumia parantava ja vieraita poistava vaikutus. Nopeuttaa kudosten uudistumista.<\/li>\n<li data-start=\"1004\" data-end=\"1187\"><strong data-start=\"1004\" data-end=\"1017\">Jojoba\u00f6ljy<\/strong> \u2013 sis\u00e4lt\u00e4\u00e4 rasvahappoja, kollageenia ja E-vitamiinia. Uudistavilla, tulehdusta ehk\u00e4isevill\u00e4 ja tasapainottavilla vaikutuksilla. Imeytyy nopeasti eik\u00e4 j\u00e4t\u00e4 raskasta tunnetta tai \u00f6ljyist\u00e4 kiiltoa.<\/li>\n<li data-start=\"1189\" data-end=\"1417\"><strong data-start=\"1189\" data-end=\"1216\">Tokoferoli (E-vitamiini)<\/strong> \u2013 suojaa ihoa ulkoisilta haitallisilta tekij\u00f6ilt\u00e4, est\u00e4\u00e4 lipidien hapettumista ja rikastuttaa ihoa vitamiineilla. Pystyy tunkeutumaan ihon syvempiin kerroksiin, miss\u00e4 se muuttuu aktiiviseksi E-vitamiiniksi.<\/li>\n<li data-start=\"1419\" data-end=\"1588\"><strong data-start=\"1419\" data-end=\"1436\">Fytosterolit<\/strong> \u2013 pidet\u00e4\u00e4n yhten\u00e4 fysiologisesti tehokkaimmista nuorentavista ainesosista. Tasapainottaa ihon toimintoja, stimuloi kollageenin ja elastiinin synteesi\u00e4.<\/li>\n<li data-start=\"1590\" data-end=\"1729\"><strong data-start=\"1590\" data-end=\"1602\">Arginia<\/strong> \u2013 aminohappo, joka edist\u00e4\u00e4 kudosten paranemista, v\u00e4hent\u00e4\u00e4 ep\u00e4tasaisuuksia, parantaa ihon kiinteytt\u00e4 ja vahvistaa epidermiksen s\u00e4vy\u00e4.<\/li>\n<\/ul>\n<p data-start=\"1736\" data-end=\"1764\"><strong data-start=\"1740\" data-end=\"1764\">Ymp\u00e4rist\u00f6yst\u00e4v\u00e4llisyys<\/strong><\/p>\n<p data-start=\"1766\" data-end=\"1990\">Ymp\u00e4rist\u00f6yst\u00e4v\u00e4llinen tuotemerkki <strong data-start=\"1785\" data-end=\"1796\">Atopalm<\/strong> on t\u00e4ysin turvallinen sek\u00e4 iholle ett\u00e4 ymp\u00e4rist\u00f6lle. Pakkaus on valmistettu FSC-sertifioiduista materiaaleista, ja painatuksessa k\u00e4ytet\u00e4\u00e4n soijapohjaisia musteita, jotka eiv\u00e4t kierr\u00e4tett\u00e4ess\u00e4 aiheuta haittaa.<\/p>\n<p data-start=\"1997\" data-end=\"2052\"><strong data-start=\"1997\" data-end=\"2019\">Sopii ihotyypille:<\/strong> normaalille, kuivalle ja herk\u00e4lle iholle.<\/p>\n<p data-start=\"2059\" data-end=\"2079\"><strong data-start=\"2063\" data-end=\"2077\">K\u00e4ytt\u00f6<\/strong><\/p>\n<p data-start=\"2080\" data-end=\"2180\">Levit\u00e4 voidetta puhtaalle ja kasvovedelle iholle. Sopii p\u00e4ivitt\u00e4iseen k\u00e4ytt\u00f6\u00f6n, aamuin illoin.<\/p>","protected":false},"excerpt":{"rendered":"<p>Atopalm MLE Cream \u2013 intensiivisesti uudistava ja kosteuttava kasvovoide, joka vahvistaa ihon suojatoimintoja ja tarjoaa vahvan antioksidanttisuojan. Hidastaa ihon ennenaikaista ik\u00e4\u00e4ntymist\u00e4 ja tukee tervett\u00e4 ihon tasapainoa. Voide on luotu Multi Lamellar Emulsion (MLE\u00ae) -teknologialla, joka vahvistaa ihon suojakerrosta ja parantaa sen suojakyky\u00e4. Miten se toimii? Lamellirakenteiset tuotteet j\u00e4ljittelev\u00e4t ihon sarveiskerroksen lipidej\u00e4. Voide toimii ik\u00e4\u00e4n kuin\u2026<\/p>","protected":false},"featured_media":16806,"comment_status":"open","ping_status":"closed","template":"","meta":{"_uf_show_specific_survey":0,"_uf_disable_surveys":false,"_bst_post_transparent":"default","_bst_post_title":"","_bst_post_layout":"default","_bst_post_sidebar_id":"","_bst_post_content_style":"default","_bst_post_vertical_padding":"default","_bst_post_feature":"","_bst_post_feature_position":"","_bst_post_header":false,"_bst_post_footer":false},"pwb-brand":[1036],"product_brand":[],"product_cat":[92,96],"product_tag":[1038,1037,568],"class_list":{"0":"post-16805","1":"product","2":"type-product","3":"status-publish","4":"has-post-thumbnail","6":"pwb-brand-atopalm","7":"product_cat-nagu","8":"product_cat-naokreemid","9":"product_tag-atopalm","10":"product_tag-derma","11":"product_tag-korea","13":"first","14":"instock","15":"sale","16":"shipping-taxable","17":"purchasable","18":"product-type-simple","19":"entry","20":"content-bg","21":"loop-entry"},"supplier_id":null,"supplier_sku":"","barcode":null,"atum_controlled":true,"out_stock_date":null,"out_stock_threshold":null,"inheritable":false,"inbound_stock":0,"stock_on_hold":0,"sold_today":0,"sales_last_days":0,"out_stock_days":0,"lost_sales":0,"has_location":false,"update_date":"2026-04-14T00:05:10","atum_locations":[],"atum_stock_status":"instock","restock_status":false,"low_stock_amount":"","sales_update_date":"2026-04-14T00:05:10","calc_backorders":null,"yoast_head":"<!-- This site is optimized with the Yoast SEO plugin v27.2 - https:\/\/yoast.com\/product\/yoast-seo-wordpress\/ -->\n<title>Atopalm MLE Cream, 65ml - IDA.KOREA<\/title>\n<meta name=\"description\" content=\"Intensiivselt taastav ja niisutav n\u00e4okreem, mis tugevdab naha kaitsefunktsioone ja pakub tugevat antioks\u00fcdantset kaitset. Toetab terve naha tasakaalu.\" \/>\n<meta name=\"robots\" content=\"index, follow, max-snippet:-1, max-image-preview:large, max-video-preview:-1\" \/>\n<link rel=\"canonical\" href=\"https:\/\/idakorea.ee\/fi\/product\/atopalm-mle-cream-65ml\/\" \/>\n<meta property=\"og:locale\" content=\"fi_FI\" \/>\n<meta property=\"og:type\" content=\"article\" \/>\n<meta property=\"og:title\" content=\"Atopalm MLE Cream, 65ml - IDA.KOREA\" \/>\n<meta property=\"og:description\" content=\"Intensiivselt taastav ja niisutav n\u00e4okreem, mis tugevdab naha kaitsefunktsioone ja pakub tugevat antioks\u00fcdantset kaitset. Toetab terve naha tasakaalu.\" \/>\n<meta property=\"og:url\" content=\"https:\/\/idakorea.ee\/fi\/product\/atopalm-mle-cream-65ml\/\" \/>\n<meta property=\"og:site_name\" content=\"IDA.KOREA\" \/>\n<meta property=\"article:modified_time\" content=\"2026-03-28T14:20:45+00:00\" \/>\n<meta property=\"og:image\" content=\"https:\/\/idakorea.ee\/wp-content\/uploads\/2025\/12\/Atopalm-MLE-Cream-idakorea.jpg\" \/>\n\t<meta property=\"og:image:width\" content=\"1000\" \/>\n\t<meta property=\"og:image:height\" content=\"1000\" \/>\n\t<meta property=\"og:image:type\" content=\"image\/jpeg\" \/>\n<meta name=\"twitter:card\" content=\"summary_large_image\" \/>\n<meta name=\"twitter:label1\" content=\"Arvioitu lukuaika\" \/>\n\t<meta name=\"twitter:data1\" content=\"2 minuuttia\" \/>\n<script type=\"application\/ld+json\" class=\"yoast-schema-graph\">{\"@context\":\"https:\/\/schema.org\",\"@graph\":[{\"@type\":\"WebPage\",\"@id\":\"https:\/\/idakorea.ee\/product\/atopalm-mle-cream-65ml\/\",\"url\":\"https:\/\/idakorea.ee\/product\/atopalm-mle-cream-65ml\/\",\"name\":\"Atopalm MLE Cream, 65ml - IDA.KOREA\",\"isPartOf\":{\"@id\":\"https:\/\/idakorea.ee\/#website\"},\"primaryImageOfPage\":{\"@id\":\"https:\/\/idakorea.ee\/product\/atopalm-mle-cream-65ml\/#primaryimage\"},\"image\":{\"@id\":\"https:\/\/idakorea.ee\/product\/atopalm-mle-cream-65ml\/#primaryimage\"},\"thumbnailUrl\":\"https:\/\/idakorea.ee\/wp-content\/uploads\/2025\/12\/Atopalm-MLE-Cream-idakorea.jpg\",\"datePublished\":\"2025-12-09T13:24:10+00:00\",\"dateModified\":\"2026-03-28T14:20:45+00:00\",\"description\":\"Intensiivselt taastav ja niisutav n\u00e4okreem, mis tugevdab naha kaitsefunktsioone ja pakub tugevat antioks\u00fcdantset kaitset. Toetab terve naha tasakaalu.\",\"breadcrumb\":{\"@id\":\"https:\/\/idakorea.ee\/product\/atopalm-mle-cream-65ml\/#breadcrumb\"},\"inLanguage\":\"fi\",\"potentialAction\":[{\"@type\":\"ReadAction\",\"target\":[\"https:\/\/idakorea.ee\/product\/atopalm-mle-cream-65ml\/\"]}]},{\"@type\":\"ImageObject\",\"inLanguage\":\"fi\",\"@id\":\"https:\/\/idakorea.ee\/product\/atopalm-mle-cream-65ml\/#primaryimage\",\"url\":\"https:\/\/idakorea.ee\/wp-content\/uploads\/2025\/12\/Atopalm-MLE-Cream-idakorea.jpg\",\"contentUrl\":\"https:\/\/idakorea.ee\/wp-content\/uploads\/2025\/12\/Atopalm-MLE-Cream-idakorea.jpg\",\"width\":1000,\"height\":1000},{\"@type\":\"BreadcrumbList\",\"@id\":\"https:\/\/idakorea.ee\/product\/atopalm-mle-cream-65ml\/#breadcrumb\",\"itemListElement\":[{\"@type\":\"ListItem\",\"position\":1,\"name\":\"\u0413\u043b\u0430\u0432\u043d\u0430\u044f \u0441\u0442\u0440\u0430\u043d\u0438\u0446\u0430\",\"item\":\"https:\/\/idakorea.ee\/\"},{\"@type\":\"ListItem\",\"position\":2,\"name\":\"Shop\",\"item\":\"https:\/\/idakorea.ee\/shop-2\/\"},{\"@type\":\"ListItem\",\"position\":3,\"name\":\"Intensiivselt taastav ja niisutav n\u00e4okreem Atopalm MLE Cream, 65ml\"}]},{\"@type\":\"WebSite\",\"@id\":\"https:\/\/idakorea.ee\/#website\",\"url\":\"https:\/\/idakorea.ee\/\",\"name\":\"IDA.KOREA\",\"description\":\"Korea kosmeetika e-pood\",\"publisher\":{\"@id\":\"https:\/\/idakorea.ee\/#organization\"},\"alternateName\":\"Beauty Shop\",\"potentialAction\":[{\"@type\":\"SearchAction\",\"target\":{\"@type\":\"EntryPoint\",\"urlTemplate\":\"https:\/\/idakorea.ee\/?s={search_term_string}\"},\"query-input\":{\"@type\":\"PropertyValueSpecification\",\"valueRequired\":true,\"valueName\":\"search_term_string\"}}],\"inLanguage\":\"fi\"},{\"@type\":\"Organization\",\"@id\":\"https:\/\/idakorea.ee\/#organization\",\"name\":\"IDA.KOREA\",\"url\":\"https:\/\/idakorea.ee\/\",\"logo\":{\"@type\":\"ImageObject\",\"inLanguage\":\"fi\",\"@id\":\"https:\/\/idakorea.ee\/#\/schema\/logo\/image\/\",\"url\":\"https:\/\/idakorea.ee\/wp-content\/uploads\/2024\/05\/cropped-korea3.png\",\"contentUrl\":\"https:\/\/idakorea.ee\/wp-content\/uploads\/2024\/05\/cropped-korea3.png\",\"width\":688,\"height\":126,\"caption\":\"IDA.KOREA\"},\"image\":{\"@id\":\"https:\/\/idakorea.ee\/#\/schema\/logo\/image\/\"},\"sameAs\":[\"https:\/\/www.instagram.com\/ida.korea\/\"]}]}<\/script>\n<!-- \/ Yoast SEO plugin. -->","yoast_head_json":{"title":"Atopalm MLE Cream, 65 ml - IDA.KOREA","description":"Tehokkaasti uudistava ja kosteuttava kasvovoide, joka vahvistaa ihon suojamuuria ja tarjoaa vahvan antioksidanttisuojan. Tukee tervett\u00e4 ihon tasapainoa.","robots":{"index":"index","follow":"follow","max-snippet":"max-snippet:-1","max-image-preview":"max-image-preview:large","max-video-preview":"max-video-preview:-1"},"canonical":"https:\/\/idakorea.ee\/fi\/product\/atopalm-mle-cream-65ml\/","og_locale":"fi_FI","og_type":"article","og_title":"Atopalm MLE Cream, 65ml - IDA.KOREA","og_description":"Intensiivselt taastav ja niisutav n\u00e4okreem, mis tugevdab naha kaitsefunktsioone ja pakub tugevat antioks\u00fcdantset kaitset. Toetab terve naha tasakaalu.","og_url":"https:\/\/idakorea.ee\/fi\/product\/atopalm-mle-cream-65ml\/","og_site_name":"IDA.KOREA","article_modified_time":"2026-03-28T14:20:45+00:00","og_image":[{"width":1000,"height":1000,"url":"https:\/\/idakorea.ee\/wp-content\/uploads\/2025\/12\/Atopalm-MLE-Cream-idakorea.jpg","type":"image\/jpeg"}],"twitter_card":"summary_large_image","twitter_misc":{"Arvioitu lukuaika":"2 minuuttia"},"schema":{"@context":"https:\/\/schema.org","@graph":[{"@type":"WebPage","@id":"https:\/\/idakorea.ee\/product\/atopalm-mle-cream-65ml\/","url":"https:\/\/idakorea.ee\/product\/atopalm-mle-cream-65ml\/","name":"Atopalm MLE Cream, 65 ml - IDA.KOREA","isPartOf":{"@id":"https:\/\/idakorea.ee\/#website"},"primaryImageOfPage":{"@id":"https:\/\/idakorea.ee\/product\/atopalm-mle-cream-65ml\/#primaryimage"},"image":{"@id":"https:\/\/idakorea.ee\/product\/atopalm-mle-cream-65ml\/#primaryimage"},"thumbnailUrl":"https:\/\/idakorea.ee\/wp-content\/uploads\/2025\/12\/Atopalm-MLE-Cream-idakorea.jpg","datePublished":"2025-12-09T13:24:10+00:00","dateModified":"2026-03-28T14:20:45+00:00","description":"Tehokkaasti uudistava ja kosteuttava kasvovoide, joka vahvistaa ihon suojamuuria ja tarjoaa vahvan antioksidanttisuojan. Tukee tervett\u00e4 ihon tasapainoa.","breadcrumb":{"@id":"https:\/\/idakorea.ee\/product\/atopalm-mle-cream-65ml\/#breadcrumb"},"inLanguage":"fi","potentialAction":[{"@type":"ReadAction","target":["https:\/\/idakorea.ee\/product\/atopalm-mle-cream-65ml\/"]}]},{"@type":"ImageObject","inLanguage":"fi","@id":"https:\/\/idakorea.ee\/product\/atopalm-mle-cream-65ml\/#primaryimage","url":"https:\/\/idakorea.ee\/wp-content\/uploads\/2025\/12\/Atopalm-MLE-Cream-idakorea.jpg","contentUrl":"https:\/\/idakorea.ee\/wp-content\/uploads\/2025\/12\/Atopalm-MLE-Cream-idakorea.jpg","width":1000,"height":1000},{"@type":"BreadcrumbList","@id":"https:\/\/idakorea.ee\/product\/atopalm-mle-cream-65ml\/#breadcrumb","itemListElement":[{"@type":"ListItem","position":1,"name":"\u0413\u043b\u0430\u0432\u043d\u0430\u044f \u0441\u0442\u0440\u0430\u043d\u0438\u0446\u0430","item":"https:\/\/idakorea.ee\/"},{"@type":"ListItem","position":2,"name":"Shop","item":"https:\/\/idakorea.ee\/shop-2\/"},{"@type":"ListItem","position":3,"name":"Intensiivselt taastav ja niisutav n\u00e4okreem Atopalm MLE Cream, 65ml"}]},{"@type":"WebSite","@id":"https:\/\/idakorea.ee\/#website","url":"https:\/\/idakorea.ee\/","name":"IDA.KOREA","description":"Korean kosmetiikan verkkokauppa","publisher":{"@id":"https:\/\/idakorea.ee\/#organization"},"alternateName":"Beauty Shop","potentialAction":[{"@type":"SearchAction","target":{"@type":"EntryPoint","urlTemplate":"https:\/\/idakorea.ee\/?s={search_term_string}"},"query-input":{"@type":"PropertyValueSpecification","valueRequired":true,"valueName":"search_term_string"}}],"inLanguage":"fi"},{"@type":"Organization","@id":"https:\/\/idakorea.ee\/#organization","name":"IDA.KOREA","url":"https:\/\/idakorea.ee\/","logo":{"@type":"ImageObject","inLanguage":"fi","@id":"https:\/\/idakorea.ee\/#\/schema\/logo\/image\/","url":"https:\/\/idakorea.ee\/wp-content\/uploads\/2024\/05\/cropped-korea3.png","contentUrl":"https:\/\/idakorea.ee\/wp-content\/uploads\/2024\/05\/cropped-korea3.png","width":688,"height":126,"caption":"IDA.KOREA"},"image":{"@id":"https:\/\/idakorea.ee\/#\/schema\/logo\/image\/"},"sameAs":["https:\/\/www.instagram.com\/ida.korea\/"]}]}},"jetpack_sharing_enabled":true,"brands":[{"id":1036,"name":"ATOPALM","slug":"atopalm"}],"_links":{"self":[{"href":"https:\/\/idakorea.ee\/fi\/wp-json\/wp\/v2\/product\/16805","targetHints":{"allow":["GET"]}}],"collection":[{"href":"https:\/\/idakorea.ee\/fi\/wp-json\/wp\/v2\/product"}],"about":[{"href":"https:\/\/idakorea.ee\/fi\/wp-json\/wp\/v2\/types\/product"}],"replies":[{"embeddable":true,"href":"https:\/\/idakorea.ee\/fi\/wp-json\/wp\/v2\/comments?post=16805"}],"version-history":[{"count":2,"href":"https:\/\/idakorea.ee\/fi\/wp-json\/wp\/v2\/product\/16805\/revisions"}],"predecessor-version":[{"id":18277,"href":"https:\/\/idakorea.ee\/fi\/wp-json\/wp\/v2\/product\/16805\/revisions\/18277"}],"wp:featuredmedia":[{"embeddable":true,"href":"https:\/\/idakorea.ee\/fi\/wp-json\/wp\/v2\/media\/16806"}],"wp:attachment":[{"href":"https:\/\/idakorea.ee\/fi\/wp-json\/wp\/v2\/media?parent=16805"}],"wp:term":[{"taxonomy":"pwb-brand","embeddable":true,"href":"https:\/\/idakorea.ee\/fi\/wp-json\/wp\/v2\/pwb-brand?post=16805"},{"taxonomy":"product_brand","embeddable":true,"href":"https:\/\/idakorea.ee\/fi\/wp-json\/wp\/v2\/product_brand?post=16805"},{"taxonomy":"product_cat","embeddable":true,"href":"https:\/\/idakorea.ee\/fi\/wp-json\/wp\/v2\/product_cat?post=16805"},{"taxonomy":"product_tag","embeddable":true,"href":"https:\/\/idakorea.ee\/fi\/wp-json\/wp\/v2\/product_tag?post=16805"}],"curies":[{"name":"wp","href":"https:\/\/api.w.org\/{rel}","templated":true}]}}