{"id":16819,"date":"2025-12-11T11:34:17","date_gmt":"2025-12-11T09:34:17","guid":{"rendered":"https:\/\/idakorea.ee\/?post_type=product&#038;p=16819"},"modified":"2026-01-29T11:41:28","modified_gmt":"2026-01-29T09:41:28","slug":"skin1004-madagascar-centella-retinol-0-2-boosting-shot-ampoule-30ml","status":"publish","type":"product","link":"https:\/\/idakorea.ee\/fi\/product\/skin1004-madagascar-centella-retinol-0-2-boosting-shot-ampoule-30ml\/","title":{"rendered":"SKIN1004 Madagascar Centella Retinol 0.2 Boosting Shot Ampoule, 30ml"},"content":{"rendered":"<p data-start=\"63\" data-end=\"391\">Retinoli-ampullin tehoste <strong data-start=\"63\" data-end=\"129\">SKIN1004 Madagascar Centella Retinol 0.2 Boosting Shot Ampoule<\/strong>, joka tukee ihon kimmoisuutta ja vahvuutta, parantaa turgoria ja auttaa ehk\u00e4isem\u00e4\u00e4n kudosten veltostumista. Tasoittaa mikroreliefi\u00e4, tasoittaa ihon rakennetta ja k\u00e4ynnist\u00e4\u00e4 uudistumisprosesseja. S\u00e4\u00e4nn\u00f6llisesti k\u00e4ytettyn\u00e4 vahvistaa hydrolipidisuojaa.<\/p>\n<p data-start=\"393\" data-end=\"542\">Sis\u00e4lt\u00e4\u00e4 mikroskooppisia hiukkasia, jotka edist\u00e4v\u00e4t vaikuttavien aineiden syvemp\u00e4\u00e4 imeytymist\u00e4. Tuote on koostumukseltaan kevyt, imeytyy nopeasti eik\u00e4 j\u00e4t\u00e4 tahmeaa tunnetta.<\/p>\n<p data-start=\"544\" data-end=\"1447\"><strong data-start=\"544\" data-end=\"568\">T\u00e4rkeimm\u00e4t vaikuttavat aineet:<\/strong><br data-start=\"568\" data-end=\"571\" \/><strong data-start=\"571\" data-end=\"588\">0,2% retinolia<\/strong> \u2013 yleisin retinoidin muoto, joka muuttuu ensin retinaaliksi ja sitten retinoihapoksi ihossa. Sill\u00e4 on voimakkaita ik\u00e4\u00e4ntymist\u00e4 ja aknea ehk\u00e4isevi\u00e4 vaikutuksia, se supistaa ihohuokosia ja silottaa ihoa.<br data-start=\"767\" data-end=\"770\" \/><strong data-start=\"770\" data-end=\"782\">Verkkokalvo<\/strong> \u2013 tehokas A-vitamiinin muoto, joka muuttuu v\u00e4litt\u00f6m\u00e4sti retinoihapoksi. Hidastaa ik\u00e4\u00e4ntymist\u00e4 ja stimuloi solujen uusiutumista.<br data-start=\"896\" data-end=\"899\" \/><strong data-start=\"899\" data-end=\"911\">Skvala<\/strong> \u2013 rauhoittaa, v\u00e4hent\u00e4\u00e4 kosteuden haihtumisen riski\u00e4, suojaa kuivumiselta, ravitsee ja hidastaa ik\u00e4\u00e4ntymisprosesseja.<br data-start=\"1011\" data-end=\"1014\" \/><strong data-start=\"1014\" data-end=\"1041\">Pantenoli (B5-vitamiini)<\/strong> \u2013 lievitt\u00e4\u00e4 punoitusta ja kutinaa, vahvistaa hydrolipidisuojaa ja nopeuttaa vaurioituneiden alueiden toipumista.<br data-start=\"1155\" data-end=\"1158\" \/><strong data-start=\"1158\" data-end=\"1185\">Aasian vesikrassiuute<\/strong> \u2013 tulehdusta est\u00e4v\u00e4 ja haavaumia parantava vaikutus, v\u00e4hent\u00e4\u00e4 herkkyytt\u00e4, lievitt\u00e4\u00e4 turvotusta, vahvistaa verisuonia ja auttaa ehk\u00e4isem\u00e4\u00e4n couperosaa.<br data-start=\"1320\" data-end=\"1323\" \/><strong data-start=\"1323\" data-end=\"1345\">Tyrniuute<\/strong> \u2013 luonnollinen A-, C- ja E-vitamiinien sek\u00e4 rasvahappojen l\u00e4hde. V\u00e4hent\u00e4\u00e4 ihon sameutta ja antaa sille terveen hehkun.<\/p>\n<p data-start=\"1449\" data-end=\"1500\">Sopii kuivalle, normaalille ja sekaiholle.<\/p>\n<p data-start=\"1502\" data-end=\"1645\"><strong data-start=\"1502\" data-end=\"1517\">K\u00e4ytt\u00f6:<\/strong> Levit\u00e4 tuotetta illalla puhdistetulle ja kasvovedelle kasvoille tasaisesti. Levit\u00e4 sen j\u00e4lkeen voide.<\/p>\n<p data-start=\"1647\" data-end=\"1859\"><strong data-start=\"1647\" data-end=\"1673\">Johdanto:<\/strong> Aloita v\u00e4hitellen \u2013 esimerkiksi 2\u20133 kertaa viikossa kahden viikon ajan. Jos ihosi ei reagoi \u00e4rsytyksell\u00e4, voit lis\u00e4t\u00e4 k\u00e4ytt\u00f6tiheytt\u00e4. K\u00e4yt\u00e4 SPF50 PA++++ aurinkovoidetta p\u00e4iv\u00e4ll\u00e4.<\/p>\n<p data-start=\"1861\" data-end=\"1957\"><strong data-start=\"1861\" data-end=\"1876\">Huomio!<\/strong> Mikrospikuloita sis\u00e4lt\u00e4v\u00e4 ampulli saattaa aiheuttaa liev\u00e4\u00e4 pistely\u00e4 levityksen j\u00e4lkeen.<\/p>\n<p data-start=\"1959\" data-end=\"2251\"><strong data-start=\"1959\" data-end=\"1981\">Varotoimenpiteet:<\/strong> \u00c4l\u00e4 k\u00e4yt\u00e4 samanaikaisesti kuorinnan, pensaskuorinnan tai retinolia, AHA- tai BHA-happoja tai runsaasti C-vitamiinia sis\u00e4lt\u00e4vien tuotteiden kanssa. Ei ole suositeltavaa k\u00e4ytt\u00e4\u00e4 heti ihotautitoimenpiteiden j\u00e4lkeen, jotka vaurioittavat sarveiskerrosta: kuorinnat, laitehoidot, injektiot.<\/p>","protected":false},"excerpt":{"rendered":"<p>Retinoliampulli-tehoste SKIN1004 Madagaskarin Centella Retinol 0.2 Boosting Shot -ampulli, joka tukee ihon kimmoisuutta ja kiinteytt\u00e4, parantaa turgoria ja auttaa ehk\u00e4isem\u00e4\u00e4n kudosten veltostumista. Tasoittaa mikroreliefi\u00e4, tasoittaa rakennetta ja k\u00e4ynnist\u00e4\u00e4 uudistumisprosesseja. S\u00e4\u00e4nn\u00f6llisesti k\u00e4ytettyn\u00e4 vahvistaa hydrolipidikerrosta. Sis\u00e4lt\u00e4\u00e4 mikrohiukkasia, jotka edist\u00e4v\u00e4t vaikuttavien aineiden syvemp\u00e4\u00e4 imeytymist\u00e4. Tuotteella on kevyt koostumus, se imeytyy nopeasti eik\u00e4 j\u00e4t\u00e4 tahmeaa tunnetta. T\u00e4rkeimm\u00e4t vaikuttavat aineosat: 0.2% retinoli\u2026<\/p>","protected":false},"featured_media":16821,"comment_status":"open","ping_status":"closed","template":"","meta":{"_uf_show_specific_survey":0,"_uf_disable_surveys":false,"_bst_post_transparent":"default","_bst_post_title":"","_bst_post_layout":"default","_bst_post_sidebar_id":"","_bst_post_content_style":"default","_bst_post_vertical_padding":"default","_bst_post_feature":"","_bst_post_feature_position":"","_bst_post_header":false,"_bst_post_footer":false},"pwb-brand":[186],"product_brand":[],"product_cat":[92,97],"product_tag":[870,568,441,213],"class_list":{"0":"post-16819","1":"product","2":"type-product","3":"status-publish","4":"has-post-thumbnail","6":"pwb-brand-skin1004","7":"product_cat-nagu","8":"product_cat-naoseerumid-ja-olid","9":"product_tag-booster","10":"product_tag-korea","11":"product_tag-skin1004","12":"product_tag-retinol","14":"first","15":"instock","16":"sale","17":"shipping-taxable","18":"purchasable","19":"product-type-simple","20":"entry","21":"content-bg","22":"loop-entry"},"supplier_id":null,"supplier_sku":"","barcode":null,"atum_controlled":true,"out_stock_date":null,"out_stock_threshold":null,"inheritable":false,"inbound_stock":0,"stock_on_hold":0,"sold_today":0,"sales_last_days":0,"out_stock_days":0,"lost_sales":0,"has_location":false,"update_date":"2026-04-14T00:05:05","atum_locations":[],"atum_stock_status":"instock","restock_status":false,"low_stock_amount":"","sales_update_date":"2026-04-14T00:05:05","calc_backorders":null,"yoast_head":"<!-- This site is optimized with the Yoast SEO plugin v27.2 - https:\/\/yoast.com\/product\/yoast-seo-wordpress\/ -->\n<title>SKIN1004 Madagascar Centella Retinol 0.2 Boosting Shot Ampoule, 30ml - IDA.KOREA<\/title>\n<meta name=\"description\" content=\"Retinooliga ampull-booster, mis toetab naha elastsust ja tugevust, parandab turgorit ning aitab ennetada kudede l\u00f5tvumist. Silub mikroreljeefi. Kiire tarne!\" \/>\n<meta name=\"robots\" content=\"index, follow, max-snippet:-1, max-image-preview:large, max-video-preview:-1\" \/>\n<link rel=\"canonical\" href=\"https:\/\/idakorea.ee\/fi\/product\/skin1004-madagascar-centella-retinol-0-2-boosting-shot-ampoule-30ml\/\" \/>\n<meta property=\"og:locale\" content=\"fi_FI\" \/>\n<meta property=\"og:type\" content=\"article\" \/>\n<meta property=\"og:title\" content=\"SKIN1004 Madagascar Centella Retinol 0.2 Boosting Shot Ampoule, 30ml - IDA.KOREA\" \/>\n<meta property=\"og:description\" content=\"Retinooliga ampull-booster, mis toetab naha elastsust ja tugevust, parandab turgorit ning aitab ennetada kudede l\u00f5tvumist. Silub mikroreljeefi. Kiire tarne!\" \/>\n<meta property=\"og:url\" content=\"https:\/\/idakorea.ee\/fi\/product\/skin1004-madagascar-centella-retinol-0-2-boosting-shot-ampoule-30ml\/\" \/>\n<meta property=\"og:site_name\" content=\"IDA.KOREA\" \/>\n<meta property=\"article:modified_time\" content=\"2026-01-29T09:41:28+00:00\" \/>\n<meta property=\"og:image\" content=\"https:\/\/idakorea.ee\/wp-content\/uploads\/2025\/12\/SKIN1004-Madagascar-Centella-Retinol-0.2-Boosting-Shot-Ampoule-idakorea.png\" \/>\n\t<meta property=\"og:image:width\" content=\"1063\" \/>\n\t<meta property=\"og:image:height\" content=\"1063\" \/>\n\t<meta property=\"og:image:type\" content=\"image\/png\" \/>\n<meta name=\"twitter:card\" content=\"summary_large_image\" \/>\n<meta name=\"twitter:label1\" content=\"Arvioitu lukuaika\" \/>\n\t<meta name=\"twitter:data1\" content=\"2 minuuttia\" \/>\n<script type=\"application\/ld+json\" class=\"yoast-schema-graph\">{\"@context\":\"https:\/\/schema.org\",\"@graph\":[{\"@type\":\"WebPage\",\"@id\":\"https:\/\/idakorea.ee\/product\/skin1004-madagascar-centella-retinol-0-2-boosting-shot-ampoule-30ml\/\",\"url\":\"https:\/\/idakorea.ee\/product\/skin1004-madagascar-centella-retinol-0-2-boosting-shot-ampoule-30ml\/\",\"name\":\"SKIN1004 Madagascar Centella Retinol 0.2 Boosting Shot Ampoule, 30ml - IDA.KOREA\",\"isPartOf\":{\"@id\":\"https:\/\/idakorea.ee\/#website\"},\"primaryImageOfPage\":{\"@id\":\"https:\/\/idakorea.ee\/product\/skin1004-madagascar-centella-retinol-0-2-boosting-shot-ampoule-30ml\/#primaryimage\"},\"image\":{\"@id\":\"https:\/\/idakorea.ee\/product\/skin1004-madagascar-centella-retinol-0-2-boosting-shot-ampoule-30ml\/#primaryimage\"},\"thumbnailUrl\":\"https:\/\/idakorea.ee\/wp-content\/uploads\/2025\/12\/SKIN1004-Madagascar-Centella-Retinol-0.2-Boosting-Shot-Ampoule-idakorea.png\",\"datePublished\":\"2025-12-11T09:34:17+00:00\",\"dateModified\":\"2026-01-29T09:41:28+00:00\",\"description\":\"Retinooliga ampull-booster, mis toetab naha elastsust ja tugevust, parandab turgorit ning aitab ennetada kudede l\u00f5tvumist. Silub mikroreljeefi. Kiire tarne!\",\"breadcrumb\":{\"@id\":\"https:\/\/idakorea.ee\/product\/skin1004-madagascar-centella-retinol-0-2-boosting-shot-ampoule-30ml\/#breadcrumb\"},\"inLanguage\":\"fi\",\"potentialAction\":[{\"@type\":\"ReadAction\",\"target\":[\"https:\/\/idakorea.ee\/product\/skin1004-madagascar-centella-retinol-0-2-boosting-shot-ampoule-30ml\/\"]}]},{\"@type\":\"ImageObject\",\"inLanguage\":\"fi\",\"@id\":\"https:\/\/idakorea.ee\/product\/skin1004-madagascar-centella-retinol-0-2-boosting-shot-ampoule-30ml\/#primaryimage\",\"url\":\"https:\/\/idakorea.ee\/wp-content\/uploads\/2025\/12\/SKIN1004-Madagascar-Centella-Retinol-0.2-Boosting-Shot-Ampoule-idakorea.png\",\"contentUrl\":\"https:\/\/idakorea.ee\/wp-content\/uploads\/2025\/12\/SKIN1004-Madagascar-Centella-Retinol-0.2-Boosting-Shot-Ampoule-idakorea.png\",\"width\":1063,\"height\":1063},{\"@type\":\"BreadcrumbList\",\"@id\":\"https:\/\/idakorea.ee\/product\/skin1004-madagascar-centella-retinol-0-2-boosting-shot-ampoule-30ml\/#breadcrumb\",\"itemListElement\":[{\"@type\":\"ListItem\",\"position\":1,\"name\":\"\u0413\u043b\u0430\u0432\u043d\u0430\u044f \u0441\u0442\u0440\u0430\u043d\u0438\u0446\u0430\",\"item\":\"https:\/\/idakorea.ee\/\"},{\"@type\":\"ListItem\",\"position\":2,\"name\":\"Shop\",\"item\":\"https:\/\/idakorea.ee\/shop-2\/\"},{\"@type\":\"ListItem\",\"position\":3,\"name\":\"Retinooliga ampull-booster SKIN1004 Madagascar Centella Retinol 0.2 Boosting Shot Ampoule, 30ml\"}]},{\"@type\":\"WebSite\",\"@id\":\"https:\/\/idakorea.ee\/#website\",\"url\":\"https:\/\/idakorea.ee\/\",\"name\":\"IDA.KOREA\",\"description\":\"Korea kosmeetika e-pood\",\"publisher\":{\"@id\":\"https:\/\/idakorea.ee\/#organization\"},\"alternateName\":\"Beauty Shop\",\"potentialAction\":[{\"@type\":\"SearchAction\",\"target\":{\"@type\":\"EntryPoint\",\"urlTemplate\":\"https:\/\/idakorea.ee\/?s={search_term_string}\"},\"query-input\":{\"@type\":\"PropertyValueSpecification\",\"valueRequired\":true,\"valueName\":\"search_term_string\"}}],\"inLanguage\":\"fi\"},{\"@type\":\"Organization\",\"@id\":\"https:\/\/idakorea.ee\/#organization\",\"name\":\"IDA.KOREA\",\"url\":\"https:\/\/idakorea.ee\/\",\"logo\":{\"@type\":\"ImageObject\",\"inLanguage\":\"fi\",\"@id\":\"https:\/\/idakorea.ee\/#\/schema\/logo\/image\/\",\"url\":\"https:\/\/idakorea.ee\/wp-content\/uploads\/2024\/05\/cropped-korea3.png\",\"contentUrl\":\"https:\/\/idakorea.ee\/wp-content\/uploads\/2024\/05\/cropped-korea3.png\",\"width\":688,\"height\":126,\"caption\":\"IDA.KOREA\"},\"image\":{\"@id\":\"https:\/\/idakorea.ee\/#\/schema\/logo\/image\/\"},\"sameAs\":[\"https:\/\/www.instagram.com\/ida.korea\/\"]}]}<\/script>\n<!-- \/ Yoast SEO plugin. -->","yoast_head_json":{"title":"SKIN1004 Madagaskarin Centella Retinol 0.2 Boosting Shot Ampoule, 30ml - IDA.KOREA","description":"Retinoliampulli tehostaa ihon kimmoisuutta ja kiinteytt\u00e4, parantaa turgoria ja auttaa ehk\u00e4isem\u00e4\u00e4n kudosten veltostumista. Tasoittaa mikroreliefi\u00e4. Nopea toimitus!","robots":{"index":"index","follow":"follow","max-snippet":"max-snippet:-1","max-image-preview":"max-image-preview:large","max-video-preview":"max-video-preview:-1"},"canonical":"https:\/\/idakorea.ee\/fi\/product\/skin1004-madagascar-centella-retinol-0-2-boosting-shot-ampoule-30ml\/","og_locale":"fi_FI","og_type":"article","og_title":"SKIN1004 Madagascar Centella Retinol 0.2 Boosting Shot Ampoule, 30ml - IDA.KOREA","og_description":"Retinooliga ampull-booster, mis toetab naha elastsust ja tugevust, parandab turgorit ning aitab ennetada kudede l\u00f5tvumist. Silub mikroreljeefi. Kiire tarne!","og_url":"https:\/\/idakorea.ee\/fi\/product\/skin1004-madagascar-centella-retinol-0-2-boosting-shot-ampoule-30ml\/","og_site_name":"IDA.KOREA","article_modified_time":"2026-01-29T09:41:28+00:00","og_image":[{"width":1063,"height":1063,"url":"https:\/\/idakorea.ee\/wp-content\/uploads\/2025\/12\/SKIN1004-Madagascar-Centella-Retinol-0.2-Boosting-Shot-Ampoule-idakorea.png","type":"image\/png"}],"twitter_card":"summary_large_image","twitter_misc":{"Arvioitu lukuaika":"2 minuuttia"},"schema":{"@context":"https:\/\/schema.org","@graph":[{"@type":"WebPage","@id":"https:\/\/idakorea.ee\/product\/skin1004-madagascar-centella-retinol-0-2-boosting-shot-ampoule-30ml\/","url":"https:\/\/idakorea.ee\/product\/skin1004-madagascar-centella-retinol-0-2-boosting-shot-ampoule-30ml\/","name":"SKIN1004 Madagaskarin Centella Retinol 0.2 Boosting Shot Ampoule, 30ml - IDA.KOREA","isPartOf":{"@id":"https:\/\/idakorea.ee\/#website"},"primaryImageOfPage":{"@id":"https:\/\/idakorea.ee\/product\/skin1004-madagascar-centella-retinol-0-2-boosting-shot-ampoule-30ml\/#primaryimage"},"image":{"@id":"https:\/\/idakorea.ee\/product\/skin1004-madagascar-centella-retinol-0-2-boosting-shot-ampoule-30ml\/#primaryimage"},"thumbnailUrl":"https:\/\/idakorea.ee\/wp-content\/uploads\/2025\/12\/SKIN1004-Madagascar-Centella-Retinol-0.2-Boosting-Shot-Ampoule-idakorea.png","datePublished":"2025-12-11T09:34:17+00:00","dateModified":"2026-01-29T09:41:28+00:00","description":"Retinoliampulli tehostaa ihon kimmoisuutta ja kiinteytt\u00e4, parantaa turgoria ja auttaa ehk\u00e4isem\u00e4\u00e4n kudosten veltostumista. Tasoittaa mikroreliefi\u00e4. Nopea toimitus!","breadcrumb":{"@id":"https:\/\/idakorea.ee\/product\/skin1004-madagascar-centella-retinol-0-2-boosting-shot-ampoule-30ml\/#breadcrumb"},"inLanguage":"fi","potentialAction":[{"@type":"ReadAction","target":["https:\/\/idakorea.ee\/product\/skin1004-madagascar-centella-retinol-0-2-boosting-shot-ampoule-30ml\/"]}]},{"@type":"ImageObject","inLanguage":"fi","@id":"https:\/\/idakorea.ee\/product\/skin1004-madagascar-centella-retinol-0-2-boosting-shot-ampoule-30ml\/#primaryimage","url":"https:\/\/idakorea.ee\/wp-content\/uploads\/2025\/12\/SKIN1004-Madagascar-Centella-Retinol-0.2-Boosting-Shot-Ampoule-idakorea.png","contentUrl":"https:\/\/idakorea.ee\/wp-content\/uploads\/2025\/12\/SKIN1004-Madagascar-Centella-Retinol-0.2-Boosting-Shot-Ampoule-idakorea.png","width":1063,"height":1063},{"@type":"BreadcrumbList","@id":"https:\/\/idakorea.ee\/product\/skin1004-madagascar-centella-retinol-0-2-boosting-shot-ampoule-30ml\/#breadcrumb","itemListElement":[{"@type":"ListItem","position":1,"name":"\u0413\u043b\u0430\u0432\u043d\u0430\u044f \u0441\u0442\u0440\u0430\u043d\u0438\u0446\u0430","item":"https:\/\/idakorea.ee\/"},{"@type":"ListItem","position":2,"name":"Shop","item":"https:\/\/idakorea.ee\/shop-2\/"},{"@type":"ListItem","position":3,"name":"Retinooliga ampull-booster SKIN1004 Madagascar Centella Retinol 0.2 Boosting Shot Ampoule, 30ml"}]},{"@type":"WebSite","@id":"https:\/\/idakorea.ee\/#website","url":"https:\/\/idakorea.ee\/","name":"IDA.KOREA","description":"Korean kosmetiikan verkkokauppa","publisher":{"@id":"https:\/\/idakorea.ee\/#organization"},"alternateName":"Beauty Shop","potentialAction":[{"@type":"SearchAction","target":{"@type":"EntryPoint","urlTemplate":"https:\/\/idakorea.ee\/?s={search_term_string}"},"query-input":{"@type":"PropertyValueSpecification","valueRequired":true,"valueName":"search_term_string"}}],"inLanguage":"fi"},{"@type":"Organization","@id":"https:\/\/idakorea.ee\/#organization","name":"IDA.KOREA","url":"https:\/\/idakorea.ee\/","logo":{"@type":"ImageObject","inLanguage":"fi","@id":"https:\/\/idakorea.ee\/#\/schema\/logo\/image\/","url":"https:\/\/idakorea.ee\/wp-content\/uploads\/2024\/05\/cropped-korea3.png","contentUrl":"https:\/\/idakorea.ee\/wp-content\/uploads\/2024\/05\/cropped-korea3.png","width":688,"height":126,"caption":"IDA.KOREA"},"image":{"@id":"https:\/\/idakorea.ee\/#\/schema\/logo\/image\/"},"sameAs":["https:\/\/www.instagram.com\/ida.korea\/"]}]}},"jetpack_sharing_enabled":true,"brands":[{"id":186,"name":"SKIN1004","slug":"skin1004"}],"_links":{"self":[{"href":"https:\/\/idakorea.ee\/fi\/wp-json\/wp\/v2\/product\/16819","targetHints":{"allow":["GET"]}}],"collection":[{"href":"https:\/\/idakorea.ee\/fi\/wp-json\/wp\/v2\/product"}],"about":[{"href":"https:\/\/idakorea.ee\/fi\/wp-json\/wp\/v2\/types\/product"}],"replies":[{"embeddable":true,"href":"https:\/\/idakorea.ee\/fi\/wp-json\/wp\/v2\/comments?post=16819"}],"version-history":[{"count":1,"href":"https:\/\/idakorea.ee\/fi\/wp-json\/wp\/v2\/product\/16819\/revisions"}],"predecessor-version":[{"id":16823,"href":"https:\/\/idakorea.ee\/fi\/wp-json\/wp\/v2\/product\/16819\/revisions\/16823"}],"wp:featuredmedia":[{"embeddable":true,"href":"https:\/\/idakorea.ee\/fi\/wp-json\/wp\/v2\/media\/16821"}],"wp:attachment":[{"href":"https:\/\/idakorea.ee\/fi\/wp-json\/wp\/v2\/media?parent=16819"}],"wp:term":[{"taxonomy":"pwb-brand","embeddable":true,"href":"https:\/\/idakorea.ee\/fi\/wp-json\/wp\/v2\/pwb-brand?post=16819"},{"taxonomy":"product_brand","embeddable":true,"href":"https:\/\/idakorea.ee\/fi\/wp-json\/wp\/v2\/product_brand?post=16819"},{"taxonomy":"product_cat","embeddable":true,"href":"https:\/\/idakorea.ee\/fi\/wp-json\/wp\/v2\/product_cat?post=16819"},{"taxonomy":"product_tag","embeddable":true,"href":"https:\/\/idakorea.ee\/fi\/wp-json\/wp\/v2\/product_tag?post=16819"}],"curies":[{"name":"wp","href":"https:\/\/api.w.org\/{rel}","templated":true}]}}