{"id":16824,"date":"2025-12-11T15:35:46","date_gmt":"2025-12-11T13:35:46","guid":{"rendered":"https:\/\/idakorea.ee\/?post_type=product&#038;p=16824"},"modified":"2026-03-19T22:35:36","modified_gmt":"2026-03-19T20:35:36","slug":"prreti-real-vita-eye-zone-patch","status":"publish","type":"product","link":"https:\/\/idakorea.ee\/fi\/product\/prreti-real-vita-eye-zone-patch\/","title":{"rendered":"Kankaiset vitamiinilaastarit Prreti Real Vita Eye Zone Patch, 30 kpl"},"content":{"rendered":"<p data-start=\"63\" data-end=\"299\">Vitamiinilaastarit <strong data-start=\"82\" data-end=\"102\">Prreti Real Vita Eye Zone Patch<\/strong> Silm\u00e4nymp\u00e4ryshoitotuotteet sis\u00e4lt\u00e4v\u00e4t niasiiniamidia, allantoiinia ja pantenolia \u2013 ainesosia, jotka rauhoittavan vaikutuksen lis\u00e4ksi kosteuttavat herkk\u00e4\u00e4 ihoa hell\u00e4varaisesti.<\/p>\n<p data-start=\"301\" data-end=\"445\"><strong data-start=\"301\" data-end=\"322\">Vita-kompleksi \u2014 10<\/strong> Palauttaa ihon s\u00e4vyn, raikastaa, v\u00e4hent\u00e4\u00e4 sameutta ja tasoittaa ihon s\u00e4vy\u00e4 silm\u00e4nymp\u00e4rysiholla. Laastareilla on kumulatiivinen vaikutus.<\/p>\n<p data-start=\"447\" data-end=\"663\"><strong data-start=\"447\" data-end=\"469\">Varotoimenpiteet:<\/strong> Vain ulkoiseen k\u00e4ytt\u00f6\u00f6n. Yksil\u00f6llist\u00e4 yliherkkyytt\u00e4 ainesosille voi esiinty\u00e4. Lopeta k\u00e4ytt\u00f6, jos ilmenee \u00e4rsytyst\u00e4. V\u00e4lt\u00e4 kosketusta silmiin. Jos ainetta joutuu silmiin, huuhtele vedell\u00e4.<\/p>\n<p data-start=\"665\" data-end=\"682\"><strong data-start=\"665\" data-end=\"680\">K\u00e4ytt\u00f6: <\/strong>Puhdistettuasi ihon ota laastarit pakkauksesta ja aseta ne silm\u00e4nymp\u00e4rysiholle. Poista laastarit noin 10\u201320 minuutin kuluttua ja taputtele j\u00e4ljell\u00e4 oleva tuoksu varovasti ihoon. Avattuasi pakkauksen pid\u00e4 se tiiviisti suljettuna.<\/p>","protected":false},"excerpt":{"rendered":"<p>Vitamiinilaastarit Prreti Real Vita Eye Zone Patch silm\u00e4nymp\u00e4rysihon hoitoon sis\u00e4lt\u00e4v\u00e4t niasiiniamidia, allantoiinia ja pantenolia \u2013 ainesosia, jotka rauhoittavan vaikutuksen lis\u00e4ksi kosteuttavat hell\u00e4varaisesti herkk\u00e4\u00e4 ihoa. Vita Complex \u2014 10 palauttaa ihon s\u00e4vyn, raikastaa, v\u00e4hent\u00e4\u00e4 sameutta ja tasoittaa ihon s\u00e4vy\u00e4 silm\u00e4nymp\u00e4rysiholla. Laastareilla on kumulatiivinen vaikutus. Varotoimet: vain ulkoiseen k\u00e4ytt\u00f6\u00f6n. Yksil\u00f6llist\u00e4 yliherkkyytt\u00e4 ainesosille voi esiinty\u00e4. Jos \u00e4rsytyst\u00e4 ilmenee\u2026<\/p>","protected":false},"featured_media":16830,"comment_status":"open","ping_status":"closed","template":"","meta":{"_uf_show_specific_survey":0,"_uf_disable_surveys":false,"_bst_post_transparent":"default","_bst_post_title":"","_bst_post_layout":"default","_bst_post_sidebar_id":"","_bst_post_content_style":"default","_bst_post_vertical_padding":"default","_bst_post_feature":"","_bst_post_feature_position":"","_bst_post_header":false,"_bst_post_footer":false},"pwb-brand":[865],"product_brand":[],"product_cat":[92,385],"product_tag":[],"class_list":{"0":"post-16824","1":"product","2":"type-product","3":"status-publish","4":"has-post-thumbnail","6":"pwb-brand-prreti","7":"product_cat-nagu","8":"product_cat-silmapadjad","10":"first","11":"instock","12":"sale","13":"shipping-taxable","14":"purchasable","15":"product-type-simple","16":"entry","17":"content-bg","18":"loop-entry"},"supplier_id":null,"supplier_sku":"","barcode":null,"atum_controlled":true,"out_stock_date":null,"out_stock_threshold":null,"inheritable":false,"inbound_stock":0,"stock_on_hold":0,"sold_today":0,"sales_last_days":1,"out_stock_days":0,"lost_sales":0,"has_location":false,"update_date":"2026-04-14T00:05:10","atum_locations":[],"atum_stock_status":"instock","restock_status":false,"low_stock_amount":"","sales_update_date":"2026-04-14T00:05:10","calc_backorders":null,"yoast_head":"<!-- This site is optimized with the Yoast SEO plugin v27.2 - https:\/\/yoast.com\/product\/yoast-seo-wordpress\/ -->\n<title>Prreti Real Vita Eye Zone Patch, 30tk - IDA.KOREA<\/title>\n<meta name=\"description\" content=\"Vitamiiniplaastrid silma\u00fcmbruse naha hoolduseks sisaldavad niatsiinamiidi, allantoiini ja pantenooli \u2013 koostisosi, mis lisaks rahustavale toimele niisutavad \u00f5rnalt tundlikku nahka.\" \/>\n<meta name=\"robots\" content=\"index, follow, max-snippet:-1, max-image-preview:large, max-video-preview:-1\" \/>\n<link rel=\"canonical\" href=\"https:\/\/idakorea.ee\/fi\/product\/prreti-real-vita-eye-zone-patch\/\" \/>\n<meta property=\"og:locale\" content=\"fi_FI\" \/>\n<meta property=\"og:type\" content=\"article\" \/>\n<meta property=\"og:title\" content=\"Prreti Real Vita Eye Zone Patch, 30tk - IDA.KOREA\" \/>\n<meta property=\"og:description\" content=\"Vitamiiniplaastrid silma\u00fcmbruse naha hoolduseks sisaldavad niatsiinamiidi, allantoiini ja pantenooli \u2013 koostisosi, mis lisaks rahustavale toimele niisutavad \u00f5rnalt tundlikku nahka.\" \/>\n<meta property=\"og:url\" content=\"https:\/\/idakorea.ee\/fi\/product\/prreti-real-vita-eye-zone-patch\/\" \/>\n<meta property=\"og:site_name\" content=\"IDA.KOREA\" \/>\n<meta property=\"article:modified_time\" content=\"2026-03-19T20:35:36+00:00\" \/>\n<meta property=\"og:image\" content=\"https:\/\/idakorea.ee\/wp-content\/uploads\/2025\/12\/prreti-real-vita-eye-zone-patch1-idakorea-1.png\" \/>\n\t<meta property=\"og:image:width\" content=\"670\" \/>\n\t<meta property=\"og:image:height\" content=\"800\" \/>\n\t<meta property=\"og:image:type\" content=\"image\/png\" \/>\n<meta name=\"twitter:card\" content=\"summary_large_image\" \/>\n<meta name=\"twitter:label1\" content=\"Arvioitu lukuaika\" \/>\n\t<meta name=\"twitter:data1\" content=\"1 minuutti\" \/>\n<script type=\"application\/ld+json\" class=\"yoast-schema-graph\">{\"@context\":\"https:\/\/schema.org\",\"@graph\":[{\"@type\":\"WebPage\",\"@id\":\"https:\/\/idakorea.ee\/product\/prreti-real-vita-eye-zone-patch\/\",\"url\":\"https:\/\/idakorea.ee\/product\/prreti-real-vita-eye-zone-patch\/\",\"name\":\"Prreti Real Vita Eye Zone Patch, 30tk - IDA.KOREA\",\"isPartOf\":{\"@id\":\"https:\/\/idakorea.ee\/#website\"},\"primaryImageOfPage\":{\"@id\":\"https:\/\/idakorea.ee\/product\/prreti-real-vita-eye-zone-patch\/#primaryimage\"},\"image\":{\"@id\":\"https:\/\/idakorea.ee\/product\/prreti-real-vita-eye-zone-patch\/#primaryimage\"},\"thumbnailUrl\":\"https:\/\/idakorea.ee\/wp-content\/uploads\/2025\/12\/prreti-real-vita-eye-zone-patch1-idakorea-1.png\",\"datePublished\":\"2025-12-11T13:35:46+00:00\",\"dateModified\":\"2026-03-19T20:35:36+00:00\",\"description\":\"Vitamiiniplaastrid silma\u00fcmbruse naha hoolduseks sisaldavad niatsiinamiidi, allantoiini ja pantenooli \u2013 koostisosi, mis lisaks rahustavale toimele niisutavad \u00f5rnalt tundlikku nahka.\",\"breadcrumb\":{\"@id\":\"https:\/\/idakorea.ee\/product\/prreti-real-vita-eye-zone-patch\/#breadcrumb\"},\"inLanguage\":\"fi\",\"potentialAction\":[{\"@type\":\"ReadAction\",\"target\":[\"https:\/\/idakorea.ee\/product\/prreti-real-vita-eye-zone-patch\/\"]}]},{\"@type\":\"ImageObject\",\"inLanguage\":\"fi\",\"@id\":\"https:\/\/idakorea.ee\/product\/prreti-real-vita-eye-zone-patch\/#primaryimage\",\"url\":\"https:\/\/idakorea.ee\/wp-content\/uploads\/2025\/12\/prreti-real-vita-eye-zone-patch1-idakorea-1.png\",\"contentUrl\":\"https:\/\/idakorea.ee\/wp-content\/uploads\/2025\/12\/prreti-real-vita-eye-zone-patch1-idakorea-1.png\",\"width\":670,\"height\":800},{\"@type\":\"BreadcrumbList\",\"@id\":\"https:\/\/idakorea.ee\/product\/prreti-real-vita-eye-zone-patch\/#breadcrumb\",\"itemListElement\":[{\"@type\":\"ListItem\",\"position\":1,\"name\":\"\u0413\u043b\u0430\u0432\u043d\u0430\u044f \u0441\u0442\u0440\u0430\u043d\u0438\u0446\u0430\",\"item\":\"https:\/\/idakorea.ee\/\"},{\"@type\":\"ListItem\",\"position\":2,\"name\":\"Shop\",\"item\":\"https:\/\/idakorea.ee\/shop-2\/\"},{\"@type\":\"ListItem\",\"position\":3,\"name\":\"Kangas vitamiiniplaastrid Prreti Real Vita Eye Zone Patch, 30tk\"}]},{\"@type\":\"WebSite\",\"@id\":\"https:\/\/idakorea.ee\/#website\",\"url\":\"https:\/\/idakorea.ee\/\",\"name\":\"IDA.KOREA\",\"description\":\"Korea kosmeetika e-pood\",\"publisher\":{\"@id\":\"https:\/\/idakorea.ee\/#organization\"},\"alternateName\":\"Beauty Shop\",\"potentialAction\":[{\"@type\":\"SearchAction\",\"target\":{\"@type\":\"EntryPoint\",\"urlTemplate\":\"https:\/\/idakorea.ee\/?s={search_term_string}\"},\"query-input\":{\"@type\":\"PropertyValueSpecification\",\"valueRequired\":true,\"valueName\":\"search_term_string\"}}],\"inLanguage\":\"fi\"},{\"@type\":\"Organization\",\"@id\":\"https:\/\/idakorea.ee\/#organization\",\"name\":\"IDA.KOREA\",\"url\":\"https:\/\/idakorea.ee\/\",\"logo\":{\"@type\":\"ImageObject\",\"inLanguage\":\"fi\",\"@id\":\"https:\/\/idakorea.ee\/#\/schema\/logo\/image\/\",\"url\":\"https:\/\/idakorea.ee\/wp-content\/uploads\/2024\/05\/cropped-korea3.png\",\"contentUrl\":\"https:\/\/idakorea.ee\/wp-content\/uploads\/2024\/05\/cropped-korea3.png\",\"width\":688,\"height\":126,\"caption\":\"IDA.KOREA\"},\"image\":{\"@id\":\"https:\/\/idakorea.ee\/#\/schema\/logo\/image\/\"},\"sameAs\":[\"https:\/\/www.instagram.com\/ida.korea\/\"]}]}<\/script>\n<!-- \/ Yoast SEO plugin. -->","yoast_head_json":{"title":"Prreti Real Vita silm\u00e4nymp\u00e4ryslaastarit, 30 kpl - IDA.KOREA","description":"Vitamiinilaastarit silm\u00e4nymp\u00e4rysiholle sis\u00e4lt\u00e4v\u00e4t niasiiniamidia, allantoiinia ja pantenolia \u2013 ainesosia, jotka rauhoittavan vaikutuksen lis\u00e4ksi kosteuttavat herkk\u00e4\u00e4 ihoa hell\u00e4varaisesti.","robots":{"index":"index","follow":"follow","max-snippet":"max-snippet:-1","max-image-preview":"max-image-preview:large","max-video-preview":"max-video-preview:-1"},"canonical":"https:\/\/idakorea.ee\/fi\/product\/prreti-real-vita-eye-zone-patch\/","og_locale":"fi_FI","og_type":"article","og_title":"Prreti Real Vita Eye Zone Patch, 30tk - IDA.KOREA","og_description":"Vitamiiniplaastrid silma\u00fcmbruse naha hoolduseks sisaldavad niatsiinamiidi, allantoiini ja pantenooli \u2013 koostisosi, mis lisaks rahustavale toimele niisutavad \u00f5rnalt tundlikku nahka.","og_url":"https:\/\/idakorea.ee\/fi\/product\/prreti-real-vita-eye-zone-patch\/","og_site_name":"IDA.KOREA","article_modified_time":"2026-03-19T20:35:36+00:00","og_image":[{"width":670,"height":800,"url":"https:\/\/idakorea.ee\/wp-content\/uploads\/2025\/12\/prreti-real-vita-eye-zone-patch1-idakorea-1.png","type":"image\/png"}],"twitter_card":"summary_large_image","twitter_misc":{"Arvioitu lukuaika":"1 minuutti"},"schema":{"@context":"https:\/\/schema.org","@graph":[{"@type":"WebPage","@id":"https:\/\/idakorea.ee\/product\/prreti-real-vita-eye-zone-patch\/","url":"https:\/\/idakorea.ee\/product\/prreti-real-vita-eye-zone-patch\/","name":"Prreti Real Vita silm\u00e4nymp\u00e4ryslaastarit, 30 kpl - IDA.KOREA","isPartOf":{"@id":"https:\/\/idakorea.ee\/#website"},"primaryImageOfPage":{"@id":"https:\/\/idakorea.ee\/product\/prreti-real-vita-eye-zone-patch\/#primaryimage"},"image":{"@id":"https:\/\/idakorea.ee\/product\/prreti-real-vita-eye-zone-patch\/#primaryimage"},"thumbnailUrl":"https:\/\/idakorea.ee\/wp-content\/uploads\/2025\/12\/prreti-real-vita-eye-zone-patch1-idakorea-1.png","datePublished":"2025-12-11T13:35:46+00:00","dateModified":"2026-03-19T20:35:36+00:00","description":"Vitamiinilaastarit silm\u00e4nymp\u00e4rysiholle sis\u00e4lt\u00e4v\u00e4t niasiiniamidia, allantoiinia ja pantenolia \u2013 ainesosia, jotka rauhoittavan vaikutuksen lis\u00e4ksi kosteuttavat herkk\u00e4\u00e4 ihoa hell\u00e4varaisesti.","breadcrumb":{"@id":"https:\/\/idakorea.ee\/product\/prreti-real-vita-eye-zone-patch\/#breadcrumb"},"inLanguage":"fi","potentialAction":[{"@type":"ReadAction","target":["https:\/\/idakorea.ee\/product\/prreti-real-vita-eye-zone-patch\/"]}]},{"@type":"ImageObject","inLanguage":"fi","@id":"https:\/\/idakorea.ee\/product\/prreti-real-vita-eye-zone-patch\/#primaryimage","url":"https:\/\/idakorea.ee\/wp-content\/uploads\/2025\/12\/prreti-real-vita-eye-zone-patch1-idakorea-1.png","contentUrl":"https:\/\/idakorea.ee\/wp-content\/uploads\/2025\/12\/prreti-real-vita-eye-zone-patch1-idakorea-1.png","width":670,"height":800},{"@type":"BreadcrumbList","@id":"https:\/\/idakorea.ee\/product\/prreti-real-vita-eye-zone-patch\/#breadcrumb","itemListElement":[{"@type":"ListItem","position":1,"name":"\u0413\u043b\u0430\u0432\u043d\u0430\u044f \u0441\u0442\u0440\u0430\u043d\u0438\u0446\u0430","item":"https:\/\/idakorea.ee\/"},{"@type":"ListItem","position":2,"name":"Shop","item":"https:\/\/idakorea.ee\/shop-2\/"},{"@type":"ListItem","position":3,"name":"Kangas vitamiiniplaastrid Prreti Real Vita Eye Zone Patch, 30tk"}]},{"@type":"WebSite","@id":"https:\/\/idakorea.ee\/#website","url":"https:\/\/idakorea.ee\/","name":"IDA.KOREA","description":"Korean kosmetiikan verkkokauppa","publisher":{"@id":"https:\/\/idakorea.ee\/#organization"},"alternateName":"Beauty Shop","potentialAction":[{"@type":"SearchAction","target":{"@type":"EntryPoint","urlTemplate":"https:\/\/idakorea.ee\/?s={search_term_string}"},"query-input":{"@type":"PropertyValueSpecification","valueRequired":true,"valueName":"search_term_string"}}],"inLanguage":"fi"},{"@type":"Organization","@id":"https:\/\/idakorea.ee\/#organization","name":"IDA.KOREA","url":"https:\/\/idakorea.ee\/","logo":{"@type":"ImageObject","inLanguage":"fi","@id":"https:\/\/idakorea.ee\/#\/schema\/logo\/image\/","url":"https:\/\/idakorea.ee\/wp-content\/uploads\/2024\/05\/cropped-korea3.png","contentUrl":"https:\/\/idakorea.ee\/wp-content\/uploads\/2024\/05\/cropped-korea3.png","width":688,"height":126,"caption":"IDA.KOREA"},"image":{"@id":"https:\/\/idakorea.ee\/#\/schema\/logo\/image\/"},"sameAs":["https:\/\/www.instagram.com\/ida.korea\/"]}]}},"jetpack_sharing_enabled":true,"brands":[{"id":865,"name":"PRRETI","slug":"prreti"}],"_links":{"self":[{"href":"https:\/\/idakorea.ee\/fi\/wp-json\/wp\/v2\/product\/16824","targetHints":{"allow":["GET"]}}],"collection":[{"href":"https:\/\/idakorea.ee\/fi\/wp-json\/wp\/v2\/product"}],"about":[{"href":"https:\/\/idakorea.ee\/fi\/wp-json\/wp\/v2\/types\/product"}],"replies":[{"embeddable":true,"href":"https:\/\/idakorea.ee\/fi\/wp-json\/wp\/v2\/comments?post=16824"}],"version-history":[{"count":1,"href":"https:\/\/idakorea.ee\/fi\/wp-json\/wp\/v2\/product\/16824\/revisions"}],"predecessor-version":[{"id":16829,"href":"https:\/\/idakorea.ee\/fi\/wp-json\/wp\/v2\/product\/16824\/revisions\/16829"}],"wp:featuredmedia":[{"embeddable":true,"href":"https:\/\/idakorea.ee\/fi\/wp-json\/wp\/v2\/media\/16830"}],"wp:attachment":[{"href":"https:\/\/idakorea.ee\/fi\/wp-json\/wp\/v2\/media?parent=16824"}],"wp:term":[{"taxonomy":"pwb-brand","embeddable":true,"href":"https:\/\/idakorea.ee\/fi\/wp-json\/wp\/v2\/pwb-brand?post=16824"},{"taxonomy":"product_brand","embeddable":true,"href":"https:\/\/idakorea.ee\/fi\/wp-json\/wp\/v2\/product_brand?post=16824"},{"taxonomy":"product_cat","embeddable":true,"href":"https:\/\/idakorea.ee\/fi\/wp-json\/wp\/v2\/product_cat?post=16824"},{"taxonomy":"product_tag","embeddable":true,"href":"https:\/\/idakorea.ee\/fi\/wp-json\/wp\/v2\/product_tag?post=16824"}],"curies":[{"name":"wp","href":"https:\/\/api.w.org\/{rel}","templated":true}]}}