{"id":16834,"date":"2025-12-12T13:06:13","date_gmt":"2025-12-12T11:06:13","guid":{"rendered":"https:\/\/idakorea.ee\/?post_type=product&#038;p=16834"},"modified":"2026-01-14T20:58:09","modified_gmt":"2026-01-14T18:58:09","slug":"some-by-mi-aha-bha-pha-30-days-miracle-starter-kit","status":"publish","type":"product","link":"https:\/\/idakorea.ee\/fi\/product\/some-by-mi-aha-bha-pha-30-days-miracle-starter-kit\/","title":{"rendered":"Some By Mi AHA-BHA-PHA 30 p\u00e4iv\u00e4n ihmealoituspakkaus ongelmaiholle"},"content":{"rendered":"<p data-start=\"63\" data-end=\"367\"><strong data-start=\"63\" data-end=\"117\">Some By Mi AHA-BHA-PHA 30 Days Miracle Starter Kit<\/strong> on happokompleksi ongelmaiholle, joka kuorii kuolleita ihosoluja, k\u00e4ynnist\u00e4\u00e4 uudistumisprosesseja, edist\u00e4\u00e4 tulehduksen paranemista ja v\u00e4hent\u00e4\u00e4 aknen riski\u00e4. Sill\u00e4 on antibakteerinen vaikutus, se tasoittaa ihonv\u00e4ri\u00e4 ja vaalentaa hyperpigmentaatiota.<\/p>\n<p data-start=\"369\" data-end=\"641\">Sarja perustuu kolmenlaisiin happoihin (AHA, BHA ja PHA), jotka s\u00e4\u00e4telev\u00e4t talirauhasten toimintaa ja imev\u00e4t ylim\u00e4\u00e4r\u00e4ist\u00e4 talia, pehment\u00e4v\u00e4t karheita alueita ja parantavat aktiiviaineiden imeytymist\u00e4. Ne puhdistavat ihohuokoset syv\u00e4lt\u00e4, liuottavat komedoneja ja v\u00e4hent\u00e4v\u00e4t talinerityksen n\u00e4kyvyytt\u00e4.<\/p>\n<p data-start=\"643\" data-end=\"1271\"><strong data-start=\"643\" data-end=\"665\">Setti sis\u00e4lt\u00e4\u00e4:<\/strong><br data-start=\"665\" data-end=\"668\" \/><strong data-start=\"668\" data-end=\"731\">Some By Mi AHA-BHA-PHA 30 p\u00e4iv\u00e4n ihmepuhdistuspala (30 g)<\/strong> \u2013 poistaa likaa ja kuorii hell\u00e4varaisesti parantaen akneen taipuvaisen ihon kuntoa.<br data-start=\"800\" data-end=\"803\" \/><strong data-start=\"803\" data-end=\"859\">Some By Mi AHA-BHA-PHA 30 p\u00e4iv\u00e4n ihmekasvovesi (30 ml)<\/strong> \u2013 poistaa kuolleita ihosoluja, tasoittaa mikroreliefi\u00e4, stimuloi uusiutumista ja palauttaa hydrolipiditasapainon.<br data-start=\"964\" data-end=\"967\" \/><strong data-start=\"967\" data-end=\"1023\">Some By Mi AHA-BHA-PHA 30 p\u00e4iv\u00e4n ihmeseerumi (10 ml)<\/strong> \u2013 ehk\u00e4isee aknea, v\u00e4hent\u00e4\u00e4 tulehduspes\u00e4kkeit\u00e4, ehk\u00e4isee aknen j\u00e4lkeisi\u00e4 oireita ja vaalentaa pigmenttil\u00e4iski\u00e4.<br data-start=\"1122\" data-end=\"1125\" \/><strong data-start=\"1125\" data-end=\"1180\">Some By Mi AHA-BHA-PHA 30 p\u00e4iv\u00e4n ihmevoide (20 g)<\/strong> \u2013 rauhoittaa \u00e4rsytyst\u00e4 ja kutinaa, v\u00e4hent\u00e4\u00e4 punoitusta, normalisoi talin erityst\u00e4 ja tekee ihosta mattapintaisen.<\/p>\n<p data-start=\"1273\" data-end=\"2005\"><strong data-start=\"1273\" data-end=\"1297\">T\u00e4rkeimm\u00e4t vaikuttavat aineet:<\/strong><br data-start=\"1297\" data-end=\"1300\" \/><strong data-start=\"1300\" data-end=\"1313\">Teepuu\u00f6ljy<\/strong> \u2013 sill\u00e4 on tulehdusta est\u00e4v\u00e4 vaikutus, se v\u00e4hent\u00e4\u00e4 punoitusta ja nopeuttaa paranemista.<br data-start=\"1383\" data-end=\"1386\" \/><strong data-start=\"1386\" data-end=\"1417\">Niasiiniamidi (B3-vitamiini)<\/strong> \u2013 hidastaa melaniinin tunkeutumista ihoon ja ehk\u00e4isee ik\u00e4l\u00e4iskien muodostumista. S\u00e4\u00e4telee talin erityst\u00e4, v\u00e4hent\u00e4\u00e4 kiiltoa ja supistaa ihohuokosia.<br data-start=\"1554\" data-end=\"1557\" \/><strong data-start=\"1557\" data-end=\"1584\">Aasian vesikrassiuute<\/strong> \u2013 tulehdusta est\u00e4v\u00e4 ja haavan paranemista edist\u00e4v\u00e4, vahvistaa ihon suojakerrosta, v\u00e4hent\u00e4\u00e4 herkkyytt\u00e4, lievitt\u00e4\u00e4 turvotusta ja auttaa ehk\u00e4isem\u00e4\u00e4n couperosaa.<br data-start=\"1713\" data-end=\"1716\" \/><strong data-start=\"1716\" data-end=\"1759\">noitap\u00e4hkin\u00e4uute<\/strong> \u2013 antibakteerinen ja rauhoittava, lievitt\u00e4\u00e4 tulehdusta, v\u00e4hent\u00e4\u00e4 talin erityst\u00e4 ja supistaa ihohuokosia.<br data-start=\"1851\" data-end=\"1854\" \/><strong data-start=\"1854\" data-end=\"1883\">Valkopajun kuoriuute<\/strong> \u2013 hell\u00e4varainen kuoriva vaikutus, silottaa ja tasoittaa ihon rakennetta; antibakteerinen vaikutus v\u00e4hent\u00e4\u00e4 tulehdusta ja ehk\u00e4isee aknea.<\/p>\n<p data-start=\"2007\" data-end=\"2561\"><strong data-start=\"2007\" data-end=\"2022\">K\u00e4ytt\u00f6:<\/strong><br data-start=\"2022\" data-end=\"2025\" \/><strong data-start=\"2025\" data-end=\"2042\">Puhdistussaippua:<\/strong> Vaahdota saippuaa k\u00e4sien v\u00e4liss\u00e4, levit\u00e4 kasvoille, hiero py\u00f6rivin liikkein ja huuhtele.<br data-start=\"2129\" data-end=\"2132\" \/><strong data-start=\"2132\" data-end=\"2142\">V\u00e4riaine:<\/strong> Levit\u00e4 kasvovett\u00e4 puhdistetulle iholle k\u00e4sin tai vanulapulla. Levit\u00e4 sen j\u00e4lkeen seerumi tai voide. Voidaan k\u00e4ytt\u00e4\u00e4 my\u00f6s paikallisesti naamiona: anna kasvovedell\u00e4 kostutetun vanulapun vaikuttaa iholla 5\u201310 minuuttia, poista se ja anna j\u00e4ljell\u00e4 olevan kasvoveden imeyty\u00e4.<br data-start=\"2383\" data-end=\"2386\" \/><strong data-start=\"2386\" data-end=\"2397\">Seerumi:<\/strong> Puhdistuksen ja kasvoveden j\u00e4lkeen levit\u00e4 tarvittava m\u00e4\u00e4r\u00e4 seerumia ja jatka voiteen levitt\u00e4misell\u00e4.<br data-start=\"2495\" data-end=\"2498\" \/><strong data-start=\"2498\" data-end=\"2508\">Kerma:<\/strong> Levit\u00e4 tarvittava m\u00e4\u00e4r\u00e4 voidetta viimeisen\u00e4 hoitovaiheena.<\/p>","protected":false},"excerpt":{"rendered":"<p>Some By Mi AHA-BHA-PHA 30 Days Miracle Starter Kit on happopakkaus ongelmaiholle, joka kuorii kuolleita ihosoluja, k\u00e4ynnist\u00e4\u00e4 uudistumisprosesseja, edist\u00e4\u00e4 tulehduksen paranemista ja v\u00e4hent\u00e4\u00e4 aknen riski\u00e4. Sill\u00e4 on antibakteerinen vaikutus, se tasoittaa ihonv\u00e4ri\u00e4 ja vaalentaa hyperpigmentaatiota. Sarja perustuu kolmen tyyppisiin happoihin (AHA, BHA ja PHA), jotka s\u00e4\u00e4telev\u00e4t talirauhasten toimintaa ja imev\u00e4t ylim\u00e4\u00e4r\u00e4ist\u00e4 talia, pehment\u00e4v\u00e4t karheaa\u2026<\/p>","protected":false},"featured_media":16835,"comment_status":"open","ping_status":"closed","template":"","meta":{"_uf_show_specific_survey":0,"_uf_disable_surveys":false,"_bst_post_transparent":"default","_bst_post_title":"","_bst_post_layout":"default","_bst_post_sidebar_id":"","_bst_post_content_style":"default","_bst_post_vertical_padding":"default","_bst_post_feature":"","_bst_post_feature_position":"","_bst_post_header":false,"_bst_post_footer":false},"pwb-brand":[492],"product_brand":[],"product_cat":[95],"product_tag":[983,984,568,705],"class_list":{"0":"post-16834","1":"product","2":"type-product","3":"status-publish","4":"has-post-thumbnail","6":"pwb-brand-some-by-mi","7":"product_cat-komplektid","8":"product_tag-aha","9":"product_tag-bha","10":"product_tag-korea","11":"product_tag-komplekt","13":"first","14":"outofstock","15":"sale","16":"shipping-taxable","17":"purchasable","18":"product-type-simple","19":"entry","20":"content-bg","21":"loop-entry"},"supplier_id":null,"supplier_sku":"","barcode":null,"atum_controlled":true,"out_stock_date":"2026-01-11 21:19:31","out_stock_threshold":null,"inheritable":false,"inbound_stock":0,"stock_on_hold":0,"sold_today":0,"sales_last_days":0,"out_stock_days":92,"lost_sales":274,"has_location":false,"update_date":"2026-04-14T00:05:05","atum_locations":[],"atum_stock_status":"outofstock","restock_status":false,"low_stock_amount":"","sales_update_date":"2026-04-14T00:05:05","calc_backorders":null,"yoast_head":"<!-- This site is optimized with the Yoast SEO plugin v27.2 - https:\/\/yoast.com\/product\/yoast-seo-wordpress\/ -->\n<title>Some By Mi AHA-BHA-PHA 30 Days Miracle Starter Kit - IDA.KOREA<\/title>\n<meta name=\"description\" content=\"Komplekt probleemsele nahale, mis koorib sarvestunud rakke, k\u00e4ivitab regenereerimisprotsesse soodustab p\u00f5letike paranemist ja v\u00e4hendab akne tekkimise riski.\" \/>\n<meta name=\"robots\" content=\"index, follow, max-snippet:-1, max-image-preview:large, max-video-preview:-1\" \/>\n<link rel=\"canonical\" href=\"https:\/\/idakorea.ee\/fi\/product\/some-by-mi-aha-bha-pha-30-days-miracle-starter-kit\/\" \/>\n<meta property=\"og:locale\" content=\"fi_FI\" \/>\n<meta property=\"og:type\" content=\"article\" \/>\n<meta property=\"og:title\" content=\"Some By Mi AHA-BHA-PHA 30 Days Miracle Starter Kit - IDA.KOREA\" \/>\n<meta property=\"og:description\" content=\"Komplekt probleemsele nahale, mis koorib sarvestunud rakke, k\u00e4ivitab regenereerimisprotsesse soodustab p\u00f5letike paranemist ja v\u00e4hendab akne tekkimise riski.\" \/>\n<meta property=\"og:url\" content=\"https:\/\/idakorea.ee\/fi\/product\/some-by-mi-aha-bha-pha-30-days-miracle-starter-kit\/\" \/>\n<meta property=\"og:site_name\" content=\"IDA.KOREA\" \/>\n<meta property=\"article:modified_time\" content=\"2026-01-14T18:58:09+00:00\" \/>\n<meta property=\"og:image\" content=\"https:\/\/idakorea.ee\/wp-content\/uploads\/2025\/12\/komplekt-some-by-mi-aha-bha-pha-idakorea.jpg\" \/>\n\t<meta property=\"og:image:width\" content=\"1024\" \/>\n\t<meta property=\"og:image:height\" content=\"1024\" \/>\n\t<meta property=\"og:image:type\" content=\"image\/jpeg\" \/>\n<meta name=\"twitter:card\" content=\"summary_large_image\" \/>\n<meta name=\"twitter:label1\" content=\"Arvioitu lukuaika\" \/>\n\t<meta name=\"twitter:data1\" content=\"2 minuuttia\" \/>\n<script type=\"application\/ld+json\" class=\"yoast-schema-graph\">{\"@context\":\"https:\/\/schema.org\",\"@graph\":[{\"@type\":\"WebPage\",\"@id\":\"https:\/\/idakorea.ee\/product\/some-by-mi-aha-bha-pha-30-days-miracle-starter-kit\/\",\"url\":\"https:\/\/idakorea.ee\/product\/some-by-mi-aha-bha-pha-30-days-miracle-starter-kit\/\",\"name\":\"Some By Mi AHA-BHA-PHA 30 Days Miracle Starter Kit - IDA.KOREA\",\"isPartOf\":{\"@id\":\"https:\/\/idakorea.ee\/#website\"},\"primaryImageOfPage\":{\"@id\":\"https:\/\/idakorea.ee\/product\/some-by-mi-aha-bha-pha-30-days-miracle-starter-kit\/#primaryimage\"},\"image\":{\"@id\":\"https:\/\/idakorea.ee\/product\/some-by-mi-aha-bha-pha-30-days-miracle-starter-kit\/#primaryimage\"},\"thumbnailUrl\":\"https:\/\/idakorea.ee\/wp-content\/uploads\/2025\/12\/komplekt-some-by-mi-aha-bha-pha-idakorea.jpg\",\"datePublished\":\"2025-12-12T11:06:13+00:00\",\"dateModified\":\"2026-01-14T18:58:09+00:00\",\"description\":\"Komplekt probleemsele nahale, mis koorib sarvestunud rakke, k\u00e4ivitab regenereerimisprotsesse soodustab p\u00f5letike paranemist ja v\u00e4hendab akne tekkimise riski.\",\"breadcrumb\":{\"@id\":\"https:\/\/idakorea.ee\/product\/some-by-mi-aha-bha-pha-30-days-miracle-starter-kit\/#breadcrumb\"},\"inLanguage\":\"fi\",\"potentialAction\":[{\"@type\":\"ReadAction\",\"target\":[\"https:\/\/idakorea.ee\/product\/some-by-mi-aha-bha-pha-30-days-miracle-starter-kit\/\"]}]},{\"@type\":\"ImageObject\",\"inLanguage\":\"fi\",\"@id\":\"https:\/\/idakorea.ee\/product\/some-by-mi-aha-bha-pha-30-days-miracle-starter-kit\/#primaryimage\",\"url\":\"https:\/\/idakorea.ee\/wp-content\/uploads\/2025\/12\/komplekt-some-by-mi-aha-bha-pha-idakorea.jpg\",\"contentUrl\":\"https:\/\/idakorea.ee\/wp-content\/uploads\/2025\/12\/komplekt-some-by-mi-aha-bha-pha-idakorea.jpg\",\"width\":1024,\"height\":1024},{\"@type\":\"BreadcrumbList\",\"@id\":\"https:\/\/idakorea.ee\/product\/some-by-mi-aha-bha-pha-30-days-miracle-starter-kit\/#breadcrumb\",\"itemListElement\":[{\"@type\":\"ListItem\",\"position\":1,\"name\":\"\u0413\u043b\u0430\u0432\u043d\u0430\u044f \u0441\u0442\u0440\u0430\u043d\u0438\u0446\u0430\",\"item\":\"https:\/\/idakorea.ee\/\"},{\"@type\":\"ListItem\",\"position\":2,\"name\":\"Shop\",\"item\":\"https:\/\/idakorea.ee\/shop-2\/\"},{\"@type\":\"ListItem\",\"position\":3,\"name\":\"Komplekt probleemsele nahale Some By Mi AHA-BHA-PHA 30 Days Miracle Starter Kit\"}]},{\"@type\":\"WebSite\",\"@id\":\"https:\/\/idakorea.ee\/#website\",\"url\":\"https:\/\/idakorea.ee\/\",\"name\":\"IDA.KOREA\",\"description\":\"Korea kosmeetika e-pood\",\"publisher\":{\"@id\":\"https:\/\/idakorea.ee\/#organization\"},\"alternateName\":\"Beauty Shop\",\"potentialAction\":[{\"@type\":\"SearchAction\",\"target\":{\"@type\":\"EntryPoint\",\"urlTemplate\":\"https:\/\/idakorea.ee\/?s={search_term_string}\"},\"query-input\":{\"@type\":\"PropertyValueSpecification\",\"valueRequired\":true,\"valueName\":\"search_term_string\"}}],\"inLanguage\":\"fi\"},{\"@type\":\"Organization\",\"@id\":\"https:\/\/idakorea.ee\/#organization\",\"name\":\"IDA.KOREA\",\"url\":\"https:\/\/idakorea.ee\/\",\"logo\":{\"@type\":\"ImageObject\",\"inLanguage\":\"fi\",\"@id\":\"https:\/\/idakorea.ee\/#\/schema\/logo\/image\/\",\"url\":\"https:\/\/idakorea.ee\/wp-content\/uploads\/2024\/05\/cropped-korea3.png\",\"contentUrl\":\"https:\/\/idakorea.ee\/wp-content\/uploads\/2024\/05\/cropped-korea3.png\",\"width\":688,\"height\":126,\"caption\":\"IDA.KOREA\"},\"image\":{\"@id\":\"https:\/\/idakorea.ee\/#\/schema\/logo\/image\/\"},\"sameAs\":[\"https:\/\/www.instagram.com\/ida.korea\/\"]}]}<\/script>\n<!-- \/ Yoast SEO plugin. -->","yoast_head_json":{"title":"Some By Mi AHA-BHA-PHA 30 p\u00e4iv\u00e4n ihmealoituspakkaus - IDA.KOREA","description":"Ongelmaiholle tarkoitettu setti, joka kuorii kuolleita ihosoluja, k\u00e4ynnist\u00e4\u00e4 uudistumisprosesseja, edist\u00e4\u00e4 tulehduksen paranemista ja v\u00e4hent\u00e4\u00e4 aknen riski\u00e4.","robots":{"index":"index","follow":"follow","max-snippet":"max-snippet:-1","max-image-preview":"max-image-preview:large","max-video-preview":"max-video-preview:-1"},"canonical":"https:\/\/idakorea.ee\/fi\/product\/some-by-mi-aha-bha-pha-30-days-miracle-starter-kit\/","og_locale":"fi_FI","og_type":"article","og_title":"Some By Mi AHA-BHA-PHA 30 Days Miracle Starter Kit - IDA.KOREA","og_description":"Komplekt probleemsele nahale, mis koorib sarvestunud rakke, k\u00e4ivitab regenereerimisprotsesse soodustab p\u00f5letike paranemist ja v\u00e4hendab akne tekkimise riski.","og_url":"https:\/\/idakorea.ee\/fi\/product\/some-by-mi-aha-bha-pha-30-days-miracle-starter-kit\/","og_site_name":"IDA.KOREA","article_modified_time":"2026-01-14T18:58:09+00:00","og_image":[{"width":1024,"height":1024,"url":"https:\/\/idakorea.ee\/wp-content\/uploads\/2025\/12\/komplekt-some-by-mi-aha-bha-pha-idakorea.jpg","type":"image\/jpeg"}],"twitter_card":"summary_large_image","twitter_misc":{"Arvioitu lukuaika":"2 minuuttia"},"schema":{"@context":"https:\/\/schema.org","@graph":[{"@type":"WebPage","@id":"https:\/\/idakorea.ee\/product\/some-by-mi-aha-bha-pha-30-days-miracle-starter-kit\/","url":"https:\/\/idakorea.ee\/product\/some-by-mi-aha-bha-pha-30-days-miracle-starter-kit\/","name":"Some By Mi AHA-BHA-PHA 30 p\u00e4iv\u00e4n ihmealoituspakkaus - IDA.KOREA","isPartOf":{"@id":"https:\/\/idakorea.ee\/#website"},"primaryImageOfPage":{"@id":"https:\/\/idakorea.ee\/product\/some-by-mi-aha-bha-pha-30-days-miracle-starter-kit\/#primaryimage"},"image":{"@id":"https:\/\/idakorea.ee\/product\/some-by-mi-aha-bha-pha-30-days-miracle-starter-kit\/#primaryimage"},"thumbnailUrl":"https:\/\/idakorea.ee\/wp-content\/uploads\/2025\/12\/komplekt-some-by-mi-aha-bha-pha-idakorea.jpg","datePublished":"2025-12-12T11:06:13+00:00","dateModified":"2026-01-14T18:58:09+00:00","description":"Ongelmaiholle tarkoitettu setti, joka kuorii kuolleita ihosoluja, k\u00e4ynnist\u00e4\u00e4 uudistumisprosesseja, edist\u00e4\u00e4 tulehduksen paranemista ja v\u00e4hent\u00e4\u00e4 aknen riski\u00e4.","breadcrumb":{"@id":"https:\/\/idakorea.ee\/product\/some-by-mi-aha-bha-pha-30-days-miracle-starter-kit\/#breadcrumb"},"inLanguage":"fi","potentialAction":[{"@type":"ReadAction","target":["https:\/\/idakorea.ee\/product\/some-by-mi-aha-bha-pha-30-days-miracle-starter-kit\/"]}]},{"@type":"ImageObject","inLanguage":"fi","@id":"https:\/\/idakorea.ee\/product\/some-by-mi-aha-bha-pha-30-days-miracle-starter-kit\/#primaryimage","url":"https:\/\/idakorea.ee\/wp-content\/uploads\/2025\/12\/komplekt-some-by-mi-aha-bha-pha-idakorea.jpg","contentUrl":"https:\/\/idakorea.ee\/wp-content\/uploads\/2025\/12\/komplekt-some-by-mi-aha-bha-pha-idakorea.jpg","width":1024,"height":1024},{"@type":"BreadcrumbList","@id":"https:\/\/idakorea.ee\/product\/some-by-mi-aha-bha-pha-30-days-miracle-starter-kit\/#breadcrumb","itemListElement":[{"@type":"ListItem","position":1,"name":"\u0413\u043b\u0430\u0432\u043d\u0430\u044f \u0441\u0442\u0440\u0430\u043d\u0438\u0446\u0430","item":"https:\/\/idakorea.ee\/"},{"@type":"ListItem","position":2,"name":"Shop","item":"https:\/\/idakorea.ee\/shop-2\/"},{"@type":"ListItem","position":3,"name":"Komplekt probleemsele nahale Some By Mi AHA-BHA-PHA 30 Days Miracle Starter Kit"}]},{"@type":"WebSite","@id":"https:\/\/idakorea.ee\/#website","url":"https:\/\/idakorea.ee\/","name":"IDA.KOREA","description":"Korean kosmetiikan verkkokauppa","publisher":{"@id":"https:\/\/idakorea.ee\/#organization"},"alternateName":"Beauty Shop","potentialAction":[{"@type":"SearchAction","target":{"@type":"EntryPoint","urlTemplate":"https:\/\/idakorea.ee\/?s={search_term_string}"},"query-input":{"@type":"PropertyValueSpecification","valueRequired":true,"valueName":"search_term_string"}}],"inLanguage":"fi"},{"@type":"Organization","@id":"https:\/\/idakorea.ee\/#organization","name":"IDA.KOREA","url":"https:\/\/idakorea.ee\/","logo":{"@type":"ImageObject","inLanguage":"fi","@id":"https:\/\/idakorea.ee\/#\/schema\/logo\/image\/","url":"https:\/\/idakorea.ee\/wp-content\/uploads\/2024\/05\/cropped-korea3.png","contentUrl":"https:\/\/idakorea.ee\/wp-content\/uploads\/2024\/05\/cropped-korea3.png","width":688,"height":126,"caption":"IDA.KOREA"},"image":{"@id":"https:\/\/idakorea.ee\/#\/schema\/logo\/image\/"},"sameAs":["https:\/\/www.instagram.com\/ida.korea\/"]}]}},"jetpack_sharing_enabled":true,"brands":[{"id":492,"name":"SOME BY MI","slug":"some-by-mi"}],"_links":{"self":[{"href":"https:\/\/idakorea.ee\/fi\/wp-json\/wp\/v2\/product\/16834","targetHints":{"allow":["GET"]}}],"collection":[{"href":"https:\/\/idakorea.ee\/fi\/wp-json\/wp\/v2\/product"}],"about":[{"href":"https:\/\/idakorea.ee\/fi\/wp-json\/wp\/v2\/types\/product"}],"replies":[{"embeddable":true,"href":"https:\/\/idakorea.ee\/fi\/wp-json\/wp\/v2\/comments?post=16834"}],"version-history":[{"count":2,"href":"https:\/\/idakorea.ee\/fi\/wp-json\/wp\/v2\/product\/16834\/revisions"}],"predecessor-version":[{"id":17246,"href":"https:\/\/idakorea.ee\/fi\/wp-json\/wp\/v2\/product\/16834\/revisions\/17246"}],"wp:featuredmedia":[{"embeddable":true,"href":"https:\/\/idakorea.ee\/fi\/wp-json\/wp\/v2\/media\/16835"}],"wp:attachment":[{"href":"https:\/\/idakorea.ee\/fi\/wp-json\/wp\/v2\/media?parent=16834"}],"wp:term":[{"taxonomy":"pwb-brand","embeddable":true,"href":"https:\/\/idakorea.ee\/fi\/wp-json\/wp\/v2\/pwb-brand?post=16834"},{"taxonomy":"product_brand","embeddable":true,"href":"https:\/\/idakorea.ee\/fi\/wp-json\/wp\/v2\/product_brand?post=16834"},{"taxonomy":"product_cat","embeddable":true,"href":"https:\/\/idakorea.ee\/fi\/wp-json\/wp\/v2\/product_cat?post=16834"},{"taxonomy":"product_tag","embeddable":true,"href":"https:\/\/idakorea.ee\/fi\/wp-json\/wp\/v2\/product_tag?post=16834"}],"curies":[{"name":"wp","href":"https:\/\/api.w.org\/{rel}","templated":true}]}}