{"id":16846,"date":"2025-12-15T15:17:36","date_gmt":"2025-12-15T13:17:36","guid":{"rendered":"https:\/\/idakorea.ee\/?post_type=product&#038;p=16846"},"modified":"2026-04-10T14:11:29","modified_gmt":"2026-04-10T12:11:29","slug":"medicube-age-r-booster-pro-head-case","status":"publish","type":"product","link":"https:\/\/idakorea.ee\/fi\/product\/medicube-age-r-booster-pro-head-case\/","title":{"rendered":"Suojakotelo Medicube AGE-R Booster Pro -p\u00e4\u00e4kotelo"},"content":{"rendered":"<p data-start=\"154\" data-end=\"384\"><strong data-start=\"154\" data-end=\"196\">Medicube AGE-R Booster Pro Head Case<\/strong> on erityisesti AGE-R Booster Pro -laitteelle suunniteltu suojakotelo. Korkealaatuinen ja kest\u00e4v\u00e4 materiaali suojaa laitetta naarmuilta, p\u00f6lylt\u00e4 ja ulkoisilta vaurioilta sek\u00e4 kotona ett\u00e4 matkoilla.<\/p>\n<p data-start=\"386\" data-end=\"548\">Kotelo varmistaa laitteen turvallisen s\u00e4ilytyksen, auttaa s\u00e4ilytt\u00e4m\u00e4\u00e4n sen esteettisen ulkon\u00e4\u00f6n ja pident\u00e4\u00e4 sen k\u00e4ytt\u00f6ik\u00e4\u00e4. Kompakti muotoilu mahdollistaa k\u00e4tev\u00e4n kantamisen.<\/p>\n<p data-start=\"550\" data-end=\"572\"><strong data-start=\"550\" data-end=\"572\">T\u00e4rkeimm\u00e4t ominaisuudet:<\/strong><\/p>\n<ul data-start=\"573\" data-end=\"782\">\n<li data-start=\"573\" data-end=\"625\">\n<p data-start=\"575\" data-end=\"625\">erityisesti AGE-R Booster Prolle suunniteltu<\/p>\n<\/li>\n<li data-start=\"626\" data-end=\"666\">\n<p data-start=\"628\" data-end=\"666\">suojaa naarmuilta ja lialta<\/p>\n<\/li>\n<li data-start=\"667\" data-end=\"705\">\n<p data-start=\"669\" data-end=\"705\">kest\u00e4v\u00e4 ja korkealaatuinen materiaali<\/p>\n<\/li>\n<li data-start=\"706\" data-end=\"733\">\n<p data-start=\"708\" data-end=\"733\">kompakti ja k\u00e4yt\u00e4nn\u00f6llinen<\/p>\n<\/li>\n<li data-start=\"734\" data-end=\"782\">\n<p data-start=\"736\" data-end=\"782\">sopii jokap\u00e4iv\u00e4iseen k\u00e4ytt\u00f6\u00f6n ja matkoille<\/p>\n<\/li>\n<\/ul>\n<p data-start=\"784\" data-end=\"840\"><strong data-start=\"784\" data-end=\"796\">Yhteensopivuus:<\/strong> vain Medicube AGE-R Booster Pro -laitteelle.<\/p>","protected":false},"excerpt":{"rendered":"<p>Medicube AGE-R Booster Pro Head Case on erityisesti AGE-R Booster Pro -laitteelle suunniteltu suojakotelo. Korkealaatuinen ja kest\u00e4v\u00e4 materiaali suojaa laitetta naarmuilta, p\u00f6lylt\u00e4 ja ulkoisilta vaurioilta sek\u00e4 kotona ett\u00e4 matkoilla. Kotelo varmistaa laitteen turvallisen s\u00e4ilytyksen, auttaa s\u00e4ilytt\u00e4m\u00e4\u00e4n sen esteettisen ulkon\u00e4\u00f6n ja pident\u00e4\u00e4 sen k\u00e4ytt\u00f6ik\u00e4\u00e4. Kompakti muotoilu mahdollistaa k\u00e4tev\u00e4n kantamisen. T\u00e4rkeimm\u00e4t ominaisuudet: erityisesti AGE-R Booster\u2026<\/p>","protected":false},"featured_media":16847,"comment_status":"open","ping_status":"closed","template":"","meta":{"_uf_show_specific_survey":0,"_uf_disable_surveys":false,"_bst_post_transparent":"default","_bst_post_title":"","_bst_post_layout":"default","_bst_post_sidebar_id":"","_bst_post_content_style":"default","_bst_post_vertical_padding":"default","_bst_post_feature":"","_bst_post_feature_position":"","_bst_post_header":false,"_bst_post_footer":false},"pwb-brand":[490],"product_brand":[],"product_cat":[463],"product_tag":[870,1039,721,814],"class_list":{"0":"post-16846","1":"product","2":"type-product","3":"status-publish","4":"has-post-thumbnail","6":"pwb-brand-medicube","7":"product_cat-tarvikud","8":"product_tag-booster","9":"product_tag-case","10":"product_tag-medicube","11":"product_tag-pro","13":"first","14":"instock","15":"sale","16":"shipping-taxable","17":"purchasable","18":"product-type-variable","19":"has-default-attributes","20":"entry","21":"content-bg","22":"loop-entry"},"supplier_id":null,"supplier_sku":"","barcode":null,"atum_controlled":true,"out_stock_date":null,"out_stock_threshold":null,"inheritable":true,"inbound_stock":0,"stock_on_hold":0,"sold_today":0,"sales_last_days":4,"out_stock_days":0,"lost_sales":0,"has_location":false,"update_date":"2026-04-14T00:05:13","atum_locations":[],"atum_stock_status":"instock","restock_status":false,"low_stock_amount":"","sales_update_date":"2026-04-14T00:05:13","calc_backorders":null,"yoast_head":"<!-- This site is optimized with the Yoast SEO plugin v27.2 - https:\/\/yoast.com\/product\/yoast-seo-wordpress\/ -->\n<title>Medicube AGE-R Booster Pro Head Case - IDA.KOREA<\/title>\n<meta name=\"description\" content=\"Spetsiaalselt loodud kaitse\u00fcmbris AGE-R Booster Pro seadmele. Kvaliteetne materjal kaitseb seadet kriimustuste, tolmu ja v\u00e4liste kahjustuste eest.\" \/>\n<meta name=\"robots\" content=\"index, follow, max-snippet:-1, max-image-preview:large, max-video-preview:-1\" \/>\n<link rel=\"canonical\" href=\"https:\/\/idakorea.ee\/fi\/product\/medicube-age-r-booster-pro-head-case\/\" \/>\n<meta property=\"og:locale\" content=\"fi_FI\" \/>\n<meta property=\"og:type\" content=\"article\" \/>\n<meta property=\"og:title\" content=\"Medicube AGE-R Booster Pro Head Case - IDA.KOREA\" \/>\n<meta property=\"og:description\" content=\"Spetsiaalselt loodud kaitse\u00fcmbris AGE-R Booster Pro seadmele. Kvaliteetne materjal kaitseb seadet kriimustuste, tolmu ja v\u00e4liste kahjustuste eest.\" \/>\n<meta property=\"og:url\" content=\"https:\/\/idakorea.ee\/fi\/product\/medicube-age-r-booster-pro-head-case\/\" \/>\n<meta property=\"og:site_name\" content=\"IDA.KOREA\" \/>\n<meta property=\"article:modified_time\" content=\"2026-04-10T12:11:29+00:00\" \/>\n<meta property=\"og:image\" content=\"https:\/\/idakorea.ee\/wp-content\/uploads\/2025\/12\/medicube-age-r-booster-head-case2-idakorea.png\" \/>\n\t<meta property=\"og:image:width\" content=\"1004\" \/>\n\t<meta property=\"og:image:height\" content=\"1000\" \/>\n\t<meta property=\"og:image:type\" content=\"image\/png\" \/>\n<meta name=\"twitter:card\" content=\"summary_large_image\" \/>\n<meta name=\"twitter:label1\" content=\"Arvioitu lukuaika\" \/>\n\t<meta name=\"twitter:data1\" content=\"1 minuutti\" \/>\n<script type=\"application\/ld+json\" class=\"yoast-schema-graph\">{\"@context\":\"https:\/\/schema.org\",\"@graph\":[{\"@type\":\"WebPage\",\"@id\":\"https:\/\/idakorea.ee\/product\/medicube-age-r-booster-pro-head-case\/\",\"url\":\"https:\/\/idakorea.ee\/product\/medicube-age-r-booster-pro-head-case\/\",\"name\":\"Medicube AGE-R Booster Pro Head Case - IDA.KOREA\",\"isPartOf\":{\"@id\":\"https:\/\/idakorea.ee\/#website\"},\"primaryImageOfPage\":{\"@id\":\"https:\/\/idakorea.ee\/product\/medicube-age-r-booster-pro-head-case\/#primaryimage\"},\"image\":{\"@id\":\"https:\/\/idakorea.ee\/product\/medicube-age-r-booster-pro-head-case\/#primaryimage\"},\"thumbnailUrl\":\"https:\/\/idakorea.ee\/wp-content\/uploads\/2025\/12\/medicube-age-r-booster-head-case2-idakorea.png\",\"datePublished\":\"2025-12-15T13:17:36+00:00\",\"dateModified\":\"2026-04-10T12:11:29+00:00\",\"description\":\"Spetsiaalselt loodud kaitse\u00fcmbris AGE-R Booster Pro seadmele. Kvaliteetne materjal kaitseb seadet kriimustuste, tolmu ja v\u00e4liste kahjustuste eest.\",\"breadcrumb\":{\"@id\":\"https:\/\/idakorea.ee\/product\/medicube-age-r-booster-pro-head-case\/#breadcrumb\"},\"inLanguage\":\"fi\",\"potentialAction\":[{\"@type\":\"ReadAction\",\"target\":[\"https:\/\/idakorea.ee\/product\/medicube-age-r-booster-pro-head-case\/\"]}]},{\"@type\":\"ImageObject\",\"inLanguage\":\"fi\",\"@id\":\"https:\/\/idakorea.ee\/product\/medicube-age-r-booster-pro-head-case\/#primaryimage\",\"url\":\"https:\/\/idakorea.ee\/wp-content\/uploads\/2025\/12\/medicube-age-r-booster-head-case2-idakorea.png\",\"contentUrl\":\"https:\/\/idakorea.ee\/wp-content\/uploads\/2025\/12\/medicube-age-r-booster-head-case2-idakorea.png\",\"width\":1004,\"height\":1000},{\"@type\":\"BreadcrumbList\",\"@id\":\"https:\/\/idakorea.ee\/product\/medicube-age-r-booster-pro-head-case\/#breadcrumb\",\"itemListElement\":[{\"@type\":\"ListItem\",\"position\":1,\"name\":\"\u0413\u043b\u0430\u0432\u043d\u0430\u044f \u0441\u0442\u0440\u0430\u043d\u0438\u0446\u0430\",\"item\":\"https:\/\/idakorea.ee\/\"},{\"@type\":\"ListItem\",\"position\":2,\"name\":\"Shop\",\"item\":\"https:\/\/idakorea.ee\/shop-2\/\"},{\"@type\":\"ListItem\",\"position\":3,\"name\":\"Kaitse\u00fcmbris Medicube AGE-R Booster Pro Head Case\"}]},{\"@type\":\"WebSite\",\"@id\":\"https:\/\/idakorea.ee\/#website\",\"url\":\"https:\/\/idakorea.ee\/\",\"name\":\"IDA.KOREA\",\"description\":\"Korea kosmeetika e-pood\",\"publisher\":{\"@id\":\"https:\/\/idakorea.ee\/#organization\"},\"alternateName\":\"Beauty Shop\",\"potentialAction\":[{\"@type\":\"SearchAction\",\"target\":{\"@type\":\"EntryPoint\",\"urlTemplate\":\"https:\/\/idakorea.ee\/?s={search_term_string}\"},\"query-input\":{\"@type\":\"PropertyValueSpecification\",\"valueRequired\":true,\"valueName\":\"search_term_string\"}}],\"inLanguage\":\"fi\"},{\"@type\":\"Organization\",\"@id\":\"https:\/\/idakorea.ee\/#organization\",\"name\":\"IDA.KOREA\",\"url\":\"https:\/\/idakorea.ee\/\",\"logo\":{\"@type\":\"ImageObject\",\"inLanguage\":\"fi\",\"@id\":\"https:\/\/idakorea.ee\/#\/schema\/logo\/image\/\",\"url\":\"https:\/\/idakorea.ee\/wp-content\/uploads\/2024\/05\/cropped-korea3.png\",\"contentUrl\":\"https:\/\/idakorea.ee\/wp-content\/uploads\/2024\/05\/cropped-korea3.png\",\"width\":688,\"height\":126,\"caption\":\"IDA.KOREA\"},\"image\":{\"@id\":\"https:\/\/idakorea.ee\/#\/schema\/logo\/image\/\"},\"sameAs\":[\"https:\/\/www.instagram.com\/ida.korea\/\"]}]}<\/script>\n<!-- \/ Yoast SEO plugin. -->","yoast_head_json":{"title":"Medicube AGE-R Booster Pro -p\u00e4\u00e4kotelo - EAST.KOREA","description":"Erityisesti AGE-R Booster Pro -laitteelle suunniteltu suojakotelo. Korkealaatuinen materiaali suojaa laitetta naarmuilta, p\u00f6lylt\u00e4 ja ulkoisilta vaurioilta.","robots":{"index":"index","follow":"follow","max-snippet":"max-snippet:-1","max-image-preview":"max-image-preview:large","max-video-preview":"max-video-preview:-1"},"canonical":"https:\/\/idakorea.ee\/fi\/product\/medicube-age-r-booster-pro-head-case\/","og_locale":"fi_FI","og_type":"article","og_title":"Medicube AGE-R Booster Pro Head Case - IDA.KOREA","og_description":"Spetsiaalselt loodud kaitse\u00fcmbris AGE-R Booster Pro seadmele. Kvaliteetne materjal kaitseb seadet kriimustuste, tolmu ja v\u00e4liste kahjustuste eest.","og_url":"https:\/\/idakorea.ee\/fi\/product\/medicube-age-r-booster-pro-head-case\/","og_site_name":"IDA.KOREA","article_modified_time":"2026-04-10T12:11:29+00:00","og_image":[{"width":1004,"height":1000,"url":"https:\/\/idakorea.ee\/wp-content\/uploads\/2025\/12\/medicube-age-r-booster-head-case2-idakorea.png","type":"image\/png"}],"twitter_card":"summary_large_image","twitter_misc":{"Arvioitu lukuaika":"1 minuutti"},"schema":{"@context":"https:\/\/schema.org","@graph":[{"@type":"WebPage","@id":"https:\/\/idakorea.ee\/product\/medicube-age-r-booster-pro-head-case\/","url":"https:\/\/idakorea.ee\/product\/medicube-age-r-booster-pro-head-case\/","name":"Medicube AGE-R Booster Pro -p\u00e4\u00e4kotelo - EAST.KOREA","isPartOf":{"@id":"https:\/\/idakorea.ee\/#website"},"primaryImageOfPage":{"@id":"https:\/\/idakorea.ee\/product\/medicube-age-r-booster-pro-head-case\/#primaryimage"},"image":{"@id":"https:\/\/idakorea.ee\/product\/medicube-age-r-booster-pro-head-case\/#primaryimage"},"thumbnailUrl":"https:\/\/idakorea.ee\/wp-content\/uploads\/2025\/12\/medicube-age-r-booster-head-case2-idakorea.png","datePublished":"2025-12-15T13:17:36+00:00","dateModified":"2026-04-10T12:11:29+00:00","description":"Erityisesti AGE-R Booster Pro -laitteelle suunniteltu suojakotelo. Korkealaatuinen materiaali suojaa laitetta naarmuilta, p\u00f6lylt\u00e4 ja ulkoisilta vaurioilta.","breadcrumb":{"@id":"https:\/\/idakorea.ee\/product\/medicube-age-r-booster-pro-head-case\/#breadcrumb"},"inLanguage":"fi","potentialAction":[{"@type":"ReadAction","target":["https:\/\/idakorea.ee\/product\/medicube-age-r-booster-pro-head-case\/"]}]},{"@type":"ImageObject","inLanguage":"fi","@id":"https:\/\/idakorea.ee\/product\/medicube-age-r-booster-pro-head-case\/#primaryimage","url":"https:\/\/idakorea.ee\/wp-content\/uploads\/2025\/12\/medicube-age-r-booster-head-case2-idakorea.png","contentUrl":"https:\/\/idakorea.ee\/wp-content\/uploads\/2025\/12\/medicube-age-r-booster-head-case2-idakorea.png","width":1004,"height":1000},{"@type":"BreadcrumbList","@id":"https:\/\/idakorea.ee\/product\/medicube-age-r-booster-pro-head-case\/#breadcrumb","itemListElement":[{"@type":"ListItem","position":1,"name":"\u0413\u043b\u0430\u0432\u043d\u0430\u044f \u0441\u0442\u0440\u0430\u043d\u0438\u0446\u0430","item":"https:\/\/idakorea.ee\/"},{"@type":"ListItem","position":2,"name":"Shop","item":"https:\/\/idakorea.ee\/shop-2\/"},{"@type":"ListItem","position":3,"name":"Kaitse\u00fcmbris Medicube AGE-R Booster Pro Head Case"}]},{"@type":"WebSite","@id":"https:\/\/idakorea.ee\/#website","url":"https:\/\/idakorea.ee\/","name":"IDA.KOREA","description":"Korean kosmetiikan verkkokauppa","publisher":{"@id":"https:\/\/idakorea.ee\/#organization"},"alternateName":"Beauty Shop","potentialAction":[{"@type":"SearchAction","target":{"@type":"EntryPoint","urlTemplate":"https:\/\/idakorea.ee\/?s={search_term_string}"},"query-input":{"@type":"PropertyValueSpecification","valueRequired":true,"valueName":"search_term_string"}}],"inLanguage":"fi"},{"@type":"Organization","@id":"https:\/\/idakorea.ee\/#organization","name":"IDA.KOREA","url":"https:\/\/idakorea.ee\/","logo":{"@type":"ImageObject","inLanguage":"fi","@id":"https:\/\/idakorea.ee\/#\/schema\/logo\/image\/","url":"https:\/\/idakorea.ee\/wp-content\/uploads\/2024\/05\/cropped-korea3.png","contentUrl":"https:\/\/idakorea.ee\/wp-content\/uploads\/2024\/05\/cropped-korea3.png","width":688,"height":126,"caption":"IDA.KOREA"},"image":{"@id":"https:\/\/idakorea.ee\/#\/schema\/logo\/image\/"},"sameAs":["https:\/\/www.instagram.com\/ida.korea\/"]}]}},"jetpack_sharing_enabled":true,"brands":[{"id":490,"name":"MEDICUBE","slug":"medicube"}],"_links":{"self":[{"href":"https:\/\/idakorea.ee\/fi\/wp-json\/wp\/v2\/product\/16846","targetHints":{"allow":["GET"]}}],"collection":[{"href":"https:\/\/idakorea.ee\/fi\/wp-json\/wp\/v2\/product"}],"about":[{"href":"https:\/\/idakorea.ee\/fi\/wp-json\/wp\/v2\/types\/product"}],"replies":[{"embeddable":true,"href":"https:\/\/idakorea.ee\/fi\/wp-json\/wp\/v2\/comments?post=16846"}],"version-history":[{"count":1,"href":"https:\/\/idakorea.ee\/fi\/wp-json\/wp\/v2\/product\/16846\/revisions"}],"predecessor-version":[{"id":16851,"href":"https:\/\/idakorea.ee\/fi\/wp-json\/wp\/v2\/product\/16846\/revisions\/16851"}],"wp:featuredmedia":[{"embeddable":true,"href":"https:\/\/idakorea.ee\/fi\/wp-json\/wp\/v2\/media\/16847"}],"wp:attachment":[{"href":"https:\/\/idakorea.ee\/fi\/wp-json\/wp\/v2\/media?parent=16846"}],"wp:term":[{"taxonomy":"pwb-brand","embeddable":true,"href":"https:\/\/idakorea.ee\/fi\/wp-json\/wp\/v2\/pwb-brand?post=16846"},{"taxonomy":"product_brand","embeddable":true,"href":"https:\/\/idakorea.ee\/fi\/wp-json\/wp\/v2\/product_brand?post=16846"},{"taxonomy":"product_cat","embeddable":true,"href":"https:\/\/idakorea.ee\/fi\/wp-json\/wp\/v2\/product_cat?post=16846"},{"taxonomy":"product_tag","embeddable":true,"href":"https:\/\/idakorea.ee\/fi\/wp-json\/wp\/v2\/product_tag?post=16846"}],"curies":[{"name":"wp","href":"https:\/\/api.w.org\/{rel}","templated":true}]}}