{"id":16852,"date":"2025-12-16T15:50:30","date_gmt":"2025-12-16T13:50:30","guid":{"rendered":"https:\/\/idakorea.ee\/?post_type=product&#038;p=16852"},"modified":"2026-04-23T08:55:18","modified_gmt":"2026-04-23T06:55:18","slug":"medipeel-power-aqua-cream-50g","status":"publish","type":"product","link":"https:\/\/idakorea.ee\/fi\/product\/medipeel-power-aqua-cream-50g\/","title":{"rendered":"MediPeel Power Aqua Cream, 50g"},"content":{"rendered":"<p data-start=\"82\" data-end=\"485\"><strong data-start=\"82\" data-end=\"112\">MediPeel Power Aqua Cream<\/strong> \u2013 sinisi\u00e4 peptidikapseleita sis\u00e4lt\u00e4v\u00e4 kasvovoide on tarkoitettu ihon syv\u00e4kosteuttamiseen ja nuorentamiseen. Tuote poistaa kuivumista, lis\u00e4\u00e4 ihon kimmoisuutta ja kiinteytt\u00e4, silottaa j\u00e4ljittelevi\u00e4 ryppyj\u00e4 ja antaa kohottavan vaikutuksen. J\u00e4tt\u00e4\u00e4 ihon kosteutetuksi, raikkaaksi ja s\u00e4teilev\u00e4ksi. Sis\u00e4lt\u00e4\u00e4 botoxin kaltaista peptidi\u00e4 (argireliinia) ja kukkakompleksia: laventeli-, ruiskaunokki- ja salviauutteita.<\/p>\n<p data-start=\"487\" data-end=\"669\">Tuotteessa on geelipohja, jonka sis\u00e4ll\u00e4 on voidekapseleita. Iholle levitettyn\u00e4 geeli sekoittuu sulavaan voidekapseliin ja saa aikaan tasaisen koostumuksen. Voide tarjoaa pitk\u00e4kestoista kosteutusta koko p\u00e4iv\u00e4ksi.<\/p>\n<p data-start=\"671\" data-end=\"759\">Geelialusta asetetaan <strong data-start=\"699\" data-end=\"719\">57 kermakapselia<\/strong>, jotka sis\u00e4lt\u00e4v\u00e4t vaikuttavia aineita.<\/p>\n<p data-start=\"761\" data-end=\"796\"><strong data-start=\"761\" data-end=\"796\">T\u00e4rkeimm\u00e4t vaikuttavat aineet:<\/strong><\/p>\n<ul data-start=\"797\" data-end=\"1606\">\n<li data-start=\"797\" data-end=\"946\">\n<p data-start=\"799\" data-end=\"946\"><strong data-start=\"799\" data-end=\"816\">Niasiiniamidi<\/strong> Tasoittaa ihon s\u00e4vy\u00e4 ja auttaa v\u00e4hent\u00e4m\u00e4\u00e4n ei-toivottua pigmentaatiota. Lis\u00e4\u00e4 ihon kimmoisuutta ja stimuloi kollageenin tuotantoa.<\/p>\n<\/li>\n<li data-start=\"947\" data-end=\"1047\">\n<p data-start=\"949\" data-end=\"1047\"><strong data-start=\"949\" data-end=\"965\">Astaksantiini<\/strong> tarjoaa vahvan antioksidanttisuojan ja vahvistaa epidermiksen suojatoimintoja.<\/p>\n<\/li>\n<li data-start=\"1048\" data-end=\"1204\">\n<p data-start=\"1050\" data-end=\"1204\"><strong data-start=\"1050\" data-end=\"1092\">Laventeli-, salvia- ja kamomillauutteet<\/strong> Rauhoittava, tulehdusta ehk\u00e4isev\u00e4 ja uudistava vaikutus. Lievitt\u00e4\u00e4 punoitusta ja tulehdusta sek\u00e4 tasoittaa ihon s\u00e4vy\u00e4.<\/p>\n<\/li>\n<li data-start=\"1205\" data-end=\"1371\">\n<p data-start=\"1207\" data-end=\"1371\"><strong data-start=\"1207\" data-end=\"1264\">8 eri molekyylikokoista hyaluronihappomuotoa<\/strong> tarjoavat tehokasta nesteytyst\u00e4 ja auttavat poistamaan kuivuutta ja nestehukkaa kaikissa epidermiksen kerroksissa.<\/p>\n<\/li>\n<li data-start=\"1372\" data-end=\"1606\">\n<p data-start=\"1374\" data-end=\"1606\"><strong data-start=\"1374\" data-end=\"1388\">Argireline<\/strong> \u2013 ainutlaatuinen heksapeptidi, jota pidet\u00e4\u00e4n ei-invasiivisena vaihtoehtona Botoxille. Auttaa v\u00e4hent\u00e4m\u00e4\u00e4n ryppyj\u00e4 tunkeutumalla ihon syvempiin kerroksiin ja edist\u00e4m\u00e4ll\u00e4 lihasten rentoutumista. Se my\u00f6s est\u00e4\u00e4 uusien ryppyjen muodostumista.<\/p>\n<\/li>\n<\/ul>\n<p data-start=\"1608\" data-end=\"1692\">Sopii normaalille, sekaiholle ja herk\u00e4lle iholle, jolla on ensimm\u00e4iset ik\u00e4\u00e4ntymisen merkit.<\/p>\n<p data-start=\"1694\" data-end=\"1792\"><strong data-start=\"1694\" data-end=\"1709\">K\u00e4ytt\u00f6:<\/strong> Ota yksi kapseli purkista ja levit\u00e4 kasvoillesi. Levit\u00e4 hell\u00e4varaisesti iholle ja anna imeyty\u00e4.<\/p>\n<p data-start=\"1794\" data-end=\"1941\"><strong data-start=\"1794\" data-end=\"1805\">Huom:<\/strong> Kuljetuksen aikana kermakapselit voivat sekoittua ja muodostaa geelim\u00e4isen koostumuksen. T\u00e4m\u00e4 ei vaikuta tuotteen koostumukseen tai laatuun eik\u00e4 ole vika.<\/p>","protected":false},"excerpt":{"rendered":"<p>MediPeel Power Aqua Cream \u2013 kasvovoide, jossa on sinisi\u00e4 peptidikapseleita, on tarkoitettu ihon syv\u00e4kosteuttamiseen ja nuorentamiseen. Tuote poistaa kuivumista, lis\u00e4\u00e4 ihon kimmoisuutta ja kiinteytt\u00e4, silottaa matkivia ryppyj\u00e4 ja antaa kohottavan vaikutuksen. J\u00e4tt\u00e4\u00e4 ihon kosteutetuksi, raikkaaksi ja s\u00e4teilev\u00e4ksi. Sis\u00e4lt\u00e4\u00e4 botoxin kaltaista peptidi\u00e4 (argireliinia) ja kukkakompleksia: laventeli-, ruiskaunokki- ja salviauutteita. Tuotteella on geelipohja, jossa voidekapselit sijaitsevat. Iho\u2026<\/p>","protected":false},"featured_media":16857,"comment_status":"open","ping_status":"closed","template":"","meta":{"_uf_show_specific_survey":0,"_uf_disable_surveys":false,"_bst_post_transparent":"default","_bst_post_title":"","_bst_post_layout":"default","_bst_post_sidebar_id":"","_bst_post_content_style":"default","_bst_post_vertical_padding":"default","_bst_post_feature":"","_bst_post_feature_position":"","_bst_post_header":false,"_bst_post_footer":false},"pwb-brand":[107],"product_brand":[],"product_cat":[92,96],"product_tag":[734,1040,568,381],"class_list":{"0":"post-16852","1":"product","2":"type-product","3":"status-publish","4":"has-post-thumbnail","6":"pwb-brand-medipeel","7":"product_cat-nagu","8":"product_cat-naokreemid","9":"product_tag-cream","10":"product_tag-h8","11":"product_tag-korea","12":"product_tag-medipeel","14":"first","15":"instock","16":"sale","17":"shipping-taxable","18":"purchasable","19":"product-type-simple","20":"entry","21":"content-bg","22":"loop-entry"},"supplier_id":null,"supplier_sku":"","barcode":null,"atum_controlled":true,"out_stock_date":null,"out_stock_threshold":null,"inheritable":false,"inbound_stock":0,"stock_on_hold":0,"sold_today":0,"sales_last_days":1,"out_stock_days":0,"lost_sales":0,"has_location":false,"update_date":"2026-04-24T00:09:13","atum_locations":[],"atum_stock_status":"instock","restock_status":false,"low_stock_amount":"","sales_update_date":"2026-04-24T00:09:13","calc_backorders":null,"yoast_head":"<!-- This site is optimized with the Yoast SEO plugin v27.2 - https:\/\/yoast.com\/product\/yoast-seo-wordpress\/ -->\n<title>MediPeel Power Aqua Cream, 50g - IDA.KOREA<\/title>\n<meta name=\"description\" content=\"K\u00f5rvaldab deh\u00fcdratsiooni, suurendab naha elastsust ja pinguldatust, silub miimilisi kortse, annab lifting-efekti. J\u00e4tab nahale s\u00e4rava viimistluse.\" \/>\n<meta name=\"robots\" content=\"index, follow, max-snippet:-1, max-image-preview:large, max-video-preview:-1\" \/>\n<link rel=\"canonical\" href=\"https:\/\/idakorea.ee\/fi\/product\/medipeel-power-aqua-cream-50g\/\" \/>\n<meta property=\"og:locale\" content=\"fi_FI\" \/>\n<meta property=\"og:type\" content=\"article\" \/>\n<meta property=\"og:title\" content=\"MediPeel Power Aqua Cream, 50g - IDA.KOREA\" \/>\n<meta property=\"og:description\" content=\"K\u00f5rvaldab deh\u00fcdratsiooni, suurendab naha elastsust ja pinguldatust, silub miimilisi kortse, annab lifting-efekti. J\u00e4tab nahale s\u00e4rava viimistluse.\" \/>\n<meta property=\"og:url\" content=\"https:\/\/idakorea.ee\/fi\/product\/medipeel-power-aqua-cream-50g\/\" \/>\n<meta property=\"og:site_name\" content=\"IDA.KOREA\" \/>\n<meta property=\"article:modified_time\" content=\"2026-04-23T06:55:18+00:00\" \/>\n<meta property=\"og:image\" content=\"https:\/\/idakorea.ee\/wp-content\/uploads\/2025\/12\/Medi_Peel-Power-Aqua-Cream-idakorea.jpg\" \/>\n\t<meta property=\"og:image:width\" content=\"1000\" \/>\n\t<meta property=\"og:image:height\" content=\"1000\" \/>\n\t<meta property=\"og:image:type\" content=\"image\/jpeg\" \/>\n<meta name=\"twitter:card\" content=\"summary_large_image\" \/>\n<meta name=\"twitter:label1\" content=\"Arvioitu lukuaika\" \/>\n\t<meta name=\"twitter:data1\" content=\"2 minuuttia\" \/>\n<script type=\"application\/ld+json\" class=\"yoast-schema-graph\">{\"@context\":\"https:\/\/schema.org\",\"@graph\":[{\"@type\":\"WebPage\",\"@id\":\"https:\/\/idakorea.ee\/product\/medipeel-power-aqua-cream-50g\/\",\"url\":\"https:\/\/idakorea.ee\/product\/medipeel-power-aqua-cream-50g\/\",\"name\":\"MediPeel Power Aqua Cream, 50g - IDA.KOREA\",\"isPartOf\":{\"@id\":\"https:\/\/idakorea.ee\/#website\"},\"primaryImageOfPage\":{\"@id\":\"https:\/\/idakorea.ee\/product\/medipeel-power-aqua-cream-50g\/#primaryimage\"},\"image\":{\"@id\":\"https:\/\/idakorea.ee\/product\/medipeel-power-aqua-cream-50g\/#primaryimage\"},\"thumbnailUrl\":\"https:\/\/idakorea.ee\/wp-content\/uploads\/2025\/12\/Medi_Peel-Power-Aqua-Cream-idakorea.jpg\",\"datePublished\":\"2025-12-16T13:50:30+00:00\",\"dateModified\":\"2026-04-23T06:55:18+00:00\",\"description\":\"K\u00f5rvaldab deh\u00fcdratsiooni, suurendab naha elastsust ja pinguldatust, silub miimilisi kortse, annab lifting-efekti. J\u00e4tab nahale s\u00e4rava viimistluse.\",\"breadcrumb\":{\"@id\":\"https:\/\/idakorea.ee\/product\/medipeel-power-aqua-cream-50g\/#breadcrumb\"},\"inLanguage\":\"fi\",\"potentialAction\":[{\"@type\":\"ReadAction\",\"target\":[\"https:\/\/idakorea.ee\/product\/medipeel-power-aqua-cream-50g\/\"]}]},{\"@type\":\"ImageObject\",\"inLanguage\":\"fi\",\"@id\":\"https:\/\/idakorea.ee\/product\/medipeel-power-aqua-cream-50g\/#primaryimage\",\"url\":\"https:\/\/idakorea.ee\/wp-content\/uploads\/2025\/12\/Medi_Peel-Power-Aqua-Cream-idakorea.jpg\",\"contentUrl\":\"https:\/\/idakorea.ee\/wp-content\/uploads\/2025\/12\/Medi_Peel-Power-Aqua-Cream-idakorea.jpg\",\"width\":1000,\"height\":1000},{\"@type\":\"BreadcrumbList\",\"@id\":\"https:\/\/idakorea.ee\/product\/medipeel-power-aqua-cream-50g\/#breadcrumb\",\"itemListElement\":[{\"@type\":\"ListItem\",\"position\":1,\"name\":\"\u0413\u043b\u0430\u0432\u043d\u0430\u044f \u0441\u0442\u0440\u0430\u043d\u0438\u0446\u0430\",\"item\":\"https:\/\/idakorea.ee\/\"},{\"@type\":\"ListItem\",\"position\":2,\"name\":\"Shop\",\"item\":\"https:\/\/idakorea.ee\/shop-2\/\"},{\"@type\":\"ListItem\",\"position\":3,\"name\":\"N\u00e4okreem peptiidkapslitega MediPeel Power Aqua Cream, 50g\"}]},{\"@type\":\"WebSite\",\"@id\":\"https:\/\/idakorea.ee\/#website\",\"url\":\"https:\/\/idakorea.ee\/\",\"name\":\"IDA.KOREA\",\"description\":\"Korea kosmeetika e-pood\",\"publisher\":{\"@id\":\"https:\/\/idakorea.ee\/#organization\"},\"alternateName\":\"Beauty Shop\",\"potentialAction\":[{\"@type\":\"SearchAction\",\"target\":{\"@type\":\"EntryPoint\",\"urlTemplate\":\"https:\/\/idakorea.ee\/?s={search_term_string}\"},\"query-input\":{\"@type\":\"PropertyValueSpecification\",\"valueRequired\":true,\"valueName\":\"search_term_string\"}}],\"inLanguage\":\"fi\"},{\"@type\":\"Organization\",\"@id\":\"https:\/\/idakorea.ee\/#organization\",\"name\":\"IDA.KOREA\",\"url\":\"https:\/\/idakorea.ee\/\",\"logo\":{\"@type\":\"ImageObject\",\"inLanguage\":\"fi\",\"@id\":\"https:\/\/idakorea.ee\/#\/schema\/logo\/image\/\",\"url\":\"https:\/\/idakorea.ee\/wp-content\/uploads\/2024\/05\/cropped-korea3.png\",\"contentUrl\":\"https:\/\/idakorea.ee\/wp-content\/uploads\/2024\/05\/cropped-korea3.png\",\"width\":688,\"height\":126,\"caption\":\"IDA.KOREA\"},\"image\":{\"@id\":\"https:\/\/idakorea.ee\/#\/schema\/logo\/image\/\"},\"sameAs\":[\"https:\/\/www.instagram.com\/ida.korea\/\"]}]}<\/script>\n<!-- \/ Yoast SEO plugin. -->","yoast_head_json":{"title":"MediPeel Power Aqua -voide, 50 g - IDA.KOREA","description":"Poistaa kuivumista, lis\u00e4\u00e4 ihon kimmoisuutta ja kiinteytt\u00e4, silottaa ilmejuonteita, antaa kohottavan vaikutuksen. J\u00e4tt\u00e4\u00e4 iholle s\u00e4teilev\u00e4n pinnan.","robots":{"index":"index","follow":"follow","max-snippet":"max-snippet:-1","max-image-preview":"max-image-preview:large","max-video-preview":"max-video-preview:-1"},"canonical":"https:\/\/idakorea.ee\/fi\/product\/medipeel-power-aqua-cream-50g\/","og_locale":"fi_FI","og_type":"article","og_title":"MediPeel Power Aqua Cream, 50g - IDA.KOREA","og_description":"K\u00f5rvaldab deh\u00fcdratsiooni, suurendab naha elastsust ja pinguldatust, silub miimilisi kortse, annab lifting-efekti. J\u00e4tab nahale s\u00e4rava viimistluse.","og_url":"https:\/\/idakorea.ee\/fi\/product\/medipeel-power-aqua-cream-50g\/","og_site_name":"IDA.KOREA","article_modified_time":"2026-04-23T06:55:18+00:00","og_image":[{"width":1000,"height":1000,"url":"https:\/\/idakorea.ee\/wp-content\/uploads\/2025\/12\/Medi_Peel-Power-Aqua-Cream-idakorea.jpg","type":"image\/jpeg"}],"twitter_card":"summary_large_image","twitter_misc":{"Arvioitu lukuaika":"2 minuuttia"},"schema":{"@context":"https:\/\/schema.org","@graph":[{"@type":"WebPage","@id":"https:\/\/idakorea.ee\/product\/medipeel-power-aqua-cream-50g\/","url":"https:\/\/idakorea.ee\/product\/medipeel-power-aqua-cream-50g\/","name":"MediPeel Power Aqua -voide, 50 g - IDA.KOREA","isPartOf":{"@id":"https:\/\/idakorea.ee\/#website"},"primaryImageOfPage":{"@id":"https:\/\/idakorea.ee\/product\/medipeel-power-aqua-cream-50g\/#primaryimage"},"image":{"@id":"https:\/\/idakorea.ee\/product\/medipeel-power-aqua-cream-50g\/#primaryimage"},"thumbnailUrl":"https:\/\/idakorea.ee\/wp-content\/uploads\/2025\/12\/Medi_Peel-Power-Aqua-Cream-idakorea.jpg","datePublished":"2025-12-16T13:50:30+00:00","dateModified":"2026-04-23T06:55:18+00:00","description":"Poistaa kuivumista, lis\u00e4\u00e4 ihon kimmoisuutta ja kiinteytt\u00e4, silottaa ilmejuonteita, antaa kohottavan vaikutuksen. J\u00e4tt\u00e4\u00e4 iholle s\u00e4teilev\u00e4n pinnan.","breadcrumb":{"@id":"https:\/\/idakorea.ee\/product\/medipeel-power-aqua-cream-50g\/#breadcrumb"},"inLanguage":"fi","potentialAction":[{"@type":"ReadAction","target":["https:\/\/idakorea.ee\/product\/medipeel-power-aqua-cream-50g\/"]}]},{"@type":"ImageObject","inLanguage":"fi","@id":"https:\/\/idakorea.ee\/product\/medipeel-power-aqua-cream-50g\/#primaryimage","url":"https:\/\/idakorea.ee\/wp-content\/uploads\/2025\/12\/Medi_Peel-Power-Aqua-Cream-idakorea.jpg","contentUrl":"https:\/\/idakorea.ee\/wp-content\/uploads\/2025\/12\/Medi_Peel-Power-Aqua-Cream-idakorea.jpg","width":1000,"height":1000},{"@type":"BreadcrumbList","@id":"https:\/\/idakorea.ee\/product\/medipeel-power-aqua-cream-50g\/#breadcrumb","itemListElement":[{"@type":"ListItem","position":1,"name":"\u0413\u043b\u0430\u0432\u043d\u0430\u044f \u0441\u0442\u0440\u0430\u043d\u0438\u0446\u0430","item":"https:\/\/idakorea.ee\/"},{"@type":"ListItem","position":2,"name":"Shop","item":"https:\/\/idakorea.ee\/shop-2\/"},{"@type":"ListItem","position":3,"name":"N\u00e4okreem peptiidkapslitega MediPeel Power Aqua Cream, 50g"}]},{"@type":"WebSite","@id":"https:\/\/idakorea.ee\/#website","url":"https:\/\/idakorea.ee\/","name":"IDA.KOREA","description":"Korean kosmetiikan verkkokauppa","publisher":{"@id":"https:\/\/idakorea.ee\/#organization"},"alternateName":"Beauty Shop","potentialAction":[{"@type":"SearchAction","target":{"@type":"EntryPoint","urlTemplate":"https:\/\/idakorea.ee\/?s={search_term_string}"},"query-input":{"@type":"PropertyValueSpecification","valueRequired":true,"valueName":"search_term_string"}}],"inLanguage":"fi"},{"@type":"Organization","@id":"https:\/\/idakorea.ee\/#organization","name":"IDA.KOREA","url":"https:\/\/idakorea.ee\/","logo":{"@type":"ImageObject","inLanguage":"fi","@id":"https:\/\/idakorea.ee\/#\/schema\/logo\/image\/","url":"https:\/\/idakorea.ee\/wp-content\/uploads\/2024\/05\/cropped-korea3.png","contentUrl":"https:\/\/idakorea.ee\/wp-content\/uploads\/2024\/05\/cropped-korea3.png","width":688,"height":126,"caption":"IDA.KOREA"},"image":{"@id":"https:\/\/idakorea.ee\/#\/schema\/logo\/image\/"},"sameAs":["https:\/\/www.instagram.com\/ida.korea\/"]}]}},"jetpack_sharing_enabled":true,"brands":[{"id":107,"name":"MEDIPEEL+","slug":"medipeel"}],"_links":{"self":[{"href":"https:\/\/idakorea.ee\/fi\/wp-json\/wp\/v2\/product\/16852","targetHints":{"allow":["GET"]}}],"collection":[{"href":"https:\/\/idakorea.ee\/fi\/wp-json\/wp\/v2\/product"}],"about":[{"href":"https:\/\/idakorea.ee\/fi\/wp-json\/wp\/v2\/types\/product"}],"replies":[{"embeddable":true,"href":"https:\/\/idakorea.ee\/fi\/wp-json\/wp\/v2\/comments?post=16852"}],"version-history":[{"count":1,"href":"https:\/\/idakorea.ee\/fi\/wp-json\/wp\/v2\/product\/16852\/revisions"}],"predecessor-version":[{"id":16856,"href":"https:\/\/idakorea.ee\/fi\/wp-json\/wp\/v2\/product\/16852\/revisions\/16856"}],"wp:featuredmedia":[{"embeddable":true,"href":"https:\/\/idakorea.ee\/fi\/wp-json\/wp\/v2\/media\/16857"}],"wp:attachment":[{"href":"https:\/\/idakorea.ee\/fi\/wp-json\/wp\/v2\/media?parent=16852"}],"wp:term":[{"taxonomy":"pwb-brand","embeddable":true,"href":"https:\/\/idakorea.ee\/fi\/wp-json\/wp\/v2\/pwb-brand?post=16852"},{"taxonomy":"product_brand","embeddable":true,"href":"https:\/\/idakorea.ee\/fi\/wp-json\/wp\/v2\/product_brand?post=16852"},{"taxonomy":"product_cat","embeddable":true,"href":"https:\/\/idakorea.ee\/fi\/wp-json\/wp\/v2\/product_cat?post=16852"},{"taxonomy":"product_tag","embeddable":true,"href":"https:\/\/idakorea.ee\/fi\/wp-json\/wp\/v2\/product_tag?post=16852"}],"curies":[{"name":"wp","href":"https:\/\/api.w.org\/{rel}","templated":true}]}}