{"id":16871,"date":"2025-12-18T09:20:57","date_gmt":"2025-12-18T07:20:57","guid":{"rendered":"https:\/\/idakorea.ee\/?post_type=product&#038;p=16871"},"modified":"2026-02-16T12:57:24","modified_gmt":"2026-02-16T10:57:24","slug":"vt-cosmetics-black-truffle-reedle-shot-100-50ml","status":"publish","type":"product","link":"https:\/\/idakorea.ee\/fi\/product\/vt-cosmetics-black-truffle-reedle-shot-100-50ml\/","title":{"rendered":"Ik\u00e4\u00e4ntymist\u00e4 ehk\u00e4isev\u00e4 seerumi VT Cosmetics Black Truffle Reedle Shot 100, 50ml"},"content":{"rendered":"<p data-start=\"67\" data-end=\"302\"><strong data-start=\"67\" data-end=\"113\">VT Cosmetics Black Truffle Reedle Shot 100<\/strong> on ik\u00e4\u00e4ntymist\u00e4 ehk\u00e4isev\u00e4 seerumi, versio legendaarisesta mikropiikkiseerumista. Auttaa v\u00e4hent\u00e4m\u00e4\u00e4n ryppyjen syvyytt\u00e4, silottaa ja kiinteytt\u00e4\u00e4 ihoa sek\u00e4 lis\u00e4\u00e4 sen kimmoisuutta ja kiinteytt\u00e4.<\/p>\n<p data-start=\"304\" data-end=\"580\">Ik\u00e4\u00e4ntymist\u00e4 ehk\u00e4isev\u00e4 tuote kiillottaa ihon sarveiskerrosta, v\u00e4hent\u00e4\u00e4 pigmenttil\u00e4iskien ja laajentuneiden ihohuokosten n\u00e4kyvyytt\u00e4 ja lievitt\u00e4\u00e4 tulehdusta. Kuorii hell\u00e4varaisesti tehden ihosta sile\u00e4n ja samettisen ja tehostaen my\u00f6hemmin k\u00e4ytett\u00e4vien hoitotuotteiden tehoa. Ravitsevalla koostumuksella, sis\u00e4lt\u00e4\u00e4 kultahiukkasia.<\/p>\n<p data-start=\"582\" data-end=\"849\">Sis\u00e4lt\u00e4\u00e4 <strong data-start=\"591\" data-end=\"651\">Cica Reedle\u2122 -aktiivisen aineen annosteluj\u00e4rjestelm\u00e4 (95 000 ppm)<\/strong> \u2014 mineraalimikroneulojen ja rohtosammakon (centella asiatica) kompleksi, joka kuorii sarveiskerrosta, stimuloi solujen uusiutumista ja edist\u00e4\u00e4 muiden aktiiviaineiden parempaa imeytymist\u00e4 tehostaen niiden vaikutusta.<\/p>\n<p data-start=\"851\" data-end=\"2623\"><strong data-start=\"851\" data-end=\"875\">T\u00e4rkeimm\u00e4t vaikuttavat aineet:<\/strong><br data-start=\"875\" data-end=\"878\" \/><strong data-start=\"878\" data-end=\"893\">Cicahyalon\u2122<\/strong> \u2014 ainesosa, joka yhdist\u00e4\u00e4 vihre\u00e4n propoliksen uutteen, centella-kompleksin (madekassosidi, madekassiinihappo, asiatikosidi ja aasiahappo) ja hyaluronihapon. Lievitt\u00e4\u00e4 \u00e4rsytyst\u00e4, kutinaa ja punoitusta, kosteuttaa ja auttaa yll\u00e4pit\u00e4m\u00e4\u00e4n ihon kimmoisuutta.<br data-start=\"1139\" data-end=\"1142\" \/><strong data-start=\"1142\" data-end=\"1171\">Musta tryffeli (30 000 ppm)<\/strong> \u2014 runsaasti antioksidantteja, aminohappoja ja C-vitamiinia. Hidastaa ik\u00e4\u00e4ntymisprosessia, tukee ihon sileytt\u00e4 ja kimmoisuutta, tasoittaa ihon s\u00e4vy\u00e4 ja v\u00e4hent\u00e4\u00e4 tulehdusta.<br data-start=\"1342\" data-end=\"1345\" \/><strong data-start=\"1345\" data-end=\"1383\">Hydroksipropyylitetrahydropyrantrioli<\/strong> \u2014 ksyloosista johdettu ainesosa, joka stimuloi glykosaminoglykaanien tuotantoa, jotka ovat osa ihon luonnollista kosteustekij\u00e4\u00e4 (NMF). Tekee ihosta joustavan ja kosteutetun.<br data-start=\"1549\" data-end=\"1552\" \/><strong data-start=\"1552\" data-end=\"1560\">Kulta<\/strong> \u2014 vahvistaa ihoa, parantaa muiden aktiiviaineiden imeytymist\u00e4 ja kiihdytt\u00e4\u00e4 mikroverenkiertoa.<br data-start=\"1652\" data-end=\"1655\" \/><strong data-start=\"1655\" data-end=\"1668\">Kollaasit<\/strong> \u2014 kosteuttaa, tasoittaa ihon rakennetta, tukee uudistumisprosesseja ja auttaa v\u00e4hent\u00e4m\u00e4\u00e4n ryppyjen n\u00e4kymist\u00e4.<br data-start=\"1767\" data-end=\"1770\" \/><strong data-start=\"1770\" data-end=\"1801\">Niasiiniamidi (B3-vitamiini)<\/strong> \u2014 monik\u00e4ytt\u00f6inen aktiivinen ainesosa, joka kirkastaa ihoa ja auttaa ehk\u00e4isem\u00e4\u00e4n pigmenttimuutoksia, s\u00e4\u00e4telee talin erityst\u00e4 ja stimuloi kollageenin tuotantoa parantaen ihon kimmoisuutta ja kiinteytt\u00e4.<br data-start=\"1996\" data-end=\"1999\" \/><strong data-start=\"1999\" data-end=\"2026\">Pantenoli (B5-vitamiini)<\/strong> \u2014 nopeuttaa mikrovaurioiden paranemista, pehment\u00e4\u00e4 ja rauhoittaa ihoa, v\u00e4hent\u00e4\u00e4 punoitusta ja vahvistaa epidermiksen suojakerrosta.<br data-start=\"2156\" data-end=\"2159\" \/><strong data-start=\"2159\" data-end=\"2194\">Syanokobalamiini (B12-vitamiini)<\/strong> \u2014 kosteuttaa ja rauhoittaa, lievitt\u00e4\u00e4 tulehdusta, vahvistaa kapillaareja ja auttaa aknen hoidossa.<br data-start=\"2286\" data-end=\"2289\" \/><strong data-start=\"2289\" data-end=\"2316\">Tokoferoli (E-vitamiini)<\/strong> \u2014 on antioksidanttinen vaikutus, ravitsee ja pehment\u00e4\u00e4 ihoa ja hidastaa ryppyjen muodostumista.<br data-start=\"2399\" data-end=\"2402\" \/><strong data-start=\"2402\" data-end=\"2417\">Keramidit<\/strong> \u2014 palauttavat sarveiskerroksen eheyden, koska ne ovat samanlaisia kuin epidermaaliset lipidit; vahvistavat luonnollista suojakerrosta, v\u00e4hent\u00e4v\u00e4t hilseily\u00e4 ja kuivuutta sek\u00e4 alentavat ihon herkkyytt\u00e4 ulkoisille \u00e4rsykkeille.<\/p>\n<p data-start=\"2625\" data-end=\"2686\">Sopii normaalille, sekaiholle, kuivalle ja rasvoittuvalle iholle.<\/p>\n<p data-start=\"2688\" data-end=\"2935\"><strong data-start=\"2688\" data-end=\"2703\">K\u00e4ytt\u00f6:<\/strong> Iltahoidon aikana levit\u00e4 tarvittava m\u00e4\u00e4r\u00e4 tuotetta aiemmin puhdistetulle iholle, levit\u00e4 sormilla ja anna imeyty\u00e4 kokonaan. Jatka kasvovedell\u00e4 ja kosteusvoiteella. P\u00e4iv\u00e4ll\u00e4 k\u00e4yt\u00e4 aurinkovoidetta SPF50 PA++++.<\/p>\n<p data-start=\"2937\" data-end=\"3037\"><strong data-start=\"2937\" data-end=\"2952\">Huomio!<\/strong> Mikropiikkinen seerumivoide voi aiheuttaa liev\u00e4\u00e4 pistely\u00e4 levityksen j\u00e4lkeen.<\/p>\n<p data-start=\"3039\" data-end=\"3361\"><strong data-start=\"3039\" data-end=\"3061\">Varotoimenpiteet:<\/strong> \u00c4l\u00e4 k\u00e4yt\u00e4 samanaikaisesti kuorivien aineiden, pensasvoiteiden tai retinolia, AHA- tai BHA-happoja tai korkeita C-vitamiinipitoisuuksia sis\u00e4lt\u00e4vien tuotteiden kanssa. Ei ole suositeltavaa k\u00e4ytt\u00e4\u00e4 ihotautitoimenpiteiden, kuten kemiallisten kuorintojen, laitehoitojen tai injektioiden, j\u00e4lkeen, jotka vaurioittavat sarveiskerrosta.<\/p>","protected":false},"excerpt":{"rendered":"<p>VT Cosmetics Black Truffle Reedle Shot 100 on ik\u00e4\u00e4ntymist\u00e4 ehk\u00e4isev\u00e4 seerumi, jossa on versio legendaarisesta mikropiikkiseerumista. Se auttaa v\u00e4hent\u00e4m\u00e4\u00e4n ryppyjen syvyytt\u00e4, silottaa ja kiinteytt\u00e4\u00e4 ihoa sek\u00e4 lis\u00e4\u00e4 sen kimmoisuutta ja kiinteytt\u00e4. Ik\u00e4\u00e4ntymist\u00e4 ehk\u00e4isev\u00e4 tuote kiillottaa ihon sarveiskerrosta, mik\u00e4 v\u00e4hent\u00e4\u00e4 ik\u00e4l\u00e4iskien ja laajentuneiden ihohuokosten n\u00e4kyvyytt\u00e4 ja lievitt\u00e4\u00e4 tulehdusta. Kuorii hell\u00e4varaisesti, tekee ihosta sile\u00e4n ja samettisen ja parantaa muiden hoitotuotteiden tehoa. Ravitsevan koostumuksen ansiosta\u2026<\/p>","protected":false},"featured_media":16874,"comment_status":"open","ping_status":"closed","template":"","meta":{"_uf_show_specific_survey":0,"_uf_disable_surveys":false,"_bst_post_transparent":"default","_bst_post_title":"","_bst_post_layout":"default","_bst_post_sidebar_id":"","_bst_post_content_style":"default","_bst_post_vertical_padding":"default","_bst_post_feature":"","_bst_post_feature_position":"","_bst_post_header":false,"_bst_post_footer":false},"pwb-brand":[493],"product_brand":[],"product_cat":[92,97],"product_tag":[568,624,772,462],"class_list":{"0":"post-16871","1":"product","2":"type-product","3":"status-publish","4":"has-post-thumbnail","6":"pwb-brand-vt","7":"product_cat-nagu","8":"product_cat-naoseerumid-ja-olid","9":"product_tag-korea","10":"product_tag-reedle","11":"product_tag-truffle","12":"product_tag-vt","14":"first","15":"instock","16":"sale","17":"shipping-taxable","18":"purchasable","19":"product-type-simple","20":"entry","21":"content-bg","22":"loop-entry"},"supplier_id":null,"supplier_sku":"","barcode":null,"atum_controlled":true,"out_stock_date":null,"out_stock_threshold":null,"inheritable":false,"inbound_stock":0,"stock_on_hold":0,"sold_today":0,"sales_last_days":0,"out_stock_days":0,"lost_sales":0,"has_location":false,"update_date":"2026-04-15T00:05:11","atum_locations":[],"atum_stock_status":"instock","restock_status":false,"low_stock_amount":"","sales_update_date":"2026-04-15T00:05:11","calc_backorders":null,"yoast_head":"<!-- This site is optimized with the Yoast SEO plugin v27.2 - https:\/\/yoast.com\/product\/yoast-seo-wordpress\/ -->\n<title>VT Cosmetics Black Truffle Reedle Shot 100, 50ml - IDA.KOREA<\/title>\n<meta name=\"description\" content=\"Vananemisvastane booser-seerum, mis aitab v\u00e4hendada kortsude s\u00fcgavust, silub ja pinguldab nahka ning suurendab selle elastsust ja tugevust.\" \/>\n<meta name=\"robots\" content=\"index, follow, max-snippet:-1, max-image-preview:large, max-video-preview:-1\" \/>\n<link rel=\"canonical\" href=\"https:\/\/idakorea.ee\/fi\/product\/vt-cosmetics-black-truffle-reedle-shot-100-50ml\/\" \/>\n<meta property=\"og:locale\" content=\"fi_FI\" \/>\n<meta property=\"og:type\" content=\"article\" \/>\n<meta property=\"og:title\" content=\"VT Cosmetics Black Truffle Reedle Shot 100, 50ml - IDA.KOREA\" \/>\n<meta property=\"og:description\" content=\"Vananemisvastane booser-seerum, mis aitab v\u00e4hendada kortsude s\u00fcgavust, silub ja pinguldab nahka ning suurendab selle elastsust ja tugevust.\" \/>\n<meta property=\"og:url\" content=\"https:\/\/idakorea.ee\/fi\/product\/vt-cosmetics-black-truffle-reedle-shot-100-50ml\/\" \/>\n<meta property=\"og:site_name\" content=\"IDA.KOREA\" \/>\n<meta property=\"article:modified_time\" content=\"2026-02-16T10:57:24+00:00\" \/>\n<meta property=\"og:image\" content=\"https:\/\/idakorea.ee\/wp-content\/uploads\/2025\/12\/VT-Cosmetics-Black-Truffle-Reedle-Shot-100-idakorea.jpg\" \/>\n\t<meta property=\"og:image:width\" content=\"1000\" \/>\n\t<meta property=\"og:image:height\" content=\"1000\" \/>\n\t<meta property=\"og:image:type\" content=\"image\/jpeg\" \/>\n<meta name=\"twitter:card\" content=\"summary_large_image\" \/>\n<meta name=\"twitter:label1\" content=\"Arvioitu lukuaika\" \/>\n\t<meta name=\"twitter:data1\" content=\"3 minuuttia\" \/>\n<script type=\"application\/ld+json\" class=\"yoast-schema-graph\">{\"@context\":\"https:\/\/schema.org\",\"@graph\":[{\"@type\":\"WebPage\",\"@id\":\"https:\/\/idakorea.ee\/product\/vt-cosmetics-black-truffle-reedle-shot-100-50ml\/\",\"url\":\"https:\/\/idakorea.ee\/product\/vt-cosmetics-black-truffle-reedle-shot-100-50ml\/\",\"name\":\"VT Cosmetics Black Truffle Reedle Shot 100, 50ml - IDA.KOREA\",\"isPartOf\":{\"@id\":\"https:\/\/idakorea.ee\/#website\"},\"primaryImageOfPage\":{\"@id\":\"https:\/\/idakorea.ee\/product\/vt-cosmetics-black-truffle-reedle-shot-100-50ml\/#primaryimage\"},\"image\":{\"@id\":\"https:\/\/idakorea.ee\/product\/vt-cosmetics-black-truffle-reedle-shot-100-50ml\/#primaryimage\"},\"thumbnailUrl\":\"https:\/\/idakorea.ee\/wp-content\/uploads\/2025\/12\/VT-Cosmetics-Black-Truffle-Reedle-Shot-100-idakorea.jpg\",\"datePublished\":\"2025-12-18T07:20:57+00:00\",\"dateModified\":\"2026-02-16T10:57:24+00:00\",\"description\":\"Vananemisvastane booser-seerum, mis aitab v\u00e4hendada kortsude s\u00fcgavust, silub ja pinguldab nahka ning suurendab selle elastsust ja tugevust.\",\"breadcrumb\":{\"@id\":\"https:\/\/idakorea.ee\/product\/vt-cosmetics-black-truffle-reedle-shot-100-50ml\/#breadcrumb\"},\"inLanguage\":\"fi\",\"potentialAction\":[{\"@type\":\"ReadAction\",\"target\":[\"https:\/\/idakorea.ee\/product\/vt-cosmetics-black-truffle-reedle-shot-100-50ml\/\"]}]},{\"@type\":\"ImageObject\",\"inLanguage\":\"fi\",\"@id\":\"https:\/\/idakorea.ee\/product\/vt-cosmetics-black-truffle-reedle-shot-100-50ml\/#primaryimage\",\"url\":\"https:\/\/idakorea.ee\/wp-content\/uploads\/2025\/12\/VT-Cosmetics-Black-Truffle-Reedle-Shot-100-idakorea.jpg\",\"contentUrl\":\"https:\/\/idakorea.ee\/wp-content\/uploads\/2025\/12\/VT-Cosmetics-Black-Truffle-Reedle-Shot-100-idakorea.jpg\",\"width\":1000,\"height\":1000},{\"@type\":\"BreadcrumbList\",\"@id\":\"https:\/\/idakorea.ee\/product\/vt-cosmetics-black-truffle-reedle-shot-100-50ml\/#breadcrumb\",\"itemListElement\":[{\"@type\":\"ListItem\",\"position\":1,\"name\":\"\u0413\u043b\u0430\u0432\u043d\u0430\u044f \u0441\u0442\u0440\u0430\u043d\u0438\u0446\u0430\",\"item\":\"https:\/\/idakorea.ee\/\"},{\"@type\":\"ListItem\",\"position\":2,\"name\":\"Shop\",\"item\":\"https:\/\/idakorea.ee\/shop-2\/\"},{\"@type\":\"ListItem\",\"position\":3,\"name\":\"Vananemisvastane booser-seerum VT Cosmetics Black Truffle Reedle Shot 100, 50ml\"}]},{\"@type\":\"WebSite\",\"@id\":\"https:\/\/idakorea.ee\/#website\",\"url\":\"https:\/\/idakorea.ee\/\",\"name\":\"IDA.KOREA\",\"description\":\"Korea kosmeetika e-pood\",\"publisher\":{\"@id\":\"https:\/\/idakorea.ee\/#organization\"},\"alternateName\":\"Beauty Shop\",\"potentialAction\":[{\"@type\":\"SearchAction\",\"target\":{\"@type\":\"EntryPoint\",\"urlTemplate\":\"https:\/\/idakorea.ee\/?s={search_term_string}\"},\"query-input\":{\"@type\":\"PropertyValueSpecification\",\"valueRequired\":true,\"valueName\":\"search_term_string\"}}],\"inLanguage\":\"fi\"},{\"@type\":\"Organization\",\"@id\":\"https:\/\/idakorea.ee\/#organization\",\"name\":\"IDA.KOREA\",\"url\":\"https:\/\/idakorea.ee\/\",\"logo\":{\"@type\":\"ImageObject\",\"inLanguage\":\"fi\",\"@id\":\"https:\/\/idakorea.ee\/#\/schema\/logo\/image\/\",\"url\":\"https:\/\/idakorea.ee\/wp-content\/uploads\/2024\/05\/cropped-korea3.png\",\"contentUrl\":\"https:\/\/idakorea.ee\/wp-content\/uploads\/2024\/05\/cropped-korea3.png\",\"width\":688,\"height\":126,\"caption\":\"IDA.KOREA\"},\"image\":{\"@id\":\"https:\/\/idakorea.ee\/#\/schema\/logo\/image\/\"},\"sameAs\":[\"https:\/\/www.instagram.com\/ida.korea\/\"]}]}<\/script>\n<!-- \/ Yoast SEO plugin. -->","yoast_head_json":{"title":"VT Cosmetics Musta tryffeli -ruokoshotti 100, 50ml - IDA.KOREA","description":"Ik\u00e4\u00e4ntymist\u00e4 ehk\u00e4isev\u00e4 tehoseerumi, joka auttaa v\u00e4hent\u00e4m\u00e4\u00e4n ryppyjen syvyytt\u00e4, silottamaan ja kiinteytt\u00e4m\u00e4\u00e4n ihoa sek\u00e4 lis\u00e4\u00e4m\u00e4\u00e4n sen kimmoisuutta ja kiinteytt\u00e4.","robots":{"index":"index","follow":"follow","max-snippet":"max-snippet:-1","max-image-preview":"max-image-preview:large","max-video-preview":"max-video-preview:-1"},"canonical":"https:\/\/idakorea.ee\/fi\/product\/vt-cosmetics-black-truffle-reedle-shot-100-50ml\/","og_locale":"fi_FI","og_type":"article","og_title":"VT Cosmetics Black Truffle Reedle Shot 100, 50ml - IDA.KOREA","og_description":"Vananemisvastane booser-seerum, mis aitab v\u00e4hendada kortsude s\u00fcgavust, silub ja pinguldab nahka ning suurendab selle elastsust ja tugevust.","og_url":"https:\/\/idakorea.ee\/fi\/product\/vt-cosmetics-black-truffle-reedle-shot-100-50ml\/","og_site_name":"IDA.KOREA","article_modified_time":"2026-02-16T10:57:24+00:00","og_image":[{"width":1000,"height":1000,"url":"https:\/\/idakorea.ee\/wp-content\/uploads\/2025\/12\/VT-Cosmetics-Black-Truffle-Reedle-Shot-100-idakorea.jpg","type":"image\/jpeg"}],"twitter_card":"summary_large_image","twitter_misc":{"Arvioitu lukuaika":"3 minuuttia"},"schema":{"@context":"https:\/\/schema.org","@graph":[{"@type":"WebPage","@id":"https:\/\/idakorea.ee\/product\/vt-cosmetics-black-truffle-reedle-shot-100-50ml\/","url":"https:\/\/idakorea.ee\/product\/vt-cosmetics-black-truffle-reedle-shot-100-50ml\/","name":"VT Cosmetics Musta tryffeli -ruokoshotti 100, 50ml - IDA.KOREA","isPartOf":{"@id":"https:\/\/idakorea.ee\/#website"},"primaryImageOfPage":{"@id":"https:\/\/idakorea.ee\/product\/vt-cosmetics-black-truffle-reedle-shot-100-50ml\/#primaryimage"},"image":{"@id":"https:\/\/idakorea.ee\/product\/vt-cosmetics-black-truffle-reedle-shot-100-50ml\/#primaryimage"},"thumbnailUrl":"https:\/\/idakorea.ee\/wp-content\/uploads\/2025\/12\/VT-Cosmetics-Black-Truffle-Reedle-Shot-100-idakorea.jpg","datePublished":"2025-12-18T07:20:57+00:00","dateModified":"2026-02-16T10:57:24+00:00","description":"Ik\u00e4\u00e4ntymist\u00e4 ehk\u00e4isev\u00e4 tehoseerumi, joka auttaa v\u00e4hent\u00e4m\u00e4\u00e4n ryppyjen syvyytt\u00e4, silottamaan ja kiinteytt\u00e4m\u00e4\u00e4n ihoa sek\u00e4 lis\u00e4\u00e4m\u00e4\u00e4n sen kimmoisuutta ja kiinteytt\u00e4.","breadcrumb":{"@id":"https:\/\/idakorea.ee\/product\/vt-cosmetics-black-truffle-reedle-shot-100-50ml\/#breadcrumb"},"inLanguage":"fi","potentialAction":[{"@type":"ReadAction","target":["https:\/\/idakorea.ee\/product\/vt-cosmetics-black-truffle-reedle-shot-100-50ml\/"]}]},{"@type":"ImageObject","inLanguage":"fi","@id":"https:\/\/idakorea.ee\/product\/vt-cosmetics-black-truffle-reedle-shot-100-50ml\/#primaryimage","url":"https:\/\/idakorea.ee\/wp-content\/uploads\/2025\/12\/VT-Cosmetics-Black-Truffle-Reedle-Shot-100-idakorea.jpg","contentUrl":"https:\/\/idakorea.ee\/wp-content\/uploads\/2025\/12\/VT-Cosmetics-Black-Truffle-Reedle-Shot-100-idakorea.jpg","width":1000,"height":1000},{"@type":"BreadcrumbList","@id":"https:\/\/idakorea.ee\/product\/vt-cosmetics-black-truffle-reedle-shot-100-50ml\/#breadcrumb","itemListElement":[{"@type":"ListItem","position":1,"name":"\u0413\u043b\u0430\u0432\u043d\u0430\u044f \u0441\u0442\u0440\u0430\u043d\u0438\u0446\u0430","item":"https:\/\/idakorea.ee\/"},{"@type":"ListItem","position":2,"name":"Shop","item":"https:\/\/idakorea.ee\/shop-2\/"},{"@type":"ListItem","position":3,"name":"Vananemisvastane booser-seerum VT Cosmetics Black Truffle Reedle Shot 100, 50ml"}]},{"@type":"WebSite","@id":"https:\/\/idakorea.ee\/#website","url":"https:\/\/idakorea.ee\/","name":"IDA.KOREA","description":"Korean kosmetiikan verkkokauppa","publisher":{"@id":"https:\/\/idakorea.ee\/#organization"},"alternateName":"Beauty Shop","potentialAction":[{"@type":"SearchAction","target":{"@type":"EntryPoint","urlTemplate":"https:\/\/idakorea.ee\/?s={search_term_string}"},"query-input":{"@type":"PropertyValueSpecification","valueRequired":true,"valueName":"search_term_string"}}],"inLanguage":"fi"},{"@type":"Organization","@id":"https:\/\/idakorea.ee\/#organization","name":"IDA.KOREA","url":"https:\/\/idakorea.ee\/","logo":{"@type":"ImageObject","inLanguage":"fi","@id":"https:\/\/idakorea.ee\/#\/schema\/logo\/image\/","url":"https:\/\/idakorea.ee\/wp-content\/uploads\/2024\/05\/cropped-korea3.png","contentUrl":"https:\/\/idakorea.ee\/wp-content\/uploads\/2024\/05\/cropped-korea3.png","width":688,"height":126,"caption":"IDA.KOREA"},"image":{"@id":"https:\/\/idakorea.ee\/#\/schema\/logo\/image\/"},"sameAs":["https:\/\/www.instagram.com\/ida.korea\/"]}]}},"jetpack_sharing_enabled":true,"brands":[{"id":493,"name":"VT COSMETICS","slug":"vt"}],"_links":{"self":[{"href":"https:\/\/idakorea.ee\/fi\/wp-json\/wp\/v2\/product\/16871","targetHints":{"allow":["GET"]}}],"collection":[{"href":"https:\/\/idakorea.ee\/fi\/wp-json\/wp\/v2\/product"}],"about":[{"href":"https:\/\/idakorea.ee\/fi\/wp-json\/wp\/v2\/types\/product"}],"replies":[{"embeddable":true,"href":"https:\/\/idakorea.ee\/fi\/wp-json\/wp\/v2\/comments?post=16871"}],"version-history":[{"count":1,"href":"https:\/\/idakorea.ee\/fi\/wp-json\/wp\/v2\/product\/16871\/revisions"}],"predecessor-version":[{"id":16875,"href":"https:\/\/idakorea.ee\/fi\/wp-json\/wp\/v2\/product\/16871\/revisions\/16875"}],"wp:featuredmedia":[{"embeddable":true,"href":"https:\/\/idakorea.ee\/fi\/wp-json\/wp\/v2\/media\/16874"}],"wp:attachment":[{"href":"https:\/\/idakorea.ee\/fi\/wp-json\/wp\/v2\/media?parent=16871"}],"wp:term":[{"taxonomy":"pwb-brand","embeddable":true,"href":"https:\/\/idakorea.ee\/fi\/wp-json\/wp\/v2\/pwb-brand?post=16871"},{"taxonomy":"product_brand","embeddable":true,"href":"https:\/\/idakorea.ee\/fi\/wp-json\/wp\/v2\/product_brand?post=16871"},{"taxonomy":"product_cat","embeddable":true,"href":"https:\/\/idakorea.ee\/fi\/wp-json\/wp\/v2\/product_cat?post=16871"},{"taxonomy":"product_tag","embeddable":true,"href":"https:\/\/idakorea.ee\/fi\/wp-json\/wp\/v2\/product_tag?post=16871"}],"curies":[{"name":"wp","href":"https:\/\/api.w.org\/{rel}","templated":true}]}}