{"id":16877,"date":"2025-12-18T11:28:00","date_gmt":"2025-12-18T09:28:00","guid":{"rendered":"https:\/\/idakorea.ee\/?post_type=product&#038;p=16877"},"modified":"2026-03-20T10:19:03","modified_gmt":"2026-03-20T08:19:03","slug":"skin1004-madagascar-centella-quick-calming-duo","status":"publish","type":"product","link":"https:\/\/idakorea.ee\/fi\/product\/skin1004-madagascar-centella-quick-calming-duo\/","title":{"rendered":"Skin1004 Madagaskarin Centella Quick Calming Duo -setti"},"content":{"rendered":"<p data-start=\"147\" data-end=\"169\"><strong data-start=\"147\" data-end=\"169\">Setti sis\u00e4lt\u00e4\u00e4:<\/strong><\/p>\n<p data-start=\"171\" data-end=\"364\"><strong>Iho1004<\/strong> <a href=\"https:\/\/idakorea.ee\/fi\/product\/skin1004-madagascar-centella-soothing-cream-75ml\/\"><strong data-start=\"171\" data-end=\"217\">Madagascar Centella Soothing Cream \u2013 75 ml<\/strong><\/a><\/p>\n<p data-start=\"171\" data-end=\"364\">Innovatiivisella koostumuksella varustettu voide, joka sis\u00e4lt\u00e4\u00e4 puhdasta Centella asiatica -uutetta Madagaskarilta, trehaloosia ja keramidi NP:t\u00e4. Rauhoittaa herkk\u00e4\u00e4 ihoa ja auttaa tehokkaasti palauttamaan ihon suojakerroksen. Rikastettu kolmella ihon terveydelle v\u00e4ltt\u00e4m\u00e4tt\u00f6m\u00e4ll\u00e4 ainesosalla: keramideilla, kolesterolilla ja rasvahapoilla.<\/p>\n<ul data-start=\"545\" data-end=\"747\">\n<li data-start=\"545\" data-end=\"587\">\n<p data-start=\"547\" data-end=\"587\">Syv\u00e4kosteuttava ja v\u00e4litt\u00f6m\u00e4sti rauhoittava vaikutus<\/p>\n<\/li>\n<li data-start=\"588\" data-end=\"621\">\n<p data-start=\"590\" data-end=\"621\">V\u00e4hent\u00e4\u00e4 punoitusta ja \u00e4rsytyst\u00e4<\/p>\n<\/li>\n<li data-start=\"622\" data-end=\"648\">\n<p data-start=\"624\" data-end=\"648\">Tarjoaa v\u00e4lit\u00f6nt\u00e4 nesteytyst\u00e4<\/p>\n<\/li>\n<li data-start=\"649\" data-end=\"714\">\n<p data-start=\"651\" data-end=\"714\">Vahvistaa ihon rakennetta ja palauttaa sen luonnollisen tasapainon<\/p>\n<\/li>\n<li data-start=\"715\" data-end=\"747\">\n<p data-start=\"717\" data-end=\"747\">Tukee ihosolujen uusiutumista<\/p>\n<\/li>\n<\/ul>\n<p data-start=\"749\" data-end=\"919\"><strong data-start=\"749\" data-end=\"801\">Madagascar Centella Quick Calming Pad - 70 pcs<\/strong><\/p>\n<p data-start=\"749\" data-end=\"919\">Sis\u00e4lt\u00e4\u00e4 puhdasta aasialaista lumpeen uutetta Madagaskarilta, joka tunnetaan ihoa rauhoittavista ominaisuuksistaan. Rikastettu ravitsevalla pantenolilla, joka lis\u00e4\u00e4 ihon kosteustasoja ja vahvistaa sen suojakerrosta. K\u00e4yt\u00e4nn\u00f6llinen ja nopea vaihtoehto kangasnaamioille ilman aikaa vievi\u00e4 tai monimutkaisia vaiheita.<\/p>","protected":false},"excerpt":{"rendered":"<p>Pakkaus sis\u00e4lt\u00e4\u00e4: Skin1004 Madagaskarin Centella Soothing Cream \u2013 75 ml. Voide, jonka innovatiivinen koostumus sis\u00e4lt\u00e4\u00e4 puhdasta Centella asiatica -uutetta Madagaskarilta, trehaloosia ja keramidia NP. Rauhoittaa herkk\u00e4\u00e4 ihoa ja auttaa tehokkaasti palauttamaan ihon suojakerroksen. Rikastettu kolmella ihon terveydelle t\u00e4rke\u00e4ll\u00e4 ainesosalla: keramideilla, kolesterolilla ja rasvahapoilla. Syv\u00e4kosteuttava ja v\u00e4litt\u00f6m\u00e4sti rauhoittava vaikutus. V\u00e4hent\u00e4\u00e4 punoitusta ja\u2026<\/p>","protected":false},"featured_media":16880,"comment_status":"open","ping_status":"closed","template":"","meta":{"_uf_show_specific_survey":0,"_uf_disable_surveys":false,"_bst_post_transparent":"default","_bst_post_title":"","_bst_post_layout":"default","_bst_post_sidebar_id":"","_bst_post_content_style":"default","_bst_post_vertical_padding":"default","_bst_post_feature":"","_bst_post_feature_position":"","_bst_post_header":false,"_bst_post_footer":false},"pwb-brand":[186],"product_brand":[],"product_cat":[95],"product_tag":[1041,568,441,705],"class_list":{"0":"post-16877","1":"product","2":"type-product","3":"status-publish","4":"has-post-thumbnail","6":"pwb-brand-skin1004","7":"product_cat-komplektid","8":"product_tag-duo","9":"product_tag-korea","10":"product_tag-skin1004","11":"product_tag-komplekt","13":"first","14":"instock","15":"sale","16":"shipping-taxable","17":"purchasable","18":"product-type-simple","19":"entry","20":"content-bg","21":"loop-entry"},"supplier_id":null,"supplier_sku":"","barcode":null,"atum_controlled":true,"out_stock_date":null,"out_stock_threshold":null,"inheritable":false,"inbound_stock":0,"stock_on_hold":0,"sold_today":0,"sales_last_days":0,"out_stock_days":0,"lost_sales":0,"has_location":false,"update_date":"2026-04-14T00:05:05","atum_locations":[],"atum_stock_status":"instock","restock_status":false,"low_stock_amount":"","sales_update_date":"2026-04-14T00:05:05","calc_backorders":null,"yoast_head":"<!-- This site is optimized with the Yoast SEO plugin v27.2 - https:\/\/yoast.com\/product\/yoast-seo-wordpress\/ -->\n<title>Skin1004 Madagascar Centella Quick Calming Duo - IDA.KOREA<\/title>\n<meta name=\"description\" content=\"Komplekt sisaldab: Skin1004 Madagascar Centella Soothing Cream \u2013 75 ml + Madagascar Centella Quick Calming Pad \u2013 70 tk - Kiire tarne!\" \/>\n<meta name=\"robots\" content=\"index, follow, max-snippet:-1, max-image-preview:large, max-video-preview:-1\" \/>\n<link rel=\"canonical\" href=\"https:\/\/idakorea.ee\/fi\/product\/skin1004-madagascar-centella-quick-calming-duo\/\" \/>\n<meta property=\"og:locale\" content=\"fi_FI\" \/>\n<meta property=\"og:type\" content=\"article\" \/>\n<meta property=\"og:title\" content=\"Skin1004 Madagascar Centella Quick Calming Duo - IDA.KOREA\" \/>\n<meta property=\"og:description\" content=\"Komplekt sisaldab: Skin1004 Madagascar Centella Soothing Cream \u2013 75 ml + Madagascar Centella Quick Calming Pad \u2013 70 tk - Kiire tarne!\" \/>\n<meta property=\"og:url\" content=\"https:\/\/idakorea.ee\/fi\/product\/skin1004-madagascar-centella-quick-calming-duo\/\" \/>\n<meta property=\"og:site_name\" content=\"IDA.KOREA\" \/>\n<meta property=\"article:modified_time\" content=\"2026-03-20T08:19:03+00:00\" \/>\n<meta property=\"og:image\" content=\"https:\/\/idakorea.ee\/wp-content\/uploads\/2025\/12\/skin1004-quick-calming-duo_idakorea.webp\" \/>\n\t<meta property=\"og:image:width\" content=\"1080\" \/>\n\t<meta property=\"og:image:height\" content=\"1080\" \/>\n\t<meta property=\"og:image:type\" content=\"image\/webp\" \/>\n<meta name=\"twitter:card\" content=\"summary_large_image\" \/>\n<meta name=\"twitter:label1\" content=\"Arvioitu lukuaika\" \/>\n\t<meta name=\"twitter:data1\" content=\"1 minuutti\" \/>\n<script type=\"application\/ld+json\" class=\"yoast-schema-graph\">{\"@context\":\"https:\/\/schema.org\",\"@graph\":[{\"@type\":\"WebPage\",\"@id\":\"https:\/\/idakorea.ee\/product\/skin1004-madagascar-centella-quick-calming-duo\/\",\"url\":\"https:\/\/idakorea.ee\/product\/skin1004-madagascar-centella-quick-calming-duo\/\",\"name\":\"Skin1004 Madagascar Centella Quick Calming Duo - IDA.KOREA\",\"isPartOf\":{\"@id\":\"https:\/\/idakorea.ee\/#website\"},\"primaryImageOfPage\":{\"@id\":\"https:\/\/idakorea.ee\/product\/skin1004-madagascar-centella-quick-calming-duo\/#primaryimage\"},\"image\":{\"@id\":\"https:\/\/idakorea.ee\/product\/skin1004-madagascar-centella-quick-calming-duo\/#primaryimage\"},\"thumbnailUrl\":\"https:\/\/idakorea.ee\/wp-content\/uploads\/2025\/12\/skin1004-quick-calming-duo_idakorea.webp\",\"datePublished\":\"2025-12-18T09:28:00+00:00\",\"dateModified\":\"2026-03-20T08:19:03+00:00\",\"description\":\"Komplekt sisaldab: Skin1004 Madagascar Centella Soothing Cream \u2013 75 ml + Madagascar Centella Quick Calming Pad \u2013 70 tk - Kiire tarne!\",\"breadcrumb\":{\"@id\":\"https:\/\/idakorea.ee\/product\/skin1004-madagascar-centella-quick-calming-duo\/#breadcrumb\"},\"inLanguage\":\"fi\",\"potentialAction\":[{\"@type\":\"ReadAction\",\"target\":[\"https:\/\/idakorea.ee\/product\/skin1004-madagascar-centella-quick-calming-duo\/\"]}]},{\"@type\":\"ImageObject\",\"inLanguage\":\"fi\",\"@id\":\"https:\/\/idakorea.ee\/product\/skin1004-madagascar-centella-quick-calming-duo\/#primaryimage\",\"url\":\"https:\/\/idakorea.ee\/wp-content\/uploads\/2025\/12\/skin1004-quick-calming-duo_idakorea.webp\",\"contentUrl\":\"https:\/\/idakorea.ee\/wp-content\/uploads\/2025\/12\/skin1004-quick-calming-duo_idakorea.webp\",\"width\":1080,\"height\":1080},{\"@type\":\"BreadcrumbList\",\"@id\":\"https:\/\/idakorea.ee\/product\/skin1004-madagascar-centella-quick-calming-duo\/#breadcrumb\",\"itemListElement\":[{\"@type\":\"ListItem\",\"position\":1,\"name\":\"\u0413\u043b\u0430\u0432\u043d\u0430\u044f \u0441\u0442\u0440\u0430\u043d\u0438\u0446\u0430\",\"item\":\"https:\/\/idakorea.ee\/\"},{\"@type\":\"ListItem\",\"position\":2,\"name\":\"Shop\",\"item\":\"https:\/\/idakorea.ee\/shop-2\/\"},{\"@type\":\"ListItem\",\"position\":3,\"name\":\"Komplekt Skin1004 Madagascar Centella Quick Calming Duo\"}]},{\"@type\":\"WebSite\",\"@id\":\"https:\/\/idakorea.ee\/#website\",\"url\":\"https:\/\/idakorea.ee\/\",\"name\":\"IDA.KOREA\",\"description\":\"Korea kosmeetika e-pood\",\"publisher\":{\"@id\":\"https:\/\/idakorea.ee\/#organization\"},\"alternateName\":\"Beauty Shop\",\"potentialAction\":[{\"@type\":\"SearchAction\",\"target\":{\"@type\":\"EntryPoint\",\"urlTemplate\":\"https:\/\/idakorea.ee\/?s={search_term_string}\"},\"query-input\":{\"@type\":\"PropertyValueSpecification\",\"valueRequired\":true,\"valueName\":\"search_term_string\"}}],\"inLanguage\":\"fi\"},{\"@type\":\"Organization\",\"@id\":\"https:\/\/idakorea.ee\/#organization\",\"name\":\"IDA.KOREA\",\"url\":\"https:\/\/idakorea.ee\/\",\"logo\":{\"@type\":\"ImageObject\",\"inLanguage\":\"fi\",\"@id\":\"https:\/\/idakorea.ee\/#\/schema\/logo\/image\/\",\"url\":\"https:\/\/idakorea.ee\/wp-content\/uploads\/2024\/05\/cropped-korea3.png\",\"contentUrl\":\"https:\/\/idakorea.ee\/wp-content\/uploads\/2024\/05\/cropped-korea3.png\",\"width\":688,\"height\":126,\"caption\":\"IDA.KOREA\"},\"image\":{\"@id\":\"https:\/\/idakorea.ee\/#\/schema\/logo\/image\/\"},\"sameAs\":[\"https:\/\/www.instagram.com\/ida.korea\/\"]}]}<\/script>\n<!-- \/ Yoast SEO plugin. -->","yoast_head_json":{"title":"Skin1004 Madagaskarin Centella Quick Calming Duo - EAST.KOREA","description":"Setti sis\u00e4lt\u00e4\u00e4: Skin1004 Madagaskarin Centella -rauhoittava voide \u2013 75 ml + Madagaskarin Centella -pikapuhdistuslappu \u2013 70 kpl - Nopea toimitus!","robots":{"index":"index","follow":"follow","max-snippet":"max-snippet:-1","max-image-preview":"max-image-preview:large","max-video-preview":"max-video-preview:-1"},"canonical":"https:\/\/idakorea.ee\/fi\/product\/skin1004-madagascar-centella-quick-calming-duo\/","og_locale":"fi_FI","og_type":"article","og_title":"Skin1004 Madagascar Centella Quick Calming Duo - IDA.KOREA","og_description":"Komplekt sisaldab: Skin1004 Madagascar Centella Soothing Cream \u2013 75 ml + Madagascar Centella Quick Calming Pad \u2013 70 tk - Kiire tarne!","og_url":"https:\/\/idakorea.ee\/fi\/product\/skin1004-madagascar-centella-quick-calming-duo\/","og_site_name":"IDA.KOREA","article_modified_time":"2026-03-20T08:19:03+00:00","og_image":[{"width":1080,"height":1080,"url":"https:\/\/idakorea.ee\/wp-content\/uploads\/2025\/12\/skin1004-quick-calming-duo_idakorea.webp","type":"image\/webp"}],"twitter_card":"summary_large_image","twitter_misc":{"Arvioitu lukuaika":"1 minuutti"},"schema":{"@context":"https:\/\/schema.org","@graph":[{"@type":"WebPage","@id":"https:\/\/idakorea.ee\/product\/skin1004-madagascar-centella-quick-calming-duo\/","url":"https:\/\/idakorea.ee\/product\/skin1004-madagascar-centella-quick-calming-duo\/","name":"Skin1004 Madagaskarin Centella Quick Calming Duo - EAST.KOREA","isPartOf":{"@id":"https:\/\/idakorea.ee\/#website"},"primaryImageOfPage":{"@id":"https:\/\/idakorea.ee\/product\/skin1004-madagascar-centella-quick-calming-duo\/#primaryimage"},"image":{"@id":"https:\/\/idakorea.ee\/product\/skin1004-madagascar-centella-quick-calming-duo\/#primaryimage"},"thumbnailUrl":"https:\/\/idakorea.ee\/wp-content\/uploads\/2025\/12\/skin1004-quick-calming-duo_idakorea.webp","datePublished":"2025-12-18T09:28:00+00:00","dateModified":"2026-03-20T08:19:03+00:00","description":"Setti sis\u00e4lt\u00e4\u00e4: Skin1004 Madagaskarin Centella -rauhoittava voide \u2013 75 ml + Madagaskarin Centella -pikapuhdistuslappu \u2013 70 kpl - Nopea toimitus!","breadcrumb":{"@id":"https:\/\/idakorea.ee\/product\/skin1004-madagascar-centella-quick-calming-duo\/#breadcrumb"},"inLanguage":"fi","potentialAction":[{"@type":"ReadAction","target":["https:\/\/idakorea.ee\/product\/skin1004-madagascar-centella-quick-calming-duo\/"]}]},{"@type":"ImageObject","inLanguage":"fi","@id":"https:\/\/idakorea.ee\/product\/skin1004-madagascar-centella-quick-calming-duo\/#primaryimage","url":"https:\/\/idakorea.ee\/wp-content\/uploads\/2025\/12\/skin1004-quick-calming-duo_idakorea.webp","contentUrl":"https:\/\/idakorea.ee\/wp-content\/uploads\/2025\/12\/skin1004-quick-calming-duo_idakorea.webp","width":1080,"height":1080},{"@type":"BreadcrumbList","@id":"https:\/\/idakorea.ee\/product\/skin1004-madagascar-centella-quick-calming-duo\/#breadcrumb","itemListElement":[{"@type":"ListItem","position":1,"name":"\u0413\u043b\u0430\u0432\u043d\u0430\u044f \u0441\u0442\u0440\u0430\u043d\u0438\u0446\u0430","item":"https:\/\/idakorea.ee\/"},{"@type":"ListItem","position":2,"name":"Shop","item":"https:\/\/idakorea.ee\/shop-2\/"},{"@type":"ListItem","position":3,"name":"Komplekt Skin1004 Madagascar Centella Quick Calming Duo"}]},{"@type":"WebSite","@id":"https:\/\/idakorea.ee\/#website","url":"https:\/\/idakorea.ee\/","name":"IDA.KOREA","description":"Korean kosmetiikan verkkokauppa","publisher":{"@id":"https:\/\/idakorea.ee\/#organization"},"alternateName":"Beauty Shop","potentialAction":[{"@type":"SearchAction","target":{"@type":"EntryPoint","urlTemplate":"https:\/\/idakorea.ee\/?s={search_term_string}"},"query-input":{"@type":"PropertyValueSpecification","valueRequired":true,"valueName":"search_term_string"}}],"inLanguage":"fi"},{"@type":"Organization","@id":"https:\/\/idakorea.ee\/#organization","name":"IDA.KOREA","url":"https:\/\/idakorea.ee\/","logo":{"@type":"ImageObject","inLanguage":"fi","@id":"https:\/\/idakorea.ee\/#\/schema\/logo\/image\/","url":"https:\/\/idakorea.ee\/wp-content\/uploads\/2024\/05\/cropped-korea3.png","contentUrl":"https:\/\/idakorea.ee\/wp-content\/uploads\/2024\/05\/cropped-korea3.png","width":688,"height":126,"caption":"IDA.KOREA"},"image":{"@id":"https:\/\/idakorea.ee\/#\/schema\/logo\/image\/"},"sameAs":["https:\/\/www.instagram.com\/ida.korea\/"]}]}},"jetpack_sharing_enabled":true,"brands":[{"id":186,"name":"SKIN1004","slug":"skin1004"}],"_links":{"self":[{"href":"https:\/\/idakorea.ee\/fi\/wp-json\/wp\/v2\/product\/16877","targetHints":{"allow":["GET"]}}],"collection":[{"href":"https:\/\/idakorea.ee\/fi\/wp-json\/wp\/v2\/product"}],"about":[{"href":"https:\/\/idakorea.ee\/fi\/wp-json\/wp\/v2\/types\/product"}],"replies":[{"embeddable":true,"href":"https:\/\/idakorea.ee\/fi\/wp-json\/wp\/v2\/comments?post=16877"}],"version-history":[{"count":1,"href":"https:\/\/idakorea.ee\/fi\/wp-json\/wp\/v2\/product\/16877\/revisions"}],"predecessor-version":[{"id":16881,"href":"https:\/\/idakorea.ee\/fi\/wp-json\/wp\/v2\/product\/16877\/revisions\/16881"}],"wp:featuredmedia":[{"embeddable":true,"href":"https:\/\/idakorea.ee\/fi\/wp-json\/wp\/v2\/media\/16880"}],"wp:attachment":[{"href":"https:\/\/idakorea.ee\/fi\/wp-json\/wp\/v2\/media?parent=16877"}],"wp:term":[{"taxonomy":"pwb-brand","embeddable":true,"href":"https:\/\/idakorea.ee\/fi\/wp-json\/wp\/v2\/pwb-brand?post=16877"},{"taxonomy":"product_brand","embeddable":true,"href":"https:\/\/idakorea.ee\/fi\/wp-json\/wp\/v2\/product_brand?post=16877"},{"taxonomy":"product_cat","embeddable":true,"href":"https:\/\/idakorea.ee\/fi\/wp-json\/wp\/v2\/product_cat?post=16877"},{"taxonomy":"product_tag","embeddable":true,"href":"https:\/\/idakorea.ee\/fi\/wp-json\/wp\/v2\/product_tag?post=16877"}],"curies":[{"name":"wp","href":"https:\/\/api.w.org\/{rel}","templated":true}]}}