{"id":16882,"date":"2025-12-18T12:18:05","date_gmt":"2025-12-18T10:18:05","guid":{"rendered":"https:\/\/idakorea.ee\/?post_type=product&#038;p=16882"},"modified":"2026-03-24T13:56:11","modified_gmt":"2026-03-24T11:56:11","slug":"marymay-vegan-collagen-fresh-aloe-mask","status":"publish","type":"product","link":"https:\/\/idakorea.ee\/fi\/product\/marymay-vegan-collagen-fresh-aloe-mask\/","title":{"rendered":"Mary&amp;May Vegan Collagen Fresh Aloe Mask -naamio"},"content":{"rendered":"<p data-start=\"48\" data-end=\"592\">Mary&amp;May Vegan Collagen Fresh Aloe Mask on rauhoittava naamio, joka sis\u00e4lt\u00e4\u00e4 aloe vera -uutetta kosteuttamaan kuivaa ihoa ja lievitt\u00e4m\u00e4\u00e4n \u00e4rsytyst\u00e4. Naamio on rikastettu eritt\u00e4in pienimolekyylipainoisella vegaanisella kollageenilla, joka imeytyy nopeasti ihoon ja auttaa vahvistamaan heikentynytt\u00e4 ihon suojakerrosta.<br data-start=\"283\" data-end=\"286\" \/>Sis\u00e4lt\u00e4\u00e4 syd\u00e4nlehtiuutetta, joka auttaa tasapainottamaan ihon \u00f6ljy- ja kosteustasapainoa ja tukee ongelmaihon hoitoa. Hydrogeeliteknologia mukautuu t\u00e4ydellisesti kasvojen muotoihin siirtym\u00e4tt\u00e4, mik\u00e4 mahdollistaa kaikkien aktiiviaineiden tehokkaan imeytymisen.<\/p>\n<p data-start=\"48\" data-end=\"592\"><br data-start=\"560\" data-end=\"563\" \/>Iho\u00e4rsytyst\u00e4 koskeva testi on l\u00e4p\u00e4isty.<\/p>\n<p data-start=\"594\" data-end=\"610\"><strong data-start=\"594\" data-end=\"608\">K\u00e4ytt\u00f6<\/strong><\/p>\n<p data-start=\"594\" data-end=\"610\">Puhdistuksen j\u00e4lkeen kasvovedell\u00e4 kasvovesi. Ota hydrogeelinaamio pakkauksesta, poista suojakalvo ja aseta naamio kasvoillesi silm\u00e4nymp\u00e4rysihoa tasoittaen. Anna naamion vaikuttaa 20\u201330 minuuttia ja rentoudu. Poista naamio ja taputtele j\u00e4ljell\u00e4 oleva uute hell\u00e4varaisesti ihoon, kunnes se on t\u00e4ysin imeytynyt.<\/p>","protected":false},"excerpt":{"rendered":"<p>Mary&amp;May Vegan Collagen Fresh Aloe Mask on rauhoittava naamio, joka sis\u00e4lt\u00e4\u00e4 aloe vera -uutetta kosteuttamaan kuivaa ihoa ja lievitt\u00e4m\u00e4\u00e4n \u00e4rsytyst\u00e4. Naamio on rikastettu eritt\u00e4in pienimolekyylipainoisella vegaanisella kollageenilla, joka imeytyy nopeasti ihoon ja auttaa vahvistamaan heikentynytt\u00e4 ihon suojakerrosta. Sis\u00e4lt\u00e4\u00e4 syd\u00e4nlehtiuutetta, joka auttaa tasapainottamaan ihon \u00f6ljy- ja kosteustasapainoa ja tukee ongelmaihon hoitoa. Hydrogeeliteknologia kiinnittyy t\u00e4ydellisesti kasvojen muotoihin siirtym\u00e4tt\u00e4, jolloin kaikki aktiiviset ainesosat imeytyv\u00e4t\u2026<\/p>","protected":false},"featured_media":16883,"comment_status":"open","ping_status":"closed","template":"","meta":{"_uf_show_specific_survey":0,"_uf_disable_surveys":false,"_bst_post_transparent":"default","_bst_post_title":"","_bst_post_layout":"default","_bst_post_sidebar_id":"","_bst_post_content_style":"default","_bst_post_vertical_padding":"default","_bst_post_feature":"","_bst_post_feature_position":"","_bst_post_header":false,"_bst_post_footer":false},"pwb-brand":[1012],"product_brand":[],"product_cat":[92,98],"product_tag":[916,517,568,614],"class_list":{"0":"post-16882","1":"product","2":"type-product","3":"status-publish","4":"has-post-thumbnail","6":"pwb-brand-marymay","7":"product_cat-nagu","8":"product_cat-naomaskid","9":"product_tag-aloe","10":"product_tag-collagen","11":"product_tag-korea","12":"product_tag-mask","14":"first","15":"instock","16":"sale","17":"shipping-taxable","18":"purchasable","19":"product-type-simple","20":"entry","21":"content-bg","22":"loop-entry"},"supplier_id":null,"supplier_sku":"","barcode":null,"atum_controlled":true,"out_stock_date":null,"out_stock_threshold":null,"inheritable":false,"inbound_stock":0,"stock_on_hold":0,"sold_today":0,"sales_last_days":1,"out_stock_days":0,"lost_sales":0,"has_location":false,"update_date":"2026-04-15T00:05:16","atum_locations":[],"atum_stock_status":"instock","restock_status":false,"low_stock_amount":"","sales_update_date":"2026-04-15T00:05:16","calc_backorders":null,"yoast_head":"<!-- This site is optimized with the Yoast SEO plugin v27.2 - https:\/\/yoast.com\/product\/yoast-seo-wordpress\/ -->\n<title>Mary&amp;May Vegan Collagen Fresh Aloe Mask - IDA.KOREA<\/title>\n<meta name=\"description\" content=\"Rahustav mask sisaldab aaloeekstrakti, mis niisutab kuiva nahka ja leevendab \u00e4rritust. Rikastatud \u00fclimadala molekulmassiga vegan-kollageeniga.\" \/>\n<meta name=\"robots\" content=\"index, follow, max-snippet:-1, max-image-preview:large, max-video-preview:-1\" \/>\n<link rel=\"canonical\" href=\"https:\/\/idakorea.ee\/fi\/product\/marymay-vegan-collagen-fresh-aloe-mask\/\" \/>\n<meta property=\"og:locale\" content=\"fi_FI\" \/>\n<meta property=\"og:type\" content=\"article\" \/>\n<meta property=\"og:title\" content=\"Mary&amp;May Vegan Collagen Fresh Aloe Mask - IDA.KOREA\" \/>\n<meta property=\"og:description\" content=\"Rahustav mask sisaldab aaloeekstrakti, mis niisutab kuiva nahka ja leevendab \u00e4rritust. Rikastatud \u00fclimadala molekulmassiga vegan-kollageeniga.\" \/>\n<meta property=\"og:url\" content=\"https:\/\/idakorea.ee\/fi\/product\/marymay-vegan-collagen-fresh-aloe-mask\/\" \/>\n<meta property=\"og:site_name\" content=\"IDA.KOREA\" \/>\n<meta property=\"article:modified_time\" content=\"2026-03-24T11:56:11+00:00\" \/>\n<meta property=\"og:image\" content=\"https:\/\/idakorea.ee\/wp-content\/uploads\/2025\/12\/marymay-vegan-collagen-fresh-aloe-mask1-idakorea.png\" \/>\n\t<meta property=\"og:image:width\" content=\"800\" \/>\n\t<meta property=\"og:image:height\" content=\"803\" \/>\n\t<meta property=\"og:image:type\" content=\"image\/png\" \/>\n<meta name=\"twitter:card\" content=\"summary_large_image\" \/>\n<meta name=\"twitter:label1\" content=\"Arvioitu lukuaika\" \/>\n\t<meta name=\"twitter:data1\" content=\"1 minuutti\" \/>\n<script type=\"application\/ld+json\" class=\"yoast-schema-graph\">{\"@context\":\"https:\/\/schema.org\",\"@graph\":[{\"@type\":\"WebPage\",\"@id\":\"https:\/\/idakorea.ee\/product\/marymay-vegan-collagen-fresh-aloe-mask\/\",\"url\":\"https:\/\/idakorea.ee\/product\/marymay-vegan-collagen-fresh-aloe-mask\/\",\"name\":\"Mary&May Vegan Collagen Fresh Aloe Mask - IDA.KOREA\",\"isPartOf\":{\"@id\":\"https:\/\/idakorea.ee\/#website\"},\"primaryImageOfPage\":{\"@id\":\"https:\/\/idakorea.ee\/product\/marymay-vegan-collagen-fresh-aloe-mask\/#primaryimage\"},\"image\":{\"@id\":\"https:\/\/idakorea.ee\/product\/marymay-vegan-collagen-fresh-aloe-mask\/#primaryimage\"},\"thumbnailUrl\":\"https:\/\/idakorea.ee\/wp-content\/uploads\/2025\/12\/marymay-vegan-collagen-fresh-aloe-mask1-idakorea.png\",\"datePublished\":\"2025-12-18T10:18:05+00:00\",\"dateModified\":\"2026-03-24T11:56:11+00:00\",\"description\":\"Rahustav mask sisaldab aaloeekstrakti, mis niisutab kuiva nahka ja leevendab \u00e4rritust. Rikastatud \u00fclimadala molekulmassiga vegan-kollageeniga.\",\"breadcrumb\":{\"@id\":\"https:\/\/idakorea.ee\/product\/marymay-vegan-collagen-fresh-aloe-mask\/#breadcrumb\"},\"inLanguage\":\"fi\",\"potentialAction\":[{\"@type\":\"ReadAction\",\"target\":[\"https:\/\/idakorea.ee\/product\/marymay-vegan-collagen-fresh-aloe-mask\/\"]}]},{\"@type\":\"ImageObject\",\"inLanguage\":\"fi\",\"@id\":\"https:\/\/idakorea.ee\/product\/marymay-vegan-collagen-fresh-aloe-mask\/#primaryimage\",\"url\":\"https:\/\/idakorea.ee\/wp-content\/uploads\/2025\/12\/marymay-vegan-collagen-fresh-aloe-mask1-idakorea.png\",\"contentUrl\":\"https:\/\/idakorea.ee\/wp-content\/uploads\/2025\/12\/marymay-vegan-collagen-fresh-aloe-mask1-idakorea.png\",\"width\":800,\"height\":803},{\"@type\":\"BreadcrumbList\",\"@id\":\"https:\/\/idakorea.ee\/product\/marymay-vegan-collagen-fresh-aloe-mask\/#breadcrumb\",\"itemListElement\":[{\"@type\":\"ListItem\",\"position\":1,\"name\":\"\u0413\u043b\u0430\u0432\u043d\u0430\u044f \u0441\u0442\u0440\u0430\u043d\u0438\u0446\u0430\",\"item\":\"https:\/\/idakorea.ee\/\"},{\"@type\":\"ListItem\",\"position\":2,\"name\":\"Shop\",\"item\":\"https:\/\/idakorea.ee\/shop-2\/\"},{\"@type\":\"ListItem\",\"position\":3,\"name\":\"Rahustav mask Mary&#038;May Vegan Collagen Fresh Aloe Mask\"}]},{\"@type\":\"WebSite\",\"@id\":\"https:\/\/idakorea.ee\/#website\",\"url\":\"https:\/\/idakorea.ee\/\",\"name\":\"IDA.KOREA\",\"description\":\"Korea kosmeetika e-pood\",\"publisher\":{\"@id\":\"https:\/\/idakorea.ee\/#organization\"},\"alternateName\":\"Beauty Shop\",\"potentialAction\":[{\"@type\":\"SearchAction\",\"target\":{\"@type\":\"EntryPoint\",\"urlTemplate\":\"https:\/\/idakorea.ee\/?s={search_term_string}\"},\"query-input\":{\"@type\":\"PropertyValueSpecification\",\"valueRequired\":true,\"valueName\":\"search_term_string\"}}],\"inLanguage\":\"fi\"},{\"@type\":\"Organization\",\"@id\":\"https:\/\/idakorea.ee\/#organization\",\"name\":\"IDA.KOREA\",\"url\":\"https:\/\/idakorea.ee\/\",\"logo\":{\"@type\":\"ImageObject\",\"inLanguage\":\"fi\",\"@id\":\"https:\/\/idakorea.ee\/#\/schema\/logo\/image\/\",\"url\":\"https:\/\/idakorea.ee\/wp-content\/uploads\/2024\/05\/cropped-korea3.png\",\"contentUrl\":\"https:\/\/idakorea.ee\/wp-content\/uploads\/2024\/05\/cropped-korea3.png\",\"width\":688,\"height\":126,\"caption\":\"IDA.KOREA\"},\"image\":{\"@id\":\"https:\/\/idakorea.ee\/#\/schema\/logo\/image\/\"},\"sameAs\":[\"https:\/\/www.instagram.com\/ida.korea\/\"]}]}<\/script>\n<!-- \/ Yoast SEO plugin. -->","yoast_head_json":{"title":"Mary&amp;May Vegaaninen kollageenilla ja tuoreella aloe veralla t\u00e4ytett\u00e4v\u00e4 naamio - IDA.KOREA","description":"Rauhoittava naamio sis\u00e4lt\u00e4\u00e4 aloe vera -uutetta, joka kosteuttaa kuivaa ihoa ja lievitt\u00e4\u00e4 \u00e4rsytyst\u00e4. Se on rikastettu eritt\u00e4in pienimolekyylipainoisella vegaanisella kollageenilla.","robots":{"index":"index","follow":"follow","max-snippet":"max-snippet:-1","max-image-preview":"max-image-preview:large","max-video-preview":"max-video-preview:-1"},"canonical":"https:\/\/idakorea.ee\/fi\/product\/marymay-vegan-collagen-fresh-aloe-mask\/","og_locale":"fi_FI","og_type":"article","og_title":"Mary&May Vegan Collagen Fresh Aloe Mask - IDA.KOREA","og_description":"Rahustav mask sisaldab aaloeekstrakti, mis niisutab kuiva nahka ja leevendab \u00e4rritust. Rikastatud \u00fclimadala molekulmassiga vegan-kollageeniga.","og_url":"https:\/\/idakorea.ee\/fi\/product\/marymay-vegan-collagen-fresh-aloe-mask\/","og_site_name":"IDA.KOREA","article_modified_time":"2026-03-24T11:56:11+00:00","og_image":[{"width":800,"height":803,"url":"https:\/\/idakorea.ee\/wp-content\/uploads\/2025\/12\/marymay-vegan-collagen-fresh-aloe-mask1-idakorea.png","type":"image\/png"}],"twitter_card":"summary_large_image","twitter_misc":{"Arvioitu lukuaika":"1 minuutti"},"schema":{"@context":"https:\/\/schema.org","@graph":[{"@type":"WebPage","@id":"https:\/\/idakorea.ee\/product\/marymay-vegan-collagen-fresh-aloe-mask\/","url":"https:\/\/idakorea.ee\/product\/marymay-vegan-collagen-fresh-aloe-mask\/","name":"Mary&amp;May Vegaaninen kollageenilla ja tuoreella aloe veralla t\u00e4ytett\u00e4v\u00e4 naamio - IDA.KOREA","isPartOf":{"@id":"https:\/\/idakorea.ee\/#website"},"primaryImageOfPage":{"@id":"https:\/\/idakorea.ee\/product\/marymay-vegan-collagen-fresh-aloe-mask\/#primaryimage"},"image":{"@id":"https:\/\/idakorea.ee\/product\/marymay-vegan-collagen-fresh-aloe-mask\/#primaryimage"},"thumbnailUrl":"https:\/\/idakorea.ee\/wp-content\/uploads\/2025\/12\/marymay-vegan-collagen-fresh-aloe-mask1-idakorea.png","datePublished":"2025-12-18T10:18:05+00:00","dateModified":"2026-03-24T11:56:11+00:00","description":"Rauhoittava naamio sis\u00e4lt\u00e4\u00e4 aloe vera -uutetta, joka kosteuttaa kuivaa ihoa ja lievitt\u00e4\u00e4 \u00e4rsytyst\u00e4. Se on rikastettu eritt\u00e4in pienimolekyylipainoisella vegaanisella kollageenilla.","breadcrumb":{"@id":"https:\/\/idakorea.ee\/product\/marymay-vegan-collagen-fresh-aloe-mask\/#breadcrumb"},"inLanguage":"fi","potentialAction":[{"@type":"ReadAction","target":["https:\/\/idakorea.ee\/product\/marymay-vegan-collagen-fresh-aloe-mask\/"]}]},{"@type":"ImageObject","inLanguage":"fi","@id":"https:\/\/idakorea.ee\/product\/marymay-vegan-collagen-fresh-aloe-mask\/#primaryimage","url":"https:\/\/idakorea.ee\/wp-content\/uploads\/2025\/12\/marymay-vegan-collagen-fresh-aloe-mask1-idakorea.png","contentUrl":"https:\/\/idakorea.ee\/wp-content\/uploads\/2025\/12\/marymay-vegan-collagen-fresh-aloe-mask1-idakorea.png","width":800,"height":803},{"@type":"BreadcrumbList","@id":"https:\/\/idakorea.ee\/product\/marymay-vegan-collagen-fresh-aloe-mask\/#breadcrumb","itemListElement":[{"@type":"ListItem","position":1,"name":"\u0413\u043b\u0430\u0432\u043d\u0430\u044f \u0441\u0442\u0440\u0430\u043d\u0438\u0446\u0430","item":"https:\/\/idakorea.ee\/"},{"@type":"ListItem","position":2,"name":"Shop","item":"https:\/\/idakorea.ee\/shop-2\/"},{"@type":"ListItem","position":3,"name":"Rahustav mask Mary&#038;May Vegan Collagen Fresh Aloe Mask"}]},{"@type":"WebSite","@id":"https:\/\/idakorea.ee\/#website","url":"https:\/\/idakorea.ee\/","name":"IDA.KOREA","description":"Korean kosmetiikan verkkokauppa","publisher":{"@id":"https:\/\/idakorea.ee\/#organization"},"alternateName":"Beauty Shop","potentialAction":[{"@type":"SearchAction","target":{"@type":"EntryPoint","urlTemplate":"https:\/\/idakorea.ee\/?s={search_term_string}"},"query-input":{"@type":"PropertyValueSpecification","valueRequired":true,"valueName":"search_term_string"}}],"inLanguage":"fi"},{"@type":"Organization","@id":"https:\/\/idakorea.ee\/#organization","name":"IDA.KOREA","url":"https:\/\/idakorea.ee\/","logo":{"@type":"ImageObject","inLanguage":"fi","@id":"https:\/\/idakorea.ee\/#\/schema\/logo\/image\/","url":"https:\/\/idakorea.ee\/wp-content\/uploads\/2024\/05\/cropped-korea3.png","contentUrl":"https:\/\/idakorea.ee\/wp-content\/uploads\/2024\/05\/cropped-korea3.png","width":688,"height":126,"caption":"IDA.KOREA"},"image":{"@id":"https:\/\/idakorea.ee\/#\/schema\/logo\/image\/"},"sameAs":["https:\/\/www.instagram.com\/ida.korea\/"]}]}},"jetpack_sharing_enabled":true,"brands":[{"id":1012,"name":"MARY&amp;MAY","slug":"marymay"}],"_links":{"self":[{"href":"https:\/\/idakorea.ee\/fi\/wp-json\/wp\/v2\/product\/16882","targetHints":{"allow":["GET"]}}],"collection":[{"href":"https:\/\/idakorea.ee\/fi\/wp-json\/wp\/v2\/product"}],"about":[{"href":"https:\/\/idakorea.ee\/fi\/wp-json\/wp\/v2\/types\/product"}],"replies":[{"embeddable":true,"href":"https:\/\/idakorea.ee\/fi\/wp-json\/wp\/v2\/comments?post=16882"}],"version-history":[{"count":1,"href":"https:\/\/idakorea.ee\/fi\/wp-json\/wp\/v2\/product\/16882\/revisions"}],"predecessor-version":[{"id":16885,"href":"https:\/\/idakorea.ee\/fi\/wp-json\/wp\/v2\/product\/16882\/revisions\/16885"}],"wp:featuredmedia":[{"embeddable":true,"href":"https:\/\/idakorea.ee\/fi\/wp-json\/wp\/v2\/media\/16883"}],"wp:attachment":[{"href":"https:\/\/idakorea.ee\/fi\/wp-json\/wp\/v2\/media?parent=16882"}],"wp:term":[{"taxonomy":"pwb-brand","embeddable":true,"href":"https:\/\/idakorea.ee\/fi\/wp-json\/wp\/v2\/pwb-brand?post=16882"},{"taxonomy":"product_brand","embeddable":true,"href":"https:\/\/idakorea.ee\/fi\/wp-json\/wp\/v2\/product_brand?post=16882"},{"taxonomy":"product_cat","embeddable":true,"href":"https:\/\/idakorea.ee\/fi\/wp-json\/wp\/v2\/product_cat?post=16882"},{"taxonomy":"product_tag","embeddable":true,"href":"https:\/\/idakorea.ee\/fi\/wp-json\/wp\/v2\/product_tag?post=16882"}],"curies":[{"name":"wp","href":"https:\/\/api.w.org\/{rel}","templated":true}]}}