{"id":16957,"date":"2025-12-29T10:34:44","date_gmt":"2025-12-29T08:34:44","guid":{"rendered":"https:\/\/idakorea.ee\/?post_type=product&#038;p=16957"},"modified":"2026-04-14T13:54:25","modified_gmt":"2026-04-14T11:54:25","slug":"medipeel-peptide-tox-bor-toner-180ml","status":"publish","type":"product","link":"https:\/\/idakorea.ee\/fi\/product\/medipeel-peptide-tox-bor-toner-180ml\/","title":{"rendered":"MediPeel Peptide-Tox Bor Toner, 180ml"},"content":{"rendered":"<p data-start=\"86\" data-end=\"338\"><strong data-start=\"86\" data-end=\"121\">MediPeel Peptide-Tox Bor Toner<\/strong>\u00a0Peptidikompleksia sis\u00e4lt\u00e4v\u00e4 kohottava kasvovesi kosteuttaa ja ravitsee tehokkaasti, auttaa poistamaan kuivuutta, silottaa ryppyj\u00e4 ja lis\u00e4\u00e4 ihon kimmoisuutta ja kiinteytt\u00e4. Tuote kiinteytt\u00e4\u00e4 ihoa, parantaa ihonv\u00e4ri\u00e4 ja palauttaa terveen hehkun.<\/p>\n<p data-start=\"340\" data-end=\"691\">Kasvovesi palauttaa ihon optimaalisen happotasapainon (pH), neutraloi vesijohtoveden aggressiiviset vaikutukset ja valmistaa ihon seuraaviin hoitovaiheisiin. Tavoitteena on torjua ik\u00e4\u00e4ntymisen merkkej\u00e4: vahvistaa ihon turgoria, aktivoi kollageeni- ja elastiinisynteesi\u00e4, v\u00e4hent\u00e4\u00e4 olemassa olevien ryppyjen syvyytt\u00e4 ja hidastaa ik\u00e4\u00e4ntymisprosesseja.<\/p>\n<p data-start=\"693\" data-end=\"775\">Kasvovedell\u00e4 on kevyt koostumus, se imeytyy nopeasti eik\u00e4 j\u00e4t\u00e4 iholle tahmeaa tunnetta.<\/p>\n<p data-start=\"777\" data-end=\"801\"><strong data-start=\"777\" data-end=\"801\">T\u00e4rkeimm\u00e4t vaikuttavat aineet:<\/strong><\/p>\n<ul data-start=\"802\" data-end=\"2222\">\n<li data-start=\"802\" data-end=\"1062\">\n<p data-start=\"804\" data-end=\"1062\"><strong data-start=\"804\" data-end=\"867\">Volufilin (Anemarrhena Asphodeloides -juuriuute, 40 ppb)<\/strong> \u2013 kasviper\u00e4inen vaikuttava aine, joka on per\u00e4isin valkovuokon juuresta. Stimuloi paikallista rasvan kertymist\u00e4, lis\u00e4\u00e4 ihon tiheytt\u00e4 ja kimmoisuutta, v\u00e4hent\u00e4\u00e4 veltostumista ja silottaa ryppyj\u00e4.<\/p>\n<\/li>\n<li data-start=\"1063\" data-end=\"1287\">\n<p data-start=\"1065\" data-end=\"1287\"><strong data-start=\"1065\" data-end=\"1088\">5 peptidikompleksi<\/strong> \u2013 tukee jatkuvaa solujen uusiutumista ja uudistumista, sill\u00e4 on syv\u00e4 ik\u00e4\u00e4ntymist\u00e4 ehk\u00e4isev\u00e4 vaikutus, se v\u00e4hent\u00e4\u00e4 ryppyjen n\u00e4kyvyytt\u00e4 ja auttaa ehk\u00e4isem\u00e4\u00e4n uusien ryppyjen muodostumista sek\u00e4 hidastaa solujen ik\u00e4\u00e4ntymist\u00e4.<\/p>\n<\/li>\n<li data-start=\"1288\" data-end=\"1529\">\n<p data-start=\"1290\" data-end=\"1529\"><strong data-start=\"1290\" data-end=\"1312\">7 entsyymikompleksi<\/strong> \u2013 tukee ihon luonnollista mikrobistoa, auttaa vaalentamaan pigmenttimuutoksia ja tasoittamaan ihon s\u00e4vy\u00e4. Kosteuttaa, v\u00e4hent\u00e4\u00e4 punoitusta, s\u00e4\u00e4telee melaniinin tuotantoa, kuorii hell\u00e4varaisesti ihon sarveiskerrosta ja nopeuttaa palautumisprosesseja.<\/p>\n<\/li>\n<li data-start=\"1530\" data-end=\"1717\">\n<p data-start=\"1532\" data-end=\"1717\"><strong data-start=\"1532\" data-end=\"1545\">Adenos<\/strong> \u2013 tehokas ik\u00e4\u00e4ntymist\u00e4 ehk\u00e4isev\u00e4 ainesosa, joka antaa kohottavan vaikutuksen, stimuloi kollageenisynteesi\u00e4, v\u00e4hent\u00e4\u00e4 hienojen ryppyjen n\u00e4kymist\u00e4 ja hidastaa ihon ik\u00e4\u00e4ntymist\u00e4.<\/p>\n<\/li>\n<li data-start=\"1718\" data-end=\"1893\">\n<p data-start=\"1720\" data-end=\"1893\"><strong data-start=\"1720\" data-end=\"1759\">Hydrolysoitu kollageeni ja elastiini<\/strong> \u2013 vahvistaa solurakennetta, parantaa proteiiniaineenvaihduntaa, tukee ihon matriisia ja auttaa silottamaan ryppyj\u00e4 ja ihopoimuja.<\/p>\n<\/li>\n<li data-start=\"1894\" data-end=\"2022\">\n<p data-start=\"1896\" data-end=\"2022\"><strong data-start=\"1896\" data-end=\"1913\">Hyaluronihappo<\/strong> \u2013 kosteuttaa syv\u00e4lt\u00e4, lievitt\u00e4\u00e4 kuivuutta ja kirist\u00e4v\u00e4n tunnetta, tasoittaa ihon pintaa ja yll\u00e4pit\u00e4\u00e4 sen kimmoisuutta.<\/p>\n<\/li>\n<li data-start=\"2023\" data-end=\"2222\">\n<p data-start=\"2025\" data-end=\"2222\"><strong data-start=\"2025\" data-end=\"2049\">Edelweiss-kantasolut<\/strong> \u2013 hidastavat ik\u00e4\u00e4ntymisprosessia, neutraloivat vapaiden radikaalien, ymp\u00e4rist\u00f6tekij\u00f6iden ja UV-s\u00e4teilyn aggressiivisia vaikutuksia ja auttavat yll\u00e4pit\u00e4m\u00e4\u00e4n ihon sileytt\u00e4 ja kimmoisuutta.<\/p>\n<\/li>\n<\/ul>\n<p data-start=\"2224\" data-end=\"2254\">Sopii kaikille ihotyypeille.<\/p>\n<p data-start=\"2256\" data-end=\"2362\"><strong data-start=\"2256\" data-end=\"2271\">K\u00e4ytt\u00f6:<\/strong> Kasvojen puhdistuksen j\u00e4lkeen levit\u00e4 tarvittava m\u00e4\u00e4r\u00e4 kasvovett\u00e4 vanulapulle ja levit\u00e4 se varovasti iholle.<\/p>","protected":false},"excerpt":{"rendered":"<p>MediPeel Peptide-Tox Bor Toner -kiillotusvesi peptidikompleksilla kosteuttaa ja ravitsee tehokkaasti, auttaa poistamaan kuivuutta, silottaa ryppyj\u00e4 ja lis\u00e4\u00e4 ihon kimmoisuutta ja kiinteytt\u00e4. Tuote kiinteytt\u00e4\u00e4 ihoa, parantaa ihonv\u00e4ri\u00e4 ja palauttaa terveen hehkun. Kasvovesi palauttaa ihon optimaalisen happotasapainon (pH), neutraloi vesijohtoveden aggressiiviset vaikutukset ja valmistaa ihon seuraaviin hoitovaiheisiin. Tavoitteena on torjua ik\u00e4\u00e4ntymisen merkkej\u00e4: vahvistaa ihon turgoria, aktivoi kollageenia ja\u2026<\/p>","protected":false},"featured_media":16958,"comment_status":"open","ping_status":"closed","template":"","meta":{"_uf_show_specific_survey":0,"_uf_disable_surveys":false,"_bst_post_transparent":"default","_bst_post_title":"","_bst_post_layout":"default","_bst_post_sidebar_id":"","_bst_post_content_style":"default","_bst_post_vertical_padding":"default","_bst_post_feature":"","_bst_post_feature_position":"","_bst_post_header":false,"_bst_post_footer":false},"pwb-brand":[107],"product_brand":[],"product_cat":[92,158],"product_tag":[1042,568,381,830,855,1043],"class_list":{"0":"post-16957","1":"product","2":"type-product","3":"status-publish","4":"has-post-thumbnail","6":"pwb-brand-medipeel","7":"product_cat-nagu","8":"product_cat-toonik","9":"product_tag-bor","10":"product_tag-korea","11":"product_tag-medipeel","12":"product_tag-peptide","13":"product_tag-toner","14":"product_tag-tox","16":"first","17":"instock","18":"shipping-taxable","19":"purchasable","20":"product-type-simple","21":"entry","22":"content-bg","23":"loop-entry"},"supplier_id":null,"supplier_sku":"","barcode":null,"atum_controlled":true,"out_stock_date":null,"out_stock_threshold":null,"inheritable":false,"inbound_stock":0,"stock_on_hold":1,"sold_today":0,"sales_last_days":1,"out_stock_days":0,"lost_sales":0,"has_location":false,"update_date":"2026-04-24T09:54:41","atum_locations":[],"atum_stock_status":"instock","restock_status":false,"low_stock_amount":"","sales_update_date":"2026-04-24T09:54:41","calc_backorders":null,"yoast_head":"<!-- This site is optimized with the Yoast SEO plugin v27.2 - https:\/\/yoast.com\/product\/yoast-seo-wordpress\/ -->\n<title>MediPeel Peptide-Tox Bor Toner, 180ml - IDA.KOREA<\/title>\n<meta name=\"description\" content=\"Toner\u00a0peptiidikompleksiga niisutab ja toidab intensiivselt, aitab k\u00f5rvaldada kuivust, silub kortse ning suurendab naha elastsust ja pinguldatust.\" \/>\n<meta name=\"robots\" content=\"index, follow, max-snippet:-1, max-image-preview:large, max-video-preview:-1\" \/>\n<link rel=\"canonical\" href=\"https:\/\/idakorea.ee\/fi\/product\/medipeel-peptide-tox-bor-toner-180ml\/\" \/>\n<meta property=\"og:locale\" content=\"fi_FI\" \/>\n<meta property=\"og:type\" content=\"article\" \/>\n<meta property=\"og:title\" content=\"MediPeel Peptide-Tox Bor Toner, 180ml - IDA.KOREA\" \/>\n<meta property=\"og:description\" content=\"Toner\u00a0peptiidikompleksiga niisutab ja toidab intensiivselt, aitab k\u00f5rvaldada kuivust, silub kortse ning suurendab naha elastsust ja pinguldatust.\" \/>\n<meta property=\"og:url\" content=\"https:\/\/idakorea.ee\/fi\/product\/medipeel-peptide-tox-bor-toner-180ml\/\" \/>\n<meta property=\"og:site_name\" content=\"IDA.KOREA\" \/>\n<meta property=\"article:modified_time\" content=\"2026-04-14T11:54:25+00:00\" \/>\n<meta property=\"og:image\" content=\"https:\/\/idakorea.ee\/wp-content\/uploads\/2025\/12\/medipeel-peptide-toner-idakorea.png\" \/>\n\t<meta property=\"og:image:width\" content=\"801\" \/>\n\t<meta property=\"og:image:height\" content=\"942\" \/>\n\t<meta property=\"og:image:type\" content=\"image\/png\" \/>\n<meta name=\"twitter:card\" content=\"summary_large_image\" \/>\n<meta name=\"twitter:label1\" content=\"Arvioitu lukuaika\" \/>\n\t<meta name=\"twitter:data1\" content=\"2 minuuttia\" \/>\n<script type=\"application\/ld+json\" class=\"yoast-schema-graph\">{\"@context\":\"https:\/\/schema.org\",\"@graph\":[{\"@type\":\"WebPage\",\"@id\":\"https:\/\/idakorea.ee\/product\/medipeel-peptide-tox-bor-toner-180ml\/\",\"url\":\"https:\/\/idakorea.ee\/product\/medipeel-peptide-tox-bor-toner-180ml\/\",\"name\":\"MediPeel Peptide-Tox Bor Toner, 180ml - IDA.KOREA\",\"isPartOf\":{\"@id\":\"https:\/\/idakorea.ee\/#website\"},\"primaryImageOfPage\":{\"@id\":\"https:\/\/idakorea.ee\/product\/medipeel-peptide-tox-bor-toner-180ml\/#primaryimage\"},\"image\":{\"@id\":\"https:\/\/idakorea.ee\/product\/medipeel-peptide-tox-bor-toner-180ml\/#primaryimage\"},\"thumbnailUrl\":\"https:\/\/idakorea.ee\/wp-content\/uploads\/2025\/12\/medipeel-peptide-toner-idakorea.png\",\"datePublished\":\"2025-12-29T08:34:44+00:00\",\"dateModified\":\"2026-04-14T11:54:25+00:00\",\"description\":\"Toner\u00a0peptiidikompleksiga niisutab ja toidab intensiivselt, aitab k\u00f5rvaldada kuivust, silub kortse ning suurendab naha elastsust ja pinguldatust.\",\"breadcrumb\":{\"@id\":\"https:\/\/idakorea.ee\/product\/medipeel-peptide-tox-bor-toner-180ml\/#breadcrumb\"},\"inLanguage\":\"fi\",\"potentialAction\":[{\"@type\":\"ReadAction\",\"target\":[\"https:\/\/idakorea.ee\/product\/medipeel-peptide-tox-bor-toner-180ml\/\"]}]},{\"@type\":\"ImageObject\",\"inLanguage\":\"fi\",\"@id\":\"https:\/\/idakorea.ee\/product\/medipeel-peptide-tox-bor-toner-180ml\/#primaryimage\",\"url\":\"https:\/\/idakorea.ee\/wp-content\/uploads\/2025\/12\/medipeel-peptide-toner-idakorea.png\",\"contentUrl\":\"https:\/\/idakorea.ee\/wp-content\/uploads\/2025\/12\/medipeel-peptide-toner-idakorea.png\",\"width\":801,\"height\":942},{\"@type\":\"BreadcrumbList\",\"@id\":\"https:\/\/idakorea.ee\/product\/medipeel-peptide-tox-bor-toner-180ml\/#breadcrumb\",\"itemListElement\":[{\"@type\":\"ListItem\",\"position\":1,\"name\":\"\u0413\u043b\u0430\u0432\u043d\u0430\u044f \u0441\u0442\u0440\u0430\u043d\u0438\u0446\u0430\",\"item\":\"https:\/\/idakorea.ee\/\"},{\"@type\":\"ListItem\",\"position\":2,\"name\":\"Shop\",\"item\":\"https:\/\/idakorea.ee\/shop-2\/\"},{\"@type\":\"ListItem\",\"position\":3,\"name\":\"Lifting toner MediPeel Peptide-Tox Bor Toner, 180ml\"}]},{\"@type\":\"WebSite\",\"@id\":\"https:\/\/idakorea.ee\/#website\",\"url\":\"https:\/\/idakorea.ee\/\",\"name\":\"IDA.KOREA\",\"description\":\"Korea kosmeetika e-pood\",\"publisher\":{\"@id\":\"https:\/\/idakorea.ee\/#organization\"},\"alternateName\":\"Beauty Shop\",\"potentialAction\":[{\"@type\":\"SearchAction\",\"target\":{\"@type\":\"EntryPoint\",\"urlTemplate\":\"https:\/\/idakorea.ee\/?s={search_term_string}\"},\"query-input\":{\"@type\":\"PropertyValueSpecification\",\"valueRequired\":true,\"valueName\":\"search_term_string\"}}],\"inLanguage\":\"fi\"},{\"@type\":\"Organization\",\"@id\":\"https:\/\/idakorea.ee\/#organization\",\"name\":\"IDA.KOREA\",\"url\":\"https:\/\/idakorea.ee\/\",\"logo\":{\"@type\":\"ImageObject\",\"inLanguage\":\"fi\",\"@id\":\"https:\/\/idakorea.ee\/#\/schema\/logo\/image\/\",\"url\":\"https:\/\/idakorea.ee\/wp-content\/uploads\/2024\/05\/cropped-korea3.png\",\"contentUrl\":\"https:\/\/idakorea.ee\/wp-content\/uploads\/2024\/05\/cropped-korea3.png\",\"width\":688,\"height\":126,\"caption\":\"IDA.KOREA\"},\"image\":{\"@id\":\"https:\/\/idakorea.ee\/#\/schema\/logo\/image\/\"},\"sameAs\":[\"https:\/\/www.instagram.com\/ida.korea\/\"]}]}<\/script>\n<!-- \/ Yoast SEO plugin. -->","yoast_head_json":{"title":"MediPeel Peptide-Tox Boron -kasvovesi, 180ml - IDA.KOREA","description":"Peptidikompleksia sis\u00e4lt\u00e4v\u00e4 kasvovesi kosteuttaa ja ravitsee tehokkaasti, auttaa poistamaan kuivuutta, silottamaan ryppyj\u00e4 ja lis\u00e4\u00e4 ihon kimmoisuutta ja kiinteytt\u00e4.","robots":{"index":"index","follow":"follow","max-snippet":"max-snippet:-1","max-image-preview":"max-image-preview:large","max-video-preview":"max-video-preview:-1"},"canonical":"https:\/\/idakorea.ee\/fi\/product\/medipeel-peptide-tox-bor-toner-180ml\/","og_locale":"fi_FI","og_type":"article","og_title":"MediPeel Peptide-Tox Bor Toner, 180ml - IDA.KOREA","og_description":"Toner\u00a0peptiidikompleksiga niisutab ja toidab intensiivselt, aitab k\u00f5rvaldada kuivust, silub kortse ning suurendab naha elastsust ja pinguldatust.","og_url":"https:\/\/idakorea.ee\/fi\/product\/medipeel-peptide-tox-bor-toner-180ml\/","og_site_name":"IDA.KOREA","article_modified_time":"2026-04-14T11:54:25+00:00","og_image":[{"width":801,"height":942,"url":"https:\/\/idakorea.ee\/wp-content\/uploads\/2025\/12\/medipeel-peptide-toner-idakorea.png","type":"image\/png"}],"twitter_card":"summary_large_image","twitter_misc":{"Arvioitu lukuaika":"2 minuuttia"},"schema":{"@context":"https:\/\/schema.org","@graph":[{"@type":"WebPage","@id":"https:\/\/idakorea.ee\/product\/medipeel-peptide-tox-bor-toner-180ml\/","url":"https:\/\/idakorea.ee\/product\/medipeel-peptide-tox-bor-toner-180ml\/","name":"MediPeel Peptide-Tox Boron -kasvovesi, 180ml - IDA.KOREA","isPartOf":{"@id":"https:\/\/idakorea.ee\/#website"},"primaryImageOfPage":{"@id":"https:\/\/idakorea.ee\/product\/medipeel-peptide-tox-bor-toner-180ml\/#primaryimage"},"image":{"@id":"https:\/\/idakorea.ee\/product\/medipeel-peptide-tox-bor-toner-180ml\/#primaryimage"},"thumbnailUrl":"https:\/\/idakorea.ee\/wp-content\/uploads\/2025\/12\/medipeel-peptide-toner-idakorea.png","datePublished":"2025-12-29T08:34:44+00:00","dateModified":"2026-04-14T11:54:25+00:00","description":"Peptidikompleksia sis\u00e4lt\u00e4v\u00e4 kasvovesi kosteuttaa ja ravitsee tehokkaasti, auttaa poistamaan kuivuutta, silottamaan ryppyj\u00e4 ja lis\u00e4\u00e4 ihon kimmoisuutta ja kiinteytt\u00e4.","breadcrumb":{"@id":"https:\/\/idakorea.ee\/product\/medipeel-peptide-tox-bor-toner-180ml\/#breadcrumb"},"inLanguage":"fi","potentialAction":[{"@type":"ReadAction","target":["https:\/\/idakorea.ee\/product\/medipeel-peptide-tox-bor-toner-180ml\/"]}]},{"@type":"ImageObject","inLanguage":"fi","@id":"https:\/\/idakorea.ee\/product\/medipeel-peptide-tox-bor-toner-180ml\/#primaryimage","url":"https:\/\/idakorea.ee\/wp-content\/uploads\/2025\/12\/medipeel-peptide-toner-idakorea.png","contentUrl":"https:\/\/idakorea.ee\/wp-content\/uploads\/2025\/12\/medipeel-peptide-toner-idakorea.png","width":801,"height":942},{"@type":"BreadcrumbList","@id":"https:\/\/idakorea.ee\/product\/medipeel-peptide-tox-bor-toner-180ml\/#breadcrumb","itemListElement":[{"@type":"ListItem","position":1,"name":"\u0413\u043b\u0430\u0432\u043d\u0430\u044f \u0441\u0442\u0440\u0430\u043d\u0438\u0446\u0430","item":"https:\/\/idakorea.ee\/"},{"@type":"ListItem","position":2,"name":"Shop","item":"https:\/\/idakorea.ee\/shop-2\/"},{"@type":"ListItem","position":3,"name":"Lifting toner MediPeel Peptide-Tox Bor Toner, 180ml"}]},{"@type":"WebSite","@id":"https:\/\/idakorea.ee\/#website","url":"https:\/\/idakorea.ee\/","name":"IDA.KOREA","description":"Korean kosmetiikan verkkokauppa","publisher":{"@id":"https:\/\/idakorea.ee\/#organization"},"alternateName":"Beauty Shop","potentialAction":[{"@type":"SearchAction","target":{"@type":"EntryPoint","urlTemplate":"https:\/\/idakorea.ee\/?s={search_term_string}"},"query-input":{"@type":"PropertyValueSpecification","valueRequired":true,"valueName":"search_term_string"}}],"inLanguage":"fi"},{"@type":"Organization","@id":"https:\/\/idakorea.ee\/#organization","name":"IDA.KOREA","url":"https:\/\/idakorea.ee\/","logo":{"@type":"ImageObject","inLanguage":"fi","@id":"https:\/\/idakorea.ee\/#\/schema\/logo\/image\/","url":"https:\/\/idakorea.ee\/wp-content\/uploads\/2024\/05\/cropped-korea3.png","contentUrl":"https:\/\/idakorea.ee\/wp-content\/uploads\/2024\/05\/cropped-korea3.png","width":688,"height":126,"caption":"IDA.KOREA"},"image":{"@id":"https:\/\/idakorea.ee\/#\/schema\/logo\/image\/"},"sameAs":["https:\/\/www.instagram.com\/ida.korea\/"]}]}},"jetpack_sharing_enabled":true,"brands":[{"id":107,"name":"MEDIPEEL+","slug":"medipeel"}],"_links":{"self":[{"href":"https:\/\/idakorea.ee\/fi\/wp-json\/wp\/v2\/product\/16957","targetHints":{"allow":["GET"]}}],"collection":[{"href":"https:\/\/idakorea.ee\/fi\/wp-json\/wp\/v2\/product"}],"about":[{"href":"https:\/\/idakorea.ee\/fi\/wp-json\/wp\/v2\/types\/product"}],"replies":[{"embeddable":true,"href":"https:\/\/idakorea.ee\/fi\/wp-json\/wp\/v2\/comments?post=16957"}],"version-history":[{"count":2,"href":"https:\/\/idakorea.ee\/fi\/wp-json\/wp\/v2\/product\/16957\/revisions"}],"predecessor-version":[{"id":18304,"href":"https:\/\/idakorea.ee\/fi\/wp-json\/wp\/v2\/product\/16957\/revisions\/18304"}],"wp:featuredmedia":[{"embeddable":true,"href":"https:\/\/idakorea.ee\/fi\/wp-json\/wp\/v2\/media\/16958"}],"wp:attachment":[{"href":"https:\/\/idakorea.ee\/fi\/wp-json\/wp\/v2\/media?parent=16957"}],"wp:term":[{"taxonomy":"pwb-brand","embeddable":true,"href":"https:\/\/idakorea.ee\/fi\/wp-json\/wp\/v2\/pwb-brand?post=16957"},{"taxonomy":"product_brand","embeddable":true,"href":"https:\/\/idakorea.ee\/fi\/wp-json\/wp\/v2\/product_brand?post=16957"},{"taxonomy":"product_cat","embeddable":true,"href":"https:\/\/idakorea.ee\/fi\/wp-json\/wp\/v2\/product_cat?post=16957"},{"taxonomy":"product_tag","embeddable":true,"href":"https:\/\/idakorea.ee\/fi\/wp-json\/wp\/v2\/product_tag?post=16957"}],"curies":[{"name":"wp","href":"https:\/\/api.w.org\/{rel}","templated":true}]}}