{"id":16963,"date":"2025-12-29T11:34:00","date_gmt":"2025-12-29T09:34:00","guid":{"rendered":"https:\/\/idakorea.ee\/?post_type=product&#038;p=16963"},"modified":"2026-03-14T07:59:52","modified_gmt":"2026-03-14T05:59:52","slug":"centellian24-madeca-cream-time-reverse-season-7-50ml","status":"publish","type":"product","link":"https:\/\/idakorea.ee\/fi\/product\/centellian24-madeca-cream-time-reverse-season-7-50ml\/","title":{"rendered":"Vahvistava voide Centellian24 Madeca Cream Time Reverse Season 7, 50ml"},"content":{"rendered":"<p data-start=\"67\" data-end=\"335\"><strong data-start=\"67\" data-end=\"118\">Centellian24 Madeca Cream Time Reverse kausi 7<\/strong> on kiinteytt\u00e4v\u00e4 voide, joka sis\u00e4lt\u00e4\u00e4 centellaa ja aktivoi ihon omaa kollageeni- ja elastiinisynteesi\u00e4, lis\u00e4\u00e4 ihon kimmoisuutta ja kiinteytt\u00e4. Hidastaa ik\u00e4\u00e4ntymisprosesseja, palauttaa lipidisuojan ja rauhoittaa \u00e4rsytyst\u00e4.<\/p>\n<p data-start=\"337\" data-end=\"684\">Kerman t\u00e4rkein vaikuttava aine on <strong data-start=\"362\" data-end=\"414\">patentoitu ACTIVE-TECA\u2122-kompleksi (30 000 ppm)<\/strong>, joka perustuu Centella asiatica -kasvista (Ceramids), proteiineihin, peptideihin, aminohappoihin ja vitamiineihin. Se edist\u00e4\u00e4 solujen uusiutumista, vahvistaa ihon kiinteytt\u00e4 ja palauttaa epidermiksen eheyden. Se kiinteytt\u00e4\u00e4 ihoa ja silottaa ryppyj\u00e4 ja juonteita.<\/p>\n<p data-start=\"686\" data-end=\"725\"><strong data-start=\"686\" data-end=\"723\">Muita aktiivisia ainesosia:<\/strong><\/p>\n<ul data-start=\"726\" data-end=\"1837\">\n<li data-start=\"726\" data-end=\"1012\">\n<p data-start=\"728\" data-end=\"1012\"><strong data-start=\"728\" data-end=\"736\">PDRN<\/strong> \u2013 pienimolekyylipainoisia polynukleotideja, joilla on korkea imeytymiskyky. K\u00e4ynnist\u00e4v\u00e4t epidermiksen uudistumisprosesseja ja uusien kollageeni- ja elastiinikuitujen synteesi\u00e4, auttaen palauttamaan ennenaikaisen ik\u00e4\u00e4ntymisen, liiallisen UV-s\u00e4teilyn ja ymp\u00e4rist\u00f6vaikutusten vaurioittamaa ihoa.<\/p>\n<\/li>\n<li data-start=\"1013\" data-end=\"1220\">\n<p data-start=\"1015\" data-end=\"1220\"><strong data-start=\"1015\" data-end=\"1026\">Aquaxyl<\/strong> \u2013 patentoitu glukoosin ja ksylitolin kosteuttava kompleksi. Kosteuttaa ja palauttaa ihoa, ehk\u00e4isee transdermaalista veden menetyst\u00e4, lievitt\u00e4\u00e4 kuivumista ja hilseily\u00e4, pehment\u00e4\u00e4 ja silottaa ihoa.<\/p>\n<\/li>\n<li data-start=\"1221\" data-end=\"1405\">\n<p data-start=\"1223\" data-end=\"1405\"><strong data-start=\"1223\" data-end=\"1234\">Ektoiin<\/strong> \u2013 orgaaninen aminohappo, joka suojaa ihoa ulkoisilta ymp\u00e4rist\u00f6tekij\u00f6ilt\u00e4 ja UV-s\u00e4teilylt\u00e4. Sill\u00e4 on tulehdusta est\u00e4vi\u00e4 vaikutuksia, se rauhoittaa ja pehment\u00e4\u00e4 ihoa sek\u00e4 v\u00e4hent\u00e4\u00e4 punoitusta.<\/p>\n<\/li>\n<li data-start=\"1406\" data-end=\"1662\">\n<p data-start=\"1408\" data-end=\"1662\"><strong data-start=\"1408\" data-end=\"1450\">Sopholiance (Candida bombicola -entsyymi)<\/strong> \u2013 antibakteerinen ainesosa, joka est\u00e4\u00e4 aknea aiheuttavien bakteerien kasvua. Auttaa v\u00e4hent\u00e4m\u00e4\u00e4n talin erityst\u00e4 ja papuleja ja m\u00e4rk\u00e4rakkuloita, lievitt\u00e4\u00e4 \u00e4rsytyst\u00e4 eik\u00e4 vahingoita ihon luonnollista mikrobistoa.<\/p>\n<\/li>\n<li data-start=\"1663\" data-end=\"1837\">\n<p data-start=\"1665\" data-end=\"1837\"><strong data-start=\"1665\" data-end=\"1690\">Retinoli (A-vitamiini)<\/strong> \u2013 stimuloi solujen jakautumista ja ihon uusiutumista, silottaa ihoa, parantaa sen rakennetta, vaalentaa pigmenttimuutoksia ja normalisoi liiallista rasvaisuutta.<\/p>\n<\/li>\n<\/ul>\n<p data-start=\"1839\" data-end=\"1869\">Sopii kaikille ihotyypeille.<\/p>\n<p data-start=\"1871\" data-end=\"1950\"><strong data-start=\"1871\" data-end=\"1886\">K\u00e4ytt\u00f6:<\/strong> Levit\u00e4 tarvittava m\u00e4\u00e4r\u00e4 voidetta kasvoillesi ihonhoitorutiinisi viimeisen\u00e4 vaiheena.<\/p>","protected":false},"excerpt":{"rendered":"<p>Centellian24 Madeca Cream Time Reverse Season 7 on centellapohjainen kiinteytt\u00e4v\u00e4 voide, joka aktivoi ihon omaa kollageeni- ja elastiinisynteesi\u00e4, lis\u00e4ten ihon kimmoisuutta ja kiinteytt\u00e4. Hidastaa ik\u00e4\u00e4ntymisprosesseja, palauttaa lipidisuojan ja rauhoittaa \u00e4rsytyst\u00e4. Voiteen t\u00e4rkein vaikuttava aine on patentoitu ACTIVE-TECA\u2122-kompleksi (30 000 ppm), joka perustuu aasialaisesta lumpeesta (Centella asiatica) saatuihin keramideihin, proteiineihin, peptideihin, aminohappoihin ja vitamiineihin. T\u00e4m\u00e4\u2026<\/p>","protected":false},"featured_media":16965,"comment_status":"open","ping_status":"closed","template":"","meta":{"_uf_show_specific_survey":0,"_uf_disable_surveys":false,"_bst_post_transparent":"default","_bst_post_title":"","_bst_post_layout":"default","_bst_post_sidebar_id":"","_bst_post_content_style":"default","_bst_post_vertical_padding":"default","_bst_post_feature":"","_bst_post_feature_position":"","_bst_post_header":false,"_bst_post_footer":false},"pwb-brand":[1033],"product_brand":[],"product_cat":[92,96],"product_tag":[546,1037,568,1044],"class_list":{"0":"post-16963","1":"product","2":"type-product","3":"status-publish","4":"has-post-thumbnail","6":"pwb-brand-centellian24","7":"product_cat-nagu","8":"product_cat-naokreemid","9":"product_tag-centella","10":"product_tag-derma","11":"product_tag-korea","12":"product_tag-madeca","14":"first","15":"outofstock","16":"sale","17":"shipping-taxable","18":"purchasable","19":"product-type-simple","20":"entry","21":"content-bg","22":"loop-entry"},"supplier_id":null,"supplier_sku":"","barcode":null,"atum_controlled":true,"out_stock_date":"2026-03-14 07:59:52","out_stock_threshold":null,"inheritable":false,"inbound_stock":0,"stock_on_hold":0,"sold_today":0,"sales_last_days":0,"out_stock_days":30,"lost_sales":85,"has_location":false,"update_date":"2026-04-14T00:05:08","atum_locations":[],"atum_stock_status":"outofstock","restock_status":false,"low_stock_amount":"","sales_update_date":"2026-04-14T00:05:08","calc_backorders":null,"yoast_head":"<!-- This site is optimized with the Yoast SEO plugin v27.2 - https:\/\/yoast.com\/product\/yoast-seo-wordpress\/ -->\n<title>Centellian24 Madeca Cream Time Reverse Season 7, 50ml - IDA.KOREA<\/title>\n<meta name=\"description\" content=\"Kreem, mis aktiveerib naha enda kollageeni- ja elastiinikiudude s\u00fcnteesi, suurendades naha elastsust ja pinguldatust. Aeglustab vananemisprotsesse.\" \/>\n<meta name=\"robots\" content=\"index, follow, max-snippet:-1, max-image-preview:large, max-video-preview:-1\" \/>\n<link rel=\"canonical\" href=\"https:\/\/idakorea.ee\/fi\/product\/centellian24-madeca-cream-time-reverse-season-7-50ml\/\" \/>\n<meta property=\"og:locale\" content=\"fi_FI\" \/>\n<meta property=\"og:type\" content=\"article\" \/>\n<meta property=\"og:title\" content=\"Centellian24 Madeca Cream Time Reverse Season 7, 50ml - IDA.KOREA\" \/>\n<meta property=\"og:description\" content=\"Kreem, mis aktiveerib naha enda kollageeni- ja elastiinikiudude s\u00fcnteesi, suurendades naha elastsust ja pinguldatust. Aeglustab vananemisprotsesse.\" \/>\n<meta property=\"og:url\" content=\"https:\/\/idakorea.ee\/fi\/product\/centellian24-madeca-cream-time-reverse-season-7-50ml\/\" \/>\n<meta property=\"og:site_name\" content=\"IDA.KOREA\" \/>\n<meta property=\"article:modified_time\" content=\"2026-03-14T05:59:52+00:00\" \/>\n<meta property=\"og:image\" content=\"https:\/\/idakorea.ee\/wp-content\/uploads\/2025\/12\/Centellian24-Madeca-Cream-Time-Reverse-idakorea.jpg\" \/>\n\t<meta property=\"og:image:width\" content=\"1000\" \/>\n\t<meta property=\"og:image:height\" content=\"1000\" \/>\n\t<meta property=\"og:image:type\" content=\"image\/jpeg\" \/>\n<meta name=\"twitter:card\" content=\"summary_large_image\" \/>\n<meta name=\"twitter:label1\" content=\"Arvioitu lukuaika\" \/>\n\t<meta name=\"twitter:data1\" content=\"2 minuuttia\" \/>\n<script type=\"application\/ld+json\" class=\"yoast-schema-graph\">{\"@context\":\"https:\/\/schema.org\",\"@graph\":[{\"@type\":\"WebPage\",\"@id\":\"https:\/\/idakorea.ee\/product\/centellian24-madeca-cream-time-reverse-season-7-50ml\/\",\"url\":\"https:\/\/idakorea.ee\/product\/centellian24-madeca-cream-time-reverse-season-7-50ml\/\",\"name\":\"Centellian24 Madeca Cream Time Reverse Season 7, 50ml - IDA.KOREA\",\"isPartOf\":{\"@id\":\"https:\/\/idakorea.ee\/#website\"},\"primaryImageOfPage\":{\"@id\":\"https:\/\/idakorea.ee\/product\/centellian24-madeca-cream-time-reverse-season-7-50ml\/#primaryimage\"},\"image\":{\"@id\":\"https:\/\/idakorea.ee\/product\/centellian24-madeca-cream-time-reverse-season-7-50ml\/#primaryimage\"},\"thumbnailUrl\":\"https:\/\/idakorea.ee\/wp-content\/uploads\/2025\/12\/Centellian24-Madeca-Cream-Time-Reverse-idakorea.jpg\",\"datePublished\":\"2025-12-29T09:34:00+00:00\",\"dateModified\":\"2026-03-14T05:59:52+00:00\",\"description\":\"Kreem, mis aktiveerib naha enda kollageeni- ja elastiinikiudude s\u00fcnteesi, suurendades naha elastsust ja pinguldatust. Aeglustab vananemisprotsesse.\",\"breadcrumb\":{\"@id\":\"https:\/\/idakorea.ee\/product\/centellian24-madeca-cream-time-reverse-season-7-50ml\/#breadcrumb\"},\"inLanguage\":\"fi\",\"potentialAction\":[{\"@type\":\"ReadAction\",\"target\":[\"https:\/\/idakorea.ee\/product\/centellian24-madeca-cream-time-reverse-season-7-50ml\/\"]}]},{\"@type\":\"ImageObject\",\"inLanguage\":\"fi\",\"@id\":\"https:\/\/idakorea.ee\/product\/centellian24-madeca-cream-time-reverse-season-7-50ml\/#primaryimage\",\"url\":\"https:\/\/idakorea.ee\/wp-content\/uploads\/2025\/12\/Centellian24-Madeca-Cream-Time-Reverse-idakorea.jpg\",\"contentUrl\":\"https:\/\/idakorea.ee\/wp-content\/uploads\/2025\/12\/Centellian24-Madeca-Cream-Time-Reverse-idakorea.jpg\",\"width\":1000,\"height\":1000},{\"@type\":\"BreadcrumbList\",\"@id\":\"https:\/\/idakorea.ee\/product\/centellian24-madeca-cream-time-reverse-season-7-50ml\/#breadcrumb\",\"itemListElement\":[{\"@type\":\"ListItem\",\"position\":1,\"name\":\"\u0413\u043b\u0430\u0432\u043d\u0430\u044f \u0441\u0442\u0440\u0430\u043d\u0438\u0446\u0430\",\"item\":\"https:\/\/idakorea.ee\/\"},{\"@type\":\"ListItem\",\"position\":2,\"name\":\"Shop\",\"item\":\"https:\/\/idakorea.ee\/shop-2\/\"},{\"@type\":\"ListItem\",\"position\":3,\"name\":\"Tugevdav kreem Centellian24 Madeca Cream Time Reverse Season 7, 50ml\"}]},{\"@type\":\"WebSite\",\"@id\":\"https:\/\/idakorea.ee\/#website\",\"url\":\"https:\/\/idakorea.ee\/\",\"name\":\"IDA.KOREA\",\"description\":\"Korea kosmeetika e-pood\",\"publisher\":{\"@id\":\"https:\/\/idakorea.ee\/#organization\"},\"alternateName\":\"Beauty Shop\",\"potentialAction\":[{\"@type\":\"SearchAction\",\"target\":{\"@type\":\"EntryPoint\",\"urlTemplate\":\"https:\/\/idakorea.ee\/?s={search_term_string}\"},\"query-input\":{\"@type\":\"PropertyValueSpecification\",\"valueRequired\":true,\"valueName\":\"search_term_string\"}}],\"inLanguage\":\"fi\"},{\"@type\":\"Organization\",\"@id\":\"https:\/\/idakorea.ee\/#organization\",\"name\":\"IDA.KOREA\",\"url\":\"https:\/\/idakorea.ee\/\",\"logo\":{\"@type\":\"ImageObject\",\"inLanguage\":\"fi\",\"@id\":\"https:\/\/idakorea.ee\/#\/schema\/logo\/image\/\",\"url\":\"https:\/\/idakorea.ee\/wp-content\/uploads\/2024\/05\/cropped-korea3.png\",\"contentUrl\":\"https:\/\/idakorea.ee\/wp-content\/uploads\/2024\/05\/cropped-korea3.png\",\"width\":688,\"height\":126,\"caption\":\"IDA.KOREA\"},\"image\":{\"@id\":\"https:\/\/idakorea.ee\/#\/schema\/logo\/image\/\"},\"sameAs\":[\"https:\/\/www.instagram.com\/ida.korea\/\"]}]}<\/script>\n<!-- \/ Yoast SEO plugin. -->","yoast_head_json":{"title":"Centellian24 Madeca Cream Time Reverse Season 7, 50ml - IDA.KOREA","description":"Voide, joka aktivoi ihon omaa kollageeni- ja elastiinisynteesi\u00e4, lis\u00e4\u00e4 ihon kimmoisuutta ja kiinteytt\u00e4. Hidastaa ik\u00e4\u00e4ntymisprosessia.","robots":{"index":"index","follow":"follow","max-snippet":"max-snippet:-1","max-image-preview":"max-image-preview:large","max-video-preview":"max-video-preview:-1"},"canonical":"https:\/\/idakorea.ee\/fi\/product\/centellian24-madeca-cream-time-reverse-season-7-50ml\/","og_locale":"fi_FI","og_type":"article","og_title":"Centellian24 Madeca Cream Time Reverse Season 7, 50ml - IDA.KOREA","og_description":"Kreem, mis aktiveerib naha enda kollageeni- ja elastiinikiudude s\u00fcnteesi, suurendades naha elastsust ja pinguldatust. Aeglustab vananemisprotsesse.","og_url":"https:\/\/idakorea.ee\/fi\/product\/centellian24-madeca-cream-time-reverse-season-7-50ml\/","og_site_name":"IDA.KOREA","article_modified_time":"2026-03-14T05:59:52+00:00","og_image":[{"width":1000,"height":1000,"url":"https:\/\/idakorea.ee\/wp-content\/uploads\/2025\/12\/Centellian24-Madeca-Cream-Time-Reverse-idakorea.jpg","type":"image\/jpeg"}],"twitter_card":"summary_large_image","twitter_misc":{"Arvioitu lukuaika":"2 minuuttia"},"schema":{"@context":"https:\/\/schema.org","@graph":[{"@type":"WebPage","@id":"https:\/\/idakorea.ee\/product\/centellian24-madeca-cream-time-reverse-season-7-50ml\/","url":"https:\/\/idakorea.ee\/product\/centellian24-madeca-cream-time-reverse-season-7-50ml\/","name":"Centellian24 Madeca Cream Time Reverse Season 7, 50ml - IDA.KOREA","isPartOf":{"@id":"https:\/\/idakorea.ee\/#website"},"primaryImageOfPage":{"@id":"https:\/\/idakorea.ee\/product\/centellian24-madeca-cream-time-reverse-season-7-50ml\/#primaryimage"},"image":{"@id":"https:\/\/idakorea.ee\/product\/centellian24-madeca-cream-time-reverse-season-7-50ml\/#primaryimage"},"thumbnailUrl":"https:\/\/idakorea.ee\/wp-content\/uploads\/2025\/12\/Centellian24-Madeca-Cream-Time-Reverse-idakorea.jpg","datePublished":"2025-12-29T09:34:00+00:00","dateModified":"2026-03-14T05:59:52+00:00","description":"Voide, joka aktivoi ihon omaa kollageeni- ja elastiinisynteesi\u00e4, lis\u00e4\u00e4 ihon kimmoisuutta ja kiinteytt\u00e4. Hidastaa ik\u00e4\u00e4ntymisprosessia.","breadcrumb":{"@id":"https:\/\/idakorea.ee\/product\/centellian24-madeca-cream-time-reverse-season-7-50ml\/#breadcrumb"},"inLanguage":"fi","potentialAction":[{"@type":"ReadAction","target":["https:\/\/idakorea.ee\/product\/centellian24-madeca-cream-time-reverse-season-7-50ml\/"]}]},{"@type":"ImageObject","inLanguage":"fi","@id":"https:\/\/idakorea.ee\/product\/centellian24-madeca-cream-time-reverse-season-7-50ml\/#primaryimage","url":"https:\/\/idakorea.ee\/wp-content\/uploads\/2025\/12\/Centellian24-Madeca-Cream-Time-Reverse-idakorea.jpg","contentUrl":"https:\/\/idakorea.ee\/wp-content\/uploads\/2025\/12\/Centellian24-Madeca-Cream-Time-Reverse-idakorea.jpg","width":1000,"height":1000},{"@type":"BreadcrumbList","@id":"https:\/\/idakorea.ee\/product\/centellian24-madeca-cream-time-reverse-season-7-50ml\/#breadcrumb","itemListElement":[{"@type":"ListItem","position":1,"name":"\u0413\u043b\u0430\u0432\u043d\u0430\u044f \u0441\u0442\u0440\u0430\u043d\u0438\u0446\u0430","item":"https:\/\/idakorea.ee\/"},{"@type":"ListItem","position":2,"name":"Shop","item":"https:\/\/idakorea.ee\/shop-2\/"},{"@type":"ListItem","position":3,"name":"Tugevdav kreem Centellian24 Madeca Cream Time Reverse Season 7, 50ml"}]},{"@type":"WebSite","@id":"https:\/\/idakorea.ee\/#website","url":"https:\/\/idakorea.ee\/","name":"IDA.KOREA","description":"Korean kosmetiikan verkkokauppa","publisher":{"@id":"https:\/\/idakorea.ee\/#organization"},"alternateName":"Beauty Shop","potentialAction":[{"@type":"SearchAction","target":{"@type":"EntryPoint","urlTemplate":"https:\/\/idakorea.ee\/?s={search_term_string}"},"query-input":{"@type":"PropertyValueSpecification","valueRequired":true,"valueName":"search_term_string"}}],"inLanguage":"fi"},{"@type":"Organization","@id":"https:\/\/idakorea.ee\/#organization","name":"IDA.KOREA","url":"https:\/\/idakorea.ee\/","logo":{"@type":"ImageObject","inLanguage":"fi","@id":"https:\/\/idakorea.ee\/#\/schema\/logo\/image\/","url":"https:\/\/idakorea.ee\/wp-content\/uploads\/2024\/05\/cropped-korea3.png","contentUrl":"https:\/\/idakorea.ee\/wp-content\/uploads\/2024\/05\/cropped-korea3.png","width":688,"height":126,"caption":"IDA.KOREA"},"image":{"@id":"https:\/\/idakorea.ee\/#\/schema\/logo\/image\/"},"sameAs":["https:\/\/www.instagram.com\/ida.korea\/"]}]}},"jetpack_sharing_enabled":true,"brands":[{"id":1033,"name":"CENTELLIAN24","slug":"centellian24"}],"_links":{"self":[{"href":"https:\/\/idakorea.ee\/fi\/wp-json\/wp\/v2\/product\/16963","targetHints":{"allow":["GET"]}}],"collection":[{"href":"https:\/\/idakorea.ee\/fi\/wp-json\/wp\/v2\/product"}],"about":[{"href":"https:\/\/idakorea.ee\/fi\/wp-json\/wp\/v2\/types\/product"}],"replies":[{"embeddable":true,"href":"https:\/\/idakorea.ee\/fi\/wp-json\/wp\/v2\/comments?post=16963"}],"version-history":[{"count":1,"href":"https:\/\/idakorea.ee\/fi\/wp-json\/wp\/v2\/product\/16963\/revisions"}],"predecessor-version":[{"id":16966,"href":"https:\/\/idakorea.ee\/fi\/wp-json\/wp\/v2\/product\/16963\/revisions\/16966"}],"wp:featuredmedia":[{"embeddable":true,"href":"https:\/\/idakorea.ee\/fi\/wp-json\/wp\/v2\/media\/16965"}],"wp:attachment":[{"href":"https:\/\/idakorea.ee\/fi\/wp-json\/wp\/v2\/media?parent=16963"}],"wp:term":[{"taxonomy":"pwb-brand","embeddable":true,"href":"https:\/\/idakorea.ee\/fi\/wp-json\/wp\/v2\/pwb-brand?post=16963"},{"taxonomy":"product_brand","embeddable":true,"href":"https:\/\/idakorea.ee\/fi\/wp-json\/wp\/v2\/product_brand?post=16963"},{"taxonomy":"product_cat","embeddable":true,"href":"https:\/\/idakorea.ee\/fi\/wp-json\/wp\/v2\/product_cat?post=16963"},{"taxonomy":"product_tag","embeddable":true,"href":"https:\/\/idakorea.ee\/fi\/wp-json\/wp\/v2\/product_tag?post=16963"}],"curies":[{"name":"wp","href":"https:\/\/api.w.org\/{rel}","templated":true}]}}