{"id":17009,"date":"2026-01-02T11:47:30","date_gmt":"2026-01-02T09:47:30","guid":{"rendered":"https:\/\/idakorea.ee\/?post_type=product&#038;p=17009"},"modified":"2026-02-19T01:01:50","modified_gmt":"2026-02-18T23:01:50","slug":"beauty-of-joseon-revive-under-eye-patch-ginseng-retinal-60tk","status":"publish","type":"product","link":"https:\/\/idakorea.ee\/fi\/product\/beauty-of-joseon-revive-under-eye-patch-ginseng-retinal-60tk\/","title":{"rendered":"Beauty of Joseon Revive Under Eye Patch Ginseng + Retinal, 60 kpl"},"content":{"rendered":"<p data-start=\"71\" data-end=\"405\"><strong data-start=\"71\" data-end=\"132\">BEAUTY OF JOSEON Revive Under Eye Patch Ginseng + Retinal<\/strong> \u2013 hydrogeelim\u00e4iset silm\u00e4naamiot, jotka kiinteytt\u00e4v\u00e4t ja uudistavat herkk\u00e4\u00e4 silm\u00e4nymp\u00e4rysihoa. Laastarit sis\u00e4lt\u00e4v\u00e4t ginsengvett\u00e4 ja retinoli\u00f6ljy\u00e4. Ne kiinteytt\u00e4v\u00e4t n\u00e4kyv\u00e4sti, kirkastavat silm\u00e4nymp\u00e4rysihoa ja auttavat v\u00e4hent\u00e4m\u00e4\u00e4n juonteita, turvotusta ja tummia silm\u00e4nalusia.<\/p>\n<p data-start=\"407\" data-end=\"603\">N\u00e4m\u00e4 siivenmuotoiset hydrogeelilaastarit, joissa on ginsengvett\u00e4 ja retinal-uutetta, auttavat v\u00e4hent\u00e4m\u00e4\u00e4n ryppyj\u00e4, turvotusta ja tummia silm\u00e4nalusia. Ne kiinteytt\u00e4v\u00e4t, kohottavat ja kirkastavat herkk\u00e4\u00e4 silm\u00e4nymp\u00e4rysihoa.<\/p>\n<p data-start=\"605\" data-end=\"900\">Helmi\u00e4ishohtoinen hydrogeelikoostumus sis\u00e4lt\u00e4\u00e4 ravitsevaa ja kosteuttavaa voidetta, joka tarttuu ihoon tiukasti eik\u00e4 lipsu. K\u00e4yt\u00f6n aikana laastari ohenee v\u00e4hitellen aktiivisten ainesosien imeytyess\u00e4 ihoon. Kosteuttaa v\u00e4litt\u00f6m\u00e4sti ja j\u00e4tt\u00e4\u00e4 ihon raikkaaksi ja s\u00e4teilev\u00e4ksi ilman tahmeaa tunnetta.<\/p>\n<p data-start=\"902\" data-end=\"1153\"><strong data-start=\"902\" data-end=\"928\">Monitoiminen hoito<\/strong><br \/>\nParantaa ryppyj\u00e4, juonteita ja ihon sameutta vain kahdessa viikossa<br data-start=\"991\" data-end=\"994\" \/>Kosteuttaa syv\u00e4sti ja vahvistaa ihon kimmoisuutta<br data-start=\"1040\" data-end=\"1043\" \/>Rauhoittaa ja virkist\u00e4\u00e4 v\u00e4synytt\u00e4 ihoa<br data-start=\"1081\" data-end=\"1084\" \/>Sopii my\u00f6s naururuonteloiden, otsan ja kaulan alueen kiinteytt\u00e4miseen<\/p>\n<p data-start=\"1155\" data-end=\"1178\"><strong data-start=\"1155\" data-end=\"1178\">T\u00e4rkeimm\u00e4t vaikuttavat aineosat<\/strong><\/p>\n<ul>\n<li data-start=\"1180\" data-end=\"1298\"><strong data-start=\"1180\" data-end=\"1191\">Verkkokalvo<\/strong> \u2013 stimuloi kollageenin tuotantoa ja parantaa ihon kimmoisuutta, mik\u00e4 auttaa v\u00e4hent\u00e4m\u00e4\u00e4n hienoja juonteita ja ryppyj\u00e4.<\/li>\n<li data-start=\"1300\" data-end=\"1402\"><strong data-start=\"1300\" data-end=\"1328\">Panax-ginsengjuurivesi<\/strong> \u2013 ravitsee ja kosteuttaa ihoa syv\u00e4lt\u00e4 ja tarjoaa antioksidanttisuojan.<\/li>\n<li data-start=\"1404\" data-end=\"1524\"><strong data-start=\"1404\" data-end=\"1439\">Kollageeni + peptidikompleksi<\/strong> \u2013 vahvistaa ihon kosteussuojaa ja tekee ihosta kiinte\u00e4mm\u00e4n ja sile\u00e4mm\u00e4n.<\/li>\n<li data-start=\"1526\" data-end=\"1656\"><strong data-start=\"1526\" data-end=\"1551\">Bakuchioli + adenosiini<\/strong> \u2013 parantaa ihon rakennetta, kirkastaa ihon s\u00e4vy\u00e4 ja auttaa v\u00e4hent\u00e4m\u00e4\u00e4n n\u00e4kyvi\u00e4 ik\u00e4\u00e4ntymisen merkkej\u00e4.<\/li>\n<\/ul>\n<p data-start=\"1658\" data-end=\"1857\"><strong data-start=\"1658\" data-end=\"1672\">K\u00e4ytt\u00f6<\/strong><br data-start=\"1672\" data-end=\"1675\" \/>Aseta silm\u00e4laput puhtaalle silm\u00e4nymp\u00e4rysiholle. Anna vaikuttaa 10\u201315 minuuttia. Poista laastarit ja taputtele j\u00e4ljelle j\u00e4\u00e4nyt seerumi hell\u00e4varaisesti ihoon. Levit\u00e4 tarvittaessa silm\u00e4nymp\u00e4rysvoidetta.<\/p>","protected":false},"excerpt":{"rendered":"<p>BEAUTY OF JOSEON Revive Under Eye Patch Ginseng + Retinal \u2013 hydrogeelim\u00e4iset silm\u00e4naamiot, jotka kiinteytt\u00e4v\u00e4t ja uudistavat herkk\u00e4\u00e4 silm\u00e4nymp\u00e4rysihoa. Laastarit sis\u00e4lt\u00e4v\u00e4t ginsengvett\u00e4 ja retinalia. Ne kiinteytt\u00e4v\u00e4t n\u00e4kyv\u00e4sti, kirkastavat silm\u00e4nalusihoa ja auttavat v\u00e4hent\u00e4m\u00e4\u00e4n hienoja juonteita, turvotusta ja tummia silm\u00e4nalusia. N\u00e4m\u00e4 siipim\u00e4iset hydrogeelim\u00e4iset laastarit ginsengvedell\u00e4 ja retinalilla auttavat v\u00e4hent\u00e4m\u00e4\u00e4n ryppyj\u00e4, turvotusta ja tummia silm\u00e4nalusia. Ne kiinteytt\u00e4v\u00e4t,\u2026<\/p>","protected":false},"featured_media":17011,"comment_status":"open","ping_status":"closed","template":"","meta":{"_uf_show_specific_survey":0,"_uf_disable_surveys":false,"_bst_post_transparent":"default","_bst_post_title":"","_bst_post_layout":"default","_bst_post_sidebar_id":"","_bst_post_content_style":"default","_bst_post_vertical_padding":"default","_bst_post_feature":"","_bst_post_feature_position":"","_bst_post_header":false,"_bst_post_footer":false},"pwb-brand":[880],"product_brand":[],"product_cat":[92,99,385],"product_tag":[1032,568,1045,213],"class_list":{"0":"post-17009","1":"product","2":"type-product","3":"status-publish","4":"has-post-thumbnail","6":"pwb-brand-beauty-of-joseon","7":"product_cat-nagu","8":"product_cat-silmad-ja-huuled-2","9":"product_cat-silmapadjad","10":"product_tag-eye","11":"product_tag-korea","12":"product_tag-vollagen","13":"product_tag-retinol","15":"first","16":"instock","17":"sale","18":"shipping-taxable","19":"purchasable","20":"product-type-simple","21":"entry","22":"content-bg","23":"loop-entry"},"supplier_id":null,"supplier_sku":"","barcode":null,"atum_controlled":true,"out_stock_date":null,"out_stock_threshold":null,"inheritable":false,"inbound_stock":0,"stock_on_hold":0,"sold_today":0,"sales_last_days":0,"out_stock_days":0,"lost_sales":0,"has_location":false,"update_date":"2026-04-14T00:05:05","atum_locations":[],"atum_stock_status":"instock","restock_status":false,"low_stock_amount":"","sales_update_date":"2026-04-14T00:05:05","calc_backorders":null,"yoast_head":"<!-- This site is optimized with the Yoast SEO plugin v27.2 - https:\/\/yoast.com\/product\/yoast-seo-wordpress\/ -->\n<title>BEAUTY OF JOSEON Revive Under Eye Patch Ginseng + Retinal, 60tk - IDA.KOREA<\/title>\n<meta name=\"description\" content=\"Plaastrid sisaldavad \u017een\u0161ennivett ja retinali. Need pinguldavad n\u00e4htavalt, kirkastavad silmaalust nahka ning aitavad v\u00e4hendada peeneid jooni, turseid.\" \/>\n<meta name=\"robots\" content=\"index, follow, max-snippet:-1, max-image-preview:large, max-video-preview:-1\" \/>\n<link rel=\"canonical\" href=\"https:\/\/idakorea.ee\/fi\/product\/beauty-of-joseon-revive-under-eye-patch-ginseng-retinal-60tk\/\" \/>\n<meta property=\"og:locale\" content=\"fi_FI\" \/>\n<meta property=\"og:type\" content=\"article\" \/>\n<meta property=\"og:title\" content=\"BEAUTY OF JOSEON Revive Under Eye Patch Ginseng + Retinal, 60tk - IDA.KOREA\" \/>\n<meta property=\"og:description\" content=\"Plaastrid sisaldavad \u017een\u0161ennivett ja retinali. Need pinguldavad n\u00e4htavalt, kirkastavad silmaalust nahka ning aitavad v\u00e4hendada peeneid jooni, turseid.\" \/>\n<meta property=\"og:url\" content=\"https:\/\/idakorea.ee\/fi\/product\/beauty-of-joseon-revive-under-eye-patch-ginseng-retinal-60tk\/\" \/>\n<meta property=\"og:site_name\" content=\"IDA.KOREA\" \/>\n<meta property=\"article:modified_time\" content=\"2026-02-18T23:01:50+00:00\" \/>\n<meta property=\"og:image\" content=\"https:\/\/idakorea.ee\/wp-content\/uploads\/2026\/01\/BEAUTY-OF-JOSEON-Ginseng-Retinal-Revive-Under-Eye-Patch-idakorea.png\" \/>\n\t<meta property=\"og:image:width\" content=\"1500\" \/>\n\t<meta property=\"og:image:height\" content=\"1500\" \/>\n\t<meta property=\"og:image:type\" content=\"image\/png\" \/>\n<meta name=\"twitter:card\" content=\"summary_large_image\" \/>\n<meta name=\"twitter:label1\" content=\"Arvioitu lukuaika\" \/>\n\t<meta name=\"twitter:data1\" content=\"2 minuuttia\" \/>\n<script type=\"application\/ld+json\" class=\"yoast-schema-graph\">{\"@context\":\"https:\/\/schema.org\",\"@graph\":[{\"@type\":\"WebPage\",\"@id\":\"https:\/\/idakorea.ee\/product\/beauty-of-joseon-revive-under-eye-patch-ginseng-retinal-60tk\/\",\"url\":\"https:\/\/idakorea.ee\/product\/beauty-of-joseon-revive-under-eye-patch-ginseng-retinal-60tk\/\",\"name\":\"BEAUTY OF JOSEON Revive Under Eye Patch Ginseng + Retinal, 60tk - IDA.KOREA\",\"isPartOf\":{\"@id\":\"https:\/\/idakorea.ee\/#website\"},\"primaryImageOfPage\":{\"@id\":\"https:\/\/idakorea.ee\/product\/beauty-of-joseon-revive-under-eye-patch-ginseng-retinal-60tk\/#primaryimage\"},\"image\":{\"@id\":\"https:\/\/idakorea.ee\/product\/beauty-of-joseon-revive-under-eye-patch-ginseng-retinal-60tk\/#primaryimage\"},\"thumbnailUrl\":\"https:\/\/idakorea.ee\/wp-content\/uploads\/2026\/01\/BEAUTY-OF-JOSEON-Ginseng-Retinal-Revive-Under-Eye-Patch-idakorea.png\",\"datePublished\":\"2026-01-02T09:47:30+00:00\",\"dateModified\":\"2026-02-18T23:01:50+00:00\",\"description\":\"Plaastrid sisaldavad \u017een\u0161ennivett ja retinali. Need pinguldavad n\u00e4htavalt, kirkastavad silmaalust nahka ning aitavad v\u00e4hendada peeneid jooni, turseid.\",\"breadcrumb\":{\"@id\":\"https:\/\/idakorea.ee\/product\/beauty-of-joseon-revive-under-eye-patch-ginseng-retinal-60tk\/#breadcrumb\"},\"inLanguage\":\"fi\",\"potentialAction\":[{\"@type\":\"ReadAction\",\"target\":[\"https:\/\/idakorea.ee\/product\/beauty-of-joseon-revive-under-eye-patch-ginseng-retinal-60tk\/\"]}]},{\"@type\":\"ImageObject\",\"inLanguage\":\"fi\",\"@id\":\"https:\/\/idakorea.ee\/product\/beauty-of-joseon-revive-under-eye-patch-ginseng-retinal-60tk\/#primaryimage\",\"url\":\"https:\/\/idakorea.ee\/wp-content\/uploads\/2026\/01\/BEAUTY-OF-JOSEON-Ginseng-Retinal-Revive-Under-Eye-Patch-idakorea.png\",\"contentUrl\":\"https:\/\/idakorea.ee\/wp-content\/uploads\/2026\/01\/BEAUTY-OF-JOSEON-Ginseng-Retinal-Revive-Under-Eye-Patch-idakorea.png\",\"width\":1500,\"height\":1500},{\"@type\":\"BreadcrumbList\",\"@id\":\"https:\/\/idakorea.ee\/product\/beauty-of-joseon-revive-under-eye-patch-ginseng-retinal-60tk\/#breadcrumb\",\"itemListElement\":[{\"@type\":\"ListItem\",\"position\":1,\"name\":\"\u0413\u043b\u0430\u0432\u043d\u0430\u044f \u0441\u0442\u0440\u0430\u043d\u0438\u0446\u0430\",\"item\":\"https:\/\/idakorea.ee\/\"},{\"@type\":\"ListItem\",\"position\":2,\"name\":\"Shop\",\"item\":\"https:\/\/idakorea.ee\/shop-2\/\"},{\"@type\":\"ListItem\",\"position\":3,\"name\":\"H\u00fcdrogeelsed silmamaskid Beauty of Joseon Revive Under Eye Patch Ginseng + Retinal, 60tk\"}]},{\"@type\":\"WebSite\",\"@id\":\"https:\/\/idakorea.ee\/#website\",\"url\":\"https:\/\/idakorea.ee\/\",\"name\":\"IDA.KOREA\",\"description\":\"Korea kosmeetika e-pood\",\"publisher\":{\"@id\":\"https:\/\/idakorea.ee\/#organization\"},\"alternateName\":\"Beauty Shop\",\"potentialAction\":[{\"@type\":\"SearchAction\",\"target\":{\"@type\":\"EntryPoint\",\"urlTemplate\":\"https:\/\/idakorea.ee\/?s={search_term_string}\"},\"query-input\":{\"@type\":\"PropertyValueSpecification\",\"valueRequired\":true,\"valueName\":\"search_term_string\"}}],\"inLanguage\":\"fi\"},{\"@type\":\"Organization\",\"@id\":\"https:\/\/idakorea.ee\/#organization\",\"name\":\"IDA.KOREA\",\"url\":\"https:\/\/idakorea.ee\/\",\"logo\":{\"@type\":\"ImageObject\",\"inLanguage\":\"fi\",\"@id\":\"https:\/\/idakorea.ee\/#\/schema\/logo\/image\/\",\"url\":\"https:\/\/idakorea.ee\/wp-content\/uploads\/2024\/05\/cropped-korea3.png\",\"contentUrl\":\"https:\/\/idakorea.ee\/wp-content\/uploads\/2024\/05\/cropped-korea3.png\",\"width\":688,\"height\":126,\"caption\":\"IDA.KOREA\"},\"image\":{\"@id\":\"https:\/\/idakorea.ee\/#\/schema\/logo\/image\/\"},\"sameAs\":[\"https:\/\/www.instagram.com\/ida.korea\/\"]}]}<\/script>\n<!-- \/ Yoast SEO plugin. -->","yoast_head_json":{"title":"BEAUTY OF JOSEON Revive -silm\u00e4nymp\u00e4ryslaastarit ginsengill\u00e4 ja retinaalilla, 60 kpl - IDA.KOREA","description":"Laastarit sis\u00e4lt\u00e4v\u00e4t ginsengvett\u00e4 ja retinal-uutetta. Ne kiinteytt\u00e4v\u00e4t ja kirkastavat n\u00e4kyv\u00e4sti silm\u00e4nymp\u00e4rysihoa ja auttavat v\u00e4hent\u00e4m\u00e4\u00e4n juonteita ja turvotusta.","robots":{"index":"index","follow":"follow","max-snippet":"max-snippet:-1","max-image-preview":"max-image-preview:large","max-video-preview":"max-video-preview:-1"},"canonical":"https:\/\/idakorea.ee\/fi\/product\/beauty-of-joseon-revive-under-eye-patch-ginseng-retinal-60tk\/","og_locale":"fi_FI","og_type":"article","og_title":"BEAUTY OF JOSEON Revive Under Eye Patch Ginseng + Retinal, 60tk - IDA.KOREA","og_description":"Plaastrid sisaldavad \u017een\u0161ennivett ja retinali. Need pinguldavad n\u00e4htavalt, kirkastavad silmaalust nahka ning aitavad v\u00e4hendada peeneid jooni, turseid.","og_url":"https:\/\/idakorea.ee\/fi\/product\/beauty-of-joseon-revive-under-eye-patch-ginseng-retinal-60tk\/","og_site_name":"IDA.KOREA","article_modified_time":"2026-02-18T23:01:50+00:00","og_image":[{"width":1500,"height":1500,"url":"https:\/\/idakorea.ee\/wp-content\/uploads\/2026\/01\/BEAUTY-OF-JOSEON-Ginseng-Retinal-Revive-Under-Eye-Patch-idakorea.png","type":"image\/png"}],"twitter_card":"summary_large_image","twitter_misc":{"Arvioitu lukuaika":"2 minuuttia"},"schema":{"@context":"https:\/\/schema.org","@graph":[{"@type":"WebPage","@id":"https:\/\/idakorea.ee\/product\/beauty-of-joseon-revive-under-eye-patch-ginseng-retinal-60tk\/","url":"https:\/\/idakorea.ee\/product\/beauty-of-joseon-revive-under-eye-patch-ginseng-retinal-60tk\/","name":"BEAUTY OF JOSEON Revive -silm\u00e4nymp\u00e4ryslaastarit ginsengill\u00e4 ja retinaalilla, 60 kpl - IDA.KOREA","isPartOf":{"@id":"https:\/\/idakorea.ee\/#website"},"primaryImageOfPage":{"@id":"https:\/\/idakorea.ee\/product\/beauty-of-joseon-revive-under-eye-patch-ginseng-retinal-60tk\/#primaryimage"},"image":{"@id":"https:\/\/idakorea.ee\/product\/beauty-of-joseon-revive-under-eye-patch-ginseng-retinal-60tk\/#primaryimage"},"thumbnailUrl":"https:\/\/idakorea.ee\/wp-content\/uploads\/2026\/01\/BEAUTY-OF-JOSEON-Ginseng-Retinal-Revive-Under-Eye-Patch-idakorea.png","datePublished":"2026-01-02T09:47:30+00:00","dateModified":"2026-02-18T23:01:50+00:00","description":"Laastarit sis\u00e4lt\u00e4v\u00e4t ginsengvett\u00e4 ja retinal-uutetta. Ne kiinteytt\u00e4v\u00e4t ja kirkastavat n\u00e4kyv\u00e4sti silm\u00e4nymp\u00e4rysihoa ja auttavat v\u00e4hent\u00e4m\u00e4\u00e4n juonteita ja turvotusta.","breadcrumb":{"@id":"https:\/\/idakorea.ee\/product\/beauty-of-joseon-revive-under-eye-patch-ginseng-retinal-60tk\/#breadcrumb"},"inLanguage":"fi","potentialAction":[{"@type":"ReadAction","target":["https:\/\/idakorea.ee\/product\/beauty-of-joseon-revive-under-eye-patch-ginseng-retinal-60tk\/"]}]},{"@type":"ImageObject","inLanguage":"fi","@id":"https:\/\/idakorea.ee\/product\/beauty-of-joseon-revive-under-eye-patch-ginseng-retinal-60tk\/#primaryimage","url":"https:\/\/idakorea.ee\/wp-content\/uploads\/2026\/01\/BEAUTY-OF-JOSEON-Ginseng-Retinal-Revive-Under-Eye-Patch-idakorea.png","contentUrl":"https:\/\/idakorea.ee\/wp-content\/uploads\/2026\/01\/BEAUTY-OF-JOSEON-Ginseng-Retinal-Revive-Under-Eye-Patch-idakorea.png","width":1500,"height":1500},{"@type":"BreadcrumbList","@id":"https:\/\/idakorea.ee\/product\/beauty-of-joseon-revive-under-eye-patch-ginseng-retinal-60tk\/#breadcrumb","itemListElement":[{"@type":"ListItem","position":1,"name":"\u0413\u043b\u0430\u0432\u043d\u0430\u044f \u0441\u0442\u0440\u0430\u043d\u0438\u0446\u0430","item":"https:\/\/idakorea.ee\/"},{"@type":"ListItem","position":2,"name":"Shop","item":"https:\/\/idakorea.ee\/shop-2\/"},{"@type":"ListItem","position":3,"name":"H\u00fcdrogeelsed silmamaskid Beauty of Joseon Revive Under Eye Patch Ginseng + Retinal, 60tk"}]},{"@type":"WebSite","@id":"https:\/\/idakorea.ee\/#website","url":"https:\/\/idakorea.ee\/","name":"IDA.KOREA","description":"Korean kosmetiikan verkkokauppa","publisher":{"@id":"https:\/\/idakorea.ee\/#organization"},"alternateName":"Beauty Shop","potentialAction":[{"@type":"SearchAction","target":{"@type":"EntryPoint","urlTemplate":"https:\/\/idakorea.ee\/?s={search_term_string}"},"query-input":{"@type":"PropertyValueSpecification","valueRequired":true,"valueName":"search_term_string"}}],"inLanguage":"fi"},{"@type":"Organization","@id":"https:\/\/idakorea.ee\/#organization","name":"IDA.KOREA","url":"https:\/\/idakorea.ee\/","logo":{"@type":"ImageObject","inLanguage":"fi","@id":"https:\/\/idakorea.ee\/#\/schema\/logo\/image\/","url":"https:\/\/idakorea.ee\/wp-content\/uploads\/2024\/05\/cropped-korea3.png","contentUrl":"https:\/\/idakorea.ee\/wp-content\/uploads\/2024\/05\/cropped-korea3.png","width":688,"height":126,"caption":"IDA.KOREA"},"image":{"@id":"https:\/\/idakorea.ee\/#\/schema\/logo\/image\/"},"sameAs":["https:\/\/www.instagram.com\/ida.korea\/"]}]}},"jetpack_sharing_enabled":true,"brands":[{"id":880,"name":"JOSEONIN KAUNEUS","slug":"beauty-of-joseon"}],"_links":{"self":[{"href":"https:\/\/idakorea.ee\/fi\/wp-json\/wp\/v2\/product\/17009","targetHints":{"allow":["GET"]}}],"collection":[{"href":"https:\/\/idakorea.ee\/fi\/wp-json\/wp\/v2\/product"}],"about":[{"href":"https:\/\/idakorea.ee\/fi\/wp-json\/wp\/v2\/types\/product"}],"replies":[{"embeddable":true,"href":"https:\/\/idakorea.ee\/fi\/wp-json\/wp\/v2\/comments?post=17009"}],"version-history":[{"count":1,"href":"https:\/\/idakorea.ee\/fi\/wp-json\/wp\/v2\/product\/17009\/revisions"}],"predecessor-version":[{"id":17012,"href":"https:\/\/idakorea.ee\/fi\/wp-json\/wp\/v2\/product\/17009\/revisions\/17012"}],"wp:featuredmedia":[{"embeddable":true,"href":"https:\/\/idakorea.ee\/fi\/wp-json\/wp\/v2\/media\/17011"}],"wp:attachment":[{"href":"https:\/\/idakorea.ee\/fi\/wp-json\/wp\/v2\/media?parent=17009"}],"wp:term":[{"taxonomy":"pwb-brand","embeddable":true,"href":"https:\/\/idakorea.ee\/fi\/wp-json\/wp\/v2\/pwb-brand?post=17009"},{"taxonomy":"product_brand","embeddable":true,"href":"https:\/\/idakorea.ee\/fi\/wp-json\/wp\/v2\/product_brand?post=17009"},{"taxonomy":"product_cat","embeddable":true,"href":"https:\/\/idakorea.ee\/fi\/wp-json\/wp\/v2\/product_cat?post=17009"},{"taxonomy":"product_tag","embeddable":true,"href":"https:\/\/idakorea.ee\/fi\/wp-json\/wp\/v2\/product_tag?post=17009"}],"curies":[{"name":"wp","href":"https:\/\/api.w.org\/{rel}","templated":true}]}}