{"id":17014,"date":"2026-01-02T14:57:20","date_gmt":"2026-01-02T12:57:20","guid":{"rendered":"https:\/\/idakorea.ee\/?post_type=product&#038;p=17014"},"modified":"2026-04-11T16:15:27","modified_gmt":"2026-04-11T14:15:27","slug":"vt-cosmetics-cica-collagen-eye-cream-15ml","status":"publish","type":"product","link":"https:\/\/idakorea.ee\/fi\/product\/vt-cosmetics-cica-collagen-eye-cream-15ml\/","title":{"rendered":"Hierontavoide silm\u00e4nymp\u00e4rysiholle VT Cosmetics Cica Collagen Eye Cream, 15ml"},"content":{"rendered":"<p data-start=\"67\" data-end=\"425\"><strong data-start=\"67\" data-end=\"107\">VT Cosmetics Cica Collagen Eye Cream<\/strong> on kollageenihierontavoide silm\u00e4nymp\u00e4rysiholle, joka lis\u00e4\u00e4 ihon kimmoisuutta ja tiheytt\u00e4 sek\u00e4 silottaa ilmejuonteita ja -juonteita. Palauttaa hydrolipiditasapainon ja vahvistaa ihon suojamuuria, lievitt\u00e4\u00e4 kuivuutta ja hilseily\u00e4. Auttaa vaalentamaan tummia silm\u00e4nalusia ja hyperpigmentaatiota silm\u00e4nymp\u00e4rysiholla.<\/p>\n<p data-start=\"427\" data-end=\"856\">Tuote on varustettu metallisella applikaattorilla, joka v\u00e4r\u00e4htelee ihokosketuksessa ja edist\u00e4\u00e4 aktiivisten ainesosien parempaa imeytymist\u00e4. T\u00e4llainen hieronta stimuloi imunesteen kiertoa, v\u00e4hent\u00e4\u00e4 turvotusta, raikastaa ihoa ja antaa kasvoille lev\u00e4nneen ilmeen. Voiteen sis\u00e4lt\u00e4m\u00e4 kollageeni on pienimolekyylipainoista (300 Da) ja kapseloitu erityisiin vaaleanpunaisiin kapseleihin, jotka varmistavat sen nopean kulkeutumisen epidermiksen syvempiin kerroksiin.<\/p>\n<p data-start=\"858\" data-end=\"1106\">Sis\u00e4lt\u00e4\u00e4 patentoitua <strong data-start=\"881\" data-end=\"906\">Cicahyalon\u2122-kompleksi<\/strong>, joka perustuu vihre\u00e4\u00e4n propolikseen, hyaluronihappoon ja aasialaisiin vesinavan johdannaisiin. Yhdistelm\u00e4 kosteuttaa, sill\u00e4 on tulehdusta ehk\u00e4isevi\u00e4 ja rauhoittavia vaikutuksia, se v\u00e4hent\u00e4\u00e4 ryppyjen syvyytt\u00e4 ja kirkastaa ihoa hell\u00e4varaisesti.<\/p>\n<p data-start=\"1108\" data-end=\"1132\"><strong data-start=\"1108\" data-end=\"1132\">T\u00e4rkeimm\u00e4t vaikuttavat aineet:<\/strong><\/p>\n<ul data-start=\"1133\" data-end=\"2323\">\n<li data-start=\"1133\" data-end=\"1388\">\n<p data-start=\"1135\" data-end=\"1388\"><strong data-start=\"1135\" data-end=\"1188\">Pienimolekyylipainoinen merikollageeni (20 000 ppm)<\/strong> \u2013 palauttaa epidermiksen kudosten eheyden ja integroituu vaurioituneisiin alueisiin vahvistaen ihon rakennetta sis\u00e4lt\u00e4p\u00e4in. Tiivist\u00e4\u00e4 soluseini\u00e4 ja aktivoi proteiinisynteesi\u00e4 tukien ihon matriisia.<\/p>\n<\/li>\n<li data-start=\"1389\" data-end=\"1583\">\n<p data-start=\"1391\" data-end=\"1583\"><strong data-start=\"1391\" data-end=\"1417\">3 erilaista hyaluronihappoa<\/strong> \u2013 tunkeutuvat epidermiksen syvempiin kerroksiin, kosteuttavat soluja tehokkaasti ja auttavat s\u00e4ilytt\u00e4m\u00e4\u00e4n kosteuden. Muodostavat suojaavan kerroksen, joka est\u00e4\u00e4 kuivumisen.<\/p>\n<\/li>\n<li data-start=\"1584\" data-end=\"1786\">\n<p data-start=\"1586\" data-end=\"1786\"><strong data-start=\"1586\" data-end=\"1608\">Soijakasvien fytoistukka<\/strong> \u2013 sis\u00e4lt\u00e4\u00e4 isoflavoneja, sill\u00e4 on antioksidanttisia vaikutuksia ja se stimuloi solujen jakautumista, lis\u00e4\u00e4 ihon kimmoisuutta, tasoittaa ep\u00e4tasaisuuksia ja auttaa yll\u00e4pit\u00e4m\u00e4\u00e4n ihon nuorekkuutta.<\/p>\n<\/li>\n<li data-start=\"1787\" data-end=\"1960\">\n<p data-start=\"1789\" data-end=\"1960\"><strong data-start=\"1789\" data-end=\"1820\">Niasiiniamidi (B3-vitamiini)<\/strong> \u2013 auttaa vaalentamaan tummia silm\u00e4nalusia ja ehk\u00e4isem\u00e4\u00e4n pigmenttimuutoksia, tasoittaa ihon s\u00e4vy\u00e4 ja vahvistaa herk\u00e4n ihon suojatoimintoja.<\/p>\n<\/li>\n<li data-start=\"1961\" data-end=\"2120\">\n<p data-start=\"1963\" data-end=\"2120\"><strong data-start=\"1963\" data-end=\"1976\">Adenos<\/strong> \u2013 stimuloi kollageenin ja elastiinin tuotantoa, lis\u00e4\u00e4 ihon kiinteytt\u00e4, kiinteytt\u00e4\u00e4 ihoa ja v\u00e4hent\u00e4\u00e4 staattisten ryppyjen m\u00e4\u00e4r\u00e4\u00e4 ja syvyytt\u00e4.<\/p>\n<\/li>\n<li data-start=\"2121\" data-end=\"2323\">\n<p data-start=\"2123\" data-end=\"2323\"><strong data-start=\"2123\" data-end=\"2165\">C-vitamiini (natriumaskorbyylifosfaatti)<\/strong> stabiilissa muodossa \u2013 vaalentaa pigmenttimuutoksia hell\u00e4varaisesti, stimuloi kollageenisynteesi\u00e4, tarjoaa antioksidanttisuojaa ja auttaa ehk\u00e4isem\u00e4\u00e4n ensimm\u00e4isi\u00e4 ik\u00e4\u00e4ntymisen merkkej\u00e4.<\/p>\n<\/li>\n<\/ul>\n<p data-start=\"2325\" data-end=\"2355\">Sopii kaikille ihotyypeille.<\/p>\n<p data-start=\"2357\" data-end=\"2507\"><strong data-start=\"2357\" data-end=\"2372\">K\u00e4ytt\u00f6:<\/strong> Levit\u00e4 pieni m\u00e4\u00e4r\u00e4 voidetta silm\u00e4nymp\u00e4rysiholle ja nen\u00e4n ja huulien poimuille ja hiero applikaattorilla hell\u00e4varaisesti py\u00f6rivin liikkein.<\/p>","protected":false},"excerpt":{"rendered":"<p>VT Cosmetics Cica Collagen Eye Cream on kollageenihierontavoide silm\u00e4nymp\u00e4rysiholle, joka lis\u00e4\u00e4 ihon kimmoisuutta ja tiheytt\u00e4 sek\u00e4 silottaa matkivia ryppyj\u00e4 ja juonteita. Palauttaa hydrolipiditasapainon ja vahvistaa ihon suojamuuria, lievitt\u00e4\u00e4 kuivuutta ja hilseily\u00e4. Auttaa vaalentamaan tummia silm\u00e4nalusia ja hyperpigmentaatiota silm\u00e4nymp\u00e4rysiholla. Tuote on varustettu metallisella applikaattorilla, joka v\u00e4r\u00e4htelee ihoon joutuessaan ja edist\u00e4\u00e4 aktiiviaineiden parempaa imeytymist\u00e4.<\/p>","protected":false},"featured_media":17016,"comment_status":"open","ping_status":"closed","template":"","meta":{"_uf_show_specific_survey":0,"_uf_disable_surveys":false,"_bst_post_transparent":"default","_bst_post_title":"","_bst_post_layout":"default","_bst_post_sidebar_id":"","_bst_post_content_style":"default","_bst_post_vertical_padding":"default","_bst_post_feature":"","_bst_post_feature_position":"","_bst_post_header":false,"_bst_post_footer":false},"pwb-brand":[493],"product_brand":[],"product_cat":[92,99,201],"product_tag":[517,568,462],"class_list":{"0":"post-17014","1":"product","2":"type-product","3":"status-publish","4":"has-post-thumbnail","6":"pwb-brand-vt","7":"product_cat-nagu","8":"product_cat-silmad-ja-huuled-2","9":"product_cat-silmakreem","10":"product_tag-collagen","11":"product_tag-korea","12":"product_tag-vt","14":"first","15":"instock","16":"sale","17":"shipping-taxable","18":"purchasable","19":"product-type-simple","20":"entry","21":"content-bg","22":"loop-entry"},"supplier_id":null,"supplier_sku":"","barcode":null,"atum_controlled":true,"out_stock_date":null,"out_stock_threshold":null,"inheritable":false,"inbound_stock":0,"stock_on_hold":0,"sold_today":0,"sales_last_days":2,"out_stock_days":0,"lost_sales":0,"has_location":false,"update_date":"2026-04-14T00:05:13","atum_locations":[],"atum_stock_status":"instock","restock_status":true,"low_stock_amount":"","sales_update_date":"2026-04-14T00:05:13","calc_backorders":null,"yoast_head":"<!-- This site is optimized with the Yoast SEO plugin v27.2 - https:\/\/yoast.com\/product\/yoast-seo-wordpress\/ -->\n<title>VT Cosmetics Cica Collagen Eye Cream, 15ml - IDA.KOREA<\/title>\n<meta name=\"description\" content=\"Kollageeniga massaa\u017eikreem silma\u00fcmbrusele, mis suurendab naha elastsust ja tihedust ning silub miimilisi kortse ja nahavolte. - Kiire tarne!\" \/>\n<meta name=\"robots\" content=\"index, follow, max-snippet:-1, max-image-preview:large, max-video-preview:-1\" \/>\n<link rel=\"canonical\" href=\"https:\/\/idakorea.ee\/fi\/product\/vt-cosmetics-cica-collagen-eye-cream-15ml\/\" \/>\n<meta property=\"og:locale\" content=\"fi_FI\" \/>\n<meta property=\"og:type\" content=\"article\" \/>\n<meta property=\"og:title\" content=\"VT Cosmetics Cica Collagen Eye Cream, 15ml - IDA.KOREA\" \/>\n<meta property=\"og:description\" content=\"Kollageeniga massaa\u017eikreem silma\u00fcmbrusele, mis suurendab naha elastsust ja tihedust ning silub miimilisi kortse ja nahavolte. - Kiire tarne!\" \/>\n<meta property=\"og:url\" content=\"https:\/\/idakorea.ee\/fi\/product\/vt-cosmetics-cica-collagen-eye-cream-15ml\/\" \/>\n<meta property=\"og:site_name\" content=\"IDA.KOREA\" \/>\n<meta property=\"article:modified_time\" content=\"2026-04-11T14:15:27+00:00\" \/>\n<meta property=\"og:image\" content=\"https:\/\/idakorea.ee\/wp-content\/uploads\/2026\/01\/VT-Cosmetics-Cica-Collagen-Eye-Cream-idakorea.jpg\" \/>\n\t<meta property=\"og:image:width\" content=\"1000\" \/>\n\t<meta property=\"og:image:height\" content=\"1000\" \/>\n\t<meta property=\"og:image:type\" content=\"image\/jpeg\" \/>\n<meta name=\"twitter:card\" content=\"summary_large_image\" \/>\n<meta name=\"twitter:label1\" content=\"Arvioitu lukuaika\" \/>\n\t<meta name=\"twitter:data1\" content=\"2 minuuttia\" \/>\n<script type=\"application\/ld+json\" class=\"yoast-schema-graph\">{\"@context\":\"https:\/\/schema.org\",\"@graph\":[{\"@type\":\"WebPage\",\"@id\":\"https:\/\/idakorea.ee\/product\/vt-cosmetics-cica-collagen-eye-cream-15ml\/\",\"url\":\"https:\/\/idakorea.ee\/product\/vt-cosmetics-cica-collagen-eye-cream-15ml\/\",\"name\":\"VT Cosmetics Cica Collagen Eye Cream, 15ml - IDA.KOREA\",\"isPartOf\":{\"@id\":\"https:\/\/idakorea.ee\/#website\"},\"primaryImageOfPage\":{\"@id\":\"https:\/\/idakorea.ee\/product\/vt-cosmetics-cica-collagen-eye-cream-15ml\/#primaryimage\"},\"image\":{\"@id\":\"https:\/\/idakorea.ee\/product\/vt-cosmetics-cica-collagen-eye-cream-15ml\/#primaryimage\"},\"thumbnailUrl\":\"https:\/\/idakorea.ee\/wp-content\/uploads\/2026\/01\/VT-Cosmetics-Cica-Collagen-Eye-Cream-idakorea.jpg\",\"datePublished\":\"2026-01-02T12:57:20+00:00\",\"dateModified\":\"2026-04-11T14:15:27+00:00\",\"description\":\"Kollageeniga massaa\u017eikreem silma\u00fcmbrusele, mis suurendab naha elastsust ja tihedust ning silub miimilisi kortse ja nahavolte. - Kiire tarne!\",\"breadcrumb\":{\"@id\":\"https:\/\/idakorea.ee\/product\/vt-cosmetics-cica-collagen-eye-cream-15ml\/#breadcrumb\"},\"inLanguage\":\"fi\",\"potentialAction\":[{\"@type\":\"ReadAction\",\"target\":[\"https:\/\/idakorea.ee\/product\/vt-cosmetics-cica-collagen-eye-cream-15ml\/\"]}]},{\"@type\":\"ImageObject\",\"inLanguage\":\"fi\",\"@id\":\"https:\/\/idakorea.ee\/product\/vt-cosmetics-cica-collagen-eye-cream-15ml\/#primaryimage\",\"url\":\"https:\/\/idakorea.ee\/wp-content\/uploads\/2026\/01\/VT-Cosmetics-Cica-Collagen-Eye-Cream-idakorea.jpg\",\"contentUrl\":\"https:\/\/idakorea.ee\/wp-content\/uploads\/2026\/01\/VT-Cosmetics-Cica-Collagen-Eye-Cream-idakorea.jpg\",\"width\":1000,\"height\":1000},{\"@type\":\"BreadcrumbList\",\"@id\":\"https:\/\/idakorea.ee\/product\/vt-cosmetics-cica-collagen-eye-cream-15ml\/#breadcrumb\",\"itemListElement\":[{\"@type\":\"ListItem\",\"position\":1,\"name\":\"\u0413\u043b\u0430\u0432\u043d\u0430\u044f \u0441\u0442\u0440\u0430\u043d\u0438\u0446\u0430\",\"item\":\"https:\/\/idakorea.ee\/\"},{\"@type\":\"ListItem\",\"position\":2,\"name\":\"Shop\",\"item\":\"https:\/\/idakorea.ee\/shop-2\/\"},{\"@type\":\"ListItem\",\"position\":3,\"name\":\"Massaa\u017eikreem silma\u00fcmbrusele VT Cosmetics Cica Collagen Eye Cream, 15ml\"}]},{\"@type\":\"WebSite\",\"@id\":\"https:\/\/idakorea.ee\/#website\",\"url\":\"https:\/\/idakorea.ee\/\",\"name\":\"IDA.KOREA\",\"description\":\"Korea kosmeetika e-pood\",\"publisher\":{\"@id\":\"https:\/\/idakorea.ee\/#organization\"},\"alternateName\":\"Beauty Shop\",\"potentialAction\":[{\"@type\":\"SearchAction\",\"target\":{\"@type\":\"EntryPoint\",\"urlTemplate\":\"https:\/\/idakorea.ee\/?s={search_term_string}\"},\"query-input\":{\"@type\":\"PropertyValueSpecification\",\"valueRequired\":true,\"valueName\":\"search_term_string\"}}],\"inLanguage\":\"fi\"},{\"@type\":\"Organization\",\"@id\":\"https:\/\/idakorea.ee\/#organization\",\"name\":\"IDA.KOREA\",\"url\":\"https:\/\/idakorea.ee\/\",\"logo\":{\"@type\":\"ImageObject\",\"inLanguage\":\"fi\",\"@id\":\"https:\/\/idakorea.ee\/#\/schema\/logo\/image\/\",\"url\":\"https:\/\/idakorea.ee\/wp-content\/uploads\/2024\/05\/cropped-korea3.png\",\"contentUrl\":\"https:\/\/idakorea.ee\/wp-content\/uploads\/2024\/05\/cropped-korea3.png\",\"width\":688,\"height\":126,\"caption\":\"IDA.KOREA\"},\"image\":{\"@id\":\"https:\/\/idakorea.ee\/#\/schema\/logo\/image\/\"},\"sameAs\":[\"https:\/\/www.instagram.com\/ida.korea\/\"]}]}<\/script>\n<!-- \/ Yoast SEO plugin. -->","yoast_head_json":{"title":"VT Cosmetics Cica kollageenisilm\u00e4nymp\u00e4rysvoide, 15ml - IDA.KOREA","description":"Kollageenihierontavoide silm\u00e4nymp\u00e4rysiholle, joka lis\u00e4\u00e4 ihon kimmoisuutta ja tiheytt\u00e4 sek\u00e4 silottaa ilmejuonteita ja juonteita. - Nopea toimitus!","robots":{"index":"index","follow":"follow","max-snippet":"max-snippet:-1","max-image-preview":"max-image-preview:large","max-video-preview":"max-video-preview:-1"},"canonical":"https:\/\/idakorea.ee\/fi\/product\/vt-cosmetics-cica-collagen-eye-cream-15ml\/","og_locale":"fi_FI","og_type":"article","og_title":"VT Cosmetics Cica Collagen Eye Cream, 15ml - IDA.KOREA","og_description":"Kollageeniga massaa\u017eikreem silma\u00fcmbrusele, mis suurendab naha elastsust ja tihedust ning silub miimilisi kortse ja nahavolte. - Kiire tarne!","og_url":"https:\/\/idakorea.ee\/fi\/product\/vt-cosmetics-cica-collagen-eye-cream-15ml\/","og_site_name":"IDA.KOREA","article_modified_time":"2026-04-11T14:15:27+00:00","og_image":[{"width":1000,"height":1000,"url":"https:\/\/idakorea.ee\/wp-content\/uploads\/2026\/01\/VT-Cosmetics-Cica-Collagen-Eye-Cream-idakorea.jpg","type":"image\/jpeg"}],"twitter_card":"summary_large_image","twitter_misc":{"Arvioitu lukuaika":"2 minuuttia"},"schema":{"@context":"https:\/\/schema.org","@graph":[{"@type":"WebPage","@id":"https:\/\/idakorea.ee\/product\/vt-cosmetics-cica-collagen-eye-cream-15ml\/","url":"https:\/\/idakorea.ee\/product\/vt-cosmetics-cica-collagen-eye-cream-15ml\/","name":"VT Cosmetics Cica kollageenisilm\u00e4nymp\u00e4rysvoide, 15ml - IDA.KOREA","isPartOf":{"@id":"https:\/\/idakorea.ee\/#website"},"primaryImageOfPage":{"@id":"https:\/\/idakorea.ee\/product\/vt-cosmetics-cica-collagen-eye-cream-15ml\/#primaryimage"},"image":{"@id":"https:\/\/idakorea.ee\/product\/vt-cosmetics-cica-collagen-eye-cream-15ml\/#primaryimage"},"thumbnailUrl":"https:\/\/idakorea.ee\/wp-content\/uploads\/2026\/01\/VT-Cosmetics-Cica-Collagen-Eye-Cream-idakorea.jpg","datePublished":"2026-01-02T12:57:20+00:00","dateModified":"2026-04-11T14:15:27+00:00","description":"Kollageenihierontavoide silm\u00e4nymp\u00e4rysiholle, joka lis\u00e4\u00e4 ihon kimmoisuutta ja tiheytt\u00e4 sek\u00e4 silottaa ilmejuonteita ja juonteita. - Nopea toimitus!","breadcrumb":{"@id":"https:\/\/idakorea.ee\/product\/vt-cosmetics-cica-collagen-eye-cream-15ml\/#breadcrumb"},"inLanguage":"fi","potentialAction":[{"@type":"ReadAction","target":["https:\/\/idakorea.ee\/product\/vt-cosmetics-cica-collagen-eye-cream-15ml\/"]}]},{"@type":"ImageObject","inLanguage":"fi","@id":"https:\/\/idakorea.ee\/product\/vt-cosmetics-cica-collagen-eye-cream-15ml\/#primaryimage","url":"https:\/\/idakorea.ee\/wp-content\/uploads\/2026\/01\/VT-Cosmetics-Cica-Collagen-Eye-Cream-idakorea.jpg","contentUrl":"https:\/\/idakorea.ee\/wp-content\/uploads\/2026\/01\/VT-Cosmetics-Cica-Collagen-Eye-Cream-idakorea.jpg","width":1000,"height":1000},{"@type":"BreadcrumbList","@id":"https:\/\/idakorea.ee\/product\/vt-cosmetics-cica-collagen-eye-cream-15ml\/#breadcrumb","itemListElement":[{"@type":"ListItem","position":1,"name":"\u0413\u043b\u0430\u0432\u043d\u0430\u044f \u0441\u0442\u0440\u0430\u043d\u0438\u0446\u0430","item":"https:\/\/idakorea.ee\/"},{"@type":"ListItem","position":2,"name":"Shop","item":"https:\/\/idakorea.ee\/shop-2\/"},{"@type":"ListItem","position":3,"name":"Massaa\u017eikreem silma\u00fcmbrusele VT Cosmetics Cica Collagen Eye Cream, 15ml"}]},{"@type":"WebSite","@id":"https:\/\/idakorea.ee\/#website","url":"https:\/\/idakorea.ee\/","name":"IDA.KOREA","description":"Korean kosmetiikan verkkokauppa","publisher":{"@id":"https:\/\/idakorea.ee\/#organization"},"alternateName":"Beauty Shop","potentialAction":[{"@type":"SearchAction","target":{"@type":"EntryPoint","urlTemplate":"https:\/\/idakorea.ee\/?s={search_term_string}"},"query-input":{"@type":"PropertyValueSpecification","valueRequired":true,"valueName":"search_term_string"}}],"inLanguage":"fi"},{"@type":"Organization","@id":"https:\/\/idakorea.ee\/#organization","name":"IDA.KOREA","url":"https:\/\/idakorea.ee\/","logo":{"@type":"ImageObject","inLanguage":"fi","@id":"https:\/\/idakorea.ee\/#\/schema\/logo\/image\/","url":"https:\/\/idakorea.ee\/wp-content\/uploads\/2024\/05\/cropped-korea3.png","contentUrl":"https:\/\/idakorea.ee\/wp-content\/uploads\/2024\/05\/cropped-korea3.png","width":688,"height":126,"caption":"IDA.KOREA"},"image":{"@id":"https:\/\/idakorea.ee\/#\/schema\/logo\/image\/"},"sameAs":["https:\/\/www.instagram.com\/ida.korea\/"]}]}},"jetpack_sharing_enabled":true,"brands":[{"id":493,"name":"VT COSMETICS","slug":"vt"}],"_links":{"self":[{"href":"https:\/\/idakorea.ee\/fi\/wp-json\/wp\/v2\/product\/17014","targetHints":{"allow":["GET"]}}],"collection":[{"href":"https:\/\/idakorea.ee\/fi\/wp-json\/wp\/v2\/product"}],"about":[{"href":"https:\/\/idakorea.ee\/fi\/wp-json\/wp\/v2\/types\/product"}],"replies":[{"embeddable":true,"href":"https:\/\/idakorea.ee\/fi\/wp-json\/wp\/v2\/comments?post=17014"}],"version-history":[{"count":1,"href":"https:\/\/idakorea.ee\/fi\/wp-json\/wp\/v2\/product\/17014\/revisions"}],"predecessor-version":[{"id":17018,"href":"https:\/\/idakorea.ee\/fi\/wp-json\/wp\/v2\/product\/17014\/revisions\/17018"}],"wp:featuredmedia":[{"embeddable":true,"href":"https:\/\/idakorea.ee\/fi\/wp-json\/wp\/v2\/media\/17016"}],"wp:attachment":[{"href":"https:\/\/idakorea.ee\/fi\/wp-json\/wp\/v2\/media?parent=17014"}],"wp:term":[{"taxonomy":"pwb-brand","embeddable":true,"href":"https:\/\/idakorea.ee\/fi\/wp-json\/wp\/v2\/pwb-brand?post=17014"},{"taxonomy":"product_brand","embeddable":true,"href":"https:\/\/idakorea.ee\/fi\/wp-json\/wp\/v2\/product_brand?post=17014"},{"taxonomy":"product_cat","embeddable":true,"href":"https:\/\/idakorea.ee\/fi\/wp-json\/wp\/v2\/product_cat?post=17014"},{"taxonomy":"product_tag","embeddable":true,"href":"https:\/\/idakorea.ee\/fi\/wp-json\/wp\/v2\/product_tag?post=17014"}],"curies":[{"name":"wp","href":"https:\/\/api.w.org\/{rel}","templated":true}]}}