{"id":17019,"date":"2026-01-02T15:08:49","date_gmt":"2026-01-02T13:08:49","guid":{"rendered":"https:\/\/idakorea.ee\/?post_type=product&#038;p=17019"},"modified":"2026-04-03T10:52:46","modified_gmt":"2026-04-03T08:52:46","slug":"vt-cosmetics-cica-collagen-cream-30ml","status":"publish","type":"product","link":"https:\/\/idakorea.ee\/fi\/product\/vt-cosmetics-cica-collagen-cream-30ml\/","title":{"rendered":"Kosteuttava voide kollageenilla VT Cosmetics Cica Collagen Cream, 30ml"},"content":{"rendered":"<p data-start=\"67\" data-end=\"220\"><strong data-start=\"67\" data-end=\"103\">VT Cosmetics Cica Collagen Cream<\/strong> on kosteuttava voide, joka lis\u00e4\u00e4 ihon kimmoisuutta ja kiinteytt\u00e4 ja sopii ehk\u00e4isem\u00e4\u00e4n ensimm\u00e4isi\u00e4 ik\u00e4\u00e4ntymisen merkkej\u00e4.<\/p>\n<p data-start=\"222\" data-end=\"356\">Pehment\u00e4\u00e4 ja ravitsee ihoa, auttaa yll\u00e4pit\u00e4m\u00e4\u00e4n sile\u00e4\u00e4 ihon rakennetta, vahvistaa ihon luonnollista suojakerrosta ja ehk\u00e4isee kuivumista ja hilseily\u00e4.<\/p>\n<p data-start=\"358\" data-end=\"496\">Stimuloi kollageenin ja hyaluronihapon synteesi\u00e4 ja auttaa vahvistamaan solujen v\u00e4list\u00e4 matriisia. Voiteella on rikas ja ravitseva koostumus.<\/p>\n<p data-start=\"498\" data-end=\"522\"><strong data-start=\"498\" data-end=\"522\">T\u00e4rkeimm\u00e4t vaikuttavat aineet:<\/strong><\/p>\n<ul data-start=\"523\" data-end=\"1678\">\n<li data-start=\"523\" data-end=\"704\">\n<p data-start=\"525\" data-end=\"704\"><strong data-start=\"525\" data-end=\"556\">Pienimolekyylipainoinen kollageeni<\/strong> \u2013 pehment\u00e4\u00e4 ihoa, parantaa mikroreliefi\u00e4, tarjoaa pitk\u00e4kestoista kosteutusta ja auttaa silottamaan ryppyj\u00e4. VT Cosmeticsin kollageenin molekyylipaino on 300 Da.<\/p>\n<\/li>\n<li data-start=\"705\" data-end=\"901\">\n<p data-start=\"707\" data-end=\"901\"><strong data-start=\"707\" data-end=\"721\">6 peptidi\u00e4<\/strong> \u2013 vaikuttavat ik\u00e4\u00e4ntymist\u00e4 ehk\u00e4isev\u00e4sti: stimuloivat kollageenin ja elastiinin synteesi\u00e4, nopeuttavat ihon uudistumista, v\u00e4hent\u00e4v\u00e4t ryppyjen syvyytt\u00e4 sek\u00e4 silottavat ja kiinteytt\u00e4v\u00e4t ihoa.<\/p>\n<\/li>\n<li data-start=\"902\" data-end=\"1051\">\n<p data-start=\"904\" data-end=\"1051\"><strong data-start=\"904\" data-end=\"920\">5 keramidia<\/strong> \u2013 auttavat yll\u00e4pit\u00e4m\u00e4\u00e4n ihon kosteustasoja, lievitt\u00e4v\u00e4t kuivuutta, hilseily\u00e4 ja kireyden tunnetta sek\u00e4 pit\u00e4v\u00e4t ihon rakenteen sile\u00e4n\u00e4.<\/p>\n<\/li>\n<li data-start=\"1052\" data-end=\"1306\">\n<p data-start=\"1054\" data-end=\"1306\"><strong data-start=\"1054\" data-end=\"1069\">Cicahyalon\u2122<\/strong> \u2013 vihre\u00e4n propolisin uutteesta, aasialaisista vesinavan johdannaisista (madekassosidi, madekassosidihappo, asiatikosidi ja aasiahappo) ja hyaluronihaposta koostuva kompleksi. Lievitt\u00e4\u00e4 \u00e4rsytyst\u00e4 ja punoitusta, kosteuttaa ja tukee ihon kimmoisuutta.<\/p>\n<\/li>\n<li data-start=\"1307\" data-end=\"1473\">\n<p data-start=\"1309\" data-end=\"1473\"><strong data-start=\"1309\" data-end=\"1320\">Fyto-M<\/strong> \u2013 yrttiyhdistelm\u00e4, joka sis\u00e4lt\u00e4\u00e4 lootus-, jamssi- ja abelmoshi-uutteita. Antioksidanttisia ominaisuuksia ja auttaa yll\u00e4pit\u00e4m\u00e4\u00e4n ihon sileytt\u00e4 ja pehmeytt\u00e4.<\/p>\n<\/li>\n<li data-start=\"1474\" data-end=\"1678\">\n<p data-start=\"1476\" data-end=\"1678\"><strong data-start=\"1476\" data-end=\"1498\">Soijakasvien fytoistukka<\/strong> \u2013 sis\u00e4lt\u00e4\u00e4 isoflavoneja, sill\u00e4 on antioksidanttisia vaikutuksia ja se stimuloi solujen jakautumista, lis\u00e4\u00e4 ihon kimmoisuutta, tasoittaa ep\u00e4tasaisuuksia ja auttaa s\u00e4ilytt\u00e4m\u00e4\u00e4n nuorekkaan ulkon\u00e4\u00f6n.<\/p>\n<\/li>\n<\/ul>\n<p data-start=\"1680\" data-end=\"1710\">Sopii kaikille ihotyypeille.<\/p>\n<p data-start=\"1712\" data-end=\"1838\"><strong data-start=\"1712\" data-end=\"1727\">K\u00e4ytt\u00f6:<\/strong> Puhdistuksen, kasvoveden ja seerumin k\u00e4yt\u00f6n j\u00e4lkeen levit\u00e4 voide kasvoillesi ja levit\u00e4 tasaisesti iholle.<\/p>","protected":false},"excerpt":{"rendered":"<p>VT Cosmetics Cica Collagen Cream on kosteuttava voide, joka lis\u00e4\u00e4 ihon kimmoisuutta ja kiinteytt\u00e4 ja sopii ehk\u00e4isem\u00e4\u00e4n ensimm\u00e4isi\u00e4 ik\u00e4\u00e4ntymisen merkkej\u00e4. Pehment\u00e4\u00e4 ja ravitsee ihoa, auttaa yll\u00e4pit\u00e4m\u00e4\u00e4n sile\u00e4\u00e4 ihon rakennetta, vahvistaa luonnollista suojakerrosta ja ehk\u00e4isee kuivumista ja hilseily\u00e4. Stimuloi kollageenin ja hyaluronihapon synteesi\u00e4 ja auttaa vahvistamaan solujen v\u00e4list\u00e4 matriisia. Voiteella on rikas ja ravitseva koostumus. T\u00e4rkeimm\u00e4t vaikuttavat aineosat: Pienimolekyylinen kollageeni\u2026<\/p>","protected":false},"featured_media":17020,"comment_status":"open","ping_status":"closed","template":"","meta":{"_uf_show_specific_survey":0,"_uf_disable_surveys":false,"_bst_post_transparent":"default","_bst_post_title":"","_bst_post_layout":"default","_bst_post_sidebar_id":"","_bst_post_content_style":"default","_bst_post_vertical_padding":"default","_bst_post_feature":"","_bst_post_feature_position":"","_bst_post_header":false,"_bst_post_footer":false},"pwb-brand":[493],"product_brand":[],"product_cat":[92,96],"product_tag":[517,568,462],"class_list":{"0":"post-17019","1":"product","2":"type-product","3":"status-publish","4":"has-post-thumbnail","6":"pwb-brand-vt","7":"product_cat-nagu","8":"product_cat-naokreemid","9":"product_tag-collagen","10":"product_tag-korea","11":"product_tag-vt","13":"first","14":"instock","15":"sale","16":"shipping-taxable","17":"purchasable","18":"product-type-simple","19":"entry","20":"content-bg","21":"loop-entry"},"supplier_id":null,"supplier_sku":"","barcode":null,"atum_controlled":true,"out_stock_date":null,"out_stock_threshold":null,"inheritable":false,"inbound_stock":0,"stock_on_hold":0,"sold_today":0,"sales_last_days":0,"out_stock_days":0,"lost_sales":0,"has_location":false,"update_date":"2026-04-14T00:05:10","atum_locations":[],"atum_stock_status":"instock","restock_status":false,"low_stock_amount":"","sales_update_date":"2026-04-14T00:05:10","calc_backorders":null,"yoast_head":"<!-- This site is optimized with the Yoast SEO plugin v27.2 - https:\/\/yoast.com\/product\/yoast-seo-wordpress\/ -->\n<title>VT Cosmetics Cica Collagen Cream, 30ml - IDA.KOREA<\/title>\n<meta name=\"description\" content=\"Niisutav kreem, mis suurendab naha elastsust ja pinguldatust ning sobib esimeste vananemisilmingute ennetamiseks. Pehmendab ja toidab nahka. - Kiire tarne!\" \/>\n<meta name=\"robots\" content=\"index, follow, max-snippet:-1, max-image-preview:large, max-video-preview:-1\" \/>\n<link rel=\"canonical\" href=\"https:\/\/idakorea.ee\/fi\/product\/vt-cosmetics-cica-collagen-cream-30ml\/\" \/>\n<meta property=\"og:locale\" content=\"fi_FI\" \/>\n<meta property=\"og:type\" content=\"article\" \/>\n<meta property=\"og:title\" content=\"VT Cosmetics Cica Collagen Cream, 30ml - IDA.KOREA\" \/>\n<meta property=\"og:description\" content=\"Niisutav kreem, mis suurendab naha elastsust ja pinguldatust ning sobib esimeste vananemisilmingute ennetamiseks. Pehmendab ja toidab nahka. - Kiire tarne!\" \/>\n<meta property=\"og:url\" content=\"https:\/\/idakorea.ee\/fi\/product\/vt-cosmetics-cica-collagen-cream-30ml\/\" \/>\n<meta property=\"og:site_name\" content=\"IDA.KOREA\" \/>\n<meta property=\"article:modified_time\" content=\"2026-04-03T08:52:46+00:00\" \/>\n<meta property=\"og:image\" content=\"https:\/\/idakorea.ee\/wp-content\/uploads\/2026\/01\/VT_Cosmetics_Cica_Collagen_Cream_idakorea.jpg\" \/>\n\t<meta property=\"og:image:width\" content=\"1000\" \/>\n\t<meta property=\"og:image:height\" content=\"1000\" \/>\n\t<meta property=\"og:image:type\" content=\"image\/jpeg\" \/>\n<meta name=\"twitter:card\" content=\"summary_large_image\" \/>\n<meta name=\"twitter:label1\" content=\"Arvioitu lukuaika\" \/>\n\t<meta name=\"twitter:data1\" content=\"2 minuuttia\" \/>\n<script type=\"application\/ld+json\" class=\"yoast-schema-graph\">{\"@context\":\"https:\/\/schema.org\",\"@graph\":[{\"@type\":\"WebPage\",\"@id\":\"https:\/\/idakorea.ee\/product\/vt-cosmetics-cica-collagen-cream-30ml\/\",\"url\":\"https:\/\/idakorea.ee\/product\/vt-cosmetics-cica-collagen-cream-30ml\/\",\"name\":\"VT Cosmetics Cica Collagen Cream, 30ml - IDA.KOREA\",\"isPartOf\":{\"@id\":\"https:\/\/idakorea.ee\/#website\"},\"primaryImageOfPage\":{\"@id\":\"https:\/\/idakorea.ee\/product\/vt-cosmetics-cica-collagen-cream-30ml\/#primaryimage\"},\"image\":{\"@id\":\"https:\/\/idakorea.ee\/product\/vt-cosmetics-cica-collagen-cream-30ml\/#primaryimage\"},\"thumbnailUrl\":\"https:\/\/idakorea.ee\/wp-content\/uploads\/2026\/01\/VT_Cosmetics_Cica_Collagen_Cream_idakorea.jpg\",\"datePublished\":\"2026-01-02T13:08:49+00:00\",\"dateModified\":\"2026-04-03T08:52:46+00:00\",\"description\":\"Niisutav kreem, mis suurendab naha elastsust ja pinguldatust ning sobib esimeste vananemisilmingute ennetamiseks. Pehmendab ja toidab nahka. - Kiire tarne!\",\"breadcrumb\":{\"@id\":\"https:\/\/idakorea.ee\/product\/vt-cosmetics-cica-collagen-cream-30ml\/#breadcrumb\"},\"inLanguage\":\"fi\",\"potentialAction\":[{\"@type\":\"ReadAction\",\"target\":[\"https:\/\/idakorea.ee\/product\/vt-cosmetics-cica-collagen-cream-30ml\/\"]}]},{\"@type\":\"ImageObject\",\"inLanguage\":\"fi\",\"@id\":\"https:\/\/idakorea.ee\/product\/vt-cosmetics-cica-collagen-cream-30ml\/#primaryimage\",\"url\":\"https:\/\/idakorea.ee\/wp-content\/uploads\/2026\/01\/VT_Cosmetics_Cica_Collagen_Cream_idakorea.jpg\",\"contentUrl\":\"https:\/\/idakorea.ee\/wp-content\/uploads\/2026\/01\/VT_Cosmetics_Cica_Collagen_Cream_idakorea.jpg\",\"width\":1000,\"height\":1000},{\"@type\":\"BreadcrumbList\",\"@id\":\"https:\/\/idakorea.ee\/product\/vt-cosmetics-cica-collagen-cream-30ml\/#breadcrumb\",\"itemListElement\":[{\"@type\":\"ListItem\",\"position\":1,\"name\":\"\u0413\u043b\u0430\u0432\u043d\u0430\u044f \u0441\u0442\u0440\u0430\u043d\u0438\u0446\u0430\",\"item\":\"https:\/\/idakorea.ee\/\"},{\"@type\":\"ListItem\",\"position\":2,\"name\":\"Shop\",\"item\":\"https:\/\/idakorea.ee\/shop-2\/\"},{\"@type\":\"ListItem\",\"position\":3,\"name\":\"Niisutav kreem kollageteniga VT Cosmetics Cica Collagen Cream, 30ml\"}]},{\"@type\":\"WebSite\",\"@id\":\"https:\/\/idakorea.ee\/#website\",\"url\":\"https:\/\/idakorea.ee\/\",\"name\":\"IDA.KOREA\",\"description\":\"Korea kosmeetika e-pood\",\"publisher\":{\"@id\":\"https:\/\/idakorea.ee\/#organization\"},\"alternateName\":\"Beauty Shop\",\"potentialAction\":[{\"@type\":\"SearchAction\",\"target\":{\"@type\":\"EntryPoint\",\"urlTemplate\":\"https:\/\/idakorea.ee\/?s={search_term_string}\"},\"query-input\":{\"@type\":\"PropertyValueSpecification\",\"valueRequired\":true,\"valueName\":\"search_term_string\"}}],\"inLanguage\":\"fi\"},{\"@type\":\"Organization\",\"@id\":\"https:\/\/idakorea.ee\/#organization\",\"name\":\"IDA.KOREA\",\"url\":\"https:\/\/idakorea.ee\/\",\"logo\":{\"@type\":\"ImageObject\",\"inLanguage\":\"fi\",\"@id\":\"https:\/\/idakorea.ee\/#\/schema\/logo\/image\/\",\"url\":\"https:\/\/idakorea.ee\/wp-content\/uploads\/2024\/05\/cropped-korea3.png\",\"contentUrl\":\"https:\/\/idakorea.ee\/wp-content\/uploads\/2024\/05\/cropped-korea3.png\",\"width\":688,\"height\":126,\"caption\":\"IDA.KOREA\"},\"image\":{\"@id\":\"https:\/\/idakorea.ee\/#\/schema\/logo\/image\/\"},\"sameAs\":[\"https:\/\/www.instagram.com\/ida.korea\/\"]}]}<\/script>\n<!-- \/ Yoast SEO plugin. -->","yoast_head_json":{"title":"VT Cosmetics Cica kollageenivoide, 30ml - IDA.KOREA","description":"Kosteuttava voide, joka lis\u00e4\u00e4 ihon kimmoisuutta ja kiinteytt\u00e4 ja sopii ehk\u00e4isem\u00e4\u00e4n ensimm\u00e4isi\u00e4 ik\u00e4\u00e4ntymisen merkkej\u00e4. Pehment\u00e4\u00e4 ja ravitsee ihoa. - Nopea toimitus!","robots":{"index":"index","follow":"follow","max-snippet":"max-snippet:-1","max-image-preview":"max-image-preview:large","max-video-preview":"max-video-preview:-1"},"canonical":"https:\/\/idakorea.ee\/fi\/product\/vt-cosmetics-cica-collagen-cream-30ml\/","og_locale":"fi_FI","og_type":"article","og_title":"VT Cosmetics Cica Collagen Cream, 30ml - IDA.KOREA","og_description":"Niisutav kreem, mis suurendab naha elastsust ja pinguldatust ning sobib esimeste vananemisilmingute ennetamiseks. Pehmendab ja toidab nahka. - Kiire tarne!","og_url":"https:\/\/idakorea.ee\/fi\/product\/vt-cosmetics-cica-collagen-cream-30ml\/","og_site_name":"IDA.KOREA","article_modified_time":"2026-04-03T08:52:46+00:00","og_image":[{"width":1000,"height":1000,"url":"https:\/\/idakorea.ee\/wp-content\/uploads\/2026\/01\/VT_Cosmetics_Cica_Collagen_Cream_idakorea.jpg","type":"image\/jpeg"}],"twitter_card":"summary_large_image","twitter_misc":{"Arvioitu lukuaika":"2 minuuttia"},"schema":{"@context":"https:\/\/schema.org","@graph":[{"@type":"WebPage","@id":"https:\/\/idakorea.ee\/product\/vt-cosmetics-cica-collagen-cream-30ml\/","url":"https:\/\/idakorea.ee\/product\/vt-cosmetics-cica-collagen-cream-30ml\/","name":"VT Cosmetics Cica kollageenivoide, 30ml - IDA.KOREA","isPartOf":{"@id":"https:\/\/idakorea.ee\/#website"},"primaryImageOfPage":{"@id":"https:\/\/idakorea.ee\/product\/vt-cosmetics-cica-collagen-cream-30ml\/#primaryimage"},"image":{"@id":"https:\/\/idakorea.ee\/product\/vt-cosmetics-cica-collagen-cream-30ml\/#primaryimage"},"thumbnailUrl":"https:\/\/idakorea.ee\/wp-content\/uploads\/2026\/01\/VT_Cosmetics_Cica_Collagen_Cream_idakorea.jpg","datePublished":"2026-01-02T13:08:49+00:00","dateModified":"2026-04-03T08:52:46+00:00","description":"Kosteuttava voide, joka lis\u00e4\u00e4 ihon kimmoisuutta ja kiinteytt\u00e4 ja sopii ehk\u00e4isem\u00e4\u00e4n ensimm\u00e4isi\u00e4 ik\u00e4\u00e4ntymisen merkkej\u00e4. Pehment\u00e4\u00e4 ja ravitsee ihoa. - Nopea toimitus!","breadcrumb":{"@id":"https:\/\/idakorea.ee\/product\/vt-cosmetics-cica-collagen-cream-30ml\/#breadcrumb"},"inLanguage":"fi","potentialAction":[{"@type":"ReadAction","target":["https:\/\/idakorea.ee\/product\/vt-cosmetics-cica-collagen-cream-30ml\/"]}]},{"@type":"ImageObject","inLanguage":"fi","@id":"https:\/\/idakorea.ee\/product\/vt-cosmetics-cica-collagen-cream-30ml\/#primaryimage","url":"https:\/\/idakorea.ee\/wp-content\/uploads\/2026\/01\/VT_Cosmetics_Cica_Collagen_Cream_idakorea.jpg","contentUrl":"https:\/\/idakorea.ee\/wp-content\/uploads\/2026\/01\/VT_Cosmetics_Cica_Collagen_Cream_idakorea.jpg","width":1000,"height":1000},{"@type":"BreadcrumbList","@id":"https:\/\/idakorea.ee\/product\/vt-cosmetics-cica-collagen-cream-30ml\/#breadcrumb","itemListElement":[{"@type":"ListItem","position":1,"name":"\u0413\u043b\u0430\u0432\u043d\u0430\u044f \u0441\u0442\u0440\u0430\u043d\u0438\u0446\u0430","item":"https:\/\/idakorea.ee\/"},{"@type":"ListItem","position":2,"name":"Shop","item":"https:\/\/idakorea.ee\/shop-2\/"},{"@type":"ListItem","position":3,"name":"Niisutav kreem kollageteniga VT Cosmetics Cica Collagen Cream, 30ml"}]},{"@type":"WebSite","@id":"https:\/\/idakorea.ee\/#website","url":"https:\/\/idakorea.ee\/","name":"IDA.KOREA","description":"Korean kosmetiikan verkkokauppa","publisher":{"@id":"https:\/\/idakorea.ee\/#organization"},"alternateName":"Beauty Shop","potentialAction":[{"@type":"SearchAction","target":{"@type":"EntryPoint","urlTemplate":"https:\/\/idakorea.ee\/?s={search_term_string}"},"query-input":{"@type":"PropertyValueSpecification","valueRequired":true,"valueName":"search_term_string"}}],"inLanguage":"fi"},{"@type":"Organization","@id":"https:\/\/idakorea.ee\/#organization","name":"IDA.KOREA","url":"https:\/\/idakorea.ee\/","logo":{"@type":"ImageObject","inLanguage":"fi","@id":"https:\/\/idakorea.ee\/#\/schema\/logo\/image\/","url":"https:\/\/idakorea.ee\/wp-content\/uploads\/2024\/05\/cropped-korea3.png","contentUrl":"https:\/\/idakorea.ee\/wp-content\/uploads\/2024\/05\/cropped-korea3.png","width":688,"height":126,"caption":"IDA.KOREA"},"image":{"@id":"https:\/\/idakorea.ee\/#\/schema\/logo\/image\/"},"sameAs":["https:\/\/www.instagram.com\/ida.korea\/"]}]}},"jetpack_sharing_enabled":true,"brands":[{"id":493,"name":"VT COSMETICS","slug":"vt"}],"_links":{"self":[{"href":"https:\/\/idakorea.ee\/fi\/wp-json\/wp\/v2\/product\/17019","targetHints":{"allow":["GET"]}}],"collection":[{"href":"https:\/\/idakorea.ee\/fi\/wp-json\/wp\/v2\/product"}],"about":[{"href":"https:\/\/idakorea.ee\/fi\/wp-json\/wp\/v2\/types\/product"}],"replies":[{"embeddable":true,"href":"https:\/\/idakorea.ee\/fi\/wp-json\/wp\/v2\/comments?post=17019"}],"version-history":[{"count":2,"href":"https:\/\/idakorea.ee\/fi\/wp-json\/wp\/v2\/product\/17019\/revisions"}],"predecessor-version":[{"id":17024,"href":"https:\/\/idakorea.ee\/fi\/wp-json\/wp\/v2\/product\/17019\/revisions\/17024"}],"wp:featuredmedia":[{"embeddable":true,"href":"https:\/\/idakorea.ee\/fi\/wp-json\/wp\/v2\/media\/17020"}],"wp:attachment":[{"href":"https:\/\/idakorea.ee\/fi\/wp-json\/wp\/v2\/media?parent=17019"}],"wp:term":[{"taxonomy":"pwb-brand","embeddable":true,"href":"https:\/\/idakorea.ee\/fi\/wp-json\/wp\/v2\/pwb-brand?post=17019"},{"taxonomy":"product_brand","embeddable":true,"href":"https:\/\/idakorea.ee\/fi\/wp-json\/wp\/v2\/product_brand?post=17019"},{"taxonomy":"product_cat","embeddable":true,"href":"https:\/\/idakorea.ee\/fi\/wp-json\/wp\/v2\/product_cat?post=17019"},{"taxonomy":"product_tag","embeddable":true,"href":"https:\/\/idakorea.ee\/fi\/wp-json\/wp\/v2\/product_tag?post=17019"}],"curies":[{"name":"wp","href":"https:\/\/api.w.org\/{rel}","templated":true}]}}