{"id":17025,"date":"2026-01-02T15:27:24","date_gmt":"2026-01-02T13:27:24","guid":{"rendered":"https:\/\/idakorea.ee\/?post_type=product&#038;p=17025"},"modified":"2026-04-10T09:22:32","modified_gmt":"2026-04-10T07:22:32","slug":"missha-time-revolution-retinol-500iu-shot-eye-cream","status":"publish","type":"product","link":"https:\/\/idakorea.ee\/fi\/product\/missha-time-revolution-retinol-500iu-shot-eye-cream\/","title":{"rendered":"Silm\u00e4nymp\u00e4rysvoide retinolia sis\u00e4lt\u00e4v\u00e4ll\u00e4 Missha Time Revolution Retinol 500IU Shot Eye Cream -silm\u00e4nymp\u00e4rysvoide, 15ml+15ml"},"content":{"rendered":"<p data-start=\"67\" data-end=\"373\">T\u00e4m\u00e4 innovatiivinen silm\u00e4nymp\u00e4rysvoidekaksikko yhdist\u00e4\u00e4 retinolin ik\u00e4\u00e4ntymist\u00e4 ehk\u00e4isev\u00e4t hy\u00f6dyt galvaanisen teknologian elvytt\u00e4v\u00e4\u00e4n voimaan ja torjuu ik\u00e4\u00e4ntymisen merkkej\u00e4 herk\u00e4ll\u00e4 silm\u00e4nymp\u00e4rysiholla. Auttaa v\u00e4hent\u00e4m\u00e4\u00e4n ryppyjen, juonteiden ja tummien silm\u00e4nalusten n\u00e4kymist\u00e4 j\u00e4tt\u00e4en silm\u00e4nymp\u00e4rysihon nuorekkaan ja raikkaan n\u00e4k\u00f6iseksi.<\/p>\n<p data-start=\"375\" data-end=\"396\"><strong data-start=\"375\" data-end=\"396\">T\u00e4rkeimm\u00e4t edut:<\/strong><\/p>\n<ul data-start=\"398\" data-end=\"1103\">\n<li data-start=\"398\" data-end=\"581\">\n<p data-start=\"400\" data-end=\"581\"><strong data-start=\"400\" data-end=\"437\">V\u00e4hent\u00e4\u00e4 ryppyj\u00e4 ja hienoja juonteita:<\/strong> Retinoli, tehokas A-vitamiinin johdannainen, stimuloi kollageenin tuotantoa ja auttaa v\u00e4hent\u00e4m\u00e4\u00e4n ryppyjen ja juonteiden n\u00e4kymist\u00e4 silm\u00e4nymp\u00e4rysiholla.<\/p>\n<\/li>\n<li data-start=\"582\" data-end=\"711\">\n<p data-start=\"584\" data-end=\"711\"><strong data-start=\"584\" data-end=\"619\">Kirkastaa tummia silm\u00e4nalusia:<\/strong> parantaa silm\u00e4nymp\u00e4rysihon mikroverenkiertoa, mik\u00e4 v\u00e4hent\u00e4\u00e4 tummia silm\u00e4nalusia ja turvotusta.<\/p>\n<\/li>\n<li data-start=\"712\" data-end=\"832\">\n<p data-start=\"714\" data-end=\"832\"><strong data-start=\"714\" data-end=\"737\">Parantaa elastisuutta:<\/strong> lis\u00e4\u00e4 ihon kimmoisuutta ja kiinteytt\u00e4, tehden silm\u00e4nymp\u00e4rysihosta nuorekkaamman ja kohotetun n\u00e4k\u00f6isen.<\/p>\n<\/li>\n<li data-start=\"833\" data-end=\"1001\">\n<p data-start=\"835\" data-end=\"1001\"><strong data-start=\"835\" data-end=\"863\">Galvaaninen tekniikka:<\/strong> Sis\u00e4\u00e4nrakennettu galvaaninen applikaattori hieroo hell\u00e4varaisesti silm\u00e4nymp\u00e4rysihoa, parantaa tuotteen imeytymist\u00e4 ja antaa iholle s\u00e4teilev\u00e4mm\u00e4n ulkon\u00e4\u00f6n.<\/p>\n<\/li>\n<li data-start=\"1002\" data-end=\"1103\">\n<p data-start=\"1004\" data-end=\"1103\"><strong data-start=\"1004\" data-end=\"1027\">Kosteuttaa ja ravitsee:<\/strong> tarjoaa tarvittavaa kosteutusta pit\u00e4en silm\u00e4nymp\u00e4rysihon herk\u00e4n ihon kimmoisana ja terveen\u00e4.<\/p>\n<\/li>\n<\/ul>\n<p data-start=\"1105\" data-end=\"1127\"><strong data-start=\"1105\" data-end=\"1127\">Setti sis\u00e4lt\u00e4\u00e4:<\/strong><\/p>\n<ul data-start=\"1129\" data-end=\"1384\">\n<li data-start=\"1129\" data-end=\"1259\">\n<p data-start=\"1131\" data-end=\"1259\"><strong data-start=\"1131\" data-end=\"1179\">Time Revolution Retinol 500IU -silm\u00e4nymp\u00e4rysvoide<\/strong> <strong>15 ml + 15 ml<\/strong> \u2013 tehokas retinolia sis\u00e4lt\u00e4v\u00e4 silm\u00e4nymp\u00e4rysvoide, joka on suunniteltu v\u00e4hent\u00e4m\u00e4\u00e4n ik\u00e4\u00e4ntymisen merkkej\u00e4.<\/p>\n<\/li>\n<li data-start=\"1260\" data-end=\"1384\">\n<p data-start=\"1262\" data-end=\"1384\"><strong data-start=\"1262\" data-end=\"1288\">Galvaaninen applikaattori<\/strong> \u2013 erityinen laite, joka parantaa vaikuttavien aineiden imeytymist\u00e4 ja hieroo hell\u00e4varaisesti silm\u00e4nymp\u00e4rysihoa.<\/p>\n<\/li>\n<\/ul>\n<p data-start=\"1386\" data-end=\"1411\"><strong data-start=\"1386\" data-end=\"1411\">T\u00e4rkeimm\u00e4t ainesosat:<\/strong><\/p>\n<ul data-start=\"1413\" data-end=\"1826\">\n<li data-start=\"1413\" data-end=\"1552\">\n<p data-start=\"1415\" data-end=\"1552\"><strong data-start=\"1415\" data-end=\"1434\">Retinoli 500 IU<\/strong> \u2013 eritt\u00e4in tehokas A-vitamiinin muoto, joka on huolellisesti kehitetty sopimaan ja pysym\u00e4\u00e4n terveen\u00e4 herk\u00e4lle silm\u00e4nymp\u00e4rysiholle.<\/p>\n<\/li>\n<li data-start=\"1553\" data-end=\"1648\">\n<p data-start=\"1555\" data-end=\"1648\"><strong data-start=\"1555\" data-end=\"1572\">Niasiiniamidi<\/strong> \u2013 auttaa vaalentamaan tummia silm\u00e4nalusia ja vahvistamaan ihon suojakerrosta.<\/p>\n<\/li>\n<li data-start=\"1649\" data-end=\"1718\">\n<p data-start=\"1651\" data-end=\"1718\"><strong data-start=\"1651\" data-end=\"1668\">Hyaluronihappo<\/strong> \u2013 kosteuttaa ihoa syv\u00e4lt\u00e4 ja auttaa kiinteytt\u00e4m\u00e4\u00e4n sit\u00e4.<\/p>\n<\/li>\n<li data-start=\"1719\" data-end=\"1826\">\n<p data-start=\"1721\" data-end=\"1826\"><strong data-start=\"1721\" data-end=\"1734\">Adenos<\/strong> \u2013 rauhoittava ja ik\u00e4\u00e4ntymist\u00e4 ehk\u00e4isev\u00e4 ainesosa, joka auttaa v\u00e4hent\u00e4m\u00e4\u00e4n ryppyjen n\u00e4kymist\u00e4.<\/p>\n<\/li>\n<\/ul>\n<p data-start=\"1828\" data-end=\"1843\"><strong data-start=\"1828\" data-end=\"1843\">K\u00e4ytt\u00f6:<\/strong><\/p>\n<p data-start=\"1828\" data-end=\"1843\">Puhdistuksen ja kasvoveden j\u00e4lkeen levit\u00e4 pieni m\u00e4\u00e4r\u00e4 silm\u00e4nymp\u00e4rysvoidetta silm\u00e4nymp\u00e4rysiholle. Hiero voide hell\u00e4varaisesti ihoon py\u00f6rivin liikkein galvaanisella applikaattorilla. K\u00e4yt\u00e4 illalla. K\u00e4yt\u00e4 aina aurinkovoidetta p\u00e4iv\u00e4ll\u00e4.<\/p>\n<p data-start=\"2120\" data-end=\"2133\"><strong data-start=\"2120\" data-end=\"2133\">Lis\u00e4tietoja:<\/strong><\/p>\n<p data-start=\"2135\" data-end=\"2374\">Sopii kaikille ihotyypeille, mutta herk\u00e4lle iholle on suositeltavaa aloittaa pienemm\u00e4ll\u00e4 retinoliapitoisuudella.<br data-start=\"2254\" data-end=\"2257\" \/>T\u00e4m\u00e4 silm\u00e4nymp\u00e4rysvoidekaksikko on todellinen l\u00e4pimurto niille, jotka haluavat n\u00e4kyv\u00e4sti nuorekkaamman silm\u00e4nymp\u00e4rysihon.<\/p>\n<p data-start=\"2376\" data-end=\"2496\" data-is-last-node=\"\" data-is-only-node=\"\">","protected":false},"excerpt":{"rendered":"<p>T\u00e4m\u00e4 innovatiivinen silm\u00e4nymp\u00e4rysvoidekaksikko yhdist\u00e4\u00e4 retinolin ik\u00e4\u00e4ntymist\u00e4 ehk\u00e4isev\u00e4t hy\u00f6dyt galvaanisen teknologian elvytt\u00e4v\u00e4\u00e4n voimaan ja torjuu ik\u00e4\u00e4ntymisen merkkej\u00e4 herk\u00e4ll\u00e4 silm\u00e4nymp\u00e4rysiholla. Auttaa v\u00e4hent\u00e4m\u00e4\u00e4n ryppyjen, juonteiden ja tummien silm\u00e4nalusten n\u00e4kymist\u00e4, j\u00e4tt\u00e4en silm\u00e4nymp\u00e4rysihon n\u00e4ytt\u00e4m\u00e4\u00e4n nuorekkaalta ja raikkaalta. T\u00e4rkeimm\u00e4t hy\u00f6dyt: V\u00e4hent\u00e4\u00e4 ryppyj\u00e4 ja hienoja juonteita: Retinoli, tehokas A-vitamiinin johdannainen, stimuloi kollageenin tuotantoa ja auttaa v\u00e4hent\u00e4m\u00e4\u00e4n ryppyjen ja hienojen juonteiden n\u00e4kymist\u00e4 silm\u00e4nymp\u00e4rysiholla\u2026.<\/p>","protected":false},"featured_media":17028,"comment_status":"open","ping_status":"closed","template":"","meta":{"_uf_show_specific_survey":0,"_uf_disable_surveys":false,"_bst_post_transparent":"default","_bst_post_title":"","_bst_post_layout":"default","_bst_post_sidebar_id":"","_bst_post_content_style":"default","_bst_post_vertical_padding":"default","_bst_post_feature":"","_bst_post_feature_position":"","_bst_post_header":false,"_bst_post_footer":false},"pwb-brand":[631],"product_brand":[],"product_cat":[92,99,201],"product_tag":[568,632,213],"class_list":{"0":"post-17025","1":"product","2":"type-product","3":"status-publish","4":"has-post-thumbnail","6":"pwb-brand-missha","7":"product_cat-nagu","8":"product_cat-silmad-ja-huuled-2","9":"product_cat-silmakreem","10":"product_tag-korea","11":"product_tag-missha","12":"product_tag-retinol","14":"first","15":"instock","16":"sale","17":"shipping-taxable","18":"purchasable","19":"product-type-simple","20":"entry","21":"content-bg","22":"loop-entry"},"supplier_id":null,"supplier_sku":"","barcode":null,"atum_controlled":true,"out_stock_date":null,"out_stock_threshold":null,"inheritable":false,"inbound_stock":0,"stock_on_hold":0,"sold_today":0,"sales_last_days":1,"out_stock_days":0,"lost_sales":0,"has_location":false,"update_date":"2026-04-14T08:40:29","atum_locations":[],"atum_stock_status":"instock","restock_status":false,"low_stock_amount":"","sales_update_date":"2026-04-14T08:40:29","calc_backorders":null,"yoast_head":"<!-- This site is optimized with the Yoast SEO plugin v27.2 - https:\/\/yoast.com\/product\/yoast-seo-wordpress\/ -->\n<title>Missha Time Revolution Retinol 500IU Shot Eye Cream - IDA.KOREA<\/title>\n<meta name=\"description\" content=\"Silmakreem \u00fchendab retinooli vananemisvastase toime galvanilise tehnoloogia elustava j\u00f5uga, et v\u00f5idelda vananemism\u00e4rkidega silma\u00fcmbruse piirkonnas.\" \/>\n<meta name=\"robots\" content=\"index, follow, max-snippet:-1, max-image-preview:large, max-video-preview:-1\" \/>\n<link rel=\"canonical\" href=\"https:\/\/idakorea.ee\/fi\/product\/missha-time-revolution-retinol-500iu-shot-eye-cream\/\" \/>\n<meta property=\"og:locale\" content=\"fi_FI\" \/>\n<meta property=\"og:type\" content=\"article\" \/>\n<meta property=\"og:title\" content=\"Missha Time Revolution Retinol 500IU Shot Eye Cream - IDA.KOREA\" \/>\n<meta property=\"og:description\" content=\"Silmakreem \u00fchendab retinooli vananemisvastase toime galvanilise tehnoloogia elustava j\u00f5uga, et v\u00f5idelda vananemism\u00e4rkidega silma\u00fcmbruse piirkonnas.\" \/>\n<meta property=\"og:url\" content=\"https:\/\/idakorea.ee\/fi\/product\/missha-time-revolution-retinol-500iu-shot-eye-cream\/\" \/>\n<meta property=\"og:site_name\" content=\"IDA.KOREA\" \/>\n<meta property=\"article:modified_time\" content=\"2026-04-10T07:22:32+00:00\" \/>\n<meta property=\"og:image\" content=\"https:\/\/idakorea.ee\/wp-content\/uploads\/2026\/01\/MISSHATimeRevolution500ShotGalvanicEyeCreamDuoSet-idakorea.webp\" \/>\n\t<meta property=\"og:image:width\" content=\"1000\" \/>\n\t<meta property=\"og:image:height\" content=\"1000\" \/>\n\t<meta property=\"og:image:type\" content=\"image\/webp\" \/>\n<meta name=\"twitter:card\" content=\"summary_large_image\" \/>\n<meta name=\"twitter:label1\" content=\"Arvioitu lukuaika\" \/>\n\t<meta name=\"twitter:data1\" content=\"2 minuuttia\" \/>\n<script type=\"application\/ld+json\" class=\"yoast-schema-graph\">{\"@context\":\"https:\/\/schema.org\",\"@graph\":[{\"@type\":\"WebPage\",\"@id\":\"https:\/\/idakorea.ee\/product\/missha-time-revolution-retinol-500iu-shot-eye-cream\/\",\"url\":\"https:\/\/idakorea.ee\/product\/missha-time-revolution-retinol-500iu-shot-eye-cream\/\",\"name\":\"Missha Time Revolution Retinol 500IU Shot Eye Cream - IDA.KOREA\",\"isPartOf\":{\"@id\":\"https:\/\/idakorea.ee\/#website\"},\"primaryImageOfPage\":{\"@id\":\"https:\/\/idakorea.ee\/product\/missha-time-revolution-retinol-500iu-shot-eye-cream\/#primaryimage\"},\"image\":{\"@id\":\"https:\/\/idakorea.ee\/product\/missha-time-revolution-retinol-500iu-shot-eye-cream\/#primaryimage\"},\"thumbnailUrl\":\"https:\/\/idakorea.ee\/wp-content\/uploads\/2026\/01\/MISSHATimeRevolution500ShotGalvanicEyeCreamDuoSet-idakorea.webp\",\"datePublished\":\"2026-01-02T13:27:24+00:00\",\"dateModified\":\"2026-04-10T07:22:32+00:00\",\"description\":\"Silmakreem \u00fchendab retinooli vananemisvastase toime galvanilise tehnoloogia elustava j\u00f5uga, et v\u00f5idelda vananemism\u00e4rkidega silma\u00fcmbruse piirkonnas.\",\"breadcrumb\":{\"@id\":\"https:\/\/idakorea.ee\/product\/missha-time-revolution-retinol-500iu-shot-eye-cream\/#breadcrumb\"},\"inLanguage\":\"fi\",\"potentialAction\":[{\"@type\":\"ReadAction\",\"target\":[\"https:\/\/idakorea.ee\/product\/missha-time-revolution-retinol-500iu-shot-eye-cream\/\"]}]},{\"@type\":\"ImageObject\",\"inLanguage\":\"fi\",\"@id\":\"https:\/\/idakorea.ee\/product\/missha-time-revolution-retinol-500iu-shot-eye-cream\/#primaryimage\",\"url\":\"https:\/\/idakorea.ee\/wp-content\/uploads\/2026\/01\/MISSHATimeRevolution500ShotGalvanicEyeCreamDuoSet-idakorea.webp\",\"contentUrl\":\"https:\/\/idakorea.ee\/wp-content\/uploads\/2026\/01\/MISSHATimeRevolution500ShotGalvanicEyeCreamDuoSet-idakorea.webp\",\"width\":1000,\"height\":1000},{\"@type\":\"BreadcrumbList\",\"@id\":\"https:\/\/idakorea.ee\/product\/missha-time-revolution-retinol-500iu-shot-eye-cream\/#breadcrumb\",\"itemListElement\":[{\"@type\":\"ListItem\",\"position\":1,\"name\":\"\u0413\u043b\u0430\u0432\u043d\u0430\u044f \u0441\u0442\u0440\u0430\u043d\u0438\u0446\u0430\",\"item\":\"https:\/\/idakorea.ee\/\"},{\"@type\":\"ListItem\",\"position\":2,\"name\":\"Shop\",\"item\":\"https:\/\/idakorea.ee\/shop-2\/\"},{\"@type\":\"ListItem\",\"position\":3,\"name\":\"Silmakreem retinooliga Missha Time Revolution Retinol 500IU Shot Eye Cream, 15ml+15ml\"}]},{\"@type\":\"WebSite\",\"@id\":\"https:\/\/idakorea.ee\/#website\",\"url\":\"https:\/\/idakorea.ee\/\",\"name\":\"IDA.KOREA\",\"description\":\"Korea kosmeetika e-pood\",\"publisher\":{\"@id\":\"https:\/\/idakorea.ee\/#organization\"},\"alternateName\":\"Beauty Shop\",\"potentialAction\":[{\"@type\":\"SearchAction\",\"target\":{\"@type\":\"EntryPoint\",\"urlTemplate\":\"https:\/\/idakorea.ee\/?s={search_term_string}\"},\"query-input\":{\"@type\":\"PropertyValueSpecification\",\"valueRequired\":true,\"valueName\":\"search_term_string\"}}],\"inLanguage\":\"fi\"},{\"@type\":\"Organization\",\"@id\":\"https:\/\/idakorea.ee\/#organization\",\"name\":\"IDA.KOREA\",\"url\":\"https:\/\/idakorea.ee\/\",\"logo\":{\"@type\":\"ImageObject\",\"inLanguage\":\"fi\",\"@id\":\"https:\/\/idakorea.ee\/#\/schema\/logo\/image\/\",\"url\":\"https:\/\/idakorea.ee\/wp-content\/uploads\/2024\/05\/cropped-korea3.png\",\"contentUrl\":\"https:\/\/idakorea.ee\/wp-content\/uploads\/2024\/05\/cropped-korea3.png\",\"width\":688,\"height\":126,\"caption\":\"IDA.KOREA\"},\"image\":{\"@id\":\"https:\/\/idakorea.ee\/#\/schema\/logo\/image\/\"},\"sameAs\":[\"https:\/\/www.instagram.com\/ida.korea\/\"]}]}<\/script>\n<!-- \/ Yoast SEO plugin. -->","yoast_head_json":{"title":"Missha Time Revolution Retinol 500IU silm\u00e4nymp\u00e4rysvoide - IDA.KOREA","description":"Silm\u00e4nymp\u00e4rysvoide yhdist\u00e4\u00e4 retinolin ik\u00e4\u00e4ntymist\u00e4 ehk\u00e4isev\u00e4t hy\u00f6dyt galvaanisen teknologian elvytt\u00e4v\u00e4\u00e4n voimaan torjuakseen ik\u00e4\u00e4ntymisen merkkej\u00e4 silm\u00e4nymp\u00e4rysiholla.","robots":{"index":"index","follow":"follow","max-snippet":"max-snippet:-1","max-image-preview":"max-image-preview:large","max-video-preview":"max-video-preview:-1"},"canonical":"https:\/\/idakorea.ee\/fi\/product\/missha-time-revolution-retinol-500iu-shot-eye-cream\/","og_locale":"fi_FI","og_type":"article","og_title":"Missha Time Revolution Retinol 500IU Shot Eye Cream - IDA.KOREA","og_description":"Silmakreem \u00fchendab retinooli vananemisvastase toime galvanilise tehnoloogia elustava j\u00f5uga, et v\u00f5idelda vananemism\u00e4rkidega silma\u00fcmbruse piirkonnas.","og_url":"https:\/\/idakorea.ee\/fi\/product\/missha-time-revolution-retinol-500iu-shot-eye-cream\/","og_site_name":"IDA.KOREA","article_modified_time":"2026-04-10T07:22:32+00:00","og_image":[{"width":1000,"height":1000,"url":"https:\/\/idakorea.ee\/wp-content\/uploads\/2026\/01\/MISSHATimeRevolution500ShotGalvanicEyeCreamDuoSet-idakorea.webp","type":"image\/webp"}],"twitter_card":"summary_large_image","twitter_misc":{"Arvioitu lukuaika":"2 minuuttia"},"schema":{"@context":"https:\/\/schema.org","@graph":[{"@type":"WebPage","@id":"https:\/\/idakorea.ee\/product\/missha-time-revolution-retinol-500iu-shot-eye-cream\/","url":"https:\/\/idakorea.ee\/product\/missha-time-revolution-retinol-500iu-shot-eye-cream\/","name":"Missha Time Revolution Retinol 500IU silm\u00e4nymp\u00e4rysvoide - IDA.KOREA","isPartOf":{"@id":"https:\/\/idakorea.ee\/#website"},"primaryImageOfPage":{"@id":"https:\/\/idakorea.ee\/product\/missha-time-revolution-retinol-500iu-shot-eye-cream\/#primaryimage"},"image":{"@id":"https:\/\/idakorea.ee\/product\/missha-time-revolution-retinol-500iu-shot-eye-cream\/#primaryimage"},"thumbnailUrl":"https:\/\/idakorea.ee\/wp-content\/uploads\/2026\/01\/MISSHATimeRevolution500ShotGalvanicEyeCreamDuoSet-idakorea.webp","datePublished":"2026-01-02T13:27:24+00:00","dateModified":"2026-04-10T07:22:32+00:00","description":"Silm\u00e4nymp\u00e4rysvoide yhdist\u00e4\u00e4 retinolin ik\u00e4\u00e4ntymist\u00e4 ehk\u00e4isev\u00e4t hy\u00f6dyt galvaanisen teknologian elvytt\u00e4v\u00e4\u00e4n voimaan torjuakseen ik\u00e4\u00e4ntymisen merkkej\u00e4 silm\u00e4nymp\u00e4rysiholla.","breadcrumb":{"@id":"https:\/\/idakorea.ee\/product\/missha-time-revolution-retinol-500iu-shot-eye-cream\/#breadcrumb"},"inLanguage":"fi","potentialAction":[{"@type":"ReadAction","target":["https:\/\/idakorea.ee\/product\/missha-time-revolution-retinol-500iu-shot-eye-cream\/"]}]},{"@type":"ImageObject","inLanguage":"fi","@id":"https:\/\/idakorea.ee\/product\/missha-time-revolution-retinol-500iu-shot-eye-cream\/#primaryimage","url":"https:\/\/idakorea.ee\/wp-content\/uploads\/2026\/01\/MISSHATimeRevolution500ShotGalvanicEyeCreamDuoSet-idakorea.webp","contentUrl":"https:\/\/idakorea.ee\/wp-content\/uploads\/2026\/01\/MISSHATimeRevolution500ShotGalvanicEyeCreamDuoSet-idakorea.webp","width":1000,"height":1000},{"@type":"BreadcrumbList","@id":"https:\/\/idakorea.ee\/product\/missha-time-revolution-retinol-500iu-shot-eye-cream\/#breadcrumb","itemListElement":[{"@type":"ListItem","position":1,"name":"\u0413\u043b\u0430\u0432\u043d\u0430\u044f \u0441\u0442\u0440\u0430\u043d\u0438\u0446\u0430","item":"https:\/\/idakorea.ee\/"},{"@type":"ListItem","position":2,"name":"Shop","item":"https:\/\/idakorea.ee\/shop-2\/"},{"@type":"ListItem","position":3,"name":"Silmakreem retinooliga Missha Time Revolution Retinol 500IU Shot Eye Cream, 15ml+15ml"}]},{"@type":"WebSite","@id":"https:\/\/idakorea.ee\/#website","url":"https:\/\/idakorea.ee\/","name":"IDA.KOREA","description":"Korean kosmetiikan verkkokauppa","publisher":{"@id":"https:\/\/idakorea.ee\/#organization"},"alternateName":"Beauty Shop","potentialAction":[{"@type":"SearchAction","target":{"@type":"EntryPoint","urlTemplate":"https:\/\/idakorea.ee\/?s={search_term_string}"},"query-input":{"@type":"PropertyValueSpecification","valueRequired":true,"valueName":"search_term_string"}}],"inLanguage":"fi"},{"@type":"Organization","@id":"https:\/\/idakorea.ee\/#organization","name":"IDA.KOREA","url":"https:\/\/idakorea.ee\/","logo":{"@type":"ImageObject","inLanguage":"fi","@id":"https:\/\/idakorea.ee\/#\/schema\/logo\/image\/","url":"https:\/\/idakorea.ee\/wp-content\/uploads\/2024\/05\/cropped-korea3.png","contentUrl":"https:\/\/idakorea.ee\/wp-content\/uploads\/2024\/05\/cropped-korea3.png","width":688,"height":126,"caption":"IDA.KOREA"},"image":{"@id":"https:\/\/idakorea.ee\/#\/schema\/logo\/image\/"},"sameAs":["https:\/\/www.instagram.com\/ida.korea\/"]}]}},"jetpack_sharing_enabled":true,"brands":[{"id":631,"name":"MISSHA","slug":"missha"}],"_links":{"self":[{"href":"https:\/\/idakorea.ee\/fi\/wp-json\/wp\/v2\/product\/17025","targetHints":{"allow":["GET"]}}],"collection":[{"href":"https:\/\/idakorea.ee\/fi\/wp-json\/wp\/v2\/product"}],"about":[{"href":"https:\/\/idakorea.ee\/fi\/wp-json\/wp\/v2\/types\/product"}],"replies":[{"embeddable":true,"href":"https:\/\/idakorea.ee\/fi\/wp-json\/wp\/v2\/comments?post=17025"}],"version-history":[{"count":2,"href":"https:\/\/idakorea.ee\/fi\/wp-json\/wp\/v2\/product\/17025\/revisions"}],"predecessor-version":[{"id":17452,"href":"https:\/\/idakorea.ee\/fi\/wp-json\/wp\/v2\/product\/17025\/revisions\/17452"}],"wp:featuredmedia":[{"embeddable":true,"href":"https:\/\/idakorea.ee\/fi\/wp-json\/wp\/v2\/media\/17028"}],"wp:attachment":[{"href":"https:\/\/idakorea.ee\/fi\/wp-json\/wp\/v2\/media?parent=17025"}],"wp:term":[{"taxonomy":"pwb-brand","embeddable":true,"href":"https:\/\/idakorea.ee\/fi\/wp-json\/wp\/v2\/pwb-brand?post=17025"},{"taxonomy":"product_brand","embeddable":true,"href":"https:\/\/idakorea.ee\/fi\/wp-json\/wp\/v2\/product_brand?post=17025"},{"taxonomy":"product_cat","embeddable":true,"href":"https:\/\/idakorea.ee\/fi\/wp-json\/wp\/v2\/product_cat?post=17025"},{"taxonomy":"product_tag","embeddable":true,"href":"https:\/\/idakorea.ee\/fi\/wp-json\/wp\/v2\/product_tag?post=17025"}],"curies":[{"name":"wp","href":"https:\/\/api.w.org\/{rel}","templated":true}]}}