{"id":17035,"date":"2026-01-03T14:58:14","date_gmt":"2026-01-03T12:58:14","guid":{"rendered":"https:\/\/idakorea.ee\/?post_type=product&#038;p=17035"},"modified":"2026-01-29T11:36:16","modified_gmt":"2026-01-29T09:36:16","slug":"beauty-of-joseon-red-bean-water-gel-100ml","status":"publish","type":"product","link":"https:\/\/idakorea.ee\/fi\/product\/beauty-of-joseon-red-bean-water-gel-100ml\/","title":{"rendered":"Kosteuttava kasvogeeli Beauty of Joseon Red Bean -vesigeeli, 100ml"},"content":{"rendered":"<p data-start=\"67\" data-end=\"263\"><strong data-start=\"67\" data-end=\"106\">Beauty of Joseon Red Bean Water Gel<\/strong> on erinomainen kosteuttava geeli rasvaiselle ja sekaiholle. Se auttaa palauttamaan kosteustasapainon, normalisoi talirauhasten erityst\u00e4 ja ehk\u00e4isee rasvaisen kiillon muodostumista.<\/p>\n<p data-start=\"265\" data-end=\"469\">Kevyt ja ilmava geelim\u00e4inen koostumus on miellytt\u00e4v\u00e4n raikas, imeytyy nopeasti eik\u00e4 j\u00e4t\u00e4 ihoa raskaan tuntuiseksi. Se hidastaa ihon ik\u00e4\u00e4ntymisprosessia, yll\u00e4pit\u00e4\u00e4 kimmoisuutta ja sileytt\u00e4 sek\u00e4 tasoittaa ihon pintaa.<\/p>\n<p data-start=\"471\" data-end=\"723\">Kaava perustuu <strong data-start=\"485\" data-end=\"523\">adzukipapu-uutteella (441 000 ppm)<\/strong>, joka tunnetaan my\u00f6s nimell\u00e4 kulmikaspapu \u2013 perinteisen l\u00e4\u00e4ketieteen ainesosa ja runsas saponiinien l\u00e4hde. Pavun uute s\u00e4\u00e4telee talirauhasten tuotantoa, parantaa ihon kimmoisuutta ja suojaa vapailta radikaaleilta.<\/p>\n<p data-start=\"725\" data-end=\"751\"><strong data-start=\"725\" data-end=\"751\">Muita vaikuttavia aineita:<\/strong><\/p>\n<ul data-start=\"752\" data-end=\"2180\">\n<li data-start=\"752\" data-end=\"914\">\n<p data-start=\"754\" data-end=\"914\"><strong data-start=\"754\" data-end=\"791\">Argireliini (asetyyliheksapeptidi-8)<\/strong> \u2013 botoxin kaltaisella vaikutuksella varustettu peptidi, joka rentouttaa kasvolihaksia ja auttaa ehk\u00e4isem\u00e4\u00e4n j\u00e4ljittelevien ryppyjen ja ihopoimujen muodostumista.<\/p>\n<\/li>\n<li data-start=\"915\" data-end=\"1185\">\n<p data-start=\"917\" data-end=\"1185\"><strong data-start=\"917\" data-end=\"950\">3 epidermaalista kasvutekij\u00e4\u00e4<\/strong> (sh-oligopeptidi-1, sh-oligopeptidi-2, sh-polypeptidi-1) \u2013 stimuloivat solujen kasvua ja k\u00e4ynnist\u00e4v\u00e4t ihon uudistumisprosessin, yll\u00e4pit\u00e4en ihon tiheytt\u00e4, kimmoisuutta ja sileytt\u00e4, nopeuttaen paranemista ja tukien kollageenisynteesi\u00e4.<\/p>\n<\/li>\n<li data-start=\"1186\" data-end=\"1433\">\n<p data-start=\"1188\" data-end=\"1433\"><strong data-start=\"1188\" data-end=\"1218\">Magnesiumaskorbyylifosfaatti<\/strong> \u2013 Vakaa C-vitamiinin muoto, joka vaalentaa pigmenttimuutoksia, est\u00e4\u00e4 tulehdusprosesseja, neutraloi oksidatiivista stressi\u00e4 ja stimuloi ihon omaa kollageenin tuotantoa parantaen ihon kimmoisuutta ja tiheytt\u00e4.<\/p>\n<\/li>\n<li data-start=\"1434\" data-end=\"1603\">\n<p data-start=\"1436\" data-end=\"1603\"><strong data-start=\"1436\" data-end=\"1453\">Beetaglukaani<\/strong> \u2013 palauttaa vaurioituneita ihoalueita, sill\u00e4 on tulehdusta ja ik\u00e4\u00e4ntymist\u00e4 ehk\u00e4isevi\u00e4 vaikutuksia, kosteuttaa tehokkaasti ja suojaa vapailta radikaaleilta.<\/p>\n<\/li>\n<li data-start=\"1604\" data-end=\"1736\">\n<p data-start=\"1606\" data-end=\"1736\"><strong data-start=\"1606\" data-end=\"1641\">Syanokobalamiini (B12-vitamiini)<\/strong> \u2013 kosteuttaa ja rauhoittaa ihoa, v\u00e4hent\u00e4\u00e4 tulehdusta, vahvistaa kapillaareja ja auttaa aknen hoidossa.<\/p>\n<\/li>\n<li data-start=\"1737\" data-end=\"1879\">\n<p data-start=\"1739\" data-end=\"1879\"><strong data-start=\"1739\" data-end=\"1763\">Aminohappokompleksi<\/strong> \u2013 lis\u00e4\u00e4 ihon luonnollista kosteustekij\u00e4\u00e4 (NMF), parantaa ihon rakennetta, tasoittaa iho\u00e4rsytyst\u00e4 ja ihon s\u00e4vy\u00e4.<\/p>\n<\/li>\n<li data-start=\"1880\" data-end=\"2037\">\n<p data-start=\"1882\" data-end=\"2037\"><strong data-start=\"1882\" data-end=\"1909\">Pantenoli (B5-vitamiini)<\/strong> \u2013 lievitt\u00e4\u00e4 punoitusta ja kutinaa, vahvistaa hydrolipidisuojaa, est\u00e4\u00e4 kosteuden haihtumista ja tukee ihon uudistumista.<\/p>\n<\/li>\n<li data-start=\"2038\" data-end=\"2180\">\n<p data-start=\"2040\" data-end=\"2180\"><strong data-start=\"2040\" data-end=\"2054\">Allantoiin<\/strong> \u2013 edist\u00e4\u00e4 uudistumista, rauhoittaa ja parantaa ihoa, toimii antioksidanttisesti, kosteuttaa ja v\u00e4hent\u00e4\u00e4 ihon herkkyytt\u00e4.<\/p>\n<\/li>\n<\/ul>\n<p data-start=\"2182\" data-end=\"2221\">Sopii sekaiholle ja rasvaiselle iholle.<\/p>\n<p data-start=\"2223\" data-end=\"2337\"><strong data-start=\"2223\" data-end=\"2238\">K\u00e4ytt\u00f6:<\/strong> Levit\u00e4 herneen kokoinen m\u00e4\u00e4r\u00e4 geeli\u00e4 kasvoillesi ja levit\u00e4 se iholle kevyin taputtelevin liikkein.<\/p>","protected":false},"excerpt":{"rendered":"<p>Beauty of Joseon Red Bean Water Gel on erinomainen kosteuttava geeli rasvaiselle ja sekaiholle. Se auttaa palauttamaan kosteustasapainon, normalisoi talirauhasten erityst\u00e4 ja ehk\u00e4isee rasvaisen kiillon muodostumista. Kevyt ja ilmava geelim\u00e4inen koostumus raikastaa miellytt\u00e4v\u00e4sti, imeytyy nopeasti eik\u00e4 j\u00e4t\u00e4 iholle raskasta tunnetta. Hidastaa ihon ik\u00e4\u00e4ntymisprosessia, yll\u00e4pit\u00e4\u00e4 kimmoisuutta ja sileytt\u00e4 sek\u00e4 tasoittaa ihon pintaa. Koostumus perustuu adzukipapu-uutteeseen\u2026<\/p>","protected":false},"featured_media":17038,"comment_status":"open","ping_status":"closed","template":"","meta":{"_uf_show_specific_survey":0,"_uf_disable_surveys":false,"_bst_post_transparent":"default","_bst_post_title":"","_bst_post_layout":"default","_bst_post_sidebar_id":"","_bst_post_content_style":"default","_bst_post_vertical_padding":"default","_bst_post_feature":"","_bst_post_feature_position":"","_bst_post_header":false,"_bst_post_footer":false},"pwb-brand":[880],"product_brand":[],"product_cat":[92,96],"product_tag":[854,568,1046],"class_list":{"0":"post-17035","1":"product","2":"type-product","3":"status-publish","4":"has-post-thumbnail","6":"pwb-brand-beauty-of-joseon","7":"product_cat-nagu","8":"product_cat-naokreemid","9":"product_tag-gel","10":"product_tag-korea","11":"product_tag-rasune","13":"first","14":"instock","15":"sale","16":"shipping-taxable","17":"purchasable","18":"product-type-simple","19":"entry","20":"content-bg","21":"loop-entry"},"supplier_id":null,"supplier_sku":"","barcode":null,"atum_controlled":true,"out_stock_date":null,"out_stock_threshold":null,"inheritable":false,"inbound_stock":0,"stock_on_hold":0,"sold_today":0,"sales_last_days":0,"out_stock_days":0,"lost_sales":0,"has_location":false,"update_date":"2026-04-14T00:05:05","atum_locations":[],"atum_stock_status":"instock","restock_status":false,"low_stock_amount":"","sales_update_date":"2026-04-14T00:05:05","calc_backorders":null,"yoast_head":"<!-- This site is optimized with the Yoast SEO plugin v27.2 - https:\/\/yoast.com\/product\/yoast-seo-wordpress\/ -->\n<title>Beauty of Joseon Red Bean Water Gel, 100ml - IDA.KOREA<\/title>\n<meta name=\"description\" content=\"Suurep\u00e4rane niisutav geel rasusele ja kombineeritud nahale. See aitab taastada niiskustasakaalu, normaliseerib rasueritust ja ennetab rasuse l\u00e4ike teket.\" \/>\n<meta name=\"robots\" content=\"index, follow, max-snippet:-1, max-image-preview:large, max-video-preview:-1\" \/>\n<link rel=\"canonical\" href=\"https:\/\/idakorea.ee\/fi\/product\/beauty-of-joseon-red-bean-water-gel-100ml\/\" \/>\n<meta property=\"og:locale\" content=\"fi_FI\" \/>\n<meta property=\"og:type\" content=\"article\" \/>\n<meta property=\"og:title\" content=\"Beauty of Joseon Red Bean Water Gel, 100ml - IDA.KOREA\" \/>\n<meta property=\"og:description\" content=\"Suurep\u00e4rane niisutav geel rasusele ja kombineeritud nahale. See aitab taastada niiskustasakaalu, normaliseerib rasueritust ja ennetab rasuse l\u00e4ike teket.\" \/>\n<meta property=\"og:url\" content=\"https:\/\/idakorea.ee\/fi\/product\/beauty-of-joseon-red-bean-water-gel-100ml\/\" \/>\n<meta property=\"og:site_name\" content=\"IDA.KOREA\" \/>\n<meta property=\"article:modified_time\" content=\"2026-01-29T09:36:16+00:00\" \/>\n<meta property=\"og:image\" content=\"https:\/\/idakorea.ee\/wp-content\/uploads\/2026\/01\/Beauty-of-Joseon-Red-Bean-Water-Gel-idakorea.jpg\" \/>\n\t<meta property=\"og:image:width\" content=\"1000\" \/>\n\t<meta property=\"og:image:height\" content=\"1000\" \/>\n\t<meta property=\"og:image:type\" content=\"image\/jpeg\" \/>\n<meta name=\"twitter:card\" content=\"summary_large_image\" \/>\n<meta name=\"twitter:label1\" content=\"Arvioitu lukuaika\" \/>\n\t<meta name=\"twitter:data1\" content=\"2 minuuttia\" \/>\n<script type=\"application\/ld+json\" class=\"yoast-schema-graph\">{\"@context\":\"https:\/\/schema.org\",\"@graph\":[{\"@type\":\"WebPage\",\"@id\":\"https:\/\/idakorea.ee\/product\/beauty-of-joseon-red-bean-water-gel-100ml\/\",\"url\":\"https:\/\/idakorea.ee\/product\/beauty-of-joseon-red-bean-water-gel-100ml\/\",\"name\":\"Beauty of Joseon Red Bean Water Gel, 100ml - IDA.KOREA\",\"isPartOf\":{\"@id\":\"https:\/\/idakorea.ee\/#website\"},\"primaryImageOfPage\":{\"@id\":\"https:\/\/idakorea.ee\/product\/beauty-of-joseon-red-bean-water-gel-100ml\/#primaryimage\"},\"image\":{\"@id\":\"https:\/\/idakorea.ee\/product\/beauty-of-joseon-red-bean-water-gel-100ml\/#primaryimage\"},\"thumbnailUrl\":\"https:\/\/idakorea.ee\/wp-content\/uploads\/2026\/01\/Beauty-of-Joseon-Red-Bean-Water-Gel-idakorea.jpg\",\"datePublished\":\"2026-01-03T12:58:14+00:00\",\"dateModified\":\"2026-01-29T09:36:16+00:00\",\"description\":\"Suurep\u00e4rane niisutav geel rasusele ja kombineeritud nahale. See aitab taastada niiskustasakaalu, normaliseerib rasueritust ja ennetab rasuse l\u00e4ike teket.\",\"breadcrumb\":{\"@id\":\"https:\/\/idakorea.ee\/product\/beauty-of-joseon-red-bean-water-gel-100ml\/#breadcrumb\"},\"inLanguage\":\"fi\",\"potentialAction\":[{\"@type\":\"ReadAction\",\"target\":[\"https:\/\/idakorea.ee\/product\/beauty-of-joseon-red-bean-water-gel-100ml\/\"]}]},{\"@type\":\"ImageObject\",\"inLanguage\":\"fi\",\"@id\":\"https:\/\/idakorea.ee\/product\/beauty-of-joseon-red-bean-water-gel-100ml\/#primaryimage\",\"url\":\"https:\/\/idakorea.ee\/wp-content\/uploads\/2026\/01\/Beauty-of-Joseon-Red-Bean-Water-Gel-idakorea.jpg\",\"contentUrl\":\"https:\/\/idakorea.ee\/wp-content\/uploads\/2026\/01\/Beauty-of-Joseon-Red-Bean-Water-Gel-idakorea.jpg\",\"width\":1000,\"height\":1000},{\"@type\":\"BreadcrumbList\",\"@id\":\"https:\/\/idakorea.ee\/product\/beauty-of-joseon-red-bean-water-gel-100ml\/#breadcrumb\",\"itemListElement\":[{\"@type\":\"ListItem\",\"position\":1,\"name\":\"\u0413\u043b\u0430\u0432\u043d\u0430\u044f \u0441\u0442\u0440\u0430\u043d\u0438\u0446\u0430\",\"item\":\"https:\/\/idakorea.ee\/\"},{\"@type\":\"ListItem\",\"position\":2,\"name\":\"Shop\",\"item\":\"https:\/\/idakorea.ee\/shop-2\/\"},{\"@type\":\"ListItem\",\"position\":3,\"name\":\"Niisutav n\u00e4ogeel Beauty of Joseon Red Bean Water Gel, 100ml\"}]},{\"@type\":\"WebSite\",\"@id\":\"https:\/\/idakorea.ee\/#website\",\"url\":\"https:\/\/idakorea.ee\/\",\"name\":\"IDA.KOREA\",\"description\":\"Korea kosmeetika e-pood\",\"publisher\":{\"@id\":\"https:\/\/idakorea.ee\/#organization\"},\"alternateName\":\"Beauty Shop\",\"potentialAction\":[{\"@type\":\"SearchAction\",\"target\":{\"@type\":\"EntryPoint\",\"urlTemplate\":\"https:\/\/idakorea.ee\/?s={search_term_string}\"},\"query-input\":{\"@type\":\"PropertyValueSpecification\",\"valueRequired\":true,\"valueName\":\"search_term_string\"}}],\"inLanguage\":\"fi\"},{\"@type\":\"Organization\",\"@id\":\"https:\/\/idakorea.ee\/#organization\",\"name\":\"IDA.KOREA\",\"url\":\"https:\/\/idakorea.ee\/\",\"logo\":{\"@type\":\"ImageObject\",\"inLanguage\":\"fi\",\"@id\":\"https:\/\/idakorea.ee\/#\/schema\/logo\/image\/\",\"url\":\"https:\/\/idakorea.ee\/wp-content\/uploads\/2024\/05\/cropped-korea3.png\",\"contentUrl\":\"https:\/\/idakorea.ee\/wp-content\/uploads\/2024\/05\/cropped-korea3.png\",\"width\":688,\"height\":126,\"caption\":\"IDA.KOREA\"},\"image\":{\"@id\":\"https:\/\/idakorea.ee\/#\/schema\/logo\/image\/\"},\"sameAs\":[\"https:\/\/www.instagram.com\/ida.korea\/\"]}]}<\/script>\n<!-- \/ Yoast SEO plugin. -->","yoast_head_json":{"title":"Beauty of Joseon punapapuvesigeeli, 100ml - IDA.KOREA","description":"Erinomainen kosteuttava geeli rasvaiselle ja sekaiholle. Se auttaa palauttamaan kosteustasapainon, normalisoi talirauhasten erityst\u00e4 ja ehk\u00e4isee rasvaisen kiillon muodostumista.","robots":{"index":"index","follow":"follow","max-snippet":"max-snippet:-1","max-image-preview":"max-image-preview:large","max-video-preview":"max-video-preview:-1"},"canonical":"https:\/\/idakorea.ee\/fi\/product\/beauty-of-joseon-red-bean-water-gel-100ml\/","og_locale":"fi_FI","og_type":"article","og_title":"Beauty of Joseon Red Bean Water Gel, 100ml - IDA.KOREA","og_description":"Suurep\u00e4rane niisutav geel rasusele ja kombineeritud nahale. See aitab taastada niiskustasakaalu, normaliseerib rasueritust ja ennetab rasuse l\u00e4ike teket.","og_url":"https:\/\/idakorea.ee\/fi\/product\/beauty-of-joseon-red-bean-water-gel-100ml\/","og_site_name":"IDA.KOREA","article_modified_time":"2026-01-29T09:36:16+00:00","og_image":[{"width":1000,"height":1000,"url":"https:\/\/idakorea.ee\/wp-content\/uploads\/2026\/01\/Beauty-of-Joseon-Red-Bean-Water-Gel-idakorea.jpg","type":"image\/jpeg"}],"twitter_card":"summary_large_image","twitter_misc":{"Arvioitu lukuaika":"2 minuuttia"},"schema":{"@context":"https:\/\/schema.org","@graph":[{"@type":"WebPage","@id":"https:\/\/idakorea.ee\/product\/beauty-of-joseon-red-bean-water-gel-100ml\/","url":"https:\/\/idakorea.ee\/product\/beauty-of-joseon-red-bean-water-gel-100ml\/","name":"Beauty of Joseon punapapuvesigeeli, 100ml - IDA.KOREA","isPartOf":{"@id":"https:\/\/idakorea.ee\/#website"},"primaryImageOfPage":{"@id":"https:\/\/idakorea.ee\/product\/beauty-of-joseon-red-bean-water-gel-100ml\/#primaryimage"},"image":{"@id":"https:\/\/idakorea.ee\/product\/beauty-of-joseon-red-bean-water-gel-100ml\/#primaryimage"},"thumbnailUrl":"https:\/\/idakorea.ee\/wp-content\/uploads\/2026\/01\/Beauty-of-Joseon-Red-Bean-Water-Gel-idakorea.jpg","datePublished":"2026-01-03T12:58:14+00:00","dateModified":"2026-01-29T09:36:16+00:00","description":"Erinomainen kosteuttava geeli rasvaiselle ja sekaiholle. Se auttaa palauttamaan kosteustasapainon, normalisoi talirauhasten erityst\u00e4 ja ehk\u00e4isee rasvaisen kiillon muodostumista.","breadcrumb":{"@id":"https:\/\/idakorea.ee\/product\/beauty-of-joseon-red-bean-water-gel-100ml\/#breadcrumb"},"inLanguage":"fi","potentialAction":[{"@type":"ReadAction","target":["https:\/\/idakorea.ee\/product\/beauty-of-joseon-red-bean-water-gel-100ml\/"]}]},{"@type":"ImageObject","inLanguage":"fi","@id":"https:\/\/idakorea.ee\/product\/beauty-of-joseon-red-bean-water-gel-100ml\/#primaryimage","url":"https:\/\/idakorea.ee\/wp-content\/uploads\/2026\/01\/Beauty-of-Joseon-Red-Bean-Water-Gel-idakorea.jpg","contentUrl":"https:\/\/idakorea.ee\/wp-content\/uploads\/2026\/01\/Beauty-of-Joseon-Red-Bean-Water-Gel-idakorea.jpg","width":1000,"height":1000},{"@type":"BreadcrumbList","@id":"https:\/\/idakorea.ee\/product\/beauty-of-joseon-red-bean-water-gel-100ml\/#breadcrumb","itemListElement":[{"@type":"ListItem","position":1,"name":"\u0413\u043b\u0430\u0432\u043d\u0430\u044f \u0441\u0442\u0440\u0430\u043d\u0438\u0446\u0430","item":"https:\/\/idakorea.ee\/"},{"@type":"ListItem","position":2,"name":"Shop","item":"https:\/\/idakorea.ee\/shop-2\/"},{"@type":"ListItem","position":3,"name":"Niisutav n\u00e4ogeel Beauty of Joseon Red Bean Water Gel, 100ml"}]},{"@type":"WebSite","@id":"https:\/\/idakorea.ee\/#website","url":"https:\/\/idakorea.ee\/","name":"IDA.KOREA","description":"Korean kosmetiikan verkkokauppa","publisher":{"@id":"https:\/\/idakorea.ee\/#organization"},"alternateName":"Beauty Shop","potentialAction":[{"@type":"SearchAction","target":{"@type":"EntryPoint","urlTemplate":"https:\/\/idakorea.ee\/?s={search_term_string}"},"query-input":{"@type":"PropertyValueSpecification","valueRequired":true,"valueName":"search_term_string"}}],"inLanguage":"fi"},{"@type":"Organization","@id":"https:\/\/idakorea.ee\/#organization","name":"IDA.KOREA","url":"https:\/\/idakorea.ee\/","logo":{"@type":"ImageObject","inLanguage":"fi","@id":"https:\/\/idakorea.ee\/#\/schema\/logo\/image\/","url":"https:\/\/idakorea.ee\/wp-content\/uploads\/2024\/05\/cropped-korea3.png","contentUrl":"https:\/\/idakorea.ee\/wp-content\/uploads\/2024\/05\/cropped-korea3.png","width":688,"height":126,"caption":"IDA.KOREA"},"image":{"@id":"https:\/\/idakorea.ee\/#\/schema\/logo\/image\/"},"sameAs":["https:\/\/www.instagram.com\/ida.korea\/"]}]}},"jetpack_sharing_enabled":true,"brands":[{"id":880,"name":"JOSEONIN KAUNEUS","slug":"beauty-of-joseon"}],"_links":{"self":[{"href":"https:\/\/idakorea.ee\/fi\/wp-json\/wp\/v2\/product\/17035","targetHints":{"allow":["GET"]}}],"collection":[{"href":"https:\/\/idakorea.ee\/fi\/wp-json\/wp\/v2\/product"}],"about":[{"href":"https:\/\/idakorea.ee\/fi\/wp-json\/wp\/v2\/types\/product"}],"replies":[{"embeddable":true,"href":"https:\/\/idakorea.ee\/fi\/wp-json\/wp\/v2\/comments?post=17035"}],"version-history":[{"count":1,"href":"https:\/\/idakorea.ee\/fi\/wp-json\/wp\/v2\/product\/17035\/revisions"}],"predecessor-version":[{"id":17040,"href":"https:\/\/idakorea.ee\/fi\/wp-json\/wp\/v2\/product\/17035\/revisions\/17040"}],"wp:featuredmedia":[{"embeddable":true,"href":"https:\/\/idakorea.ee\/fi\/wp-json\/wp\/v2\/media\/17038"}],"wp:attachment":[{"href":"https:\/\/idakorea.ee\/fi\/wp-json\/wp\/v2\/media?parent=17035"}],"wp:term":[{"taxonomy":"pwb-brand","embeddable":true,"href":"https:\/\/idakorea.ee\/fi\/wp-json\/wp\/v2\/pwb-brand?post=17035"},{"taxonomy":"product_brand","embeddable":true,"href":"https:\/\/idakorea.ee\/fi\/wp-json\/wp\/v2\/product_brand?post=17035"},{"taxonomy":"product_cat","embeddable":true,"href":"https:\/\/idakorea.ee\/fi\/wp-json\/wp\/v2\/product_cat?post=17035"},{"taxonomy":"product_tag","embeddable":true,"href":"https:\/\/idakorea.ee\/fi\/wp-json\/wp\/v2\/product_tag?post=17035"}],"curies":[{"name":"wp","href":"https:\/\/api.w.org\/{rel}","templated":true}]}}