{"id":17053,"date":"2026-01-04T11:03:54","date_gmt":"2026-01-04T09:03:54","guid":{"rendered":"https:\/\/idakorea.ee\/?post_type=product&#038;p=17053"},"modified":"2026-04-09T11:30:56","modified_gmt":"2026-04-09T09:30:56","slug":"arencia-green-tea-lha-deep-pore-rice-cake-cleanser-150ml","status":"publish","type":"product","link":"https:\/\/idakorea.ee\/fi\/product\/arencia-green-tea-lha-deep-pore-rice-cake-cleanser-150ml\/","title":{"rendered":"Arencia Green Tea + LHA Deep Pore Rice Cake Cleanser, 150ml"},"content":{"rendered":"<p data-start=\"67\" data-end=\"318\"><strong data-start=\"67\" data-end=\"123\">Arencia Green Tea + LHA Deep Pore Rice Cake Cleanser<\/strong> on hapan puhdistusvaahto, joka poistaa likaa, puhdistaa ihohuokoset syv\u00e4lt\u00e4 ja imee ylim\u00e4\u00e4r\u00e4ist\u00e4 talia. Se tasoittaa ihon rakennetta ja pehment\u00e4\u00e4 sit\u00e4, normalisoi talirauhasten toimintaa ja auttaa ehk\u00e4isem\u00e4\u00e4n aknea.<\/p>\n<p data-start=\"320\" data-end=\"467\">Kuorii hell\u00e4varaisesti kuolleita ihosoluja ja tasoittaa mikroreliefi\u00e4. Auttaa v\u00e4hent\u00e4m\u00e4\u00e4n ihohuokosten n\u00e4kyvyytt\u00e4, kirkastaa talirauhasten toimintaa ja ehk\u00e4isee komedonien muodostumista.<\/p>\n<p data-start=\"469\" data-end=\"524\">Tuotteella on paksu koostumus, joka vaahtoaa joutuessaan kosketuksiin veden kanssa.<\/p>\n<p data-start=\"526\" data-end=\"550\"><strong data-start=\"526\" data-end=\"550\">T\u00e4rkeimm\u00e4t vaikuttavat aineet:<\/strong><\/p>\n<ul data-start=\"551\" data-end=\"1405\">\n<li data-start=\"551\" data-end=\"719\">\n<p data-start=\"553\" data-end=\"719\"><strong data-start=\"553\" data-end=\"576\">BHA (salisyylihappo)<\/strong> \u2013 normalisoi talirauhasten tuotantoa ja v\u00e4hent\u00e4\u00e4 rasvaista kiiltoa, liuottaa likaa ihohuokosista ja auttaa ehk\u00e4isem\u00e4\u00e4n mustap\u00e4iden ja komedonien muodostumista.<\/p>\n<\/li>\n<li data-start=\"720\" data-end=\"842\">\n<p data-start=\"722\" data-end=\"842\"><strong data-start=\"722\" data-end=\"729\">LHA<\/strong> \u2013 Hell\u00e4varaisempi BHA-hapon analogi, jonka suurempi molekyyli toimii hell\u00e4varaisemmin. Puhdistaa ihohuokoset ja kirkastaa talirauhasten toimintaa.<\/p>\n<\/li>\n<li data-start=\"843\" data-end=\"1009\">\n<p data-start=\"845\" data-end=\"1009\"><strong data-start=\"845\" data-end=\"858\">Bakuchiol<\/strong> \u2013 kasviper\u00e4inen ainesosa, jonka vaikutukset ovat samankaltaisia kuin retinolin: se stimuloi ihon uusiutumista ja tekee ihosta sile\u00e4mm\u00e4n ja tasaisemman aiheuttamatta \u00e4rsytyst\u00e4.<\/p>\n<\/li>\n<li data-start=\"1010\" data-end=\"1135\">\n<p data-start=\"1012\" data-end=\"1135\"><strong data-start=\"1012\" data-end=\"1037\">Vihre\u00e4n teen uute<\/strong> \u2013 sill\u00e4 on antioksidanttisia vaikutuksia ja se auttaa v\u00e4hent\u00e4m\u00e4\u00e4n vapaiden radikaalien aiheuttamia soluvaurioita.<\/p>\n<\/li>\n<li data-start=\"1136\" data-end=\"1245\">\n<p data-start=\"1138\" data-end=\"1245\"><strong data-start=\"1138\" data-end=\"1153\">Riisijauhe<\/strong> \u2013 kuorii hell\u00e4varaisesti, kirkastaa ja tasoittaa ihon s\u00e4vy\u00e4 sek\u00e4 auttaa v\u00e4hent\u00e4m\u00e4\u00e4n punoitusta.<\/p>\n<\/li>\n<li data-start=\"1246\" data-end=\"1405\">\n<p data-start=\"1248\" data-end=\"1405\"><strong data-start=\"1248\" data-end=\"1275\">Pantenoli (B5-vitamiini)<\/strong> \u2013 rauhoittaa punoitusta ja kutinaa, vahvistaa hydrolipidisuojaa, est\u00e4\u00e4 kosteuden haihtumista ja nopeuttaa ihon uudistumista.<\/p>\n<\/li>\n<\/ul>\n<p data-start=\"1407\" data-end=\"1437\">Sopii kaikille ihotyypeille.<\/p>\n<p data-start=\"1439\" data-end=\"1680\"><strong data-start=\"1439\" data-end=\"1454\">K\u00e4ytt\u00f6:<\/strong> Levit\u00e4 tarvittava m\u00e4\u00e4r\u00e4 tuotetta kuivalle iholle ja hiero. Lis\u00e4\u00e4 sitten hieman vett\u00e4 ja jatka hieromista, kunnes muodostuu vaahtoa. Huuhtele l\u00e4mpim\u00e4ll\u00e4 vedell\u00e4. Voidaan k\u00e4ytt\u00e4\u00e4 my\u00f6s puhdistusnaamiona \u2013 anna tuotteen vaikuttaa iholla 1\u20132 minuuttia.<\/p>","protected":false},"excerpt":{"rendered":"<p>Arencia Green Tea + LHA Deep Pore Rice Cake Cleanser on hapan puhdistusvaahto, joka poistaa likaa, puhdistaa ihohuokoset syv\u00e4lt\u00e4 ja imee ylim\u00e4\u00e4r\u00e4isen talinerityksen. Tasoittaa ihon rakennetta ja pehment\u00e4\u00e4 sit\u00e4, normalisoi talirauhasten toimintaa ja auttaa ehk\u00e4isem\u00e4\u00e4n aknen muodostumista. Kuorii hell\u00e4varaisesti kuolleita ihosoluja ja silottaa mikroreliefi\u00e4. Auttaa v\u00e4hent\u00e4m\u00e4\u00e4n ihohuokosten n\u00e4kyvyytt\u00e4, kirkastaa talirauhasia ja ehk\u00e4isee komedonien muodostumista. Tuotteella on paksu\u2026<\/p>","protected":false},"featured_media":17056,"comment_status":"open","ping_status":"closed","template":"","meta":{"_uf_show_specific_survey":0,"_uf_disable_surveys":false,"_bst_post_transparent":"default","_bst_post_title":"","_bst_post_layout":"default","_bst_post_sidebar_id":"","_bst_post_content_style":"default","_bst_post_vertical_padding":"default","_bst_post_feature":"","_bst_post_feature_position":"","_bst_post_header":false,"_bst_post_footer":false},"pwb-brand":[821],"product_brand":[],"product_cat":[92,452],"product_tag":[822,984,568,582,543],"class_list":{"0":"post-17053","1":"product","2":"type-product","3":"status-publish","4":"has-post-thumbnail","6":"pwb-brand-arencia","7":"product_cat-nagu","8":"product_cat-naopuhastusgeelid","9":"product_tag-arencia","10":"product_tag-bha","11":"product_tag-korea","12":"product_tag-lha","13":"product_tag-trend","15":"first","16":"instock","17":"sale","18":"shipping-taxable","19":"purchasable","20":"product-type-simple","21":"entry","22":"content-bg","23":"loop-entry"},"supplier_id":null,"supplier_sku":"","barcode":null,"atum_controlled":true,"out_stock_date":null,"out_stock_threshold":null,"inheritable":false,"inbound_stock":0,"stock_on_hold":0,"sold_today":0,"sales_last_days":0,"out_stock_days":0,"lost_sales":0,"has_location":false,"update_date":"2026-04-14T00:05:13","atum_locations":[],"atum_stock_status":"instock","restock_status":false,"low_stock_amount":"","sales_update_date":"2026-04-14T00:05:13","calc_backorders":null,"yoast_head":"<!-- This site is optimized with the Yoast SEO plugin v27.2 - https:\/\/yoast.com\/product\/yoast-seo-wordpress\/ -->\n<title>Arencia Green Tea + LHA Deep Pore Rice Cake Cleanser, 150ml - IDA.KOREA<\/title>\n<meta name=\"description\" content=\"Hapetega puhastusvaht, mis eemaldab mustuse, puhastab poore s\u00fcgavuti ja imab liigse rasu. \u00dchtlustab nahatekstuuri ja pehmendab. - Kiire tarne!\" \/>\n<meta name=\"robots\" content=\"index, follow, max-snippet:-1, max-image-preview:large, max-video-preview:-1\" \/>\n<link rel=\"canonical\" href=\"https:\/\/idakorea.ee\/fi\/product\/arencia-green-tea-lha-deep-pore-rice-cake-cleanser-150ml\/\" \/>\n<meta property=\"og:locale\" content=\"fi_FI\" \/>\n<meta property=\"og:type\" content=\"article\" \/>\n<meta property=\"og:title\" content=\"Arencia Green Tea + LHA Deep Pore Rice Cake Cleanser, 150ml - IDA.KOREA\" \/>\n<meta property=\"og:description\" content=\"Hapetega puhastusvaht, mis eemaldab mustuse, puhastab poore s\u00fcgavuti ja imab liigse rasu. \u00dchtlustab nahatekstuuri ja pehmendab. - Kiire tarne!\" \/>\n<meta property=\"og:url\" content=\"https:\/\/idakorea.ee\/fi\/product\/arencia-green-tea-lha-deep-pore-rice-cake-cleanser-150ml\/\" \/>\n<meta property=\"og:site_name\" content=\"IDA.KOREA\" \/>\n<meta property=\"article:modified_time\" content=\"2026-04-09T09:30:56+00:00\" \/>\n<meta property=\"og:image\" content=\"https:\/\/idakorea.ee\/wp-content\/uploads\/2026\/01\/Arencia-Green-Tea-LHA-Deep-Pore-Rice-Cake-Cleanser-idakorea.jpg\" \/>\n\t<meta property=\"og:image:width\" content=\"1000\" \/>\n\t<meta property=\"og:image:height\" content=\"1000\" \/>\n\t<meta property=\"og:image:type\" content=\"image\/jpeg\" \/>\n<meta name=\"twitter:card\" content=\"summary_large_image\" \/>\n<meta name=\"twitter:label1\" content=\"Arvioitu lukuaika\" \/>\n\t<meta name=\"twitter:data1\" content=\"2 minuuttia\" \/>\n<script type=\"application\/ld+json\" class=\"yoast-schema-graph\">{\"@context\":\"https:\/\/schema.org\",\"@graph\":[{\"@type\":\"WebPage\",\"@id\":\"https:\/\/idakorea.ee\/product\/arencia-green-tea-lha-deep-pore-rice-cake-cleanser-150ml\/\",\"url\":\"https:\/\/idakorea.ee\/product\/arencia-green-tea-lha-deep-pore-rice-cake-cleanser-150ml\/\",\"name\":\"Arencia Green Tea + LHA Deep Pore Rice Cake Cleanser, 150ml - IDA.KOREA\",\"isPartOf\":{\"@id\":\"https:\/\/idakorea.ee\/#website\"},\"primaryImageOfPage\":{\"@id\":\"https:\/\/idakorea.ee\/product\/arencia-green-tea-lha-deep-pore-rice-cake-cleanser-150ml\/#primaryimage\"},\"image\":{\"@id\":\"https:\/\/idakorea.ee\/product\/arencia-green-tea-lha-deep-pore-rice-cake-cleanser-150ml\/#primaryimage\"},\"thumbnailUrl\":\"https:\/\/idakorea.ee\/wp-content\/uploads\/2026\/01\/Arencia-Green-Tea-LHA-Deep-Pore-Rice-Cake-Cleanser-idakorea.jpg\",\"datePublished\":\"2026-01-04T09:03:54+00:00\",\"dateModified\":\"2026-04-09T09:30:56+00:00\",\"description\":\"Hapetega puhastusvaht, mis eemaldab mustuse, puhastab poore s\u00fcgavuti ja imab liigse rasu. \u00dchtlustab nahatekstuuri ja pehmendab. - Kiire tarne!\",\"breadcrumb\":{\"@id\":\"https:\/\/idakorea.ee\/product\/arencia-green-tea-lha-deep-pore-rice-cake-cleanser-150ml\/#breadcrumb\"},\"inLanguage\":\"fi\",\"potentialAction\":[{\"@type\":\"ReadAction\",\"target\":[\"https:\/\/idakorea.ee\/product\/arencia-green-tea-lha-deep-pore-rice-cake-cleanser-150ml\/\"]}]},{\"@type\":\"ImageObject\",\"inLanguage\":\"fi\",\"@id\":\"https:\/\/idakorea.ee\/product\/arencia-green-tea-lha-deep-pore-rice-cake-cleanser-150ml\/#primaryimage\",\"url\":\"https:\/\/idakorea.ee\/wp-content\/uploads\/2026\/01\/Arencia-Green-Tea-LHA-Deep-Pore-Rice-Cake-Cleanser-idakorea.jpg\",\"contentUrl\":\"https:\/\/idakorea.ee\/wp-content\/uploads\/2026\/01\/Arencia-Green-Tea-LHA-Deep-Pore-Rice-Cake-Cleanser-idakorea.jpg\",\"width\":1000,\"height\":1000},{\"@type\":\"BreadcrumbList\",\"@id\":\"https:\/\/idakorea.ee\/product\/arencia-green-tea-lha-deep-pore-rice-cake-cleanser-150ml\/#breadcrumb\",\"itemListElement\":[{\"@type\":\"ListItem\",\"position\":1,\"name\":\"\u0413\u043b\u0430\u0432\u043d\u0430\u044f \u0441\u0442\u0440\u0430\u043d\u0438\u0446\u0430\",\"item\":\"https:\/\/idakorea.ee\/\"},{\"@type\":\"ListItem\",\"position\":2,\"name\":\"Shop\",\"item\":\"https:\/\/idakorea.ee\/shop-2\/\"},{\"@type\":\"ListItem\",\"position\":3,\"name\":\"Hapetega puhastusvaht Arencia Green Tea + LHA Deep Pore Rice Cake Cleanser, 150ml\"}]},{\"@type\":\"WebSite\",\"@id\":\"https:\/\/idakorea.ee\/#website\",\"url\":\"https:\/\/idakorea.ee\/\",\"name\":\"IDA.KOREA\",\"description\":\"Korea kosmeetika e-pood\",\"publisher\":{\"@id\":\"https:\/\/idakorea.ee\/#organization\"},\"alternateName\":\"Beauty Shop\",\"potentialAction\":[{\"@type\":\"SearchAction\",\"target\":{\"@type\":\"EntryPoint\",\"urlTemplate\":\"https:\/\/idakorea.ee\/?s={search_term_string}\"},\"query-input\":{\"@type\":\"PropertyValueSpecification\",\"valueRequired\":true,\"valueName\":\"search_term_string\"}}],\"inLanguage\":\"fi\"},{\"@type\":\"Organization\",\"@id\":\"https:\/\/idakorea.ee\/#organization\",\"name\":\"IDA.KOREA\",\"url\":\"https:\/\/idakorea.ee\/\",\"logo\":{\"@type\":\"ImageObject\",\"inLanguage\":\"fi\",\"@id\":\"https:\/\/idakorea.ee\/#\/schema\/logo\/image\/\",\"url\":\"https:\/\/idakorea.ee\/wp-content\/uploads\/2024\/05\/cropped-korea3.png\",\"contentUrl\":\"https:\/\/idakorea.ee\/wp-content\/uploads\/2024\/05\/cropped-korea3.png\",\"width\":688,\"height\":126,\"caption\":\"IDA.KOREA\"},\"image\":{\"@id\":\"https:\/\/idakorea.ee\/#\/schema\/logo\/image\/\"},\"sameAs\":[\"https:\/\/www.instagram.com\/ida.korea\/\"]}]}<\/script>\n<!-- \/ Yoast SEO plugin. -->","yoast_head_json":{"title":"Arencia Green Tea + LHA syv\u00e4puhdistava riisikakkupuhdistusaine, 150ml - IDA.KOREA","description":"Happoja sis\u00e4lt\u00e4v\u00e4 puhdistusvaahto, joka poistaa likaa, puhdistaa ihohuokoset syv\u00e4lt\u00e4 ja imee ylim\u00e4\u00e4r\u00e4ist\u00e4 talia. Tasoittaa ihon rakennetta ja pehment\u00e4\u00e4. - Nopea toimitus!","robots":{"index":"index","follow":"follow","max-snippet":"max-snippet:-1","max-image-preview":"max-image-preview:large","max-video-preview":"max-video-preview:-1"},"canonical":"https:\/\/idakorea.ee\/fi\/product\/arencia-green-tea-lha-deep-pore-rice-cake-cleanser-150ml\/","og_locale":"fi_FI","og_type":"article","og_title":"Arencia Green Tea + LHA Deep Pore Rice Cake Cleanser, 150ml - IDA.KOREA","og_description":"Hapetega puhastusvaht, mis eemaldab mustuse, puhastab poore s\u00fcgavuti ja imab liigse rasu. \u00dchtlustab nahatekstuuri ja pehmendab. - Kiire tarne!","og_url":"https:\/\/idakorea.ee\/fi\/product\/arencia-green-tea-lha-deep-pore-rice-cake-cleanser-150ml\/","og_site_name":"IDA.KOREA","article_modified_time":"2026-04-09T09:30:56+00:00","og_image":[{"width":1000,"height":1000,"url":"https:\/\/idakorea.ee\/wp-content\/uploads\/2026\/01\/Arencia-Green-Tea-LHA-Deep-Pore-Rice-Cake-Cleanser-idakorea.jpg","type":"image\/jpeg"}],"twitter_card":"summary_large_image","twitter_misc":{"Arvioitu lukuaika":"2 minuuttia"},"schema":{"@context":"https:\/\/schema.org","@graph":[{"@type":"WebPage","@id":"https:\/\/idakorea.ee\/product\/arencia-green-tea-lha-deep-pore-rice-cake-cleanser-150ml\/","url":"https:\/\/idakorea.ee\/product\/arencia-green-tea-lha-deep-pore-rice-cake-cleanser-150ml\/","name":"Arencia Green Tea + LHA syv\u00e4puhdistava riisikakkupuhdistusaine, 150ml - IDA.KOREA","isPartOf":{"@id":"https:\/\/idakorea.ee\/#website"},"primaryImageOfPage":{"@id":"https:\/\/idakorea.ee\/product\/arencia-green-tea-lha-deep-pore-rice-cake-cleanser-150ml\/#primaryimage"},"image":{"@id":"https:\/\/idakorea.ee\/product\/arencia-green-tea-lha-deep-pore-rice-cake-cleanser-150ml\/#primaryimage"},"thumbnailUrl":"https:\/\/idakorea.ee\/wp-content\/uploads\/2026\/01\/Arencia-Green-Tea-LHA-Deep-Pore-Rice-Cake-Cleanser-idakorea.jpg","datePublished":"2026-01-04T09:03:54+00:00","dateModified":"2026-04-09T09:30:56+00:00","description":"Happoja sis\u00e4lt\u00e4v\u00e4 puhdistusvaahto, joka poistaa likaa, puhdistaa ihohuokoset syv\u00e4lt\u00e4 ja imee ylim\u00e4\u00e4r\u00e4ist\u00e4 talia. Tasoittaa ihon rakennetta ja pehment\u00e4\u00e4. - Nopea toimitus!","breadcrumb":{"@id":"https:\/\/idakorea.ee\/product\/arencia-green-tea-lha-deep-pore-rice-cake-cleanser-150ml\/#breadcrumb"},"inLanguage":"fi","potentialAction":[{"@type":"ReadAction","target":["https:\/\/idakorea.ee\/product\/arencia-green-tea-lha-deep-pore-rice-cake-cleanser-150ml\/"]}]},{"@type":"ImageObject","inLanguage":"fi","@id":"https:\/\/idakorea.ee\/product\/arencia-green-tea-lha-deep-pore-rice-cake-cleanser-150ml\/#primaryimage","url":"https:\/\/idakorea.ee\/wp-content\/uploads\/2026\/01\/Arencia-Green-Tea-LHA-Deep-Pore-Rice-Cake-Cleanser-idakorea.jpg","contentUrl":"https:\/\/idakorea.ee\/wp-content\/uploads\/2026\/01\/Arencia-Green-Tea-LHA-Deep-Pore-Rice-Cake-Cleanser-idakorea.jpg","width":1000,"height":1000},{"@type":"BreadcrumbList","@id":"https:\/\/idakorea.ee\/product\/arencia-green-tea-lha-deep-pore-rice-cake-cleanser-150ml\/#breadcrumb","itemListElement":[{"@type":"ListItem","position":1,"name":"\u0413\u043b\u0430\u0432\u043d\u0430\u044f \u0441\u0442\u0440\u0430\u043d\u0438\u0446\u0430","item":"https:\/\/idakorea.ee\/"},{"@type":"ListItem","position":2,"name":"Shop","item":"https:\/\/idakorea.ee\/shop-2\/"},{"@type":"ListItem","position":3,"name":"Hapetega puhastusvaht Arencia Green Tea + LHA Deep Pore Rice Cake Cleanser, 150ml"}]},{"@type":"WebSite","@id":"https:\/\/idakorea.ee\/#website","url":"https:\/\/idakorea.ee\/","name":"IDA.KOREA","description":"Korean kosmetiikan verkkokauppa","publisher":{"@id":"https:\/\/idakorea.ee\/#organization"},"alternateName":"Beauty Shop","potentialAction":[{"@type":"SearchAction","target":{"@type":"EntryPoint","urlTemplate":"https:\/\/idakorea.ee\/?s={search_term_string}"},"query-input":{"@type":"PropertyValueSpecification","valueRequired":true,"valueName":"search_term_string"}}],"inLanguage":"fi"},{"@type":"Organization","@id":"https:\/\/idakorea.ee\/#organization","name":"IDA.KOREA","url":"https:\/\/idakorea.ee\/","logo":{"@type":"ImageObject","inLanguage":"fi","@id":"https:\/\/idakorea.ee\/#\/schema\/logo\/image\/","url":"https:\/\/idakorea.ee\/wp-content\/uploads\/2024\/05\/cropped-korea3.png","contentUrl":"https:\/\/idakorea.ee\/wp-content\/uploads\/2024\/05\/cropped-korea3.png","width":688,"height":126,"caption":"IDA.KOREA"},"image":{"@id":"https:\/\/idakorea.ee\/#\/schema\/logo\/image\/"},"sameAs":["https:\/\/www.instagram.com\/ida.korea\/"]}]}},"jetpack_sharing_enabled":true,"brands":[{"id":821,"name":"ARENCIA","slug":"arencia"}],"_links":{"self":[{"href":"https:\/\/idakorea.ee\/fi\/wp-json\/wp\/v2\/product\/17053","targetHints":{"allow":["GET"]}}],"collection":[{"href":"https:\/\/idakorea.ee\/fi\/wp-json\/wp\/v2\/product"}],"about":[{"href":"https:\/\/idakorea.ee\/fi\/wp-json\/wp\/v2\/types\/product"}],"replies":[{"embeddable":true,"href":"https:\/\/idakorea.ee\/fi\/wp-json\/wp\/v2\/comments?post=17053"}],"version-history":[{"count":2,"href":"https:\/\/idakorea.ee\/fi\/wp-json\/wp\/v2\/product\/17053\/revisions"}],"predecessor-version":[{"id":18413,"href":"https:\/\/idakorea.ee\/fi\/wp-json\/wp\/v2\/product\/17053\/revisions\/18413"}],"wp:featuredmedia":[{"embeddable":true,"href":"https:\/\/idakorea.ee\/fi\/wp-json\/wp\/v2\/media\/17056"}],"wp:attachment":[{"href":"https:\/\/idakorea.ee\/fi\/wp-json\/wp\/v2\/media?parent=17053"}],"wp:term":[{"taxonomy":"pwb-brand","embeddable":true,"href":"https:\/\/idakorea.ee\/fi\/wp-json\/wp\/v2\/pwb-brand?post=17053"},{"taxonomy":"product_brand","embeddable":true,"href":"https:\/\/idakorea.ee\/fi\/wp-json\/wp\/v2\/product_brand?post=17053"},{"taxonomy":"product_cat","embeddable":true,"href":"https:\/\/idakorea.ee\/fi\/wp-json\/wp\/v2\/product_cat?post=17053"},{"taxonomy":"product_tag","embeddable":true,"href":"https:\/\/idakorea.ee\/fi\/wp-json\/wp\/v2\/product_tag?post=17053"}],"curies":[{"name":"wp","href":"https:\/\/api.w.org\/{rel}","templated":true}]}}